{"id":36455,"date":"2026-05-03T13:26:21","date_gmt":"2026-05-03T11:26:21","guid":{"rendered":"https:\/\/dizalica.hr\/nekategorizirano\/teleskopski-kranski-podaljsek-za-vilicarje-konzola-3726-mm\/"},"modified":"2026-05-04T03:28:47","modified_gmt":"2026-05-04T01:28:47","slug":"teleskopski-kranski-podaljsek-za-vilicarje-konzola-3726-mm","status":"publish","type":"product","link":"https:\/\/dizalica.hr\/sl\/adapterji-za-vilicar\/teleskopski-kranski-podaljsek-za-vilicarje-konzola-3726-mm\/","title":{"rendered":"Teleskopski kranski podalj\u0161ek za vili\u010darje \u2013 konzola 3726 mm"},"content":{"rendered":"\t\t<div data-elementor-type=\"product-post\" data-elementor-id=\"36455\" class=\"elementor elementor-36455 elementor-6183\" data-elementor-post-type=\"product\">\n\t\t\t\t<div class=\"elementor-element elementor-element-16aee0f6 e-flex e-con-boxed e-con e-parent\" data-id=\"16aee0f6\" data-element_type=\"container\" data-e-type=\"container\">\n\t\t\t\t\t<div class=\"e-con-inner\">\n\t\t<div class=\"elementor-element elementor-element-18e6709 e-con-full e-flex e-con e-child\" data-id=\"18e6709\" data-element_type=\"container\" data-e-type=\"container\">\n\t\t\t\t<div class=\"elementor-element elementor-element-b3a73e0 elementor-widget elementor-widget-heading\" data-id=\"b3a73e0\" data-element_type=\"widget\" data-e-type=\"widget\" data-widget_type=\"heading.default\">\n\t\t\t\t<div class=\"elementor-widget-container\">\n\t\t\t\t\t<h2 class=\"elementor-heading-title elementor-size-default\">Dvigalni priklju\u010dek za vili\u010dar<\/h2>\t\t\t\t<\/div>\n\t\t\t\t<\/div>\n\t\t\t\t<div class=\"elementor-element elementor-element-307aa41 elementor-widget elementor-widget-text-editor\" data-id=\"307aa41\" data-element_type=\"widget\" data-e-type=\"widget\" data-widget_type=\"text-editor.default\">\n\t\t\t\t<div class=\"elementor-widget-container\">\n\t\t\t\t\t\t\t\t\t<div class=\"nabrajanje\"><strong>Teleskopski kranski nastavek konzola 3726 \u2013 654 kg<\/strong> spremeni vili\u010darja v varno in vsestransko kransko dvigalo za dviganje in prenos te\u017eko dostopnih bremen. Nastavljiva dol\u017eina v <strong>14 korakih<\/strong> (od <strong>690 mm<\/strong> do <strong>3726 mm<\/strong>) ter trije koti nagiba omogo\u010dajo natan\u010dno pozicioniranje bremena v gradbeni\u0161tvu, monta\u017ei in industrijski logistiki. Konstrukcija je izdelana iz visokotrdnega jekla in ima oznako CE v skladu z normo <strong>EN 13155<\/strong>.<\/div>\t\t\t\t\t\t\t\t<\/div>\n\t\t\t\t<\/div>\n\t\t\t\t<div class=\"elementor-element elementor-element-30cc4e1 elementor-widget elementor-widget-image\" data-id=\"30cc4e1\" data-element_type=\"widget\" data-e-type=\"widget\" data-widget_type=\"image.default\">\n\t\t\t\t<div class=\"elementor-widget-container\">\n\t\t\t\t\t\t\t\t\t\t\t\t\t\t\t<img fetchpriority=\"high\" decoding=\"async\" width=\"1024\" height=\"538\" src=\"https:\/\/dizalica.hr\/wp-content\/uploads\/2024\/09\/kranski_nastavak_za_vilicar-1024x538.avif\" class=\"attachment-large size-large wp-image-26446\" alt=\"Kranski nastavak za vili\u010dar\" srcset=\"https:\/\/dizalica.hr\/wp-content\/uploads\/2024\/09\/kranski_nastavak_za_vilicar-1024x538.avif 1024w, https:\/\/dizalica.hr\/wp-content\/uploads\/2024\/09\/kranski_nastavak_za_vilicar-300x158.avif 300w, https:\/\/dizalica.hr\/wp-content\/uploads\/2024\/09\/kranski_nastavak_za_vilicar-768x403.avif 768w, https:\/\/dizalica.hr\/wp-content\/uploads\/2024\/09\/kranski_nastavak_za_vilicar-600x315.avif 600w, https:\/\/dizalica.hr\/wp-content\/uploads\/2024\/09\/kranski_nastavak_za_vilicar-1x1.avif 1w, https:\/\/dizalica.hr\/wp-content\/uploads\/2024\/09\/kranski_nastavak_za_vilicar-10x5.avif 10w, https:\/\/dizalica.hr\/wp-content\/uploads\/2024\/09\/kranski_nastavak_za_vilicar.avif 1200w\" sizes=\"(max-width: 1024px) 100vw, 1024px\" loading=\"eager\" \/>\t\t\t\t\t\t\t\t\t\t\t\t\t\t\t<\/div>\n\t\t\t\t<\/div>\n\t\t\t\t<div class=\"elementor-element elementor-element-00a211e elementor-widget elementor-widget-text-editor\" data-id=\"00a211e\" data-element_type=\"widget\" data-e-type=\"widget\" data-widget_type=\"text-editor.default\">\n\t\t\t\t<div class=\"elementor-widget-container\">\n\t\t\t\t\t\t\t\t\t<h3 class=\"nabrajanje\">Tabela obremenitev<\/h3><div class=\"nabrajanje\">Nosilnost se razlikuje glede na polo\u017eaj in dol\u017eino dvigala; kraj\u0161i polo\u017eaji omogo\u010dajo ve\u010djo nosilnost. Pred uporabo vedno preverite celoten tehni\u010dni list in tabelo obremenitev.<\/div>\t\t\t\t\t\t\t\t<\/div>\n\t\t\t\t<\/div>\n\t\t\t\t<div class=\"elementor-element elementor-element-adfe180 elementor-widget elementor-widget-text-editor\" data-id=\"adfe180\" data-element_type=\"widget\" data-e-type=\"widget\" data-widget_type=\"text-editor.default\">\n\t\t\t\t<div class=\"elementor-widget-container\">\n\t\t\t\t\t\t\t\t\t<h3>Varnost in vzdr\u017eevanje<\/h3><p>Pred uporabo preverite nosilnost va\u0161ega vili\u010darja in jo uskladite s tabelo obremenitev. Redno izvajajte vizualne preglede, preverjanje varjenih spojev ter za\u0161\u010dito pred korozijo. Ne prekora\u010dite priporo\u010denih vrednosti in upo\u0161tevajte navodila proizvajalca.<\/p>\t\t\t\t\t\t\t\t<\/div>\n\t\t\t\t<\/div>\n\t\t<div class=\"elementor-element elementor-element-44ec3e6 e-con-full e-flex e-con e-child\" data-id=\"44ec3e6\" data-element_type=\"container\" data-e-type=\"container\">\n\t\t\t\t<div class=\"elementor-element elementor-element-621eacb elementor-widget elementor-widget-text-editor\" data-id=\"621eacb\" data-element_type=\"widget\" data-e-type=\"widget\" data-widget_type=\"text-editor.default\">\n\t\t\t\t<div class=\"elementor-widget-container\">\n\t\t\t\t\t\t\t\t\t<h3>Najpogostej\u0161a vpra\u0161anja<\/h3>\t\t\t\t\t\t\t\t<\/div>\n\t\t\t\t<\/div>\n\t\t\t\t<div class=\"elementor-element elementor-element-e8b598f elementor-widget elementor-widget-n-accordion\" data-id=\"e8b598f\" data-element_type=\"widget\" data-e-type=\"widget\" data-settings=\"{&quot;default_state&quot;:&quot;all_collapsed&quot;,&quot;n_accordion_animation_duration&quot;:{&quot;unit&quot;:&quot;ms&quot;,&quot;size&quot;:200,&quot;sizes&quot;:[]},&quot;max_items_expended&quot;:&quot;one&quot;}\" data-widget_type=\"nested-accordion.default\">\n\t\t\t\t<div class=\"elementor-widget-container\">\n\t\t\t\t\t\t\t<div class=\"e-n-accordion\" aria-label=\"Accordion. Open links with Enter or Space, close with Escape, and navigate with Arrow Keys\">\n\t\t\t\t\t\t<details id=\"e-n-accordion-item-2440\" class=\"e-n-accordion-item\" >\n\t\t\t\t<summary class=\"e-n-accordion-item-title\" data-accordion-index=\"1\" tabindex=\"0\" aria-expanded=\"false\" aria-controls=\"e-n-accordion-item-2440\" >\n\t\t\t\t\t<span class='e-n-accordion-item-title-header'><h3 class=\"e-n-accordion-item-title-text\"> Kak\u0161na je najve\u010dja dol\u017eina dvigala? <\/h3><\/span>\n\t\t\t\t\t\t\t<span class='e-n-accordion-item-title-icon'>\n\t\t\t<span class='e-opened' ><svg aria-hidden=\"true\" class=\"e-font-icon-svg e-fas-minus\" viewBox=\"0 0 448 512\" xmlns=\"http:\/\/www.w3.org\/2000\/svg\"><path d=\"M416 208H32c-17.67 0-32 14.33-32 32v32c0 17.67 14.33 32 32 32h384c17.67 0 32-14.33 32-32v-32c0-17.67-14.33-32-32-32z\"><\/path><\/svg><\/span>\n\t\t\t<span class='e-closed'><svg aria-hidden=\"true\" class=\"e-font-icon-svg e-fas-plus\" viewBox=\"0 0 448 512\" xmlns=\"http:\/\/www.w3.org\/2000\/svg\"><path d=\"M416 208H272V64c0-17.67-14.33-32-32-32h-32c-17.67 0-32 14.33-32 32v144H32c-17.67 0-32 14.33-32 32v32c0 17.67 14.33 32 32 32h144v144c0 17.67 14.33 32 32 32h32c17.67 0 32-14.33 32-32V304h144c17.67 0 32-14.33 32-32v-32c0-17.67-14.33-32-32-32z\"><\/path><\/svg><\/span>\n\t\t<\/span>\n\n\t\t\t\t\t\t<\/summary>\n\t\t\t\t<div role=\"region\" aria-labelledby=\"e-n-accordion-item-2440\" class=\"elementor-element elementor-element-eb3133d e-con-full e-flex e-con e-child\" data-id=\"eb3133d\" data-element_type=\"container\" data-e-type=\"container\">\n\t\t\t\t<div class=\"elementor-element elementor-element-81c6d27 elementor-widget elementor-widget-text-editor\" data-id=\"81c6d27\" data-element_type=\"widget\" data-e-type=\"widget\" data-widget_type=\"text-editor.default\">\n\t\t\t\t<div class=\"elementor-widget-container\">\n\t\t\t\t\t\t\t\t\t<p>Maksimalna dol\u017eina je 3726 mm.<\/p>\t\t\t\t\t\t\t\t<\/div>\n\t\t\t\t<\/div>\n\t\t\t\t<\/div>\n\t\t\t\t\t<\/details>\n\t\t\t\t\t\t<details id=\"e-n-accordion-item-2441\" class=\"e-n-accordion-item\" >\n\t\t\t\t<summary class=\"e-n-accordion-item-title\" data-accordion-index=\"2\" tabindex=\"-1\" aria-expanded=\"false\" aria-controls=\"e-n-accordion-item-2441\" >\n\t\t\t\t\t<span class='e-n-accordion-item-title-header'><h3 class=\"e-n-accordion-item-title-text\"> Kak\u0161na je nosilnost? <\/h3><\/span>\n\t\t\t\t\t\t\t<span class='e-n-accordion-item-title-icon'>\n\t\t\t<span class='e-opened' ><svg aria-hidden=\"true\" class=\"e-font-icon-svg e-fas-minus\" viewBox=\"0 0 448 512\" xmlns=\"http:\/\/www.w3.org\/2000\/svg\"><path d=\"M416 208H32c-17.67 0-32 14.33-32 32v32c0 17.67 14.33 32 32 32h384c17.67 0 32-14.33 32-32v-32c0-17.67-14.33-32-32-32z\"><\/path><\/svg><\/span>\n\t\t\t<span class='e-closed'><svg aria-hidden=\"true\" class=\"e-font-icon-svg e-fas-plus\" viewBox=\"0 0 448 512\" xmlns=\"http:\/\/www.w3.org\/2000\/svg\"><path d=\"M416 208H272V64c0-17.67-14.33-32-32-32h-32c-17.67 0-32 14.33-32 32v144H32c-17.67 0-32 14.33-32 32v32c0 17.67 14.33 32 32 32h144v144c0 17.67 14.33 32 32 32h32c17.67 0 32-14.33 32-32V304h144c17.67 0 32-14.33 32-32v-32c0-17.67-14.33-32-32-32z\"><\/path><\/svg><\/span>\n\t\t<\/span>\n\n\t\t\t\t\t\t<\/summary>\n\t\t\t\t<div role=\"region\" aria-labelledby=\"e-n-accordion-item-2441\" class=\"elementor-element elementor-element-33d6468 e-con-full e-flex e-con e-child\" data-id=\"33d6468\" data-element_type=\"container\" data-e-type=\"container\">\n\t\t\t\t<div class=\"elementor-element elementor-element-7441380 elementor-widget elementor-widget-text-editor\" data-id=\"7441380\" data-element_type=\"widget\" data-e-type=\"widget\" data-widget_type=\"text-editor.default\">\n\t\t\t\t<div class=\"elementor-widget-container\">\n\t\t\t\t\t\t\t\t\t<p>Nosilnost do 3127 kg, odvisno od polo\u017eaja; na skrajnem polo\u017eaju na primer 654 kg. Vedno preverite tabelo obremenitev.<\/p>\t\t\t\t\t\t\t\t<\/div>\n\t\t\t\t<\/div>\n\t\t\t\t<\/div>\n\t\t\t\t\t<\/details>\n\t\t\t\t\t\t<details id=\"e-n-accordion-item-2442\" class=\"e-n-accordion-item\" >\n\t\t\t\t<summary class=\"e-n-accordion-item-title\" data-accordion-index=\"3\" tabindex=\"-1\" aria-expanded=\"false\" aria-controls=\"e-n-accordion-item-2442\" >\n\t\t\t\t\t<span class='e-n-accordion-item-title-header'><h3 class=\"e-n-accordion-item-title-text\"> Kateri standardi so izpolnjeni? <\/h3><\/span>\n\t\t\t\t\t\t\t<span class='e-n-accordion-item-title-icon'>\n\t\t\t<span class='e-opened' ><svg aria-hidden=\"true\" class=\"e-font-icon-svg e-fas-minus\" viewBox=\"0 0 448 512\" xmlns=\"http:\/\/www.w3.org\/2000\/svg\"><path d=\"M416 208H32c-17.67 0-32 14.33-32 32v32c0 17.67 14.33 32 32 32h384c17.67 0 32-14.33 32-32v-32c0-17.67-14.33-32-32-32z\"><\/path><\/svg><\/span>\n\t\t\t<span class='e-closed'><svg aria-hidden=\"true\" class=\"e-font-icon-svg e-fas-plus\" viewBox=\"0 0 448 512\" xmlns=\"http:\/\/www.w3.org\/2000\/svg\"><path d=\"M416 208H272V64c0-17.67-14.33-32-32-32h-32c-17.67 0-32 14.33-32 32v144H32c-17.67 0-32 14.33-32 32v32c0 17.67 14.33 32 32 32h144v144c0 17.67 14.33 32 32 32h32c17.67 0 32-14.33 32-32V304h144c17.67 0 32-14.33 32-32v-32c0-17.67-14.33-32-32-32z\"><\/path><\/svg><\/span>\n\t\t<\/span>\n\n\t\t\t\t\t\t<\/summary>\n\t\t\t\t<div role=\"region\" aria-labelledby=\"e-n-accordion-item-2442\" class=\"elementor-element elementor-element-fde8ca6 e-con-full e-flex e-con e-child\" data-id=\"fde8ca6\" data-element_type=\"container\" data-e-type=\"container\">\n\t\t\t\t<div class=\"elementor-element elementor-element-7a18268 elementor-widget elementor-widget-text-editor\" data-id=\"7a18268\" data-element_type=\"widget\" data-e-type=\"widget\" data-widget_type=\"text-editor.default\">\n\t\t\t\t<div class=\"elementor-widget-container\">\n\t\t\t\t\t\t\t\t\t<p>Izdelek ima oznako CE in je izdelan v skladu z normo EN 13155.<\/p>\t\t\t\t\t\t\t\t<\/div>\n\t\t\t\t<\/div>\n\t\t\t\t<\/div>\n\t\t\t\t\t<\/details>\n\t\t\t\t\t\t<details id=\"e-n-accordion-item-2443\" class=\"e-n-accordion-item\" >\n\t\t\t\t<summary class=\"e-n-accordion-item-title\" data-accordion-index=\"4\" tabindex=\"-1\" aria-expanded=\"false\" aria-controls=\"e-n-accordion-item-2443\" >\n\t\t\t\t\t<span class='e-n-accordion-item-title-header'><h3 class=\"e-n-accordion-item-title-text\"> Kako preveriti zdru\u017eljivost z mojim vili\u010darjem? <\/h3><\/span>\n\t\t\t\t\t\t\t<span class='e-n-accordion-item-title-icon'>\n\t\t\t<span class='e-opened' ><svg aria-hidden=\"true\" class=\"e-font-icon-svg e-fas-minus\" viewBox=\"0 0 448 512\" xmlns=\"http:\/\/www.w3.org\/2000\/svg\"><path d=\"M416 208H32c-17.67 0-32 14.33-32 32v32c0 17.67 14.33 32 32 32h384c17.67 0 32-14.33 32-32v-32c0-17.67-14.33-32-32-32z\"><\/path><\/svg><\/span>\n\t\t\t<span class='e-closed'><svg aria-hidden=\"true\" class=\"e-font-icon-svg e-fas-plus\" viewBox=\"0 0 448 512\" xmlns=\"http:\/\/www.w3.org\/2000\/svg\"><path d=\"M416 208H272V64c0-17.67-14.33-32-32-32h-32c-17.67 0-32 14.33-32 32v144H32c-17.67 0-32 14.33-32 32v32c0 17.67 14.33 32 32 32h144v144c0 17.67 14.33 32 32 32h32c17.67 0 32-14.33 32-32V304h144c17.67 0 32-14.33 32-32v-32c0-17.67-14.33-32-32-32z\"><\/path><\/svg><\/span>\n\t\t<\/span>\n\n\t\t\t\t\t\t<\/summary>\n\t\t\t\t<div role=\"region\" aria-labelledby=\"e-n-accordion-item-2443\" class=\"elementor-element elementor-element-a7e9b8c e-con-full e-flex e-con e-child\" data-id=\"a7e9b8c\" data-element_type=\"container\" data-e-type=\"container\">\n\t\t\t\t<div class=\"elementor-element elementor-element-833eede elementor-widget elementor-widget-text-editor\" data-id=\"833eede\" data-element_type=\"widget\" data-e-type=\"widget\" data-widget_type=\"text-editor.default\">\n\t\t\t\t<div class=\"elementor-widget-container\">\n\t\t\t\t\t\t\t\t\t<p>Preverite dimenzije tunela za vilice, razdaljo med vilicami in nosilnost vili\u010darja ter jih primerjajte s specifikacijami izdelka.<\/p>\t\t\t\t\t\t\t\t<\/div>\n\t\t\t\t<\/div>\n\t\t\t\t<\/div>\n\t\t\t\t\t<\/details>\n\t\t\t\t\t\t<details id=\"e-n-accordion-item-2444\" class=\"e-n-accordion-item\" >\n\t\t\t\t<summary class=\"e-n-accordion-item-title\" data-accordion-index=\"5\" tabindex=\"-1\" aria-expanded=\"false\" aria-controls=\"e-n-accordion-item-2444\" >\n\t\t\t\t\t<span class='e-n-accordion-item-title-header'><h3 class=\"e-n-accordion-item-title-text\"> Koliko \u010dasa traja dostava? <\/h3><\/span>\n\t\t\t\t\t\t\t<span class='e-n-accordion-item-title-icon'>\n\t\t\t<span class='e-opened' ><svg aria-hidden=\"true\" class=\"e-font-icon-svg e-fas-minus\" viewBox=\"0 0 448 512\" xmlns=\"http:\/\/www.w3.org\/2000\/svg\"><path d=\"M416 208H32c-17.67 0-32 14.33-32 32v32c0 17.67 14.33 32 32 32h384c17.67 0 32-14.33 32-32v-32c0-17.67-14.33-32-32-32z\"><\/path><\/svg><\/span>\n\t\t\t<span class='e-closed'><svg aria-hidden=\"true\" class=\"e-font-icon-svg e-fas-plus\" viewBox=\"0 0 448 512\" xmlns=\"http:\/\/www.w3.org\/2000\/svg\"><path d=\"M416 208H272V64c0-17.67-14.33-32-32-32h-32c-17.67 0-32 14.33-32 32v144H32c-17.67 0-32 14.33-32 32v32c0 17.67 14.33 32 32 32h144v144c0 17.67 14.33 32 32 32h32c17.67 0 32-14.33 32-32V304h144c17.67 0 32-14.33 32-32v-32c0-17.67-14.33-32-32-32z\"><\/path><\/svg><\/span>\n\t\t<\/span>\n\n\t\t\t\t\t\t<\/summary>\n\t\t\t\t<div role=\"region\" aria-labelledby=\"e-n-accordion-item-2444\" class=\"elementor-element elementor-element-db85c89 e-con-full e-flex e-con e-child\" data-id=\"db85c89\" data-element_type=\"container\" data-e-type=\"container\">\n\t\t\t\t<div class=\"elementor-element elementor-element-12c6bd6 elementor-widget elementor-widget-text-editor\" data-id=\"12c6bd6\" data-element_type=\"widget\" data-e-type=\"widget\" data-widget_type=\"text-editor.default\">\n\t\t\t\t<div class=\"elementor-widget-container\">\n\t\t\t\t\t\t\t\t\t<p style=\"text-align: left;\">Hrva\u0161ka: 1\u20132 delovna dneva; Slovenija: 3\u20134 delovne dni; ostale dr\u017eave po dogovoru.<\/p>\t\t\t\t\t\t\t\t<\/div>\n\t\t\t\t<\/div>\n\t\t\t\t<\/div>\n\t\t\t\t\t<\/details>\n\t\t\t\t\t<\/div>\n\t\t\t\t\t\t<\/div>\n\t\t\t\t<\/div>\n\t\t\t\t<\/div>\n\t\t\t\t<div class=\"elementor-element elementor-element-6505a15 elementor-widget elementor-widget-text-editor\" data-id=\"6505a15\" data-element_type=\"widget\" data-e-type=\"widget\" data-widget_type=\"text-editor.default\">\n\t\t\t\t<div class=\"elementor-widget-container\">\n\t\t\t\t\t\t\t\t\tOglejte si tudi na\u0161e ostale <a class=\"link1\" href=\"https:\/\/dizalica.hr\/adapteri-za-vilicar\/\">prijemalke in adapterje za vili\u010darje<\/a>.\t\t\t\t\t\t\t\t<\/div>\n\t\t\t\t<\/div>\n\t\t\t\t<\/div>\n\t\t<div class=\"elementor-element elementor-element-a2f1dec e-con-full e-flex e-con e-child\" data-id=\"a2f1dec\" data-element_type=\"container\" data-e-type=\"container\">\n\t\t\t\t<div class=\"elementor-element elementor-element-0787e93 elementor-widget elementor-widget-text-editor\" data-id=\"0787e93\" data-element_type=\"widget\" data-e-type=\"widget\" data-widget_type=\"text-editor.default\">\n\t\t\t\t<div class=\"elementor-widget-container\">\n\t\t\t\t\t\t\t\t\t<div class=\"nabrajanje\"><div class=\"table-wrap\"><table class=\"styled-table\" role=\"table\" aria-label=\"Klju\u010dne zna\u010dilnosti dvigala\"><thead><tr><th scope=\"col\">Klju\u010dne zna\u010dilnosti<\/th><th scope=\"col\">Specifikacija<\/th><\/tr><\/thead><tbody><tr><td>Najve\u010dja dol\u017eina dvigala<\/td><td>3726 mm<\/td><\/tr><tr><td>Nastavljivi polo\u017eaji<\/td><td>14 polo\u017eajev kljuke<\/td><\/tr><tr><td>Koti nagiba<\/td><td>0\u00b0, 13\u00b0, 26\u00b0<\/td><\/tr><tr><td>Nosilnost<\/td><td>do 3127 kg (odvisno od polo\u017eaja in konfiguracije)<\/td><\/tr><tr><td>Material<\/td><td>visoko trden jeklo<\/td><\/tr><tr><td>Standardi<\/td><td>CE; EN 13155<\/td><\/tr><tr><td>\u0160ifra izdelka<\/td><td>11TLB01<\/td><\/tr><\/tbody><\/table><\/div><\/div>\t\t\t\t\t\t\t\t<\/div>\n\t\t\t\t<\/div>\n\t\t\t\t<div class=\"elementor-element elementor-element-05f6e98 elementor-widget elementor-widget-text-editor\" data-id=\"05f6e98\" data-element_type=\"widget\" data-e-type=\"widget\" data-widget_type=\"text-editor.default\">\n\t\t\t\t<div class=\"elementor-widget-container\">\n\t\t\t\t\t\t\t\t\t<div class=\"table-wrap\"><table class=\"styled-table\" role=\"table\" aria-label=\"Tehni\u010dne specifikacije\"><thead><tr><th scope=\"col\">Specifikacija<\/th><th scope=\"col\">Vrednost<\/th><\/tr><\/thead><tbody><tr><td>Dol\u017eina A<\/td><td>2410 mm<\/td><\/tr><tr><td>Vi\u0161ina B<\/td><td>515 mm<\/td><\/tr><tr><td>Dol\u017eina tunela za vilice C<\/td><td>660 mm<\/td><\/tr><tr><td>Dol\u017eina kraka D<\/td><td>1750 mm<\/td><\/tr><tr><td>Dimenzije odprtine za vilice ExF<\/td><td>64\u00d7180 mm<\/td><\/tr><tr><td>Razmik med vilicami G<\/td><td>170 mm<\/td><\/tr><tr><td>Skupna \u0161irina H<\/td><td>550 mm<\/td><\/tr><tr><td>\u0160irina nosilca I<\/td><td>160 mm<\/td><\/tr><\/tbody><\/table><\/div>\t\t\t\t\t\t\t\t<\/div>\n\t\t\t\t<\/div>\n\t\t\t\t<\/div>\n\t\t\t\t\t<\/div>\n\t\t\t\t<\/div>\n\t\t\t\t<\/div>\n\t\t","protected":false},"excerpt":{"rendered":"<p>Nastavljiva teleskopska konzola do <strong>3726 mm<\/strong> s <strong>14 polo\u017eaji kljuke<\/strong> in nosilnostjo do <strong>3127 kg<\/strong>. Trije koti nagiba (0\u00b0, 13\u00b0, 26\u00b0), CE oznaka in skladnost z normo <strong>EN 13155<\/strong>. Zahtevajte tehni\u010dni list in ponudbo.<\/p>\n","protected":false},"featured_media":6186,"comment_status":"open","ping_status":"closed","template":"","meta":[],"etheme_brands":[{"term_id":42,"name":"Gutman","slug":"gutman","term_group":0,"term_taxonomy_id":42,"taxonomy":"brand","description":"","parent":0,"count":268,"filter":"raw","term_order":"0"}],"product_brand":[],"product_cat":[505,629],"product_tag":[390],"class_list":{"0":"post-36455","1":"product","2":"type-product","3":"status-publish","4":"has-post-thumbnail","6":"brand-gutman","7":"product_cat-adapterji-za-vilicar-01","8":"product_cat-teleskopski-zerjavni-nastavki-za-vilicarje-01","9":"product_tag-en-13155","10":"product_shipping_class-dostava-gw","12":"first","13":"instock","14":"taxable","15":"shipping-taxable","16":"purchasable","17":"product-type-simple"},"_links":{"self":[{"href":"https:\/\/dizalica.hr\/sl\/wp-json\/wp\/v2\/product\/36455","targetHints":{"allow":["GET"]}}],"collection":[{"href":"https:\/\/dizalica.hr\/sl\/wp-json\/wp\/v2\/product"}],"about":[{"href":"https:\/\/dizalica.hr\/sl\/wp-json\/wp\/v2\/types\/product"}],"replies":[{"embeddable":true,"href":"https:\/\/dizalica.hr\/sl\/wp-json\/wp\/v2\/comments?post=36455"}],"version-history":[{"count":0,"href":"https:\/\/dizalica.hr\/sl\/wp-json\/wp\/v2\/product\/36455\/revisions"}],"wp:featuredmedia":[{"embeddable":true,"href":"https:\/\/dizalica.hr\/sl\/wp-json\/wp\/v2\/media\/6186"}],"wp:attachment":[{"href":"https:\/\/dizalica.hr\/sl\/wp-json\/wp\/v2\/media?parent=36455"}],"wp:term":[{"taxonomy":"brand","embeddable":true,"href":"https:\/\/dizalica.hr\/sl\/wp-json\/wp\/v2\/etheme_brands?post=36455"},{"taxonomy":"product_brand","embeddable":true,"href":"https:\/\/dizalica.hr\/sl\/wp-json\/wp\/v2\/product_brand?post=36455"},{"taxonomy":"product_cat","embeddable":true,"href":"https:\/\/dizalica.hr\/sl\/wp-json\/wp\/v2\/product_cat?post=36455"},{"taxonomy":"product_tag","embeddable":true,"href":"https:\/\/dizalica.hr\/sl\/wp-json\/wp\/v2\/product_tag?post=36455"}],"curies":[{"name":"wp","href":"https:\/\/api.w.org\/{rel}","templated":true}]}}