{"id":36409,"date":"2026-05-03T12:52:53","date_gmt":"2026-05-03T10:52:53","guid":{"rendered":"https:\/\/dizalica.hr\/nekategorizirano\/lancana-dizalna-naprava-flasencug-5000-kg\/"},"modified":"2026-05-05T23:55:43","modified_gmt":"2026-05-05T21:55:43","slug":"lancana-dizalna-naprava-flasencug-5000-kg","status":"publish","type":"product","link":"https:\/\/dizalica.hr\/sl\/rocna-in-elektricna-dvigala\/rocna-verizna-dvigala-flasencug\/lancana-dizalna-naprava-flasencug-5000-kg\/","title":{"rendered":"Lan\u010dana dizalna naprava fla\u0161encug 5000 kg"},"content":{"rendered":"\t\t<div data-elementor-type=\"product-post\" data-elementor-id=\"36409\" class=\"elementor elementor-36409 elementor-3575\" data-elementor-post-type=\"product\">\n\t\t\t\t<div class=\"elementor-element elementor-element-1dc0ac00 e-flex e-con-boxed e-con e-parent\" data-id=\"1dc0ac00\" data-element_type=\"container\" data-e-type=\"container\">\n\t\t\t\t\t<div class=\"e-con-inner\">\n\t\t<div class=\"elementor-element elementor-element-d60719d e-con-full e-flex e-con e-child\" data-id=\"d60719d\" data-element_type=\"container\" data-e-type=\"container\">\n\t\t\t\t<div class=\"elementor-element elementor-element-424e8d4 elementor-widget elementor-widget-text-editor\" data-id=\"424e8d4\" data-element_type=\"widget\" data-e-type=\"widget\" data-widget_type=\"text-editor.default\">\n\t\t\t\t<div class=\"elementor-widget-container\">\n\t\t\t\t\t\t\t\t\t<h2>Fla\u0161encug 5 ton \u2013 ro\u010dna veri\u017ena dizalica za najzahtevnej\u0161e uporabe<\/h2><p>Ko breme presega 3 tone in ni prostora za napake, je <strong>fla\u0161encug 5000 kg<\/strong> prava izbira. Razlika v ceni v primerjavi z modelom 3 tone zna\u0161a le nekaj deset evrov, pri \u010demer dobite ob\u010dutno ve\u010djo varnostno rezervo, debelej\u0161o verigo in ohi\u0161je, zasnovano za dolgotrajno uporabo v najzahtevnej\u0161ih industrijskih pogojih. Za kupce, ki jim je zanesljivost pomembnej\u0161a od minimalnih prihrankov, je to standardna izbira.<\/p><h3>Kdaj je fla\u0161encug 5T prava izbira?<\/h3><p>Ro\u010dna veri\u017ena dizalica 5000 kg je idealna za vse primere, kjer breme dosega ali presega 3\u20135 ton, ali kjer normirani varnostni faktor zahteva ve\u010djo nosilnost od nominalne te\u017ee bremena. Tipi\u010dne uporabe:<\/p><ul class=\"nabrajanje\"><li>Te\u017eka industrijska monta\u017ea \u2013 postavitev in servis strojev, kompresorjev, generatorjev in industrijskih naprav<\/li><li>Ladjedelni\u0161tvo in remont ladij \u2013 dvig motorjev, propelerjev, palubne opreme in ladijskih sekcij<\/li><li>Jeklarske in livarske delavnice \u2013 rokovanje z odlivi, valji in jeklenimi konstrukcijami mase 3\u20135 ton<\/li><li>Gradbi\u0161\u010da visokogradnje \u2013 monta\u017ea predhodno izdelanih betonskih elementov, jeklenih nosilcev in plo\u010devinastih panelov<\/li><li>Komunalni objekti \u2013 namestitev in servis \u010drpali\u0161\u010d, transformatorskih postaj in komunalne opreme<\/li><li>Naftna in plinska industrija \u2013 rokovanje s te\u017eko vrtalno in procesno opremo na terenskih lokacijah<\/li><\/ul><h3>Veriga G80 fi 10 mm \u2013 tehni\u010dni vrhunec ro\u010dnih dizalic<\/h3><p>Fla\u0161encug 5T je edini v standardni ro\u010dni seriji, ki uporablja <strong>cinkano nosilno verigo G80 premera 10 mm<\/strong>. Ve\u010dji presek pomeni vi\u0161jo lomno silo, manj\u0161o utrujenost materiala pri ponavljajo\u010dih se obremenitvah in izjemno odpornost proti abraziji. Cinkan premaz nudi za\u0161\u010dito pred korozijo v vla\u017enih, slanih in kemi\u010dno agresivnih delovnih pogojih \u2013 zaradi \u010desar je prva izbira za obalne, ladjedelni\u0161ke in prehrambene obrate.<\/p>\t\t\t\t\t\t\t\t<\/div>\n\t\t\t\t<\/div>\n\t\t\t\t<div class=\"elementor-element elementor-element-ae98946 elementor-widget elementor-widget-text-editor\" data-id=\"ae98946\" data-element_type=\"widget\" data-e-type=\"widget\" data-widget_type=\"text-editor.default\">\n\t\t\t\t<div class=\"elementor-widget-container\">\n\t\t\t\t\t\t\t\t\t<div class=\"nabrajanje\"><h3>Kombinacija z obe\u0161alnimi vozi\u010dki in \u017eerjavno progo<\/h3><p>Za horizontalno premikanje bremena ob vertikalnem dviganju se fla\u0161encug 5T kombinira z <a class=\"link1\" href=\"https:\/\/dizalica.hr\/rucne-elektricne-dizalice\/ovjesna-kolica\/rucna-ovjesna-kolica-gutman\/\">ro\u010dnimi obe\u0161alnimi vozi\u010dki<\/a> z nosilnostjo 5 ton, ki se name\u0161\u010dajo na I-profil <a class=\"link1\" href=\"https:\/\/dizalica.hr\/kranovi-portali-grede\/kranske-staze\/\">\u017eerjavne proge<\/a> ali <a class=\"link1\" href=\"https:\/\/dizalica.hr\/kranovi-portali-grede\/portalni-stalci\/\">portalni stalak<\/a>. Tako dobite kompakten in prenosljiv \u017eerjavni sistem brez potrebe po dragi fiksni instalaciji.<\/p><h3>Nosilnost in varnost \u2013 zakaj ne izbrati \u201esamo 3T\u201c?<\/h3><p>Breme z nominalno te\u017eo 3000 kg ni vedno dejansko 3000 kg \u2013 dinami\u010dna obremenitev pri dviganju, udarni faktor, nesimetri\u010dna obremenitev in obraba verige vse pove\u010dujejo dejansko obremenitev dvigala. Evropski standard EN 13157 dolo\u010da minimalni stati\u010dni varnostni faktor 4:1, vendar izku\u0161eni industrijski kupci izberejo model z zadostno rezervo nad nominalno te\u017eo bremena. Za bremena od 3 do 4 tone <a class=\"link1\" href=\"https:\/\/dizalica.hr\/rucne-elektricne-dizalice\/rucne-lancane-dizalice\/lancana-dizalica-flasencug-3000kg\/\">fla\u0161encug 3T<\/a> morda ni dovolj \u2013 fla\u0161encug 5T zagotavlja to varnostno rezervo ob minimalni razliki v ceni.<\/p><\/div>\t\t\t\t\t\t\t\t<\/div>\n\t\t\t\t<\/div>\n\t\t\t\t<div class=\"elementor-element elementor-element-eaab076 elementor-widget elementor-widget-text-editor\" data-id=\"eaab076\" data-element_type=\"widget\" data-e-type=\"widget\" data-widget_type=\"text-editor.default\">\n\t\t\t\t<div class=\"elementor-widget-container\">\n\t\t\t\t\t\t\t\t\t<div class=\"nabrajanje\"><h3>Servis, rezervni deli in garancija<\/h3><p>Vsaka fla\u0161encug je opremljena z oznako CE in izjavo o skladnosti po standardu EN 13157. Zagotovljena je razpolo\u017eljivost rezervnih delov in servis \u2013 kar je klju\u010dno za industrijske obrate, ki ne smejo imeti nepredvidenih zaustavitev. Za nestandardne dol\u017eine verige, prilagoditve ali strokovne nasvete pri izbiri opreme, kontaktirajte na\u0161o ekipo na <strong>091 488 6262<\/strong> ali po elektronski po\u0161ti.<\/p><\/div>\t\t\t\t\t\t\t\t<\/div>\n\t\t\t\t<\/div>\n\t\t<div class=\"elementor-element elementor-element-74b5f39 e-con-full e-flex e-con e-child\" data-id=\"74b5f39\" data-element_type=\"container\" data-e-type=\"container\">\n\t\t\t\t<div class=\"elementor-element elementor-element-9ae2145 elementor-widget elementor-widget-heading\" data-id=\"9ae2145\" data-element_type=\"widget\" data-e-type=\"widget\" data-widget_type=\"heading.default\">\n\t\t\t\t<div class=\"elementor-widget-container\">\n\t\t\t\t\t<div class=\"elementor-heading-title elementor-size-default\">Niste prepri\u010dani, kateri model veri\u017ene dvigalke je za vas primeren?<\/div>\t\t\t\t<\/div>\n\t\t\t\t<\/div>\n\t\t\t\t<div class=\"elementor-element elementor-element-7500b30 elementor-widget elementor-widget-text-editor\" data-id=\"7500b30\" data-element_type=\"widget\" data-e-type=\"widget\" data-widget_type=\"text-editor.default\">\n\t\t\t\t<div class=\"elementor-widget-container\">\n\t\t\t\t\t\t\t\t\t<p style=\"text-align: center;\">Primerjajte vse modele prijemalk za jeklene plo\u0161\u010de ali izvedite ve\u010d o modelih z integrirano digitalno tehtnico.<\/p>\t\t\t\t\t\t\t\t<\/div>\n\t\t\t\t<\/div>\n\t\t<div class=\"elementor-element elementor-element-0bafb9c e-con-full e-flex e-con e-child\" data-id=\"0bafb9c\" data-element_type=\"container\" data-e-type=\"container\">\n\t\t<div class=\"elementor-element elementor-element-1ee1419 e-con-full e-flex e-con e-child\" data-id=\"1ee1419\" data-element_type=\"container\" data-e-type=\"container\">\n\t\t\t\t<div class=\"elementor-element elementor-element-ec28c79 elementor-align-center elementor-widget elementor-widget-text_button\" data-id=\"ec28c79\" data-element_type=\"widget\" data-e-type=\"widget\" data-widget_type=\"text_button.default\">\n\t\t\t\t<div class=\"elementor-widget-container\">\n\t\t\t\t\t<div class=\"etheme-button-wrapper\"><a href=\"https:\/\/dizalica.hr\/rucne-elektricne-dizalice\/rucne-lancane-dizalice\/#usporedba\" class=\"fill-top has-fill etheme-text-button elementor-button\" role=\"button\">\n        <span class=\"elementor-button-content-wrapper\">\n                        <span class=\"elementor-button-icon animation-background_ltr\">\n                <svg aria-hidden=\"true\" class=\"e-font-icon-svg e-fab-buromobelexperte\" viewBox=\"0 0 448 512\" xmlns=\"http:\/\/www.w3.org\/2000\/svg\"><path d=\"M0 32v128h128V32H0zm120 120H8V40h112v112zm40-120v128h128V32H160zm120 120H168V40h112v112zm40-120v128h128V32H320zm120 120H328V40h112v112zM0 192v128h128V192H0zm120 120H8V200h112v112zm40-120v128h128V192H160zm120 120H168V200h112v112zm40-120v128h128V192H320zm120 120H328V200h112v112zM0 352v128h128V352H0zm120 120H8V360h112v112zm40-120v128h128V352H160zm120 120H168V360h112v112zm40-120v128h128V352H320z\"><\/path><\/svg>            <\/span>\n        \n\t\t\t<span class=\"elementor-button-text\">Primerjava ro\u010dnih veri\u017enih dvigal<\/span>\n\n            \n            \n        <\/span><\/a><\/div>\t\t\t\t<\/div>\n\t\t\t\t<\/div>\n\t\t\t\t<\/div>\n\t\t<div class=\"elementor-element elementor-element-1a4cfd8 e-con-full e-flex e-con e-child\" data-id=\"1a4cfd8\" data-element_type=\"container\" data-e-type=\"container\">\n\t\t\t\t<div class=\"elementor-element elementor-element-dc92e77 elementor-align-center elementor-widget elementor-widget-text_button\" data-id=\"dc92e77\" data-element_type=\"widget\" data-e-type=\"widget\" data-widget_type=\"text_button.default\">\n\t\t\t\t<div class=\"elementor-widget-container\">\n\t\t\t\t\t<div class=\"etheme-button-wrapper\"><a href=\"https:\/\/dizalica.hr\/rucne-elektricne-dizalice\/rucne-lancane-dizalice\/#usporedba-s-vagom\" class=\"fill-top has-fill etheme-text-button elementor-button\" role=\"button\">\n        <span class=\"elementor-button-content-wrapper\">\n                        <span class=\"elementor-button-icon animation-background_ltr\">\n                <svg aria-hidden=\"true\" class=\"e-font-icon-svg e-fab-buromobelexperte\" viewBox=\"0 0 448 512\" xmlns=\"http:\/\/www.w3.org\/2000\/svg\"><path d=\"M0 32v128h128V32H0zm120 120H8V40h112v112zm40-120v128h128V32H160zm120 120H168V40h112v112zm40-120v128h128V32H320zm120 120H328V40h112v112zM0 192v128h128V192H0zm120 120H8V200h112v112zm40-120v128h128V192H160zm120 120H168V200h112v112zm40-120v128h128V192H320zm120 120H328V200h112v112zM0 352v128h128V352H0zm120 120H8V360h112v112zm40-120v128h128V352H160zm120 120H168V360h112v112zm40-120v128h128V352H320z\"><\/path><\/svg>            <\/span>\n        \n\t\t\t<span class=\"elementor-button-text\">Veri\u017ene dvigalke s tehtnico<\/span>\n\n            \n            \n        <\/span><\/a><\/div>\t\t\t\t<\/div>\n\t\t\t\t<\/div>\n\t\t\t\t<\/div>\n\t\t\t\t<\/div>\n\t\t\t\t<\/div>\n\t\t\t\t<\/div>\n\t\t<div class=\"elementor-element elementor-element-f490318 e-con-full e-flex e-con e-child\" data-id=\"f490318\" data-element_type=\"container\" data-e-type=\"container\">\n\t\t\t\t<div class=\"elementor-element elementor-element-f1b00f7 elementor-widget elementor-widget-text-editor\" data-id=\"f1b00f7\" data-element_type=\"widget\" data-e-type=\"widget\" data-widget_type=\"text-editor.default\">\n\t\t\t\t<div class=\"elementor-widget-container\">\n\t\t\t\t\t\t\t\t\t<div class=\"table-wrap\">\n<h3>Tehni\u010dne specifikacije<\/h3>\n<table class=\"styled-table\" role=\"table\" aria-label=\"Tehni\u010dne specifikacije modela GLE-5000\">\n<thead>\n<tr>\n<th scope=\"col\" style=\"width: 35%;\">Parameter<\/th>\n<th scope=\"col\" style=\"width: 65%;\">Vrednost<\/th>\n<\/tr>\n<\/thead>\n<tbody>\n<tr>\n<td><strong>Nosilnost<\/strong><\/td>\n<td>5000 kg<\/td>\n<\/tr>\n<tr>\n<td><strong>Standardna vi\u0161ina dviga<\/strong><\/td>\n<td>3 m (na voljo do 10 m)<\/td>\n<\/tr>\n<tr>\n<td><strong>Dimenzija verige<\/strong><\/td>\n<td>G80, fi 10 mm, pocinkano<\/td>\n<\/tr>\n<tr>\n<td><strong>\u0160tevilo krakov verige<\/strong><\/td>\n<td>2<\/td>\n<\/tr>\n<tr>\n<td><strong>Nazivna ro\u010dna sila<\/strong><\/td>\n<td>420 N<\/td>\n<\/tr>\n<tr>\n<td><strong>Lastna te\u017ea (3 m)<\/strong><\/td>\n<td>36 kg<\/td>\n<\/tr>\n<tr>\n<td><strong>Dodatna te\u017ea na meter<\/strong><\/td>\n<td>+5,22 kg\/m<\/td>\n<\/tr>\n<tr>\n<td><strong>Vi\u0161ina ohi\u0161ja (C)<\/strong><\/td>\n<td>640 mm<\/td>\n<\/tr>\n<tr>\n<td><strong>Standard \/ certifikat<\/strong><\/td>\n<td>EN 13157 \/ CE<\/td>\n<\/tr>\n<\/tbody>\n<\/table>\n<\/div>\t\t\t\t\t\t\t\t<\/div>\n\t\t\t\t<\/div>\n\t\t\t\t<\/div>\n\t\t\t\t\t<\/div>\n\t\t\t\t<\/div>\n\t\t\t\t<\/div>\n\t\t","protected":false},"excerpt":{"rendered":"<div class=\"content-box\">\n<p><strong>Ro\u010dna veri\u017ena dvigalka fla\u0161encug 5 ton<\/strong> \u2013 najzmogljivej\u0161i model v Gutman ro\u010dni seriji, namenjen dviganju bremen do 5000 kg v zahtevnih industrijskih pogojih. Opremljena z pocinkanimi tovorni verigo <strong>G80 premera 10 mm<\/strong> \u2013 debelina verige, ki zagotavlja varnost in dolgo \u017eivljenjsko dobo tudi pri najzahtevnej\u0161ih aplikacijah. Standardna vi\u0161ina dviga 3 metre, na voljo do 10 m po naro\u010dilu. Lastna masa 36 kg, ro\u010dna sila le 420 N. V skladu z normo <strong>EN 13157<\/strong> z <strong>CE oznako<\/strong>. Dostava po vsej Sloveniji v 1\u20132 delovnih dneh. Zagotovljen servis in rezervni deli.<\/p>\n<\/div>\n","protected":false},"featured_media":31095,"comment_status":"open","ping_status":"closed","template":"","meta":[],"etheme_brands":[{"term_id":42,"name":"Gutman","slug":"gutman","term_group":0,"term_taxonomy_id":42,"taxonomy":"brand","description":"","parent":0,"count":289,"filter":"raw","term_order":"0"}],"product_brand":[],"product_cat":[879,852],"product_tag":[400,431],"class_list":{"0":"post-36409","1":"product","2":"type-product","3":"status-publish","4":"has-post-thumbnail","6":"brand-gutman","7":"product_cat-rocna-verizna-dvigala-flasencug-01","8":"product_cat-rocna-in-elektricna-dvigala-01","9":"product_tag-en-13157","10":"product_tag-teska-industrijska-dizanja","11":"product_shipping_class-dostava-gw","13":"first","14":"outofstock","15":"taxable","16":"shipping-taxable","17":"purchasable","18":"product-type-variable","19":"has-default-attributes"},"_links":{"self":[{"href":"https:\/\/dizalica.hr\/sl\/wp-json\/wp\/v2\/product\/36409","targetHints":{"allow":["GET"]}}],"collection":[{"href":"https:\/\/dizalica.hr\/sl\/wp-json\/wp\/v2\/product"}],"about":[{"href":"https:\/\/dizalica.hr\/sl\/wp-json\/wp\/v2\/types\/product"}],"replies":[{"embeddable":true,"href":"https:\/\/dizalica.hr\/sl\/wp-json\/wp\/v2\/comments?post=36409"}],"version-history":[{"count":0,"href":"https:\/\/dizalica.hr\/sl\/wp-json\/wp\/v2\/product\/36409\/revisions"}],"wp:featuredmedia":[{"embeddable":true,"href":"https:\/\/dizalica.hr\/sl\/wp-json\/wp\/v2\/media\/31095"}],"wp:attachment":[{"href":"https:\/\/dizalica.hr\/sl\/wp-json\/wp\/v2\/media?parent=36409"}],"wp:term":[{"taxonomy":"brand","embeddable":true,"href":"https:\/\/dizalica.hr\/sl\/wp-json\/wp\/v2\/etheme_brands?post=36409"},{"taxonomy":"product_brand","embeddable":true,"href":"https:\/\/dizalica.hr\/sl\/wp-json\/wp\/v2\/product_brand?post=36409"},{"taxonomy":"product_cat","embeddable":true,"href":"https:\/\/dizalica.hr\/sl\/wp-json\/wp\/v2\/product_cat?post=36409"},{"taxonomy":"product_tag","embeddable":true,"href":"https:\/\/dizalica.hr\/sl\/wp-json\/wp\/v2\/product_tag?post=36409"}],"curies":[{"name":"wp","href":"https:\/\/api.w.org\/{rel}","templated":true}]}}