{"id":35906,"date":"2026-04-17T16:47:14","date_gmt":"2026-04-17T14:47:14","guid":{"rendered":"https:\/\/dizalica.hr\/nekategorizirano\/vijacni-vijak-s-vrtecim-se-obesnim-ocesom-pewag-plgw-gama-za-hitro-menjavo-montaza-brez-orodja\/"},"modified":"2026-05-05T23:55:55","modified_gmt":"2026-05-05T21:55:55","slug":"vijacni-vijak-s-vrtecim-se-obesnim-ocesom-pewag-plgw-gama-za-hitro-menjavo-montaza-brez-orodja","status":"publish","type":"product","link":"https:\/\/dizalica.hr\/sl\/obesalni-kompleti\/dvizne-tocke\/vijacni-vijak-s-vrtecim-se-obesnim-ocesom-pewag-plgw-gama-za-hitro-menjavo-montaza-brez-orodja\/","title":{"rendered":"Vija\u010dni vijak s vrte\u010dim se obesnim o\u010desom Pewag PLGW gama \u2013 za hitro menjavo \u2013 monta\u017ea brez orodja"},"content":{"rendered":"\t\t<div data-elementor-type=\"product-post\" data-elementor-id=\"35906\" class=\"elementor elementor-35906 elementor-32005\" data-elementor-post-type=\"product\">\n\t\t\t\t<div class=\"elementor-element elementor-element-4b50e1e e-flex e-con-boxed e-con e-parent\" data-id=\"4b50e1e\" data-element_type=\"container\" data-e-type=\"container\">\n\t\t\t\t\t<div class=\"e-con-inner\">\n\t\t<div class=\"elementor-element elementor-element-4f5b6e0 e-con-full e-flex e-con e-child\" data-id=\"4f5b6e0\" data-element_type=\"container\" data-e-type=\"container\">\n\t\t\t\t<div class=\"elementor-element elementor-element-bb95d76 elementor-widget elementor-widget-text-editor\" data-id=\"bb95d76\" data-element_type=\"widget\" data-e-type=\"widget\" data-widget_type=\"text-editor.default\">\n\t\t\t\t<div class=\"elementor-widget-container\">\n\t\t\t\t\t\t\t\t\t<h2>Inovacija brez orodja: Pewag PLGW gamma supreme dvigovalna to\u010dka<\/h2>\n<p>\nPewag <strong>PLGW gamma supreme<\/strong> prina\u0161a revolucijo v vsakodnevne dvigalne operacije. Kot prva dvigovalna to\u010dka na trgu, ki se montira in demontira <strong>popolnoma brez orodja<\/strong>, ta model odpravlja potrebo po klju\u010dih in znatno pospe\u0161uje pripravo bremena. Patentiran &#8220;supreme&#8221; sistem omogo\u010da delavcu, da vijak preprosto zategne z roko, medtem ko integriran klju\u010d znotraj u\u0161esa opravi ves naporen del.<\/p>\t\t\t\t\t\t\t\t<\/div>\n\t\t\t\t<\/div>\n\t\t\t\t<div class=\"elementor-element elementor-element-2e91958 elementor-widget elementor-widget-text-editor\" data-id=\"2e91958\" data-element_type=\"widget\" data-e-type=\"widget\" data-widget_type=\"text-editor.default\">\n\t\t\t\t<div class=\"elementor-widget-container\">\n\t\t\t\t\t\t\t\t\t<h2>Zakaj izbrati Pewag PLGW gamma \u2013 Najhitrej\u0161a monta\u017ea na trgu<\/h2>\n<p>\nPewag PLGW gamma ni le prijemalka, temve\u010d pametna in\u017eenirska re\u0161itev iz <strong>winner pro<\/strong> serije, ki prihrani \u010das in pove\u010da u\u010dinkovitost v vsakem obratu. Glavna prednost je njena &#8220;supreme&#8221; funkcionalnost, ki omogo\u010da rokovanje brez dodatne opreme.\n<\/p>\n\n<ul class=\"nabrajanje\">\n    <li><strong>Monta\u017ea brez orodja:<\/strong> Patentiran sistem omogo\u010da ro\u010dno zategovanje in spro\u0161\u010danje, kar je idealno za delovna mesta, kjer se dvigovalne to\u010dke pogosto premikajo.<\/li>\n    <li><strong>Polna rotacija 360\u00b0:<\/strong> Ko je vijak zategnjen, se prijemalka prosto vrti okoli svoje osi, kar omogo\u010da popolno poravnavo v smeri natezne sile.<\/li>\n    <li><strong>Za\u0161\u010dita povr\u0161ine bremena:<\/strong> Vgrajena pu\u0161a \u0161\u010diti povr\u0161ino, na katero je to\u010dka montirana, prepre\u010duje praskanje ali po\u0161kodbe podlage bremena.<\/li>\n    <li><strong>Kakovost razreda 10:<\/strong> Kljub poudarku na enostavni uporabi PLGW nudi izjemno nosilnost in trdnost, zna\u010dilno za najvi\u0161ji razred pewag izdelkov.<\/li>\n    <li><strong>Zamenljivi vijaki:<\/strong> Tako kot pri ostalih izdelkih iz profilift serije je vijak zamenljiv in 100 % testiran na mikropo\u0161kodbe, kar zagotavlja dolgo \u017eivljenjsko dobo celotnega sistema.<\/li>\n<\/ul>\n\n<p>\n<strong>Uporaba v industriji:<\/strong> Idealna je za hitro logistiko, vzdr\u017eevanje strojev in situacije, kjer so dvigovalne to\u010dke za\u010dasne ter jih je treba hitro premikati z enega bremena na drugega.\n<\/p>\t\t\t\t\t\t\t\t<\/div>\n\t\t\t\t<\/div>\n\t\t\t\t<div class=\"elementor-element elementor-element-ca35979 elementor-widget elementor-widget-text-editor\" data-id=\"ca35979\" data-element_type=\"widget\" data-e-type=\"widget\" data-widget_type=\"text-editor.default\">\n\t\t\t\t<div class=\"elementor-widget-container\">\n\t\t\t\t\t\t\t\t\t<h2>Pravila uporabe in varnostna opozorila<\/h2>\n<p>\n\u010ceprav je PLGW gamma zasnovana za ro\u010dno monta\u017eo, je njena varnost odvisna od pravilnega ravnanja in razumevanja njenih omejitev.\n<\/p>\n\n<ul class=\"nabrajanje\">\n    <li><strong>Ro\u010dno zategovanje:<\/strong> Vijak se zategne ro\u010dno v smeri dviga, dokler osnova ne pritisne trdno ob breme. Dodatna ro\u010dica se ne sme uporabljati, \u010de sistem tega ne predvideva.<\/li>\n    <li><strong>Rotacija pod bremenom:<\/strong> Pomembno je poudariti, da je treba PLGW gamma, podobno kot Alfa, pred dvigom postaviti v smer sile. Ni namenjena za rotacijo pod polno obremenitvijo.<\/li>\n    <li><strong>Prostost gibanja:<\/strong> U\u0161ica se mora lahko prosto zavrteti za 360\u00b0 brez zatikanja ob okoli\u0161ke konstrukcije bremena.<\/li>\n    <li><strong>Preverjanje pred uporabo:<\/strong> Pred vsakim dvigom preverite, ali je mehanizem &#8220;supreme&#8221; pravilno name\u0161\u010den in ali je vijak trdno zategnjen.<\/li>\n<\/ul>\t\t\t\t\t\t\t\t<\/div>\n\t\t\t\t<\/div>\n\t\t\t\t<\/div>\n\t\t<div class=\"elementor-element elementor-element-c66e63d e-con-full e-flex e-con e-child\" data-id=\"c66e63d\" data-element_type=\"container\" data-e-type=\"container\">\n\t\t\t\t<div class=\"elementor-element elementor-element-4b24e69 elementor-widget elementor-widget-text-editor\" data-id=\"4b24e69\" data-element_type=\"widget\" data-e-type=\"widget\" data-widget_type=\"text-editor.default\">\n\t\t\t\t<div class=\"elementor-widget-container\">\n\t\t\t\t\t\t\t\t\t<h2>Tehni\u010dne zna\u010dilnosti Pewag PLGW gamma<\/h2>\n<div class=\"table-wrap\">\n<table class=\"styled-table\" role=\"table\" aria-label=\"Zna\u010dilnosti Pewag PLGW gamma dvigalne to\u010dke\">\n<thead>\n<tr style=\"background-color: #ffc107;\">\n<th style=\"width: 50%;\">Naziv zna\u010dilnosti<\/th>\n<th style=\"width: 50%;\">Vrednost \/ Podrobnosti<\/th>\n<\/tr>\n<\/thead>\n<tbody>\n<tr>\n<td><strong>Material in izdelava<\/strong><\/td>\n<td>Grade 10 (visokotrdni jeklo), serija winner pro<\/td>\n<\/tr>\n<tr>\n<td><strong>Montirni sistem<\/strong><\/td>\n<td><strong>Supreme (brez orodja)<\/strong> \u2013 integriran klju\u010d za ro\u010dno zategovanje<\/td>\n<\/tr>\n<tr>\n<td><strong>Mo\u017enost rotacije<\/strong><\/td>\n<td>360\u00b0 (pozicioniranje v smeri natezne sile pred dviganjem)<\/td>\n<\/tr>\n<tr>\n<td><strong>Varnostni faktor<\/strong><\/td>\n<td>4:1 (pri dviganju bremena)<\/td>\n<\/tr>\n<tr>\n<td><strong>Za\u0161\u010dita povr\u0161ine<\/strong><\/td>\n<td>Krom-6 prost korozijski za\u0161\u010diti<\/td>\n<\/tr>\n<tr>\n<td><strong>Preizkus<\/strong><\/td>\n<td>100 % pregledano na mikropo\u0161kodbe<\/td>\n<\/tr>\n<tr>\n<td><strong>Temperaturno obmo\u010dje<\/strong><\/td>\n<td>-40\u00b0C do +350\u00b0C (ob upo\u0161tevanju tabel za zmanj\u0161anje nosilnosti)<\/td>\n<\/tr>\n<tr>\n<td><strong>Posebna lastnost<\/strong><\/td>\n<td>Integrirana tulka za za\u0161\u010dito povr\u0161ine bremena<\/td>\n<\/tr>\n<\/tbody>\n<tfoot>\n<tr style=\"background-color: #ffc107;\">\n<td style=\"padding: 15px;\" colspan=\"2\">Pewag PLGW gamma supreme je edinstvena re\u0161itev, ki omogo\u010da monta\u017eo in demonta\u017eo brez kakr\u0161negakoli orodja, kar prihrani \u010das in trud.<\/td>\n<\/tr>\n<\/tfoot>\n<\/table>\n<\/div>\t\t\t\t\t\t\t\t<\/div>\n\t\t\t\t<\/div>\n\t\t\t\t<\/div>\n\t\t\t\t\t<\/div>\n\t\t\t\t<\/div>\n\t\t\t\t<\/div>\n\t\t","protected":false},"excerpt":{"rendered":"<p>Pewag PLGW gamma supreme je prva dvigovalna to\u010dka na trgu, ki jo je mogo\u010de popolnoma sestaviti in razstaviti brez uporabe orodja. Zahvaljujo\u010d patentiranemu sistemu z integriranim klju\u010dem v samem vijaku ta model prihrani dragoceni \u010das v obratih, kjer so menjave dvigovalnih to\u010dk pogoste.<\/p>\n<p>Zakaj izbrati PLGW gamma?<\/p>\n<ul>\n<li><strong>Ro\u010dna monta\u017ea:<\/strong> Privijte ali odvijte vijak v sekundi, brez iskanja klju\u010dev po delavnici.<\/li>\n<li><strong>360\u00b0 rotacija:<\/strong> Ko je pritrdilna zanka enkrat pritrjena, se prosto vrti, da se popolnoma uskladi z smerjo dviga.<\/li>\n<li><strong>Za\u0161\u010dita bremena:<\/strong> Integrirana pu\u0161a prepre\u010duje po\u0161kodbe na povr\u0161ini va\u0161ega bremena.<\/li>\n<li><strong>Vrhunska varnost:<\/strong> Kakovost razreda 10 z varnostnim faktorjem 4:1 in popolno sledljivostjo.<\/li>\n<li><strong>Idealno za:<\/strong> Hitre dvigalne operacije, logisti\u010dne centre in monta\u017ene linije, kjer je u\u010dinkovitost klju\u010dna.<\/li>\n<\/ul>\n","protected":false},"featured_media":32013,"comment_status":"open","ping_status":"closed","template":"","meta":[],"etheme_brands":[],"product_brand":[],"product_cat":[597,573],"product_tag":[479,460],"class_list":{"0":"post-35906","1":"product","2":"type-product","3":"status-publish","4":"has-post-thumbnail","6":"product_cat-dvizne-tocke-01","7":"product_cat-obesalni-kompleti-01","8":"product_tag-servis-in-vzdrzevanje-strojev","9":"product_tag-tezka-industrijska-dviganja","10":"product_shipping_class-dostava","12":"first","13":"outofstock","14":"taxable","15":"shipping-taxable","16":"purchasable","17":"product-type-variable"},"_links":{"self":[{"href":"https:\/\/dizalica.hr\/sl\/wp-json\/wp\/v2\/product\/35906","targetHints":{"allow":["GET"]}}],"collection":[{"href":"https:\/\/dizalica.hr\/sl\/wp-json\/wp\/v2\/product"}],"about":[{"href":"https:\/\/dizalica.hr\/sl\/wp-json\/wp\/v2\/types\/product"}],"replies":[{"embeddable":true,"href":"https:\/\/dizalica.hr\/sl\/wp-json\/wp\/v2\/comments?post=35906"}],"version-history":[{"count":0,"href":"https:\/\/dizalica.hr\/sl\/wp-json\/wp\/v2\/product\/35906\/revisions"}],"wp:featuredmedia":[{"embeddable":true,"href":"https:\/\/dizalica.hr\/sl\/wp-json\/wp\/v2\/media\/32013"}],"wp:attachment":[{"href":"https:\/\/dizalica.hr\/sl\/wp-json\/wp\/v2\/media?parent=35906"}],"wp:term":[{"taxonomy":"brand","embeddable":true,"href":"https:\/\/dizalica.hr\/sl\/wp-json\/wp\/v2\/etheme_brands?post=35906"},{"taxonomy":"product_brand","embeddable":true,"href":"https:\/\/dizalica.hr\/sl\/wp-json\/wp\/v2\/product_brand?post=35906"},{"taxonomy":"product_cat","embeddable":true,"href":"https:\/\/dizalica.hr\/sl\/wp-json\/wp\/v2\/product_cat?post=35906"},{"taxonomy":"product_tag","embeddable":true,"href":"https:\/\/dizalica.hr\/sl\/wp-json\/wp\/v2\/product_tag?post=35906"}],"curies":[{"name":"wp","href":"https:\/\/api.w.org\/{rel}","templated":true}]}}