{"id":35285,"date":"2026-05-01T14:53:59","date_gmt":"2026-05-01T12:53:59","guid":{"rendered":"https:\/\/dizalica.hr\/nekategorizirano\/magnetne-prijemke\/"},"modified":"2026-05-01T14:54:46","modified_gmt":"2026-05-01T12:54:46","slug":"magnetne-prijemke","status":"publish","type":"product","link":"https:\/\/dizalica.hr\/sl\/prijemanje-tovora\/magnetne-in-vijacne-prijemalke\/magnetne-prijemke\/","title":{"rendered":"Magnetne prijemke"},"content":{"rendered":"\t\t<div data-elementor-type=\"product-post\" data-elementor-id=\"35285\" class=\"elementor elementor-35285 elementor-3901\" data-elementor-post-type=\"product\">\n\t\t\t\t<div class=\"elementor-element elementor-element-7a5dcc99 e-flex e-con-boxed e-con e-parent\" data-id=\"7a5dcc99\" data-element_type=\"container\" data-e-type=\"container\">\n\t\t\t\t\t<div class=\"e-con-inner\">\n\t\t\t\t<div class=\"elementor-element elementor-element-a754db4 elementor-widget elementor-widget-heading\" data-id=\"a754db4\" data-element_type=\"widget\" data-e-type=\"widget\" data-widget_type=\"heading.default\">\n\t\t\t\t<div class=\"elementor-widget-container\">\n\t\t\t\t\t<h2 class=\"elementor-heading-title elementor-size-default\">Magnetna dr\u017eala za dvigovanje bremen<\/h2>\t\t\t\t<\/div>\n\t\t\t\t<\/div>\n\t\t\t\t<div class=\"elementor-element elementor-element-f9ccfb8 elementor-widget elementor-widget-text-editor\" data-id=\"f9ccfb8\" data-element_type=\"widget\" data-e-type=\"widget\" data-widget_type=\"text-editor.default\">\n\t\t\t\t<div class=\"elementor-widget-container\">\n\t\t\t\t\t\t\t\t\t<strong data-start=\"1008\" data-end=\"1074\">Magnetna prijemala<\/strong> so u\u010dinkovita re\u0161itev za dvigovanje, premikanje in rokovanje z jeklenimi plo\u0161\u010dami in cevmi <a class=\"link1\" href=\"https:\/\/dizalica.hr\/sl\/dejavnosti\/proizvodni-obrati\/\">v razli\u010dnih industrijskih okoljih<\/a>. To magnetno dr\u017ealo za plo\u0161\u010dice uporablja trajne magnete, ki omogo\u010dajo varen oprijem na feromagnetne materiale brez potrebe po zunanjem napajanju, zaradi \u010desar so enostavni za uporabo in zanesljivi pri vsakodnevni uporabi.\t\t\t\t\t\t\t\t<\/div>\n\t\t\t\t<\/div>\n\t\t\t\t<div class=\"elementor-element elementor-element-bab8373 elementor-widget elementor-widget-text-editor\" data-id=\"bab8373\" data-element_type=\"widget\" data-e-type=\"widget\" data-widget_type=\"text-editor.default\">\n\t\t\t\t<div class=\"elementor-widget-container\">\n\t\t\t\t\t\t\t\t\t<p>Izdelek je na voljo v ve\u010d variantah nosilnosti \u2013 <strong data-start=\"1435\" data-end=\"1456\">od 100 kg do 2.000 kg,<\/strong> odvisno od modela, kar omogo\u010da izbiro optimalnega prijemala za dolo\u010dene te\u017ee tovora. Nosilnost je razli\u010dna za ravne in kotalne povr\u0161ine, da zagotovimo pravilno in varno uporabo pri delu.<\/p>\t\t\t\t\t\t\t\t<\/div>\n\t\t\t\t<\/div>\n\t\t\t\t<div class=\"elementor-element elementor-element-0f98cd4 elementor-widget elementor-widget-text-editor\" data-id=\"0f98cd4\" data-element_type=\"widget\" data-e-type=\"widget\" data-widget_type=\"text-editor.default\">\n\t\t\t\t<div class=\"elementor-widget-container\">\n\t\t\t\t\t\t\t\t\t<blockquote><p><strong data-start=\"1715\" data-end=\"1744\">Magnetne spone<\/strong> so enostavne za uporabo, z natan\u010dno dolo\u010deno aktivacijo magnetne sile, ki obdr\u017ei breme med dvigovanjem stabilno. Zagotavljajo <strong data-start=\"1852\" data-end=\"1879\">visok varnostni faktor <\/strong> (3,5:1 za modele do 300 kg in 3:1 za modele do 2000 kg) v skladu s standardom EN 13155, ki je standard za opremo pri dvigovanju bremen s pomo\u010djo veznih elementov in sprejemnih naprav.<\/p><\/blockquote>\t\t\t\t\t\t\t\t<\/div>\n\t\t\t\t<\/div>\n\t\t\t\t<div class=\"elementor-element elementor-element-7983cd3 elementor-widget elementor-widget-text-editor\" data-id=\"7983cd3\" data-element_type=\"widget\" data-e-type=\"widget\" data-widget_type=\"text-editor.default\">\n\t\t\t\t<div class=\"elementor-widget-container\">\n\t\t\t\t\t\t\t\t\t<div class=\"nabrajanje\">Delovna temperatura tega <strong data-start=\"2199\" data-end=\"2216\">magnetnega nosilca <\/strong> omogo\u010da uporabo v \u0161irokem razponu pogojev &#8211; od -40\u00b0C do 80\u00b0C &#8211; kar zagotavlja funkcionalnost v razli\u010dnih delovnih okoljih. Magnetna prijemala zaradi robustne, a enostavne konstrukcije ne zahtevajo kompleksnega vzdr\u017eevanja in so idealna za uporabo v proizvodnih obratih, skladi\u0161\u010dih in monta\u017enih delih.<\/div>\t\t\t\t\t\t\t\t<\/div>\n\t\t\t\t<\/div>\n\t\t\t\t<div class=\"elementor-element elementor-element-723c7fe elementor-widget elementor-widget-text-editor\" data-id=\"723c7fe\" data-element_type=\"widget\" data-e-type=\"widget\" data-widget_type=\"text-editor.default\">\n\t\t\t\t<div class=\"elementor-widget-container\">\n\t\t\t\t\t\t\t\t\t<div class=\"nabrajanje\">Izberite ustrezen model magnetnega prijemala glede na zahtevano nosilnost in izkoristite prednosti <strong data-start=\"2652\" data-end=\"2713\">varnega in u\u010dinkovitega rokovanja<\/strong> s feromagnetnimi materiali s hitro dostavo in strokovno podporo Dizalica.hr.<\/div>\t\t\t\t\t\t\t\t<\/div>\n\t\t\t\t<\/div>\n\t\t\t\t\t<\/div>\n\t\t\t\t<\/div>\n\t\t\t\t<\/div>\n\t\t","protected":false},"excerpt":{"rendered":"<p>Magnetna prijemala so naprave za varno dvigovanje in transport plo\u0161\u010d in cevi iz feromagnetnih materialov. Zasnovani so za enostavno uporabo pri delovnih obremenitvah od 100 do 2000 kg in imajo poudarjen varnostni faktor v skladu z EN 13155. Delovna temperatura je od -40\u00b0C do 80\u00b0C, aktivacija magnetizma pa omogo\u010da zanesljiv oprijem brez zunanjega vira energije.<\/p>\n","protected":false},"featured_media":30890,"comment_status":"open","ping_status":"closed","template":"","meta":[],"etheme_brands":[],"product_brand":[],"product_cat":[612,558],"product_tag":[458,479],"class_list":{"0":"post-35285","1":"product","2":"type-product","3":"status-publish","4":"has-post-thumbnail","6":"product_cat-magnetne-in-vijacne-prijemalke-01","7":"product_cat-prijemanje-tovora-01","8":"product_tag-en-13155","9":"product_tag-servis-in-vzdrzevanje-strojev","10":"product_shipping_class-dostava","12":"first","13":"instock","14":"taxable","15":"shipping-taxable","16":"purchasable","17":"product-type-variable","18":"has-default-attributes"},"_links":{"self":[{"href":"https:\/\/dizalica.hr\/sl\/wp-json\/wp\/v2\/product\/35285","targetHints":{"allow":["GET"]}}],"collection":[{"href":"https:\/\/dizalica.hr\/sl\/wp-json\/wp\/v2\/product"}],"about":[{"href":"https:\/\/dizalica.hr\/sl\/wp-json\/wp\/v2\/types\/product"}],"replies":[{"embeddable":true,"href":"https:\/\/dizalica.hr\/sl\/wp-json\/wp\/v2\/comments?post=35285"}],"version-history":[{"count":0,"href":"https:\/\/dizalica.hr\/sl\/wp-json\/wp\/v2\/product\/35285\/revisions"}],"wp:featuredmedia":[{"embeddable":true,"href":"https:\/\/dizalica.hr\/sl\/wp-json\/wp\/v2\/media\/30890"}],"wp:attachment":[{"href":"https:\/\/dizalica.hr\/sl\/wp-json\/wp\/v2\/media?parent=35285"}],"wp:term":[{"taxonomy":"brand","embeddable":true,"href":"https:\/\/dizalica.hr\/sl\/wp-json\/wp\/v2\/etheme_brands?post=35285"},{"taxonomy":"product_brand","embeddable":true,"href":"https:\/\/dizalica.hr\/sl\/wp-json\/wp\/v2\/product_brand?post=35285"},{"taxonomy":"product_cat","embeddable":true,"href":"https:\/\/dizalica.hr\/sl\/wp-json\/wp\/v2\/product_cat?post=35285"},{"taxonomy":"product_tag","embeddable":true,"href":"https:\/\/dizalica.hr\/sl\/wp-json\/wp\/v2\/product_tag?post=35285"}],"curies":[{"name":"wp","href":"https:\/\/api.w.org\/{rel}","templated":true}]}}