{"id":34286,"date":"2026-04-28T03:50:37","date_gmt":"2026-04-28T01:50:37","guid":{"rendered":"https:\/\/dizalica.hr\/nekategorizirano\/hidravlicna-dvojna-dvigalna-miza-2-8t\/"},"modified":"2026-05-05T23:55:52","modified_gmt":"2026-05-05T21:55:52","slug":"hidravlicna-dvojna-dvigalna-miza-2-8t","status":"publish","type":"product","link":"https:\/\/dizalica.hr\/sl\/hidravlicne-dvizne-mize\/dvojne-hidravlicne-dvizne-mize\/hidravlicna-dvojna-dvigalna-miza-2-8t\/","title":{"rendered":"Hidravli\u010dna dvojna dvigalna miza 2-8t &#8211; dvo\u0161karjasta dvigalo, za te\u017eke in dolge tovore, dve EU paleti"},"content":{"rendered":"\t\t<div data-elementor-type=\"product-post\" data-elementor-id=\"34286\" class=\"elementor elementor-34286 elementor-9043\" data-elementor-post-type=\"product\">\n\t\t\t\t<div class=\"elementor-element elementor-element-2e202cee e-flex e-con-boxed e-con e-parent\" data-id=\"2e202cee\" data-element_type=\"container\" data-e-type=\"container\">\n\t\t\t\t\t<div class=\"e-con-inner\">\n\t\t<div class=\"elementor-element elementor-element-9e2987b e-con-full e-flex e-con e-child\" data-id=\"9e2987b\" data-element_type=\"container\" data-e-type=\"container\">\n\t\t\t\t<div class=\"elementor-element elementor-element-3ba8036d elementor-widget elementor-widget-text-editor\" data-id=\"3ba8036d\" data-element_type=\"widget\" data-e-type=\"widget\" data-widget_type=\"text-editor.default\">\n\t\t\t\t<div class=\"elementor-widget-container\">\n\t\t\t\t\t\t\t\t\t<h2>Hidravli\u010dna dvojna dvigalna miza s podalj\u0161ano delovno povr\u0161ino in veliko nosilnostjo za najzahtevnej\u0161e industrijske in skladi\u0161\u010dne potrebe<\/h2>\t\t\t\t\t\t\t\t<\/div>\n\t\t\t\t<\/div>\n\t\t\t\t<div class=\"elementor-element elementor-element-811f4c6 elementor-widget elementor-widget-text-editor\" data-id=\"811f4c6\" data-element_type=\"widget\" data-e-type=\"widget\" data-widget_type=\"text-editor.default\">\n\t\t\t\t<div class=\"elementor-widget-container\">\n\t\t\t\t\t\t\t\t\t<p>Predstavljamo vam hidravli\u010dno dvojno dvigalno mizo serije HW-D &#8211; opremo, ki bo transformirala na\u010din, kako rokujete s te\u017ekimi tovori. To ni samo \u0161e ena dvigalna miza. To je rezultat let in\u017eenirskega razvoja, stotine instalacij po Evropi in tiso\u010de delovnih ur brez okvar.<\/p><p>Kaj jo dela posebno? Dva sinhronizirana \u0161karjasta mehanizma delujeta v popolni harmoniji, zagotavljajo\u010d vam stabilnost, ki je eno\u0161karjaste mize preprosto ne morejo dose\u010di. <\/p>\t\t\t\t\t\t\t\t<\/div>\n\t\t\t\t<\/div>\n\t\t\t\t<div class=\"elementor-element elementor-element-a4dfc53 elementor-widget elementor-widget-text-editor\" data-id=\"a4dfc53\" data-element_type=\"widget\" data-e-type=\"widget\" data-widget_type=\"text-editor.default\">\n\t\t\t\t<div class=\"elementor-widget-container\">\n\t\t\t\t\t\t\t\t\t<p>Dvigalne mize s podalj\u0161ano delovno povr\u0161ino in dvojnimi \u0161karjami v vrsti so namenjene za industrijsko uporabo in optimizacijo proizvodnih procesov, upravljajo se s tipkami 24 V, napajajo pa se na 380 V \/ 50 Hz; opremljene so z varnostnim ventilom proti preobremenitvi, za\u0161\u010dito pred nekontroliranim spu\u0161\u010danjem s pomo\u010djo robnih kontaktov ter kontrolnim ventilom, ki ustavi spu\u0161\u010danje mize v primeru po\u010dene cevi. Zahvaljujo\u010d enostavni monta\u017ei s pomo\u010djo obro\u010dnih vijakov te mize ponujajo zanesljivost in varnost v skladu z oznako CE in normo EN 1570-1.<\/p>\t\t\t\t\t\t\t\t<\/div>\n\t\t\t\t<\/div>\n\t\t\t\t<div class=\"elementor-element elementor-element-de97079 elementor-widget elementor-widget-text-editor\" data-id=\"de97079\" data-element_type=\"widget\" data-e-type=\"widget\" data-widget_type=\"text-editor.default\">\n\t\t\t\t<div class=\"elementor-widget-container\">\n\t\t\t\t\t\t\t\t\t<h3>Zakaj na\u0161i kupci izbirajo to dvigalno mizo?<\/h3><blockquote><p>&#8220;Kon\u010dno lahko delamo z dvema paletama hkrati!&#8221; &#8211; logisti\u010dni center iz Zagreba<\/p><\/blockquote><p>Predstavljajte si: Delavci ne izgubljajo ve\u010d \u010dasa s preklapljanjem z ene palete na drugo. Obe paleti sta pred njim, na optimalni vi\u0161ini, pripravljeni za delo. Rezultat? Produktivnost naraste do 40-60%. To ni teorija &#8211; to so \u0161tevilke iz resni\u010dnih skladi\u0161\u010d.<\/p><blockquote><p>&#8220;6-metrske deske se pri obdelavi ne vibrirajo ve\u010d.&#8221; &#8211; lesnopredelovalno podjetje<\/p><\/blockquote><p>Ko obdelujete dolge kose lesa, vsak milimeter upogiba ustvarja problem. Na\u0161e dvojne mize imajo upogib manj\u0161i od 2 mm na meter dol\u017eine. Va\u0161e deske ostanejo ravne. Va\u0161e delo ostane natan\u010dno.<\/p>\t\t\t\t\t\t\t\t<\/div>\n\t\t\t\t<\/div>\n\t\t\t\t<div class=\"elementor-element elementor-element-97c0b33 elementor-widget elementor-widget-text-editor\" data-id=\"97c0b33\" data-element_type=\"widget\" data-e-type=\"widget\" data-widget_type=\"text-editor.default\">\n\t\t\t\t<div class=\"elementor-widget-container\">\n\t\t\t\t\t\t\t\t\t<h2 class=\"nabrajanje\">Primerjava modelov dvo\u0161karjastih dvigalnih miz<\/h2>\t\t\t\t\t\t\t\t<\/div>\n\t\t\t\t<\/div>\n\t\t\t\t<div class=\"elementor-element elementor-element-91e7da9 elementor-widget elementor-widget-text-editor\" data-id=\"91e7da9\" data-element_type=\"widget\" data-e-type=\"widget\" data-widget_type=\"text-editor.default\">\n\t\t\t\t<div class=\"elementor-widget-container\">\n\t\t\t\t\t\t\t\t\t<div class=\"table-wrap\"><table class=\"styled-table\" style=\"width: 100%; table-layout: fixed;\" role=\"table\" aria-label=\"Usporedba 3 modela HW-D serije\"><colgroup> <col style=\"width: 24%;\"> <col style=\"width: 25%;\"> <col style=\"width: 25%;\"> <col style=\"width: 26%;\"> <\/colgroup><thead><tr><th style=\"text-align: left;\" scope=\"col\">Karakteristika<\/th><th style=\"text-align: center;\" scope=\"col\">HW-D 2000<\/th><th style=\"text-align: center;\" scope=\"col\">HW-D 4000<\/th><th style=\"text-align: center;\" scope=\"col\">HW-D 8000<\/th><\/tr><\/thead><tbody><tr><td style=\"text-align: left;\">Nosilnost<\/td><td style=\"text-align: center;\">2000 kg (2 t)<\/td><td style=\"text-align: center;\">4000 kg (4 t)<\/td><td style=\"text-align: center;\">8000 kg (8 t)<\/td><\/tr><tr><td style=\"text-align: left;\">Dimenzije plo\u0161\u010de (D x \u0160)<\/td><td style=\"text-align: center;\">2500 x 820 mm<\/td><td style=\"text-align: center;\">2500 x 850 mm<\/td><td style=\"text-align: center;\">3000 x 1200 mm<\/td><\/tr><tr><td style=\"text-align: left;\">Minimalna vi\u0161ina<\/td><td style=\"text-align: center;\">205 mm<\/td><td style=\"text-align: center;\">230 mm<\/td><td style=\"text-align: center;\">240 mm<\/td><\/tr><tr><td style=\"text-align: left;\">Maksimalna vi\u0161ina<\/td><td style=\"text-align: center;\">1000 mm<\/td><td style=\"text-align: center;\">1000 mm<\/td><td style=\"text-align: center;\">1050 mm<\/td><\/tr><tr><td style=\"text-align: left;\">Hod<\/td><td style=\"text-align: center;\">795 mm<\/td><td style=\"text-align: center;\">770 mm<\/td><td style=\"text-align: center;\">750 mm<\/td><\/tr><tr><td style=\"text-align: left;\">\u010cas dviganja (prazno)<\/td><td style=\"text-align: center;\">25 s<\/td><td style=\"text-align: center;\">35 s<\/td><td style=\"text-align: center;\">35 s<\/td><\/tr><tr><td style=\"text-align: left;\">\u010cas dviganja (polno)<\/td><td style=\"text-align: center;\">35 s<\/td><td style=\"text-align: center;\">45 s<\/td><td style=\"text-align: center;\">45 s<\/td><\/tr><tr><td style=\"text-align: left;\">Te\u017ea mize<\/td><td style=\"text-align: center;\">265 kg<\/td><td style=\"text-align: center;\">360 kg<\/td><td style=\"text-align: center;\">700 kg<\/td><\/tr><tr><td style=\"text-align: left;\">Napajanje<\/td><td style=\"text-align: center;\">380V \/ 50Hz<\/td><td style=\"text-align: center;\">380V \/ 50Hz<\/td><td style=\"text-align: center;\">380V \/ 50Hz<\/td><\/tr><tr><td style=\"text-align: left;\">Raven hrupa<\/td><td style=\"text-align: center;\">&lt;70 dB<\/td><td style=\"text-align: center;\">&lt;72 dB<\/td><td style=\"text-align: center;\">&lt;75 dB<\/td><\/tr><tr><td style=\"text-align: left;\">Idealna uporaba<\/td><td style=\"text-align: center;\">Skladi\u0161\u010da, delavnice<\/td><td style=\"text-align: center;\">Kovinska industrija<\/td><td style=\"text-align: center;\">Te\u017eka industrija, livarne<\/td><\/tr><\/tbody><tfoot><tr><td style=\"text-align: center;\" colspan=\"4\">TABELA 1: Primerjava 3 modelov serije HW-D<\/td><\/tr><\/tfoot><\/table><\/div>\t\t\t\t\t\t\t\t<\/div>\n\t\t\t\t<\/div>\n\t\t\t\t<div class=\"elementor-element elementor-element-9b4aaad elementor-widget elementor-widget-text-editor\" data-id=\"9b4aaad\" data-element_type=\"widget\" data-e-type=\"widget\" data-widget_type=\"text-editor.default\">\n\t\t\t\t<div class=\"elementor-widget-container\">\n\t\t\t\t\t\t\t\t\t<h2 class=\"nabrajanje\">Mo\u017enosti uporabe po nosilnostih &#8211; modelih<\/h2><p>Dvojne hidravli\u010dne dvigalne mize serije HW-D so zasnovane za \u0161irok spekter industrijskih uporab, kjer je potrebna manipulacija te\u017ekih tovorov z maksimalno stabilnostjo in varnostjo. Dvojni \u0161karjasti mehanizem zagotavlja edinstvene prednosti v naslednjih industrijah:<\/p>\t\t\t\t\t\t\t\t<\/div>\n\t\t\t\t<\/div>\n\t\t<div class=\"elementor-element elementor-element-eeecc5d e-con-full e-grid e-con e-child\" data-id=\"eeecc5d\" data-element_type=\"container\" data-e-type=\"container\">\n\t\t\t\t<div class=\"elementor-element elementor-element-dba7814 elementor-widget elementor-widget-text-editor\" data-id=\"dba7814\" data-element_type=\"widget\" data-e-type=\"widget\" data-widget_type=\"text-editor.default\">\n\t\t\t\t<div class=\"elementor-widget-container\">\n\t\t\t\t\t\t\t\t\t<h3 class=\"nabrajanje\">HW-D 2000 (2000 kg) &#8211; Idealno za:<\/h3><div class=\"nabrajanje\">\u2713 Paletiziranje la\u017ejih izdelkov (2 paleti \u00d7 1000 kg)<br>\u2713 Mizarska proizvodnja in izdelava pohi\u0161tva<br>\u2713 Delavnice za vzdr\u017eevanje la\u017eje mehanizacije<br>\u2713 Majhne proizvodnje s ob\u010dasnimi potrebami<br>\u2713 Servisi osebnih vozil (motorji, menjalnike)<\/div>\t\t\t\t\t\t\t\t<\/div>\n\t\t\t\t<\/div>\n\t\t\t\t<div class=\"elementor-element elementor-element-89e0d7e elementor-widget elementor-widget-text-editor\" data-id=\"89e0d7e\" data-element_type=\"widget\" data-e-type=\"widget\" data-widget_type=\"text-editor.default\">\n\t\t\t\t<div class=\"elementor-widget-container\">\n\t\t\t\t\t\t\t\t\t<h4>HW-D 4000 (4000 kg) &#8211; NAJBOLJ PRILJUBLJEN MODEL &#8211; Idealno za:<\/h4><p>\u2713 Paletiziranje standardnega blaga (2 paleti \u00d7 2000 kg) \u2b50<br>\u2713 Lesna industrija &#8211; plo\u0161\u010de, pohi\u0161tvo, mizarstvo<br>\u2713 Kovinska industrija &#8211; plo\u010devina, konstrukcije<br>\u2713 Servisi tovornjakov &#8211; menjalniki, mostovi<br>\u2713 Skladi\u0161\u010denje in logistika<br>\u2713 POKRIVA 60% VSEH UPORAB<\/p>\t\t\t\t\t\t\t\t<\/div>\n\t\t\t\t<\/div>\n\t\t\t\t<div class=\"elementor-element elementor-element-bb5c195 elementor-widget elementor-widget-text-editor\" data-id=\"bb5c195\" data-element_type=\"widget\" data-e-type=\"widget\" data-widget_type=\"text-editor.default\">\n\t\t\t\t<div class=\"elementor-widget-container\">\n\t\t\t\t\t\t\t\t\t<h4>HW-D 8000 (8000 kg) &#8211; Idealno za:<\/h4><p>\u2713 Livarne &#8211; masivni odlitki do 8 ton<br>\u2713 Ladjedelni\u0161tvo &#8211; ladijski motorji, propelerji<br>\u2713 Te\u017eka kovinska industrija &#8211; stiskanje, varjenje<br>\u2713 Lesna industrija &#8211; paketi masivnega lesa 6m<br>\u2713 Paletiziranje ekstra te\u017ekih izdelkov (2 paleti \u00d7 4000 kg)<br>\u2713 Strojegradnja &#8211; najte\u017ei industrijski stroji<\/p>\t\t\t\t\t\t\t\t<\/div>\n\t\t\t\t<\/div>\n\t\t\t\t<\/div>\n\t\t\t\t<div class=\"elementor-element elementor-element-eaebd0f elementor-widget elementor-widget-text-editor\" data-id=\"eaebd0f\" data-element_type=\"widget\" data-e-type=\"widget\" data-widget_type=\"text-editor.default\">\n\t\t\t\t<div class=\"elementor-widget-container\">\n\t\t\t\t\t\t\t\t\t<h2 class=\"nabrajanje\">Kako izbrati pravi model dvigalne mize za va\u0161o uporabo?<\/h2>\t\t\t\t\t\t\t\t<\/div>\n\t\t\t\t<\/div>\n\t\t<div class=\"elementor-element elementor-element-3fdbaac e-con-full e-grid e-con e-child\" data-id=\"3fdbaac\" data-element_type=\"container\" data-e-type=\"container\">\n\t\t\t\t<div class=\"elementor-element elementor-element-5d9f342 elementor-widget elementor-widget-text-editor\" data-id=\"5d9f342\" data-element_type=\"widget\" data-e-type=\"widget\" data-widget_type=\"text-editor.default\">\n\t\t\t\t<div class=\"elementor-widget-container\">\n\t\t\t\t\t\t\t\t\t<h4 class=\"nabrajanje\">Korak 1: Analizirajte te\u017eo tovora<\/h4><ul class=\"nabrajanje\"><li class=\"nabrajanje\">Izmerite ali ocenite maksimalno te\u017eo predmeta<\/li><li class=\"nabrajanje\">Dodajte 20% varnostne rezerve<\/li><li class=\"nabrajanje\">\u010ce delate z dvema paletama, se\u0161tejte obe te\u017ei<\/li><\/ul>\t\t\t\t\t\t\t\t<\/div>\n\t\t\t\t<\/div>\n\t\t\t\t<div class=\"elementor-element elementor-element-4a7cb3e elementor-widget elementor-widget-text-editor\" data-id=\"4a7cb3e\" data-element_type=\"widget\" data-e-type=\"widget\" data-widget_type=\"text-editor.default\">\n\t\t\t\t<div class=\"elementor-widget-container\">\n\t\t\t\t\t\t\t\t\t<h4>Korak 2: Preverite dimenzije<\/h4><ul><li>Izmerite dimenzije predmeta, ki ga dvigujete<\/li><li>Zagotovite, da stane na delovno plo\u0161\u010do s 50-100 mm rezerve<\/li><\/ul>\t\t\t\t\t\t\t\t<\/div>\n\t\t\t\t<\/div>\n\t\t\t\t<div class=\"elementor-element elementor-element-727ec06 elementor-widget elementor-widget-text-editor\" data-id=\"727ec06\" data-element_type=\"widget\" data-e-type=\"widget\" data-widget_type=\"text-editor.default\">\n\t\t\t\t<div class=\"elementor-widget-container\">\n\t\t\t\t\t\t\t\t\t<h4>Korak 3: Dolo\u010dite potrebno vi\u0161ino<\/h4><ul class=\"nabrajanje\"><li>Minimalna vi\u0161ina: Mora stati v va\u0161 prostor<\/li><li>Maksimalna vi\u0161ina: Mora dose\u010di va\u0161o delovno vi\u0161ino<\/li><li>Hod: Razlika med min in max<\/li><\/ul>\t\t\t\t\t\t\t\t<\/div>\n\t\t\t\t<\/div>\n\t\t\t\t<div class=\"elementor-element elementor-element-8455068 elementor-widget elementor-widget-text-editor\" data-id=\"8455068\" data-element_type=\"widget\" data-e-type=\"widget\" data-widget_type=\"text-editor.default\">\n\t\t\t\t<div class=\"elementor-widget-container\">\n\t\t\t\t\t\t\t\t\t<h4>Korak 4: Razmislite o pogostosti uporabe<\/h4><ul class=\"nabrajanje\"><li>Ob\u010dasno (1-2h dnevno): HW-D 2000<\/li><li>Redno (4-8h dnevno): HW-D 4000<\/li><li>Intenzivno (8-16h dnevno): HW-D 4000 ali 8000<\/li><\/ul>\t\t\t\t\t\t\t\t<\/div>\n\t\t\t\t<\/div>\n\t\t\t\t<\/div>\n\t\t\t\t<\/div>\n\t\t<div class=\"elementor-element elementor-element-55b0562 e-con-full e-flex e-con e-child\" data-id=\"55b0562\" data-element_type=\"container\" data-e-type=\"container\">\n\t\t\t\t<div class=\"elementor-element elementor-element-3cacfdb elementor-widget elementor-widget-text-editor\" data-id=\"3cacfdb\" data-element_type=\"widget\" data-e-type=\"widget\" data-widget_type=\"text-editor.default\">\n\t\t\t\t<div class=\"elementor-widget-container\">\n\t\t\t\t\t\t\t\t\t<div class=\"table-wrap\"><table class=\"styled-table\" role=\"table\" aria-label=\"Karakteristike hidrauli\u010dnog duplog podiznog stola s produ\u017eenom povr\u0161inom\"><thead><tr><th scope=\"col\"><h2>Specifikacije<\/h2><\/th><th scope=\"col\">Hidravli\u010dna dvojna dvigalna miza \u2013 podalj\u0161ana delovna povr\u0161ina<\/th><\/tr><\/thead><tbody><tr><td>Namembnost \/ Konstrukcija<\/td><td>Industrijska uporaba in optimizacija proizvodnih procesov. Dvojne \u0161karje v vrsti s podalj\u0161ano delovno povr\u0161ino.<\/td><\/tr><tr><td>Upravljanje in napajanje<\/td><td>Upravljanje s tipkami 24V; Napajanje 380V \/ 50Hz<\/td><\/tr><tr><td>Varnostne zna\u010dilnosti<\/td><td>Varnostni ventil proti preobremenitvi; Za\u0161\u010dita pred nekontroliranim spu\u0161\u010danjem (robni kontakti); Kontrolni ventil za primer po\u010dene cevi<\/td><\/tr><tr><td>Monta\u017ea<\/td><td>Enostavna monta\u017ea s pomo\u010djo obro\u010dnih vijakov<\/td><\/tr><tr><td>Certifikacija in standardi<\/td><td>Oznaka CE, norma EN 1570-1<\/td><\/tr><\/tbody><tfoot><tr><td colspan=\"2\">Miza za delo z dolgimi tovori ali delovnimi povr\u0161inami.<\/td><\/tr><\/tfoot><\/table><\/div>\t\t\t\t\t\t\t\t<\/div>\n\t\t\t\t<\/div>\n\t\t\t\t<\/div>\n\t\t\t\t\t<\/div>\n\t\t\t\t<\/div>\n\t\t\t\t<\/div>\n\t\t","protected":false},"excerpt":{"rendered":"<p>Revolucionirajte svoje poslovanje z HW-D dvojno hidravli\u010dno mizo &#8211; dvo\u0161karjastim dvigalom! Dve paleti hkrati &#8211; podvojite produktivnost va\u0161ega skladi\u0161\u010da. Dvojni \u0161karjasti mehanizem zagotavlja neprekosljivo stabilnost in varnost do 8 ton.<br \/>\n\u2713 3 modeli: 2T, 4T, 8T nosilnost<br \/>\n\u2713 Delovna plo\u0161\u010da 2500\u00d7820 do 3000&#215;1200 mm<br \/>\n\u2713 Upogib &lt;2 mm\/meter<br \/>\n\u2713 CE certifikat EN 1570-1<br \/>\n\u2713 24 mesecev garancije<\/p>\n","protected":false},"featured_media":9042,"comment_status":"open","ping_status":"closed","template":"","meta":[],"etheme_brands":[],"product_brand":[],"product_cat":[539,536],"product_tag":[538,460],"class_list":{"0":"post-34286","1":"product","2":"type-product","3":"status-publish","4":"has-post-thumbnail","6":"product_cat-dvojne-hidravlicne-dvizne-mize-01","7":"product_cat-hidravlicne-dvizne-mize-01","8":"product_tag-en-1570-1","9":"product_tag-tezka-industrijska-dviganja","11":"first","12":"instock","13":"taxable","14":"shipping-taxable","15":"purchasable","16":"product-type-variable","17":"has-default-attributes"},"_links":{"self":[{"href":"https:\/\/dizalica.hr\/sl\/wp-json\/wp\/v2\/product\/34286","targetHints":{"allow":["GET"]}}],"collection":[{"href":"https:\/\/dizalica.hr\/sl\/wp-json\/wp\/v2\/product"}],"about":[{"href":"https:\/\/dizalica.hr\/sl\/wp-json\/wp\/v2\/types\/product"}],"replies":[{"embeddable":true,"href":"https:\/\/dizalica.hr\/sl\/wp-json\/wp\/v2\/comments?post=34286"}],"version-history":[{"count":0,"href":"https:\/\/dizalica.hr\/sl\/wp-json\/wp\/v2\/product\/34286\/revisions"}],"wp:featuredmedia":[{"embeddable":true,"href":"https:\/\/dizalica.hr\/sl\/wp-json\/wp\/v2\/media\/9042"}],"wp:attachment":[{"href":"https:\/\/dizalica.hr\/sl\/wp-json\/wp\/v2\/media?parent=34286"}],"wp:term":[{"taxonomy":"brand","embeddable":true,"href":"https:\/\/dizalica.hr\/sl\/wp-json\/wp\/v2\/etheme_brands?post=34286"},{"taxonomy":"product_brand","embeddable":true,"href":"https:\/\/dizalica.hr\/sl\/wp-json\/wp\/v2\/product_brand?post=34286"},{"taxonomy":"product_cat","embeddable":true,"href":"https:\/\/dizalica.hr\/sl\/wp-json\/wp\/v2\/product_cat?post=34286"},{"taxonomy":"product_tag","embeddable":true,"href":"https:\/\/dizalica.hr\/sl\/wp-json\/wp\/v2\/product_tag?post=34286"}],"curies":[{"name":"wp","href":"https:\/\/api.w.org\/{rel}","templated":true}]}}