{"id":34231,"date":"2026-04-28T03:10:49","date_gmt":"2026-04-28T01:10:49","guid":{"rendered":"https:\/\/dizalica.hr\/nekategorizirano\/tovornjaskega-treku-spaner-za-tovor-50mm-5t\/"},"modified":"2026-04-28T03:11:05","modified_gmt":"2026-04-28T01:11:05","slug":"tovornjaskega-treku-spaner-za-tovor-50mm-5t","status":"publish","type":"product","link":"https:\/\/dizalica.hr\/sl\/tovornjaki-program\/tovorni-dvizni-trakovi\/tovornjaskega-treku-spaner-za-tovor-50mm-5t\/","title":{"rendered":"Tovornja\u0161kega traku &#8211; \u0161paner za tovor, z mehanizmom za napenjanje, 5t, 50mm, 8-12m, za gradbene materiale, industrijsko opremo, paletizirano blago"},"content":{"rendered":"\t\t<div data-elementor-type=\"product-post\" data-elementor-id=\"34231\" class=\"elementor elementor-34231 elementor-2495\" data-elementor-post-type=\"product\">\n\t\t\t\t<div class=\"elementor-element elementor-element-9c4836 e-flex e-con-boxed e-con e-parent\" data-id=\"9c4836\" data-element_type=\"container\" data-e-type=\"container\">\n\t\t\t\t\t<div class=\"e-con-inner\">\n\t\t<div class=\"elementor-element elementor-element-08c5c30 e-con-full e-flex e-con e-child\" data-id=\"08c5c30\" data-element_type=\"container\" data-e-type=\"container\">\n\t\t\t\t<div class=\"elementor-element elementor-element-58b86bf1 elementor-widget elementor-widget-text-editor\" data-id=\"58b86bf1\" data-element_type=\"widget\" data-e-type=\"widget\" data-widget_type=\"text-editor.default\">\n\t\t\t\t<div class=\"elementor-widget-container\">\n\t\t\t\t\t\t\t\t\t<h4>Tovornja\u0161kega traku<br>\u0160panerji za tovor, trakovi za tovornjak.<\/h4><p>&#8211; \u0161irina traku 50mm<br>&#8211; STF 300daN<br>&#8211; kapaciteta privezovanja 5T<br>&#8211; pretr\u017ena trdnost traku 7500daN<br>&#8211; natezna trdnost: 650-800 N\/mm2<br>&#8211; raztezek max 7%<br>&#8211; vpijanje vlage: 0,4 %<br>&#8211; tali\u0161\u010de: 260 \u00b0C<br>&#8211; delovna temperatura: od -40\u00b0 do 100\u00b0C<br>&#8211; norma EN 12195-2<\/p><p>Druge dol\u017eine izdelujemo po naro\u010dilu.<\/p><p>Tovornja\u0161kega traku \u2013 \u0161paner za tovor \u0161irine traku 50 mm, s kapaciteto privezovanja 5T in STF vrednostjo 300 daN, izdelan iz materiala natezne trdnosti 650\u2013800 N\/mm\u00b2, s pretr\u017eno trdnostjo traku 7500 daN, maksimalnim raztezkom 7 %, vpijanjem vlage 0,4 %, tali\u0161\u010dem 260 \u00b0C ter delovno temperaturo od -40 \u00b0C do +100 \u00b0C, v skladu z normo EN 12195-2; druge dol\u017eine izdelujemo po naro\u010dilu.<\/p>\t\t\t\t\t\t\t\t<\/div>\n\t\t\t\t<\/div>\n\t\t\t\t<\/div>\n\t\t<div class=\"elementor-element elementor-element-0ab2a47 e-con-full e-flex e-con e-child\" data-id=\"0ab2a47\" data-element_type=\"container\" data-e-type=\"container\">\n\t\t\t\t<div class=\"elementor-element elementor-element-5c7f820 elementor-widget elementor-widget-text-editor\" data-id=\"5c7f820\" data-element_type=\"widget\" data-e-type=\"widget\" data-widget_type=\"text-editor.default\">\n\t\t\t\t<div class=\"elementor-widget-container\">\n\t\t\t\t\t\t\t\t\t<div class=\"table-wrap\">\n<table class=\"styled-table\">\n<tbody>\n<tr>\n<td><strong>\u0160irina traku:<\/strong><\/td>\n<td>50 mm<\/td>\n<\/tr>\n<tr>\n<td><strong>Kapaciteta privezovanja (LC2):<\/strong><\/td>\n<td>5000 daN (5t) &#8211; v objemu<\/td>\n<\/tr>\n<tr>\n<td><strong>Kapaciteta privezovanja (LC1):<\/strong><\/td>\n<td>2500 daN (2,5t) &#8211; na poteg<\/td>\n<\/tr>\n<tr>\n<td><strong>Standardna napenjalna sila (STF):<\/strong><\/td>\n<td>300 daN<\/td>\n<\/tr>\n<tr>\n<td><strong>Pretr\u017ena trdnost traku (MBS):<\/strong><\/td>\n<td>7500 daN<\/td>\n<\/tr>\n<tr>\n<td><strong>Natezna trdnost materiala:<\/strong><\/td>\n<td>650\u2013800 N\/mm\u00b2<\/td>\n<\/tr>\n<tr>\n<td><strong>Maksimalni raztezek:<\/strong><\/td>\n<td>7%<\/td>\n<\/tr>\n<tr>\n<td><strong>Vpijanje vlage:<\/strong><\/td>\n<td>0,4%<\/td>\n<\/tr>\n<tr>\n<td><strong>Tali\u0161\u010de:<\/strong><\/td>\n<td>260\u00b0C<\/td>\n<\/tr>\n<tr>\n<td><strong>Delovna temperatura:<\/strong><\/td>\n<td>-40\u00b0C do +100\u00b0C<\/td>\n<\/tr>\n<tr>\n<td><strong>Razpolo\u017eljive dol\u017eine:<\/strong><\/td>\n<td>8m, 10m, 12m (ostale po naro\u010dilu)<\/td>\n<\/tr>\n<tr>\n<td><strong>Norma:<\/strong><\/td>\n<td>EN 12195-2<\/td>\n<\/tr>\n<tr>\n<td><strong>Blagovna znamka:<\/strong><\/td>\n<td>Gutman<\/td>\n<\/tr>\n<\/tbody>\n<\/table>\n<\/div>\t\t\t\t\t\t\t\t<\/div>\n\t\t\t\t<\/div>\n\t\t\t\t<\/div>\n\t\t\t\t\t<\/div>\n\t\t\t\t<\/div>\n\t\t\t\t<\/div>\n\t\t","protected":false},"excerpt":{"rendered":"<p>Tovornja\u0161kega traku \u2013 \u0161paner za tovor \u0161irine traku 50 mm, s kapaciteto privezovanja 5T in STF vrednostjo 300 daN, izdelan iz materiala natezne trdnosti 650\u2013800 N\/mm\u00b2, s pretr\u017eno trdnostjo traku 7500 daN, maksimalnim raztezkom 7 %, vpijanjem vlage 0,4 %, tali\u0161\u010dem 260 \u00b0C ter delovno temperaturo od -40 \u00b0C do +100 \u00b0C, v skladu z normo EN 12195-2; druge dol\u017eine izdelujemo po naro\u010dilu.<\/p>\n","protected":false},"featured_media":30872,"comment_status":"open","ping_status":"closed","template":"","meta":[],"etheme_brands":[],"product_brand":[],"product_cat":[509],"product_tag":[510],"class_list":{"0":"post-34231","1":"product","2":"type-product","3":"status-publish","4":"has-post-thumbnail","6":"product_cat-tovorni-dvizni-trakovi","7":"product_tag-en-12195-2","8":"product_shipping_class-dostava","10":"first","11":"instock","12":"sale","13":"taxable","14":"shipping-taxable","15":"purchasable","16":"product-type-variable","17":"has-default-attributes"},"_links":{"self":[{"href":"https:\/\/dizalica.hr\/sl\/wp-json\/wp\/v2\/product\/34231","targetHints":{"allow":["GET"]}}],"collection":[{"href":"https:\/\/dizalica.hr\/sl\/wp-json\/wp\/v2\/product"}],"about":[{"href":"https:\/\/dizalica.hr\/sl\/wp-json\/wp\/v2\/types\/product"}],"replies":[{"embeddable":true,"href":"https:\/\/dizalica.hr\/sl\/wp-json\/wp\/v2\/comments?post=34231"}],"version-history":[{"count":1,"href":"https:\/\/dizalica.hr\/sl\/wp-json\/wp\/v2\/product\/34231\/revisions"}],"predecessor-version":[{"id":34235,"href":"https:\/\/dizalica.hr\/sl\/wp-json\/wp\/v2\/product\/34231\/revisions\/34235"}],"wp:featuredmedia":[{"embeddable":true,"href":"https:\/\/dizalica.hr\/sl\/wp-json\/wp\/v2\/media\/30872"}],"wp:attachment":[{"href":"https:\/\/dizalica.hr\/sl\/wp-json\/wp\/v2\/media?parent=34231"}],"wp:term":[{"taxonomy":"brand","embeddable":true,"href":"https:\/\/dizalica.hr\/sl\/wp-json\/wp\/v2\/etheme_brands?post=34231"},{"taxonomy":"product_brand","embeddable":true,"href":"https:\/\/dizalica.hr\/sl\/wp-json\/wp\/v2\/product_brand?post=34231"},{"taxonomy":"product_cat","embeddable":true,"href":"https:\/\/dizalica.hr\/sl\/wp-json\/wp\/v2\/product_cat?post=34231"},{"taxonomy":"product_tag","embeddable":true,"href":"https:\/\/dizalica.hr\/sl\/wp-json\/wp\/v2\/product_tag?post=34231"}],"curies":[{"name":"wp","href":"https:\/\/api.w.org\/{rel}","templated":true}]}}