{"id":34201,"date":"2026-04-28T02:59:08","date_gmt":"2026-04-28T00:59:08","guid":{"rendered":"https:\/\/dizalica.hr\/nekategorizirano\/verizni-zatezalec-rlshk-10mm\/"},"modified":"2026-05-05T23:55:37","modified_gmt":"2026-05-05T21:55:37","slug":"verizni-zatezalec-rlshk-10mm","status":"publish","type":"product","link":"https:\/\/dizalica.hr\/sl\/tovornjaki-program\/verizni-napenjaci\/verizni-zatezalec-rlshk-10mm\/","title":{"rendered":"Veri\u017eni zatezalec 10mm 6300daN RLSHK \u2013 napenja\u010d za verigo za tovorni transport"},"content":{"rendered":"\t\t<div data-elementor-type=\"product-post\" data-elementor-id=\"34201\" class=\"elementor elementor-34201 elementor-2550\" data-elementor-post-type=\"product\">\n\t\t\t\t<div class=\"elementor-element elementor-element-3dcdd63b e-flex e-con-boxed e-con e-parent\" data-id=\"3dcdd63b\" data-element_type=\"container\" data-e-type=\"container\">\n\t\t\t\t\t<div class=\"e-con-inner\">\n\t\t<div class=\"elementor-element elementor-element-e5509e3 e-con-full e-flex e-con e-child\" data-id=\"e5509e3\" data-element_type=\"container\" data-e-type=\"container\">\n\t\t\t\t<div class=\"elementor-element elementor-element-be35a1c elementor-widget elementor-widget-text-editor\" data-id=\"be35a1c\" data-element_type=\"widget\" data-e-type=\"widget\" data-widget_type=\"text-editor.default\">\n\t\t\t\t<div class=\"elementor-widget-container\">\n\t\t\t\t\t\t\t\t\t<section>\n  <h2>Veri\u017eni zatezalec 10mm RLSHK \u2013 napenja\u010d za verigo za profesionalni tovorni transport<\/h2>\n\n  <p>\n  Veri\u017eni zatezalec 10mm 6300daN RLSHK je najbolj priljubljen napenja\u010d za verigo v tovornem  \n  transportu na Hrva\u0161kem in v regiji. Ro\u010dica za verigo 10mm je optimalno ravnovesje med  \n  nosilnostjo, te\u017eo in enostavnostjo rokovanja \u2013 dovolj mo\u010dna za vezanje te\u017ekih tovorov  \n  na tovornjake, polprikolice in nizkole\u017ee\u010de prikolice, hkrati pa kompaktna in lahka za vsakodnevno delo  \n  voznikov in logisti\u010dnih delavcev. Veri\u017eni zatezalec 10mm je na voljo v dol\u017einah od 2m do 6m,  \n  z mo\u017enostjo izdelave nestandardnih dol\u017ein po naro\u010dilu.\n  <\/p>\n\n  <p>\n  Za razliko od tovornih dvi\u017enih trakov, ki so ob\u010dutljivi na ostre robove, olje in kemikalije,  \n  napenja\u010d za verigo 10mm iz visokotrdnostnega jekla prenese tudi najzahtevnej\u0161e transportne pogoje  \n  brez izgube nosilnosti ali po\u0161kodb. Veri\u017eni napenja\u010d 10mm je standardna oprema na  \n  tovornjake, ki preva\u017eajo gradbeno mehanizacijo, kovinske konstrukcije, stroje in drugo  \n  blago z ostrimi robovi \u2013 kjer so dvi\u017eni trakovi nezanesljivi ali prepovedani. Vsak zatezalec verige  \n  tovornjak se dobavi s certifikatom in kovinsko plo\u0161\u010dico z vtisnjeni podatki o nosilnosti  \n  in normi.\n  <\/p>\n<\/section>\t\t\t\t\t\t\t\t<\/div>\n\t\t\t\t<\/div>\n\t\t\t\t<div class=\"elementor-element elementor-element-0e0e1c7 elementor-widget elementor-widget-text-editor\" data-id=\"0e0e1c7\" data-element_type=\"widget\" data-e-type=\"widget\" data-widget_type=\"text-editor.default\">\n\t\t\t\t<div class=\"elementor-widget-container\">\n\t\t\t\t\t\t\t\t\t<section>\n  <h2>Tehni\u010dni podatki in specifikacije veri\u017enega zatezalca 10mm<\/h2>\n\n  <p>\n  Napenja\u010d za verigo 10mm RLSHK je konstruiran z razmerjem minimalne pretr\u017ene trdnosti 4:1  \n  glede na dovoljeno delovno obremenitev, kar pomeni visoko varnostno rezervo za vse  \n  uporabe v tovornem transportu. Sila zatezanja 63 kN in standardna sila zatezanja  \n  STF 1900 daN zagotavljata trdno in zanesljivo napenjanje verige tudi pri dinami\u010dnih  \n  obremenitvah med vo\u017enjo. Odprtina kavlja 15mm je zdru\u017eljiva s standardnimi  \n  priveznimi obro\u010dki (D-obro\u010dki) na tovornih nadgradnjah in prikolicah.\n  <\/p>\n\n  <p>\n  Ro\u010dica za verigo 10mm je opremljena s kavelji-kraj\u0161alci z zavarovanjem na obeh koncih,  \n  kar omogo\u010da hitro in varno obe\u0161anje brez potrebe po orodju. Ro\u010dica dol\u017eine 237mm  \n  zagotavlja zadosten navor za natan\u010dno zatezanje z eno roko, medtem ko hod 145mm  \n  pokriva razli\u010dne polo\u017eaje privezovanja. Veri\u017eni zatezalec 10mm izpolnjuje normo  \n    <strong>HRN EN 12195-3:2001<\/strong> in nosi CE oznako \u2013 obvezen predpogoj za  \n  profesionalni transport v EU.\n  <\/p>\t\t\t\t\t\t\t\t<\/div>\n\t\t\t\t<\/div>\n\t\t\t\t<div class=\"elementor-element elementor-element-b8ce796 elementor-widget elementor-widget-text-editor\" data-id=\"b8ce796\" data-element_type=\"widget\" data-e-type=\"widget\" data-widget_type=\"text-editor.default\">\n\t\t\t\t<div class=\"elementor-widget-container\">\n\t\t\t\t\t\t\t\t\t<section><h2>Uporaba veri\u017enega zatezalca 10mm v tovornem transportu in industriji<\/h2><p><strong>Tovorni transport in mednarodni prevoz tovora<\/strong> \u2014<br>Zatezalec verige tovornjak 10mm je standardna oprema na tovornjake, polprikolice in nizkole\u017ee\u010de<br>prikolice, ki preva\u017eajo gradbeno mehanizacijo, bagre, nakladalce, vili\u010darje in podobna<br>vozila in stroje. Napenja\u010d za verigo tovornjak 10mm zagotavlja 6300 daN nosilnosti, kar je<br>dovolj za varno vezanje ve\u010dine tovorov v cestnem prevozu. Certifikacija<br>po normi EN 12195-3 in CE oznaka sta predpogoj za legalni mednarodni transport<br>znotraj EU, zato je veri\u017eni zatezalec tovornjak 10mm nepogre\u0161ljiva oprema za vsakega profesionalnega<br>voznika in prevoznika.<\/p><p><strong>Logistika in te\u017eki transport<\/strong> \u2014<br>Podjetja, specializirana za te\u017eki in izredni transport, dnevno uporabljajo napenja\u010d<br>za verigo 10mm za zavarovanje transformatorjev, industrijskih naprav, betonskih<br>elementov in podobnih tovorov. Ro\u010dica za verigo 10mm je idealna v situacijah, kjer zaradi<br>oblike tovora ni mogo\u010de namestiti dvi\u017enih trakov ali kjer bi stik dvi\u017enega traku z ostrimi<br>kovinskimi robovi povzro\u010dil po\u0161kodbe priveznega sredstva in ogrozil varnost prevoza.<\/p><p><strong>Gradbena industrija in prevoz mehanizacije<\/strong> \u2014<br>Veri\u017eni zatezalec 10mm se redno uporablja pri prevozu gradbene mehanizacije<br>in opreme: mini bagrov, kompaktnih nakladalcev, vibracijskih plo\u0161\u010d, agregatov in<br>podobnih strojev. Zatezalec verige tovornjak 10mm je odporen na blato, olje, beton in<br>agresivne kemikalije, ki se redno pojavljajo na gradbi\u0161\u010dih in v komunalnem<br>transportu \u2014 kar ga dela trajnej\u0161ega in zanesljivej\u0161ega od tekstilnih alternativ.<\/p><p><strong>Industrija in notranji transport obratov<\/strong> \u2014<br>Ro\u010dica 10mm se uporablja tudi za zavarovanje tovora na notranjih transportnih sredstvih<br>v industrijskih obratih \u2014 na platformah, vagonih in industrijskih vozilih.<br>Visoka nosilnost in kompaktne dimenzije napenja\u010da za verigo 10mm ga delajo primernega<br>za uporabo v kovinski industriji, lesni predelavi in logistiki te\u017ekih polizdelkov<br>in kon\u010dnih delov.<\/p><\/section>\t\t\t\t\t\t\t\t<\/div>\n\t\t\t\t<\/div>\n\t\t\t\t<div class=\"elementor-element elementor-element-8d32edb elementor-widget elementor-widget-text-editor\" data-id=\"8d32edb\" data-element_type=\"widget\" data-e-type=\"widget\" data-widget_type=\"text-editor.default\">\n\t\t\t\t<div class=\"elementor-widget-container\">\n\t\t\t\t\t\t\t\t\t<section>\n  <h2>Prednosti veri\u017enega zatezalca 10mm za tovorni transport<\/h2>\n\n  <p>\n  Osnovna prednost napenja\u010da za verigo 10mm pred tovornimi dvi\u017enimi trakovi je  \n    <strong>odpornost na mehanske po\u0161kodbe in agresivne pogoje<\/strong>.  \n  Dvi\u017eni trakovi so neprimerni za tovor z ostrimi kovinskimi robovi \u2014 en stik  \n  lahko nepovratno po\u0161koduje trak in ogrozi varnost tovora. Veri\u017eni zatezni pas \n  tovornjak 10mm iz visokotrdnostnega jekla ni podvr\u017een prerezu, obrabi od  \n  robov niti degradaciji od UV \u017earkov, olja in kemikalij. Rezultat je dalj\u0161a \u017eivljenjska  \n  doba in ni\u017eji skupni stro\u0161ek na prevoz v primerjavi z dvi\u017enimi trakovi, ki se  \n  pogosteje zamenjujejo.\n  <\/p>\n\n  <p>\n  Mehanizem ro\u010dice za verigo 10mm z ro\u010dico 237mm omogo\u010da  \n    <strong>natan\u010dno zatezanje z eno roko<\/strong> brez potrebe po orodju \u2014  \n  kar voznikom prihrani \u010das pri nakladanju in razkladanju. Kavelji-kraj\u0161alci z  \n  zavarovanjem na obeh koncih veri\u017enega napenja\u010da 10mm se hitro obesijo in snamejo z  \n  D-obro\u010dkov in priveznih to\u010dk, zavarovanje pa prepre\u010duje nenamerno  \n  odcepitev tudi pri nenadnem zaviranju ali vibracijah med vo\u017enjo.\n  <\/p>\n\n  <p>\n  Veri\u017eni zatezalec 10mm je certificiran po normi <strong>HRN EN 12195-3:2001<\/strong> \n  s CE oznako in kovinsko plo\u0161\u010dico z vtisnjeni podatki o nosilnosti, seriji in letu  \n  proizvodnje. Za profesionalne prevoznike in logisti\u010dna podjetja, ki delujejo v  \n  reguliranem B2B okolju ali prevozu po EU, je to nepogre\u0161ljiv predpogoj  \n  za skladnost s prometnimi predpisi in zahtevami zavarovanja.\n  <\/p>\n<\/section>\t\t\t\t\t\t\t\t<\/div>\n\t\t\t\t<\/div>\n\t\t\t\t<div class=\"elementor-element elementor-element-5394d7e elementor-widget elementor-widget-text-editor\" data-id=\"5394d7e\" data-element_type=\"widget\" data-e-type=\"widget\" data-widget_type=\"text-editor.default\">\n\t\t\t\t<div class=\"elementor-widget-container\">\n\t\t\t\t\t\t\t\t\t<section>\n  <h2>Kako uporabljati napenja\u010d za verigo 10mm \u2013 navodila za pravilno uporabo<\/h2>\n\n  <p>\n  Pred vsako uporabo preglejte veri\u017eni zatezalec 10mm: \u010dleni verige ne smejo  \n  biti razpokani, deformirani ali prekomerno obrabljeni, kavelji morajo imeti  \n  funkcionalno zavarovanje, mehanizem ro\u010dice pa se mora prosto obra\u010dati.  \n  En kavelj-kraj\u0161alec pritrdite na privezni obro\u010dek (D-obro\u010dek) na tovornjaku  \n  ali prikolici, drugega pa namestite okoli ali v tovor na ustrezno privezno  \n  mesto. Z ro\u010dico zategnite napenja\u010d za verigo 10mm postopoma, enakomerno  \n  razporedite obremenitev na vse zatezalce, \u010de jih uporabljate ve\u010d.  \n  Nikoli ne presezite dovoljene nosilnosti 6300 daN in ne uporabljajte  \n  zatezalca verige tovornjak za dviganje tovora.\n  <\/p>\n\n  <p>\n  Po kon\u010danem prevozu sprostite ro\u010dico za verigo 10mm z rahlim premikanjem  \n  ro\u010dice v nasprotni smeri do sprostitve napetosti, nato snemite kavelje s  \n  privezi\u0161\u010d. Za dolgotrajnost napenja\u010da za verigo 10mm priporo\u010damo vizualni  \n  pregled po vsaki uporabi ter ob\u010dasno mazanje mehanizma ro\u010dice  \n  in \u010dlenov verige. Veri\u017eni zatezalec 10mm shranjujte suho in za\u0161\u010diteno pred mo\u010dnimi  \n  kislinami in lugami. Pri vidnih po\u0161kodbah kaveljev, verige ali mehanizma  \n  ro\u010dice zatezalec takoj izlo\u010dite iz uporabe in zamenjajte z novim \u2014 varnost  \n  tovora in drugih udele\u017eencev v prometu je vedno prednostna.\n  <\/p>\n<\/section>\t\t\t\t\t\t\t\t<\/div>\n\t\t\t\t<\/div>\n\t\t\t\t<div class=\"elementor-element elementor-element-bb8095f elementor-widget elementor-widget-text-editor\" data-id=\"bb8095f\" data-element_type=\"widget\" data-e-type=\"widget\" data-widget_type=\"text-editor.default\">\n\t\t\t\t<div class=\"elementor-widget-container\">\n\t\t\t\t\t\t\t\t\t<div>\n<h2>Povezani izdelki \u2013 kompletna oprema za vezanje tovora<\/h2>\n\n<p>\u2192 <a class=\"link1\" href=\"https:\/\/dizalica.hr\/sl\/tovornjaki-program\/verizni-nepenjaci\/\">\u2190 Nazaj na kategorijo: Veri\u017eni zatezalci \u2013 ro\u010dice (vsi modeli)<\/a><\/p>\n<p>\u2192 <a class=\"link1\" href=\"https:\/\/dizalica.hr\/kamionski-program\/zatezaci-lanca-racne\/lancani-zatezac-8mm-4000dan\/\">Veri\u017eni zatezalec 8mm 4000daN \u2013 ekonomi\u010dna opcija za la\u017eje tovore<\/a><\/p>\n<p>\u2192 <a class=\"link1\" href=\"https:\/\/dizalica.hr\/kamionski-program\/zatezaci-lanca-racne\/lancani-zatezac-rlshk-13mm-10000dan\/\">Veri\u017eni zatezalec 13mm 10000daN \u2013 za najte\u017eje tovore in industrijsko uporabo<\/a><\/p>\n<p>\u2192 <a class=\"link1\" href=\"https:\/\/dizalica.hr\/sl\/obesalni-kompleti\/verizni-priveski\/\">Veri\u017eni privezniki \u2013 obe\u0161ni kompleti za dviganje tovora<\/a><\/p>\n<p>\u2192 <a class=\"link1\" href=\"https:\/\/dizalica.hr\/sl\/tovornjaki-program\/tovorni-dvizni-trakovi\/\">Tovorni dvi\u017eni trakovi \u2013 za tovor brez ostrih robov<\/a><\/p>\n<p>\u2192 <a class=\"link1\" href=\"https:\/\/dizalica.hr\/sl\/tovornjaki-program\/omejevalniki-in-podporniki\/\">Omejevalniki in podporniki \u2013 dodatno zavarovanje tovora na vozilu<\/a><\/p>\n<\/div>\t\t\t\t\t\t\t\t<\/div>\n\t\t\t\t<\/div>\n\t\t<div class=\"elementor-element elementor-element-88e51ed e-con-full e-flex e-con e-child\" data-id=\"88e51ed\" data-element_type=\"container\" data-e-type=\"container\">\n\t\t\t\t<div class=\"elementor-element elementor-element-34f303d elementor-widget elementor-widget-heading\" data-id=\"34f303d\" data-element_type=\"widget\" data-e-type=\"widget\" data-widget_type=\"heading.default\">\n\t\t\t\t<div class=\"elementor-widget-container\">\n\t\t\t\t\t<div class=\"elementor-heading-title elementor-size-default\">Niste prepri\u010dani, kateri model veri\u017enega vpenjala vam ustreza?<\/div>\t\t\t\t<\/div>\n\t\t\t\t<\/div>\n\t\t\t\t<div class=\"elementor-element elementor-element-3aab957 elementor-widget elementor-widget-text-editor\" data-id=\"3aab957\" data-element_type=\"widget\" data-e-type=\"widget\" data-widget_type=\"text-editor.default\">\n\t\t\t\t<div class=\"elementor-widget-container\">\n\t\t\t\t\t\t\t\t\t<p style=\"text-align: center;\">Oglejte si podrobno primerjavo vseh veri\u017enih vpenjalnih naprav in izberite model, ki najbolj ustreza va\u0161im potrebam.<\/p>\t\t\t\t\t\t\t\t<\/div>\n\t\t\t\t<\/div>\n\t\t\t\t<div class=\"elementor-element elementor-element-12d0250 elementor-hidden-mobile elementor-align-center elementor-widget elementor-widget-text_button\" data-id=\"12d0250\" data-element_type=\"widget\" data-e-type=\"widget\" data-widget_type=\"text_button.default\">\n\t\t\t\t<div class=\"elementor-widget-container\">\n\t\t\t\t\t<div class=\"etheme-button-wrapper\"><a href=\"https:\/\/dizalica.hr\/sl\/tovornjaki-program\/verizni-nepenjaci\/#usporedba\" class=\"fill-top has-fill etheme-text-button elementor-button\" role=\"button\">\n        <span class=\"elementor-button-content-wrapper\">\n                        <span class=\"elementor-button-icon animation-background_ltr\">\n                <svg aria-hidden=\"true\" class=\"e-font-icon-svg e-fab-buromobelexperte\" viewBox=\"0 0 448 512\" xmlns=\"http:\/\/www.w3.org\/2000\/svg\"><path d=\"M0 32v128h128V32H0zm120 120H8V40h112v112zm40-120v128h128V32H160zm120 120H168V40h112v112zm40-120v128h128V32H320zm120 120H328V40h112v112zM0 192v128h128V192H0zm120 120H8V200h112v112zm40-120v128h128V192H160zm120 120H168V200h112v112zm40-120v128h128V192H320zm120 120H328V200h112v112zM0 352v128h128V352H0zm120 120H8V360h112v112zm40-120v128h128V352H160zm120 120H168V360h112v112zm40-120v128h128V352H320z\"><\/path><\/svg>            <\/span>\n        \n\t\t\t<span class=\"elementor-button-text\">Primerjava veri\u017enih vpenjalnih naprav<\/span>\n\n            \n            \n        <\/span><\/a><\/div>\t\t\t\t<\/div>\n\t\t\t\t<\/div>\n\t\t\t\t<\/div>\n\t\t\t\t<\/div>\n\t\t<div class=\"elementor-element elementor-element-26896d4 e-con-full e-flex e-con e-child\" data-id=\"26896d4\" data-element_type=\"container\" data-e-type=\"container\">\n\t\t\t\t<div class=\"elementor-element elementor-element-e0cab99 elementor-widget elementor-widget-text-editor\" data-id=\"e0cab99\" data-element_type=\"widget\" data-e-type=\"widget\" data-widget_type=\"text-editor.default\">\n\t\t\t\t<div class=\"elementor-widget-container\">\n\t\t\t\t\t\t\t\t\t<div class=\"table-wrap\">\n  <table class=\"styled-table\">\n    <thead>\n      <tr>\n        <th>Parameter<\/th>\n        <th>Vrednost<\/th>\n      <\/tr>\n    <\/thead>\n    <tbody>\n      <tr><td>Nosilnost WLL<\/td><td>6300 daN<\/td><\/tr>\n      <tr><td>Minimalna pretr\u017ena trdnost<\/td><td>4:1 WLL<\/td><\/tr>\n      <tr><td>Sila zatezanja LC<\/td><td>63 kN<\/td><\/tr>\n      <tr><td>Standardna sila zatezanja STF<\/td><td>1900 daN<\/td><\/tr>\n      <tr><td>Premer verige<\/td><td>10 mm<\/td><\/tr>\n      <tr><td>Tip verige<\/td><td>Visokotrdnostno jeklo<\/td><\/tr>\n      <tr><td>Tip kaveljev<\/td><td>Kavelji-kraj\u0161alci z zavarovanjem<\/td><\/tr>\n      <tr><td>Najmanj\u0161a dol\u017eina L<\/td><td>626 mm<\/td><\/tr>\n      <tr><td>Najve\u010dja dol\u017eina L<\/td><td>771 mm<\/td><\/tr>\n      <tr><td>Hod pri zatezanju<\/td><td>145 mm<\/td><\/tr>\n      <tr><td>Dol\u017eina ro\u010dice<\/td><td>237 mm<\/td><\/tr>\n      <tr><td>Odprtina kavlja g<\/td><td>15 mm<\/td><\/tr>\n      <tr><td>Te\u017ea zatezalca<\/td><td>5,40 kg<\/td><\/tr>\n      <tr><td>Razpolo\u017eljive dol\u017eine<\/td><td>2 \/ 3 \/ 4 \/ 5 \/ 6 m<\/td><\/tr>\n      <tr><td>Norma<\/td><td>HRN EN 12195-3:2001<\/td><\/tr>\n      <tr><td>Oznaka<\/td><td>CE<\/td><\/tr>\n    <\/tbody>\n  <\/table>\n<\/div>\t\t\t\t\t\t\t\t<\/div>\n\t\t\t\t<\/div>\n\t\t\t\t<div class=\"elementor-element elementor-element-da14402 elementor-widget elementor-widget-image\" data-id=\"da14402\" data-element_type=\"widget\" data-e-type=\"widget\" data-widget_type=\"image.default\">\n\t\t\t\t<div class=\"elementor-widget-container\">\n\t\t\t\t\t\t\t\t\t\t\t\t\t\t\t<img fetchpriority=\"high\" decoding=\"async\" width=\"862\" height=\"740\" src=\"https:\/\/dizalica.hr\/wp-content\/uploads\/2024\/11\/lancani-zatezac-rlshk-10mm-komplet-zatezac-lanac-02.avif\" class=\"attachment-large size-large wp-image-34195\" alt=\"Veri\u017eni zatezalec RLSHK, 10mm, komplet zatezalec in veriga\" srcset=\"https:\/\/dizalica.hr\/wp-content\/uploads\/2024\/11\/lancani-zatezac-rlshk-10mm-komplet-zatezac-lanac-02.avif 862w, https:\/\/dizalica.hr\/wp-content\/uploads\/2024\/11\/lancani-zatezac-rlshk-10mm-komplet-zatezac-lanac-02-300x258.avif 300w, https:\/\/dizalica.hr\/wp-content\/uploads\/2024\/11\/lancani-zatezac-rlshk-10mm-komplet-zatezac-lanac-02-768x659.avif 768w, https:\/\/dizalica.hr\/wp-content\/uploads\/2024\/11\/lancani-zatezac-rlshk-10mm-komplet-zatezac-lanac-02-600x515.avif 600w, https:\/\/dizalica.hr\/wp-content\/uploads\/2024\/11\/lancani-zatezac-rlshk-10mm-komplet-zatezac-lanac-02-1x1.avif 1w, https:\/\/dizalica.hr\/wp-content\/uploads\/2024\/11\/lancani-zatezac-rlshk-10mm-komplet-zatezac-lanac-02-10x10.avif 10w\" sizes=\"(max-width: 862px) 100vw, 862px\" loading=\"eager\" \/>\t\t\t\t\t\t\t\t\t\t\t\t\t\t\t<\/div>\n\t\t\t\t<\/div>\n\t\t\t\t<\/div>\n\t\t\t\t\t<\/div>\n\t\t\t\t<\/div>\n\t\t\t\t<\/div>\n\t\t","protected":false},"excerpt":{"rendered":"<p>Veri\u017eni zatezalec 10mm 6300daN RLSHK \u2013 najbolj priljubljen napenja\u010d za verigo za profesionalni tovorni transport in vezanje te\u017ekih tovorov. Izdelan iz visokotrdnostne verige fi 10mm s kavelji-kraj\u0161alci in zavarovanjem, 4:1 WLL, norma HRN EN 12195-3:2001, CE oznaka. Na voljo v dol\u017einah 2\u20136m, ostale dol\u017eine po naro\u010dilu.<\/p>\n<p style=\"color: white; background-color: white; font-size: 14px;\">Napenja\u010d za verigo, ro\u010dica.<\/p>\n","protected":false},"featured_media":30962,"comment_status":"closed","ping_status":"closed","template":"","meta":[],"etheme_brands":[],"product_brand":[],"product_cat":[532,448],"product_tag":[533],"class_list":{"0":"post-34201","1":"product","2":"type-product","3":"status-publish","4":"has-post-thumbnail","6":"product_cat-verizni-napenjaci-01","7":"product_cat-tovornjaki-program-01","8":"product_tag-en-12195-3","9":"product_shipping_class-dostava","11":"first","12":"instock","13":"taxable","14":"shipping-taxable","15":"purchasable","16":"product-type-variable","17":"has-default-attributes"},"_links":{"self":[{"href":"https:\/\/dizalica.hr\/sl\/wp-json\/wp\/v2\/product\/34201","targetHints":{"allow":["GET"]}}],"collection":[{"href":"https:\/\/dizalica.hr\/sl\/wp-json\/wp\/v2\/product"}],"about":[{"href":"https:\/\/dizalica.hr\/sl\/wp-json\/wp\/v2\/types\/product"}],"replies":[{"embeddable":true,"href":"https:\/\/dizalica.hr\/sl\/wp-json\/wp\/v2\/comments?post=34201"}],"version-history":[{"count":0,"href":"https:\/\/dizalica.hr\/sl\/wp-json\/wp\/v2\/product\/34201\/revisions"}],"wp:featuredmedia":[{"embeddable":true,"href":"https:\/\/dizalica.hr\/sl\/wp-json\/wp\/v2\/media\/30962"}],"wp:attachment":[{"href":"https:\/\/dizalica.hr\/sl\/wp-json\/wp\/v2\/media?parent=34201"}],"wp:term":[{"taxonomy":"brand","embeddable":true,"href":"https:\/\/dizalica.hr\/sl\/wp-json\/wp\/v2\/etheme_brands?post=34201"},{"taxonomy":"product_brand","embeddable":true,"href":"https:\/\/dizalica.hr\/sl\/wp-json\/wp\/v2\/product_brand?post=34201"},{"taxonomy":"product_cat","embeddable":true,"href":"https:\/\/dizalica.hr\/sl\/wp-json\/wp\/v2\/product_cat?post=34201"},{"taxonomy":"product_tag","embeddable":true,"href":"https:\/\/dizalica.hr\/sl\/wp-json\/wp\/v2\/product_tag?post=34201"}],"curies":[{"name":"wp","href":"https:\/\/api.w.org\/{rel}","templated":true}]}}