{"id":34148,"date":"2024-08-12T15:36:38","date_gmt":"2024-08-12T15:36:38","guid":{"rendered":"https:\/\/dizalica.hr\/nekategorizirano\/plasticni-kutni-stitniki-pk\/"},"modified":"2026-04-28T02:28:40","modified_gmt":"2026-04-28T00:28:40","slug":"plasticni-kutni-stitniki-pk","status":"publish","type":"product","link":"https:\/\/dizalica.hr\/sl\/trakovi-za-vezanje-in-pribor\/plasticni-kotni-zascitniki\/plasticni-kutni-stitniki-pk\/","title":{"rendered":"Plasti\u010dni kotni \u0161\u010ditniki PK"},"content":{"rendered":"<h4>Za\u0161\u010dita za vezalne trakove<br \/>\nPlasti\u010dni kotni za\u0161\u010ditniki<\/h4>\n<p>&#8211; enostavno se namestijo in \u0161\u010ditijo tako tovor kot trak<br \/>\n&#8211; zasnovani za za\u0161\u010dito kartona, lesa in palet<br \/>\n&#8211; odporni na vlago in kemikalije<\/p>\n<p>Za\u0161\u010dita za vezalne trakove se enostavno namesti in u\u010dinkovito \u0161\u010diti tako tovor kot trak, posebej zasnovana za za\u0161\u010dito kartona, lesa in palet, z odpornostjo na vlago in kemikalije.<\/p>\n","protected":false},"excerpt":{"rendered":"<p>Za\u0161\u010dita za vezalne trakove se enostavno namesti in u\u010dinkovito \u0161\u010diti tako tovor kot trak, posebej zasnovana za za\u0161\u010dito kartona, lesa in palet, z odpornostjo na vlago in kemikalije.<\/p>\n","protected":false},"featured_media":30998,"comment_status":"open","ping_status":"closed","template":"","meta":[],"etheme_brands":[],"product_brand":[],"product_cat":[530,491],"product_tag":[],"class_list":{"0":"post-34148","1":"product","2":"type-product","3":"status-publish","4":"has-post-thumbnail","6":"product_cat-plasticni-kotni-zascitniki","7":"product_cat-trakovi-za-vezanje-in-pribor","8":"product_shipping_class-dostava","10":"first","11":"instock","12":"taxable","13":"shipping-taxable","14":"purchasable","15":"product-type-variable","16":"has-default-attributes"},"_links":{"self":[{"href":"https:\/\/dizalica.hr\/sl\/wp-json\/wp\/v2\/product\/34148","targetHints":{"allow":["GET"]}}],"collection":[{"href":"https:\/\/dizalica.hr\/sl\/wp-json\/wp\/v2\/product"}],"about":[{"href":"https:\/\/dizalica.hr\/sl\/wp-json\/wp\/v2\/types\/product"}],"replies":[{"embeddable":true,"href":"https:\/\/dizalica.hr\/sl\/wp-json\/wp\/v2\/comments?post=34148"}],"version-history":[{"count":0,"href":"https:\/\/dizalica.hr\/sl\/wp-json\/wp\/v2\/product\/34148\/revisions"}],"wp:featuredmedia":[{"embeddable":true,"href":"https:\/\/dizalica.hr\/sl\/wp-json\/wp\/v2\/media\/30998"}],"wp:attachment":[{"href":"https:\/\/dizalica.hr\/sl\/wp-json\/wp\/v2\/media?parent=34148"}],"wp:term":[{"taxonomy":"brand","embeddable":true,"href":"https:\/\/dizalica.hr\/sl\/wp-json\/wp\/v2\/etheme_brands?post=34148"},{"taxonomy":"product_brand","embeddable":true,"href":"https:\/\/dizalica.hr\/sl\/wp-json\/wp\/v2\/product_brand?post=34148"},{"taxonomy":"product_cat","embeddable":true,"href":"https:\/\/dizalica.hr\/sl\/wp-json\/wp\/v2\/product_cat?post=34148"},{"taxonomy":"product_tag","embeddable":true,"href":"https:\/\/dizalica.hr\/sl\/wp-json\/wp\/v2\/product_tag?post=34148"}],"curies":[{"name":"wp","href":"https:\/\/api.w.org\/{rel}","templated":true}]}}