{"id":34102,"date":"2026-04-28T01:11:28","date_gmt":"2026-04-27T23:11:28","guid":{"rendered":"https:\/\/dizalica.hr\/nekategorizirano\/rocni-visokodvizni-vilicar-1t-3m-visokoregalni\/"},"modified":"2026-04-28T01:11:54","modified_gmt":"2026-04-27T23:11:54","slug":"rocni-visokodvizni-vilicar-1t-3m-visokoregalni","status":"publish","type":"product","link":"https:\/\/dizalica.hr\/sl\/vilicarji\/rocni-visokodvizni-vilicarji\/rocni-visokodvizni-vilicar-1t-3m-visokoregalni\/","title":{"rendered":"Ro\u010dni visokodvi\u017eni vili\u010dar 1t 3m, visokoregalni skladi\u0161\u010dni"},"content":{"rendered":"\t\t<div data-elementor-type=\"product-post\" data-elementor-id=\"34102\" class=\"elementor elementor-34102 elementor-3950\" data-elementor-post-type=\"product\">\n\t\t\t\t<div class=\"elementor-element elementor-element-502872a7 e-flex e-con-boxed e-con e-parent\" data-id=\"502872a7\" data-element_type=\"container\" data-e-type=\"container\">\n\t\t\t\t\t<div class=\"e-con-inner\">\n\t\t\t\t<div class=\"elementor-element elementor-element-c9172ca elementor-widget elementor-widget-heading\" data-id=\"c9172ca\" data-element_type=\"widget\" data-e-type=\"widget\" data-widget_type=\"heading.default\">\n\t\t\t\t<div class=\"elementor-widget-container\">\n\t\t\t\t\t<h1 class=\"elementor-heading-title elementor-size-default\">Visokodvi\u017eni paletar<\/h1>\t\t\t\t<\/div>\n\t\t\t\t<\/div>\n\t\t<div class=\"elementor-element elementor-element-e6f5aee e-con-full e-flex e-con e-child\" data-id=\"e6f5aee\" data-element_type=\"container\" data-e-type=\"container\">\n\t\t<div class=\"elementor-element elementor-element-5cb801d e-con-full e-flex e-con e-child\" data-id=\"5cb801d\" data-element_type=\"container\" data-e-type=\"container\">\n\t\t\t\t<div class=\"elementor-element elementor-element-54e8273 elementor-widget elementor-widget-text-editor\" data-id=\"54e8273\" data-element_type=\"widget\" data-e-type=\"widget\" data-widget_type=\"text-editor.default\">\n\t\t\t\t<div class=\"elementor-widget-container\">\n\t\t\t\t\t\t\t\t\t<h4>Ro\u010dni visokodvi\u017eni vili\u010dar<br>Kolesa s parkirno zavoro<\/h4><p>&#8211; dvigovanje tovora do 1T na 3m*<br>&#8211; namenjen za dvigovanje tovora na EU paletah<br>&#8211; visokokakovostni jekleni steber in trdna jeklena konstrukcija<br>&#8211; ro\u010dno in no\u017eno dvigovanje<br>&#8211; za\u0161\u010ditna kovinska re\u0161etka<br>&#8211; kolesa s parkirno zavoro<br>&#8211; dvostopenjska konstrukcija<br>&#8211; CE oznaka, norma EN 3691-5<\/p><p>*na maksimalno vi\u0161ino naprava dvigne 600kg<\/p><p>Ro\u010dni visokodvi\u017eni vili\u010dar omogo\u010da dvigovanje tovora do 1T na vi\u0161ino 3 m*, namenjen je za rokovanje z EU paletami, njegova dvostopenjska konstrukcija, visokokakovostni jekleni steber in trdna jeklena izvedba jam\u010dijo stabilnost in dolgotrajnost. Opremljen je z ro\u010dnim in no\u017enim dvigovanjem, za\u0161\u010ditno kovinsko re\u0161etko ter kolesi s parkirno zavoro. V skladu je s CE oznako in normo EN 3691-5.<\/p>\t\t\t\t\t\t\t\t<\/div>\n\t\t\t\t<\/div>\n\t\t\t\t<\/div>\n\t\t<div class=\"elementor-element elementor-element-621baae e-con-full e-flex e-con e-child\" data-id=\"621baae\" data-element_type=\"container\" data-e-type=\"container\">\n\t\t\t\t<div class=\"elementor-element elementor-element-167f6af elementor-widget elementor-widget-text-editor\" data-id=\"167f6af\" data-element_type=\"widget\" data-e-type=\"widget\" data-widget_type=\"text-editor.default\">\n\t\t\t\t<div class=\"elementor-widget-container\">\n\t\t\t\t\t\t\t\t\t<div class=\"table-wrap\">\n<table class=\"styled-table\" role=\"table\" aria-label=\"Specifikacije modela 1t 3m\">\n<thead>\n<tr>\n<th scope=\"col\">Specifikacije<\/th>\n<th scope=\"col\">Ro\u010dni visokodvi\u017eni vili\u010dar 1t 3m, visokoregalni skladi\u0161\u010dni<\/th>\n<\/tr>\n<\/thead>\n<tbody>\n<tr>\n<td>Tip<\/td>\n<td>Visokoregalni skladi\u0161\u010dni<\/td>\n<\/tr>\n<tr>\n<td>Nosilnost (maks. vi\u0161ina)<\/td>\n<td>600 kg (na 3 m)<\/td>\n<\/tr>\n<tr>\n<td>Nosilnost (splo\u0161no)<\/td>\n<td>1 t (1000 kg)<\/td>\n<\/tr>\n<tr>\n<td>Namen<\/td>\n<td>Dvigovanje tovora na EU paletah<\/td>\n<\/tr>\n<tr>\n<td>Konstrukcija<\/td>\n<td>Dvostopenjska konstrukcija, visokokakovostni jekleni steber in trdna jeklena izvedba<\/td>\n<\/tr>\n<tr>\n<td>Na\u010din dvigovanja<\/td>\n<td>Ro\u010dno in no\u017eno dvigovanje<\/td>\n<\/tr>\n<tr>\n<td>Varnostne zna\u010dilnosti<\/td>\n<td>Za\u0161\u010ditna kovinska mre\u017ea<\/td>\n<\/tr>\n<tr>\n<td>Kolesa<\/td>\n<td>Kolesa s parkirno zavoro<\/td>\n<\/tr>\n<tr>\n<td>Certifikati<\/td>\n<td>CE oznaka, norma EN 3691-5<\/td>\n<\/tr>\n<\/tbody>\n<tfoot>\n<tr>\n<td colspan=\"2\">Garancija 12 mesecev, zagotovljeni rezervni deli in servis.<\/td>\n<\/tr>\n<\/tfoot>\n<\/table>\n<\/div>\t\t\t\t\t\t\t\t<\/div>\n\t\t\t\t<\/div>\n\t\t\t\t<\/div>\n\t\t\t\t<\/div>\n\t\t\t\t\t<\/div>\n\t\t\t\t<\/div>\n\t\t\t\t<\/div>\n\t\t","protected":false},"excerpt":{"rendered":"<p>Visokoregalni ro\u010dni visokodvi\u017eni vili\u010dar z maksimalno vi\u0161ino dvigovanja 3 metre! Najvi\u0161ji model v ro\u010dnem razredu za ekstra visoke skladi\u0161\u010dne regale. Nosilnost 1 tona omogo\u010da polnjenje najvi\u0161jih polic do 3m vi\u0161ine. Maksimalno izkori\u0161\u010danje skladi\u0161\u010dnega prostora! Profesionalna skladi\u0161\u010dna re\u0161itev.<\/p>\n","protected":false},"featured_media":18573,"comment_status":"closed","ping_status":"closed","template":"","meta":[],"etheme_brands":[],"product_brand":[],"product_cat":[521,515],"product_tag":[517],"class_list":{"0":"post-34102","1":"product","2":"type-product","3":"status-publish","4":"has-post-thumbnail","6":"product_cat-rocni-visokodvizni-vilicarji","7":"product_cat-vilicarji","8":"product_tag-en-iso-3691-5","9":"product_shipping_class-dostava-gw","11":"first","12":"instock","13":"taxable","14":"shipping-taxable","15":"purchasable","16":"product-type-simple"},"_links":{"self":[{"href":"https:\/\/dizalica.hr\/sl\/wp-json\/wp\/v2\/product\/34102","targetHints":{"allow":["GET"]}}],"collection":[{"href":"https:\/\/dizalica.hr\/sl\/wp-json\/wp\/v2\/product"}],"about":[{"href":"https:\/\/dizalica.hr\/sl\/wp-json\/wp\/v2\/types\/product"}],"replies":[{"embeddable":true,"href":"https:\/\/dizalica.hr\/sl\/wp-json\/wp\/v2\/comments?post=34102"}],"version-history":[{"count":0,"href":"https:\/\/dizalica.hr\/sl\/wp-json\/wp\/v2\/product\/34102\/revisions"}],"wp:featuredmedia":[{"embeddable":true,"href":"https:\/\/dizalica.hr\/sl\/wp-json\/wp\/v2\/media\/18573"}],"wp:attachment":[{"href":"https:\/\/dizalica.hr\/sl\/wp-json\/wp\/v2\/media?parent=34102"}],"wp:term":[{"taxonomy":"brand","embeddable":true,"href":"https:\/\/dizalica.hr\/sl\/wp-json\/wp\/v2\/etheme_brands?post=34102"},{"taxonomy":"product_brand","embeddable":true,"href":"https:\/\/dizalica.hr\/sl\/wp-json\/wp\/v2\/product_brand?post=34102"},{"taxonomy":"product_cat","embeddable":true,"href":"https:\/\/dizalica.hr\/sl\/wp-json\/wp\/v2\/product_cat?post=34102"},{"taxonomy":"product_tag","embeddable":true,"href":"https:\/\/dizalica.hr\/sl\/wp-json\/wp\/v2\/product_tag?post=34102"}],"curies":[{"name":"wp","href":"https:\/\/api.w.org\/{rel}","templated":true}]}}