{"id":34063,"date":"2024-11-17T17:08:29","date_gmt":"2024-11-17T17:08:29","guid":{"rendered":"https:\/\/dizalica.hr\/nekategorizirano\/visokodvizni-elektricni-vilicar-z-zacetnim-dvigom\/"},"modified":"2026-04-28T00:16:37","modified_gmt":"2026-04-27T22:16:37","slug":"visokodvizni-elektricni-vilicar-z-zacetnim-dvigom","status":"publish","type":"product","link":"https:\/\/dizalica.hr\/sl\/vilicarji\/elektricni-visokodvizni-vilicarji\/visokodvizni-elektricni-vilicar-z-zacetnim-dvigom\/","title":{"rendered":"Visokodvi\u017eni elektri\u010dni vili\u010dar z za\u010detnim dvigom 2,5\u20133,3 m, 1,2 t"},"content":{"rendered":"<h4>Visokodvi\u017eni elektri\u010dni vili\u010dar z za\u010detnim dvigom 1,2 t<br \/>\nModularna zasnova, enostavno vzdr\u017eevanje<\/h4>\n<p>&#8211; elektri\u010dni visokodvi\u017eni paletni vili\u010dar s funkcijo za\u010detnega dviga<br \/>\n&#8211; prenos DVEH PALET HKRATI<br \/>\n&#8211; la\u017eje premagovanje manj\u0161ih ovir in neravnin na podlagi<br \/>\n&#8211; nosilnost 1,2 t, vi\u0161ina dviga 2,5\u20133\u20133,3 m, odvisno od modela<br \/>\n&#8211; modularna zasnova, enostavno vzdr\u017eevanje<br \/>\n&#8211; vgrajen polnilec, enostaven dostop do napajanja<br \/>\n&#8211; nizko te\u017ei\u0161\u010de in \u0161iroke vilice \u0161asije zagotavljajo ve\u010djo stabilnost<br \/>\n&#8211; majhen obra\u010dalni radij, motor in zavora se zelo enostavno zamenjata<br \/>\n&#8211; kompaktna zasnova in majhne dimenzije zagotavljajo odli\u010dno preglednost<br \/>\n&#8211; oznaka CE, standardi EN ISO 3691-1, EN 1175-1, EN 16307-1<\/p>\n<p>Visokodvi\u017eni elektri\u010dni vili\u010dar z za\u010detnim dvigom 1,2 t s funkcijo za\u010detnega dviga omogo\u010da prenos dveh palet hkrati, olaj\u0161a premagovanje manj\u0161ih ovir in neravnin na podlagi, njegova nosilnost pa zna\u0161a 1,2 tone z vi\u0161ino dviga od 2,5 do 3,3 metra, odvisno od modela. Zahvaljujo\u010d modularni zasnovi in enostavnemu vzdr\u017eevanju, z vgrajenim polnilcem in enostavnim dostopom do napajanja, vili\u010dar zagotavlja visoko u\u010dinkovitost. Nizko te\u017ei\u0161\u010de in \u0161iroke vilice \u0161asije zagotavljajo dodatno stabilnost, medtem ko kompaktna zasnova, majhne dimenzije in majhen obra\u010dalni radij omogo\u010dajo odli\u010dno preglednost in enostavno manevriranje; motor in zavora se zelo enostavno zamenjata. Naprava je skladna z oznako CE ter standardi EN ISO 3691-1, EN 1175-1 in EN 16307-1.<\/p>\n","protected":false},"excerpt":{"rendered":"<p>Visokodvi\u017eni elektri\u010dni vili\u010dar z za\u010detnim dvigom 1,2 t s funkcijo za\u010detnega dviga omogo\u010da prenos dveh palet hkrati, olaj\u0161a premagovanje manj\u0161ih ovir in neravnin na podlagi, njegova nosilnost pa zna\u0161a 1,2 tone z vi\u0161ino dviga od 2,5 do 3,3 metra, odvisno od modela. Zahvaljujo\u010d modularni zasnovi in enostavnemu vzdr\u017eevanju, z vgrajenim polnilcem in enostavnim dostopom do napajanja, vili\u010dar zagotavlja visoko u\u010dinkovitost. Nizko te\u017ei\u0161\u010de in \u0161iroke vilice \u0161asije zagotavljajo dodatno stabilnost, medtem ko kompaktna zasnova, majhne dimenzije in majhen obra\u010dalni radij omogo\u010dajo odli\u010dno preglednost in enostavno manevriranje; motor in zavora se zelo enostavno zamenjata. Naprava je skladna z oznako CE ter standardi EN ISO 3691-1, EN 1175-1 in EN 16307-1.<\/p>\n","protected":false},"featured_media":4016,"comment_status":"open","ping_status":"closed","template":"","meta":[],"etheme_brands":[],"product_brand":[],"product_cat":[524,515],"product_tag":[520],"class_list":{"0":"post-34063","1":"product","2":"type-product","3":"status-publish","4":"has-post-thumbnail","6":"product_cat-elektricni-visokodvizni-vilicarji","7":"product_cat-vilicarji","8":"product_tag-en-iso-3691-1","10":"first","11":"instock","12":"purchasable","13":"product-type-variable","14":"has-default-attributes"},"_links":{"self":[{"href":"https:\/\/dizalica.hr\/sl\/wp-json\/wp\/v2\/product\/34063","targetHints":{"allow":["GET"]}}],"collection":[{"href":"https:\/\/dizalica.hr\/sl\/wp-json\/wp\/v2\/product"}],"about":[{"href":"https:\/\/dizalica.hr\/sl\/wp-json\/wp\/v2\/types\/product"}],"replies":[{"embeddable":true,"href":"https:\/\/dizalica.hr\/sl\/wp-json\/wp\/v2\/comments?post=34063"}],"version-history":[{"count":0,"href":"https:\/\/dizalica.hr\/sl\/wp-json\/wp\/v2\/product\/34063\/revisions"}],"wp:featuredmedia":[{"embeddable":true,"href":"https:\/\/dizalica.hr\/sl\/wp-json\/wp\/v2\/media\/4016"}],"wp:attachment":[{"href":"https:\/\/dizalica.hr\/sl\/wp-json\/wp\/v2\/media?parent=34063"}],"wp:term":[{"taxonomy":"brand","embeddable":true,"href":"https:\/\/dizalica.hr\/sl\/wp-json\/wp\/v2\/etheme_brands?post=34063"},{"taxonomy":"product_brand","embeddable":true,"href":"https:\/\/dizalica.hr\/sl\/wp-json\/wp\/v2\/product_brand?post=34063"},{"taxonomy":"product_cat","embeddable":true,"href":"https:\/\/dizalica.hr\/sl\/wp-json\/wp\/v2\/product_cat?post=34063"},{"taxonomy":"product_tag","embeddable":true,"href":"https:\/\/dizalica.hr\/sl\/wp-json\/wp\/v2\/product_tag?post=34063"}],"curies":[{"name":"wp","href":"https:\/\/api.w.org\/{rel}","templated":true}]}}