{"id":34004,"date":"2026-04-27T23:21:24","date_gmt":"2026-04-27T21:21:24","guid":{"rendered":"https:\/\/dizalica.hr\/nekategorizirano\/rocni-paletni-vilicar-z-vago-2t-transport-tehtanje\/"},"modified":"2026-04-27T23:22:15","modified_gmt":"2026-04-27T21:22:15","slug":"rocni-paletni-vilicar-z-vago-2t-transport-tehtanje","status":"publish","type":"product","link":"https:\/\/dizalica.hr\/sl\/vilicarji\/rocni-paletniki\/rocni-paletni-vilicar-z-vago-2t-transport-tehtanje\/","title":{"rendered":"Ro\u010dni paletni vili\u010dar z vago 2t 1150mm, transport + tehtanje"},"content":{"rendered":"\t\t<div data-elementor-type=\"product-post\" data-elementor-id=\"34004\" class=\"elementor elementor-34004 elementor-3937\" data-elementor-post-type=\"product\">\n\t\t\t\t<div class=\"elementor-element elementor-element-2d285e2a e-flex e-con-boxed e-con e-parent\" data-id=\"2d285e2a\" data-element_type=\"container\" data-e-type=\"container\">\n\t\t\t\t\t<div class=\"e-con-inner\">\n\t\t\t\t<div class=\"elementor-element elementor-element-c0b1013 elementor-widget elementor-widget-heading\" data-id=\"c0b1013\" data-element_type=\"widget\" data-e-type=\"widget\" data-widget_type=\"heading.default\">\n\t\t\t\t<div class=\"elementor-widget-container\">\n\t\t\t\t\t<h2 class=\"elementor-heading-title elementor-size-default\">Ro\u010dni paletni vili\u010dar s tehtnico<\/h2>\t\t\t\t<\/div>\n\t\t\t\t<\/div>\n\t\t<div class=\"elementor-element elementor-element-a895f97 e-con-full e-flex e-con e-child\" data-id=\"a895f97\" data-element_type=\"container\" data-e-type=\"container\">\n\t\t<div class=\"elementor-element elementor-element-ee7dd9c e-con-full e-flex e-con e-child\" data-id=\"ee7dd9c\" data-element_type=\"container\" data-e-type=\"container\">\n\t\t\t\t<div class=\"elementor-element elementor-element-506b65e elementor-widget elementor-widget-text-editor\" data-id=\"506b65e\" data-element_type=\"widget\" data-e-type=\"widget\" data-widget_type=\"text-editor.default\">\n\t\t\t\t<div class=\"elementor-widget-container\">\n\t\t\t\t\t\t\t\t\t<p>Ro\u010dni paletni vili\u010dar s tehtnico omogo\u010da hitro tehtanje in transport brez dodatne opreme. Naprava podpira samodejno taro, ima velik svetel LED zaslon in se lahko napaja z akumulatorsko Ni-MH baterijo ali 86\u2013264V AC vhodom. Izdelan je v skladu z EU ROHS direktivo, kar ga dela varnega in primernega za vsakodnevno uporabo v skladi\u0161\u010du in logistiki.<\/p>\t\t\t\t\t\t\t\t<\/div>\n\t\t\t\t<\/div>\n\t\t<div class=\"elementor-element elementor-element-306b288 e-con-full e-flex e-con e-child\" data-id=\"306b288\" data-element_type=\"container\" data-e-type=\"container\">\n\t\t<div class=\"elementor-element elementor-element-1e0bd9b e-con-full e-flex e-con e-child\" data-id=\"1e0bd9b\" data-element_type=\"container\" data-e-type=\"container\">\n\t\t\t\t<div class=\"elementor-element elementor-element-18918b4 elementor-widget elementor-widget-heading\" data-id=\"18918b4\" data-element_type=\"widget\" data-e-type=\"widget\" data-widget_type=\"heading.default\">\n\t\t\t\t<div class=\"elementor-widget-container\">\n\t\t\t\t\t<h3 class=\"elementor-heading-title elementor-size-default\">Za koga je namenjen ta vili\u010dar:<\/h3>\t\t\t\t<\/div>\n\t\t\t\t<\/div>\n\t\t\t\t<div class=\"elementor-element elementor-element-6687c75 elementor-widget elementor-widget-text-editor\" data-id=\"6687c75\" data-element_type=\"widget\" data-e-type=\"widget\" data-widget_type=\"text-editor.default\">\n\t\t\t\t<div class=\"elementor-widget-container\">\n\t\t\t\t\t\t\t\t\t<div class=\"nabrajanje\"><ul><li><strong>Skladi\u0161\u010da s potrebo po tehtanju<\/strong> (vsak paket mora biti stehtan)<\/li><li><strong>Proizvodni obrati<\/strong> (kontrola te\u017ee surovin)<\/li><li><strong>Distribucijski centri<\/strong> (tehtanje pred odpremo)<\/li><li><strong>Logisti\u010dna podjetja<\/strong> (preverjanje te\u017ee po\u0161iljk)<\/li><li><strong>Veleprodaja<\/strong> (zara\u010dunavanje po te\u017ei)<\/li><li><strong>Prehrambena industrija<\/strong> (kontrola koli\u010dine)<\/li><li><strong>Recikla\u017eni obrati<\/strong> (tehtanje odpadkov)<\/li><\/ul><\/div>\t\t\t\t\t\t\t\t<\/div>\n\t\t\t\t<\/div>\n\t\t\t\t<\/div>\n\t\t<div class=\"elementor-element elementor-element-20d710c e-con-full e-flex e-con e-child\" data-id=\"20d710c\" data-element_type=\"container\" data-e-type=\"container\">\n\t\t\t\t<div class=\"elementor-element elementor-element-bd90a50 elementor-widget elementor-widget-heading\" data-id=\"bd90a50\" data-element_type=\"widget\" data-e-type=\"widget\" data-widget_type=\"heading.default\">\n\t\t\t\t<div class=\"elementor-widget-container\">\n\t\t\t\t\t<h3 class=\"elementor-heading-title elementor-size-default\">Kaj dela:<\/h3>\t\t\t\t<\/div>\n\t\t\t\t<\/div>\n\t\t\t\t<div class=\"elementor-element elementor-element-4e21f9c elementor-widget elementor-widget-text-editor\" data-id=\"4e21f9c\" data-element_type=\"widget\" data-e-type=\"widget\" data-widget_type=\"text-editor.default\">\n\t\t\t\t<div class=\"elementor-widget-container\">\n\t\t\t\t\t\t\t\t\t<div class=\"nabrajanje\"><ul><li><strong>Transport + tehtanje v ENEM koraku<\/strong><\/li><li>Dvigne paleto in SAMODEJNO stehta<\/li><li>Prikazuje te\u017eo na digitalnem zaslonu<\/li><li>Odpravlja potrebo po lo\u010deni tehtnici<\/li><\/ul><\/div>\t\t\t\t\t\t\t\t<\/div>\n\t\t\t\t<\/div>\n\t\t\t\t<\/div>\n\t\t\t\t<\/div>\n\t\t\t\t<\/div>\n\t\t<div class=\"elementor-element elementor-element-227e348 e-con-full e-flex e-con e-child\" data-id=\"227e348\" data-element_type=\"container\" data-e-type=\"container\">\n\t\t\t\t<div class=\"elementor-element elementor-element-86243e8 elementor-widget elementor-widget-text-editor\" data-id=\"86243e8\" data-element_type=\"widget\" data-e-type=\"widget\" data-widget_type=\"text-editor.default\">\n\t\t\t\t<div class=\"elementor-widget-container\">\n\t\t\t\t\t\t\t\t\t<div class=\"table-wrap\">\n<table class=\"styled-table\" role=\"table\" aria-label=\"Specifikacije modela s vagom 2t 1150mm\">\n<thead>\n<tr>\n<th scope=\"col\">Specifikacije<\/th>\n<th scope=\"col\">Ro\u010dni paletni vili\u010dar z vago 2t 1150mm, transport + tehtanje<\/th>\n<\/tr>\n<\/thead>\n<tbody>\n<tr>\n<td>Tip<\/td>\n<td>Paletni vili\u010dar s tehtnico zdru\u017euje funkciji transporta in tehtanja<\/td>\n<\/tr>\n<tr>\n<td>Dol\u017eina vilic<\/td>\n<td>1150 mm<\/td>\n<\/tr>\n<tr>\n<td>Nosilnost<\/td>\n<td>2 t (2000 kg)<\/td>\n<\/tr>\n<tr>\n<td>Tehtanje<\/td>\n<td>Nosilnost tehtnice: 2000 kg<\/td>\n<\/tr>\n<tr>\n<td>Funkcije tehtnice<\/td>\n<td>Samodejno tariranje in velik LED zaslon za jasne rezultate<\/td>\n<\/tr>\n<tr>\n<td>Natan\u010dnost<\/td>\n<td>Delitev lestvice: 0,5 kg; natan\u010dnost: \u00b10,1%<\/td>\n<\/tr>\n<tr>\n<td>Napajanje<\/td>\n<td>Akumulatorska Ni-MH baterija ali 86~264V AC vhod<\/td>\n<\/tr>\n<tr>\n<td>Namen<\/td>\n<td>Tehtanje in transport palet brez dodatnih tehtnic<\/td>\n<\/tr>\n<tr>\n<td>Standardi<\/td>\n<td>Skladen z EU ROHS direktivo (Direktiva o omejevanju nevarnih snovi 2002\/95\/ES)<\/td>\n<\/tr>\n<\/tbody>\n<tfoot>\n<tr>\n<td colspan=\"2\">Garancija 12 mesecev, zagotovljeni rezervni deli in servis.<\/td>\n<\/tr>\n<\/tfoot>\n<\/table>\n<\/div>\t\t\t\t\t\t\t\t<\/div>\n\t\t\t\t<\/div>\n\t\t\t\t<\/div>\n\t\t\t\t<\/div>\n\t\t\t\t\t<\/div>\n\t\t\t\t<\/div>\n\t\t<div class=\"elementor-element elementor-element-6ab1972 e-con-full e-flex e-con e-child\" data-id=\"6ab1972\" data-element_type=\"container\" data-e-type=\"container\">\n\t\t\t\t<div class=\"elementor-element elementor-element-031144a elementor-widget elementor-widget-heading\" data-id=\"031144a\" data-element_type=\"widget\" data-e-type=\"widget\" data-widget_type=\"heading.default\">\n\t\t\t\t<div class=\"elementor-widget-container\">\n\t\t\t\t\t<div class=\"elementor-heading-title elementor-size-default\">Niste prepri\u010dani, kateri model ro\u010dnega paletnega vili\u010darja vam ustreza?<\/div>\t\t\t\t<\/div>\n\t\t\t\t<\/div>\n\t\t\t\t<div class=\"elementor-element elementor-element-2e62802 elementor-widget elementor-widget-text-editor\" data-id=\"2e62802\" data-element_type=\"widget\" data-e-type=\"widget\" data-widget_type=\"text-editor.default\">\n\t\t\t\t<div class=\"elementor-widget-container\">\n\t\t\t\t\t\t\t\t\t<p style=\"text-align: center;\">Oglejte si podrobno primerjavo vseh ro\u010dnih paletnih vili\u010darjev in izberite model, ki najbolje ustreza va\u0161im potrebam.<\/p>\t\t\t\t\t\t\t\t<\/div>\n\t\t\t\t<\/div>\n\t\t\t\t<div class=\"elementor-element elementor-element-f76496f elementor-align-center elementor-widget elementor-widget-text_button\" data-id=\"f76496f\" data-element_type=\"widget\" data-e-type=\"widget\" data-widget_type=\"text_button.default\">\n\t\t\t\t<div class=\"elementor-widget-container\">\n\t\t\t\t\t<div class=\"etheme-button-wrapper\"><a href=\"https:\/\/dizalica.hr\/sl\/vilicarji\/rucni-paletari\/#usporedba\" class=\"fill-top has-fill etheme-text-button elementor-button\" role=\"button\">\n        <span class=\"elementor-button-content-wrapper\">\n                        <span class=\"elementor-button-icon animation-background_ltr\">\n                <svg aria-hidden=\"true\" class=\"e-font-icon-svg e-fab-buromobelexperte\" viewBox=\"0 0 448 512\" xmlns=\"http:\/\/www.w3.org\/2000\/svg\"><path d=\"M0 32v128h128V32H0zm120 120H8V40h112v112zm40-120v128h128V32H160zm120 120H168V40h112v112zm40-120v128h128V32H320zm120 120H328V40h112v112zM0 192v128h128V192H0zm120 120H8V200h112v112zm40-120v128h128V192H160zm120 120H168V200h112v112zm40-120v128h128V192H320zm120 120H328V200h112v112zM0 352v128h128V352H0zm120 120H8V360h112v112zm40-120v128h128V352H160zm120 120H168V360h112v112zm40-120v128h128V352H320z\"><\/path><\/svg>            <\/span>\n        \n\t\t\t<span class=\"elementor-button-text\">Primerjava ro\u010dnih paletnih vili\u010darjev<\/span>\n\n            \n            \n        <\/span><\/a><\/div>\t\t\t\t<\/div>\n\t\t\t\t<\/div>\n\t\t\t\t<\/div>\n\t\t<div class=\"elementor-element elementor-element-31083f1 e-flex e-con-boxed e-con e-parent\" data-id=\"31083f1\" data-element_type=\"container\" data-e-type=\"container\">\n\t\t\t\t\t<div class=\"e-con-inner\">\n\t\t\t\t<div class=\"elementor-element elementor-element-ad61888 elementor-widget elementor-widget-spacer\" data-id=\"ad61888\" data-element_type=\"widget\" data-e-type=\"widget\" data-widget_type=\"spacer.default\">\n\t\t\t\t<div class=\"elementor-widget-container\">\n\t\t\t\t\t\t\t<div class=\"elementor-spacer\">\n\t\t\t<div class=\"elementor-spacer-inner\"><\/div>\n\t\t<\/div>\n\t\t\t\t\t\t<\/div>\n\t\t\t\t<\/div>\n\t\t\t\t\t<\/div>\n\t\t\t\t<\/div>\n\t\t\t\t<\/div>\n\t\t","protected":false},"excerpt":{"rendered":"<p>Paletni vili\u010dar z vgrajeno tehtnico za hitro tehtanje in transport palet \u2014 samodejno tariranje, velik LED zaslon in napajanje z baterijo ali 86\u2013264V AC.<\/p>\n","protected":false},"featured_media":32475,"comment_status":"open","ping_status":"closed","template":"","meta":[],"etheme_brands":[],"product_brand":[],"product_cat":[525,515],"product_tag":[517,459],"class_list":{"0":"post-34004","1":"product","2":"type-product","3":"status-publish","4":"has-post-thumbnail","6":"product_cat-rocni-paletniki","7":"product_cat-vilicarji","8":"product_tag-en-iso-3691-5","9":"product_tag-industrijska-tehtnica","10":"product_shipping_class-dostava-gw","12":"first","13":"instock","14":"taxable","15":"shipping-taxable","16":"purchasable","17":"product-type-simple"},"_links":{"self":[{"href":"https:\/\/dizalica.hr\/sl\/wp-json\/wp\/v2\/product\/34004","targetHints":{"allow":["GET"]}}],"collection":[{"href":"https:\/\/dizalica.hr\/sl\/wp-json\/wp\/v2\/product"}],"about":[{"href":"https:\/\/dizalica.hr\/sl\/wp-json\/wp\/v2\/types\/product"}],"replies":[{"embeddable":true,"href":"https:\/\/dizalica.hr\/sl\/wp-json\/wp\/v2\/comments?post=34004"}],"version-history":[{"count":0,"href":"https:\/\/dizalica.hr\/sl\/wp-json\/wp\/v2\/product\/34004\/revisions"}],"wp:featuredmedia":[{"embeddable":true,"href":"https:\/\/dizalica.hr\/sl\/wp-json\/wp\/v2\/media\/32475"}],"wp:attachment":[{"href":"https:\/\/dizalica.hr\/sl\/wp-json\/wp\/v2\/media?parent=34004"}],"wp:term":[{"taxonomy":"brand","embeddable":true,"href":"https:\/\/dizalica.hr\/sl\/wp-json\/wp\/v2\/etheme_brands?post=34004"},{"taxonomy":"product_brand","embeddable":true,"href":"https:\/\/dizalica.hr\/sl\/wp-json\/wp\/v2\/product_brand?post=34004"},{"taxonomy":"product_cat","embeddable":true,"href":"https:\/\/dizalica.hr\/sl\/wp-json\/wp\/v2\/product_cat?post=34004"},{"taxonomy":"product_tag","embeddable":true,"href":"https:\/\/dizalica.hr\/sl\/wp-json\/wp\/v2\/product_tag?post=34004"}],"curies":[{"name":"wp","href":"https:\/\/api.w.org\/{rel}","templated":true}]}}