{"id":33982,"date":"2026-04-27T22:54:01","date_gmt":"2026-04-27T20:54:01","guid":{"rendered":"https:\/\/dizalica.hr\/nekategorizirano\/kratki-paletni-vilicar-25t-800mm-za-uske-prostore\/"},"modified":"2026-05-05T23:55:47","modified_gmt":"2026-05-05T21:55:47","slug":"kratki-paletni-vilicar-25t-800mm-za-uske-prostore","status":"publish","type":"product","link":"https:\/\/dizalica.hr\/sl\/vilicarji\/rocni-paletni-vilicarji\/kratki-paletni-vilicar-25t-800mm-za-uske-prostore\/","title":{"rendered":"Kratki paletni vili\u010dar 2,5t 800mm, za ozke prostore"},"content":{"rendered":"\t\t<div data-elementor-type=\"product-post\" data-elementor-id=\"33982\" class=\"elementor elementor-33982 elementor-3928\" data-elementor-post-type=\"product\">\n\t\t\t\t<div class=\"elementor-element elementor-element-f086d9c e-flex e-con-boxed e-con e-parent\" data-id=\"f086d9c\" data-element_type=\"container\" data-e-type=\"container\">\n\t\t\t\t\t<div class=\"e-con-inner\">\n\t\t\t\t<div class=\"elementor-element elementor-element-47540dc elementor-widget elementor-widget-heading\" data-id=\"47540dc\" data-element_type=\"widget\" data-e-type=\"widget\" data-widget_type=\"heading.default\">\n\t\t\t\t<div class=\"elementor-widget-container\">\n\t\t\t\t\t<h2 class=\"elementor-heading-title elementor-size-default\">Paletni vili\u010dar za ozke prostore \u2013 kompaktna mo\u010d in natan\u010den nadzor<\/h2>\t\t\t\t<\/div>\n\t\t\t\t<\/div>\n\t\t\t\t<div class=\"elementor-element elementor-element-b8aab8a elementor-widget elementor-widget-text-editor\" data-id=\"b8aab8a\" data-element_type=\"widget\" data-e-type=\"widget\" data-widget_type=\"text-editor.default\">\n\t\t\t\t<div class=\"elementor-widget-container\">\n\t\t\t\t\t\t\t\t\t<p>\u010ce vam standardni paletni vili\u010darji ne ustrezajo v prehodih, ta <strong>kratki paletni vili\u010dar 2,5 T (800 mm)<\/strong> re\u0161uje manevriranje v <strong>ozkih skladi\u0161\u010dih<\/strong>, <strong>notranjosti tovornjakov<\/strong> in med policami. Kraj\u0161e vilice omogo\u010dajo manj\u0161i radij obra\u010danja, hitrej\u0161e pozicioniranje in manj po\u0161kodb blaga. <\/p>\t\t\t\t\t\t\t\t<\/div>\n\t\t\t\t<\/div>\n\t\t<div class=\"elementor-element elementor-element-74bce30 e-con-full e-flex e-con e-child\" data-id=\"74bce30\" data-element_type=\"container\" data-e-type=\"container\">\n\t\t<div class=\"elementor-element elementor-element-16cc134 e-con-full e-flex e-con e-child\" data-id=\"16cc134\" data-element_type=\"container\" data-e-type=\"container\">\n\t\t<div class=\"elementor-element elementor-element-3dc8dee e-con-full e-flex e-con e-child\" data-id=\"3dc8dee\" data-element_type=\"container\" data-e-type=\"container\">\n\t\t<div class=\"elementor-element elementor-element-9a2ce28 e-con-full e-flex e-con e-child\" data-id=\"9a2ce28\" data-element_type=\"container\" data-e-type=\"container\">\n\t\t\t\t<div class=\"elementor-element elementor-element-aaabe5b elementor-widget elementor-widget-text-editor\" data-id=\"aaabe5b\" data-element_type=\"widget\" data-e-type=\"widget\" data-widget_type=\"text-editor.default\">\n\t\t\t\t<div class=\"elementor-widget-container\">\n\t\t\t\t\t\t\t\t\t<div class=\"nabrajanje\"><h3>Komu je namenjen ta paletni vili\u010dar?<br><br><\/h3><ul><li><p><strong>Ozke poti v skladi\u0161\u010du:<\/strong> Maksimalna mobilnost brez kompromisov pri nosilnosti.<\/p><\/li><li><p><strong>Nakladanje\/razkladanje tovornjakov:<\/strong> Hitro pozicioniranje palet v omejenem prostoru.<\/p><\/li><li><p><strong>Mali distribucijski centri in trgovine:<\/strong> Varno delovanje z minimalnim prostorom.<\/p><\/li><\/ul><\/div>\t\t\t\t\t\t\t\t<\/div>\n\t\t\t\t<\/div>\n\t\t\t\t<\/div>\n\t\t<div class=\"elementor-element elementor-element-59f7695 e-con-full e-flex e-con e-child\" data-id=\"59f7695\" data-element_type=\"container\" data-e-type=\"container\">\n\t\t\t\t<div class=\"elementor-element elementor-element-a5b2ef6 elementor-widget elementor-widget-text-editor\" data-id=\"a5b2ef6\" data-element_type=\"widget\" data-e-type=\"widget\" data-widget_type=\"text-editor.default\">\n\t\t\t\t<div class=\"elementor-widget-container\">\n\t\t\t\t\t\t\t\t\t<div class=\"nabrajanje\"><h3>Kaj pridobite?<br><br><\/h3><ul><li><strong>Kompaktne vilice 800 mm:<\/strong> Omogo\u010dajo enostavno manevriranje v tesnih prehodih in tovornjakih.<\/li><li><strong>Nosilnost 2,5 T:<\/strong> Stabilno dvigovanje te\u017ekih palet z zanesljivim nadzorom.<\/li><li><strong>PU kolesa (tiha in vzdr\u017eljiva):<\/strong> Zmanj\u0161an hrup, enostavno kotaljenje, manj\u0161a obraba podlage.<\/li><li><strong>Integralna \u010drpalka in ventil za preobremenitev:<\/strong> Vi\u0161ja stopnja varnosti, manj vzdr\u017eevanja, dolga \u017eivljenjska doba.<\/li><li><strong>Nastavljiva hitrost spu\u0161\u010danja:<\/strong> Natan\u010dno spu\u0161\u010danje z bolj\u0161o ergonomijo in varnostjo.<\/li><\/ul><\/div>\t\t\t\t\t\t\t\t<\/div>\n\t\t\t\t<\/div>\n\t\t\t\t<\/div>\n\t\t\t\t<\/div>\n\t\t\t\t<div class=\"elementor-element elementor-element-b1480ca elementor-widget elementor-widget-text-editor\" data-id=\"b1480ca\" data-element_type=\"widget\" data-e-type=\"widget\" data-widget_type=\"text-editor.default\">\n\t\t\t\t<div class=\"elementor-widget-container\">\n\t\t\t\t\t\t\t\t\t<p>Kratki ro\u010dni paletni vili\u010darji 2,5 T z vilicami dol\u017eine 800 mm \u2013 kompakten in zmogljiv za delo v tesnih prostorih! Opremljen s poliuretanskimi kolesi, integralno \u010drpalko brez varjenja (brez pu\u0161\u010danja olja), trdnim in lahkim oja\u010danim podvozjem ter enostavno vgradljivo verigo krmilne letve. Omogo\u010da nastavitev hitrosti spu\u0161\u010danja vilic in je opremljen z vgrajenim ventilom za preobremenitev za varnej\u0161e in u\u010dinkovitej\u0161e delovanje.  <\/p>\t\t\t\t\t\t\t\t<\/div>\n\t\t\t\t<\/div>\n\t\t\t\t<\/div>\n\t\t<div class=\"elementor-element elementor-element-d38445b e-con-full e-flex e-con e-child\" data-id=\"d38445b\" data-element_type=\"container\" data-e-type=\"container\">\n\t\t\t\t<div class=\"elementor-element elementor-element-2eae93f elementor-widget elementor-widget-text-editor\" data-id=\"2eae93f\" data-element_type=\"widget\" data-e-type=\"widget\" data-widget_type=\"text-editor.default\">\n\t\t\t\t<div class=\"elementor-widget-container\">\n\t\t\t\t\t\t\t\t\t<div class=\"table-wrap\">\n<table class=\"styled-table\" role=\"table\" aria-label=\"Specifikacije modela 2.5t 800mm\">\n<thead>\n<tr>\n<th scope=\"col\">Specifikacije<\/th>\n<th scope=\"col\">Kratki paletni vili\u010dar 2,5 t 800 mm, za ozke prostore<\/th>\n<\/tr>\n<\/thead>\n<tbody>\n<tr>\n<td>Tip<\/td>\n<td>Paletni vili\u010dar s kratkimi vilicami 800 mm<\/td>\n<\/tr>\n<tr>\n<td>Dol\u017eina vilic<\/td>\n<td>800 mm<\/td>\n<\/tr>\n<tr>\n<td>Nosilnost<\/td>\n<td>2,5 t (2500 kg)<\/td>\n<\/tr>\n<tr>\n<td>Tip koles<\/td>\n<td>Poliuretanska kolesa<\/td>\n<\/tr>\n<tr>\n<td>\u010crpalka<\/td>\n<td>Integralna \u010drpalka brez varjenja, brez te\u017eav z uhajanjem olja<\/td>\n<\/tr>\n<tr>\n<td>Podvozje<\/td>\n<td>Mo\u010dno, lahko in oja\u010dano podvozje<\/td>\n<\/tr>\n<tr>\n<td>Krmilna letev<\/td>\n<td>Enostavna vgradnja verige krmilne letve<\/td>\n<\/tr>\n<tr>\n<td>Nadzor spu\u0161\u010danja<\/td>\n<td>Nastavljiva hitrost spu\u0161\u010danja vilic<\/td>\n<\/tr>\n<tr>\n<td>Varnostne zna\u010dilnosti<\/td>\n<td>Vgrajen ventil za preobremenitev<\/td>\n<\/tr>\n<\/tbody>\n<tfoot>\n<tr>\n<td colspan=\"2\">Garancija 12 mesecev, zagotovljeni rezervni deli in servis.<\/td>\n<\/tr>\n<\/tfoot>\n<\/table>\n<\/div>\t\t\t\t\t\t\t\t<\/div>\n\t\t\t\t<\/div>\n\t\t\t\t<\/div>\n\t\t\t\t<\/div>\n\t\t\t\t\t<\/div>\n\t\t\t\t<\/div>\n\t\t<div class=\"elementor-element elementor-element-6c52565 e-con-full e-flex e-con e-child\" data-id=\"6c52565\" data-element_type=\"container\" data-e-type=\"container\">\n\t\t\t\t<div class=\"elementor-element elementor-element-8364215 elementor-widget elementor-widget-heading\" data-id=\"8364215\" data-element_type=\"widget\" data-e-type=\"widget\" data-widget_type=\"heading.default\">\n\t\t\t\t<div class=\"elementor-widget-container\">\n\t\t\t\t\t<div class=\"elementor-heading-title elementor-size-default\">Niste prepri\u010dani, kateri model ro\u010dnega paletnega vili\u010darja vam ustreza?<\/div>\t\t\t\t<\/div>\n\t\t\t\t<\/div>\n\t\t\t\t<div class=\"elementor-element elementor-element-e2c8817 elementor-widget elementor-widget-text-editor\" data-id=\"e2c8817\" data-element_type=\"widget\" data-e-type=\"widget\" data-widget_type=\"text-editor.default\">\n\t\t\t\t<div class=\"elementor-widget-container\">\n\t\t\t\t\t\t\t\t\t<p style=\"text-align: center;\">Oglejte si podrobno primerjavo vseh ro\u010dnih paletnih vili\u010darjev in izberite model, ki najbolje ustreza va\u0161im potrebam.<\/p>\t\t\t\t\t\t\t\t<\/div>\n\t\t\t\t<\/div>\n\t\t\t\t<div class=\"elementor-element elementor-element-2f12d8e elementor-align-center elementor-widget elementor-widget-text_button\" data-id=\"2f12d8e\" data-element_type=\"widget\" data-e-type=\"widget\" data-widget_type=\"text_button.default\">\n\t\t\t\t<div class=\"elementor-widget-container\">\n\t\t\t\t\t<div class=\"etheme-button-wrapper\"><a href=\"https:\/\/dizalica.hr\/sl\/vilicarji\/rucni-paletari\/#usporedba\" class=\"fill-top has-fill etheme-text-button elementor-button\" role=\"button\">\n        <span class=\"elementor-button-content-wrapper\">\n                        <span class=\"elementor-button-icon animation-background_ltr\">\n                <svg aria-hidden=\"true\" class=\"e-font-icon-svg e-fab-buromobelexperte\" viewBox=\"0 0 448 512\" xmlns=\"http:\/\/www.w3.org\/2000\/svg\"><path d=\"M0 32v128h128V32H0zm120 120H8V40h112v112zm40-120v128h128V32H160zm120 120H168V40h112v112zm40-120v128h128V32H320zm120 120H328V40h112v112zM0 192v128h128V192H0zm120 120H8V200h112v112zm40-120v128h128V192H160zm120 120H168V200h112v112zm40-120v128h128V192H320zm120 120H328V200h112v112zM0 352v128h128V352H0zm120 120H8V360h112v112zm40-120v128h128V352H160zm120 120H168V360h112v112zm40-120v128h128V352H320z\"><\/path><\/svg>            <\/span>\n        \n\t\t\t<span class=\"elementor-button-text\">Primerjava ro\u010dnih paletnih vili\u010darjev<\/span>\n\n            \n            \n        <\/span><\/a><\/div>\t\t\t\t<\/div>\n\t\t\t\t<\/div>\n\t\t\t\t<\/div>\n\t\t<div class=\"elementor-element elementor-element-1bd0201 e-flex e-con-boxed e-con e-parent\" data-id=\"1bd0201\" data-element_type=\"container\" data-e-type=\"container\">\n\t\t\t\t\t<div class=\"e-con-inner\">\n\t\t\t\t<div class=\"elementor-element elementor-element-18a846f elementor-widget elementor-widget-spacer\" data-id=\"18a846f\" data-element_type=\"widget\" data-e-type=\"widget\" data-widget_type=\"spacer.default\">\n\t\t\t\t<div class=\"elementor-widget-container\">\n\t\t\t\t\t\t\t<div class=\"elementor-spacer\">\n\t\t\t<div class=\"elementor-spacer-inner\"><\/div>\n\t\t<\/div>\n\t\t\t\t\t\t<\/div>\n\t\t\t\t<\/div>\n\t\t\t\t\t<\/div>\n\t\t\t\t<\/div>\n\t\t\t\t<\/div>\n\t\t","protected":false},"excerpt":{"rendered":"<p>Kratki ro\u010dni paletni vili\u010dar 2,5 T z vilicami dol\u017eine <strong>800 mm<\/strong> \u2013 kompakten <strong>paletni vili\u010dar<\/strong> za ozke prehode, tovornjake in omejen prostor. <strong>Tiha PU kolesa<\/strong>, varna integralna \u010drpalka, ventil za preobremenitev in nadzorovano spu\u0161\u010danje. <strong>Hitra dostava<\/strong>, <strong>ugodna cena paletnega vili\u010darja<\/strong> in zanesljiva podpora.<\/p>\n","protected":false},"featured_media":32453,"comment_status":"closed","ping_status":"closed","template":"","meta":[],"etheme_brands":[],"product_brand":[],"product_cat":[525,515],"product_tag":[],"class_list":{"0":"post-33982","1":"product","2":"type-product","3":"status-publish","4":"has-post-thumbnail","6":"product_cat-rocni-paletni-vilicarji-01","7":"product_cat-vilicarji-01","8":"product_shipping_class-dostava-gw","10":"first","11":"instock","12":"taxable","13":"shipping-taxable","14":"purchasable","15":"product-type-simple"},"_links":{"self":[{"href":"https:\/\/dizalica.hr\/sl\/wp-json\/wp\/v2\/product\/33982","targetHints":{"allow":["GET"]}}],"collection":[{"href":"https:\/\/dizalica.hr\/sl\/wp-json\/wp\/v2\/product"}],"about":[{"href":"https:\/\/dizalica.hr\/sl\/wp-json\/wp\/v2\/types\/product"}],"replies":[{"embeddable":true,"href":"https:\/\/dizalica.hr\/sl\/wp-json\/wp\/v2\/comments?post=33982"}],"version-history":[{"count":0,"href":"https:\/\/dizalica.hr\/sl\/wp-json\/wp\/v2\/product\/33982\/revisions"}],"wp:featuredmedia":[{"embeddable":true,"href":"https:\/\/dizalica.hr\/sl\/wp-json\/wp\/v2\/media\/32453"}],"wp:attachment":[{"href":"https:\/\/dizalica.hr\/sl\/wp-json\/wp\/v2\/media?parent=33982"}],"wp:term":[{"taxonomy":"brand","embeddable":true,"href":"https:\/\/dizalica.hr\/sl\/wp-json\/wp\/v2\/etheme_brands?post=33982"},{"taxonomy":"product_brand","embeddable":true,"href":"https:\/\/dizalica.hr\/sl\/wp-json\/wp\/v2\/product_brand?post=33982"},{"taxonomy":"product_cat","embeddable":true,"href":"https:\/\/dizalica.hr\/sl\/wp-json\/wp\/v2\/product_cat?post=33982"},{"taxonomy":"product_tag","embeddable":true,"href":"https:\/\/dizalica.hr\/sl\/wp-json\/wp\/v2\/product_tag?post=33982"}],"curies":[{"name":"wp","href":"https:\/\/api.w.org\/{rel}","templated":true}]}}