{"id":33938,"date":"2026-04-27T22:09:47","date_gmt":"2026-04-27T20:09:47","guid":{"rendered":"https:\/\/dizalica.hr\/nekategorizirano\/rocni-visokodvizni-vilicar-1t-25m-za-regale-in-police\/"},"modified":"2026-04-27T22:10:07","modified_gmt":"2026-04-27T20:10:07","slug":"rocni-visokodvizni-vilicar-1t-25m-za-regale-in-police","status":"publish","type":"product","link":"https:\/\/dizalica.hr\/sl\/vilicarji\/rocni-visokodvizni-vilicarji\/rocni-visokodvizni-vilicar-1t-25m-za-regale-in-police\/","title":{"rendered":"Ro\u010dni visokodvi\u017eni vili\u010dar 1t 2,5m, visoko dviganje za regale in police"},"content":{"rendered":"\t\t<div data-elementor-type=\"product-post\" data-elementor-id=\"33938\" class=\"elementor elementor-33938 elementor-3948\" data-elementor-post-type=\"product\">\n\t\t\t\t<div class=\"elementor-element elementor-element-26dbb802 e-flex e-con-boxed e-con e-parent\" data-id=\"26dbb802\" data-element_type=\"container\" data-e-type=\"container\">\n\t\t\t\t\t<div class=\"e-con-inner\">\n\t\t\t\t<div class=\"elementor-element elementor-element-24ead48 elementor-widget elementor-widget-heading\" data-id=\"24ead48\" data-element_type=\"widget\" data-e-type=\"widget\" data-widget_type=\"heading.default\">\n\t\t\t\t<div class=\"elementor-widget-container\">\n\t\t\t\t\t<h2 class=\"elementor-heading-title elementor-size-default\">Visokoregalni vili\u010dar  <\/h2>\t\t\t\t<\/div>\n\t\t\t\t<\/div>\n\t\t\t\t<div class=\"elementor-element elementor-element-41e5e0ca elementor-widget elementor-widget-text-editor\" data-id=\"41e5e0ca\" data-element_type=\"widget\" data-e-type=\"widget\" data-widget_type=\"text-editor.default\">\n\t\t\t\t<div class=\"elementor-widget-container\">\n\t\t\t\t\t\t\t\t\t<p>Ta visokoregalni vili\u010dar z vi\u0161ino dviga 2,5 metra prestopa mejo med standardnimi delavni\u0161kimi vili\u010darji in skladi\u0161\u010dnimi re\u0161itvami. Z mo\u017enostjo polnjenja regalov do skoraj 2,5 m vi\u0161ine omogo\u010da maksimalen izkoristek vertikalnega skladi\u0161\u010dnega prostora, kar je klju\u010dno za optimizacijo stro\u0161kov skladi\u0161\u010denja. <\/p><p>Za razliko od ni\u017ejih modelov, ki so primarno namenjeni delavni\u0161ki uporabi, je ta model usmerjen v skladi\u0161\u010da \u2013 distribucijske centre, veleprodaje in proizvodnje z ve\u010djimi zalogami, kjer je organizacija prostora po nivojih kriti\u010dna za u\u010dinkovitost.<\/p>\t\t\t\t\t\t\t\t<\/div>\n\t\t\t\t<\/div>\n\t\t<div class=\"elementor-element elementor-element-373c19e e-con-full e-flex e-con e-child\" data-id=\"373c19e\" data-element_type=\"container\" data-e-type=\"container\">\n\t\t<div class=\"elementor-element elementor-element-91384dc e-con-full e-flex e-con e-child\" data-id=\"91384dc\" data-element_type=\"container\" data-e-type=\"container\">\n\t\t\t\t<div class=\"elementor-element elementor-element-24a13f3 elementor-widget elementor-widget-heading\" data-id=\"24a13f3\" data-element_type=\"widget\" data-e-type=\"widget\" data-widget_type=\"heading.default\">\n\t\t\t\t<div class=\"elementor-widget-container\">\n\t\t\t\t\t<h2 class=\"elementor-heading-title elementor-size-default\">Maksimalen izkoristek vi\u0161ine skladi\u0161\u010da<\/h2>\t\t\t\t<\/div>\n\t\t\t\t<\/div>\n\t\t\t\t<div class=\"elementor-element elementor-element-df979bd elementor-widget elementor-widget-text-editor\" data-id=\"df979bd\" data-element_type=\"widget\" data-e-type=\"widget\" data-widget_type=\"text-editor.default\">\n\t\t\t\t<div class=\"elementor-widget-container\">\n\t\t\t\t\t\t\t\t\t<div class=\"nabrajanje\">Mo\u017enost dviga do 2,5 metra omogo\u010da polnjenje regalov na 3, pa celo 4 nivoje, odvisno od vi\u0161ine blaga:<p>1. nivo (talni nivo): 0\u201360 cm<br>2. nivo: 80\u2013140 cm<br>3. nivo: 160\u2013220 cm<br>4. nivo: 240\u2013250 cm (vrh zmogljivosti)<\/p><p><em>To pomeni, da lahko v skladi\u0161\u010du vi\u0161ine 3 metre organizirate do 4 nivoje skladi\u0161\u010denja namesto standardnih 1\u20132 nivojev z ni\u017ejimi vili\u010darji. Pove\u010danje za 100\u2013200 % v kapaciteti skladi\u0161\u010denja na isti povr\u0161ini! <\/em><\/p><\/div>\t\t\t\t\t\t\t\t<\/div>\n\t\t\t\t<\/div>\n\t\t\t\t<div class=\"elementor-element elementor-element-7b21b1b elementor-widget elementor-widget-heading\" data-id=\"7b21b1b\" data-element_type=\"widget\" data-e-type=\"widget\" data-widget_type=\"heading.default\">\n\t\t\t\t<div class=\"elementor-widget-container\">\n\t\t\t\t\t<h3 class=\"elementor-heading-title elementor-size-default\">Priporo\u010dila za u\u010dinkovito uporabo<\/h3>\t\t\t\t<\/div>\n\t\t\t\t<\/div>\n\t\t\t\t<div class=\"elementor-element elementor-element-89d8bec elementor-widget elementor-widget-text-editor\" data-id=\"89d8bec\" data-element_type=\"widget\" data-e-type=\"widget\" data-widget_type=\"text-editor.default\">\n\t\t\t\t<div class=\"elementor-widget-container\">\n\t\t\t\t\t\t\t\t\t<div class=\"nabrajanje\"><strong>Na\u010drtovanje operacij:<\/strong><ul><li>Zdru\u017eite dvige \u2013 ko ste na lokaciji s tovorom, napolnite vse potrebne police na tej lokaciji<\/li><li>Najte\u017eje tovore na ni\u017eje nivoje \u2013 organizirajte skladi\u0161\u010de tako, da je najte\u017eje blago do 1,5 m vi\u0161ine<\/li><li>Vi\u0161ji nivoji za lahke\/sezonske artikle \u2013 zgoraj odlo\u017eite redko uporabljeno ali la\u017eje blago<\/li><\/ul><p><strong>Ergonomija dela:<\/strong><\/p><ul><li>Izmenjujte naloge \u2013 po 5\u201310 visokih dvigih se preusmerite na druge aktivnosti<\/li><li>Dva operaterja za velike koli\u010dine \u2013 \u010de polnite celoten regalni sistem, lahko dva operaterja delata izmeni\u010dno<\/li><li>Uporaba dodatnih <span style=\"text-decoration: underline;\"><strong><a class=\"link2\" href=\"https:\/\/dizalica.hr\/sl\/hidravlicne-dvizne-mize\/\">hidravli\u010dnih miz<\/a><\/strong><\/span> za pripravo palet na vi\u0161ji za\u010detni nivo<\/li><\/ul><\/div>\t\t\t\t\t\t\t\t<\/div>\n\t\t\t\t<\/div>\n\t\t\t\t<div class=\"elementor-element elementor-element-eedaf36 elementor-widget elementor-widget-heading\" data-id=\"eedaf36\" data-element_type=\"widget\" data-e-type=\"widget\" data-widget_type=\"heading.default\">\n\t\t\t\t<div class=\"elementor-widget-container\">\n\t\t\t\t\t<h2 class=\"elementor-heading-title elementor-size-default\">Uporaba v skladi\u0161\u010dih in distribucijskih centrih<\/h2>\t\t\t\t<\/div>\n\t\t\t\t<\/div>\n\t\t\t\t<div class=\"elementor-element elementor-element-dbb7cc3 elementor-widget elementor-widget-heading\" data-id=\"dbb7cc3\" data-element_type=\"widget\" data-e-type=\"widget\" data-widget_type=\"heading.default\">\n\t\t\t\t<div class=\"elementor-widget-container\">\n\t\t\t\t\t<h3 class=\"elementor-heading-title elementor-size-default\">Veleprodaja in distribucijski centri<\/h3>\t\t\t\t<\/div>\n\t\t\t\t<\/div>\n\t\t\t\t<div class=\"elementor-element elementor-element-1e69dbf elementor-widget elementor-widget-text-editor\" data-id=\"1e69dbf\" data-element_type=\"widget\" data-e-type=\"widget\" data-widget_type=\"text-editor.default\">\n\t\t\t\t<div class=\"elementor-widget-container\">\n\t\t\t\t\t\t\t\t\t<div class=\"nabrajanje\">Ta vili\u010dar je idealen za:<ul><li>Organizacijo zalog po nivojih \u2013 hitroobratno blago spodaj, po\u010dasnej\u0161e zgoraj<\/li><li>Sezonsko skladi\u0161\u010denje \u2013 poletni\/zimski artikli na najvi\u0161jih nivojih izven sezone<\/li><li>Arhiviranje starej\u0161ega blaga \u2013 izdelki pred iztekom roka na vrh<\/li><li>Rezervne zaloge \u2013 rezervni stock na najvi\u0161jih policah<\/li><\/ul><\/div>\t\t\t\t\t\t\t\t<\/div>\n\t\t\t\t<\/div>\n\t\t\t\t<div class=\"elementor-element elementor-element-d775b91 elementor-widget elementor-widget-heading\" data-id=\"d775b91\" data-element_type=\"widget\" data-e-type=\"widget\" data-widget_type=\"heading.default\">\n\t\t\t\t<div class=\"elementor-widget-container\">\n\t\t\t\t\t<h3 class=\"elementor-heading-title elementor-size-default\">Proizvodnja z velikimi zalogami<\/h3>\t\t\t\t<\/div>\n\t\t\t\t<\/div>\n\t\t\t\t<div class=\"elementor-element elementor-element-5389783 elementor-widget elementor-widget-text-editor\" data-id=\"5389783\" data-element_type=\"widget\" data-e-type=\"widget\" data-widget_type=\"text-editor.default\">\n\t\t\t\t<div class=\"elementor-widget-container\">\n\t\t\t\t\t\t\t\t\t<div class=\"nabrajanje\"><p>Proizvajalci uporabljajo ta model za:<\/p><ul><li>Skladi\u0161\u010denje surovin na ve\u010d nivojih blizu proizvodnih linij<\/li><li>Vmesna skladi\u0161\u010da polizdelkov med proizvodnim procesom<\/li><li>Kon\u010dne izdelke pred odpremo na najvi\u0161je nivoje<\/li><li>Orodje in oprema, ki se ne uporablja vsakodnevno, na vrh regalov<\/li><\/ul><\/div>\t\t\t\t\t\t\t\t<\/div>\n\t\t\t\t<\/div>\n\t\t\t\t<div class=\"elementor-element elementor-element-156db77 elementor-widget elementor-widget-heading\" data-id=\"156db77\" data-element_type=\"widget\" data-e-type=\"widget\" data-widget_type=\"heading.default\">\n\t\t\t\t<div class=\"elementor-widget-container\">\n\t\t\t\t\t<h2 class=\"elementor-heading-title elementor-size-default\">Najpogostej\u0161a vpra\u0161anja<\/h2>\t\t\t\t<\/div>\n\t\t\t\t<\/div>\n\t\t\t\t<div class=\"elementor-element elementor-element-9d81497 elementor-widget elementor-widget-text-editor\" data-id=\"9d81497\" data-element_type=\"widget\" data-e-type=\"widget\" data-widget_type=\"text-editor.default\">\n\t\t\t\t<div class=\"elementor-widget-container\">\n\t\t\t\t\t\t\t\t\t<div class=\"faq\"><div class=\"faq-item\"><h3>Ali je fizi\u010dno naporno delati s tem vili\u010darjem cel dan?<\/h3><p>Bodimo realni \u2013 da, dvigovanje do 2,5 m je fizi\u010dno zahtevno. Za polno vi\u0161ino je potrebnih 60\u201380 gibov \u010drpalke, kar traja 3\u20135 minut na dvig. \u010ce polnite celoten regalni sistem (20\u201330 palet), priporo\u010damo dva operaterja, ki se izmenjujeta, ali razmislite o <a class=\"link2\" href=\"https:\/\/dizalica.hr\/sl\/vilicarji\/elektricni-visokopodvizni-vilicarji\/\"><span style=\"text-decoration: underline;\">elektri\u010dnem modelu<\/span><\/a>. Za ob\u010dasno uporabo (5\u201315 palet tedensko) je ro\u010dni model odli\u010dna in ekonomi\u010dna izbira.   <\/p><\/div><div class=\"faq-item\"><h3>Ali lahko s tem vili\u010darjem zamenjam elektri\u010dni vili\u010dar v skladi\u0161\u010du?<\/h3><p>Odvisno od intenzivnosti uporabe. \u010ce polnite regale nekajkrat tedensko (npr. sprejem blaga 2-krat tedensko), je ta vili\u010dar popoln in boste prihranili. \u010ce dnevno polnite 20+ palet, je elektri\u010dni bolj\u0161i zaradi hitrosti in ergonomije. Mnoga skladi\u0161\u010da uporabljajo kombinacijo: elektri\u010dni za vsakodnevne operacije + ro\u010dni 2,5 m za ob\u010dasne potrebe in rezervne situacije.   <\/p><\/div><div class=\"faq-item\"><h3>Kak\u0161na je stabilnost pri maksimalni vi\u0161ini 2,5 m s polnim tovorom?<\/h3><p>Vili\u010dar je konstruiran z oja\u010dano bazo in ni\u017ejim te\u017ei\u0161\u010dem, specifi\u010dno za varno delo na 2,5 m. Pri maksimalni vi\u0161ini se izogibajte nenadnim gibom \u2013 spustite tovor na 1,5\u20132 m pred obra\u010danjem ali manevriranjem. Pravilna obremenitev je klju\u010dna \u2013 tovor mora biti centriran na vilicah. Pri pravilni uporabi je stabilnost popolnoma varna za profesionalno delo.   <\/p><\/div><\/div><p><script type=\"application\/ld+json\">\n{\n  \"@context\": \"https:\/\/schema.org\",\n  \"@type\": \"FAQPage\",\n  \"mainEntity\": [\n    {\n      \"@type\": \"Question\",\n      \"name\": \"Je li fizi\u010dki naporno raditi s ovim vili\u010darom cijeli dan?\",\n      \"acceptedAnswer\": {\n        \"@type\": \"Answer\",\n        \"text\": \"Budimo realni \u2013 da, podizanje do 2,5 m je fizi\u010dki zahtjevno. Za punu visinu potrebno je 60\u201380 pokreta pumpe, \u0161to traje 3\u20135 minuta po podizanju. Ako punite cijeli regalni sustav (20\u201330 paleta), preporu\u010dujemo dva operatera ili elektri\u010dni model. Za povremenu upotrebu (5\u201315 paleta tjedno), ru\u010dni model je odli\u010dan izbor.\"\n      }\n    },\n    {\n      \"@type\": \"Question\",\n      \"name\": \"Mogu li s ovim vili\u010darom zamijeniti elektri\u010dni vili\u010dar u skladi\u0161tu?\",\n      \"acceptedAnswer\": {\n        \"@type\": \"Answer\",\n        \"text\": \"Ovisi o intenzitetu kori\u0161tenja. Ako punite regale nekoliko puta tjedno, ovaj vili\u010dar je savr\u0161en i u\u0161tedit \u0107ete. Ako dnevno punite 20+ paleta, elektri\u010dni je br\u017ei i ergonomi\u010dniji. Idealna je kombinacija: elektri\u010dni + ru\u010dni 2,5 m za povremene potrebe i backup.\"\n      }\n    },\n    {\n      \"@type\": \"Question\",\n      \"name\": \"Kakva je stabilnost pri maksimalnoj visini od 2,5 m s punim teretom?\",\n      \"acceptedAnswer\": {\n        \"@type\": \"Answer\",\n        \"text\": \"Vili\u010dar ima poja\u010danu bazu i ni\u017ei centar gravitacije za siguran rad na 2,5 m. Na maksimalnoj visini izbjegavajte nagle pokrete i spustite teret na 1,5\u20132 m prije manevriranja. Pri pravilnom kori\u0161tenju stabilnost je potpuno sigurna.\"\n      }\n    }\n  ]\n}\n<\/script><\/p>\t\t\t\t\t\t\t\t<\/div>\n\t\t\t\t<\/div>\n\t\t\t\t<\/div>\n\t\t<div class=\"elementor-element elementor-element-ee3f2e3 e-con-full e-flex e-con e-child\" data-id=\"ee3f2e3\" data-element_type=\"container\" data-e-type=\"container\">\n\t\t\t\t<div class=\"elementor-element elementor-element-0f43755 elementor-widget elementor-widget-text-editor\" data-id=\"0f43755\" data-element_type=\"widget\" data-e-type=\"widget\" data-widget_type=\"text-editor.default\">\n\t\t\t\t<div class=\"elementor-widget-container\">\n\t\t\t\t\t\t\t\t\t<div class=\"table-wrap\">\n<table class=\"styled-table\" role=\"table\" aria-label=\"Specifikacije modela 1t 3m\">\n<thead>\n<tr>\n<th scope=\"col\">Specifikacije<\/th>\n<th scope=\"col\">Ro\u010dni visokodvi\u017eni vili\u010dar 1 t 3 m, visokoregalni skladi\u0161\u010dni<\/th>\n<\/tr>\n<\/thead>\n<tbody>\n<tr>\n<td>Tip<\/td>\n<td>Visokoregalni skladi\u0161\u010dni<\/td>\n<\/tr>\n<tr>\n<td>Nosilnost (maks. vi\u0161ina)<\/td>\n<td>600 kg (na 3 m)<\/td>\n<\/tr>\n<tr>\n<td>Nosilnost (splo\u0161no)<\/td>\n<td>1 t (1000 kg)<\/td>\n<\/tr>\n<tr>\n<td>Namen<\/td>\n<td>Dviganje tovora na EU paletah<\/td>\n<\/tr>\n<tr>\n<td>Konstrukcija<\/td>\n<td>Dvostopenjska konstrukcija, visokokakovosten jekleni steber in trdna jeklena izvedba<\/td>\n<\/tr>\n<tr>\n<td>Na\u010din dviganja<\/td>\n<td>Ro\u010dno in no\u017eno dviganje<\/td>\n<\/tr>\n<tr>\n<td>Varnostne zna\u010dilnosti<\/td>\n<td>Za\u0161\u010ditna kovinska re\u0161etka<\/td>\n<\/tr>\n<tr>\n<td>Kolesa<\/td>\n<td>Kolesa s parkirno zavoro<\/td>\n<\/tr>\n<tr>\n<td>Certifikati<\/td>\n<td>CE znak, norma EN 3691-5<\/td>\n<\/tr>\n<\/tbody>\n<tfoot>\n<tr>\n<td colspan=\"2\">Garancija 12 mesecev, zagotovljeni rezervni deli in servis.<\/td>\n<\/tr>\n<\/tfoot>\n<\/table>\n<\/div>\t\t\t\t\t\t\t\t<\/div>\n\t\t\t\t<\/div>\n\t\t\t\t<div class=\"elementor-element elementor-element-54d689a elementor-widget elementor-widget-heading\" data-id=\"54d689a\" data-element_type=\"widget\" data-e-type=\"widget\" data-widget_type=\"heading.default\">\n\t\t\t\t<div class=\"elementor-widget-container\">\n\t\t\t\t\t<h2 class=\"elementor-heading-title elementor-size-default\">Prednosti<\/h2>\t\t\t\t<\/div>\n\t\t\t\t<\/div>\n\t\t\t\t<div class=\"elementor-element elementor-element-1259690 elementor-widget elementor-widget-text-editor\" data-id=\"1259690\" data-element_type=\"widget\" data-e-type=\"widget\" data-widget_type=\"text-editor.default\">\n\t\t\t\t<div class=\"elementor-widget-container\">\n\t\t\t\t\t\t\t\t\t<div class=\"nabrajanje\">\u2705 <strong>Vi\u0161ina 2,5 m<\/strong> \u2013 polnjenje visokih skladi\u0161\u010dnih regalov<br>\u2705 <strong>Ceneje od elektri\u010dnega<\/strong> \u2013 ekonomi\u010dna re\u0161itev<br>\u2705 <strong>Optimizacija prostora<\/strong> \u2013 3\u20134 nivoji namesto 1\u20132<br>\u2705 <strong>Minimalno vzdr\u017eevanje<\/strong> \u2013 ro\u010dna hidravlika brez elektronike<\/div>\t\t\t\t\t\t\t\t<\/div>\n\t\t\t\t<\/div>\n\t\t\t\t<div class=\"elementor-element elementor-element-5cd448c elementor-widget elementor-widget-heading\" data-id=\"5cd448c\" data-element_type=\"widget\" data-e-type=\"widget\" data-widget_type=\"heading.default\">\n\t\t\t\t<div class=\"elementor-widget-container\">\n\t\t\t\t\t<h3 class=\"elementor-heading-title elementor-size-default\">Komu je namenjen ta visokoregalni vili\u010dar:<\/h3>\t\t\t\t<\/div>\n\t\t\t\t<\/div>\n\t\t\t\t<div class=\"elementor-element elementor-element-f234faf elementor-widget elementor-widget-text-editor\" data-id=\"f234faf\" data-element_type=\"widget\" data-e-type=\"widget\" data-widget_type=\"text-editor.default\">\n\t\t\t\t<div class=\"elementor-widget-container\">\n\t\t\t\t\t\t\t\t\t<div class=\"nabrajanje\">\n<ul>\n \t<li class=\"nabrajanje\">Skladi\u0161\u010da z regali vi\u0161ine 2\u20133 m<\/li>\n \t<li class=\"nabrajanje\">Veleprodaja s potrebo po optimizaciji prostora<\/li>\n \t<li class=\"nabrajanje\">Distribucijski centri z ve\u010dnivojskim skladi\u0161\u010denjem<\/li>\n \t<li class=\"nabrajanje\">Proizvajalci z internimi skladi\u0161\u010di surovin\/izdelkov<\/li>\n \t<li class=\"nabrajanje\">Trgovine, ki skladi\u0161\u010dijo blago na vi\u0161jih policah<\/li>\n \t<li class=\"nabrajanje\">Arhivi za odlaganje dokumentacije na visoke police<\/li>\n<\/ul>\n<\/div>\t\t\t\t\t\t\t\t<\/div>\n\t\t\t\t<\/div>\n\t\t\t\t<div class=\"elementor-element elementor-element-e44dbb0 elementor-widget elementor-widget-heading\" data-id=\"e44dbb0\" data-element_type=\"widget\" data-e-type=\"widget\" data-widget_type=\"heading.default\">\n\t\t\t\t<div class=\"elementor-widget-container\">\n\t\t\t\t\t<h3 class=\"elementor-heading-title elementor-size-default\">Kaj prena\u0161a in dviguje?<\/h3>\t\t\t\t<\/div>\n\t\t\t\t<\/div>\n\t\t\t\t<div class=\"elementor-element elementor-element-8fd82c7 elementor-widget elementor-widget-text-editor\" data-id=\"8fd82c7\" data-element_type=\"widget\" data-e-type=\"widget\" data-widget_type=\"text-editor.default\">\n\t\t\t\t<div class=\"elementor-widget-container\">\n\t\t\t\t\t\t\t\t\t<div class=\"nabrajanje\"><p><strong>Palete na visoke regale:<\/strong><\/p><ul><li>EUR palete s \u0161katlami na regale do 2,4 m vi\u0161ine<\/li><li>Palete z vre\u010dami surovin in granulata<\/li><li>Plasti\u010dne palete z izdelki srednje te\u017ee<\/li><li>Lesene platforme z industrijskimi materiali<\/li><\/ul><p><strong>Skladi\u0161\u010dno blago po nivojih:<\/strong><\/p><ul><li>Kartonske \u0161katle (la\u017eje blago) na najvi\u0161je police<\/li><li>Arhivske \u0161katle z dokumentacijo<\/li><li>Sezonski artikli izven prodajne sezone na vrh<\/li><li>Rezervne zaloge na najvi\u0161je dostopne nivoje<\/li><\/ul><p><strong>Materiali za proizvodnjo:<\/strong><\/p><ul><li>Surovine v vre\u010dah na ve\u010d nivojih<\/li><li>Polizdelki v skladi\u0161\u010dih med fazami<\/li><li>Kon\u010dni izdelki pred odpremo na vi\u0161je police<\/li><li>Embala\u017eni materiali na zgornjih nivojih<\/li><\/ul><p><strong>Trgovsko blago:<\/strong><\/p><ul><li>Lahki izdelki na najvi\u0161jih policah<\/li><li>Rezervni stock, ki se redko uporablja<\/li><li>Izdelki pred iztekom roka na vrh regalov<\/li><li>Promocijski materiali iz preteklih kampanj<\/li><\/ul><\/div>\t\t\t\t\t\t\t\t<\/div>\n\t\t\t\t<\/div>\n\t\t\t\t<\/div>\n\t\t\t\t<\/div>\n\t\t\t\t\t<\/div>\n\t\t\t\t<\/div>\n\t\t\t\t<\/div>\n\t\t","protected":false},"excerpt":{"rendered":"<p>Ro\u010dni visokodvi\u017eni vili\u010dar 1 t z izjemno vi\u0161ino dviga do 2,5 metra! Popoln za polnjenje visokih regalov in polic v skladi\u0161\u010dih. Nosilnost 1000 kg omogo\u010da varen transport palet na srednje visoke regale. Profesionalna skladi\u0161\u010dna re\u0161itev!   <\/p>\n","protected":false},"featured_media":18573,"comment_status":"closed","ping_status":"closed","template":"","meta":[],"etheme_brands":[],"product_brand":[],"product_cat":[521,515],"product_tag":[517],"class_list":{"0":"post-33938","1":"product","2":"type-product","3":"status-publish","4":"has-post-thumbnail","6":"product_cat-rocni-visokodvizni-vilicarji","7":"product_cat-vilicarji","8":"product_tag-en-iso-3691-5","9":"product_shipping_class-dostava-gw","11":"first","12":"instock","13":"taxable","14":"shipping-taxable","15":"purchasable","16":"product-type-simple"},"_links":{"self":[{"href":"https:\/\/dizalica.hr\/sl\/wp-json\/wp\/v2\/product\/33938","targetHints":{"allow":["GET"]}}],"collection":[{"href":"https:\/\/dizalica.hr\/sl\/wp-json\/wp\/v2\/product"}],"about":[{"href":"https:\/\/dizalica.hr\/sl\/wp-json\/wp\/v2\/types\/product"}],"replies":[{"embeddable":true,"href":"https:\/\/dizalica.hr\/sl\/wp-json\/wp\/v2\/comments?post=33938"}],"version-history":[{"count":1,"href":"https:\/\/dizalica.hr\/sl\/wp-json\/wp\/v2\/product\/33938\/revisions"}],"predecessor-version":[{"id":33939,"href":"https:\/\/dizalica.hr\/sl\/wp-json\/wp\/v2\/product\/33938\/revisions\/33939"}],"wp:featuredmedia":[{"embeddable":true,"href":"https:\/\/dizalica.hr\/sl\/wp-json\/wp\/v2\/media\/18573"}],"wp:attachment":[{"href":"https:\/\/dizalica.hr\/sl\/wp-json\/wp\/v2\/media?parent=33938"}],"wp:term":[{"taxonomy":"brand","embeddable":true,"href":"https:\/\/dizalica.hr\/sl\/wp-json\/wp\/v2\/etheme_brands?post=33938"},{"taxonomy":"product_brand","embeddable":true,"href":"https:\/\/dizalica.hr\/sl\/wp-json\/wp\/v2\/product_brand?post=33938"},{"taxonomy":"product_cat","embeddable":true,"href":"https:\/\/dizalica.hr\/sl\/wp-json\/wp\/v2\/product_cat?post=33938"},{"taxonomy":"product_tag","embeddable":true,"href":"https:\/\/dizalica.hr\/sl\/wp-json\/wp\/v2\/product_tag?post=33938"}],"curies":[{"name":"wp","href":"https:\/\/api.w.org\/{rel}","templated":true}]}}