{"id":33928,"date":"2026-04-27T21:51:14","date_gmt":"2026-04-27T19:51:14","guid":{"rendered":"https:\/\/dizalica.hr\/nekategorizirano\/visokodvizni-vilicar-za-sode-s-prijemom-z-objenko\/"},"modified":"2026-04-27T21:51:54","modified_gmt":"2026-04-27T19:51:54","slug":"visokodvizni-vilicar-za-sode-s-prijemom-z-objenko","status":"publish","type":"product","link":"https:\/\/dizalica.hr\/sl\/vilicarji\/dvizni-vilicarji-za-sode\/visokodvizni-vilicar-za-sode-s-prijemom-z-objenko\/","title":{"rendered":"Visokodvi\u017eni vili\u010dar za sode s prijemom z objemko, za jeklene in plasti\u010dne sode"},"content":{"rendered":"\t\t<div data-elementor-type=\"product-post\" data-elementor-id=\"33928\" class=\"elementor elementor-33928 elementor-26190\" data-elementor-post-type=\"product\">\n\t\t\t\t<div class=\"elementor-element elementor-element-6ea4e752 e-flex e-con-boxed e-con e-parent\" data-id=\"6ea4e752\" data-element_type=\"container\" data-e-type=\"container\">\n\t\t\t\t\t<div class=\"e-con-inner\">\n\t\t<div class=\"elementor-element elementor-element-568be5d e-con-full e-flex e-con e-child\" data-id=\"568be5d\" data-element_type=\"container\" data-e-type=\"container\">\n\t\t\t\t<div class=\"elementor-element elementor-element-30579f4 elementor-widget elementor-widget-text-editor\" data-id=\"30579f4\" data-element_type=\"widget\" data-e-type=\"widget\" data-widget_type=\"text-editor.default\">\n\t\t\t\t<div class=\"elementor-widget-container\">\n\t\t\t\t\t\t\t\t\t<div class=\"nabrajanje\"><h3>Dvi\u017eni vili\u010dar za jeklene in plasti\u010dne sode<\/h3><p> <\/p><p>KMTB 40B uporablja sistem objemalnega prijema, ki omogo\u010da maksimalno stabilnost in varnost pri manipulaciji razli\u010dnih vrst sodov. Za razliko od modelov z zobmi je ta sistem univerzalen in primeren za plasti\u010dne in jeklene sode, kar ga dela idealnega za kemi\u010dno industrijo, logistiko in proizvodne obrate. <\/p><p>\u010ceprav je postopek pripenjanja nekoliko po\u010dasnej\u0161i, je prednost objemke v tem, da zagotavlja izjemno \u010dvrst oprijem soda, ne glede na material. Model omogo\u010da mobilno dvigovanje, transport in nagibanje soda do 120\u00b0, kar je klju\u010dno za u\u010dinkovito praznjenje teko\u010din. <\/p><p>Kompakten in zanesljiv mehanski sistem fiksiranja zagotavlja stabilnost, medtem ko ro\u010dno dvigovanje s pedalom ali krmilno ro\u010dico omogo\u010da natan\u010den nadzor brez potrebe po elektri\u010dnem pogonu.<\/p><\/div>\t\t\t\t\t\t\t\t<\/div>\n\t\t\t\t<\/div>\n\t\t<div class=\"elementor-element elementor-element-6fd9149 e-con-full e-flex e-con e-child\" data-id=\"6fd9149\" data-element_type=\"container\" data-e-type=\"container\">\n\t\t\t\t<div class=\"elementor-element elementor-element-434689f elementor-widget elementor-widget-heading\" data-id=\"434689f\" data-element_type=\"widget\" data-e-type=\"widget\" data-widget_type=\"heading.default\">\n\t\t\t\t<div class=\"elementor-widget-container\">\n\t\t\t\t\t<div class=\"elementor-heading-title elementor-size-default\">Niste prepri\u010dani, kateri model dvi\u017enega vili\u010darja za sode Vam ustreza?<\/div>\t\t\t\t<\/div>\n\t\t\t\t<\/div>\n\t\t\t\t<div class=\"elementor-element elementor-element-fcfa25e elementor-widget elementor-widget-text-editor\" data-id=\"fcfa25e\" data-element_type=\"widget\" data-e-type=\"widget\" data-widget_type=\"text-editor.default\">\n\t\t\t\t<div class=\"elementor-widget-container\">\n\t\t\t\t\t\t\t\t\t<p style=\"text-align: center;\">Poglejte podrobno primerjavo vseh dvi\u017enih vili\u010darjev in izberite model, ki najbolje ustreza va\u0161im potrebam.<\/p>\t\t\t\t\t\t\t\t<\/div>\n\t\t\t\t<\/div>\n\t\t\t\t<div class=\"elementor-element elementor-element-bff1431 elementor-hidden-mobile elementor-align-center elementor-widget elementor-widget-text_button\" data-id=\"bff1431\" data-element_type=\"widget\" data-e-type=\"widget\" data-widget_type=\"text_button.default\">\n\t\t\t\t<div class=\"elementor-widget-container\">\n\t\t\t\t\t<div class=\"etheme-button-wrapper\"><a href=\"https:\/\/dizalica.hr\/sl\/vilicarji\/dvizni-vilicarji-za-sode\/#usporedba\" class=\"fill-top has-fill etheme-text-button elementor-button\" role=\"button\">\n        <span class=\"elementor-button-content-wrapper\">\n                        <span class=\"elementor-button-icon animation-background_ltr\">\n                <svg aria-hidden=\"true\" class=\"e-font-icon-svg e-fab-buromobelexperte\" viewBox=\"0 0 448 512\" xmlns=\"http:\/\/www.w3.org\/2000\/svg\"><path d=\"M0 32v128h128V32H0zm120 120H8V40h112v112zm40-120v128h128V32H160zm120 120H168V40h112v112zm40-120v128h128V32H320zm120 120H328V40h112v112zM0 192v128h128V192H0zm120 120H8V200h112v112zm40-120v128h128V192H160zm120 120H168V200h112v112zm40-120v128h128V192H320zm120 120H328V200h112v112zM0 352v128h128V352H0zm120 120H8V360h112v112zm40-120v128h128V352H160zm120 120H168V360h112v112zm40-120v128h128V352H320z\"><\/path><\/svg>            <\/span>\n        \n\t\t\t<span class=\"elementor-button-text\">Primerjava dvi\u017enih vili\u010darjev za sode<\/span>\n\n            \n            \n        <\/span><\/a><\/div>\t\t\t\t<\/div>\n\t\t\t\t<\/div>\n\t\t\t\t<\/div>\n\t\t\t\t<\/div>\n\t\t<div class=\"elementor-element elementor-element-28f0f77 e-con-full e-flex e-con e-child\" data-id=\"28f0f77\" data-element_type=\"container\" data-e-type=\"container\">\n\t\t\t\t<div class=\"elementor-element elementor-element-2e0fa4f9 elementor-widget elementor-widget-text-editor\" data-id=\"2e0fa4f9\" data-element_type=\"widget\" data-e-type=\"widget\" data-widget_type=\"text-editor.default\">\n\t\t\t\t<div class=\"elementor-widget-container\">\n\t\t\t\t\t\t\t\t\t<div class=\"table-wrap\">\n<h3>Tehni\u010dne zna\u010dilnosti<\/h3>\n<table class=\"styled-table\" role=\"table\" aria-label=\"Tehni\u010dke zna\u010dajke modela\">\n<thead>\n<tr>\n<th scope=\"col\" style=\"width: 35%;\">Specifikacija<\/th>\n<th scope=\"col\" style=\"width: 65%;\">Vrednost \/ Opis<\/th>\n<\/tr>\n<\/thead>\n<tbody>\n<tr>\n<td><strong>Nosilnost<\/strong><\/td>\n<td>400 kg<\/td>\n<\/tr>\n<tr>\n<td><strong>Premer soda \/ prostornina<\/strong><\/td>\n<td>572 mm \/ 210 L<\/td>\n<\/tr>\n<tr>\n<td><strong>Na\u010din prijema<\/strong><\/td>\n<td>objemka (univerzalna)<\/td>\n<\/tr>\n<tr>\n<td><strong>Tip sodov<\/strong><\/td>\n<td>plasti\u010dni in jekleni<\/td>\n<\/tr>\n<tr>\n<td><strong>Funkcije<\/strong><\/td>\n<td>dvigovanje, transport, nagibanje 120\u00b0<\/td>\n<\/tr>\n<tr>\n<td><strong>Dvigovanje<\/strong><\/td>\n<td>s pedalom ali krmilno ro\u010dico<\/td>\n<\/tr>\n<tr>\n<td><strong>Vi\u0161ina dviga \/ Skupna vi\u0161ina<\/strong><\/td>\n<td>1350 mm \/ 1960 mm<\/td>\n<\/tr>\n<tr>\n<td><strong>Kolesa<\/strong><\/td>\n<td>180\/150 mm PU<\/td>\n<\/tr>\n<tr>\n<td><strong>Skupna dol\u017eina \/ \u0161irina<\/strong><\/td>\n<td>1325 mm \/ 806 mm<\/td>\n<\/tr>\n<tr>\n<td><strong>\u0160irina prijema<\/strong><\/td>\n<td>590 mm<\/td>\n<\/tr>\n<tr>\n<td><strong>Te\u017ea<\/strong><\/td>\n<td>190 kg<\/td>\n<\/tr>\n<\/tbody>\n<\/table>\n<\/div>\t\t\t\t\t\t\t\t<\/div>\n\t\t\t\t<\/div>\n\t\t\t\t<\/div>\n\t\t\t\t\t<\/div>\n\t\t\t\t<\/div>\n\t\t\t\t<\/div>\n\t\t","protected":false},"excerpt":{"rendered":"<p>KMTB 40B je mobilni dvi\u017eni vili\u010dar za sode z objemalnim prijemom, kar ga dela univerzalno re\u0161itev za plasti\u010dne in jeklene sode. Omogo\u010da dvigovanje, transport in nagibanje sodov do 120\u00b0, z enostavnim dvigovanjem s pedalom ali krmilno ro\u010dico. <\/p>\n","protected":false},"featured_media":31676,"comment_status":"open","ping_status":"closed","template":"","meta":[],"etheme_brands":[],"product_brand":[],"product_cat":[518,515],"product_tag":[508,517],"class_list":{"0":"post-33928","1":"product","2":"type-product","3":"status-publish","4":"has-post-thumbnail","6":"product_cat-dvizni-vilicarji-za-sode","7":"product_cat-vilicarji","8":"product_tag-dvigovanje-sodov","9":"product_tag-en-iso-3691-5","10":"product_shipping_class-dostava-gw","12":"first","13":"instock","14":"taxable","15":"shipping-taxable","16":"purchasable","17":"product-type-simple"},"_links":{"self":[{"href":"https:\/\/dizalica.hr\/sl\/wp-json\/wp\/v2\/product\/33928","targetHints":{"allow":["GET"]}}],"collection":[{"href":"https:\/\/dizalica.hr\/sl\/wp-json\/wp\/v2\/product"}],"about":[{"href":"https:\/\/dizalica.hr\/sl\/wp-json\/wp\/v2\/types\/product"}],"replies":[{"embeddable":true,"href":"https:\/\/dizalica.hr\/sl\/wp-json\/wp\/v2\/comments?post=33928"}],"version-history":[{"count":1,"href":"https:\/\/dizalica.hr\/sl\/wp-json\/wp\/v2\/product\/33928\/revisions"}],"predecessor-version":[{"id":33929,"href":"https:\/\/dizalica.hr\/sl\/wp-json\/wp\/v2\/product\/33928\/revisions\/33929"}],"wp:featuredmedia":[{"embeddable":true,"href":"https:\/\/dizalica.hr\/sl\/wp-json\/wp\/v2\/media\/31676"}],"wp:attachment":[{"href":"https:\/\/dizalica.hr\/sl\/wp-json\/wp\/v2\/media?parent=33928"}],"wp:term":[{"taxonomy":"brand","embeddable":true,"href":"https:\/\/dizalica.hr\/sl\/wp-json\/wp\/v2\/etheme_brands?post=33928"},{"taxonomy":"product_brand","embeddable":true,"href":"https:\/\/dizalica.hr\/sl\/wp-json\/wp\/v2\/product_brand?post=33928"},{"taxonomy":"product_cat","embeddable":true,"href":"https:\/\/dizalica.hr\/sl\/wp-json\/wp\/v2\/product_cat?post=33928"},{"taxonomy":"product_tag","embeddable":true,"href":"https:\/\/dizalica.hr\/sl\/wp-json\/wp\/v2\/product_tag?post=33928"}],"curies":[{"name":"wp","href":"https:\/\/api.w.org\/{rel}","templated":true}]}}