{"id":33922,"date":"2026-04-27T20:36:49","date_gmt":"2026-04-27T18:36:49","guid":{"rendered":"https:\/\/dizalica.hr\/nekategorizirano\/lahek-visokodvizni-vilicar-za-skaldisca-trgovine\/"},"modified":"2026-04-27T20:37:26","modified_gmt":"2026-04-27T18:37:26","slug":"lahek-visokodvizni-vilicar-za-skaldisca-trgovine","status":"publish","type":"product","link":"https:\/\/dizalica.hr\/sl\/vilicarji\/dostavljalni-visokodvizni-vilicarji\/lahek-visokodvizni-vilicar-za-skaldisca-trgovine\/","title":{"rendered":"Lahek visokodvi\u017eni vili\u010dar 1,5 m za ozka skladi\u0161\u010da in trgovine"},"content":{"rendered":"\t\t<div data-elementor-type=\"product-post\" data-elementor-id=\"33922\" class=\"elementor elementor-33922 elementor-32280\" data-elementor-post-type=\"product\">\n\t\t\t\t<div class=\"elementor-element elementor-element-37931928 e-flex e-con-boxed e-con e-parent\" data-id=\"37931928\" data-element_type=\"container\" data-e-type=\"container\">\n\t\t\t\t\t<div class=\"e-con-inner\">\n\t\t<div class=\"elementor-element elementor-element-96b639e e-con-full e-flex e-con e-child\" data-id=\"96b639e\" data-element_type=\"container\" data-e-type=\"container\">\n\t\t\t\t<div class=\"elementor-element elementor-element-3fdab10 elementor-widget elementor-widget-text-editor\" data-id=\"3fdab10\" data-element_type=\"widget\" data-e-type=\"widget\" data-widget_type=\"text-editor.default\">\n\t\t\t\t<div class=\"elementor-widget-container\">\n\t\t\t\t\t\t\t\t\t<h2 class=\"nabrajanje\">Kompaktni vili\u010dar KMTL 4150 (1,5 m) \u2013 Maksimalna izkori\u0161\u010denost skladi\u0161\u010dnega prostora<\/h2>\n<p>Ko morate zlagati blago &#8220;v vi\u0161ino&#8221; v malih skladi\u0161\u010dih ali trgovinah, model KMTL 4150 ponuja najbolj\u0161e razmerje dosega in stabilnosti na trgu.<\/p>\n\n<ul class=\"nabrajanje\">\n     <li><strong>Zlaganje na regale:<\/strong> Vi\u0161ina 1500 mm omogo\u010da varen doseg drugega nivoja polic, s \u010dimer u\u010dinkovito podvojite izkori\u0161\u010denost va\u0161ega skladi\u0161\u010dnega prostora v istem tlorisu.<\/li>\n     <li><strong>Ventil za milimetrsko spu\u0161\u010danje:<\/strong> Natan\u010dna ro\u010dica za izpu\u0161\u010danje tlaka omogo\u010da operaterju, da lagodno in varno polo\u017ei paleto na regale brez udarcev, s \u010dimer \u0161\u010diti blago in opremo.<\/li>\n     <li><strong>\u0160iroki profil stabilizatorja:<\/strong> Spodnje podvozje je dodatno oja\u010dano in raz\u0161irjeno, da zagotavlja maksimalno bo\u010dno stabilnost, kar je klju\u010dno pri manipulaciji tovora na najvi\u0161ji to\u010dki dvigovanja.<\/li>\n     <li><strong>Delo v ozkih hodnikih:<\/strong> Zasnovan za prostore, kjer je vsak centimeter pomemben \u2013 s skupno \u0161irino samo 580 mm vili\u010dar prehaja skozi najtesnej\u0161a grla in se obra\u010da skoraj &#8220;na mestu&#8221;.<\/li>\n     <li><strong>Industrijska stabilnost:<\/strong> \u010ceprav tehta samo 86 kg, ima drog iz debelej\u0161ega jeklnega profila, ki zagotavlja, da se konstrukcija ne bo upogibala niti pod maksimalno obremenitvijo 400 kg.<\/li>\n     <li><strong>Varnost pri delu:<\/strong> Opremljen z zavorami na krmilnih kolesih (\u00d8125 mm) za fiksiranje naprave pri dvigovanju in spu\u0161\u010danju tovora.<\/li>\n<\/ul>\t\t\t\t\t\t\t\t<\/div>\n\t\t\t\t<\/div>\n\t\t\t\t<div class=\"elementor-element elementor-element-23b7f7c elementor-widget elementor-widget-text-editor\" data-id=\"23b7f7c\" data-element_type=\"widget\" data-e-type=\"widget\" data-widget_type=\"text-editor.default\">\n\t\t\t\t<div class=\"elementor-widget-container\">\n\t\t\t\t\t\t\t\t\t<h2>Tehni\u010dne prednosti modela KMTL 4150 \u2013 Maksimalen nadzor na 1,5 metra<\/h2>\n<p>Ko se tovor 400 kg dviguje na maksimalno vi\u0161ino, se fokus premakne na natan\u010dnost hidravlike in togost samega podvozja.<\/p>\n\n<ul class=\"nabrajanje\">\n    <li><strong>Progresivni hidravli\u010dni sistem:<\/strong> Vi\u0161ina 1500 mm se dose\u017ee skozi 60 nadzorovanih \u010drpanj, kar omogo\u010da operaterju, da natan\u010dno dozira vi\u0161ino brez nenadnih premikov.<\/li>\n    <li><strong>Ventil za milimetrsko spu\u0161\u010danje:<\/strong> Posebej kalibrirana ro\u010dica za izpu\u0161\u010danje tlaka izklju\u010duje tveganje nenadnega padca tovora, omogo\u010dajo\u010d mehko in tiho odlaganje palete na visoke regale.<\/li>\n    <li><strong>\u0160iroki profil stabilizatorja in podvozja:<\/strong> Z zunanjim razmakom vilic 550 mm in raz\u0161irjeno spodnjo bazo ta model zagotavlja vrhunsko bo\u010dno stabilnost tudi pri polnem izvleku droga na 1710 mm skupne vi\u0161ine.<\/li>\n    <li><strong>Ergonomska krmilna ro\u010dica (360\u00b0):<\/strong> Ve\u010dnamenska ro\u010dka, povezana s krmilnimi kolesi premera \u00d8125 mm, omogo\u010da obra\u010danje vili\u010darja znotraj lastne osi, kar je klju\u010dno v hodnikih \u0161irine manj kot en meter.<\/li>\n    <li><strong>Poliuretanska kolesa na vilicah:<\/strong> Dvojna sprednja kolesa premera \u00d875 mm enakomerno porazdelijo pritisk na podlago, zagotavljajo\u010d gladko gibanje ne glede na te\u017eo tovora.<\/li>\n<\/ul>\t\t\t\t\t\t\t\t<\/div>\n\t\t\t\t<\/div>\n\t\t\t\t<div class=\"elementor-element elementor-element-45dbd9a elementor-widget elementor-widget-text-editor\" data-id=\"45dbd9a\" data-element_type=\"widget\" data-e-type=\"widget\" data-widget_type=\"text-editor.default\">\n\t\t\t\t<div class=\"elementor-widget-container\">\n\t\t\t\t\t\t\t\t\t<h2>Stabilnost pri maksimalnih obremenitvah<\/h2><p>Pri modelih z najve\u010djim dosegom je fokus na materialih, ki prepre\u010dujejo zvijanje konstrukcije pri polni obremenitvi.<\/p><ul class=\"nabrajanje\"><li><strong>Industrijski profil droga:<\/strong> Uporaba debelej\u0161ega jeklnega profila zagotavlja, da se dvigalo ne bo upogibalo, ko paleto dvignete na polnih 1,5 metra vi\u0161ine.<\/li><li><strong>Visokokakovostna hidravlika:<\/strong> Vgrajeni natan\u010dni ventili omogo\u010dajo enakomerno dvigovanje in spu\u0161\u010danje, kar podalj\u0161uje \u017eivljenjsko dobo celotnega mehanizma.<\/li><li><strong>Ergonomska kon\u010dna obdelava:<\/strong> Ro\u010dke in komande so izdelane iz materialov, odpornih na obrabo in olja, zagotavljajo\u010d varno delo v vseh pogojih.<\/li><\/ul>\t\t\t\t\t\t\t\t<\/div>\n\t\t\t\t<\/div>\n\t\t\t\t<div class=\"elementor-element elementor-element-1d35911 elementor-widget elementor-widget-text-editor\" data-id=\"1d35911\" data-element_type=\"widget\" data-e-type=\"widget\" data-widget_type=\"text-editor.default\">\n\t\t\t\t<div class=\"elementor-widget-container\">\n\t\t\t\t\t\t\t\t\t<h2>Visokozdvi\u017eni vili\u010dar za vertikalno zlaganje in regalno skladi\u0161\u010denje<\/h2><p>Maksimalno izkoristite kapaciteto va\u0161ega skladi\u0161\u010da ali trgovine z u\u010dinkovito uporabo polne vi\u0161ine prostora.<\/p><ul class=\"nabrajanje\"><li><strong>Zlaganje palet na regale:<\/strong> Varno in stabilno dvigovanje blaga na drugi nivo polic, s \u010dimer u\u010dinkovito podvojite kapaciteto skladi\u0161\u010denja v istem tlorisu.<\/li><li><strong>Dopolnjevanje polic v trgovinah:<\/strong> Tiho delovanje in natan\u010dno gibanje ga naredita idealnega za delo v prodajnih prostorih, omogo\u010dajo\u010d dopolnjevanje zalog brez motenja kupcev.<\/li><\/ul>\t\t\t\t\t\t\t\t<\/div>\n\t\t\t\t<\/div>\n\t\t\t\t<\/div>\n\t\t<div class=\"elementor-element elementor-element-e126df8 e-con-full e-flex e-con e-child\" data-id=\"e126df8\" data-element_type=\"container\" data-e-type=\"container\">\n\t\t\t\t<div class=\"elementor-element elementor-element-52a998e4 elementor-widget elementor-widget-text-editor\" data-id=\"52a998e4\" data-element_type=\"widget\" data-e-type=\"widget\" data-widget_type=\"text-editor.default\">\n\t\t\t\t<div class=\"elementor-widget-container\">\n\t\t\t\t\t\t\t\t\t<h2>Skladi\u0161\u010dni visokozdvi\u017eni vili\u010dar KMTL 4150 (1,5 m) \u2013 tehni\u010dne karakteristike<\/h2>\n<div class=\"table-wrap\">\n<table class=\"styled-table\" role=\"table\" aria-label=\"Karakteristike vili\u010dara KMTL 4150\">\n<thead>\n<tr style=\"background-color: #ffc107;\">\n<th style=\"width: 50%;\">Naziv karakteristike<\/th>\n<th style=\"width: 50%;\">Vrednost \/ Podrobnosti<\/th>\n<\/tr>\n<\/thead>\n<tbody>\n<tr>\n<td><strong>Model naprave<\/strong><\/td>\n<td>KMTL 4150<\/td>\n<\/tr>\n<tr>\n<td><strong>Nosilnost<\/strong><\/td>\n<td>400 kg<\/td>\n<\/tr>\n<tr>\n<td><strong>Maksimalna vi\u0161ina vilic (H2)<\/strong><\/td>\n<td>1500 mm<\/td>\n<\/tr>\n<tr>\n<td><strong>Minimalna vi\u0161ina vilic (H1)<\/strong><\/td>\n<td>85 mm<\/td>\n<\/tr>\n<tr>\n<td><strong>Dol\u017eina vilic (L1)<\/strong><\/td>\n<td>650 mm<\/td>\n<\/tr>\n<tr>\n<td><strong>Zunanji razmak vilic (W)<\/strong><\/td>\n<td>550 mm<\/td>\n<\/tr>\n<tr>\n<td><strong>Skupna vi\u0161ina naprave (H)<\/strong><\/td>\n<td>1710 mm<\/td>\n<\/tr>\n<tr>\n<td><strong>\u0160tevilo \u010drpanj do max. vi\u0161ine<\/strong><\/td>\n<td>60<\/td>\n<\/tr>\n<tr>\n<td><strong>Glavna namembnost<\/strong><\/td>\n<td>Zlaganje na police, regale in &#8220;double-stacking&#8221;<\/td>\n<\/tr>\n<tr>\n<td><strong>Nadzor spu\u0161\u010danja<\/strong><\/td>\n<td>Fino prilagajanje vi\u0161ine preko ventila<\/td>\n<\/tr>\n<tr>\n<td><strong>Varnostna za\u0161\u010dita<\/strong><\/td>\n<td>Ventil proti preobremenitvi hidravli\u010dne \u010drpalke<\/td>\n<\/tr>\n<tr>\n<td><strong>Kolesa (krmilna \/ na vilicah)<\/strong><\/td>\n<td>\u00d8125 mm \/ \u00d875 mm (Poliuretan)<\/td>\n<\/tr>\n<tr>\n<td><strong>Te\u017ea naprave<\/strong><\/td>\n<td>86 kg<\/td>\n<\/tr>\n<tr>\n<td><strong>Certifikacija<\/strong><\/td>\n<td>CE izjava, norma EN 3691-5<\/td>\n<\/tr>\n<tr>\n<td><strong>Upravljanje<\/strong><\/td>\n<td>Enostavno manevriranje v zelo ozkih hodnikih<\/td>\n<\/tr>\n<\/tbody>\n<tfoot>\n<tr style=\"background-color: #ffc107;\">\n<td style=\"padding: 15px;\" colspan=\"2\">Model KMTL 4150 omogo\u010da maksimalno izkori\u0161\u010denost vertikalnega prostora v skladi\u0161\u010dih in trgovinah. Z vi\u0161ino dvigovanja 1,5 m in vilicami dol\u017eine 650 mm je idealen za varno rokovanje s polu-paletami in \u0161katlami na povi\u0161anih nivojih. <\/td>\n<\/tr>\n<\/tfoot>\n<\/table>\n<\/div>\t\t\t\t\t\t\t\t<\/div>\n\t\t\t\t<\/div>\n\t\t\t\t<div class=\"elementor-element elementor-element-fa8c5ba elementor-widget elementor-widget-text-editor\" data-id=\"fa8c5ba\" data-element_type=\"widget\" data-e-type=\"widget\" data-widget_type=\"text-editor.default\">\n\t\t\t\t<div class=\"elementor-widget-container\">\n\t\t\t\t\t\t\t\t\t<h2>Najpogosteje zastavljena vpra\u0161anja<\/h2>\t\t\t\t\t\t\t\t<\/div>\n\t\t\t\t<\/div>\n\t\t\t\t<div class=\"elementor-element elementor-element-77567bf elementor-widget elementor-widget-n-accordion\" data-id=\"77567bf\" data-element_type=\"widget\" data-e-type=\"widget\" data-settings=\"{&quot;default_state&quot;:&quot;all_collapsed&quot;,&quot;max_items_expended&quot;:&quot;one&quot;,&quot;n_accordion_animation_duration&quot;:{&quot;unit&quot;:&quot;ms&quot;,&quot;size&quot;:400,&quot;sizes&quot;:[]}}\" data-widget_type=\"nested-accordion.default\">\n\t\t\t\t<div class=\"elementor-widget-container\">\n\t\t\t\t\t\t\t<div class=\"e-n-accordion\" aria-label=\"Accordion. Open links with Enter or Space, close with Escape, and navigate with Arrow Keys\">\n\t\t\t\t\t\t<details id=\"e-n-accordion-item-1250\" class=\"e-n-accordion-item\" >\n\t\t\t\t<summary class=\"e-n-accordion-item-title\" data-accordion-index=\"1\" tabindex=\"0\" aria-expanded=\"false\" aria-controls=\"e-n-accordion-item-1250\" >\n\t\t\t\t\t<span class='e-n-accordion-item-title-header'><h3 class=\"e-n-accordion-item-title-text\"> Kako stabilen je vili\u010dar, ko je tovor na maksimalnih 1,5 metra? <\/h3><\/span>\n\t\t\t\t\t\t\t<span class='e-n-accordion-item-title-icon'>\n\t\t\t<span class='e-opened' ><svg aria-hidden=\"true\" class=\"e-font-icon-svg e-fas-minus\" viewBox=\"0 0 448 512\" xmlns=\"http:\/\/www.w3.org\/2000\/svg\"><path d=\"M416 208H32c-17.67 0-32 14.33-32 32v32c0 17.67 14.33 32 32 32h384c17.67 0 32-14.33 32-32v-32c0-17.67-14.33-32-32-32z\"><\/path><\/svg><\/span>\n\t\t\t<span class='e-closed'><svg aria-hidden=\"true\" class=\"e-font-icon-svg e-fas-plus\" viewBox=\"0 0 448 512\" xmlns=\"http:\/\/www.w3.org\/2000\/svg\"><path d=\"M416 208H272V64c0-17.67-14.33-32-32-32h-32c-17.67 0-32 14.33-32 32v144H32c-17.67 0-32 14.33-32 32v32c0 17.67 14.33 32 32 32h144v144c0 17.67 14.33 32 32 32h32c17.67 0 32-14.33 32-32V304h144c17.67 0 32-14.33 32-32v-32c0-17.67-14.33-32-32-32z\"><\/path><\/svg><\/span>\n\t\t<\/span>\n\n\t\t\t\t\t\t<\/summary>\n\t\t\t\t<div role=\"region\" aria-labelledby=\"e-n-accordion-item-1250\" class=\"elementor-element elementor-element-9cf3bfe e-con-full e-flex e-con e-child\" data-id=\"9cf3bfe\" data-element_type=\"container\" data-e-type=\"container\">\n\t\t\t\t<div class=\"elementor-element elementor-element-2c8d0d9 elementor-widget elementor-widget-text-editor\" data-id=\"2c8d0d9\" data-element_type=\"widget\" data-e-type=\"widget\" data-widget_type=\"text-editor.default\">\n\t\t\t\t<div class=\"elementor-widget-container\">\n\t\t\t\t\t\t\t\t\t<p>Izjemno je stabilen zahvaljujo\u010d raz\u0161irjenemu profilu spodnjega podvozja in oja\u010danemu drogu iz debelej\u0161ega jeklnega profila. \u010ceprav je naprava lahka (86 kg), je zasnovana tako, da izklju\u010duje zvijanje in guganje, kar je klju\u010dno za varnost pri delu na drugem nivoju regala. <\/p>\t\t\t\t\t\t\t\t<\/div>\n\t\t\t\t<\/div>\n\t\t\t\t<\/div>\n\t\t\t\t\t<\/details>\n\t\t\t\t\t\t<details id=\"e-n-accordion-item-1251\" class=\"e-n-accordion-item\" >\n\t\t\t\t<summary class=\"e-n-accordion-item-title\" data-accordion-index=\"2\" tabindex=\"-1\" aria-expanded=\"false\" aria-controls=\"e-n-accordion-item-1251\" >\n\t\t\t\t\t<span class='e-n-accordion-item-title-header'><h3 class=\"e-n-accordion-item-title-text\"> Ali lahko s tem vili\u010darjem natan\u010dno odlo\u017eim ob\u010dutljivo blago? <\/h3><\/span>\n\t\t\t\t\t\t\t<span class='e-n-accordion-item-title-icon'>\n\t\t\t<span class='e-opened' ><svg aria-hidden=\"true\" class=\"e-font-icon-svg e-fas-minus\" viewBox=\"0 0 448 512\" xmlns=\"http:\/\/www.w3.org\/2000\/svg\"><path d=\"M416 208H32c-17.67 0-32 14.33-32 32v32c0 17.67 14.33 32 32 32h384c17.67 0 32-14.33 32-32v-32c0-17.67-14.33-32-32-32z\"><\/path><\/svg><\/span>\n\t\t\t<span class='e-closed'><svg aria-hidden=\"true\" class=\"e-font-icon-svg e-fas-plus\" viewBox=\"0 0 448 512\" xmlns=\"http:\/\/www.w3.org\/2000\/svg\"><path d=\"M416 208H272V64c0-17.67-14.33-32-32-32h-32c-17.67 0-32 14.33-32 32v144H32c-17.67 0-32 14.33-32 32v32c0 17.67 14.33 32 32 32h144v144c0 17.67 14.33 32 32 32h32c17.67 0 32-14.33 32-32V304h144c17.67 0 32-14.33 32-32v-32c0-17.67-14.33-32-32-32z\"><\/path><\/svg><\/span>\n\t\t<\/span>\n\n\t\t\t\t\t\t<\/summary>\n\t\t\t\t<div role=\"region\" aria-labelledby=\"e-n-accordion-item-1251\" class=\"elementor-element elementor-element-df9db16 e-con-full e-flex e-con e-child\" data-id=\"df9db16\" data-element_type=\"container\" data-e-type=\"container\">\n\t\t\t\t<div class=\"elementor-element elementor-element-3b32d6b elementor-widget elementor-widget-text-editor\" data-id=\"3b32d6b\" data-element_type=\"widget\" data-e-type=\"widget\" data-widget_type=\"text-editor.default\">\n\t\t\t\t<div class=\"elementor-widget-container\">\n\t\t\t\t\t\t\t\t\t<p>Da. Model KMTL 4150 je opremljen z ventilom za milimetrsko spu\u0161\u010danje. To pomeni, da lahko s pomo\u010djo natan\u010dne ro\u010dice nadzirate hitrost spu\u0161\u010danja tovora do najmanj\u0161e podrobnosti, izogibate se nenadnim udarcem ob regale ali tla.  <\/p>\t\t\t\t\t\t\t\t<\/div>\n\t\t\t\t<\/div>\n\t\t\t\t<\/div>\n\t\t\t\t\t<\/details>\n\t\t\t\t\t\t<details id=\"e-n-accordion-item-1252\" class=\"e-n-accordion-item\" >\n\t\t\t\t<summary class=\"e-n-accordion-item-title\" data-accordion-index=\"3\" tabindex=\"-1\" aria-expanded=\"false\" aria-controls=\"e-n-accordion-item-1252\" >\n\t\t\t\t\t<span class='e-n-accordion-item-title-header'><h3 class=\"e-n-accordion-item-title-text\"> Ali je ta vili\u010dar namenjen za standardne Euro-palete (1200x800 mm)? <\/h3><\/span>\n\t\t\t\t\t\t\t<span class='e-n-accordion-item-title-icon'>\n\t\t\t<span class='e-opened' ><svg aria-hidden=\"true\" class=\"e-font-icon-svg e-fas-minus\" viewBox=\"0 0 448 512\" xmlns=\"http:\/\/www.w3.org\/2000\/svg\"><path d=\"M416 208H32c-17.67 0-32 14.33-32 32v32c0 17.67 14.33 32 32 32h384c17.67 0 32-14.33 32-32v-32c0-17.67-14.33-32-32-32z\"><\/path><\/svg><\/span>\n\t\t\t<span class='e-closed'><svg aria-hidden=\"true\" class=\"e-font-icon-svg e-fas-plus\" viewBox=\"0 0 448 512\" xmlns=\"http:\/\/www.w3.org\/2000\/svg\"><path d=\"M416 208H272V64c0-17.67-14.33-32-32-32h-32c-17.67 0-32 14.33-32 32v144H32c-17.67 0-32 14.33-32 32v32c0 17.67 14.33 32 32 32h144v144c0 17.67 14.33 32 32 32h32c17.67 0 32-14.33 32-32V304h144c17.67 0 32-14.33 32-32v-32c0-17.67-14.33-32-32-32z\"><\/path><\/svg><\/span>\n\t\t<\/span>\n\n\t\t\t\t\t\t<\/summary>\n\t\t\t\t<div role=\"region\" aria-labelledby=\"e-n-accordion-item-1252\" class=\"elementor-element elementor-element-51699d2 e-con-full e-flex e-con e-child\" data-id=\"51699d2\" data-element_type=\"container\" data-e-type=\"container\">\n\t\t\t\t<div class=\"elementor-element elementor-element-370a4f2 elementor-widget elementor-widget-text-editor\" data-id=\"370a4f2\" data-element_type=\"widget\" data-e-type=\"widget\" data-widget_type=\"text-editor.default\">\n\t\t\t\t<div class=\"elementor-widget-container\">\n\t\t\t\t\t\t\t\t\t<p>Ta model je optimiziran za polu-palete (800&#215;600 mm), kartonske \u0161katle in stroje. Zaradi dol\u017eine vilic 650 mm standardne Euro-palete niso priporo\u010dljive za dvigovanje po dol\u017eini, ker bi bilo te\u017ei\u0161\u010de preve\u010d naprej. Vendar odli\u010dno slu\u017ei za vse tovore, ki se ujemajo z dimenzijami vilic do 400 kg.  <\/p>\t\t\t\t\t\t\t\t<\/div>\n\t\t\t\t<\/div>\n\t\t\t\t<\/div>\n\t\t\t\t\t<\/details>\n\t\t\t\t\t\t<details id=\"e-n-accordion-item-1253\" class=\"e-n-accordion-item\" >\n\t\t\t\t<summary class=\"e-n-accordion-item-title\" data-accordion-index=\"4\" tabindex=\"-1\" aria-expanded=\"false\" aria-controls=\"e-n-accordion-item-1253\" >\n\t\t\t\t\t<span class='e-n-accordion-item-title-header'><h3 class=\"e-n-accordion-item-title-text\"> Ali lahko prehaja skozi standardna notranja vrata in ozke hodnike? <\/h3><\/span>\n\t\t\t\t\t\t\t<span class='e-n-accordion-item-title-icon'>\n\t\t\t<span class='e-opened' ><svg aria-hidden=\"true\" class=\"e-font-icon-svg e-fas-minus\" viewBox=\"0 0 448 512\" xmlns=\"http:\/\/www.w3.org\/2000\/svg\"><path d=\"M416 208H32c-17.67 0-32 14.33-32 32v32c0 17.67 14.33 32 32 32h384c17.67 0 32-14.33 32-32v-32c0-17.67-14.33-32-32-32z\"><\/path><\/svg><\/span>\n\t\t\t<span class='e-closed'><svg aria-hidden=\"true\" class=\"e-font-icon-svg e-fas-plus\" viewBox=\"0 0 448 512\" xmlns=\"http:\/\/www.w3.org\/2000\/svg\"><path d=\"M416 208H272V64c0-17.67-14.33-32-32-32h-32c-17.67 0-32 14.33-32 32v144H32c-17.67 0-32 14.33-32 32v32c0 17.67 14.33 32 32 32h144v144c0 17.67 14.33 32 32 32h32c17.67 0 32-14.33 32-32V304h144c17.67 0 32-14.33 32-32v-32c0-17.67-14.33-32-32-32z\"><\/path><\/svg><\/span>\n\t\t<\/span>\n\n\t\t\t\t\t\t<\/summary>\n\t\t\t\t<div role=\"region\" aria-labelledby=\"e-n-accordion-item-1253\" class=\"elementor-element elementor-element-9a0a267 e-con-full e-flex e-con e-child\" data-id=\"9a0a267\" data-element_type=\"container\" data-e-type=\"container\">\n\t\t\t\t<div class=\"elementor-element elementor-element-8b6580a elementor-widget elementor-widget-text-editor\" data-id=\"8b6580a\" data-element_type=\"widget\" data-e-type=\"widget\" data-widget_type=\"text-editor.default\">\n\t\t\t\t<div class=\"elementor-widget-container\">\n\t\t\t\t\t\t\t\t\t<p>Lahko. S skupno \u0161irino samo 580 mm je o\u017eji od ve\u010dine standardnih vrat. Vendar upo\u0161tevajte, da je skupna vi\u0161ina droga 1710 mm, zato preverite vi\u0161ino podboja pred prehodom.  <\/p>\t\t\t\t\t\t\t\t<\/div>\n\t\t\t\t<\/div>\n\t\t\t\t<\/div>\n\t\t\t\t\t<\/details>\n\t\t\t\t\t\t<details id=\"e-n-accordion-item-1254\" class=\"e-n-accordion-item\" >\n\t\t\t\t<summary class=\"e-n-accordion-item-title\" data-accordion-index=\"5\" tabindex=\"-1\" aria-expanded=\"false\" aria-controls=\"e-n-accordion-item-1254\" >\n\t\t\t\t\t<span class='e-n-accordion-item-title-header'><h3 class=\"e-n-accordion-item-title-text\"> Kako te\u017eko je dvigniti maksimalni tovor 400 kg do vrha? <\/h3><\/span>\n\t\t\t\t\t\t\t<span class='e-n-accordion-item-title-icon'>\n\t\t\t<span class='e-opened' ><svg aria-hidden=\"true\" class=\"e-font-icon-svg e-fas-minus\" viewBox=\"0 0 448 512\" xmlns=\"http:\/\/www.w3.org\/2000\/svg\"><path d=\"M416 208H32c-17.67 0-32 14.33-32 32v32c0 17.67 14.33 32 32 32h384c17.67 0 32-14.33 32-32v-32c0-17.67-14.33-32-32-32z\"><\/path><\/svg><\/span>\n\t\t\t<span class='e-closed'><svg aria-hidden=\"true\" class=\"e-font-icon-svg e-fas-plus\" viewBox=\"0 0 448 512\" xmlns=\"http:\/\/www.w3.org\/2000\/svg\"><path d=\"M416 208H272V64c0-17.67-14.33-32-32-32h-32c-17.67 0-32 14.33-32 32v144H32c-17.67 0-32 14.33-32 32v32c0 17.67 14.33 32 32 32h144v144c0 17.67 14.33 32 32 32h32c17.67 0 32-14.33 32-32V304h144c17.67 0 32-14.33 32-32v-32c0-17.67-14.33-32-32-32z\"><\/path><\/svg><\/span>\n\t\t<\/span>\n\n\t\t\t\t\t\t<\/summary>\n\t\t\t\t<div role=\"region\" aria-labelledby=\"e-n-accordion-item-1254\" class=\"elementor-element elementor-element-14d7869 e-con-full e-flex e-con e-child\" data-id=\"14d7869\" data-element_type=\"container\" data-e-type=\"container\">\n\t\t\t\t<div class=\"elementor-element elementor-element-035c549 elementor-widget elementor-widget-text-editor\" data-id=\"035c549\" data-element_type=\"widget\" data-e-type=\"widget\" data-widget_type=\"text-editor.default\">\n\t\t\t\t<div class=\"elementor-widget-container\">\n\t\t\t\t\t\t\t\t\t<p>Hidravli\u010dni sistem je optimiziran tako, da lahko povpre\u010dni operater brez prevelikega napora dvigne tovor s pomo\u010djo no\u017ene pedale. Do maksimalne vi\u0161ine 1,5 m je potrebnih pribli\u017eno 60 \u010drpanj, kar zagotavlja visoko natan\u010dnost pozicioniranja. <\/p>\t\t\t\t\t\t\t\t<\/div>\n\t\t\t\t<\/div>\n\t\t\t\t<\/div>\n\t\t\t\t\t<\/details>\n\t\t\t\t\t<\/div>\n\t\t\t\t\t\t<\/div>\n\t\t\t\t<\/div>\n\t\t\t\t<\/div>\n\t\t\t\t\t<\/div>\n\t\t\t\t<\/div>\n\t\t\t\t<\/div>\n\t\t","protected":false},"excerpt":{"rendered":"<p>Maksimalna izkori\u0161\u010denost prostora v malih skladi\u0161\u010dih in trgovinah.<\/p>\n<ul class=\"nabrajanje\">\n<li><strong>Dose\u017eite vi\u0161je:<\/strong> Vi\u0161ina 1,5 m omogo\u010da varno zlaganje blaga na drugi nivo regala ali visoke police.<\/li>\n<li><strong>Ozki hodniki:<\/strong> Zasnovan za delo v hodnikih, kjer klasi\u010dni vili\u010darji ne morejo dostopati.<\/li>\n<li><strong>Stabilnost in varnost:<\/strong> Trdna konstrukcija z zavoro na kolesih za fiksiranje pri dvigovanju.<\/li>\n<li><strong>Ve\u010dnamensko orodje:<\/strong> Popolno ravnovesje med kompaktnostjo in visoko funkcionalnostjo.<\/li>\n<\/ul>\n","protected":false},"featured_media":32410,"comment_status":"open","ping_status":"closed","template":"","meta":[],"etheme_brands":[],"product_brand":[],"product_cat":[516,515],"product_tag":[517],"class_list":{"0":"post-33922","1":"product","2":"type-product","3":"status-publish","4":"has-post-thumbnail","6":"product_cat-dostavljalni-visokodvizni-vilicarji","7":"product_cat-vilicarji","8":"product_tag-en-iso-3691-5","10":"first","11":"outofstock","12":"taxable","13":"shipping-taxable","14":"purchasable","15":"product-type-simple"},"_links":{"self":[{"href":"https:\/\/dizalica.hr\/sl\/wp-json\/wp\/v2\/product\/33922","targetHints":{"allow":["GET"]}}],"collection":[{"href":"https:\/\/dizalica.hr\/sl\/wp-json\/wp\/v2\/product"}],"about":[{"href":"https:\/\/dizalica.hr\/sl\/wp-json\/wp\/v2\/types\/product"}],"replies":[{"embeddable":true,"href":"https:\/\/dizalica.hr\/sl\/wp-json\/wp\/v2\/comments?post=33922"}],"version-history":[{"count":1,"href":"https:\/\/dizalica.hr\/sl\/wp-json\/wp\/v2\/product\/33922\/revisions"}],"predecessor-version":[{"id":33924,"href":"https:\/\/dizalica.hr\/sl\/wp-json\/wp\/v2\/product\/33922\/revisions\/33924"}],"wp:featuredmedia":[{"embeddable":true,"href":"https:\/\/dizalica.hr\/sl\/wp-json\/wp\/v2\/media\/32410"}],"wp:attachment":[{"href":"https:\/\/dizalica.hr\/sl\/wp-json\/wp\/v2\/media?parent=33922"}],"wp:term":[{"taxonomy":"brand","embeddable":true,"href":"https:\/\/dizalica.hr\/sl\/wp-json\/wp\/v2\/etheme_brands?post=33922"},{"taxonomy":"product_brand","embeddable":true,"href":"https:\/\/dizalica.hr\/sl\/wp-json\/wp\/v2\/product_brand?post=33922"},{"taxonomy":"product_cat","embeddable":true,"href":"https:\/\/dizalica.hr\/sl\/wp-json\/wp\/v2\/product_cat?post=33922"},{"taxonomy":"product_tag","embeddable":true,"href":"https:\/\/dizalica.hr\/sl\/wp-json\/wp\/v2\/product_tag?post=33922"}],"curies":[{"name":"wp","href":"https:\/\/api.w.org\/{rel}","templated":true}]}}