{"id":33814,"date":"2026-04-27T18:48:36","date_gmt":"2026-04-27T16:48:36","guid":{"rendered":"https:\/\/dizalica.hr\/nekategorizirano\/kotni-scitniki-za-dvizne-trakove-z-jezki\/"},"modified":"2026-04-27T18:49:21","modified_gmt":"2026-04-27T16:49:21","slug":"kotni-scitniki-za-dvizne-trakove-z-jezki","status":"publish","type":"product","link":"https:\/\/dizalica.hr\/sl\/poliesterske-priveznice-02\/zascitniki-za-trakove\/kotni-scitniki-za-dvizne-trakove-z-jezki\/","title":{"rendered":"Kotni \u0161\u010ditniki za dvi\u017ene trakove z je\u017eki 75 mm in 150 mm"},"content":{"rendered":"\t\t<div data-elementor-type=\"product-post\" data-elementor-id=\"33814\" class=\"elementor elementor-33814 elementor-2535\" data-elementor-post-type=\"product\">\n\t\t\t\t<div class=\"elementor-element elementor-element-394fcade e-flex e-con-boxed e-con e-parent\" data-id=\"394fcade\" data-element_type=\"container\" data-e-type=\"container\">\n\t\t\t\t\t<div class=\"e-con-inner\">\n\t\t<div class=\"elementor-element elementor-element-5bf53ac e-con-full e-flex e-con e-child\" data-id=\"5bf53ac\" data-element_type=\"container\" data-e-type=\"container\">\n\t\t\t\t<div class=\"elementor-element elementor-element-2ef83367 elementor-widget elementor-widget-text-editor\" data-id=\"2ef83367\" data-element_type=\"widget\" data-e-type=\"widget\" data-widget_type=\"text-editor.default\">\n\t\t\t\t<div class=\"elementor-widget-container\">\n\t\t\t\t\t\t\t\t\t<h2>Zakaj so kotni \u0161\u010ditniki nujni za poliesterske dvi\u017ene trakove?<\/h2><p><a class=\"link1\" href=\"https:\/\/dizalica.hr\/sl\/poliesterske-priveznice\/\">Poliesterski dvi\u017eni trakovi<\/a> in tra\u010dne priveznice, \u010deprav izjemno \u010dvrste na nateg (nosilnost<br>1\u201310 ton), so izjemno ob\u010dutljive na bo\u010dne po\u0161kodbe zaradi ostrih robov. Raziskave<br>ka\u017eejo, da je ve\u010d kot 60 % po\u0161kodb dvi\u017enih trakov povzro\u010denih s stikom z ostrimi koti tovora \u2013 jeklenimi nosilci, betonskimi elementi, kovinskimi plo\u0161\u010dami in paletiziranim materialom z ostrimi robovi. <\/p><p>Kotni \u0161\u010ditniki za dvi\u017ene trakove delujejo kot za\u0161\u010ditna plast med trakom in tovorom,<br>razporejajo obremenitev na ve\u010djo povr\u0161ino in prepre\u010dujejo ureznine, prereze in obrabo, ki lahko vodijo do kriti\u010dne oslabitve strukture dvi\u017enega traku. Majhna nalo\u017eba v kakovostne \u0161\u010ditnike lahko podalj\u0161a \u017eivljenjsko dobo dvi\u017enega traku 3\u20135-krat<br>in odpravi stro\u0161ke prezgodnje zamenjave. <\/p>\t\t\t\t\t\t\t\t<\/div>\n\t\t\t\t<\/div>\n\t\t<div class=\"elementor-element elementor-element-6500e30 e-con-full e-flex e-con e-child\" data-id=\"6500e30\" data-element_type=\"container\" data-e-type=\"container\">\n\t\t<div class=\"elementor-element elementor-element-76fc26f e-con-full e-flex e-con e-child\" data-id=\"76fc26f\" data-element_type=\"container\" data-e-type=\"container\">\n\t\t\t\t<div class=\"elementor-element elementor-element-e23c65d elementor-widget elementor-widget-text-editor\" data-id=\"e23c65d\" data-element_type=\"widget\" data-e-type=\"widget\" data-widget_type=\"text-editor.default\">\n\t\t\t\t<div class=\"elementor-widget-container\">\n\t\t\t\t\t\t\t\t\t<div class=\"nabrajanje\"><h3>Kdaj so kotni \u0161\u010ditniki obvezni?<\/h3><ul><li>Dvigovanje jeklenih nosilcev, profilov in konstrukcij<\/li><li>Ravnanje z betonskimi elementi (robnik, paneli, plo\u0161\u010de)<\/li><li>Manipulacija s kovinskimi plo\u010devinami in plo\u0161\u010dami<\/li><li>Gradbeni material z ostrimi robovi<\/li><li>Kateri koli tovor, kjer dvi\u017eni trak prehaja \u010dez vogal<\/li><\/ul><p>V industrijskih aplikacijah je uporaba \u0161\u010ditnikov pogosto predpisana z varnostnimi <br>protokoli in obvezna za zagotavljanje dvi\u017enih operacij.<\/p><\/div>\t\t\t\t\t\t\t\t<\/div>\n\t\t\t\t<\/div>\n\t\t\t\t<\/div>\n\t\t<div class=\"elementor-element elementor-element-ceb79de e-con-full e-flex e-con e-child\" data-id=\"ceb79de\" data-element_type=\"container\" data-e-type=\"container\">\n\t\t\t\t<div class=\"elementor-element elementor-element-131934d elementor-widget elementor-widget-text-editor\" data-id=\"131934d\" data-element_type=\"widget\" data-e-type=\"widget\" data-widget_type=\"text-editor.default\">\n\t\t\t\t<div class=\"elementor-widget-container\">\n\t\t\t\t\t\t\t\t\t<p>Profesionalni kotni \u0161\u010ditniki z je\u017eki so zasnovani za za\u0161\u010dito poliesterskih <br>dvi\u017enih trakov in priveznic pred po\u0161kodbami na ostrih robovih in vogalih tovora. Izdelani iz <br>odpornega materiala z notranjo oja\u010dano oblogo, ti protektorji podalj\u0161ujejo \u017eivljenjsko <br>dobo dvi\u017ene opreme do 5-krat in zmanj\u0161ujejo stro\u0161ke zamenjave. <\/p><p>Prakti\u010den sistem je\u017ekov omogo\u010da hitro in enostavno namestitev brez dodatnih <br>orodij \u2013 idealno za dinami\u010dne gradbene in industrijske operacije, kjer se \u0161\u010ditniki <br>pogosto name\u0161\u010dajo in odstranjujejo. Na voljo v dveh \u0161irinah: 75 mm za dvi\u017ene trakove do 50 mm in <br>150 mm za dvi\u017ene trakove od 60\u2013100 mm. <\/p>\t\t\t\t\t\t\t\t<\/div>\n\t\t\t\t<\/div>\n\t\t\t\t<\/div>\n\t\t\t\t<\/div>\n\t\t\t\t<div class=\"elementor-element elementor-element-fd522fa elementor-widget elementor-widget-text-editor\" data-id=\"fd522fa\" data-element_type=\"widget\" data-e-type=\"widget\" data-widget_type=\"text-editor.default\">\n\t\t\t\t<div class=\"elementor-widget-container\">\n\t\t\t\t\t\t\t\t\t<h2 class=\"nabrajanje\">Prednosti kotnih \u0161\u010ditnikov za dvi\u017ene trakove z je\u017eki<\/h2><div class=\"nabrajanje\">Profesionalni kotni \u0161\u010ditniki za dvi\u017ene trakove Gutman Lifting s sistemom je\u017ekov nudijo \u0161tevilne prednosti v primerjavi s standardnimi \u0161\u010ditniki:<ol><li><strong>Hitra in enostavna namestitev<\/strong><br>Je\u017eek omogo\u010da namestitev \u0161\u010ditnika v manj kot 10 sekundah brez potrebe <br>po dodatnih orodjih ali zapletenem vodenju dvi\u017enega traku. Idealno za gradbi\u0161\u010da, kjer <br>se \u0161\u010ditniki pogosto name\u0161\u010dajo in odstranjujejo med delovnim dnem. <\/li><li><strong>Varno dr\u017eanje tovora na mestu<br><\/strong>Mo\u010dan sistem je\u017ekov zagotavlja, da \u0161\u010ditnik ostane trdno name\u0161\u010den med celotnim postopkom dvigovanja, kar prepre\u010duje drsenje, ki lahko povzro\u010di po\u0161kodbe dvi\u017enega traku ali nesre\u010do.<\/li><li><strong>Ve\u010dkratna uporaba<br><\/strong>Za razliko od za\u0161\u010dit za enkratno uporabo, ti \u0161\u010ditniki prenesejo na stotine ciklov namestitve in odstranitve. Odporen material in oja\u010dana notranjost zagotavljata dolgo \u017eivljenjsko dobo tudi v ekstremnih pogojih. <\/li><li><strong>Zdru\u017eljivost z razli\u010dnimi \u0161irinami dvi\u017enih trakov<br><\/strong>75 mm \u0161\u010ditnik: Idealen za dvi\u017ene trakove 30\u201350 mm (nosilnosti 1 T\u20132 T)<br>150 mm \u0161\u010ditnik: Ustreza dvi\u017enim trakovom 60\u2013100 mm (nosilnosti 2 T\u20136 T)<\/li><li><strong>Ekonomska upravi\u010denost<br><\/strong><\/li><\/ol><\/div>\t\t\t\t\t\t\t\t<\/div>\n\t\t\t\t<\/div>\n\t\t\t\t<div class=\"elementor-element elementor-element-89cee7a elementor-widget elementor-widget-text-editor\" data-id=\"89cee7a\" data-element_type=\"widget\" data-e-type=\"widget\" data-widget_type=\"text-editor.default\">\n\t\t\t\t<div class=\"elementor-widget-container\">\n\t\t\t\t\t\t\t\t\t<h2>Tehni\u010dne specifikacije in material \u0161\u010ditnika za dvi\u017ene trakove<\/h2><p><strong>Material<\/strong>: Odporen sinteti\u010dni material z oja\u010dano notranjo oblogo<br><strong>Sistem zapiranja:<\/strong> Industrijski je\u017eek (50 mm \u0161irina)<br><strong>Temperature:<\/strong> -20 \u00b0C do +80 \u00b0C<br><strong>Odpornost:<\/strong> UV stabiliziran, odporen na olja in kemikalije<\/p>\t\t\t\t\t\t\t\t<\/div>\n\t\t\t\t<\/div>\n\t\t\t\t<div class=\"elementor-element elementor-element-3f62b3c elementor-widget elementor-widget-text-editor\" data-id=\"3f62b3c\" data-element_type=\"widget\" data-e-type=\"widget\" data-widget_type=\"text-editor.default\">\n\t\t\t\t<div class=\"elementor-widget-container\">\n\t\t\t\t\t\t\t\t\t<div class=\"table-wrap\">\n<h3>Dimenzije kotnih \u0161\u010ditnikov z je\u017eki<\/h3>\n<table class=\"styled-table\" role=\"table\" aria-label=\"Dimenzije modela G-75 i G-150\">\n<thead>\n<tr>\n<th scope=\"col\">Model<\/th>\n<th scope=\"col\">\u0160irina<\/th>\n<th scope=\"col\">Dol\u017eina<\/th>\n<th scope=\"col\">Debelina<\/th>\n<th scope=\"col\">Za dvi\u017ene trakove<\/th>\n<th scope=\"col\">Te\u017ea<\/th>\n<\/tr>\n<\/thead>\n<tbody>\n<tr>\n<td><strong>G-75<\/strong><\/td>\n<td>75 mm<\/td>\n<td>250 mm<\/td>\n<td>8 mm<\/td>\n<td>30\u201350 mm<\/td>\n<td>0,12 kg<\/td>\n<\/tr>\n<tr>\n<td><strong>G-150<\/strong><\/td>\n<td>150 mm<\/td>\n<td>300 mm<\/td>\n<td>10 mm<\/td>\n<td>60\u2013100 mm<\/td>\n<td>0,25 kg<\/td>\n<\/tr>\n<\/tbody>\n<tfoot>\n<tr>\n<td colspan=\"6\">\n<strong>Barva:<\/strong> Rumena (visoka vidljivost)<br><strong>Pakiranje:<\/strong> Posamezno ali seti po 4 kose\n<\/td>\n<\/tr>\n<\/tfoot>\n<\/table>\n<\/div>\t\t\t\t\t\t\t\t<\/div>\n\t\t\t\t<\/div>\n\t\t\t\t<div class=\"elementor-element elementor-element-2aa6423 elementor-widget elementor-widget-text-editor\" data-id=\"2aa6423\" data-element_type=\"widget\" data-e-type=\"widget\" data-widget_type=\"text-editor.default\">\n\t\t\t\t<div class=\"elementor-widget-container\">\n\t\t\t\t\t\t\t\t\t<h2>Uporaba: Kje uporabiti kotne \u0161\u010ditnike?<\/h2><h3>Gradbena industrija<\/h3><ul class=\"nabrajanje\"><li>Dvigovanje armiranobetonskih nosilcev in plo\u0161\u010d<\/li><li>Manipulacija z jeklenimi konstrukcijami<\/li><li>Ravnanje z robniki, obrobami in betonskimi bloki<\/li><li>Monta\u017ea kovinskih nosilcev in profilov<\/li><\/ul><h3>Skladi\u0161\u010da in logistika<\/h3><ul class=\"nabrajanje\"><li>Za\u0161\u010dita dvi\u017enih trakov pri nakladalnih operacijah<\/li><li>Ravnanje s paletiziranim materialom z ostrimi robovi<\/li><li>Transport kovinskih cevovodov in profilov<\/li><li>Premikanje industrijske opreme<\/li><\/ul><h3>Proizvodne hale<\/h3><ul class=\"nabrajanje\"><li>Dvigovanje strojev in komponent<\/li><li>Manipulacija s kovinskimi plo\u010devinami<\/li><li>Ravnanje z orodnimi jekli in deli<\/li><li>Monta\u017ea te\u017ejih elementov<\/li><\/ul><h3>Storitvene dejavnosti<\/h3><ul class=\"nabrajanje\"><li>Monta\u017ea klimatskih naprav in hladilnih komor<\/li><li>Postavitev te\u017eke elektri\u010dne opreme<\/li><li>Ravnanje s cisternami in rezervoarji<\/li><\/ul><h3>Kdaj OBVEZNO uporabiti \u0161\u010ditnik:<\/h3><p>\u2713 Tovor ima ostre vogale (90\u00b0 ali manj)<br>\u2713 Dvi\u017eni trak prehaja \u010dez rob iz jekla, betona ali kovine<br>\u2713 Tovor je te\u017eak ve\u010d kot 500 kg<br>\u2713 Delate na gradbi\u0161\u010du ali v industrijskem okolju<br>\u2713 Varnostni protokol to zahteva<\/p>\t\t\t\t\t\t\t\t<\/div>\n\t\t\t\t<\/div>\n\t\t\t\t<\/div>\n\t\t<div class=\"elementor-element elementor-element-763726b e-con-full e-flex e-con e-child\" data-id=\"763726b\" data-element_type=\"container\" data-e-type=\"container\">\n\t\t\t\t<div class=\"elementor-element elementor-element-b24c15f elementor-widget elementor-widget-text-editor\" data-id=\"b24c15f\" data-element_type=\"widget\" data-e-type=\"widget\" data-widget_type=\"text-editor.default\">\n\t\t\t\t<div class=\"elementor-widget-container\">\n\t\t\t\t\t\t\t\t\t<div class=\"table-wrap\">\n<h3>Kotni \u0161\u010ditniki z je\u017eki<\/h3>\n<table class=\"styled-table\" role=\"table\" aria-label=\"Zna\u010dajke i prednosti kutnih \u0161titnika s \u010di\u010dak trakama\">\n<thead>\n<tr>\n<th scope=\"col\" style=\"width: 25%;\">Zna\u010dilnost<\/th>\n<th scope=\"col\" style=\"width: 75%;\">Opis in prednost<\/th>\n<\/tr>\n<\/thead>\n<tbody>\n<tr>\n<td><strong>Univerzalnost<\/strong><\/td>\n<td>Lahko se uporablja za razli\u010dne priveznice, primeren za razli\u010dne vrste tovora<\/td>\n<\/tr>\n<tr>\n<td><strong>Prilagodljivost kota<\/strong><\/td>\n<td>Omogo\u010da prilagodljiv kot pregiba glede na specifi\u010dne potrebe tovora<\/td>\n<\/tr>\n<tr>\n<td><strong>Za\u0161\u010dita<\/strong><\/td>\n<td>\u0160\u010diti pred ekstremno abrazijo in ostrimi robovi tovora<\/td>\n<\/tr>\n<tr>\n<td><strong>Lahka konstrukcija<\/strong><\/td>\n<td>Zelo lahek v primerjavi s tradicionalnimi sistemi za\u0161\u010dite<\/td>\n<\/tr>\n<tr>\n<td><strong>Oblikovanje<\/strong><\/td>\n<td>Prilagaja se obliki tovora za optimalno za\u0161\u010dito<\/td>\n<\/tr>\n<tr>\n<td><strong>Pritrdilni sistem<\/strong><\/td>\n<td>Visokokakovosten je\u017eek (Velcro) za trdno spajanje<\/td>\n<\/tr>\n<tr>\n<td><strong>Trajnost<\/strong><\/td>\n<td>Dolga \u017eivljenjska doba<\/td>\n<\/tr>\n<tr>\n<td><strong>Namestitev<\/strong><\/td>\n<td>\u2705 Hitra namestitev z je\u017ekom<\/td>\n<\/tr>\n<tr>\n<td><strong>Podalj\u0161anje trajnosti dvi\u017enih trakov<\/strong><\/td>\n<td>\u2705 Podalj\u0161uje trajnost dvi\u017enih trakov 3\u20135-krat<\/td>\n<\/tr>\n<tr>\n<td><strong>Odpornost<\/strong><\/td>\n<td>\u2705 Odporen na obrabo in udarce<\/td>\n<\/tr>\n<tr>\n<td><strong>\u0160irina<\/strong><\/td>\n<td>\u2705 Dve \u0161irini: 75 mm in 150 mm<\/td>\n<\/tr>\n<\/tbody>\n<tfoot>\n<tr>\n<td colspan=\"2\">\n<strong>Variante:<\/strong> Na voljo v razli\u010dnih velikostih, debelinah in kombinacijah materialov glede na specifi\u010dne zahteve.\n<\/td>\n<\/tr>\n<\/tfoot>\n<\/table>\n<\/div>\t\t\t\t\t\t\t\t<\/div>\n\t\t\t\t<\/div>\n\t\t\t\t<\/div>\n\t\t\t\t\t<\/div>\n\t\t\t\t<\/div>\n\t\t\t\t<\/div>\n\t\t","protected":false},"excerpt":{"rendered":"<p>Kotni \u0161\u010ditniki z je\u017eki so primerni za razli\u010dne priveznice, omogo\u010dajo prilagodljiv kot pregiba, \u0161\u010ditijo pred ekstremno abrazijo in ostrimi robovi, so zelo lahki v primerjavi s tradicionalnimi sistemi za\u0161\u010dite, se prilagodijo obliki tovora ter uporabljajo visokokakovosten je\u017eek (Velcro) za trdno spajanje in dolgo \u017eivljenjsko dobo.<\/p>\n","protected":false},"featured_media":30769,"comment_status":"open","ping_status":"closed","template":"","meta":[],"etheme_brands":[],"product_brand":[],"product_cat":[447,448,449,451],"product_tag":[],"class_list":{"0":"post-33814","1":"product","2":"type-product","3":"status-publish","4":"has-post-thumbnail","6":"product_cat-poliesterske-priveznice-02","7":"product_cat-tovornjaki-program","8":"product_cat-zascitniki-za-trakove","10":"product_shipping_class-dostava","12":"first","13":"instock","14":"taxable","15":"shipping-taxable","16":"purchasable","17":"product-type-variable","18":"has-default-attributes"},"_links":{"self":[{"href":"https:\/\/dizalica.hr\/sl\/wp-json\/wp\/v2\/product\/33814","targetHints":{"allow":["GET"]}}],"collection":[{"href":"https:\/\/dizalica.hr\/sl\/wp-json\/wp\/v2\/product"}],"about":[{"href":"https:\/\/dizalica.hr\/sl\/wp-json\/wp\/v2\/types\/product"}],"replies":[{"embeddable":true,"href":"https:\/\/dizalica.hr\/sl\/wp-json\/wp\/v2\/comments?post=33814"}],"version-history":[{"count":1,"href":"https:\/\/dizalica.hr\/sl\/wp-json\/wp\/v2\/product\/33814\/revisions"}],"predecessor-version":[{"id":33818,"href":"https:\/\/dizalica.hr\/sl\/wp-json\/wp\/v2\/product\/33814\/revisions\/33818"}],"wp:featuredmedia":[{"embeddable":true,"href":"https:\/\/dizalica.hr\/sl\/wp-json\/wp\/v2\/media\/30769"}],"wp:attachment":[{"href":"https:\/\/dizalica.hr\/sl\/wp-json\/wp\/v2\/media?parent=33814"}],"wp:term":[{"taxonomy":"brand","embeddable":true,"href":"https:\/\/dizalica.hr\/sl\/wp-json\/wp\/v2\/etheme_brands?post=33814"},{"taxonomy":"product_brand","embeddable":true,"href":"https:\/\/dizalica.hr\/sl\/wp-json\/wp\/v2\/product_brand?post=33814"},{"taxonomy":"product_cat","embeddable":true,"href":"https:\/\/dizalica.hr\/sl\/wp-json\/wp\/v2\/product_cat?post=33814"},{"taxonomy":"product_tag","embeddable":true,"href":"https:\/\/dizalica.hr\/sl\/wp-json\/wp\/v2\/product_tag?post=33814"}],"curies":[{"name":"wp","href":"https:\/\/api.w.org\/{rel}","templated":true}]}}