{"id":33802,"date":"2026-04-27T18:42:04","date_gmt":"2026-04-27T16:42:04","guid":{"rendered":"https:\/\/dizalica.hr\/nekategorizirano\/kotni-zascitnik-za-trakove-do-50mm\/"},"modified":"2026-04-27T18:42:55","modified_gmt":"2026-04-27T16:42:55","slug":"kotni-zascitnik-za-trakove-do-50mm","status":"publish","type":"product","link":"https:\/\/dizalica.hr\/sl\/poliesterske-priveznice-02\/zascitniki-za-trakove\/kotni-zascitnik-za-trakove-do-50mm\/","title":{"rendered":"Kotni za\u0161\u010ditnik za trakove do 50 mm"},"content":{"rendered":"\t\t<div data-elementor-type=\"product-post\" data-elementor-id=\"33802\" class=\"elementor elementor-33802 elementor-2512\" data-elementor-post-type=\"product\">\n\t\t\t\t<div class=\"elementor-element elementor-element-39da1151 e-flex e-con-boxed e-con e-parent\" data-id=\"39da1151\" data-element_type=\"container\" data-e-type=\"container\">\n\t\t\t\t\t<div class=\"e-con-inner\">\n\t\t<div class=\"elementor-element elementor-element-ab11b06 e-con-full e-flex e-con e-child\" data-id=\"ab11b06\" data-element_type=\"container\" data-e-type=\"container\">\n\t\t\t\t<div class=\"elementor-element elementor-element-49c3332 elementor-widget elementor-widget-text-editor\" data-id=\"49c3332\" data-element_type=\"widget\" data-e-type=\"widget\" data-widget_type=\"text-editor.default\">\n\t\t\t\t<div class=\"elementor-widget-container\">\n\t\t\t\t\t\t\t\t\t<div class=\"nabrajanje\">Kotni za\u0161\u010ditnik za trakove (do 50 mm) Gutman \u2014 plasti\u010dni kotnik za enakomerno porazdelitev sile, odporen na lom in temperaturo -10 \u00b0C do 60 \u00b0C. Hitra dostava, koli\u010dinski popust. Oglejte si <a class=\"link1\" href=\"https:\/\/dizalica.hr\/sl\/poliesterske-priveznice\/\">kompatibilne tovornjake trakove in poliesterske priveznice<\/a>.  <\/div>\t\t\t\t\t\t\t\t<\/div>\n\t\t\t\t<\/div>\n\t\t\t\t<div class=\"elementor-element elementor-element-6c5708c elementor-widget elementor-widget-text-editor\" data-id=\"6c5708c\" data-element_type=\"widget\" data-e-type=\"widget\" data-widget_type=\"text-editor.default\">\n\t\t\t\t<div class=\"elementor-widget-container\">\n\t\t\t\t\t\t\t\t\t<div class=\"nabrajanje\"><h2>Klju\u010dne prednosti kotnih za\u0161\u010ditnikov za trakove<\/h2><ul><li>Za\u0161\u010dita robov tovora &#8211; prepre\u010duje zarezovanje in po\u0161kodbe.<\/li><li>Enakomerna porazdelitev sile &#8211; zmanj\u0161uje obremenitev na trakovih in tovoru.<\/li><li>Kompatibilno s trakovi \u0161irine do 50 mm \u2014 idealno za standardne tovornjake trakove.<\/li><li>Odporno na lom in temperaturne spremembe \u2014 zanesljivo v razli\u010dnih pogojih transporta.<\/li><li>Enostavna uporaba \u2014 hitro name\u0161\u010danje in odstranjevanje.<\/li><\/ul><\/div>\t\t\t\t\t\t\t\t<\/div>\n\t\t\t\t<\/div>\n\t\t\t\t<div class=\"elementor-element elementor-element-c1d4207 elementor-widget elementor-widget-text-editor\" data-id=\"c1d4207\" data-element_type=\"widget\" data-e-type=\"widget\" data-widget_type=\"text-editor.default\">\n\t\t\t\t<div class=\"elementor-widget-container\">\n\t\t\t\t\t\t\t\t\t<div class=\"nabrajanje\"><h2>Navodila za uporabo<\/h2><ul><li>Postavite kotni za\u0161\u010ditnik na rob tovora tako, da rob traku le\u017ei preko za\u0161\u010ditnika.<\/li><li>Preverite, da je za\u0161\u010ditnik centriran in da trak poteka enakomerno preko njega.<\/li><li>Zategnite trakove v skladu z obi\u010dajnimi varnostnimi postopki.<\/li><li>Po transportu odstranite za\u0161\u010ditnik in po potrebi o\u010distite.<\/li><\/ul><\/div>\t\t\t\t\t\t\t\t<\/div>\n\t\t\t\t<\/div>\n\t\t\t\t<div class=\"elementor-element elementor-element-461eeaf elementor-widget elementor-widget-text-editor\" data-id=\"461eeaf\" data-element_type=\"widget\" data-e-type=\"widget\" data-widget_type=\"text-editor.default\">\n\t\t\t\t<div class=\"elementor-widget-container\">\n\t\t\t\t\t\t\t\t\t<div class=\"nabrajanje\"><h2>Varnostna opozorila<\/h2><ul><li>Ne zatezati trakov prekomerno; preverite cirkulacijo in celovitost tovora.<\/li><li>Za specifi\u010dne ali zelo te\u017eke tovore se posvetujte s tehni\u010dnimi navodili proizvajalca trakov ali strokovnjakom za vezanje tovora.<\/li><\/ul><\/div>\t\t\t\t\t\t\t\t<\/div>\n\t\t\t\t<\/div>\n\t\t\t\t<\/div>\n\t\t<div class=\"elementor-element elementor-element-1c7ec47 e-con-full e-flex e-con e-child\" data-id=\"1c7ec47\" data-element_type=\"container\" data-e-type=\"container\">\n\t\t\t\t<div class=\"elementor-element elementor-element-2f14f3ec elementor-widget elementor-widget-text-editor\" data-id=\"2f14f3ec\" data-element_type=\"widget\" data-e-type=\"widget\" data-widget_type=\"text-editor.default\">\n\t\t\t\t<div class=\"elementor-widget-container\">\n\t\t\t\t\t\t\t\t\t<div class=\"table-wrap\">\n<table class=\"styled-table\" role=\"table\" aria-label=\"Tehni\u010dke specifikacije za\u0161titnih rubnika za gurtne\">\n<thead>\n<tr>\n<th scope=\"col\">Specifikacije<\/th>\n<th scope=\"col\">Za\u0161\u010ditni robniki za trakove<\/th>\n<\/tr>\n<\/thead>\n<tbody>\n<tr>\n<td>Namembnost<\/td>\n<td>Za\u0161\u010dita robov tovora pri vezanju trakov<\/td>\n<\/tr>\n<tr>\n<td>Material<\/td>\n<td>Visokokakovostna plastika odporna na lom<\/td>\n<\/tr>\n<tr>\n<td>Maksimalna \u0161irina traku<\/td>\n<td>do 50 mm<\/td>\n<\/tr>\n<tr>\n<td>Temperaturno obmo\u010dje (delovno)<\/td>\n<td>~ -10 \u00b0C do +60 \u00b0C<\/td>\n<\/tr>\n<tr>\n<td>Tipi\u010dna uporaba<\/td>\n<td>Role papirja, karton, ob\u010dutljive povr\u0161ine, industrijski tovori<\/td>\n<\/tr>\n<\/tbody>\n<tfoot>\n<tr>\n<td colspan=\"2\">Zagotavljajo za\u0161\u010dito tovora pred po\u0161kodbami pri zatezanju trakov.<\/td>\n<\/tr>\n<\/tfoot>\n<\/table>\n<\/div>\t\t\t\t\t\t\t\t<\/div>\n\t\t\t\t<\/div>\n\t\t\t\t<\/div>\n\t\t\t\t\t<\/div>\n\t\t\t\t<\/div>\n\t\t\t\t<\/div>\n\t\t","protected":false},"excerpt":{"rendered":"<p>Kotnik za priveznice je izdelan iz visokokakovostne plastike, zagotavlja optimalno porazdelitev sile na robovih, posebej primeren za transport rol papirja, odporen na lom in obstojen v temperaturnem obmo\u010dju od -10 \u00b0C do 60 \u00b0C.<\/p>\n","protected":false},"featured_media":30759,"comment_status":"open","ping_status":"closed","template":"","meta":[],"etheme_brands":[],"product_brand":[],"product_cat":[447,448,449,451],"product_tag":[],"class_list":{"0":"post-33802","1":"product","2":"type-product","3":"status-publish","4":"has-post-thumbnail","6":"product_cat-poliesterske-priveznice-02","7":"product_cat-tovornjaki-program","8":"product_cat-zascitniki-za-trakove","10":"product_shipping_class-dostava","12":"first","13":"instock","14":"taxable","15":"shipping-taxable","16":"purchasable","17":"product-type-simple"},"_links":{"self":[{"href":"https:\/\/dizalica.hr\/sl\/wp-json\/wp\/v2\/product\/33802","targetHints":{"allow":["GET"]}}],"collection":[{"href":"https:\/\/dizalica.hr\/sl\/wp-json\/wp\/v2\/product"}],"about":[{"href":"https:\/\/dizalica.hr\/sl\/wp-json\/wp\/v2\/types\/product"}],"replies":[{"embeddable":true,"href":"https:\/\/dizalica.hr\/sl\/wp-json\/wp\/v2\/comments?post=33802"}],"version-history":[{"count":1,"href":"https:\/\/dizalica.hr\/sl\/wp-json\/wp\/v2\/product\/33802\/revisions"}],"predecessor-version":[{"id":33806,"href":"https:\/\/dizalica.hr\/sl\/wp-json\/wp\/v2\/product\/33802\/revisions\/33806"}],"wp:featuredmedia":[{"embeddable":true,"href":"https:\/\/dizalica.hr\/sl\/wp-json\/wp\/v2\/media\/30759"}],"wp:attachment":[{"href":"https:\/\/dizalica.hr\/sl\/wp-json\/wp\/v2\/media?parent=33802"}],"wp:term":[{"taxonomy":"brand","embeddable":true,"href":"https:\/\/dizalica.hr\/sl\/wp-json\/wp\/v2\/etheme_brands?post=33802"},{"taxonomy":"product_brand","embeddable":true,"href":"https:\/\/dizalica.hr\/sl\/wp-json\/wp\/v2\/product_brand?post=33802"},{"taxonomy":"product_cat","embeddable":true,"href":"https:\/\/dizalica.hr\/sl\/wp-json\/wp\/v2\/product_cat?post=33802"},{"taxonomy":"product_tag","embeddable":true,"href":"https:\/\/dizalica.hr\/sl\/wp-json\/wp\/v2\/product_tag?post=33802"}],"curies":[{"name":"wp","href":"https:\/\/api.w.org\/{rel}","templated":true}]}}