{"id":33509,"date":"2026-04-27T16:25:35","date_gmt":"2026-04-27T14:25:35","guid":{"rendered":"https:\/\/dizalica.hr\/nekategorizirano\/neskoncna-krozna-priveznica-10t\/"},"modified":"2026-04-27T16:26:22","modified_gmt":"2026-04-27T14:26:22","slug":"neskoncna-krozna-priveznica-10t","status":"publish","type":"product","link":"https:\/\/dizalica.hr\/sl\/poliesterske-priveznice-02\/neskoncne-zanke\/neskoncna-krozna-priveznica-10t\/","title":{"rendered":"Neskon\u010dna kro\u017ena priveznica 10 t, oran\u017ena, 150 mm, 1-8 m"},"content":{"rendered":"\t\t<div data-elementor-type=\"product-post\" data-elementor-id=\"33509\" class=\"elementor elementor-33509 elementor-2466\" data-elementor-post-type=\"product\">\n\t\t\t\t<div class=\"elementor-element elementor-element-2667e2d0 e-flex e-con-boxed e-con e-parent\" data-id=\"2667e2d0\" data-element_type=\"container\" data-e-type=\"container\">\n\t\t\t\t\t<div class=\"e-con-inner\">\n\t\t<div class=\"elementor-element elementor-element-8dbb3cb e-con-full e-flex e-con e-child\" data-id=\"8dbb3cb\" data-element_type=\"container\" data-e-type=\"container\">\n\t\t\t\t<div class=\"elementor-element elementor-element-5ba29ff elementor-widget elementor-widget-text-editor\" data-id=\"5ba29ff\" data-element_type=\"widget\" data-e-type=\"widget\" data-widget_type=\"text-editor.default\">\n\t\t\t\t<div class=\"elementor-widget-container\">\n\t\t\t\t\t\t\t\t\t<div class=\"nabrajanje\"><h2>Prednosti in uporabe<\/h2><ul><li>Visoka nosilnost in varnost za dvigovanje te\u017eke industrijske opreme.<\/li><li>Fleksibilnost in za\u0161\u010dita tovora zmanj\u0161ujeta tveganje po\u0161kodb natan\u010dno obdelanih povr\u0161in.<\/li><li>Lahka in enostavna za shranjevanje v primerjavi s kovinskimi verigami in jeklenicami.<\/li><\/ul><p>Uporabe: offshore nafta in plin, ladjedelni\u0161tvo, LNG in naftni tankerji, hidro in jedrski projekti, offshore vetrne elektrarne, gradnja mostov in predorov.<\/p><\/div>\t\t\t\t\t\t\t\t<\/div>\n\t\t\t\t<\/div>\n\t\t\t\t<div class=\"elementor-element elementor-element-6361cbd elementor-widget elementor-widget-text-editor\" data-id=\"6361cbd\" data-element_type=\"widget\" data-e-type=\"widget\" data-widget_type=\"text-editor.default\">\n\t\t\t\t<div class=\"elementor-widget-container\">\n\t\t\t\t\t\t\t\t\t<div class=\"nabrajanje\"><h2>Primeri industrijskih uporab<\/h2><ul><li>Offshore naftna in plinska industrija: dvigovanje podvodne opreme, kot so BOP stack (prepre\u010devalec izbruhov), podvodni sklopi \u00bbbo\u017ei\u010dnih dreves\u00ab, manifold sistemi in sidrni sklopi.<\/li><li>Ladjedelni\u0161tvo: rokovanje z nizkohitrostnimi dizelskimi motorji, propelerskimi sistemi premera 10+ m, krmili in prefabriciranimi sekcijami trupa.<\/li><li>Energetika in infrastruktura: namestitev gondol vetrnih turbin, generatorjev 10+ MW, transformatorjev transformatorskih postaj ter dvigovanje prefabriciranih elementov za mostove, stadione in supervisoke neboti\u010dnike.<\/li><\/ul><\/div>\t\t\t\t\t\t\t\t<\/div>\n\t\t\t\t<\/div>\n\t\t\t\t<div class=\"elementor-element elementor-element-5f874fa elementor-widget elementor-widget-text-editor\" data-id=\"5f874fa\" data-element_type=\"widget\" data-e-type=\"widget\" data-widget_type=\"text-editor.default\">\n\t\t\t\t<div class=\"elementor-widget-container\">\n\t\t\t\t\t\t\t\t\t<div class=\"nabrajanje\"><h2>Materiali in konstrukcija<\/h2><p>Poliestrska gurtna 10.000 kg je izdelana iz visokokakovostnih poliester vlaken visoke molekulske mase v ve\u010dplastni tkanini z natan\u010dnim pre\u010dnim usmerjanjem. Povr\u0161inska za\u0161\u010dita vklju\u010duje napredne nanokompozitne premaze, ki pove\u010dujejo odpornost na abrazijo, kemi\u010dno korozijo in UV sevanje. Delovne temperature: -40 \u00b0C do +100 \u00b0C.  <\/p><\/div>\t\t\t\t\t\t\t\t<\/div>\n\t\t\t\t<\/div>\n\t\t\t\t<\/div>\n\t\t<div class=\"elementor-element elementor-element-ed16d83 e-con-full e-flex e-con e-child\" data-id=\"ed16d83\" data-element_type=\"container\" data-e-type=\"container\">\n\t\t\t\t<div class=\"elementor-element elementor-element-9444d64 elementor-widget elementor-widget-text-editor\" data-id=\"9444d64\" data-element_type=\"widget\" data-e-type=\"widget\" data-widget_type=\"text-editor.default\">\n\t\t\t\t<div class=\"elementor-widget-container\">\n\t\t\t\t\t\t\t\t\t<h2 class=\"nabrajanje\">Tabele zna\u010dilnosti<\/h2>\t\t\t\t\t\t\t\t<\/div>\n\t\t\t\t<\/div>\n\t\t\t\t<div class=\"elementor-element elementor-element-1b21e4a elementor-widget elementor-widget-text-editor\" data-id=\"1b21e4a\" data-element_type=\"widget\" data-e-type=\"widget\" data-widget_type=\"text-editor.default\">\n\t\t\t\t<div class=\"elementor-widget-container\">\n\t\t\t\t\t\t\t\t\t<div class=\"table-wrap\">\n<table class=\"styled-table\" role=\"table\" aria-label=\"Karakteristike beskona\u010dne gurtne 10t\">\n<thead>\n<tr>\n<th scope=\"col\">Zna\u010dilnost<\/th>\n<th scope=\"col\">Specifikacija<\/th>\n<\/tr>\n<\/thead>\n<tbody>\n<tr>\n<td>Naziv \/ Tip<\/td>\n<td>Neskon\u010dna gurtna (kro\u017ena, okrogla gurtna, gurtna za dvigovanje)<\/td>\n<\/tr>\n<tr>\n<td>Nosilnost (WLL)<\/td>\n<td>10 t (10000 kg)<\/td>\n<\/tr>\n<tr>\n<td>Barva<\/td>\n<td>Oran\u017ena<\/td>\n<\/tr>\n<tr>\n<td>\u0160irina traku<\/td>\n<td>300 mm<\/td>\n<\/tr>\n<tr>\n<td>Natezna trdnost<\/td>\n<td>650-800 N\/mm\u00b2<\/td>\n<\/tr>\n<tr>\n<td>Raztezek pri pretrgu<\/td>\n<td>cca. 12 %<\/td>\n<\/tr>\n<tr>\n<td>Vpojnost vlage<\/td>\n<td>0,4 %<\/td>\n<\/tr>\n<tr>\n<td>Tali\u0161\u010de<\/td>\n<td>260 \u00b0C<\/td>\n<\/tr>\n<tr>\n<td>Maks. delovna temperatura<\/td>\n<td>do 100 \u00b0C<\/td>\n<\/tr>\n<tr>\n<td>Varnostni faktor<\/td>\n<td>1:7<\/td>\n<\/tr>\n<tr>\n<td>Standard<\/td>\n<td>EN 1492-2<\/td>\n<\/tr>\n<\/tbody>\n<\/table>\n<\/div>\t\t\t\t\t\t\t\t<\/div>\n\t\t\t\t<\/div>\n\t\t\t\t<div class=\"elementor-element elementor-element-da9dd96 elementor-widget elementor-widget-text-editor\" data-id=\"da9dd96\" data-element_type=\"widget\" data-e-type=\"widget\" data-widget_type=\"text-editor.default\">\n\t\t\t\t<div class=\"elementor-widget-container\">\n\t\t\t\t\t\t\t\t\t<h2 class=\"nabrajanje\">Tabele nosilnosti glede na na\u010din uporabe<\/h2>\t\t\t\t\t\t\t\t<\/div>\n\t\t\t\t<\/div>\n\t\t\t\t<div class=\"elementor-element elementor-element-e18f0ba elementor-widget elementor-widget-text-editor\" data-id=\"e18f0ba\" data-element_type=\"widget\" data-e-type=\"widget\" data-widget_type=\"text-editor.default\">\n\t\t\t\t<div class=\"elementor-widget-container\">\n\t\t\t\t\t\t\t\t\t<div class=\"table-wrap\"><table class=\"styled-table\" role=\"table\" aria-label=\"Nosivost prema na\u010dinu kori\u0161tenja - 10t\"><thead><tr><th scope=\"col\">Na\u010din uporabe<\/th><th scope=\"col\">Teoreti\u010dna nosilnost<\/th><th scope=\"col\">Priporo\u010dena varna WLL<\/th><th scope=\"col\">Opomba<\/th><\/tr><\/thead><tbody><tr><td>Vertikalno (pravi dvig)<\/td><td>10000 kg<\/td><td>9000 kg (90%)<\/td><td>Standardna vertikalna uporaba<\/td><\/tr><tr><td>Ko\u0161ara (dvojno)<\/td><td>20000 kg<\/td><td>18000 kg (90%)<\/td><td>Dvojna konfiguracija<\/td><\/tr><tr><td>Zanka (choker)<\/td><td>8000 kg<\/td><td>7200 kg (90%)<\/td><td>Faktor redukcije zaradi trenja<\/td><\/tr><tr><td>Kot 45\u00b0<\/td><td>7000 kg<\/td><td>6300 kg (90%)<\/td><td>Trigonometri\u010dna redukcija kota<\/td><\/tr><tr><td>Kot 60\u00b0<\/td><td>5000 kg<\/td><td>4500 kg (90%)<\/td><td>Izrazita redukcija zaradi kota<\/td><\/tr><tr><td>Kot 90\u00b0 ali ve\u010d<\/td><td>PREPOVEDANO<\/td><td>0 kg<\/td><td> <\/td><\/tr><\/tbody><tfoot><tr><td colspan=\"4\"><strong>EKSTREMNO KRITI\u010cNO:<\/strong> Za konfiguracijo \u00bbko\u0161are\u00ab pri vsakodnevni uporabi <strong>absolutno NE presegajte 18000 kg (90% teoreti\u010dne nosilnosti)<\/strong>. Obvezna prisotnost <strong>certificiranega in\u017eenirja za dvigovanje<\/strong> za vsa dvigovanja nad 15 ton! Vsa dvigovanja nad 12 t zahtevajo <strong>pisni in\u017eenirski na\u010drt dvigovanja<\/strong>, odobren s strani poobla\u0161\u010dene osebe!  <\/td><\/tr><\/tfoot><\/table><\/div>\t\t\t\t\t\t\t\t<\/div>\n\t\t\t\t<\/div>\n\t\t\t\t<\/div>\n\t\t\t\t\t<\/div>\n\t\t\t\t<\/div>\n\t\t<div class=\"elementor-element elementor-element-646035d e-con-full e-flex e-con e-child\" data-id=\"646035d\" data-element_type=\"container\" data-e-type=\"container\">\n\t\t\t\t<div class=\"elementor-element elementor-element-c97204b elementor-widget elementor-widget-heading\" data-id=\"c97204b\" data-element_type=\"widget\" data-e-type=\"widget\" data-widget_type=\"heading.default\">\n\t\t\t\t<div class=\"elementor-widget-container\">\n\t\t\t\t\t<div class=\"elementor-heading-title elementor-size-default\">Niste prepri\u010dani, katera neskon\u010dna okrogla zanka vam ustreza?<\/div>\t\t\t\t<\/div>\n\t\t\t\t<\/div>\n\t\t\t\t<div class=\"elementor-element elementor-element-5435910 elementor-widget elementor-widget-text-editor\" data-id=\"5435910\" data-element_type=\"widget\" data-e-type=\"widget\" data-widget_type=\"text-editor.default\">\n\t\t\t\t<div class=\"elementor-widget-container\">\n\t\t\t\t\t\t\t\t\t<p style=\"text-align: center;\">Oglejte si podrobno primerjavo vseh okroglih zank in izberite model, ki najbolje ustreza va\u0161im potrebam.<\/p>\t\t\t\t\t\t\t\t<\/div>\n\t\t\t\t<\/div>\n\t\t\t\t<div class=\"elementor-element elementor-element-e771d12 elementor-align-center elementor-widget elementor-widget-text_button\" data-id=\"e771d12\" data-element_type=\"widget\" data-e-type=\"widget\" data-widget_type=\"text_button.default\">\n\t\t\t\t<div class=\"elementor-widget-container\">\n\t\t\t\t\t<div class=\"etheme-button-wrapper\"><a href=\"https:\/\/dizalica.hr\/sl\/poliesterske-priveznice\/naskoncne-krozne-zanke\/#usporedba\" class=\"fill-top has-fill etheme-text-button elementor-button\" role=\"button\">\n        <span class=\"elementor-button-content-wrapper\">\n                        <span class=\"elementor-button-icon animation-background_ltr\">\n                <svg aria-hidden=\"true\" class=\"e-font-icon-svg e-fab-buromobelexperte\" viewBox=\"0 0 448 512\" xmlns=\"http:\/\/www.w3.org\/2000\/svg\"><path d=\"M0 32v128h128V32H0zm120 120H8V40h112v112zm40-120v128h128V32H160zm120 120H168V40h112v112zm40-120v128h128V32H320zm120 120H328V40h112v112zM0 192v128h128V192H0zm120 120H8V200h112v112zm40-120v128h128V192H160zm120 120H168V200h112v112zm40-120v128h128V192H320zm120 120H328V200h112v112zM0 352v128h128V352H0zm120 120H8V360h112v112zm40-120v128h128V352H160zm120 120H168V360h112v112zm40-120v128h128V352H320z\"><\/path><\/svg>            <\/span>\n        \n\t\t\t<span class=\"elementor-button-text\">Primerjava neskon\u010dnih okroglih zank<\/span>\n\n            \n            \n        <\/span><\/a><\/div>\t\t\t\t<\/div>\n\t\t\t\t<\/div>\n\t\t\t\t<\/div>\n\t\t\t\t<\/div>\n\t\t","protected":false},"excerpt":{"rendered":"<p>Industrijska gurtna 10 ton &#8211; absolutna maksimalna nosilnost v kategoriji poliestrskih priveznic. Oran\u017ena barva po EN 1492-2. Impresivnih 10000 kg vertikalno ali neverjetnih 20000 kg v konfiguraciji ko\u0161are. Vrhunska in\u017eenirska re\u0161itev za najekstremnej\u0161e offshore, ladjedelni\u0161ke in infrastrukturne megaprojekte svetovnega razreda. Na voljo dol\u017eine 1-8 m. Testirana na 70 ton s faktorjem varnosti 7:1. Neprekosljiva kakovost, varnost in zanesljivost. Certificirano za najkriti\u010dnej\u0161e \u017eivljenjsko pomembne aplikacije.       <\/p>\n","protected":false},"featured_media":30654,"comment_status":"open","ping_status":"closed","template":"","meta":[],"etheme_brands":[],"product_brand":[],"product_cat":[477,447],"product_tag":[478,460],"class_list":{"0":"post-33509","1":"product","2":"type-product","3":"status-publish","4":"has-post-thumbnail","6":"product_cat-neskoncne-zanke","7":"product_cat-poliesterske-priveznice-02","8":"product_tag-en-1492-2","9":"product_tag-tezka-industrijska-dviganja","10":"product_shipping_class-dostava","12":"first","13":"instock","14":"taxable","15":"shipping-taxable","16":"purchasable","17":"product-type-variable","18":"has-default-attributes"},"_links":{"self":[{"href":"https:\/\/dizalica.hr\/sl\/wp-json\/wp\/v2\/product\/33509","targetHints":{"allow":["GET"]}}],"collection":[{"href":"https:\/\/dizalica.hr\/sl\/wp-json\/wp\/v2\/product"}],"about":[{"href":"https:\/\/dizalica.hr\/sl\/wp-json\/wp\/v2\/types\/product"}],"replies":[{"embeddable":true,"href":"https:\/\/dizalica.hr\/sl\/wp-json\/wp\/v2\/comments?post=33509"}],"version-history":[{"count":3,"href":"https:\/\/dizalica.hr\/sl\/wp-json\/wp\/v2\/product\/33509\/revisions"}],"predecessor-version":[{"id":33520,"href":"https:\/\/dizalica.hr\/sl\/wp-json\/wp\/v2\/product\/33509\/revisions\/33520"}],"wp:featuredmedia":[{"embeddable":true,"href":"https:\/\/dizalica.hr\/sl\/wp-json\/wp\/v2\/media\/30654"}],"wp:attachment":[{"href":"https:\/\/dizalica.hr\/sl\/wp-json\/wp\/v2\/media?parent=33509"}],"wp:term":[{"taxonomy":"brand","embeddable":true,"href":"https:\/\/dizalica.hr\/sl\/wp-json\/wp\/v2\/etheme_brands?post=33509"},{"taxonomy":"product_brand","embeddable":true,"href":"https:\/\/dizalica.hr\/sl\/wp-json\/wp\/v2\/product_brand?post=33509"},{"taxonomy":"product_cat","embeddable":true,"href":"https:\/\/dizalica.hr\/sl\/wp-json\/wp\/v2\/product_cat?post=33509"},{"taxonomy":"product_tag","embeddable":true,"href":"https:\/\/dizalica.hr\/sl\/wp-json\/wp\/v2\/product_tag?post=33509"}],"curies":[{"name":"wp","href":"https:\/\/api.w.org\/{rel}","templated":true}]}}