{"id":33413,"date":"2026-04-27T15:46:56","date_gmt":"2026-04-27T13:46:56","guid":{"rendered":"https:\/\/dizalica.hr\/nekategorizirano\/neskoncna-krozna-zanka-4t\/"},"modified":"2026-04-27T15:49:24","modified_gmt":"2026-04-27T13:49:24","slug":"neskoncna-krozna-zanka-4t","status":"publish","type":"product","link":"https:\/\/dizalica.hr\/sl\/poliesterske-priveznice-02\/neskoncne-zanke\/neskoncna-krozna-zanka-4t\/","title":{"rendered":"Neskon\u010dna kro\u017ena zanka 4t, siva, 75mm, 1-8m"},"content":{"rendered":"\t\t<div data-elementor-type=\"product-post\" data-elementor-id=\"33413\" class=\"elementor elementor-33413 elementor-821\" data-elementor-post-type=\"product\">\n\t\t\t\t<div class=\"elementor-element elementor-element-1f47d054 e-flex e-con-boxed e-con e-parent\" data-id=\"1f47d054\" data-element_type=\"container\" data-e-type=\"container\">\n\t\t\t\t\t<div class=\"e-con-inner\">\n\t\t<div class=\"elementor-element elementor-element-22563b6 e-con-full e-flex e-con e-child\" data-id=\"22563b6\" data-element_type=\"container\" data-e-type=\"container\">\n\t\t\t\t<div class=\"elementor-element elementor-element-e7f5bdc elementor-widget elementor-widget-text-editor\" data-id=\"e7f5bdc\" data-element_type=\"widget\" data-e-type=\"widget\" data-widget_type=\"text-editor.default\">\n\t\t\t\t<div class=\"elementor-widget-container\">\n\t\t\t\t\t\t\t\t\t<div class=\"nabrajanje\">\n<h2>Neskon\u010dna kro\u017ena zanka 4t &#8211; vrhunska mo\u010d za industrijsko in gradbeno uporabo<\/h2>\nNeskon\u010dna zanka nosilnosti 4 tone predstavlja profesionalno re\u0161itev za najzahtevnej\u0161e industrijske in gradbene aplikacije, kjer je potrebna kombinacija ekstremne mo\u010di in fleksibilnosti poliesterskega materiala. Z nosilnostjo 4000 kg ti trakovi omogo\u010dajo rokovanje z industrijskimi stroji, velikimi betonskimi elementi in te\u017ekimi kovinskimi konstrukcijami. \n<h2>Zakaj izbrati trakove 4t?<\/h2>\nNosilnost 4 tone zagotavlja potrebno varnostno rezervo za aplikacije, kjer standardne zanke 2t ali 3t ne zadostujejo varnostnim zahtevam. V proizvodnih obratih s te\u017eko mehanizacijo, ladjedelnicah, \u017eelezni\u0161kih delavnicah in velikih gradbenih projektih postaja poliesterski trak 4 tone norma zaradi svoje robustnosti in zanesljivosti. \n\nSiv trak 4t je identifikacijska oznaka po mednarodnem standardu EN 1492-2, ki omogo\u010da hitro prepoznavanje v okoljih, kjer se uporabljajo multiple zanke razli\u010dnih nosilnosti. Ta standardizacija zmanj\u0161uje tveganje napa\u010dne uporabe in pove\u010duje varnost na delovnem mestu. \n<h2>Oja\u010dana konstrukcija za ekstremne pogoje<\/h2>\nKro\u017ena zanka 4000kg je izdelana z znatno oja\u010dano konstrukcijo &#8211; \u0161irina traku zna\u0161a pribli\u017eno 75mm, kar omogo\u010da bolj\u0161o porazdelitev obremenitve in pove\u010dano odpornost na obrabo. Posebna tkana struktura z ve\u010dslojnimi vlakni zagotavlja, da zanke lahko zdr\u017eijo ne samo stati\u010dno obremenitev, ampak tudi dinami\u010dne sile, ki nastajajo med dviganjem in premikanjem te\u017ekih bremen. \n\nMaterial je obdelan s posebnimi za\u0161\u010ditnimi premazi, ki pove\u010dujejo odpornost na industrijske oljne teko\u010dine, \u0161ibkej\u0161e kisline, baze in UV sevanje. To je \u0161e posebej pomembno v industrijskih okoljih, kjer je kontaminacija zank obi\u010dajna. \n<h2>Uporaba v najzahtevnej\u0161ih industrijah<\/h2>\nV ladjedelni\u0161tvu se trakovi 4t uporabljajo za premikanje ladijskih motorjev, propelerjev in velikih sekcij trupa. Avtomobilska industrija jih uporablja za rokovanje s stiskalnicami, orodnimi stroji in proizvodnimi linijami. Energetski sektor se zana\u0161a na zanke za dvigovanje 4t za instalacijo turbin, generatorjev in transformatorjev.  \n\n<a class=\"link1\" href=\"https:\/\/dizalica.hr\/sl\/dejavnosti\/gradbenistvo\/\">V gradbeni\u0161tvu omogo\u010dajo dvigovanje velikih armiranobetonskih gred<\/a>, monta\u017enih konstrukcij in te\u017ejih elementov infrastrukture. Njihova fleksibilnost omogo\u010da prilagajanje kompleksnim oblikam bremen, kar zanke 4t dela idealne za nestandardne aplikacije. \n\nZa nekoliko la\u017eje aplikacije si oglejte neskon\u010dno zanko 3t, za ekstremne nosilnosti pa razmislite o zanki 5t.\n<h2>Konfiguracije in uporaba<\/h2>\nPri uporabi v konfiguraciji ko\u0161ara (two-ply) industrijska zanka 4 tone ponuja impresivno nosilnost 8000 kg, kar jih dela sposobne za rokovanje z izjemno te\u017ekimi bremeni. Za aplikacije, ki zahtevajo \u0161e ve\u010djo nosilnost, je mogo\u010de uporabiti sisteme s \u0161tirimi zankami (quad-rig), vendar tak\u0161ne aplikacije zahtevajo profesionalno oceno in na\u010drtovanje. \n\n<a class=\"link1\" href=\"https:\/\/dizalica.hr\/poliesterske-priveznice\/stitnici-za-gurtne\/\">Za dodatno za\u0161\u010dito zank uporabite za\u0161\u010ditnike za trakove<\/a>, za kompletne dvi\u017ene re\u0161itve pa si oglejte na\u0161e elektri\u010dne dvigala.\n<h2>Dol\u017eine in specifi\u010dne aplikacije<\/h2>\nRazpon dol\u017ein 1-8m omogo\u010da prilagajanje razli\u010dnim potrebam. Kraj\u0161e verzije (1-3m) se uporabljajo v proizvodnih obratih, kjer je prostor omejen, standardne dol\u017eine (4-5m) pokrivajo ve\u010dino industrijskih aplikacij, medtem ko dalj\u0161e verzije (6-8m) omogo\u010dajo delo na visokih dvigalih, mostnih \u017eerjavih ali pri dviganju iz globine. \n\n<\/div>\t\t\t\t\t\t\t\t<\/div>\n\t\t\t\t<\/div>\n\t\t\t\t<\/div>\n\t\t<div class=\"elementor-element elementor-element-5b5c3cb e-con-full e-flex e-con e-child\" data-id=\"5b5c3cb\" data-element_type=\"container\" data-e-type=\"container\">\n\t\t\t\t<div class=\"elementor-element elementor-element-c4c5b7d elementor-widget elementor-widget-text-editor\" data-id=\"c4c5b7d\" data-element_type=\"widget\" data-e-type=\"widget\" data-widget_type=\"text-editor.default\">\n\t\t\t\t<div class=\"elementor-widget-container\">\n\t\t\t\t\t\t\t\t\t<h2>Tabela karakteristik neskon\u010dne zanke 4t<\/h2>\t\t\t\t\t\t\t\t<\/div>\n\t\t\t\t<\/div>\n\t\t\t\t<div class=\"elementor-element elementor-element-783983e elementor-widget elementor-widget-text-editor\" data-id=\"783983e\" data-element_type=\"widget\" data-e-type=\"widget\" data-widget_type=\"text-editor.default\">\n\t\t\t\t<div class=\"elementor-widget-container\">\n\t\t\t\t\t\t\t\t\t<div class=\"table-wrap\">\n<table class=\"styled-table\" role=\"table\" aria-label=\"Karakteristike beskona\u010dne gurtne 4t\">\n<thead>\n<tr>\n<th scope=\"col\">Zna\u010dilnost<\/th>\n<th scope=\"col\">Specifikacija<\/th>\n<\/tr>\n<\/thead>\n<tbody>\n<tr>\n<td>Naziv \/ Tip<\/td>\n<td>Neskon\u010dna dvi\u017ena zanka (kro\u017ene, okrogle dvi\u017ene zanke, zanke za dvigovanje)<\/td>\n<\/tr>\n<tr>\n<td>Nosilnost (WLL)<\/td>\n<td>4t (4000 kg)<\/td>\n<\/tr>\n<tr>\n<td>Barva<\/td>\n<td>Siva<\/td>\n<\/tr>\n<tr>\n<td>\u0160irina traku<\/td>\n<td>120 mm<\/td>\n<\/tr>\n<tr>\n<td>Natezna trdnost<\/td>\n<td>650-800 N\/mm\u00b2<\/td>\n<\/tr>\n<tr>\n<td>Raztezek pri pretrgu<\/td>\n<td>cca. 12 %<\/td>\n<\/tr>\n<tr>\n<td>Vpojnost vlage<\/td>\n<td>0,4 %<\/td>\n<\/tr>\n<tr>\n<td>Tali\u0161\u010de<\/td>\n<td>260 \u00b0C<\/td>\n<\/tr>\n<tr>\n<td>Maks. delovna temperatura<\/td>\n<td>do 100 \u00b0C<\/td>\n<\/tr>\n<tr>\n<td>Varnostni faktor<\/td>\n<td>1:7<\/td>\n<\/tr>\n<tr>\n<td>Standard<\/td>\n<td>EN 1492-2<\/td>\n<\/tr>\n<\/tbody>\n<\/table>\n<\/div>\t\t\t\t\t\t\t\t<\/div>\n\t\t\t\t<\/div>\n\t\t\t\t<div class=\"elementor-element elementor-element-e324deb elementor-widget elementor-widget-text-editor\" data-id=\"e324deb\" data-element_type=\"widget\" data-e-type=\"widget\" data-widget_type=\"text-editor.default\">\n\t\t\t\t<div class=\"elementor-widget-container\">\n\t\t\t\t\t\t\t\t\t<h3>Tabela nosilnosti glede na na\u010din uporabe za neskon\u010dno zanko 4t<\/h3>\t\t\t\t\t\t\t\t<\/div>\n\t\t\t\t<\/div>\n\t\t\t\t<div class=\"elementor-element elementor-element-ed13544 elementor-widget elementor-widget-text-editor\" data-id=\"ed13544\" data-element_type=\"widget\" data-e-type=\"widget\" data-widget_type=\"text-editor.default\">\n\t\t\t\t<div class=\"elementor-widget-container\">\n\t\t\t\t\t\t\t\t\t<div class=\"table-wrap\">\n<table class=\"styled-table\" role=\"table\" aria-label=\"Nosivost prema na\u010dinu kori\u0161tenja - 4t\">\n<thead>\n<tr>\n<th scope=\"col\">Na\u010din uporabe<\/th>\n<th scope=\"col\">Nosilnost<\/th>\n<th scope=\"col\">Opomba<\/th>\n<\/tr>\n<\/thead>\n<tbody>\n<tr>\n<td>Vertikalno (ravna zanka)<\/td>\n<td>4000 kg<\/td>\n<td>Standardna uporaba<\/td>\n<\/tr>\n<tr>\n<td>Ko\u0161ara (dvojno)<\/td>\n<td>8000 kg<\/td>\n<td>Zanka poteka dvojno<\/td>\n<\/tr>\n<tr>\n<td>\u0160trik (choker)<\/td>\n<td>3200 kg<\/td>\n<td>80% nominalne nosilnosti<\/td>\n<\/tr>\n<tr>\n<td>Kot 45\u00b0<\/td>\n<td>2800 kg<\/td>\n<td>70% nominalne nosilnosti<\/td>\n<\/tr>\n<tr>\n<td>Kot 60\u00b0<\/td>\n<td>2000 kg<\/td>\n<td>50% nominalne nosilnosti<\/td>\n<\/tr>\n<tr>\n<td>Kot 90\u00b0<\/td>\n<td>PREPOVEDANO<\/td>\n<td>Izjemno nevarno!<\/td>\n<\/tr>\n<\/tbody>\n<tfoot>\n<tr>\n<\/tr>\n<\/tfoot>\n<\/table>\n<\/div>\t\t\t\t\t\t\t\t<\/div>\n\t\t\t\t<\/div>\n\t\t\t\t<\/div>\n\t\t\t\t\t<\/div>\n\t\t\t\t<\/div>\n\t\t<div class=\"elementor-element elementor-element-68f0f9f e-flex e-con-boxed e-con e-parent\" data-id=\"68f0f9f\" data-element_type=\"container\" data-e-type=\"container\">\n\t\t\t\t\t<div class=\"e-con-inner\">\n\t\t\t\t<div class=\"elementor-element elementor-element-0ecf7d0 elementor-widget elementor-widget-spacer\" data-id=\"0ecf7d0\" data-element_type=\"widget\" data-e-type=\"widget\" data-widget_type=\"spacer.default\">\n\t\t\t\t<div class=\"elementor-widget-container\">\n\t\t\t\t\t\t\t<div class=\"elementor-spacer\">\n\t\t\t<div class=\"elementor-spacer-inner\"><\/div>\n\t\t<\/div>\n\t\t\t\t\t\t<\/div>\n\t\t\t\t<\/div>\n\t\t\t\t\t<\/div>\n\t\t\t\t<\/div>\n\t\t<div class=\"elementor-element elementor-element-29b4bc9 e-con-full e-flex e-con e-child\" data-id=\"29b4bc9\" data-element_type=\"container\" data-e-type=\"container\">\n\t\t\t\t<div class=\"elementor-element elementor-element-daf4cb8 elementor-widget elementor-widget-heading\" data-id=\"daf4cb8\" data-element_type=\"widget\" data-e-type=\"widget\" data-widget_type=\"heading.default\">\n\t\t\t\t<div class=\"elementor-widget-container\">\n\t\t\t\t\t<div class=\"elementor-heading-title elementor-size-default\">Niste prepri\u010dani, katera neskon\u010dna okrogla zanka vam ustreza?<\/div>\t\t\t\t<\/div>\n\t\t\t\t<\/div>\n\t\t\t\t<div class=\"elementor-element elementor-element-62617ae elementor-widget elementor-widget-text-editor\" data-id=\"62617ae\" data-element_type=\"widget\" data-e-type=\"widget\" data-widget_type=\"text-editor.default\">\n\t\t\t\t<div class=\"elementor-widget-container\">\n\t\t\t\t\t\t\t\t\t<p style=\"text-align: center;\">Oglejte si podrobno primerjavo vseh okroglih zank in izberite model, ki najbolje ustreza va\u0161im potrebam.<\/p>\t\t\t\t\t\t\t\t<\/div>\n\t\t\t\t<\/div>\n\t\t\t\t<div class=\"elementor-element elementor-element-bf24bdc elementor-align-center elementor-widget elementor-widget-text_button\" data-id=\"bf24bdc\" data-element_type=\"widget\" data-e-type=\"widget\" data-widget_type=\"text_button.default\">\n\t\t\t\t<div class=\"elementor-widget-container\">\n\t\t\t\t\t<div class=\"etheme-button-wrapper\"><a href=\"https:\/\/dizalica.hr\/sl\/poliesterske-priveznice\/naskoncne-krozne-zanke\/#usporedba\" class=\"fill-top has-fill etheme-text-button elementor-button\" role=\"button\">\n        <span class=\"elementor-button-content-wrapper\">\n                        <span class=\"elementor-button-icon animation-background_ltr\">\n                <svg aria-hidden=\"true\" class=\"e-font-icon-svg e-fab-buromobelexperte\" viewBox=\"0 0 448 512\" xmlns=\"http:\/\/www.w3.org\/2000\/svg\"><path d=\"M0 32v128h128V32H0zm120 120H8V40h112v112zm40-120v128h128V32H160zm120 120H168V40h112v112zm40-120v128h128V32H320zm120 120H328V40h112v112zM0 192v128h128V192H0zm120 120H8V200h112v112zm40-120v128h128V192H160zm120 120H168V200h112v112zm40-120v128h128V192H320zm120 120H328V200h112v112zM0 352v128h128V352H0zm120 120H8V360h112v112zm40-120v128h128V352H160zm120 120H168V360h112v112zm40-120v128h128V352H320z\"><\/path><\/svg>            <\/span>\n        \n\t\t\t<span class=\"elementor-button-text\">Primerjava neskon\u010dnih okroglih zank<\/span>\n\n            \n            \n        <\/span><\/a><\/div>\t\t\t\t<\/div>\n\t\t\t\t<\/div>\n\t\t\t\t<\/div>\n\t\t\t\t<\/div>\n\t\t","protected":false},"excerpt":{"rendered":"<p>Neskon\u010dna poliesterska zanka 4 tone za zelo te\u017eke aplikacije. Siva barva po EN 1492-2. Oja\u010dana konstrukcija, nosilnost 4000kg\/8000kg ko\u0161ara. Dol\u017eine 1-8m. Za industrijsko proizvodnjo, ladjedelni\u0161tvo in te\u017eko gradbeni\u0161tvo.    <\/p>\n","protected":false},"featured_media":30636,"comment_status":"open","ping_status":"closed","template":"","meta":[],"etheme_brands":[],"product_brand":[],"product_cat":[477,447],"product_tag":[478],"class_list":{"0":"post-33413","1":"product","2":"type-product","3":"status-publish","4":"has-post-thumbnail","6":"product_cat-neskoncne-zanke","7":"product_cat-poliesterske-priveznice-02","8":"product_tag-en-1492-2","9":"product_shipping_class-dostava","11":"first","12":"instock","13":"taxable","14":"shipping-taxable","15":"purchasable","16":"product-type-variable","17":"has-default-attributes"},"_links":{"self":[{"href":"https:\/\/dizalica.hr\/sl\/wp-json\/wp\/v2\/product\/33413","targetHints":{"allow":["GET"]}}],"collection":[{"href":"https:\/\/dizalica.hr\/sl\/wp-json\/wp\/v2\/product"}],"about":[{"href":"https:\/\/dizalica.hr\/sl\/wp-json\/wp\/v2\/types\/product"}],"replies":[{"embeddable":true,"href":"https:\/\/dizalica.hr\/sl\/wp-json\/wp\/v2\/comments?post=33413"}],"version-history":[{"count":3,"href":"https:\/\/dizalica.hr\/sl\/wp-json\/wp\/v2\/product\/33413\/revisions"}],"predecessor-version":[{"id":33437,"href":"https:\/\/dizalica.hr\/sl\/wp-json\/wp\/v2\/product\/33413\/revisions\/33437"}],"wp:featuredmedia":[{"embeddable":true,"href":"https:\/\/dizalica.hr\/sl\/wp-json\/wp\/v2\/media\/30636"}],"wp:attachment":[{"href":"https:\/\/dizalica.hr\/sl\/wp-json\/wp\/v2\/media?parent=33413"}],"wp:term":[{"taxonomy":"brand","embeddable":true,"href":"https:\/\/dizalica.hr\/sl\/wp-json\/wp\/v2\/etheme_brands?post=33413"},{"taxonomy":"product_brand","embeddable":true,"href":"https:\/\/dizalica.hr\/sl\/wp-json\/wp\/v2\/product_brand?post=33413"},{"taxonomy":"product_cat","embeddable":true,"href":"https:\/\/dizalica.hr\/sl\/wp-json\/wp\/v2\/product_cat?post=33413"},{"taxonomy":"product_tag","embeddable":true,"href":"https:\/\/dizalica.hr\/sl\/wp-json\/wp\/v2\/product_tag?post=33413"}],"curies":[{"name":"wp","href":"https:\/\/api.w.org\/{rel}","templated":true}]}}