{"id":32607,"date":"2026-04-26T20:14:25","date_gmt":"2026-04-26T18:14:25","guid":{"rendered":"https:\/\/dizalica.hr\/nekategorizirano\/kranska-vaga\/"},"modified":"2026-04-26T20:14:55","modified_gmt":"2026-04-26T18:14:55","slug":"kranska-vaga","status":"publish","type":"product","link":"https:\/\/dizalica.hr\/sl\/kranske-tehtnice\/kranska-vaga\/","title":{"rendered":"Kranska tehtnica OCS-A, 5-20 t, natan\u010dna, za vertikalno merjenje"},"content":{"rendered":"\t\t<div data-elementor-type=\"product-post\" data-elementor-id=\"32607\" class=\"elementor elementor-32607 elementor-3909\" data-elementor-post-type=\"product\">\n\t\t\t\t<div class=\"elementor-element elementor-element-7e6ee9d6 e-flex e-con-boxed e-con e-parent\" data-id=\"7e6ee9d6\" data-element_type=\"container\" data-e-type=\"container\">\n\t\t\t\t\t<div class=\"e-con-inner\">\n\t\t<div class=\"elementor-element elementor-element-6ff72fa e-con-full e-flex e-con e-child\" data-id=\"6ff72fa\" data-element_type=\"container\" data-e-type=\"container\">\n\t\t\t\t<div class=\"elementor-element elementor-element-a75b431 elementor-widget elementor-widget-text-editor\" data-id=\"a75b431\" data-element_type=\"widget\" data-e-type=\"widget\" data-widget_type=\"text-editor.default\">\n\t\t\t\t<div class=\"elementor-widget-container\">\n\t\t\t\t\t\t\t\t\t<h2 class=\"nabrajanje\">Profesionalna industrijska kranska tehtnica serije OCS-A \u2013 Vrhunska natan\u010dnost za industrijsko uporabo<\/h2>\t\t\t\t\t\t\t\t<\/div>\n\t\t\t\t<\/div>\n\t\t\t\t<div class=\"elementor-element elementor-element-efeb3f3 elementor-widget elementor-widget-text-editor\" data-id=\"efeb3f3\" data-element_type=\"widget\" data-e-type=\"widget\" data-widget_type=\"text-editor.default\">\n\t\t\t\t<div class=\"elementor-widget-container\">\n\t\t\t\t\t\t\t\t\t<div class=\"nabrajanje\">Profesionalna industrijska kranska tehtnica OCS-A predstavlja najvi\u0161jo raven tehnologije pri merjenju te\u017ekih tovorov. Opremljena s senzorjem Mettler-Toledo, ta tehtnica zagotavlja izjemno natan\u010dnost 0,1 %, kar jo dela idealno za zahtevna industrijska okolja, kjer je to\u010dnost klju\u010dna za kakovost in varnost procesov. <\/div>\t\t\t\t\t\t\t\t<\/div>\n\t\t\t\t<\/div>\n\t\t\t\t<div class=\"elementor-element elementor-element-c70c0a6 elementor-widget elementor-widget-text-editor\" data-id=\"c70c0a6\" data-element_type=\"widget\" data-e-type=\"widget\" data-widget_type=\"text-editor.default\">\n\t\t\t\t<div class=\"elementor-widget-container\">\n\t\t\t\t\t\t\t\t\t<div class=\"nabrajanje\">LCD zaslon z osvetlitvijo ozadja omogo\u010da jasno od\u010ditavanje rezultatov tudi v slabih svetlobnih pogojih, medtem ko infrarde\u010di daljinski upravljalnik zagotavlja varnost dela na razdalji do 8 metrov. Vsak detajl je zasnovan za zanesljivo in natan\u010dno uporabo v najzahtevnej\u0161ih industrijskih pogojih. <\/div>\t\t\t\t\t\t\t\t<\/div>\n\t\t\t\t<\/div>\n\t\t\t\t<div class=\"elementor-element elementor-element-71a07a7 elementor-widget elementor-widget-text-editor\" data-id=\"71a07a7\" data-element_type=\"widget\" data-e-type=\"widget\" data-widget_type=\"text-editor.default\">\n\t\t\t\t<div class=\"elementor-widget-container\">\n\t\t\t\t\t\t\t\t\t<div class=\"nabrajanje\"><h2>Robustna konstrukcija za najte\u017eje pogoje<\/h2><p>Aluminijasto ohi\u0161je profesionalne kranske tehtnice zagotavlja optimalno kombinacijo trdnosti in relativno majhne te\u017ee, kar olaj\u0161a rokovanje in zmanj\u0161uje obremenitev kranske opreme. Jekleno okovje in kavlji so zasnovani za te\u017eke pogoje dela in dolgotrajno uporabo brez utrujenosti materiala. <\/p><p>Tehtnica prenese dovoljeno preobremenitev do 120 % polne skale, in najve\u010djo kratkotrajno preobremenitev do 400 %, kar zagotavlja varnost in dolgotrajnost tudi v primeru nepredvidenih situacij.<\/p><p>Za\u0161\u010dita pred prahom in vlago (IP razred) zagotavlja zanesljivo delovanje v razli\u010dnih industrijskih okoljih.<\/p><\/div>\t\t\t\t\t\t\t\t<\/div>\n\t\t\t\t<\/div>\n\t\t\t\t<div class=\"elementor-element elementor-element-a9e918e elementor-widget elementor-widget-text-editor\" data-id=\"a9e918e\" data-element_type=\"widget\" data-e-type=\"widget\" data-widget_type=\"text-editor.default\">\n\t\t\t\t<div class=\"elementor-widget-container\">\n\t\t\t\t\t\t\t\t\t<div class=\"nabrajanje\"><h2>Tehnologija Mettler-Toledo za najvi\u0161jo to\u010dnost<\/h2><p>Srce te profesionalne kranske tehtnice je merilna enota Mettler-Toledo, znana po svoji natan\u010dnosti in zanesljivosti v najzahtevnej\u0161ih aplikacijah. Ta tehnologija se uporablja v laboratorijih, farmacevtski industriji in povsod, kjer je to\u010dnost merjenja kriti\u010dna. <\/p><p>Natan\u010dnost 0,1 % pomeni, da pri merjenju tovora 10 ton, odstopanje lahko zna\u0161a le \u00b110 kg, kar je izjemno za industrijske tehtnice te kategorije. Ta raven to\u010dnosti omogo\u010da natan\u010dno doziranje materialov, kontrolo kakovosti in izpolnjevanje najstro\u017ejih industrijskih standardov. <\/p><\/div>\t\t\t\t\t\t\t\t<\/div>\n\t\t\t\t<\/div>\n\t\t\t\t<div class=\"elementor-element elementor-element-17d1605 elementor-widget elementor-widget-text-editor\" data-id=\"17d1605\" data-element_type=\"widget\" data-e-type=\"widget\" data-widget_type=\"text-editor.default\">\n\t\t\t\t<div class=\"elementor-widget-container\">\n\t\t\t\t\t\t\t\t\t<div class=\"nabrajanje\"><h2>Napredne funkcije za profesionalce<\/h2><h3>Infrarde\u010di daljinski upravljalnik<\/h3><p>Omogo\u010da varno upravljanje tehtnice na razdalji do 8 metrov, kar je \u0161e posebej pomembno pri tehtanju visokih ali nevarnih tovorov. Operater lahko nadzoruje funkcije nuliranja, tare in zadr\u017eevanja rezultatov, ne da bi moral dostopati do naprave. <\/p><h3>Polnilna baterija z dolgo \u017eivljenjsko dobo<\/h3><p>Polnilna baterija omogo\u010da do 70 ur neprekinjenega delovanja, kar je dovolj za ve\u010d delovnih tednov brez ponovnega polnjenja. Samodejni izklop dodatno podalj\u0161uje \u017eivljenjsko dobo baterije in prepre\u010duje mo\u017enost izpraznitve baterije zaradi pozabljivosti. <\/p><h3>Alarm za preobremenitev<\/h3><p>Samodejni alarm opozori operaterja, ko se pribli\u017ea varnostnim omejitvam, s \u010dimer se prepre\u010di po\u0161kodba tehtnice in kranskega sistema ter zagotovi varnost dela.<\/p><h3>Funkcija zadr\u017eevanja (Hold)<\/h3><p>Zadr\u017eevanje prikaza zadnje izmerjene vrednosti omogo\u010da operaterju bele\u017eenje rezultatov tudi po odstranitvi tovora, kar je \u0161e posebej koristno pri hitrih meritvah velikega \u0161tevila tovorov.<\/p><\/div>\t\t\t\t\t\t\t\t<\/div>\n\t\t\t\t<\/div>\n\t\t\t\t<div class=\"elementor-element elementor-element-452abaa elementor-widget elementor-widget-text-editor\" data-id=\"452abaa\" data-element_type=\"widget\" data-e-type=\"widget\" data-widget_type=\"text-editor.default\">\n\t\t\t\t<div class=\"elementor-widget-container\">\n\t\t\t\t\t\t\t\t\t<h2 class=\"nabrajanje\">Uporaba v industrijah<\/h2>\t\t\t\t\t\t\t\t<\/div>\n\t\t\t\t<\/div>\n\t\t<div class=\"elementor-element elementor-element-ddf03db e-grid e-con-full e-con e-child\" data-id=\"ddf03db\" data-element_type=\"container\" data-e-type=\"container\">\n\t\t<div class=\"elementor-element elementor-element-3323d77 e-con-full e-flex e-con e-child\" data-id=\"3323d77\" data-element_type=\"container\" data-e-type=\"container\">\n\t\t\t\t<div class=\"elementor-element elementor-element-77b56c6 elementor-view-framed elementor-shape-circle elementor-widget elementor-widget-icon\" data-id=\"77b56c6\" data-element_type=\"widget\" data-e-type=\"widget\" data-widget_type=\"icon.default\">\n\t\t\t\t<div class=\"elementor-widget-container\">\n\t\t\t\t\t\t\t<div class=\"elementor-icon-wrapper\">\n\t\t\t<div class=\"elementor-icon\">\n\t\t\t<svg aria-hidden=\"true\" class=\"e-font-icon-svg e-fas-industry\" viewBox=\"0 0 512 512\" xmlns=\"http:\/\/www.w3.org\/2000\/svg\"><path d=\"M475.115 163.781L336 252.309v-68.28c0-18.916-20.931-30.399-36.885-20.248L160 252.309V56c0-13.255-10.745-24-24-24H24C10.745 32 0 42.745 0 56v400c0 13.255 10.745 24 24 24h464c13.255 0 24-10.745 24-24V184.029c0-18.917-20.931-30.399-36.885-20.248z\"><\/path><\/svg>\t\t\t<\/div>\n\t\t<\/div>\n\t\t\t\t\t\t<\/div>\n\t\t\t\t<\/div>\n\t\t\t\t<div class=\"elementor-element elementor-element-faae9ee elementor-widget elementor-widget-heading\" data-id=\"faae9ee\" data-element_type=\"widget\" data-e-type=\"widget\" data-widget_type=\"heading.default\">\n\t\t\t\t<div class=\"elementor-widget-container\">\n\t\t\t\t\t<h3 class=\"elementor-heading-title elementor-size-default\">Kovinska in avtomobilska industrija<\/h3>\t\t\t\t<\/div>\n\t\t\t\t<\/div>\n\t\t\t\t<div class=\"elementor-element elementor-element-5aadc41 elementor-widget elementor-widget-text-editor\" data-id=\"5aadc41\" data-element_type=\"widget\" data-e-type=\"widget\" data-widget_type=\"text-editor.default\">\n\t\t\t\t<div class=\"elementor-widget-container\">\n\t\t\t\t\t\t\t\t\t<p>Natan\u010dno tehtanje jeklenih komponent, ulitih delov in kon\u010dnih izdelkov med proizvodnim procesom.<\/p><p>Omogo\u010da kontrolo kakovosti po specifikacijah in zmanj\u0161anje odpada.<\/p>\t\t\t\t\t\t\t\t<\/div>\n\t\t\t\t<\/div>\n\t\t\t\t<\/div>\n\t\t<div class=\"elementor-element elementor-element-4fb9d40 e-con-full e-flex e-con e-child\" data-id=\"4fb9d40\" data-element_type=\"container\" data-e-type=\"container\">\n\t\t\t\t<div class=\"elementor-element elementor-element-342d2fb elementor-view-framed elementor-shape-circle elementor-widget elementor-widget-icon\" data-id=\"342d2fb\" data-element_type=\"widget\" data-e-type=\"widget\" data-widget_type=\"icon.default\">\n\t\t\t\t<div class=\"elementor-widget-container\">\n\t\t\t\t\t\t\t<div class=\"elementor-icon-wrapper\">\n\t\t\t<div class=\"elementor-icon\">\n\t\t\t<svg aria-hidden=\"true\" class=\"e-font-icon-svg e-fas-industry\" viewBox=\"0 0 512 512\" xmlns=\"http:\/\/www.w3.org\/2000\/svg\"><path d=\"M475.115 163.781L336 252.309v-68.28c0-18.916-20.931-30.399-36.885-20.248L160 252.309V56c0-13.255-10.745-24-24-24H24C10.745 32 0 42.745 0 56v400c0 13.255 10.745 24 24 24h464c13.255 0 24-10.745 24-24V184.029c0-18.917-20.931-30.399-36.885-20.248z\"><\/path><\/svg>\t\t\t<\/div>\n\t\t<\/div>\n\t\t\t\t\t\t<\/div>\n\t\t\t\t<\/div>\n\t\t\t\t<div class=\"elementor-element elementor-element-3fbacfc elementor-widget elementor-widget-heading\" data-id=\"3fbacfc\" data-element_type=\"widget\" data-e-type=\"widget\" data-widget_type=\"heading.default\">\n\t\t\t\t<div class=\"elementor-widget-container\">\n\t\t\t\t\t<h3 class=\"elementor-heading-title elementor-size-default\">Proizvodnja in monta\u017ea<\/h3>\t\t\t\t<\/div>\n\t\t\t\t<\/div>\n\t\t\t\t<div class=\"elementor-element elementor-element-d08f842 elementor-widget elementor-widget-text-editor\" data-id=\"d08f842\" data-element_type=\"widget\" data-e-type=\"widget\" data-widget_type=\"text-editor.default\">\n\t\t\t\t<div class=\"elementor-widget-container\">\n\t\t\t\t\t\t\t\t\t<div class=\"nabrajanje\"><p>Preverjanje te\u017ee polizdelkov in kon\u010dnih izdelkov pred odpremo.<\/p><p>Zagotavlja skladnost z naro\u010dili in prepre\u010duje reklamacije kupcev.<\/p><\/div>\t\t\t\t\t\t\t\t<\/div>\n\t\t\t\t<\/div>\n\t\t\t\t<\/div>\n\t\t<div class=\"elementor-element elementor-element-f58d178 e-con-full e-flex e-con e-child\" data-id=\"f58d178\" data-element_type=\"container\" data-e-type=\"container\">\n\t\t\t\t<div class=\"elementor-element elementor-element-5a706f9 elementor-view-framed elementor-shape-circle elementor-widget elementor-widget-icon\" data-id=\"5a706f9\" data-element_type=\"widget\" data-e-type=\"widget\" data-widget_type=\"icon.default\">\n\t\t\t\t<div class=\"elementor-widget-container\">\n\t\t\t\t\t\t\t<div class=\"elementor-icon-wrapper\">\n\t\t\t<div class=\"elementor-icon\">\n\t\t\t<svg aria-hidden=\"true\" class=\"e-font-icon-svg e-fas-dolly-flatbed\" viewBox=\"0 0 640 512\" xmlns=\"http:\/\/www.w3.org\/2000\/svg\"><path d=\"M208 320h384c8.8 0 16-7.2 16-16V48c0-8.8-7.2-16-16-16H448v128l-48-32-48 32V32H208c-8.8 0-16 7.2-16 16v256c0 8.8 7.2 16 16 16zm416 64H128V16c0-8.8-7.2-16-16-16H16C7.2 0 0 7.2 0 16v32c0 8.8 7.2 16 16 16h48v368c0 8.8 7.2 16 16 16h82.9c-1.8 5-2.9 10.4-2.9 16 0 26.5 21.5 48 48 48s48-21.5 48-48c0-5.6-1.2-11-2.9-16H451c-1.8 5-2.9 10.4-2.9 16 0 26.5 21.5 48 48 48s48-21.5 48-48c0-5.6-1.2-11-2.9-16H624c8.8 0 16-7.2 16-16v-32c0-8.8-7.2-16-16-16z\"><\/path><\/svg>\t\t\t<\/div>\n\t\t<\/div>\n\t\t\t\t\t\t<\/div>\n\t\t\t\t<\/div>\n\t\t\t\t<div class=\"elementor-element elementor-element-02cdf1c elementor-widget elementor-widget-heading\" data-id=\"02cdf1c\" data-element_type=\"widget\" data-e-type=\"widget\" data-widget_type=\"heading.default\">\n\t\t\t\t<div class=\"elementor-widget-container\">\n\t\t\t\t\t<h3 class=\"elementor-heading-title elementor-size-default\">Skladi\u0161\u010da in distribucijski centri<\/h3>\t\t\t\t<\/div>\n\t\t\t\t<\/div>\n\t\t\t\t<div class=\"elementor-element elementor-element-2a5be41 elementor-widget elementor-widget-text-editor\" data-id=\"2a5be41\" data-element_type=\"widget\" data-e-type=\"widget\" data-widget_type=\"text-editor.default\">\n\t\t\t\t<div class=\"elementor-widget-container\">\n\t\t\t\t\t\t\t\t\t<div class=\"nabrajanje\">Hitra preverba te\u017ee prispelega blaga brez potrebe po prenosu na talno tehtnico. Pospe\u0161uje proces sprejema in odpreme blaga ter zmanj\u0161uje mo\u017enost napak. <\/div>\t\t\t\t\t\t\t\t<\/div>\n\t\t\t\t<\/div>\n\t\t\t\t<\/div>\n\t\t<div class=\"elementor-element elementor-element-e878fa6 e-con-full e-flex e-con e-child\" data-id=\"e878fa6\" data-element_type=\"container\" data-e-type=\"container\">\n\t\t\t\t<div class=\"elementor-element elementor-element-b97f85f elementor-view-framed elementor-shape-circle elementor-widget elementor-widget-icon\" data-id=\"b97f85f\" data-element_type=\"widget\" data-e-type=\"widget\" data-widget_type=\"icon.default\">\n\t\t\t\t<div class=\"elementor-widget-container\">\n\t\t\t\t\t\t\t<div class=\"elementor-icon-wrapper\">\n\t\t\t<div class=\"elementor-icon\">\n\t\t\t<svg aria-hidden=\"true\" class=\"e-font-icon-svg e-fas-ship\" viewBox=\"0 0 640 512\" xmlns=\"http:\/\/www.w3.org\/2000\/svg\"><path d=\"M496.616 372.639l70.012-70.012c16.899-16.9 9.942-45.771-12.836-53.092L512 236.102V96c0-17.673-14.327-32-32-32h-64V24c0-13.255-10.745-24-24-24H248c-13.255 0-24 10.745-24 24v40h-64c-17.673 0-32 14.327-32 32v140.102l-41.792 13.433c-22.753 7.313-29.754 36.173-12.836 53.092l70.012 70.012C125.828 416.287 85.587 448 24 448c-13.255 0-24 10.745-24 24v16c0 13.255 10.745 24 24 24 61.023 0 107.499-20.61 143.258-59.396C181.677 487.432 216.021 512 256 512h128c39.979 0 74.323-24.568 88.742-59.396C508.495 491.384 554.968 512 616 512c13.255 0 24-10.745 24-24v-16c0-13.255-10.745-24-24-24-60.817 0-101.542-31.001-119.384-75.361zM192 128h256v87.531l-118.208-37.995a31.995 31.995 0 0 0-19.584 0L192 215.531V128z\"><\/path><\/svg>\t\t\t<\/div>\n\t\t<\/div>\n\t\t\t\t\t\t<\/div>\n\t\t\t\t<\/div>\n\t\t\t\t<div class=\"elementor-element elementor-element-46b252c elementor-widget elementor-widget-heading\" data-id=\"46b252c\" data-element_type=\"widget\" data-e-type=\"widget\" data-widget_type=\"heading.default\">\n\t\t\t\t<div class=\"elementor-widget-container\">\n\t\t\t\t\t<h3 class=\"elementor-heading-title elementor-size-default\">Ladjedelnice in te\u017eki stroji<\/h3>\t\t\t\t<\/div>\n\t\t\t\t<\/div>\n\t\t\t\t<div class=\"elementor-element elementor-element-8d77427 elementor-widget elementor-widget-text-editor\" data-id=\"8d77427\" data-element_type=\"widget\" data-e-type=\"widget\" data-widget_type=\"text-editor.default\">\n\t\t\t\t<div class=\"elementor-widget-container\">\n\t\t\t\t\t\t\t\t\t<p>Tehtanje masivnih komponent, kot so motorji, prenosi ali ladijski deli.<\/p>\t\t\t\t\t\t\t\t<\/div>\n\t\t\t\t<\/div>\n\t\t\t\t<\/div>\n\t\t<div class=\"elementor-element elementor-element-bd09b30 e-con-full e-flex e-con e-child\" data-id=\"bd09b30\" data-element_type=\"container\" data-e-type=\"container\">\n\t\t\t\t<div class=\"elementor-element elementor-element-6aa9530 elementor-view-framed elementor-shape-circle elementor-widget elementor-widget-icon\" data-id=\"6aa9530\" data-element_type=\"widget\" data-e-type=\"widget\" data-widget_type=\"icon.default\">\n\t\t\t\t<div class=\"elementor-widget-container\">\n\t\t\t\t\t\t\t<div class=\"elementor-icon-wrapper\">\n\t\t\t<div class=\"elementor-icon\">\n\t\t\t<svg aria-hidden=\"true\" class=\"e-font-icon-svg e-fas-fill-drip\" viewBox=\"0 0 576 512\" xmlns=\"http:\/\/www.w3.org\/2000\/svg\"><path d=\"M512 320s-64 92.65-64 128c0 35.35 28.66 64 64 64s64-28.65 64-64-64-128-64-128zm-9.37-102.94L294.94 9.37C288.69 3.12 280.5 0 272.31 0s-16.38 3.12-22.62 9.37l-81.58 81.58L81.93 4.76c-6.25-6.25-16.38-6.25-22.62 0L36.69 27.38c-6.24 6.25-6.24 16.38 0 22.62l86.19 86.18-94.76 94.76c-37.49 37.48-37.49 98.26 0 135.75l117.19 117.19c18.74 18.74 43.31 28.12 67.87 28.12 24.57 0 49.13-9.37 67.87-28.12l221.57-221.57c12.5-12.5 12.5-32.75.01-45.25zm-116.22 70.97H65.93c1.36-3.84 3.57-7.98 7.43-11.83l13.15-13.15 81.61-81.61 58.6 58.6c12.49 12.49 32.75 12.49 45.24 0s12.49-32.75 0-45.24l-58.6-58.6 58.95-58.95 162.44 162.44-48.34 48.34z\"><\/path><\/svg>\t\t\t<\/div>\n\t\t<\/div>\n\t\t\t\t\t\t<\/div>\n\t\t\t\t<\/div>\n\t\t\t\t<div class=\"elementor-element elementor-element-23d21c9 elementor-widget elementor-widget-heading\" data-id=\"23d21c9\" data-element_type=\"widget\" data-e-type=\"widget\" data-widget_type=\"heading.default\">\n\t\t\t\t<div class=\"elementor-widget-container\">\n\t\t\t\t\t<h3 class=\"elementor-heading-title elementor-size-default\">Kemi\u010dna in \u017eivilska industrija<\/h3>\t\t\t\t<\/div>\n\t\t\t\t<\/div>\n\t\t\t\t<div class=\"elementor-element elementor-element-39e6433 elementor-widget elementor-widget-text-editor\" data-id=\"39e6433\" data-element_type=\"widget\" data-e-type=\"widget\" data-widget_type=\"text-editor.default\">\n\t\t\t\t<div class=\"elementor-widget-container\">\n\t\t\t\t\t\t\t\t\t<p>Natan\u010dno doziranje surovin in aditivov po recepturah.<\/p><p>Certificirana natan\u010dnost izpolnjuje zahteve za tehtanje v proizvodnji hrane in zdravil.<\/p>\t\t\t\t\t\t\t\t<\/div>\n\t\t\t\t<\/div>\n\t\t\t\t<\/div>\n\t\t\t\t<\/div>\n\t\t\t\t<div class=\"elementor-element elementor-element-3ce3535 elementor-widget elementor-widget-text-editor\" data-id=\"3ce3535\" data-element_type=\"widget\" data-e-type=\"widget\" data-widget_type=\"text-editor.default\">\n\t\t\t\t<div class=\"elementor-widget-container\">\n\t\t\t\t\t\t\t\t\t<h2>Zakaj izbrati kransko tehtnico Gutman OCS-A?<\/h2><h3>Kakovost senzorja<\/h3><p>Tehnologija Mettler-Toledo se uporablja v najzahtevnej\u0161ih aplikacijah po vsem svetu, kjer je natan\u010dnost klju\u010dna.<\/p><h3>Dokazana zanesljivost<\/h3><p>Gutman je vodilni evropski distributer in proizvajalec opreme za dviganje z ve\u010d kot 30 leti izku\u0161enj.<\/p><h3>Certificirana kakovost<\/h3><p>Vse tehtnice so dobavljene s CE certifikatom in popolno dokumentacijo. <\/p><h3>Konkuren\u010dna cena<\/h3><p>Kljub vrhunski kakovosti, Dizalica d.o.o. ponuja konkuren\u010dne cene in najbolj\u0161e razmerje med ceno in kakovostjo na trgu.<\/p>\t\t\t\t\t\t\t\t<\/div>\n\t\t\t\t<\/div>\n\t\t\t\t<div class=\"elementor-element elementor-element-d8f362b elementor-widget elementor-widget-text-editor\" data-id=\"d8f362b\" data-element_type=\"widget\" data-e-type=\"widget\" data-widget_type=\"text-editor.default\">\n\t\t\t\t<div class=\"elementor-widget-container\">\n\t\t\t\t\t\t\t\t\t<h2>Certifikati in standardi<\/h2><p>Profesionalna industrijska kranska tehtnica Gutman OCS-A je dobavljena s popolno dokumentacijo:<\/p><ul class=\"nabrajanje\"><li>Certifikat skladnosti CE<\/li><li>Tehni\u010dna dokumentacija v hrva\u0161kem jeziku<\/li><li>Navodila za uporabo in vzdr\u017eevanje<\/li><li>Varnostna opozorila in svarila<\/li><\/ul>\t\t\t\t\t\t\t\t<\/div>\n\t\t\t\t<\/div>\n\t\t\t\t<div class=\"elementor-element elementor-element-5685619 elementor-widget elementor-widget-text-editor\" data-id=\"5685619\" data-element_type=\"widget\" data-e-type=\"widget\" data-widget_type=\"text-editor.default\">\n\t\t\t\t<div class=\"elementor-widget-container\">\n\t\t\t\t\t\t\t\t\t<h2>Redno vzdr\u017eevanje<\/h2>\n<ul class=\"nabrajanje\">\n \t<li>Vizualna kontrola ohi\u0161ja in komponent<\/li>\n \t<li>\u010ci\u0161\u010denje LCD zaslona in daljinskega upravljalnika<\/li>\n \t<li>Kontrola stanja baterije in polnilnika<\/li>\n \t<li>Preverjanje trdnosti jeklenih kavljev<\/li>\n \t<li>Priporo\u010damo letno kalibracijo profesionalne kranske tehtnice, \u0161e posebej, \u010de se uporablja za certificirane meritve ali v reguliranih industrijah.<\/li>\n<\/ul>\t\t\t\t\t\t\t\t<\/div>\n\t\t\t\t<\/div>\n\t\t\t\t<div class=\"elementor-element elementor-element-52cb284 elementor-widget elementor-widget-text-editor\" data-id=\"52cb284\" data-element_type=\"widget\" data-e-type=\"widget\" data-widget_type=\"text-editor.default\">\n\t\t\t\t<div class=\"elementor-widget-container\">\n\t\t\t\t\t\t\t\t\t<h2>Primerjalna tabela kranskih tehtnic<\/h2>\t\t\t\t\t\t\t\t<\/div>\n\t\t\t\t<\/div>\n\t\t\t\t<div class=\"elementor-element elementor-element-ad47224 elementor-widget elementor-widget-text-editor\" data-id=\"ad47224\" data-element_type=\"widget\" data-e-type=\"widget\" data-widget_type=\"text-editor.default\">\n\t\t\t\t<div class=\"elementor-widget-container\">\n\t\t\t\t\t\t\t\t\t<div class=\"table-wrap\">\n<table class=\"styled-table\" role=\"table\" aria-label=\"Usporedba kranskih vaga OCS-Y i OCS-A\">\n<thead>\n<tr>\nZna\u010dilnostDigitalna kranska tehtnica OCS-YDigitalna kranska tehtnica OCS-A\n<\/tr>\n<\/thead>\n<tbody>\n<tr>\nNosilnost3-10 ton5-20 ton\n<\/tr>\n<tr>\nNatan\u010dnost1-5 kg0,1 %\n<\/tr>\n<tr>\nSenzorStandardniMettler-Toledo\n<\/tr>\n<tr>\nZaslonLCD 22 mmLCD z osvetlitvijo ozadja\n<\/tr>\n<tr>\nTrajanje baterije40 h70 h\n<\/tr>\n<tr>\nOhi\u0161jeAlu\/JekloAluminij\n<\/tr>\n<tr>\nPreobremenitev120 % \/ 400 %120 % \/ 400 %\n<\/tr>\n<tr>\nUporabaSplo\u0161na, manj\u0161a podjetjaTe\u017eka industrija\n<\/tr>\n<\/tbody>\n<tfoot>\n<tr>\n<td colspan=\"3\">Primerjava: OCS-Y (merjenje v vseh smereh) in OCS-A (natan\u010dno, vertikalno merjenje)<\/td>\n<\/tr>\n<\/tfoot>\n<\/table>\n<\/div>\t\t\t\t\t\t\t\t<\/div>\n\t\t\t\t<\/div>\n\t\t\t\t<\/div>\n\t\t<div class=\"elementor-element elementor-element-c24e9f3 e-con-full e-flex e-con e-child\" data-id=\"c24e9f3\" data-element_type=\"container\" data-e-type=\"container\">\n\t\t\t\t<div class=\"elementor-element elementor-element-3d3dc0e1 elementor-widget elementor-widget-text-editor\" data-id=\"3d3dc0e1\" data-element_type=\"widget\" data-e-type=\"widget\" data-widget_type=\"text-editor.default\">\n\t\t\t\t<div class=\"elementor-widget-container\">\n\t\t\t\t\t\t\t\t\t<div class=\"table-wrap\">\n<table class=\"styled-table\" role=\"table\" aria-label=\"Karakteristike kranske vage (dinamometra)\">\n<thead>\n<tr>\n<th scope=\"col\">Specifikacije<\/th>\n<th scope=\"col\">Kranska tehtnica &#8211; Dinamometer<\/th>\n<\/tr>\n<\/thead>\n<tbody>\n<tr>\n<td>Namen \/ Opis<\/td>\n<td>Industrijska tehtnica za te\u017eke pogoje dela<\/td>\n<\/tr>\n<tr>\n<td>Zaslon<\/td>\n<td>LCD zaslon z osvetlitvijo ozadja<\/td>\n<\/tr>\n<tr>\n<td>Dovoljena preobremenitev<\/td>\n<td>120 % polne skale<\/td>\n<\/tr>\n<tr>\n<td>Maksimalna preobremenitev<\/td>\n<td>400 % polne skale<\/td>\n<\/tr>\n<tr>\n<td>Materiali konstrukcije<\/td>\n<td>Ohi\u0161je iz aluminija, jekleno okovje, kavelj za te\u017eke pogoje<\/td>\n<\/tr>\n<tr>\n<td>Napajanje in energetska u\u010dinkovitost<\/td>\n<td>Polnilna baterija in polnilnik, samodejni izklop<\/td>\n<\/tr>\n<tr>\n<td>Varnostna zna\u010dilnost<\/td>\n<td>Samodejni alarm za preobremenitev<\/td>\n<\/tr>\n<tr>\n<td>Dodatna oprema \/ Upravljanje<\/td>\n<td>Infrarde\u010di daljinski upravljalnik<\/td>\n<\/tr>\n<\/tbody>\n<tfoot>\n<tr>\n<td colspan=\"2\">Robustna tehtnica, zasnovana za zahtevne industrijske aplikacije.<\/td>\n<\/tr>\n<\/tfoot>\n<\/table>\n<\/div>\t\t\t\t\t\t\t\t<\/div>\n\t\t\t\t<\/div>\n\t\t\t\t<\/div>\n\t\t\t\t\t<\/div>\n\t\t\t\t<\/div>\n\t\t\t\t<\/div>\n\t\t","protected":false},"excerpt":{"rendered":"<p>Kranska tehtnica z aluminijastim ohi\u0161jem, jeklenim okovjem in kavljem za te\u017eke pogoje dela je opremljena z LCD zaslonom z osvetlitvijo ozadja, infrarde\u010dim daljinskim upravljalnikom, polnilno baterijo in polnilnikom, samodejnim izklopom in alarmom za preobremenitev, z dovoljeno preobremenitvijo do 120 % in najve\u010djo do 400 % polne skale \u2013 idealna kot industrijski dinamometer.<\/p>\n<p style=\"color: white; background-color: white; font-size: 14px;\">Dinamometer.<\/p>\n","protected":false},"featured_media":3910,"comment_status":"open","ping_status":"closed","template":"","meta":[],"etheme_brands":[],"product_brand":[],"product_cat":[454],"product_tag":[458,459,460],"class_list":{"0":"post-32607","1":"product","2":"type-product","3":"status-publish","4":"has-post-thumbnail","6":"product_cat-kranske-tehtnice-01","7":"product_tag-en-13155","8":"product_tag-industrijska-tehtnica","9":"product_tag-tezka-industrijska-dviganja","10":"product_shipping_class-dostava","12":"first","13":"instock","14":"taxable","15":"shipping-taxable","16":"purchasable","17":"product-type-variable","18":"has-default-attributes"},"_links":{"self":[{"href":"https:\/\/dizalica.hr\/sl\/wp-json\/wp\/v2\/product\/32607","targetHints":{"allow":["GET"]}}],"collection":[{"href":"https:\/\/dizalica.hr\/sl\/wp-json\/wp\/v2\/product"}],"about":[{"href":"https:\/\/dizalica.hr\/sl\/wp-json\/wp\/v2\/types\/product"}],"replies":[{"embeddable":true,"href":"https:\/\/dizalica.hr\/sl\/wp-json\/wp\/v2\/comments?post=32607"}],"version-history":[{"count":3,"href":"https:\/\/dizalica.hr\/sl\/wp-json\/wp\/v2\/product\/32607\/revisions"}],"predecessor-version":[{"id":32615,"href":"https:\/\/dizalica.hr\/sl\/wp-json\/wp\/v2\/product\/32607\/revisions\/32615"}],"wp:featuredmedia":[{"embeddable":true,"href":"https:\/\/dizalica.hr\/sl\/wp-json\/wp\/v2\/media\/3910"}],"wp:attachment":[{"href":"https:\/\/dizalica.hr\/sl\/wp-json\/wp\/v2\/media?parent=32607"}],"wp:term":[{"taxonomy":"brand","embeddable":true,"href":"https:\/\/dizalica.hr\/sl\/wp-json\/wp\/v2\/etheme_brands?post=32607"},{"taxonomy":"product_brand","embeddable":true,"href":"https:\/\/dizalica.hr\/sl\/wp-json\/wp\/v2\/product_brand?post=32607"},{"taxonomy":"product_cat","embeddable":true,"href":"https:\/\/dizalica.hr\/sl\/wp-json\/wp\/v2\/product_cat?post=32607"},{"taxonomy":"product_tag","embeddable":true,"href":"https:\/\/dizalica.hr\/sl\/wp-json\/wp\/v2\/product_tag?post=32607"}],"curies":[{"name":"wp","href":"https:\/\/api.w.org\/{rel}","templated":true}]}}