{"id":32581,"date":"2024-08-09T15:10:26","date_gmt":"2024-08-09T15:10:26","guid":{"rendered":"https:\/\/dizalica.hr\/nekategorizirano\/zastitna-navlaka-od-ureza-2\/"},"modified":"2026-04-28T03:18:20","modified_gmt":"2026-04-28T01:18:20","slug":"zascitna-prevleka-proti-urezninam","status":"publish","type":"product","link":"https:\/\/dizalica.hr\/sl\/poliesterske-priveznice-02\/zascitniki-za-trakove\/zascitna-prevleka-proti-urezninam\/","title":{"rendered":"Za\u0161\u010ditna prevleka proti urezom za dvi\u017ene trakove in zanke."},"content":{"rendered":"<h4>Za\u0161\u010ditna navleka pred zar\u0435zami<\/h4>\n<p>&#8211; velika strukturna trdnost<br \/>\n&#8211; velika abrazivna odpornost<br \/>\n&#8211; izjemna odpornost na zareze<br \/>\n&#8211; zelo dobra elasti\u010dnost<br \/>\n&#8211; dobra kemi\u010dna odpornost<br \/>\n&#8211; s \u010dasom ne spreminja lastnosti<\/p>\n<p>Za\u0161\u010ditno navleko pred zarezami odlikuje velika strukturna trdnost, izjemna odpornost na zareze in abrazijo, zelo dobra elasti\u010dnost, kemi\u010dna odpornost ter obstojnost materiala, ki s \u010dasom ne spreminja svojih lastnosti.<\/p>\n","protected":false},"excerpt":{"rendered":"<p>Za\u0161\u010ditno navleko pred zarezami odlikuje velika strukturna trdnost, izjemna odpornost na zareze in abrazijo, zelo dobra elasti\u010dnost, kemi\u010dna odpornost ter obstojnost materiala, ki s \u010dasom ne spreminja svojih lastnosti.<\/p>\n","protected":false},"featured_media":32573,"comment_status":"open","ping_status":"closed","template":"","meta":[],"etheme_brands":[],"product_brand":[],"product_cat":[447,448,449,451],"product_tag":[],"class_list":{"0":"post-32581","1":"product","2":"type-product","3":"status-publish","4":"has-post-thumbnail","6":"product_cat-poliesterske-priveznice-02","7":"product_cat-tovornjaki-program","8":"product_cat-zascitniki-za-trakove","10":"product_shipping_class-dostava","12":"first","13":"instock","14":"taxable","15":"shipping-taxable","16":"purchasable","17":"product-type-variable","18":"has-default-attributes"},"_links":{"self":[{"href":"https:\/\/dizalica.hr\/sl\/wp-json\/wp\/v2\/product\/32581","targetHints":{"allow":["GET"]}}],"collection":[{"href":"https:\/\/dizalica.hr\/sl\/wp-json\/wp\/v2\/product"}],"about":[{"href":"https:\/\/dizalica.hr\/sl\/wp-json\/wp\/v2\/types\/product"}],"replies":[{"embeddable":true,"href":"https:\/\/dizalica.hr\/sl\/wp-json\/wp\/v2\/comments?post=32581"}],"version-history":[{"count":4,"href":"https:\/\/dizalica.hr\/sl\/wp-json\/wp\/v2\/product\/32581\/revisions"}],"predecessor-version":[{"id":34237,"href":"https:\/\/dizalica.hr\/sl\/wp-json\/wp\/v2\/product\/32581\/revisions\/34237"}],"wp:featuredmedia":[{"embeddable":true,"href":"https:\/\/dizalica.hr\/sl\/wp-json\/wp\/v2\/media\/32573"}],"wp:attachment":[{"href":"https:\/\/dizalica.hr\/sl\/wp-json\/wp\/v2\/media?parent=32581"}],"wp:term":[{"taxonomy":"brand","embeddable":true,"href":"https:\/\/dizalica.hr\/sl\/wp-json\/wp\/v2\/etheme_brands?post=32581"},{"taxonomy":"product_brand","embeddable":true,"href":"https:\/\/dizalica.hr\/sl\/wp-json\/wp\/v2\/product_brand?post=32581"},{"taxonomy":"product_cat","embeddable":true,"href":"https:\/\/dizalica.hr\/sl\/wp-json\/wp\/v2\/product_cat?post=32581"},{"taxonomy":"product_tag","embeddable":true,"href":"https:\/\/dizalica.hr\/sl\/wp-json\/wp\/v2\/product_tag?post=32581"}],"curies":[{"name":"wp","href":"https:\/\/api.w.org\/{rel}","templated":true}]}}