{"id":32575,"date":"2024-08-09T15:10:26","date_gmt":"2024-08-09T15:10:26","guid":{"rendered":"https:\/\/dizalica.hr\/nekategorizirano\/zastitna-navlaka-od-ureza\/"},"modified":"2026-04-26T10:55:37","modified_gmt":"2026-04-26T08:55:37","slug":"zastitna-navlaka-od-ureza","status":"publish","type":"product","link":"https:\/\/dizalica.hr\/sl\/nekategorizirano\/zastitna-navlaka-od-ureza\/","title":{"rendered":"Za\u0161titna navlaka od ureza za gurtne i priveznice"},"content":{"rendered":"<h4>Za\u0161titna navlaka od ureza<\/h4>\n<p>&#8211; velika strukturna \u010dvrsto\u0107a<br \/>\n&#8211; velika abrazivna otpornost<br \/>\n&#8211; izuzetna otpornost na posjekotine+<br \/>\n&#8211; vrlo dobra elasti\u010dnost<br \/>\n&#8211; dobra kemijska otpornost<br \/>\n&#8211; vremenom ne mijenja svojstva<\/p>\n<p>Za\u0161titna navlaka od ureza odlikuje se velikom strukturnom \u010dvrsto\u0107om, izuzetnom otporno\u0161\u0107u na posjekotine i abraziju, vrlo dobrom elasti\u010dno\u0161\u0107u, kemijskom otporno\u0161\u0107u te postojano\u0161\u0107u materijala koji s vremenom ne mijenja svoja svojstva.<\/p>\n","protected":false},"excerpt":{"rendered":"<p>Za\u0161titna navlaka od ureza odlikuje se velikom strukturnom \u010dvrsto\u0107om, izuzetnom otporno\u0161\u0107u na posjekotine i abraziju, vrlo dobrom elasti\u010dno\u0161\u0107u, kemijskom otporno\u0161\u0107u te postojano\u0161\u0107u materijala koji s vremenom ne mijenja svoja svojstva.<\/p>\n","protected":false},"featured_media":32573,"comment_status":"open","ping_status":"closed","template":"","meta":[],"etheme_brands":[],"product_brand":[],"product_cat":[],"product_tag":[],"class_list":{"0":"post-32575","1":"product","2":"type-product","3":"status-publish","4":"has-post-thumbnail","7":"first","8":"instock","9":"taxable","10":"shipping-taxable","11":"product-type-variable"},"_links":{"self":[{"href":"https:\/\/dizalica.hr\/sl\/wp-json\/wp\/v2\/product\/32575","targetHints":{"allow":["GET"]}}],"collection":[{"href":"https:\/\/dizalica.hr\/sl\/wp-json\/wp\/v2\/product"}],"about":[{"href":"https:\/\/dizalica.hr\/sl\/wp-json\/wp\/v2\/types\/product"}],"replies":[{"embeddable":true,"href":"https:\/\/dizalica.hr\/sl\/wp-json\/wp\/v2\/comments?post=32575"}],"version-history":[{"count":0,"href":"https:\/\/dizalica.hr\/sl\/wp-json\/wp\/v2\/product\/32575\/revisions"}],"wp:featuredmedia":[{"embeddable":true,"href":"https:\/\/dizalica.hr\/sl\/wp-json\/wp\/v2\/media\/32573"}],"wp:attachment":[{"href":"https:\/\/dizalica.hr\/sl\/wp-json\/wp\/v2\/media?parent=32575"}],"wp:term":[{"taxonomy":"brand","embeddable":true,"href":"https:\/\/dizalica.hr\/sl\/wp-json\/wp\/v2\/etheme_brands?post=32575"},{"taxonomy":"product_brand","embeddable":true,"href":"https:\/\/dizalica.hr\/sl\/wp-json\/wp\/v2\/product_brand?post=32575"},{"taxonomy":"product_cat","embeddable":true,"href":"https:\/\/dizalica.hr\/sl\/wp-json\/wp\/v2\/product_cat?post=32575"},{"taxonomy":"product_tag","embeddable":true,"href":"https:\/\/dizalica.hr\/sl\/wp-json\/wp\/v2\/product_tag?post=32575"}],"curies":[{"name":"wp","href":"https:\/\/api.w.org\/{rel}","templated":true}]}}