{"id":36999,"date":"2026-05-05T02:50:33","date_gmt":"2026-05-05T00:50:33","guid":{"rendered":"https:\/\/dizalica.hr\/pravila-zasebnosti\/"},"modified":"2026-05-05T02:50:33","modified_gmt":"2026-05-05T00:50:33","slug":"pravila-zasebnosti","status":"publish","type":"page","link":"https:\/\/dizalica.hr\/sl\/pravila-zasebnosti\/","title":{"rendered":"Pravila zasebnosti"},"content":{"rendered":"\n<p><strong>Izjava o zasebnosti<\/strong><\/p>\n\n\n\n<p>Zavezani smo k za\u0161\u010diti zasebnosti na\u0161ih strank in si prizadevamo za popolno preglednost glede podatkov, ki jih zbiramo od uporabnikov spletne strani. Preglejte to politiko, da boste lahko brez skrbi.<\/p>\n\n\n\n<p><strong>1. Zahteve za informacije<\/strong><\/p>\n\n\n\n<p>\u010ce \u017eelite pregledati podatke (\u010de obstajajo), ki jih hranimo o vas, po\u0161ljite e-po\u0161to na dataprotection@dizalica.hr in se obrnite na na\u0161 oddelek za podporo strankam. Na\u0161 cilj je odgovoriti na zahteve za informacije v roku enega meseca od prejema. Vse neto\u010dnosti, ki nam jih sporo\u010dite, bomo popravili \u010dim prej, obi\u010dajno pa bomo na zahtevo z veseljem izbrisali va\u0161e osebne podatke (razen v posebnih primerih).<\/p>\n\n\n\n<p><strong>2. Va\u0161i podatki in kako jih uporabljamo<\/strong><\/p>\n\n\n\n<p>\u010ce oddajate naro\u010dilo preko dizalica.hr, boste morda morali vnesti naslednje podatke:<\/p>\n\n\n\n<ul class=\"wp-block-list\">\n<li>Va\u0161 e-po\u0161tni naslov<\/li>\n\n\n\n<li>Va\u0161e ime in priimek<\/li>\n\n\n\n<li>Va\u0161a telefonska \u0161tevilka<\/li>\n\n\n\n<li>Podatki o pla\u010dilu<\/li>\n\n\n\n<li>Va\u0161 naslov za obra\u010dun<\/li>\n\n\n\n<li>\u017deleni naslov za dostavo<\/li>\n<\/ul>\n\n\n\n<p>Po \u017eelji nam lahko posredujete tudi dodatne informacije \u2013 na primer, lahko nam sporo\u010dite ime svojega podjetja in\/ali telefonsko \u0161tevilko lokacije, ki ste jo navedli kot naslov za dostavo.<\/p>\n\n<p>Vsi podatki, ki jih vnesete med postopkom nakupa, se zbirajo izklju\u010dno za obdelavo in po\u0161iljanje va\u0161ega naro\u010dila. Poleg tega vas lahko po dostavi izdelkov kontaktiramo, da ocenite svojo izku\u0161njo. Brez va\u0161ega soglasja ne boste dodani na noben seznam za po\u0161iljanje e-po\u0161te in vam ne bomo poslali nobene korespondence, ki ni povezana z va\u0161im naro\u010dilom.<\/p>\n\n\n\n<p>(OPOMBA: Vse zgoraj navedeno velja tudi za vse podatke, ki jih vnesete ob oddaji povpra\u0161evanja za najem preko na\u0161e spletne strani ali ob prijavi za poslovni ra\u010dun.)<\/p>\n\n\n\n<p>\u010ce nas kontaktirate preko katerega koli obrazca za povpra\u0161evanje na na\u0161i spletni strani, bomo zbrali naslednje podatke:<\/p>\n\n\n\n<ul class=\"wp-block-list\">\n<li>Va\u0161e ime<\/li>\n\n\n\n<li>Ime va\u0161ega podjetja<\/li>\n\n\n\n<li>Va\u0161 e-po\u0161tni naslov<\/li>\n\n\n\n<li>Va\u0161a telefonska \u0161tevilka<\/li>\n\n\n\n<li>Vse ostale podatke, ki jih prostovoljno posredujete v sporo\u010dilu<\/li>\n<\/ul>\n\n\n\n<p>Ti podatki se zbirajo izklju\u010dno za obdelavo in odgovor na va\u0161e povpra\u0161evanje. Ponovno, brez va\u0161ega soglasja ne boste dodani na nobene mailing sezname in vam ne bomo poslali nobene korespondence, ki ni povezana z va\u0161im povpra\u0161evanjem.<\/p>\n\n\n\n<p>Prizadevamo si, da so vsi osebni podatki, ki jih hranimo, to\u010dni in a\u017eurni. Te podatke varujemo in obdelujemo v skladu z veljavnimi zakoni, vklju\u010dno z Uredbo GDPR o varstvu osebnih podatkov.<\/p>\n\n\n\n<p><strong>3. Podatki o pla\u010dilu<\/strong><\/p>\n\n\n\n<p>Zavezani smo k varovanju podatkov o pla\u010dilu, ki jih vnesete ob naro\u010dilu ali ro\u010dnem pla\u010dilu na na\u0161i spletni strani. Vsa pla\u010dila se obdelujejo preko varne (HTTPS) povezave. Na\u0161i ponudniki pla\u010dilnih storitev so Sage Pay in PayPal.<\/p>\n\n<p><strong>4. Ra\u010duni kupcev<\/strong><\/p>\n\n\n\n<p>\u010ce \u017eelite, se lahko registrirate na dizalica.hr. Upo\u0161tevajte, da registracija ra\u010duna ni obvezna \u2013 za nakup brez ustvarjanja ra\u010duna preprosto izberite mo\u017enost \u00bbExpress Checkout\u00ab med postopkom pla\u010dila.<\/p>\n\n\n\n<p>\u010ce se odlo\u010dite ustvariti uporabni\u0161ki ra\u010dun, boste morali vnesti naslednje podatke:<\/p>\n\n\n\n<ul class=\"wp-block-list\">\n<li>E-po\u0161tni naslov<\/li>\n\n\n\n<li>Ime<\/li>\n\n\n\n<li>Priimek<\/li>\n\n\n\n<li>Telefonska \u0161tevilka<\/li>\n\n\n\n<li>Geslo po va\u0161i izbiri<\/li>\n<\/ul>\n\n\n\n<p>Vsi ti podatki so varno shranjeni in ne bodo posredovani nepoobla\u0161\u010denim tretjim osebam. Podatki, ki jih posredujete med registracijo, se uporabljajo izklju\u010dno za upravljanje va\u0161ega ra\u010duna in obdelavo naro\u010dil, ki jih oddate med prijavo.<\/p>\n\n\n\n<p><strong>5. Na\u0161 mailing seznam<\/strong><\/p>\n\n\n\n<p>Ko stopite v stik z Dizalica d.o.o. ali oddate naro\u010dilo preko na\u0161e spletne strani, imate mo\u017enost, da se pridru\u017eite na\u0161emu mailing seznamu. Naro\u010dnikom dizalica.hr po\u0161ilja promocijska sporo\u010dila z informacijami o izdelkih, posebnih ponudbah in drugih novostih.<\/p>\n\n\n\n<p>Za upravljanje mailing seznama uporabljamo Sendinblue. Naro\u010dniki se lahko kadarkoli odjavijo s klikom na povezavo \u00bbodjava\u00ab, ki je vklju\u010dena v vsa promocijska sporo\u010dila.<\/p>\n\n\n\n<p>\u010ce nam dovolite, da vas dodamo na mailing seznam, va\u0161o e-po\u0161to nikoli ne bomo delili z nepoobla\u0161\u010denimi tretjimi osebami ali vam po\u0161iljali nepomembnih sporo\u010dil, ki niso povezana z dizalica.hr.<\/p>\n\n<p><strong>6. Google Analytics<\/strong><\/p>\n\n\n\n<p>Tako kot mnogi lastniki spletnih strani, tudi mi uporabljamo Google Analytics za anonimno spremljanje prometa in vedenja uporabnikov na na\u0161i spletni strani. To orodje ne zbira nobenih osebnih podatkov. \u010ce pa ne \u017eelite, da so va\u0161i podatki vklju\u010deni v na\u0161o analitiko, lahko Google Analytics onemogo\u010dite z uporabo tega brskalni\u0161kega dodatka.<\/p>\n\n\n\n<p><strong>7. Politika pi\u0161kotkov<\/strong><\/p>\n\n\n\n<p>Ta spletna stran uporablja pi\u0161kotke za izbolj\u0161anje va\u0161e spletne izku\u0161nje. Kliknite tukaj za ogled na\u0161e politike pi\u0161kotkov.<\/p>\n\n\n\n<p><strong>8. Informacijska varnost in prepre\u010devanje prevar<\/strong><\/p>\n\n\n\n<p>Za zagotovitev varnosti vseh transakcij in ob\u010dutljivih podatkov, obdelanih prek te spletne strani, uporabljamo storitve GeoTrust SSL certifikata.<\/p>\n\n\n\n<p>Tveganje spletnih prevar jemljemo zelo resno. \u010ce sumimo, da je bila naro\u010dila oddana z goljufijo ali da je bila na\u0161a spletna stran na kakr\u0161en koli na\u010din zlorabljena, si pridr\u017eujemo pravico deliti vse relevantne informacije z neodvisnimi podjetji za prepre\u010devanje prevar (vklju\u010dno z bankami) in policijo.<\/p>\n\n\n\n<p>\u010ce imate kakr\u0161nakoli vpra\u0161anja glede na\u0161e politike zasebnosti, nam pi\u0161ite na <a href=\"mailto:dataprotection@dizalica.hr\">dataprotection@dizalica.hr<\/a>.<\/p>\n","protected":false},"excerpt":{"rendered":"<p>Izjava o zasebnosti Zavezani smo k za\u0161\u010diti zasebnosti na\u0161ih strank in si prizadevamo za popolno preglednost glede podatkov, ki jih zbiramo od uporabnikov spletne strani&#8230;.<\/p>\n","protected":false},"author":1,"featured_media":0,"parent":0,"menu_order":0,"comment_status":"closed","ping_status":"closed","template":"","meta":{"footnotes":""},"class_list":["post-36999","page","type-page","status-publish","hentry"],"_links":{"self":[{"href":"https:\/\/dizalica.hr\/sl\/wp-json\/wp\/v2\/pages\/36999","targetHints":{"allow":["GET"]}}],"collection":[{"href":"https:\/\/dizalica.hr\/sl\/wp-json\/wp\/v2\/pages"}],"about":[{"href":"https:\/\/dizalica.hr\/sl\/wp-json\/wp\/v2\/types\/page"}],"author":[{"embeddable":true,"href":"https:\/\/dizalica.hr\/sl\/wp-json\/wp\/v2\/users\/1"}],"replies":[{"embeddable":true,"href":"https:\/\/dizalica.hr\/sl\/wp-json\/wp\/v2\/comments?post=36999"}],"version-history":[{"count":0,"href":"https:\/\/dizalica.hr\/sl\/wp-json\/wp\/v2\/pages\/36999\/revisions"}],"wp:attachment":[{"href":"https:\/\/dizalica.hr\/sl\/wp-json\/wp\/v2\/media?parent=36999"}],"curies":[{"name":"wp","href":"https:\/\/api.w.org\/{rel}","templated":true}]}}