{"id":33231,"date":"2026-04-27T13:52:49","date_gmt":"2026-04-27T11:52:49","guid":{"rendered":"https:\/\/dizalica.hr\/dostava\/"},"modified":"2026-04-27T13:52:58","modified_gmt":"2026-04-27T11:52:58","slug":"dostava","status":"publish","type":"page","link":"https:\/\/dizalica.hr\/sl\/dostava\/","title":{"rendered":"Dostava"},"content":{"rendered":"\n<p>Dostava<\/p>\n\n<p>\u010ce po e-po\u0161ti potrdite pla\u010dilo do 10. ure, blago po\u0161ljemo isti ali najpozneje naslednji dan. Obi\u010dajni \u010das dostave je 24 ur, za manj\u0161a mesta in otoke pa 48\u201372 ur. <\/p>\n\n<p>Uporabljamo dve dostavni slu\u017ebi:<\/p>\n\n<p><a href=\"https:\/\/gls-group.eu\/HR\/hr\/home\" target=\"_blank\" rel=\"noopener\">GLS<\/a> za paketno in <a href=\"https:\/\/www.gw-world.com\/hr\/\" target=\"_blank\" rel=\"noopener\">Gebruder Weiss<\/a> za paletno dostavo.<\/p>\n\n<p>Ve\u010d informacij lahko dobite na <a href=\"mailto:kontakt@dizalica.hr\">kontakt@dizalica.hr<\/a>.<\/p>\n","protected":false},"excerpt":{"rendered":"<p>Dostava \u010ce po e-po\u0161ti potrdite pla\u010dilo do 10. ure, blago po\u0161ljemo isti ali najpozneje naslednji dan. Obi\u010dajni \u010das dostave je 24 ur, za manj\u0161a mesta&#8230;<\/p>\n","protected":false},"author":1,"featured_media":0,"parent":0,"menu_order":0,"comment_status":"closed","ping_status":"closed","template":"","meta":{"footnotes":""},"class_list":["post-33231","page","type-page","status-publish","hentry"],"_links":{"self":[{"href":"https:\/\/dizalica.hr\/sl\/wp-json\/wp\/v2\/pages\/33231","targetHints":{"allow":["GET"]}}],"collection":[{"href":"https:\/\/dizalica.hr\/sl\/wp-json\/wp\/v2\/pages"}],"about":[{"href":"https:\/\/dizalica.hr\/sl\/wp-json\/wp\/v2\/types\/page"}],"author":[{"embeddable":true,"href":"https:\/\/dizalica.hr\/sl\/wp-json\/wp\/v2\/users\/1"}],"replies":[{"embeddable":true,"href":"https:\/\/dizalica.hr\/sl\/wp-json\/wp\/v2\/comments?post=33231"}],"version-history":[{"count":1,"href":"https:\/\/dizalica.hr\/sl\/wp-json\/wp\/v2\/pages\/33231\/revisions"}],"predecessor-version":[{"id":33233,"href":"https:\/\/dizalica.hr\/sl\/wp-json\/wp\/v2\/pages\/33231\/revisions\/33233"}],"wp:attachment":[{"href":"https:\/\/dizalica.hr\/sl\/wp-json\/wp\/v2\/media?parent=33231"}],"curies":[{"name":"wp","href":"https:\/\/api.w.org\/{rel}","templated":true}]}}