{"id":32841,"date":"2026-04-27T00:56:15","date_gmt":"2026-04-26T22:56:15","guid":{"rendered":"https:\/\/dizalica.hr\/o-nas\/"},"modified":"2026-04-27T00:56:27","modified_gmt":"2026-04-26T22:56:27","slug":"o-nas","status":"publish","type":"page","link":"https:\/\/dizalica.hr\/sl\/o-nas\/","title":{"rendered":"O nas"},"content":{"rendered":"\t\t<div data-elementor-type=\"wp-page\" data-elementor-id=\"32841\" class=\"elementor elementor-32841 elementor-1900\" data-elementor-post-type=\"page\">\n\t\t\t\t<div class=\"elementor-element elementor-element-6ccec5db e-flex e-con-boxed e-con e-parent\" data-id=\"6ccec5db\" data-element_type=\"container\" data-e-type=\"container\">\n\t\t\t\t\t<div class=\"e-con-inner\">\n\t\t<div class=\"elementor-element elementor-element-363de7e e-con-full e-flex e-con e-child\" data-id=\"363de7e\" data-element_type=\"container\" data-e-type=\"container\">\n\t\t<div class=\"elementor-element elementor-element-10fbe3d e-con-full e-flex e-con e-child\" data-id=\"10fbe3d\" data-element_type=\"container\" data-e-type=\"container\">\n\t\t\t\t<div class=\"elementor-element elementor-element-c5e1824 elementor-widget elementor-widget-heading\" data-id=\"c5e1824\" data-element_type=\"widget\" data-e-type=\"widget\" data-widget_type=\"heading.default\">\n\t\t\t\t<div class=\"elementor-widget-container\">\n\t\t\t\t\t<h1 class=\"elementor-heading-title elementor-size-default\">O nas<\/h1>\t\t\t\t<\/div>\n\t\t\t\t<\/div>\n\t\t\t\t<div class=\"elementor-element elementor-element-f147359 elementor-widget elementor-widget-text-editor\" data-id=\"f147359\" data-element_type=\"widget\" data-e-type=\"widget\" data-widget_type=\"text-editor.default\">\n\t\t\t\t<div class=\"elementor-widget-container\">\n\t\t\t\t\t\t\t\t\t\n<p>Kot \u010dlanica <strong>GUTMAN<\/strong> skupine, Dizalica d.o.o. se ukvarja s proizvodnjo in prodajo sredstev za dvigovanje in vezanje bremen \u2013 od ro\u010dnih paletnih vili\u010darjev, prek ro\u010dnih in elektri\u010dnih dvigal, poliestrskih priveznic lastne proizvodnje, vse do mostnih in konzolnih dvigal.<\/p>\n\n<p>Podjetje je aktivno na hrva\u0161kem trgu od pomladi 2012. V okviru <a href=\"http:\/\/gutmanlifting.eu\/\" target=\"_blank\" rel=\"noopener\"><strong>GUTMAN<\/strong> skupine<\/a> vam nudimo mo\u010dno logisti\u010dno podporo, preverjeno kakovost in razpolo\u017eljive izdelke v centralnem skladi\u0161\u010du v vrednosti ve\u010d kot 1 milijon evrov. <\/p>\n\n<p>Vsi izdelki so proizvedeni in nadzorovani v skladu z dolo\u010dbami veljavnih zahodnoevropskih norm in predpisov, povezanih z skladnostjo izdelkov.<\/p>\n\n<p>Mati\u010dno podjetje H-ITB s sede\u017eem v Budimpe\u0161ti razpolaga s sodobnim preskusnim laboratorijem, na\u0161im kupcem pa je na voljo tudi mobilni preskusni laboratorij, ki omogo\u010da izvajanje periodi\u010dnih kontrolnih preskusov izdelkov v va\u0161em podjetju.<\/p>\n\n<p>Na\u0161e strokovno osebje vam zagotavlja najvi\u0161jo mo\u017eno raven kakovosti izdelkov in storitev.<br><br><strong>Ime podjetja:<\/strong> Dizalica d.o.o.<br><strong>Naslov<\/strong> (sede\u017e) podjetja: Slavonska avenija 22e<br><strong>E-po\u0161ta:<\/strong> kontakt@dizalica.hr<br><strong>Telefonska \u0161tevilka:<\/strong> +385 1 553 07 06<br><strong>Ban\u010dni ra\u010du<\/strong>n (IBAN) HR5723600001102281251<br><strong>Poslovna banka<\/strong> Zagreba\u010dka banka<br><strong>OIB<\/strong> 72989721952<br><strong>MBS\/MBO<\/strong>: 080798150<br>TS v Zagrebu \u0161tevilka Tt-12\/6117-5<br><strong>Osnovni kapital<\/strong> 2.500 EUR<br><strong>Uprava<\/strong>: Ferenc Toth<\/p>\n\t\t\t\t\t\t\t\t<\/div>\n\t\t\t\t<\/div>\n\t\t\t\t<\/div>\n\t\t<div class=\"elementor-element elementor-element-da07837 e-con-full e-flex e-con e-child\" data-id=\"da07837\" data-element_type=\"container\" data-e-type=\"container\">\n\t\t\t\t<div class=\"elementor-element elementor-element-27ceae9 link1 elementor-widget elementor-widget-global elementor-global-12498 elementor-widget-heading\" data-id=\"27ceae9\" data-element_type=\"widget\" data-e-type=\"widget\" data-widget_type=\"heading.default\">\n\t\t\t\t<div class=\"elementor-widget-container\">\n\t\t\t\t\t<div class=\"elementor-heading-title elementor-size-default\"><a href=\"https:\/\/dizalica.hr\/akcije\/\">Akcijska ponuda<\/a><\/div>\t\t\t\t<\/div>\n\t\t\t\t<\/div>\n\t\t\t\t<div class=\"elementor-element elementor-element-7f886f5 eael-product-grid-column-1 elementor-widget elementor-widget-global elementor-global-12501 elementor-widget-eicon-woocommerce\" data-id=\"7f886f5\" data-element_type=\"widget\" data-e-type=\"widget\" data-widget_type=\"eicon-woocommerce.default\">\n\t\t\t\t<div class=\"elementor-widget-container\">\n\t\t\t\t\t\n        <div class=\"eael-product-grid eael-product-reveal grid\" id=\"eael-product-grid\" data-widget-id=\"7f886f5\" data-page-id=\"32841\" data-nonce=\"5a2fc0e499\" >\n            <div class=\"woocommerce\">\n                <ul class=\"products eael-post-appender eael-post-appender-7f886f5\" data-ssi-desktop=\"no\" data-ssi-tablet=\"\" data-ssi-mobile=\"\" data-layout-mode=\"grid\"> <li class=\"product \">\n<div class=\"eael-product-wrap\" data-src=\"\" data-src-hover=\"\">\n    <a href=\"https:\/\/dizalica.hr\/sl\/poliestrske-priveznice\/neskoncne-krozne-zanke\/beskonacne-kruzne-priveznice-1t\/\" class=\"woocommerce-LoopProduct-link woocommerce-loop-product__link\"><img decoding=\"async\" width=\"150\" height=\"150\" src=\"https:\/\/dizalica.hr\/wp-content\/uploads\/xstore\/xstore-placeholder-1x1.png\" class=\"attachment-woocommerce_thumbnail size-woocommerce_thumbnail wvs-archive-product-image lazyload lazyload-simple et-lazyload-fadeIn\" alt=\"Beskona\u010dna priveznica 1T - ljubi\u010dasta kru\u017ena gurtna za podizanje\" loading=\"eager\" sizes=\"(max-width: 150px) 100vw, 150px\" data-src=\"https:\/\/dizalica.hr\/wp-content\/uploads\/2024\/11\/beskonacna-priveznica-1t-ljubicasta.jpg-150x150.avif\" data-srcset=\"https:\/\/dizalica.hr\/wp-content\/uploads\/2024\/11\/beskonacna-priveznica-1t-ljubicasta.jpg-150x150.avif 150w, https:\/\/dizalica.hr\/wp-content\/uploads\/2024\/11\/beskonacna-priveznica-1t-ljubicasta.jpg-300x300.avif 300w, https:\/\/dizalica.hr\/wp-content\/uploads\/2024\/11\/beskonacna-priveznica-1t-ljubicasta.jpg-1024x1024.avif 1024w, https:\/\/dizalica.hr\/wp-content\/uploads\/2024\/11\/beskonacna-priveznica-1t-ljubicasta.jpg-768x768.avif 768w, https:\/\/dizalica.hr\/wp-content\/uploads\/2024\/11\/beskonacna-priveznica-1t-ljubicasta.jpg-600x600.avif 600w, https:\/\/dizalica.hr\/wp-content\/uploads\/2024\/11\/beskonacna-priveznica-1t-ljubicasta.jpg-100x100.avif 100w, https:\/\/dizalica.hr\/wp-content\/uploads\/2024\/11\/beskonacna-priveznica-1t-ljubicasta.jpg-1x1.avif 1w, https:\/\/dizalica.hr\/wp-content\/uploads\/2024\/11\/beskonacna-priveznica-1t-ljubicasta.jpg-10x10.avif 10w, https:\/\/dizalica.hr\/wp-content\/uploads\/2024\/11\/beskonacna-priveznica-1t-ljubicasta.jpg.avif 1200w\" \/><\/a><div class=\"eael-product-title\">\n    <a href=\"https:\/\/dizalica.hr\/sl\/poliestrske-priveznice\/neskoncne-krozne-zanke\/beskonacne-kruzne-priveznice-1t\/\" class=\"woocommerce-LoopProduct-link woocommerce-loop-product__link\"><span class=\"woocommerce-loop-product__title\">Neskon\u010dna okrogla zanka 1 t, vijoli\u010dna, 1-8 m<\/span><\/a>\n    <\/div><div class=\"eael-star-rating star-rating\"><span style=\"width:0%\">Ocenjeno <strong class=\"rating\">0<\/strong> od 5<\/span><\/div><span class=\"onsale sale-preset-5 \">Akcija<\/span><div class=\"eael-product-price\">VPC: <del><span class=\"woocommerce-Price-amount amount\"><bdi>3,00&nbsp;<span class=\"woocommerce-Price-currencySymbol\">&euro;<\/span><\/bdi><\/span> \u2013 <span class=\"woocommerce-Price-amount amount\"><bdi>18,00&nbsp;<span class=\"woocommerce-Price-currencySymbol\">&euro;<\/span><\/bdi><\/span><\/del> <ins><span class=\"woocommerce-Price-amount amount\"><bdi>2,70&nbsp;<span class=\"woocommerce-Price-currencySymbol\">&euro;<\/span><\/bdi><\/span> \u2013 <span class=\"woocommerce-Price-amount amount\"><bdi>16,20&nbsp;<span class=\"woocommerce-Price-currencySymbol\">&euro;<\/span><\/bdi><\/span><\/ins><br><span style=\"font-size:80%;\">MPC: <del><span class=\"woocommerce-Price-amount amount\"><bdi>3,75&nbsp;<span class=\"woocommerce-Price-currencySymbol\">&euro;<\/span><\/bdi><\/span> \u2013 <span class=\"woocommerce-Price-amount amount\"><bdi>22,50&nbsp;<span class=\"woocommerce-Price-currencySymbol\">&euro;<\/span><\/bdi><\/span><\/del> <ins><span class=\"woocommerce-Price-amount amount\"><bdi>3,38&nbsp;<span class=\"woocommerce-Price-currencySymbol\">&euro;<\/span><\/bdi><\/span> \u2013 <span class=\"woocommerce-Price-amount amount\"><bdi>20,25&nbsp;<span class=\"woocommerce-Price-currencySymbol\">&euro;<\/span><\/bdi><\/span><\/ins><\/span><\/div>    <a href=\"https:\/\/dizalica.hr\/sl\/poliestrske-priveznice\/neskoncne-krozne-zanke\/beskonacne-kruzne-priveznice-1t\/\" aria-describedby=\"woocommerce_loop_add_to_cart_link_describedby_32964\" data-quantity=\"1\" class=\"button product_type_variable add_to_cart_button\" data-product_id=\"32964\" data-product_sku=\"\" aria-label=\"Izberite mo\u017enosti za &ldquo;Neskon\u010dna okrogla zanka 1 t, vijoli\u010dna, 1-8 m&rdquo;\" rel=\"nofollow\" data-product_name=\"Neskon\u010dna okrogla zanka 1 t, vijoli\u010dna, 1-8 m\">Odaberite opcije<\/a>\t<span id=\"woocommerce_loop_add_to_cart_link_describedby_32964\" class=\"screen-reader-text\">\n\t\tTa izdelek ima ve\u010d razli\u010dic. Mo\u017enosti lahko izberete na strani izdelka\t<\/span>\n    \n<\/div>\n\n<\/li><\/ul>            <div class=\"eael-load-more-button-wrap eael-force-hide\">\n                <button class=\"eael-load-more-button\" id=\"eael-load-more-btn-7f886f5\" data-widget-id=\"7f886f5\" data-widget=\"7f886f5\" data-page-id=\"32841\" data-template=\"{&quot;dir&quot;:&quot;lite&quot;,&quot;file_name&quot;:&quot;reveal.php&quot;,&quot;name&quot;:&quot;Eicon-Woocommerce&quot;}\" data-class=\"Essential_Addons_Elementor\\Elements\\Product_Grid\" data-layout=\"grid\" data-page=\"1\" data-args=\"post_type=product&amp;post_status%5B0%5D=publish&amp;post_status%5B1%5D=pending&amp;post_status%5B2%5D=future&amp;posts_per_page=1&amp;order=desc&amp;offset=0&amp;tax_query%5Brelation%5D=AND&amp;tax_query%5B0%5D%5Btaxonomy%5D=product_visibility&amp;tax_query%5B0%5D%5Bfield%5D=name&amp;tax_query%5B0%5D%5Bterms%5D%5B0%5D=exclude-from-search&amp;tax_query%5B0%5D%5Bterms%5D%5B1%5D=exclude-from-catalog&amp;tax_query%5B0%5D%5Boperator%5D=NOT+IN&amp;meta_query%5Brelation%5D=AND&amp;meta_query%5B0%5D%5Bkey%5D=_stock_status&amp;meta_query%5B0%5D%5Bvalue%5D=instock&amp;orderby=rand&amp;post__in%5B0%5D=0&amp;post__in%5B1%5D=2340&amp;post__in%5B2%5D=2341&amp;post__in%5B3%5D=2342&amp;post__in%5B4%5D=2343&amp;post__in%5B5%5D=2344&amp;post__in%5B6%5D=2345&amp;post__in%5B7%5D=2346&amp;post__in%5B8%5D=2404&amp;post__in%5B9%5D=2405&amp;post__in%5B10%5D=2406&amp;post__in%5B11%5D=2407&amp;post__in%5B12%5D=2408&amp;post__in%5B13%5D=2409&amp;post__in%5B14%5D=2410&amp;post__in%5B15%5D=2497&amp;post__in%5B16%5D=2987&amp;post__in%5B17%5D=2988&amp;post__in%5B18%5D=2990&amp;post__in%5B19%5D=2991&amp;post__in%5B20%5D=2992&amp;post__in%5B21%5D=2993&amp;post__in%5B22%5D=2994&amp;post__in%5B23%5D=2995&amp;post__in%5B24%5D=2996&amp;post__in%5B25%5D=2997&amp;post__in%5B26%5D=2998&amp;post__in%5B27%5D=2999&amp;post__in%5B28%5D=3000&amp;post__in%5B29%5D=3001&amp;post__in%5B30%5D=3744&amp;post__in%5B31%5D=3839&amp;post__in%5B32%5D=3848&amp;post__in%5B33%5D=3923&amp;post__in%5B34%5D=4003&amp;post__in%5B35%5D=5924&amp;post__in%5B36%5D=5957&amp;post__in%5B37%5D=5985&amp;post__in%5B38%5D=5987&amp;post__in%5B39%5D=5992&amp;post__in%5B40%5D=6024&amp;post__in%5B41%5D=6025&amp;post__in%5B42%5D=30318&amp;post__in%5B43%5D=32969&amp;post__in%5B44%5D=32970&amp;post__in%5B45%5D=32971&amp;post__in%5B46%5D=32972&amp;post__in%5B47%5D=32973&amp;post__in%5B48%5D=32974&amp;post__in%5B49%5D=32975&amp;post__in%5B50%5D=32984&amp;post__in%5B51%5D=32985&amp;post__in%5B52%5D=32986&amp;post__in%5B53%5D=32987&amp;post__in%5B54%5D=32988&amp;post__in%5B55%5D=32989&amp;post__in%5B56%5D=32990&amp;post__in%5B57%5D=33692&amp;post__in%5B58%5D=33693&amp;post__in%5B59%5D=33694&amp;post__in%5B60%5D=33695&amp;post__in%5B61%5D=33696&amp;post__in%5B62%5D=33697&amp;post__in%5B63%5D=33698&amp;post__in%5B64%5D=33947&amp;post__in%5B65%5D=33972&amp;post__in%5B66%5D=34233&amp;post__in%5B67%5D=34282&amp;post__in%5B68%5D=35221&amp;post__in%5B69%5D=35222&amp;post__in%5B70%5D=835&amp;post__in%5B71%5D=824&amp;post__in%5B72%5D=2495&amp;post__in%5B73%5D=2986&amp;post__in%5B74%5D=3743&amp;post__in%5B75%5D=3834&amp;post__in%5B76%5D=3843&amp;post__in%5B77%5D=4001&amp;post__in%5B78%5D=5944&amp;post__in%5B79%5D=5983&amp;post__in%5B80%5D=6017&amp;post__in%5B81%5D=32964&amp;post__in%5B82%5D=32979&amp;post__in%5B83%5D=33690&amp;post__in%5B84%5D=33942&amp;post__in%5B85%5D=34231&amp;post__in%5B86%5D=35315&amp;total_post=7\" data-max-page=\"7\">\n                    <span class=\"eael-btn-loader button__loader\"><\/span>\n                    <span class=\"eael_load_more_text\"><\/span>\n                <\/button>\n            <\/div>\n                        <\/div>\n        <\/div>\n\n        <script type=\"text\/javascript\">\n            jQuery(document).ready(function($) {\n                var $scope = jQuery(\".elementor-element-7f886f5\");\n                var $products = $('.products', $scope);\n                var $layout_mode = $products.data('layout-mode');\n                \n                if ( $layout_mode === 'masonry' ) {\n                    \/\/ init isotope\n                    var $isotope_products = $products.isotope({\n                        itemSelector: \"li.product\",\n                        layoutMode: $layout_mode,\n                        percentPosition: true\n                    });\n\n                    $isotope_products.imagesLoaded().progress( function() {\n                        $isotope_products.isotope('layout');\n                    })\n                    \n                }\n            });\n        <\/script>\n        \t\t\t\t<\/div>\n\t\t\t\t<\/div>\n\t\t\t\t<\/div>\n\t\t\t\t<\/div>\n\t\t\t\t\t<\/div>\n\t\t\t\t<\/div>\n\t\t\t\t<\/div>\n\t\t","protected":false},"excerpt":{"rendered":"<p>O nas Kot \u010dlanica GUTMAN skupine, Dizalica d.o.o. se ukvarja s proizvodnjo in prodajo sredstev za dvigovanje in vezanje bremen \u2013 od ro\u010dnih paletnih vili\u010darjev,&#8230;<\/p>\n","protected":false},"author":1,"featured_media":0,"parent":0,"menu_order":0,"comment_status":"closed","ping_status":"closed","template":"","meta":{"footnotes":""},"class_list":["post-32841","page","type-page","status-publish","hentry"],"_links":{"self":[{"href":"https:\/\/dizalica.hr\/sl\/wp-json\/wp\/v2\/pages\/32841","targetHints":{"allow":["GET"]}}],"collection":[{"href":"https:\/\/dizalica.hr\/sl\/wp-json\/wp\/v2\/pages"}],"about":[{"href":"https:\/\/dizalica.hr\/sl\/wp-json\/wp\/v2\/types\/page"}],"author":[{"embeddable":true,"href":"https:\/\/dizalica.hr\/sl\/wp-json\/wp\/v2\/users\/1"}],"replies":[{"embeddable":true,"href":"https:\/\/dizalica.hr\/sl\/wp-json\/wp\/v2\/comments?post=32841"}],"version-history":[{"count":0,"href":"https:\/\/dizalica.hr\/sl\/wp-json\/wp\/v2\/pages\/32841\/revisions"}],"wp:attachment":[{"href":"https:\/\/dizalica.hr\/sl\/wp-json\/wp\/v2\/media?parent=32841"}],"curies":[{"name":"wp","href":"https:\/\/api.w.org\/{rel}","templated":true}]}}