{"id":39028,"date":"2023-02-09T13:21:17","date_gmt":"2023-02-09T13:21:17","guid":{"rendered":"https:\/\/dizalica.hr\/nekategorizirano\/zurrgurt-fur-lasten-8t-mit-schlaufen-blau-240mm-2-8m\/"},"modified":"2026-05-11T16:29:00","modified_gmt":"2026-05-11T14:29:00","slug":"zurrgurt-fur-lasten-8t-mit-schlaufen-blau-240mm-2-8m","status":"publish","type":"product","link":"https:\/\/dizalica.hr\/de\/hebebaender\/schlaufenbaender\/zurrgurt-fur-lasten-8t-mit-schlaufen-blau-240mm-2-8m\/","title":{"rendered":"Zurrgurt f\u00fcr Lasten 8t mit Schlaufen, blau, 240mm, 2-8m"},"content":{"rendered":"\t\t<div data-elementor-type=\"product-post\" data-elementor-id=\"39028\" class=\"elementor elementor-39028 elementor-831\" data-elementor-post-type=\"product\">\n\t\t\t\t<div class=\"elementor-element elementor-element-105bfe22 e-flex e-con-boxed e-con e-parent\" data-id=\"105bfe22\" data-element_type=\"container\" data-e-type=\"container\">\n\t\t\t\t\t<div class=\"e-con-inner\">\n\t\t<div class=\"elementor-element elementor-element-891bcea e-con-full e-flex e-con e-child\" data-id=\"891bcea\" data-element_type=\"container\" data-e-type=\"container\">\n\t\t\t\t<div class=\"elementor-element elementor-element-7f3266a elementor-widget elementor-widget-text-editor\" data-id=\"7f3266a\" data-element_type=\"widget\" data-e-type=\"widget\" data-widget_type=\"text-editor.default\">\n\t\t\t\t<div class=\"elementor-widget-container\">\n\t\t\t\t\t\t\t\t\t<div class=\"nabrajanje\">\n<p class=\"font-claude-response-body break-words whitespace-normal leading-[1.7]\">H\u00e4ufige Anwendungen dieses Zurrgurts f\u00fcr das Heben von Lasten umfassen das Heben von Transformatoren mit einem Gewicht von 6\u20137 Tonnen, die Installation von Industriekesseln sowie Komponenten im Schiffbau.<\/p>\n<p class=\"font-claude-response-body break-words whitespace-normal leading-[1.7]\">Bei dieser Tragf\u00e4higkeit ist jeder Hebevorgang ein im Voraus geplantes Projekt mit schriftlichem Anschlagplan, Anwesenheit eines \u00fcberwachenden Ingenieurs und strengen Kommunikationsprotokollen. Die U-Konfiguration erm\u00f6glicht das Heben von bis zu 16 Tonnen, was nahezu der Kapazit\u00e4t des <a class=\"link1\"  href=\"https:\/\/dizalica.hr\/de\/hebebaender\/schlaufenbaender\/zurrgurt-fur-lasten-10t-mit-schlaufen-orange-300mm-2-8m\/\">10t-Zurrgurts<\/a> entspricht.<\/p>\n<\/div>\t\t\t\t\t\t\t\t<\/div>\n\t\t\t\t<\/div>\n\t\t\t\t<div class=\"elementor-element elementor-element-3900bae elementor-widget elementor-widget-text-editor\" data-id=\"3900bae\" data-element_type=\"widget\" data-e-type=\"widget\" data-widget_type=\"text-editor.default\">\n\t\t\t\t<div class=\"elementor-widget-container\">\n\t\t\t\t\t\t\t\t\t<div class=\"nabrajanje\"><h2>Spezialisierte Ausr\u00fcstung f\u00fcr Megaprojekte<\/h2><p>Ein Zurrgurt mit 8 t Tragf\u00e4higkeit ist eine Ausr\u00fcstung, die h\u00f6chste Fachkompetenz und sorgf\u00e4ltige Vorbereitung erfordert. Im Gegensatz zu Zurrgurten mit geringerer Kapazit\u00e4t, die von Bedienern mit grundlegenden Zertifikaten verwendet werden k\u00f6nnen, setzt der 8-t-Zurrgurt eine fortgeschrittene Schulung und umfassende Erfahrung im Heben voraus.<\/p><h2>Wichtige Anwendungsbereiche<\/h2><h3>Br\u00fcckenbau und Infrastruktur<\/h3><p>Heben von vorgefertigten Betontr\u00e4gern f\u00fcr Br\u00fccken, Stahltr\u00e4gern mit gro\u00dfen Spannweiten sowie Betonelementen. Bei diesen Eins\u00e4tzen arbeitet der 8-t-Zurrgurt h\u00e4ufig im Tandem mit Portalkranen mit einer Tragf\u00e4higkeit von 15\u201330 Tonnen und <a class=\"link1\" href=\"https:\/\/dizalica.hr\/de\/kranbahnen-portale-traversen\/hebebalken-traversen\/\">speziell f\u00fcr Megakonstruktionen entwickelten Krantraversen<\/a>.<\/p><h3>Energie- und Industrieanlagen<\/h3><p>Montage von gro\u00dfen Transformatoren (5\u20137 Tonnen), Industriekesseln, Druckbeh\u00e4ltern und Turbogeneratoren. F\u00fcr ein vollst\u00e4ndiges Hebesystem werden zus\u00e4tzlich <a class=\"link1\" href=\"https:\/\/dizalica.hr\/de\/kranwaagen\/\">Kranwaagen<\/a> mit einer Mindesttragf\u00e4higkeit von 10 t ben\u00f6tigt, um die Last vor dem Heben pr\u00e4zise zu messen.<\/p><h3>Schiffbau<\/h3><p>Montage von Schiffsmotoren mit einem Gewicht von 6\u20137,5 Tonnen, Rumpfteilen f\u00fcr gro\u00dfe Schiffe sowie schwerer Decksausr\u00fcstung. Bei solchen Eins\u00e4tzen wird h\u00e4ufig eine Kombination aus <a class=\"link1\" href=\"https:\/\/dizalica.hr\/de\/hebebaender\/schlaufenbaender\/\">Zurrgurten f\u00fcr andere Gewichtsklassen<\/a> verwendet, um die Position zu balancieren und zu kontrollieren.<\/p><h3>Windkraftanlagen<\/h3><p>Installation von Komponenten f\u00fcr Windturbinen \u2013 Rotor, Gondel, Turmsegmente. Aufgrund der H\u00f6he und der Windbelastung erfordern diese Arbeiten eine Kombination aus Zurrgurten f\u00fcr geringere Lasten und <a class=\"link1\" href=\"https:\/\/dizalica.hr\/de\/mobile-arbeitsplattformen\/\">Arbeitsb\u00fchnen<\/a> f\u00fcr einen sicheren Zugang der Bediener.<\/p><\/div>\t\t\t\t\t\t\t\t<\/div>\n\t\t\t\t<\/div>\n\t\t\t\t<div class=\"elementor-element elementor-element-97c9952 elementor-widget elementor-widget-text-editor\" data-id=\"97c9952\" data-element_type=\"widget\" data-e-type=\"widget\" data-widget_type=\"text-editor.default\">\n\t\t\t\t<div class=\"elementor-widget-container\">\n\t\t\t\t\t\t\t\t\t<h2 class=\"nabrajanje\">Verpflichtende Voraussetzungen f\u00fcr die Nutzung<\/h2><div class=\"nabrajanje\">Zertifizierung des Personals<\/div><div class=\"nabrajanje\">Die Bediener m\u00fcssen Zertifikate besitzen f\u00fcr:<ul><li>Arbeiten mit Hebeausr\u00fcstung \u00fcber 5 Tonnen<\/li><li>Fortgeschrittene Anschlagtechniken f\u00fcr Lasten<\/li><li>Arbeiten in der H\u00f6he (h\u00e4ufig vorgeschrieben)<\/li><li>Notfallverfahren<\/li><\/ul><\/div>\t\t\t\t\t\t\t\t<\/div>\n\t\t\t\t<\/div>\n\t\t\t\t<div class=\"elementor-element elementor-element-a74d3c0 elementor-widget elementor-widget-text-editor\" data-id=\"a74d3c0\" data-element_type=\"widget\" data-e-type=\"widget\" data-widget_type=\"text-editor.default\">\n\t\t\t\t<div class=\"elementor-widget-container\">\n\t\t\t\t\t\t\t\t\t<div class=\"nabrajanje\"><h2>Zus\u00e4tzliche Ausr\u00fcstung<\/h2><p>Ein Zurrgurt 8t arbeitet nie allein \u2013 ein vollst\u00e4ndiges \u00d6kosystem ist erforderlich:<\/p><ul><li><a class=\"link1\" href=\"https:\/\/dizalica.hr\/de\/aufhaenge-systeme\/\">Anschlagmittel-Sets mit Hebeklemmen<\/a> mit einer Mindesttragf\u00e4higkeit von 10t<\/li><li><a class=\"link1\" href=\"https:\/\/dizalica.hr\/de\/hebebaender\/schutz-fuer-hebebaender\/\">Schutzh\u00fcllen und Kantenschoner<\/a> zum Schutz vor scharfen Kanten<\/li><li><a class=\"link1\" href=\"https:\/\/dizalica.hr\/de\/kranbahnen-portale-traversen\/\">Kran-Ausr\u00fcstung: Wand- oder S\u00e4ulenschwenkkrane<\/a> mit entsprechender Tragf\u00e4higkeit<\/li><li><a class=\"link1\" href=\"https:\/\/dizalica.hr\/rucne-elektricne-dizalice\/elektricne-lancane-dizalice\/lancana-dizalica-er2-do-20t-nosivosti\/\">Elektrische Hebezeuge mit mindestens 10t Kapazit\u00e4t<\/a><\/li><\/ul><\/div>\t\t\t\t\t\t\t\t<\/div>\n\t\t\t\t<\/div>\n\t\t\t\t<div class=\"elementor-element elementor-element-4e9cdf4 elementor-widget elementor-widget-text-editor\" data-id=\"4e9cdf4\" data-element_type=\"widget\" data-e-type=\"widget\" data-widget_type=\"text-editor.default\">\n\t\t\t\t<div class=\"elementor-widget-container\">\n\t\t\t\t\t\t\t\t\t<div class=\"nabrajanje\"><h2>Planung komplexer Hebeoperationen<\/h2><p>F\u00fcr jede Operation mit einem Zurrgurt 8t wird ein detaillierter Rigging-Plan erstellt, der Folgendes umfasst:<\/p><h3>Lastanalyse<\/h3><p>Gewicht (best\u00e4tigt durch Wiegen), Schwerpunkt, Anschlagpunkte, Material und Oberfl\u00e4chenempfindlichkeit.<\/p><h3>Auswahl der Ausr\u00fcstung<\/h3><p>Der Zurrgurt 8t wird h\u00e4ufig mit anderen Tragf\u00e4higkeiten kombiniert. Beispiel: Hauptanschlagpunkt Zurrgurt 8t, Stabilisatoren Zurrgurte 3t, F\u00fchrungen Zurrgurte 2t.<\/p><h3>Bewegungsweg<\/h3><p>Simulation des gesamten Hebevorgangs, \u00dcberpr\u00fcfung auf Kollisionen mit umliegender Ausr\u00fcstung, Definition von Sicherheitszonen.<\/p><h3>Notfallplan<\/h3><p>Vorgehensweise bei Ausfall der Ausr\u00fcstung, Blockierung der Last, extremen Wetterbedingungen.<\/p><\/div>\t\t\t\t\t\t\t\t<\/div>\n\t\t\t\t<\/div>\n\t\t\t\t<\/div>\n\t\t<div class=\"elementor-element elementor-element-28f4e80 e-con-full e-flex e-con e-child\" data-id=\"28f4e80\" data-element_type=\"container\" data-e-type=\"container\">\n\t\t\t\t<div class=\"elementor-element elementor-element-2af3a93 elementor-widget elementor-widget-heading\" data-id=\"2af3a93\" data-element_type=\"widget\" data-e-type=\"widget\" data-widget_type=\"heading.default\">\n\t\t\t\t<div class=\"elementor-widget-container\">\n\t\t\t\t\t<h2 class=\"elementor-heading-title elementor-size-default\">Spanngurt f\u00fcr Lasten 8t mit Schlaufen \u2013 Technische Daten Tabelle<\/h2>\t\t\t\t<\/div>\n\t\t\t\t<\/div>\n\t\t\t\t<div class=\"elementor-element elementor-element-3e2b9730 elementor-widget elementor-widget-text-editor\" data-id=\"3e2b9730\" data-element_type=\"widget\" data-e-type=\"widget\" data-widget_type=\"text-editor.default\">\n\t\t\t\t<div class=\"elementor-widget-container\">\n\t\t\t\t\t\t\t\t\t<div class=\"table-wrap\"><table class=\"styled-table\" role=\"table\" aria-label=\"Eigenschaften des Zurrgurts WLL 8000kg\"><thead><tr><th scope=\"col\">Eigenschaft<\/th><th scope=\"col\">Wert<\/th><\/tr><\/thead><tbody><tr><td>Tragf\u00e4higkeit WLL<\/td><td>8000 kg (8T)<\/td><\/tr><tr><td>Identifikationsfarbe<\/td><td>Dunkelblau<\/td><\/tr><tr><td>Gurtbreite<\/td><td>240 mm<\/td><\/tr><tr><td>Verf\u00fcgbare L\u00e4ngen<\/td><td>2m, 3m, 4m, 5m, 6m, 8m<\/td><\/tr><tr><td>Material<\/td><td>100% Polyester (PES)<\/td><\/tr><tr><td>Zugfestigkeit<\/td><td>650-800 N\/mm\u00b2<\/td><\/tr><tr><td>Sicherheitsfaktor<\/td><td>1:7<\/td><\/tr><tr><td>Bruchkraft<\/td><td>56000 kg (56T)<\/td><\/tr><tr><td>Dehnung bei Bruch<\/td><td>~12%<\/td><\/tr><tr><td>Feuchtigkeitsaufnahme<\/td><td>0,4%<\/td><\/tr><tr><td>Schmelzpunkt<\/td><td>260\u00b0C<\/td><\/tr><tr><td>Arbeitstemperatur<\/td><td>-40\u00b0C bis +100\u00b0C<\/td><\/tr><tr><td>Zertifizierungsstandard<\/td><td>EN 1492-1<\/td><\/tr><tr><td>ID-Kennzeichnung<\/td><td>ID 800<\/td><\/tr><tr><td>Schlaufentyp<\/td><td>Doppelt verst\u00e4rkte Schlaufe<\/td><\/tr><tr><td>Gewicht<\/td><td>1,6 &#8211; 12,8 kg (je nach L\u00e4nge)<\/td><\/tr><\/tbody><\/table><\/div>\t\t\t\t\t\t\t\t<\/div>\n\t\t\t\t<\/div>\n\t\t\t\t<div class=\"elementor-element elementor-element-b472154 elementor-widget elementor-widget-heading\" data-id=\"b472154\" data-element_type=\"widget\" data-e-type=\"widget\" data-widget_type=\"heading.default\">\n\t\t\t\t<div class=\"elementor-widget-container\">\n\t\t\t\t\t<h2 class=\"elementor-heading-title elementor-size-default\">Tragf\u00e4higkeitstabelle je nach Verwendungsart<\/h2>\t\t\t\t<\/div>\n\t\t\t\t<\/div>\n\t\t\t\t<div class=\"elementor-element elementor-element-66b5ec3 elementor-widget elementor-widget-text-editor\" data-id=\"66b5ec3\" data-element_type=\"widget\" data-e-type=\"widget\" data-widget_type=\"text-editor.default\">\n\t\t\t\t<div class=\"elementor-widget-container\">\n\t\t\t\t\t\t\t\t\t<div class=\"table-wrap\">\n<table class=\"styled-table\" role=\"table\" aria-label=\"Tragf\u00e4higkeit je nach Anwendungsart\">\n<thead>\n<tr>\n<th scope=\"col\">Anwendungsart<\/th>\n<th scope=\"col\">Tragf\u00e4higkeit (kg)<\/th>\n<th scope=\"col\">Faktor<\/th>\n<th scope=\"col\">Hinweis<\/th>\n<\/tr>\n<\/thead>\n<tbody>\n<tr>\n<td>Gerade vertikal<\/td>\n<td>8000<\/td>\n<td>1,0<\/td>\n<td>Optimale Konfiguration<\/td>\n<\/tr>\n<tr>\n<td>Schlinge (Choke)<\/td>\n<td>6400<\/td>\n<td>0,8<\/td>\n<td>Deutlicher Verlust<\/td>\n<\/tr>\n<tr>\n<td>Winkel 45-60\u00b0<\/td>\n<td>8000 pro Gurt<\/td>\n<td>1,0<\/td>\n<td>Gesamtkraft 9240-11320 kg<\/td>\n<\/tr>\n<tr>\n<td>U-Konfiguration<\/td>\n<td>16000 gesamt<\/td>\n<td>2,0<\/td>\n<td>Entspricht ca. 10t Gurt<\/td>\n<\/tr>\n<tr>\n<td>Winkel 7-45\u00b0<\/td>\n<td>11200 pro Gurt<\/td>\n<td>1,4<\/td>\n<td>Maximale Effizienz<\/td>\n<\/tr>\n<\/tbody>\n<\/table>\n<\/div>\t\t\t\t\t\t\t\t<\/div>\n\t\t\t\t<\/div>\n\t\t\t\t<\/div>\n\t\t\t\t\t<\/div>\n\t\t\t\t<\/div>\n\t\t<div class=\"elementor-element elementor-element-fe38a30 e-con-full e-flex e-con e-child\" data-id=\"fe38a30\" data-element_type=\"container\" data-e-type=\"container\">\n\t\t\t\t<div class=\"elementor-element elementor-element-77a9f88 elementor-widget elementor-widget-heading\" data-id=\"77a9f88\" data-element_type=\"widget\" data-e-type=\"widget\" data-widget_type=\"heading.default\">\n\t\t\t\t<div class=\"elementor-widget-container\">\n\t\t\t\t\t<div class=\"elementor-heading-title elementor-size-default\">Sind Sie unsicher, welchen Zurrgurt mit Schlaufen zum Heben von Lasten Sie ausw\u00e4hlen sollen?<\/div>\t\t\t\t<\/div>\n\t\t\t\t<\/div>\n\t\t\t\t<div class=\"elementor-element elementor-element-f4f4ecf elementor-widget elementor-widget-text-editor\" data-id=\"f4f4ecf\" data-element_type=\"widget\" data-e-type=\"widget\" data-widget_type=\"text-editor.default\">\n\t\t\t\t<div class=\"elementor-widget-container\">\n\t\t\t\t\t\t\t\t\t<p style=\"text-align: center;\">Sehen Sie sich den detaillierten Vergleich aller Zurrgurte mit Schlaufen an und w\u00e4hlen Sie das Modell, das am besten zu Ihren Anforderungen passt.<\/p>\t\t\t\t\t\t\t\t<\/div>\n\t\t\t\t<\/div>\n\t\t\t\t<div class=\"elementor-element elementor-element-c08ea45 elementor-align-center elementor-widget elementor-widget-text_button\" data-id=\"c08ea45\" data-element_type=\"widget\" data-e-type=\"widget\" data-widget_type=\"text_button.default\">\n\t\t\t\t<div class=\"elementor-widget-container\">\n\t\t\t\t\t<div class=\"etheme-button-wrapper\"><a href=\"https:\/\/dizalica.hr\/de\/hebebaender\/schlaufenbaender\/#usporedba\" class=\"fill-top has-fill etheme-text-button elementor-button\" role=\"button\">\n        <span class=\"elementor-button-content-wrapper\">\n                        <span class=\"elementor-button-icon animation-background_ltr\">\n                <svg aria-hidden=\"true\" class=\"e-font-icon-svg e-fab-buromobelexperte\" viewBox=\"0 0 448 512\" xmlns=\"http:\/\/www.w3.org\/2000\/svg\"><path d=\"M0 32v128h128V32H0zm120 120H8V40h112v112zm40-120v128h128V32H160zm120 120H168V40h112v112zm40-120v128h128V32H320zm120 120H328V40h112v112zM0 192v128h128V192H0zm120 120H8V200h112v112zm40-120v128h128V192H160zm120 120H168V200h112v112zm40-120v128h128V192H320zm120 120H328V200h112v112zM0 352v128h128V352H0zm120 120H8V360h112v112zm40-120v128h128V352H160zm120 120H168V360h112v112zm40-120v128h128V352H320z\"><\/path><\/svg>            <\/span>\n        \n\t\t\t<span class=\"elementor-button-text\">Vergleich von Zurrgurten mit Schlaufen<\/span>\n\n            \n            \n        <\/span><\/a><\/div>\t\t\t\t<\/div>\n\t\t\t\t<\/div>\n\t\t\t\t<\/div>\n\t\t\t\t<\/div>\n\t\t","protected":false},"excerpt":{"rendered":"<p>Dunkelblauer Zurrgurt f\u00fcr Lasten mit einer Tragf\u00e4higkeit von 8 Tonnen geh\u00f6rt zur spezialisierten Ausr\u00fcstung f\u00fcr extreme Anwendungen, bei denen herk\u00f6mmliche industrielle Zurrgurte nicht mehr ausreichen. Die Gurtbreite von 240 mm erf\u00fcllt spezifische Anforderungen beim Handling von Megakonstruktionen.<\/p>\n<p style=\"color: white; background-color: white; font-size: 14px;\">Zurrgurte mit Schlaufen, Rundschlingen, Bandzurrgurte.<\/p>\n","protected":false},"featured_media":30587,"comment_status":"open","ping_status":"closed","template":"","meta":[],"etheme_brands":[],"product_brand":[],"product_cat":[906,487],"product_tag":[469],"class_list":{"0":"post-39028","1":"product","2":"type-product","3":"status-publish","4":"has-post-thumbnail","6":"product_cat-schlaufenbaender-01","7":"product_cat-hebebaender-01","8":"product_tag-schwere-industrielle-hebevorgange","9":"product_shipping_class-lieferung","11":"first","12":"instock","13":"taxable","14":"shipping-taxable","15":"purchasable","16":"product-type-variable","17":"has-default-attributes"},"_links":{"self":[{"href":"https:\/\/dizalica.hr\/de\/wp-json\/wp\/v2\/product\/39028","targetHints":{"allow":["GET"]}}],"collection":[{"href":"https:\/\/dizalica.hr\/de\/wp-json\/wp\/v2\/product"}],"about":[{"href":"https:\/\/dizalica.hr\/de\/wp-json\/wp\/v2\/types\/product"}],"replies":[{"embeddable":true,"href":"https:\/\/dizalica.hr\/de\/wp-json\/wp\/v2\/comments?post=39028"}],"version-history":[{"count":0,"href":"https:\/\/dizalica.hr\/de\/wp-json\/wp\/v2\/product\/39028\/revisions"}],"wp:featuredmedia":[{"embeddable":true,"href":"https:\/\/dizalica.hr\/de\/wp-json\/wp\/v2\/media\/30587"}],"wp:attachment":[{"href":"https:\/\/dizalica.hr\/de\/wp-json\/wp\/v2\/media?parent=39028"}],"wp:term":[{"taxonomy":"brand","embeddable":true,"href":"https:\/\/dizalica.hr\/de\/wp-json\/wp\/v2\/etheme_brands?post=39028"},{"taxonomy":"product_brand","embeddable":true,"href":"https:\/\/dizalica.hr\/de\/wp-json\/wp\/v2\/product_brand?post=39028"},{"taxonomy":"product_cat","embeddable":true,"href":"https:\/\/dizalica.hr\/de\/wp-json\/wp\/v2\/product_cat?post=39028"},{"taxonomy":"product_tag","embeddable":true,"href":"https:\/\/dizalica.hr\/de\/wp-json\/wp\/v2\/product_tag?post=39028"}],"curies":[{"name":"wp","href":"https:\/\/api.w.org\/{rel}","templated":true}]}}