{"id":39026,"date":"2023-02-09T13:00:18","date_gmt":"2023-02-09T11:00:18","guid":{"rendered":"https:\/\/dizalica.hr\/unkategorisiert\/spanngurt-fuer-lasten-6t-mit-schlaufen-braun-180mm-2-8m\/"},"modified":"2026-05-11T16:28:47","modified_gmt":"2026-05-11T14:28:47","slug":"spanngurt-fuer-lasten-6t-mit-schlaufen-braun-180mm-2-8m","status":"publish","type":"product","link":"https:\/\/dizalica.hr\/de\/hebebaender\/schlaufenbaender\/spanngurt-fuer-lasten-6t-mit-schlaufen-braun-180mm-2-8m\/","title":{"rendered":"Spanngurt f\u00fcr Lasten 6t mit Schlaufen, braun, 180mm, 2-8m"},"content":{"rendered":"\t\t<div data-elementor-type=\"product-post\" data-elementor-id=\"39026\" class=\"elementor elementor-39026 elementor-832\" data-elementor-post-type=\"product\">\n\t\t\t\t<div class=\"elementor-element elementor-element-1624b272 e-flex e-con-boxed e-con e-parent\" data-id=\"1624b272\" data-element_type=\"container\" data-e-type=\"container\">\n\t\t\t\t\t<div class=\"e-con-inner\">\n\t\t<div class=\"elementor-element elementor-element-993274c e-con-full e-flex e-con e-child\" data-id=\"993274c\" data-element_type=\"container\" data-e-type=\"container\">\n\t\t\t\t<div class=\"elementor-element elementor-element-3fba8df elementor-widget elementor-widget-text-editor\" data-id=\"3fba8df\" data-element_type=\"widget\" data-e-type=\"widget\" data-widget_type=\"text-editor.default\">\n\t\t\t\t<div class=\"elementor-widget-container\">\n\t\t\t\t\t\t\t\t\t<div class=\"nabrajanje\"><p>Der Zurrgurt f\u00fcr Lasten mit 6 t Tragf\u00e4higkeit wird in Gro\u00dfprojekten eingesetzt, bei denen Lasten im Bereich von 4 bis 5,5 Tonnen bewegt werden, beispielsweise bei Infrastrukturarbeiten mit massiver Ausr\u00fcstung sowie bei spezialisierten industriellen Montagen. Der Sicherheitsfaktor von 1:7 gew\u00e4hrleistet eine Bruchfestigkeit von 42 Tonnen.<\/p><p>Es ist entscheidend zu verstehen, dass bei dieser Tragf\u00e4higkeit die Fehlermargen minimal sind. Jeder Gurt muss vor dem Einsatz einer strengen Inspektion unterzogen werden, und die Bediener m\u00fcssen f\u00fcr den Umgang mit schwerem Ger\u00e4t zertifiziert sein.<\/p><\/div>\t\t\t\t\t\t\t\t<\/div>\n\t\t\t\t<\/div>\n\t\t\t\t<div class=\"elementor-element elementor-element-9438c2e elementor-widget elementor-widget-text-editor\" data-id=\"9438c2e\" data-element_type=\"widget\" data-e-type=\"widget\" data-widget_type=\"text-editor.default\">\n\t\t\t\t<div class=\"elementor-widget-container\">\n\t\t\t\t\t\t\t\t\t<h2 class=\"nabrajanje\">Ausr\u00fcstung f\u00fcr h\u00f6chste industrielle Anforderungen<\/h2><div class=\"nabrajanje\">Der Zurrgurt 6t geh\u00f6rt zur Kategorie der spezialisierten Ausr\u00fcstung f\u00fcr extreme Anwendungen, bei denen Zurrgurte mit geringerer Tragf\u00e4higkeit nicht mehr praktikabel sind. Die Gurtbreite von 180 mm ist das Ergebnis spezifischer Anforderungen beim Handling von Megakonstruktionen, bei denen die Kontaktfl\u00e4che maximal sein muss, um \u00fcberm\u00e4\u00dfigen Druck auf die Last zu vermeiden.<\/div>\t\t\t\t\t\t\t\t<\/div>\n\t\t\t\t<\/div>\n\t\t\t\t<div class=\"elementor-element elementor-element-a9ab61a elementor-widget elementor-widget-text-editor\" data-id=\"a9ab61a\" data-element_type=\"widget\" data-e-type=\"widget\" data-widget_type=\"text-editor.default\">\n\t\t\t\t<div class=\"elementor-widget-container\">\n\t\t\t\t\t\t\t\t\t<h2>Typische Anwendungen von Zurrgurten 6t f\u00fcr das Heben von Lasten<\/h2>\n<h3>Gro\u00dfprojekte im Infrastrukturbereich<\/h3>\n<p>Montage von <a class=\"link1\" href=\"https:\/\/dizalica.hr\/de\/kranbahnen-portale-traversen\/wage-hebeklemmen\/\">Br\u00fcckenkonstruktionen<\/a>, Installation gro\u00dfer Transformatoren, schwere Industriekessel. Bei solchen Projekten werden h\u00e4ufig Zurrgurte mit unterschiedlichen Tragf\u00e4higkeiten kombiniert \u2013 w\u00e4hrend der 6t Zurrgurt die Hauptlast tr\u00e4gt, k\u00f6nnen <a class=\"link1\" href=\"https:\/\/dizalica.hr\/de\/hebebaender\/schlaufenbaender\/zurrgurt-fuer-lasten-4t-mit-schlaufen-grau-120mm-2-8m\/\">4t Zurrgurte<\/a> zur Stabilisierung und zum Ausbalancieren eingesetzt werden.<\/p>\n<h3>Schiffbau und Marinas<\/h3>\n<p>Heben von Schiffsmotoren, Rumpfteilen und schwerer Decksausr\u00fcstung. In diesem Bereich ersetzen 6t Zurrgurte Stahlseile, die in salzhaltiger Umgebung schnell korrodieren. F\u00fcr leichtere Komponenten k\u00f6nnen Werften auch <a class=\"link1\" href=\"https:\/\/dizalica.hr\/de\/hebebaender\/schlaufenbaender\/gurtband-fur-last-3t-mit-schlaufen-gelb-90-mm-1-8-m\/\">3t Zurrgurte<\/a> verwenden.<\/p>\n<h3>Schwere Fertigungsindustrie<\/h3>\n<p>Montage von Gro\u00dfpressen, gro\u00dfen Spritzgussmaschinen und Bearbeitungszentren f\u00fcr die Luftfahrtindustrie. In diesem Segment wird die Ausr\u00fcstung h\u00e4ufig mit <a class=\"link1\" href=\"https:\/\/dizalica.hr\/de\/hebezeuge\/elektrokettenzuege\/\">elektrischen Kettenz\u00fcgen<\/a> mit entsprechender Tragf\u00e4higkeit bewegt.<\/p>\n<h3>Energiesektor<\/h3>\n<p>Installation von Windturbinen, gro\u00dfformatiger Solartechnik und Druckbeh\u00e4ltern. Zur Komplettierung der Hebesysteme werden auch <a class=\"link1\" href=\"https:\/\/dizalica.hr\/de\/kranbahnen-portale-traversen\/hebebalken-traversen\/\">Krantraversen mit angepasster Tragf\u00e4higkeit<\/a> eingesetzt.<\/p>\t\t\t\t\t\t\t\t<\/div>\n\t\t\t\t<\/div>\n\t\t\t\t<div class=\"elementor-element elementor-element-5c8fc28 elementor-widget elementor-widget-text-editor\" data-id=\"5c8fc28\" data-element_type=\"widget\" data-e-type=\"widget\" data-widget_type=\"text-editor.default\">\n\t\t\t\t<div class=\"elementor-widget-container\">\n\t\t\t\t\t\t\t\t\t<h2 class=\"nabrajanje\">Sicherheitsprotokolle und Normen<\/h2><div class=\"nabrajanje\"><p>Beim Einsatz eines 6t Zurrgurts sind strengere Sicherheitsprotokolle erforderlich als bei herk\u00f6mmlichen <a class=\"link1\" href=\"https:\/\/dizalica.hr\/de\/hebebaender\/schlaufenbaender\/\">Zurrgurten f\u00fcr das Heben<\/a>. Vor jedem Hebevorgang wird ein detaillierter Anschlagplan erstellt, der Folgendes spezifiziert:<\/p><ul><li>Positionen aller Zurrgurte an der Last<\/li><li>Hebewinkel (entscheidend f\u00fcr die korrekte Lastberechnung)<\/li><li>Ablauf der Arbeitsschritte<\/li><li>Sicherheitszonen und gesperrte Zugangsbereiche<\/li><li>Kommunikationsprotokolle zwischen Bedienpersonal und Bodenmannschaft<\/li><\/ul><\/div>\t\t\t\t\t\t\t\t<\/div>\n\t\t\t\t<\/div>\n\t\t\t\t<div class=\"elementor-element elementor-element-0cab417 elementor-widget elementor-widget-text-editor\" data-id=\"0cab417\" data-element_type=\"widget\" data-e-type=\"widget\" data-widget_type=\"text-editor.default\">\n\t\t\t\t<div class=\"elementor-widget-container\">\n\t\t\t\t\t\t\t\t\t<h2>Zubeh\u00f6r und Ausr\u00fcstung f\u00fcr Zurrgurte 6t<\/h2><p>F\u00fcr maximalen Schutz und eine l\u00e4ngere Lebensdauer Ihrer 6t Zurrgurte empfiehlt sich die <a class=\"link1\" href=\"https:\/\/dizalica.hr\/de\/lkw-zubehoer\/kantenschutz-fur-zurrgurte\/schutz-fur-zurrgurte-und-anschlagmittel-verschleisschutz-aus-verstarktem-pvc-50-240-mm\/\">Verwendung von Abriebschutzschl\u00e4uchen<\/a> an den Stellen, an denen der Zurrgurt mit scharfen Kanten in Kontakt kommt.<\/p><p>F\u00fcr komplexere Anwendungen, bei denen der Zurrgurt in Kombination mit Haken oder anderen Verbindungselementen eingesetzt wird, sind hochfeste <a class=\"link1\" href=\"https:\/\/dizalica.hr\/de\/aufhaenge-systeme\/schaekel\/\">Verbindungsglieder mit entsprechender Tragf\u00e4higkeit<\/a> erforderlich \u2013 mindestens 8t f\u00fcr einen sicheren Einsatz mit einem 6t Zurrgurt.<\/p>\t\t\t\t\t\t\t\t<\/div>\n\t\t\t\t<\/div>\n\t\t\t\t<div class=\"elementor-element elementor-element-25f3017 elementor-widget elementor-widget-text-editor\" data-id=\"25f3017\" data-element_type=\"widget\" data-e-type=\"widget\" data-widget_type=\"text-editor.default\">\n\t\t\t\t<div class=\"elementor-widget-container\">\n\t\t\t\t\t\t\t\t\t<h2>Wartung und Inspektion<\/h2><p>Das Inspektionsregime f\u00fcr den 6t Zurrgurt ist strenger als bei Gurten mit geringerer Tragf\u00e4higkeit:<\/p><h3>Vor jedem Einsatz<\/h3><p>Gr\u00fcndliche visuelle Kontrolle aller Teile des Zurrgurts, Messung der Breite an drei Punkten, \u00dcberpr\u00fcfung der Schlaufen mit einer Lupe, Test der Materialflexibilit\u00e4t.<\/p><h3>W\u00f6chentlich<\/h3><p>Dokumentierte Inspektion mit Fotos, \u00dcberpr\u00fcfung des Pr\u00fcfbuchs, Reinigung und Trocknung gem\u00e4\u00df Protokoll.<\/p><h3>Monatlich<\/h3><p>Eine fachkundige Person pr\u00fcft den Zurrgurt, erstellt einen Zustandsbericht und entscheidet \u00fcber die weitere Verwendung.<\/p><h3>Nach jeweils 100 Hebevorg\u00e4ngen<\/h3><p>Spezialisierte \u00dcberpr\u00fcfung, gegebenenfalls Laborpr\u00fcfung der Fasern, Re-Zertifizierung.<\/p><p>Zeigt der 6t Zurrgurt Anzeichen von Verschlei\u00df, muss er aus dem Betrieb genommen und durch einen neuen ersetzt werden. F\u00fcr weniger anspruchsvolle Anwendungen darf ein ausgemusterter Gurt nicht weiterverwendet werden \u2013 er muss entsorgt werden. Reduzieren Sie niemals die Klassifizierung des 6t Zurrgurts auf eine niedrigere Tragf\u00e4higkeit.<\/p>\t\t\t\t\t\t\t\t<\/div>\n\t\t\t\t<\/div>\n\t\t\t\t<\/div>\n\t\t<div class=\"elementor-element elementor-element-acaa0f3 e-con-full e-flex e-con e-child\" data-id=\"acaa0f3\" data-element_type=\"container\" data-e-type=\"container\">\n\t\t\t\t<div class=\"elementor-element elementor-element-1bc2bc4 elementor-widget elementor-widget-heading\" data-id=\"1bc2bc4\" data-element_type=\"widget\" data-e-type=\"widget\" data-widget_type=\"heading.default\">\n\t\t\t\t<div class=\"elementor-widget-container\">\n\t\t\t\t\t<h2 class=\"elementor-heading-title elementor-size-default\">Spanngurt f\u00fcr Lasten 6t mit Schlaufen \u2013 Technische Daten<\/h2>\t\t\t\t<\/div>\n\t\t\t\t<\/div>\n\t\t\t\t<div class=\"elementor-element elementor-element-56e0ea66 elementor-widget elementor-widget-text-editor\" data-id=\"56e0ea66\" data-element_type=\"widget\" data-e-type=\"widget\" data-widget_type=\"text-editor.default\">\n\t\t\t\t<div class=\"elementor-widget-container\">\n\t\t\t\t\t\t\t\t\t<div class=\"table-wrap\"><table class=\"styled-table\" role=\"table\" aria-label=\"Eigenschaften des Zurrgurts WLL 6000kg\"><thead><tr><th scope=\"col\">Eigenschaft<\/th><th scope=\"col\">Wert<\/th><\/tr><\/thead><tbody><tr><td>Tragf\u00e4higkeit WLL<\/td><td>6000 kg (6T)<\/td><\/tr><tr><td>Identifikationsfarbe<\/td><td>Braun<\/td><\/tr><tr><td>Gurtbreite<\/td><td>180 mm<\/td><\/tr><tr><td>Verf\u00fcgbare L\u00e4ngen<\/td><td>2m, 3m, 4m, 5m, 6m, 8m<\/td><\/tr><tr><td>Material<\/td><td>100% Polyester (PES)<\/td><\/tr><tr><td>Zugfestigkeit<\/td><td>650-800 N\/mm\u00b2<\/td><\/tr><tr><td>Sicherheitsfaktor<\/td><td>1:7<\/td><\/tr><tr><td>Bruchkraft<\/td><td>42000 kg (42T)<\/td><\/tr><tr><td>Dehnung beim Bruch<\/td><td>~12%<\/td><\/tr><tr><td>Feuchtigkeitsaufnahme<\/td><td>0,4%<\/td><\/tr><tr><td>Schmelzpunkt<\/td><td>260\u00b0C<\/td><\/tr><tr><td>Arbeitstemperatur<\/td><td>-40\u00b0C bis +100\u00b0C<\/td><\/tr><tr><td>Zertifizierungsstandard<\/td><td>EN 1492-1<\/td><\/tr><tr><td>ID-Kennzeichnung<\/td><td>ID 600<\/td><\/tr><tr><td>Schlaufentyp<\/td><td>Doppelt verst\u00e4rkte Schlaufe<\/td><\/tr><tr><td>Gewicht<\/td><td>1,2 &#8211; 9,6 kg (je nach L\u00e4nge)<\/td><\/tr><\/tbody><\/table><\/div>\t\t\t\t\t\t\t\t<\/div>\n\t\t\t\t<\/div>\n\t\t\t\t<div class=\"elementor-element elementor-element-341c14f elementor-widget elementor-widget-heading\" data-id=\"341c14f\" data-element_type=\"widget\" data-e-type=\"widget\" data-widget_type=\"heading.default\">\n\t\t\t\t<div class=\"elementor-widget-container\">\n\t\t\t\t\t<h2 class=\"elementor-heading-title elementor-size-default\">Tragf\u00e4higkeitstabelle je nach Verwendungsart<\/h2>\t\t\t\t<\/div>\n\t\t\t\t<\/div>\n\t\t\t\t<div class=\"elementor-element elementor-element-6fa82ba elementor-widget elementor-widget-text-editor\" data-id=\"6fa82ba\" data-element_type=\"widget\" data-e-type=\"widget\" data-widget_type=\"text-editor.default\">\n\t\t\t\t<div class=\"elementor-widget-container\">\n\t\t\t\t\t\t\t\t\t<div class=\"table-wrap\">\n<table class=\"styled-table\" role=\"table\" aria-label=\"Tragf\u00e4higkeit je nach Anwendungsart\">\n<thead>\n<tr>\n<th scope=\"col\">Anwendungsart<\/th>\n<th scope=\"col\">Tragf\u00e4higkeit (kg)<\/th>\n<th scope=\"col\">Faktor<\/th>\n<th scope=\"col\">Hinweis<\/th>\n<\/tr>\n<\/thead>\n<tbody>\n<tr>\n<td>Gerade vertikal<\/td>\n<td>6000<\/td>\n<td>1,0<\/td>\n<td>Standardanwendung<\/td>\n<\/tr>\n<tr>\n<td>Schlinge (Choke)<\/td>\n<td>4800<\/td>\n<td>0,8<\/td>\n<td>Reduzierung durch Biegung<\/td>\n<\/tr>\n<tr>\n<td>Winkel 45-60\u00b0<\/td>\n<td>6000 pro Gurt<\/td>\n<td>1,0<\/td>\n<td>Gesamtkraft gr\u00f6\u00dfer als die Last<\/td>\n<\/tr>\n<tr>\n<td>U-Konfiguration<\/td>\n<td>12000 gesamt<\/td>\n<td>2,0<\/td>\n<td>Nahe an 8t-Gurt Kapazit\u00e4t<\/td>\n<\/tr>\n<tr>\n<td>Winkel 7-45\u00b0<\/td>\n<td>8400 pro Gurt<\/td>\n<td>1,4<\/td>\n<td>Erh\u00f6hung durch Geometrie<\/td>\n<\/tr>\n<\/tbody>\n<\/table>\n<\/div>\t\t\t\t\t\t\t\t<\/div>\n\t\t\t\t<\/div>\n\t\t\t\t<\/div>\n\t\t\t\t\t<\/div>\n\t\t\t\t<\/div>\n\t\t<div class=\"elementor-element elementor-element-b784fe7 e-con-full e-flex e-con e-child\" data-id=\"b784fe7\" data-element_type=\"container\" data-e-type=\"container\">\n\t\t\t\t<div class=\"elementor-element elementor-element-985fb37 elementor-widget elementor-widget-heading\" data-id=\"985fb37\" data-element_type=\"widget\" data-e-type=\"widget\" data-widget_type=\"heading.default\">\n\t\t\t\t<div class=\"elementor-widget-container\">\n\t\t\t\t\t<div class=\"elementor-heading-title elementor-size-default\">Sind Sie unsicher, welchen Zurrgurt mit Schlaufen zum Heben von Lasten Sie w\u00e4hlen sollen?<\/div>\t\t\t\t<\/div>\n\t\t\t\t<\/div>\n\t\t\t\t<div class=\"elementor-element elementor-element-13a8e97 elementor-widget elementor-widget-text-editor\" data-id=\"13a8e97\" data-element_type=\"widget\" data-e-type=\"widget\" data-widget_type=\"text-editor.default\">\n\t\t\t\t<div class=\"elementor-widget-container\">\n\t\t\t\t\t\t\t\t\t<p style=\"text-align: center;\">Sehen Sie sich den detaillierten Vergleich aller Zurrgurte mit Schlaufen an und w\u00e4hlen Sie das Modell, das am besten zu Ihren Anforderungen passt.<\/p>\t\t\t\t\t\t\t\t<\/div>\n\t\t\t\t<\/div>\n\t\t\t\t<div class=\"elementor-element elementor-element-31bb585 elementor-align-center elementor-widget elementor-widget-text_button\" data-id=\"31bb585\" data-element_type=\"widget\" data-e-type=\"widget\" data-widget_type=\"text_button.default\">\n\t\t\t\t<div class=\"elementor-widget-container\">\n\t\t\t\t\t<div class=\"etheme-button-wrapper\"><a href=\"https:\/\/dizalica.hr\/de\/hebebaender\/schlaufenbaender\/#usporedba\" class=\"fill-top has-fill etheme-text-button elementor-button\" role=\"button\">\n        <span class=\"elementor-button-content-wrapper\">\n                        <span class=\"elementor-button-icon animation-background_ltr\">\n                <svg aria-hidden=\"true\" class=\"e-font-icon-svg e-fab-buromobelexperte\" viewBox=\"0 0 448 512\" xmlns=\"http:\/\/www.w3.org\/2000\/svg\"><path d=\"M0 32v128h128V32H0zm120 120H8V40h112v112zm40-120v128h128V32H160zm120 120H168V40h112v112zm40-120v128h128V32H320zm120 120H328V40h112v112zM0 192v128h128V192H0zm120 120H8V200h112v112zm40-120v128h128V192H160zm120 120H168V200h112v112zm40-120v128h128V192H320zm120 120H328V200h112v112zM0 352v128h128V352H0zm120 120H8V360h112v112zm40-120v128h128V352H160zm120 120H168V360h112v112zm40-120v128h128V352H320z\"><\/path><\/svg>            <\/span>\n        \n\t\t\t<span class=\"elementor-button-text\">Vergleich von Zurrgurten mit Schlaufen<\/span>\n\n            \n            \n        <\/span><\/a><\/div>\t\t\t\t<\/div>\n\t\t\t\t<\/div>\n\t\t\t\t<\/div>\n\t\t\t\t<\/div>\n\t\t","protected":false},"excerpt":{"rendered":"<p>Brauner Zurrgurt mit einer Tragf\u00e4higkeit von 6 Tonnen \u2013 optimale L\u00f6sung f\u00fcr h\u00f6chste industrielle Anforderungen, bei denen Standardkapazit\u00e4ten nicht ausreichen. Die Breite von 180 mm gew\u00e4hrleistet, dass auch bei extremen Belastungen der Fl\u00e4chendruck innerhalb sicherer Grenzen bleibt.<\/p>\n","protected":false},"featured_media":30583,"comment_status":"open","ping_status":"closed","template":"","meta":[],"etheme_brands":[],"product_brand":[],"product_cat":[906,487],"product_tag":[469],"class_list":{"0":"post-39026","1":"product","2":"type-product","3":"status-publish","4":"has-post-thumbnail","6":"product_cat-schlaufenbaender-01","7":"product_cat-hebebaender-01","8":"product_tag-schwere-industrielle-hebevorgange","9":"product_shipping_class-lieferung","11":"first","12":"instock","13":"taxable","14":"shipping-taxable","15":"purchasable","16":"product-type-variable","17":"has-default-attributes"},"_links":{"self":[{"href":"https:\/\/dizalica.hr\/de\/wp-json\/wp\/v2\/product\/39026","targetHints":{"allow":["GET"]}}],"collection":[{"href":"https:\/\/dizalica.hr\/de\/wp-json\/wp\/v2\/product"}],"about":[{"href":"https:\/\/dizalica.hr\/de\/wp-json\/wp\/v2\/types\/product"}],"replies":[{"embeddable":true,"href":"https:\/\/dizalica.hr\/de\/wp-json\/wp\/v2\/comments?post=39026"}],"version-history":[{"count":0,"href":"https:\/\/dizalica.hr\/de\/wp-json\/wp\/v2\/product\/39026\/revisions"}],"wp:featuredmedia":[{"embeddable":true,"href":"https:\/\/dizalica.hr\/de\/wp-json\/wp\/v2\/media\/30583"}],"wp:attachment":[{"href":"https:\/\/dizalica.hr\/de\/wp-json\/wp\/v2\/media?parent=39026"}],"wp:term":[{"taxonomy":"brand","embeddable":true,"href":"https:\/\/dizalica.hr\/de\/wp-json\/wp\/v2\/etheme_brands?post=39026"},{"taxonomy":"product_brand","embeddable":true,"href":"https:\/\/dizalica.hr\/de\/wp-json\/wp\/v2\/product_brand?post=39026"},{"taxonomy":"product_cat","embeddable":true,"href":"https:\/\/dizalica.hr\/de\/wp-json\/wp\/v2\/product_cat?post=39026"},{"taxonomy":"product_tag","embeddable":true,"href":"https:\/\/dizalica.hr\/de\/wp-json\/wp\/v2\/product_tag?post=39026"}],"curies":[{"name":"wp","href":"https:\/\/api.w.org\/{rel}","templated":true}]}}