{"id":37776,"date":"2026-05-06T18:33:12","date_gmt":"2026-05-06T16:33:12","guid":{"rendered":"https:\/\/dizalica.hr\/nekategorizirano\/laststutze\/"},"modified":"2026-05-09T12:59:08","modified_gmt":"2026-05-09T10:59:08","slug":"laststutze","status":"publish","type":"product","link":"https:\/\/dizalica.hr\/de\/lkw-zubehoer\/sperrstangen-ladebalken\/laststutze\/","title":{"rendered":"Lastst\u00fctze"},"content":{"rendered":"\t\t<div data-elementor-type=\"product-post\" data-elementor-id=\"37776\" class=\"elementor elementor-37776 elementor-2610\" data-elementor-post-type=\"product\">\n\t\t\t\t<div class=\"elementor-element elementor-element-7f88d447 e-flex e-con-boxed e-con e-parent\" data-id=\"7f88d447\" data-element_type=\"container\" data-e-type=\"container\">\n\t\t\t\t\t<div class=\"e-con-inner\">\n\t\t<div class=\"elementor-element elementor-element-3314201 e-con-full e-flex e-con e-child\" data-id=\"3314201\" data-element_type=\"container\" data-e-type=\"container\">\n\t\t\t\t<div class=\"elementor-element elementor-element-5ed9917 elementor-widget elementor-widget-text-editor\" data-id=\"5ed9917\" data-element_type=\"widget\" data-e-type=\"widget\" data-widget_type=\"text-editor.default\">\n\t\t\t\t<div class=\"elementor-widget-container\">\n\t\t\t\t\t\t\t\t\t<h2 class=\"nabrajanje\">Lastabst\u00fctze &#8211; Teleskopstabilisator 234-272 cm<\/h2><div class=\"nabrajanje\">Professionelle teleskopische Lastabst\u00fctze, entwickelt f\u00fcr eine schnelle und zuverl\u00e4ssige Stabilisierung von Ladung in Nutzfahrzeugen. Mit verstellbarer L\u00e4nge und robustem Stahlmechanismus ist diese Abst\u00fctze unverzichtbares Equipment f\u00fcr alle, die im Transport und in der Zustellung t\u00e4tig sind.<\/div>\t\t\t\t\t\t\t\t<\/div>\n\t\t\t\t<\/div>\n\t\t\t\t<div class=\"elementor-element elementor-element-da0c5d5 elementor-widget elementor-widget-text-editor\" data-id=\"da0c5d5\" data-element_type=\"widget\" data-e-type=\"widget\" data-widget_type=\"text-editor.default\">\n\t\t\t\t<div class=\"elementor-widget-container\">\n\t\t\t\t\t\t\t\t\t<div class=\"nabrajanje\">\n<h2>Wesentliche Vorteile<\/h2>\n<h3>Schnelle und einfache Montage<\/h3>\nVergessen Sie komplexe L\u00f6sungen und Zeitverlust. Dieser St\u00fctzelement wird dank des intuitiven Teleskopmechanismus in Sekundenschnelle montiert. Kein Werkzeug erforderlich, keine zus\u00e4tzlichen Anpassungen \u2013 einfach ausziehen, positionieren und dr\u00fccken.\n<h3>Sichere Fixierung mit Federmechanismus<\/h3>\nDer integrierte Federmechanismus gew\u00e4hrleistet w\u00e4hrend des gesamten Hebevorgangs einen konstanten Druck auf die Last. Selbst bei leichten Verschiebungen der Last durch Vibrationen h\u00e4lt die Feder den Druck aufrecht und verhindert ein Verrutschen.\n<h3>Gummif\u00fc\u00dfe f\u00fcr starken Halt<\/h3>\nSpeziell entwickelte Gummif\u00fc\u00dfe an beiden Enden des St\u00fctzelements bieten:\n<ul>\n \t<li>Hervorragenden Halt auf glatten Oberfl\u00e4chen<\/li>\n \t<li>Schutz vor Besch\u00e4digungen an Wand und Last<\/li>\n \t<li>Rutschfestigkeit unter allen Bedingungen<\/li>\n \t<li>Langlebigkeit ohne Verschlei\u00df<\/li>\n<\/ul>\n<\/div>\t\t\t\t\t\t\t\t<\/div>\n\t\t\t\t<\/div>\n\t\t\t\t<div class=\"elementor-element elementor-element-18745f8 elementor-widget elementor-widget-text-editor\" data-id=\"18745f8\" data-element_type=\"widget\" data-e-type=\"widget\" data-widget_type=\"text-editor.default\">\n\t\t\t\t<div class=\"elementor-widget-container\">\n\t\t\t\t\t\t\t\t\t<h2>F\u00fcr welche Arten von Lasten und Fahrzeugen ist dieser Lastst\u00fctzer ideal<\/h2><ul class=\"nabrajanje\"><li class=\"nabrajanje\"><strong>K\u00fchlfahrzeuge<\/strong> \u2013 Lebensmittel-, Blumen- und Pharma-Distribution<\/li><li class=\"nabrajanje\"><strong>Lkw<\/strong> \u2013 Paketlieferungen, Kurierdienste<\/li><li class=\"nabrajanje\"><strong>Transporter<\/strong> \u2013 lokale Distribution, Servicefahrzeuge<\/li><\/ul>\t\t\t\t\t\t\t\t<\/div>\n\t\t\t\t<\/div>\n\t\t\t\t<div class=\"elementor-element elementor-element-9efc61a elementor-widget elementor-widget-text-editor\" data-id=\"9efc61a\" data-element_type=\"widget\" data-e-type=\"widget\" data-widget_type=\"text-editor.default\">\n\t\t\t\t<div class=\"elementor-widget-container\">\n\t\t\t\t\t\t\t\t\t<h3>Empfohlene Lasttypen f\u00fcr den St\u00fctzer<\/h3><p>\u2713 Kartonagen, gestapelt auf Paletten<br \/>\u2713 S\u00e4cke mit Materialien (Lebensmittel, Baustoffe)<br \/>\u2713 Gleitsichere Verpackungen (Glasflaschen, Dosen)<br \/>\u2713 Leichte und mittelschwere Lasten<br \/>\u2713 Mehrlagige Lasten<\/p>\t\t\t\t\t\t\t\t<\/div>\n\t\t\t\t<\/div>\n\t\t\t\t<div class=\"elementor-element elementor-element-1da6c61 elementor-widget elementor-widget-text-editor\" data-id=\"1da6c61\" data-element_type=\"widget\" data-e-type=\"widget\" data-widget_type=\"text-editor.default\">\n\t\t\t\t<div class=\"elementor-widget-container\">\n\t\t\t\t\t\t\t\t\tKombinationen f\u00fcr maximale Sicherheit \u2013 f\u00fcr Lasten \u00fcber 500 kg empfehlen wir\n<ul class=\"nabrajanje\">\n \t<li>2-4 St\u00fctzen (abh\u00e4ngig von der Breite des Ladebereichs)<\/li>\n \t<li>Zus\u00e4tzliche <a class=\"link1\" href=\"https:\/\/dizalica.hr\/kamionski-program\/kamionske-gurtne\/\">Ladungssicherungs-Gurte f\u00fcr LKW<\/a> \u00fcber der Last<\/li>\n \t<li>Rutschhemmende Unterlagen<\/li>\n<\/ul>\t\t\t\t\t\t\t\t<\/div>\n\t\t\t\t<\/div>\n\t\t\t\t<div class=\"elementor-element elementor-element-f52cd63 elementor-widget elementor-widget-text-editor\" data-id=\"f52cd63\" data-element_type=\"widget\" data-e-type=\"widget\" data-widget_type=\"text-editor.default\">\n\t\t\t\t<div class=\"elementor-widget-container\">\n\t\t\t\t\t\t\t\t\t<div class=\"nabrajanje\"><h2>Wie wird eine Lastst\u00fctze korrekt positioniert?<\/h2><h3>Schritt 1: Vorbereitung<\/h3><ul><li>Stellen Sie sicher, dass der Laderaum sauber ist<\/li><li>Ordnen Sie die Last kompakt an der Vorderseite an<\/li><li>Vergewissern Sie sich, dass die Last die Fahrzeugh\u00f6he nicht \u00fcberschreitet<\/li><\/ul><h3>Schritt 2: Positionierung<\/h3><ul><li>Platzieren Sie ein Ende der Lastst\u00fctze auf dem Boden des Laderaums<\/li><li>L\u00f6sen Sie den Spannmechanismus und f\u00fchren Sie das andere Ende der Lastst\u00fctze zur Decke<\/li><li>Fixieren Sie die obere St\u00fctze mit dem Spannmechanismus an der Decke des Laderaums<\/li><\/ul><h3>Schritt 3: \u00dcberpr\u00fcfungen<\/h3><ul><li>Halten Sie nach den ersten Kilometern an und pr\u00fcfen Sie, ob die Lastst\u00fctzen noch sicher befestigt sind<\/li><li>Ziehen Sie die Lastst\u00fctze bei Bedarf nach<\/li><li>\u00dcberpr\u00fcfen Sie regelm\u00e4\u00dfig den Zustand der Lastst\u00fctzen und der Ladung w\u00e4hrend l\u00e4ngerer Fahrten<\/li><\/ul><\/div>\t\t\t\t\t\t\t\t<\/div>\n\t\t\t\t<\/div>\n\t\t\t\t<div class=\"elementor-element elementor-element-cb803ad elementor-widget elementor-widget-text-editor\" data-id=\"cb803ad\" data-element_type=\"widget\" data-e-type=\"widget\" data-widget_type=\"text-editor.default\">\n\t\t\t\t<div class=\"elementor-widget-container\">\n\t\t\t\t\t\t\t\t\t<div class=\"nabrajanje\"><h2>Wartung der Lastst\u00fctzen<\/h2><h3>Regelm\u00e4\u00dfige Reinigung<\/h3><ul><li>Verschmutzungen mit einem feuchten Tuch abwischen<\/li><li>R\u00fcckst\u00e4nde der Last von den Gummif\u00fc\u00dfen entfernen<\/li><li>Keine aggressiven chemischen Reinigungsmittel verwenden<\/li><\/ul><h3>Pr\u00fcfung vor jeder Verwendung<\/h3><ul><li>\u00dcberpr\u00fcfung der Gummif\u00fc\u00dfe (bei Abnutzung austauschen)<\/li><li>Kontrolle des Teleskopmechanismus<\/li><li>Federfunktion testen<\/li><\/ul><h3>Lagerung<\/h3><ul><li>Zusammengeklappter Zustand<\/li><li>Trockener Ort ohne direkte Sonneneinstrahlung<\/li><li>Vertikale Position oder h\u00e4ngend lagern<\/li><\/ul><\/div>\t\t\t\t\t\t\t\t<\/div>\n\t\t\t\t<\/div>\n\t\t\t\t<\/div>\n\t\t<div class=\"elementor-element elementor-element-f1d9d12 e-con-full e-flex e-con e-child\" data-id=\"f1d9d12\" data-element_type=\"container\" data-e-type=\"container\">\n\t\t\t\t<div class=\"elementor-element elementor-element-48557eae elementor-widget elementor-widget-text-editor\" data-id=\"48557eae\" data-element_type=\"widget\" data-e-type=\"widget\" data-widget_type=\"text-editor.default\">\n\t\t\t\t<div class=\"elementor-widget-container\">\n\t\t\t\t\t\t\t\t\t<div class=\"table-wrap\"><table class=\"styled-table\" role=\"table\" aria-label=\"Eigenschaften und Spezifikationen der Lastst\u00fctze\"><thead><tr><th scope=\"col\">Spezifikationen<\/th><th scope=\"col\">Lastst\u00fctze<\/th><\/tr><\/thead><tbody><tr><td>Hauptvorteil<\/td><td>Einfache und unkomplizierte Montage<\/td><\/tr><tr><td>Spann- und Einstellmechanismus<\/td><td>Stahlzahnr\u00e4der-Mechanismus<\/td><\/tr><tr><td>Anpassungsf\u00e4higkeit<\/td><td>L\u00e4nge von 234 cm bis 272 cm<\/td><\/tr><tr><td>Sicherheitsmerkmal<\/td><td>Integrierter Federmechanismus f\u00fcr sicheren Halt<\/td><\/tr><tr><td>Stabilit\u00e4tselement<\/td><td>Gummif\u00fc\u00dfe an den Enden f\u00fcr starken Halt<\/td><\/tr><\/tbody><tfoot><tr><td colspan=\"2\">Praktische L\u00f6sung zur sicheren Ladungssicherung in Anh\u00e4ngern und K\u00fchlfahrzeugen.<\/td><\/tr><\/tfoot><\/table><\/div>\t\t\t\t\t\t\t\t<\/div>\n\t\t\t\t<\/div>\n\t\t\t\t<div class=\"elementor-element elementor-element-76126d5 elementor-widget elementor-widget-text-editor\" data-id=\"76126d5\" data-element_type=\"widget\" data-e-type=\"widget\" data-widget_type=\"text-editor.default\">\n\t\t\t\t<div class=\"elementor-widget-container\">\n\t\t\t\t\t\t\t\t\t<h2>H\u00e4ufig gestellte Fragen<\/h2>\t\t\t\t\t\t\t\t<\/div>\n\t\t\t\t<\/div>\n\t\t\t\t<div class=\"elementor-element elementor-element-5d7d9a3 elementor-widget elementor-widget-n-accordion\" data-id=\"5d7d9a3\" data-element_type=\"widget\" data-e-type=\"widget\" data-settings=\"{&quot;default_state&quot;:&quot;all_collapsed&quot;,&quot;max_items_expended&quot;:&quot;one&quot;,&quot;n_accordion_animation_duration&quot;:{&quot;unit&quot;:&quot;ms&quot;,&quot;size&quot;:400,&quot;sizes&quot;:[]}}\" data-widget_type=\"nested-accordion.default\">\n\t\t\t\t<div class=\"elementor-widget-container\">\n\t\t\t\t\t\t\t<div class=\"e-n-accordion\" aria-label=\"Accordion. Open links with Enter or Space, close with Escape, and navigate with Arrow Keys\">\n\t\t\t\t\t\t<details id=\"e-n-accordion-item-9800\" class=\"e-n-accordion-item\" >\n\t\t\t\t<summary class=\"e-n-accordion-item-title\" data-accordion-index=\"1\" tabindex=\"0\" aria-expanded=\"false\" aria-controls=\"e-n-accordion-item-9800\" >\n\t\t\t\t\t<span class='e-n-accordion-item-title-header'><h3 class=\"e-n-accordion-item-title-text\"> Was ist das maximale Gewicht der Last, das ein einzelner St\u00fctzer halten kann? <\/h3><\/span>\n\t\t\t\t\t\t\t<span class='e-n-accordion-item-title-icon'>\n\t\t\t<span class='e-opened' ><svg aria-hidden=\"true\" class=\"e-font-icon-svg e-fas-minus\" viewBox=\"0 0 448 512\" xmlns=\"http:\/\/www.w3.org\/2000\/svg\"><path d=\"M416 208H32c-17.67 0-32 14.33-32 32v32c0 17.67 14.33 32 32 32h384c17.67 0 32-14.33 32-32v-32c0-17.67-14.33-32-32-32z\"><\/path><\/svg><\/span>\n\t\t\t<span class='e-closed'><svg aria-hidden=\"true\" class=\"e-font-icon-svg e-fas-plus\" viewBox=\"0 0 448 512\" xmlns=\"http:\/\/www.w3.org\/2000\/svg\"><path d=\"M416 208H272V64c0-17.67-14.33-32-32-32h-32c-17.67 0-32 14.33-32 32v144H32c-17.67 0-32 14.33-32 32v32c0 17.67 14.33 32 32 32h144v144c0 17.67 14.33 32 32 32h32c17.67 0 32-14.33 32-32V304h144c17.67 0 32-14.33 32-32v-32c0-17.67-14.33-32-32-32z\"><\/path><\/svg><\/span>\n\t\t<\/span>\n\n\t\t\t\t\t\t<\/summary>\n\t\t\t\t<div role=\"region\" aria-labelledby=\"e-n-accordion-item-9800\" class=\"elementor-element elementor-element-030d1e4 e-con-full e-flex e-con e-child\" data-id=\"030d1e4\" data-element_type=\"container\" data-e-type=\"container\">\n\t\t\t\t<div class=\"elementor-element elementor-element-7ecd2b2 elementor-widget elementor-widget-text-editor\" data-id=\"7ecd2b2\" data-element_type=\"widget\" data-e-type=\"widget\" data-widget_type=\"text-editor.default\">\n\t\t\t\t<div class=\"elementor-widget-container\">\n\t\t\t\t\t\t\t\t\t<div class=\"nabrajanje\">Ein St\u00fctze kann bis zu 150 daN (Dekanewton) tragen, was ungef\u00e4hr 150 kg gleichm\u00e4\u00dfig verteilter Last entspricht. F\u00fcr schwerere Lasten empfehlen wir den Einsatz mehrerer St\u00fctzen und zus\u00e4tzlicher Gurte.<\/div>\t\t\t\t\t\t\t\t<\/div>\n\t\t\t\t<\/div>\n\t\t\t\t<\/div>\n\t\t\t\t\t<\/details>\n\t\t\t\t\t\t<details id=\"e-n-accordion-item-9801\" class=\"e-n-accordion-item\" >\n\t\t\t\t<summary class=\"e-n-accordion-item-title\" data-accordion-index=\"2\" tabindex=\"-1\" aria-expanded=\"false\" aria-controls=\"e-n-accordion-item-9801\" >\n\t\t\t\t\t<span class='e-n-accordion-item-title-header'><h3 class=\"e-n-accordion-item-title-text\"> Kann die St\u00fctze auf unebenen Fl\u00e4chen verwendet werden? <\/h3><\/span>\n\t\t\t\t\t\t\t<span class='e-n-accordion-item-title-icon'>\n\t\t\t<span class='e-opened' ><svg aria-hidden=\"true\" class=\"e-font-icon-svg e-fas-minus\" viewBox=\"0 0 448 512\" xmlns=\"http:\/\/www.w3.org\/2000\/svg\"><path d=\"M416 208H32c-17.67 0-32 14.33-32 32v32c0 17.67 14.33 32 32 32h384c17.67 0 32-14.33 32-32v-32c0-17.67-14.33-32-32-32z\"><\/path><\/svg><\/span>\n\t\t\t<span class='e-closed'><svg aria-hidden=\"true\" class=\"e-font-icon-svg e-fas-plus\" viewBox=\"0 0 448 512\" xmlns=\"http:\/\/www.w3.org\/2000\/svg\"><path d=\"M416 208H272V64c0-17.67-14.33-32-32-32h-32c-17.67 0-32 14.33-32 32v144H32c-17.67 0-32 14.33-32 32v32c0 17.67 14.33 32 32 32h144v144c0 17.67 14.33 32 32 32h32c17.67 0 32-14.33 32-32V304h144c17.67 0 32-14.33 32-32v-32c0-17.67-14.33-32-32-32z\"><\/path><\/svg><\/span>\n\t\t<\/span>\n\n\t\t\t\t\t\t<\/summary>\n\t\t\t\t<div role=\"region\" aria-labelledby=\"e-n-accordion-item-9801\" class=\"elementor-element elementor-element-e5aadc4 e-con-full e-flex e-con e-child\" data-id=\"e5aadc4\" data-element_type=\"container\" data-e-type=\"container\">\n\t\t\t\t<div class=\"elementor-element elementor-element-fc7eebb elementor-widget elementor-widget-text-editor\" data-id=\"fc7eebb\" data-element_type=\"widget\" data-e-type=\"widget\" data-widget_type=\"text-editor.default\">\n\t\t\t\t<div class=\"elementor-widget-container\">\n\t\t\t\t\t\t\t\t\t<div class=\"nabrajanje\">Gummif\u00fc\u00dfe erm\u00f6glichen den Halt auf kleineren Unebenheiten, f\u00fcr optimale Ergebnisse empfehlen wir jedoch glatte Oberfl\u00e4chen. Bei stark unebenen Fl\u00e4chen verwenden Sie zus\u00e4tzliche Unterlagen.<\/div>\t\t\t\t\t\t\t\t<\/div>\n\t\t\t\t<\/div>\n\t\t\t\t<\/div>\n\t\t\t\t\t<\/details>\n\t\t\t\t\t\t<details id=\"e-n-accordion-item-9802\" class=\"e-n-accordion-item\" >\n\t\t\t\t<summary class=\"e-n-accordion-item-title\" data-accordion-index=\"3\" tabindex=\"-1\" aria-expanded=\"false\" aria-controls=\"e-n-accordion-item-9802\" >\n\t\t\t\t\t<span class='e-n-accordion-item-title-header'><h3 class=\"e-n-accordion-item-title-text\"> Muss die Feder speziell eingestellt werden? <\/h3><\/span>\n\t\t\t\t\t\t\t<span class='e-n-accordion-item-title-icon'>\n\t\t\t<span class='e-opened' ><svg aria-hidden=\"true\" class=\"e-font-icon-svg e-fas-minus\" viewBox=\"0 0 448 512\" xmlns=\"http:\/\/www.w3.org\/2000\/svg\"><path d=\"M416 208H32c-17.67 0-32 14.33-32 32v32c0 17.67 14.33 32 32 32h384c17.67 0 32-14.33 32-32v-32c0-17.67-14.33-32-32-32z\"><\/path><\/svg><\/span>\n\t\t\t<span class='e-closed'><svg aria-hidden=\"true\" class=\"e-font-icon-svg e-fas-plus\" viewBox=\"0 0 448 512\" xmlns=\"http:\/\/www.w3.org\/2000\/svg\"><path d=\"M416 208H272V64c0-17.67-14.33-32-32-32h-32c-17.67 0-32 14.33-32 32v144H32c-17.67 0-32 14.33-32 32v32c0 17.67 14.33 32 32 32h144v144c0 17.67 14.33 32 32 32h32c17.67 0 32-14.33 32-32V304h144c17.67 0 32-14.33 32-32v-32c0-17.67-14.33-32-32-32z\"><\/path><\/svg><\/span>\n\t\t<\/span>\n\n\t\t\t\t\t\t<\/summary>\n\t\t\t\t<div role=\"region\" aria-labelledby=\"e-n-accordion-item-9802\" class=\"elementor-element elementor-element-6336902 e-con-full e-flex e-con e-child\" data-id=\"6336902\" data-element_type=\"container\" data-e-type=\"container\">\n\t\t\t\t<div class=\"elementor-element elementor-element-3d635c0 elementor-widget elementor-widget-text-editor\" data-id=\"3d635c0\" data-element_type=\"widget\" data-e-type=\"widget\" data-widget_type=\"text-editor.default\">\n\t\t\t\t<div class=\"elementor-widget-container\">\n\t\t\t\t\t\t\t\t\t<div class=\"nabrajanje\">Nein, die Feder ist werkseitig auf das optimale Gewicht eingestellt. Sie m\u00fcssen lediglich die St\u00fctze auf die gew\u00fcnschte L\u00e4nge herausziehen und an der vorgesehenen Stelle einrasten.<\/div>\t\t\t\t\t\t\t\t<\/div>\n\t\t\t\t<\/div>\n\t\t\t\t<\/div>\n\t\t\t\t\t<\/details>\n\t\t\t\t\t\t<details id=\"e-n-accordion-item-9803\" class=\"e-n-accordion-item\" >\n\t\t\t\t<summary class=\"e-n-accordion-item-title\" data-accordion-index=\"4\" tabindex=\"-1\" aria-expanded=\"false\" aria-controls=\"e-n-accordion-item-9803\" >\n\t\t\t\t\t<span class='e-n-accordion-item-title-header'><h3 class=\"e-n-accordion-item-title-text\"> Wie viele St\u00fctzen ben\u00f6tige ich f\u00fcr einen 3m\u00b3 Transporter? <\/h3><\/span>\n\t\t\t\t\t\t\t<span class='e-n-accordion-item-title-icon'>\n\t\t\t<span class='e-opened' ><svg aria-hidden=\"true\" class=\"e-font-icon-svg e-fas-minus\" viewBox=\"0 0 448 512\" xmlns=\"http:\/\/www.w3.org\/2000\/svg\"><path d=\"M416 208H32c-17.67 0-32 14.33-32 32v32c0 17.67 14.33 32 32 32h384c17.67 0 32-14.33 32-32v-32c0-17.67-14.33-32-32-32z\"><\/path><\/svg><\/span>\n\t\t\t<span class='e-closed'><svg aria-hidden=\"true\" class=\"e-font-icon-svg e-fas-plus\" viewBox=\"0 0 448 512\" xmlns=\"http:\/\/www.w3.org\/2000\/svg\"><path d=\"M416 208H272V64c0-17.67-14.33-32-32-32h-32c-17.67 0-32 14.33-32 32v144H32c-17.67 0-32 14.33-32 32v32c0 17.67 14.33 32 32 32h144v144c0 17.67 14.33 32 32 32h32c17.67 0 32-14.33 32-32V304h144c17.67 0 32-14.33 32-32v-32c0-17.67-14.33-32-32-32z\"><\/path><\/svg><\/span>\n\t\t<\/span>\n\n\t\t\t\t\t\t<\/summary>\n\t\t\t\t<div role=\"region\" aria-labelledby=\"e-n-accordion-item-9803\" class=\"elementor-element elementor-element-a02ca1a e-con-full e-flex e-con e-child\" data-id=\"a02ca1a\" data-element_type=\"container\" data-e-type=\"container\">\n\t\t\t\t<div class=\"elementor-element elementor-element-64951ce elementor-widget elementor-widget-text-editor\" data-id=\"64951ce\" data-element_type=\"widget\" data-e-type=\"widget\" data-widget_type=\"text-editor.default\">\n\t\t\t\t<div class=\"elementor-widget-container\">\n\t\t\t\t\t\t\t\t\t<div class=\"nabrajanje\">F\u00fcr einen Standard-Kombi mit 3 m\u00b3 empfehlen wir 2-3 St\u00fctzen. Zwei an den Seiten zur seitlichen Stabilisierung und eine in der Mitte, wenn Sie mehrere Lasten transportieren.<\/div>\t\t\t\t\t\t\t\t<\/div>\n\t\t\t\t<\/div>\n\t\t\t\t<\/div>\n\t\t\t\t\t<\/details>\n\t\t\t\t\t<\/div>\n\t\t\t\t\t\t<\/div>\n\t\t\t\t<\/div>\n\t\t\t\t<\/div>\n\t\t\t\t\t<\/div>\n\t\t\t\t<\/div>\n\t\t\t\t<\/div>\n\t\t","protected":false},"excerpt":{"rendered":"<p>St\u00fctze f\u00fcr K\u00fchlr\u00e4ume (Lasten) mit einem Stahlzahnradsystem zur Spannvorrichtung erm\u00f6glicht eine einfache und unkomplizierte Montage. Die verstellbare L\u00e4nge von 234 bis 272 cm, die sichere Fixierung dank des integrierten Federmechanismus sowie der starke Halt durch Gummif\u00fc\u00dfe an den Enden gew\u00e4hrleisten eine zuverl\u00e4ssige Anwendung.<\/p>\n","protected":false},"featured_media":30946,"comment_status":"open","ping_status":"closed","template":"","meta":[],"etheme_brands":[{"term_id":42,"name":"Gutman","slug":"gutman","term_group":0,"term_taxonomy_id":42,"taxonomy":"brand","description":"","parent":0,"count":346,"filter":"raw","term_order":"0"}],"product_brand":[],"product_cat":[642,641],"product_tag":[],"class_list":{"0":"post-37776","1":"product","2":"type-product","3":"status-publish","4":"has-post-thumbnail","6":"brand-gutman","7":"product_cat-sperrstangen-ladebalken-01","8":"product_cat-lkw-zubehoer-01","9":"product_shipping_class-dostava","11":"first","12":"instock","13":"taxable","14":"shipping-taxable","15":"purchasable","16":"product-type-simple"},"_links":{"self":[{"href":"https:\/\/dizalica.hr\/de\/wp-json\/wp\/v2\/product\/37776","targetHints":{"allow":["GET"]}}],"collection":[{"href":"https:\/\/dizalica.hr\/de\/wp-json\/wp\/v2\/product"}],"about":[{"href":"https:\/\/dizalica.hr\/de\/wp-json\/wp\/v2\/types\/product"}],"replies":[{"embeddable":true,"href":"https:\/\/dizalica.hr\/de\/wp-json\/wp\/v2\/comments?post=37776"}],"version-history":[{"count":0,"href":"https:\/\/dizalica.hr\/de\/wp-json\/wp\/v2\/product\/37776\/revisions"}],"wp:featuredmedia":[{"embeddable":true,"href":"https:\/\/dizalica.hr\/de\/wp-json\/wp\/v2\/media\/30946"}],"wp:attachment":[{"href":"https:\/\/dizalica.hr\/de\/wp-json\/wp\/v2\/media?parent=37776"}],"wp:term":[{"taxonomy":"brand","embeddable":true,"href":"https:\/\/dizalica.hr\/de\/wp-json\/wp\/v2\/etheme_brands?post=37776"},{"taxonomy":"product_brand","embeddable":true,"href":"https:\/\/dizalica.hr\/de\/wp-json\/wp\/v2\/product_brand?post=37776"},{"taxonomy":"product_cat","embeddable":true,"href":"https:\/\/dizalica.hr\/de\/wp-json\/wp\/v2\/product_cat?post=37776"},{"taxonomy":"product_tag","embeddable":true,"href":"https:\/\/dizalica.hr\/de\/wp-json\/wp\/v2\/product_tag?post=37776"}],"curies":[{"name":"wp","href":"https:\/\/api.w.org\/{rel}","templated":true}]}}