{"id":37759,"date":"2026-05-06T17:58:20","date_gmt":"2026-05-06T15:58:20","guid":{"rendered":"https:\/\/dizalica.hr\/nekategorizirano\/dreistrangige-polyester-hebeband-anschlagset-gurt-mit-sicherungshaken-21-168t-1-8m\/"},"modified":"2026-05-09T12:59:13","modified_gmt":"2026-05-09T10:59:13","slug":"dreistrangige-polyester-hebeband-anschlagset-gurt-mit-sicherungshaken-21-168t-1-8m","status":"publish","type":"product","link":"https:\/\/dizalica.hr\/de\/aufhaenge-systeme\/polyester-gehaenge\/dreistrangige-polyester-hebeband-anschlagset-gurt-mit-sicherungshaken-21-168t-1-8m\/","title":{"rendered":"Dreistr\u00e4ngige Polyester-Hebeband, Anschlagset \u2013 Gurt mit Sicherungshaken 2,1-16,8t, 1-8m"},"content":{"rendered":"\t\t<div data-elementor-type=\"product-post\" data-elementor-id=\"37759\" class=\"elementor elementor-37759 elementor-3221\" data-elementor-post-type=\"product\">\n\t\t\t\t<div class=\"elementor-element elementor-element-9a49914 e-flex e-con-boxed e-con e-parent\" data-id=\"9a49914\" data-element_type=\"container\" data-e-type=\"container\">\n\t\t\t\t\t<div class=\"e-con-inner\">\n\t\t<div class=\"elementor-element elementor-element-1b031fa e-con-full e-flex e-con e-child\" data-id=\"1b031fa\" data-element_type=\"container\" data-e-type=\"container\">\n\t\t\t\t<div class=\"elementor-element elementor-element-612abc2 elementor-widget elementor-widget-text-editor\" data-id=\"612abc2\" data-element_type=\"widget\" data-e-type=\"widget\" data-widget_type=\"text-editor.default\">\n\t\t\t\t<div class=\"elementor-widget-container\">\n\t\t\t\t\t\t\t\t\t<h2>Dreipunkt-Gurtband \u2013 Drei Anschlagpunkte f\u00fcr gro\u00dfe und schwere Lasten<\/h2>\n\n<p>Das dreistr\u00e4ngige Polyester-Hebeband mit Sicherungshaken ist f\u00fcr gro\u00dfe, schwere und unregelm\u00e4\u00dfige Lasten von 2,1 bis 16,8 Tonnen konzipiert, bei denen <a href=\"https:\/\/dizalica.hr\/ovjesni-kompleti\/poliesterski-kompleti\/dvokrake-poliesterske-priveznice-kuka-s-osiguracem-khg\/\" class=\"link1\">zweistr\u00e4ngige Hebeb\u00e4nder<\/a> nicht mehr ausreichen. Die drei Str\u00e4nge bilden ein stabiles Dreieck, das eine ausgezeichnete Balance gew\u00e4hrleistet und ein Kippen selbst bei asymmetrischen Lasten verhindert. Diese Konfiguration ist ideal f\u00fcr den Schiffbau, die Schwerindustrie, das Heben gro\u00dfer Betonelemente, Transformatoren, schwerer Maschinen und unregelm\u00e4\u00dfig geformter Ausr\u00fcstungen. Die Tragf\u00e4higkeit von bis zu 16,8 Tonnen deckt die anspruchsvollsten industriellen Anforderungen ab und sch\u00fctzt empfindliche Oberfl\u00e4chen, was Ketten nicht bieten k\u00f6nnen.<\/p>\n\n<p>Der Sicherungshaken an allen drei Haken bietet maximale Sicherheit bei langanhaltenden Eins\u00e4tzen \u2013 Montage, Positionierung oder Arbeiten in der H\u00f6he. Die Sicherung muss manuell ge\u00f6ffnet werden, wodurch ein unbeabsichtigtes \u00d6ffnen durch Vibrationen oder St\u00f6\u00dfe verhindert wird. F\u00fcr Anwendungen, bei denen Sie denselben Lasttyp mehr als 20 Mal t\u00e4glich heben und schnellere Zyklen w\u00fcnschen, empfehlen wir das <a href=\"https:\/\/dizalica.hr\/ovjesni-kompleti\/poliesterski-kompleti\/trokraka-poliesterska-priveznica-samozatvarajuca-kuka-bkhg\/\" class=\"link1\">dreistr\u00e4ngige Hebeband mit selbstschlie\u00dfendem Haken<\/a>. <a href=\"https:\/\/dizalica.hr\/ovjesni-kompleti\/poliesterski-kompleti\/#koja-kuka\" class=\"link1\">Vergleichen Sie beide Hakenarten<\/a>.<\/p>\t\t\t\t\t\t\t\t<\/div>\n\t\t\t\t<\/div>\n\t\t\t\t<div class=\"elementor-element elementor-element-0ffa853 elementor-widget elementor-widget-text-editor\" data-id=\"0ffa853\" data-element_type=\"widget\" data-e-type=\"widget\" data-widget_type=\"text-editor.default\">\n\t\t\t\t<div class=\"elementor-widget-container\">\n\t\t\t\t\t\t\t\t\t<h2>Wo werden dreistr\u00e4ngige Polyester-Hebeb\u00e4nder eingesetzt?<\/h2>\n\n<div class=\"table-wrap\">\n<table class=\"styled-table\" role=\"table\" aria-label=\"Anwendung dreistr\u00e4ngiger Polyester-Hebeb\u00e4nder\">\n<thead>\n<tr>\n<th colspan=\"2\" style=\"background-color: #FFC107; padding: 20px;\">\nDreistr\u00e4ngige Gurte mit Haken sind f\u00fcr gro\u00dfe, schwere und unregelm\u00e4\u00dfige Lasten konzipiert, bei denen drei Anschlagpunkte f\u00fcr Stabilit\u00e4t erforderlich sind \u2013 Schiffbau, Schwerindustrie, Betonelemente, Energietechnik.\n<\/th>\n<\/tr>\n<\/thead>\n<tbody>\n<tr>\n<td style=\"width: 30%; vertical-align: top; text-align: center;\">\n<span style=\"font-size: 40px;\">\u2693<\/span><br>\n<h3 style=\"font-size: 20px; line-height: 1.3; margin: 10px 0 0 0;\">Schiffbau und Offshore<\/h3>\n<\/td>\n<td style=\"width: 70%; vertical-align: top;\">\nZum Heben gro\u00dfer Schiffsektionen, Rumpfkomponenten, Deckselemente, schwerer Motoren, Transformatoren und Ausr\u00fcstung bis zu 16,8 Tonnen. Drei Anschlagpunkte gew\u00e4hrleisten Stabilit\u00e4t und Gleichgewicht bei breiten oder asymmetrischen Elementen. Die Feuchtigkeits- und Salzbest\u00e4ndigkeit macht sie ideal f\u00fcr maritime und Offshore-Anwendungen. Die Flexibilit\u00e4t der Polyesterb\u00e4nder sch\u00fctzt lackierte oder polierte Oberfl\u00e4chen der Schiffskomponenten.\n<\/td>\n<\/tr>\n<tr>\n<td style=\"width: 30%; vertical-align: top; text-align: center;\">\n<span style=\"font-size: 40px;\">\ud83c\udfd7\ufe0f<\/span><br>\n<h3 style=\"font-size: 20px; line-height: 1.3; margin: 10px 0 0 0;\">Bauwesen und Betonelemente<\/h3>\n<\/td>\n<td style=\"width: 70%; vertical-align: top;\">\nHeben gro\u00dfer Betonelemente \u2013 S\u00e4ulen, Tr\u00e4ger, Platten, Paneele, Fertigteile und vorgefertigte Bauteile. Dreistr\u00e4ngige Hebeb\u00e4nder erm\u00f6glichen einen stabilen Halt gro\u00dfer und schwerer Elemente mit drei Anschlagpunkten, die ein Dreieck bilden. Der Einsatztemperaturbereich von -40\u00b0C bis +100\u00b0C gew\u00e4hrleistet Zuverl\u00e4ssigkeit auf Baustellen unter allen klimatischen Bedingungen. Die Zertifikate EN 818-4 und EN 1492-2 garantieren die Einhaltung europ\u00e4ischer Normen.\n<\/td>\n<\/tr>\n<tr>\n<td style=\"width: 30%; vertical-align: top; text-align: center;\">\n<span style=\"font-size: 40px;\">\u26a1<\/span><br>\n<h3 style=\"font-size: 20px; line-height: 1.3; margin: 10px 0 0 0;\">Energietechnik und Schwerindustrie<\/h3>\n<\/td>\n<td style=\"width: 70%; vertical-align: top;\">\nZum Heben von Transformatoren, Generatoren, Elektromotoren, Turbinen, Kesseln und anderer schwerer Energieanlagen. Drei Haken erm\u00f6glichen eine pr\u00e4zise Positionierung und Gleichgewicht bei unregelm\u00e4\u00dfig geformten oder asymmetrisch gewichteten Ger\u00e4ten. Die Haken mit Sicherung bleiben auch bei langwierigen Montagearbeiten und Vibrationen geschlossen.\n<\/td>\n<\/tr>\n<tr>\n<td style=\"width: 30%; vertical-align: top; text-align: center;\">\n<span style=\"font-size: 40px;\">\ud83c\udfed<\/span><br>\n<h3 style=\"font-size: 20px; line-height: 1.3; margin: 10px 0 0 0;\">Maschinenbau<\/h3>\n<\/td>\n<td style=\"width: 70%; vertical-align: top;\">\nMontage und Wartung gro\u00dfer Industriemaschinen, Pressen, Walzwerke, \u00d6fen, Destillationskolonnen und Prozessanlagen. Dreistr\u00e4ngige Hebeb\u00e4nder erm\u00f6glichen einen sicheren Halt von Maschinen mit unregelm\u00e4\u00dfiger Form, bei denen zwei Anschlagpunkte nicht ausreichen. F\u00fcr Lasten >16,8 t oder Lasten mit vier nat\u00fcrlichen Anschlagpunkten siehe <a href=\"https:\/\/dizalica.hr\/ovjesni-kompleti\/poliesterski-kompleti\/cetverokraka-poliesterska-priveznica-kuka-s-osiguracem-khg\/\" class=\"link1\">vierstr\u00e4ngige Hebeb\u00e4nder<\/a>.\n<\/td>\n<\/tr>\n<\/tbody>\n<\/table>\n<\/div>\t\t\t\t\t\t\t\t<\/div>\n\t\t\t\t<\/div>\n\t\t\t\t<div class=\"elementor-element elementor-element-02e074f elementor-widget elementor-widget-text-editor\" data-id=\"02e074f\" data-element_type=\"widget\" data-e-type=\"widget\" data-widget_type=\"text-editor.default\">\n\t\t\t\t<div class=\"elementor-widget-container\">\n\t\t\t\t\t\t\t\t\t<h2>Warum eine Dreistrang-Hebeklemme w\u00e4hlen?<\/h2>\n\n<ul style=\"list-style: none; padding-left: 0; line-height: 2.2;\">\n<li>\u2705 <strong>Hervorragende Stabilit\u00e4t:<\/strong> Drei Anschlagpunkte bilden ein stabiles Dreieck, das selbst bei asymmetrischen Lasten f\u00fcr Gleichgewicht sorgt. Die Last kann beim Heben weder kippen noch sich neigen.<\/li>\n\n<li>\u2705 <strong>H\u00f6here Tragf\u00e4higkeit:<\/strong> Eine Dreistrang-Hebeklemme mit gleicher Bandbreite tr\u00e4gt das 2,1-fache einer <a href=\"https:\/\/dizalica.hr\/ovjesni-kompleti\/poliesterski-kompleti\/jednokrake-poliesterske-priveznice-kuka-s-osiguracem-khg\/\" class=\"link1\">Einstrang-Hebeklemme<\/a> und das 1,5-fache einer <a href=\"https:\/\/dizalica.hr\/ovjesni-kompleti\/poliesterski-kompleti\/dvokrake-poliesterske-priveznice-kuka-s-osiguracem-khg\/\" class=\"link1\">Zweistrang-Hebeklemme<\/a>.<\/li>\n\n<li>\u2705 <strong>Flexibilit\u00e4t beim Anschlagen:<\/strong> Drei Haken erm\u00f6glichen das Anschlagen an verschiedene Lastpunkte entsprechend der Gewichtsverteilung und Form. Ideal f\u00fcr unregelm\u00e4\u00dfige Formen, bei denen zwei Anschlagpunkte nicht ausreichen.<\/li>\n\n<li>\u2705 <strong>Oberfl\u00e4chenschutz:<\/strong> Polyesterb\u00e4nder besch\u00e4digen keine lackierten, polierten oder empfindlichen Oberfl\u00e4chen. Einen Vergleich mit Ketten-Hebeklemmen finden Sie unter <a href=\"https:\/\/dizalica.hr\/ovjesni-kompleti\/poliesterski-kompleti\/#poliesterski-lancane\" class=\"link1\">Vergleich Polyester- und Ketten-Hebeklemmen<\/a>.<\/li>\n\n<li>\u2705 <strong>Leichter als Ketten-Hebeklemmen:<\/strong> Bis zu 80 % leichter als <a href=\"https:\/\/dizalica.hr\/ovjesni-kompleti\/lancane-priveznice\/\" class=\"link1\">Ketten-Hebeklemmen<\/a> mit gleicher Tragf\u00e4higkeit, was die Handhabung erleichtert und Erm\u00fcdung des Bedieners reduziert.<\/li>\n<\/ul>\n\n<p style=\"margin-top: 20px; padding: 15px; background-color: #fff3cd; border-left: 4px solid #ffc107;\"><strong>\u26a0\ufe0f Ben\u00f6tigen Sie maximale Stabilit\u00e4t?<\/strong> F\u00fcr die gr\u00f6\u00dften Lasten oder Lasten mit vier nat\u00fcrlichen Anschlagpunkten sind <a href=\"https:\/\/dizalica.hr\/ovjesni-kompleti\/poliesterski-kompleti\/cetverokraka-poliesterska-priveznica-kuka-s-osiguracem-khg\/\" class=\"link1\">Vierstrang-Hebeklemmen<\/a> erforderlich. <a href=\"https:\/\/dizalica.hr\/ovjesni-kompleti\/poliesterski-kompleti\/#krakovi\" class=\"link1\">Vergleichen Sie nach Anzahl der Str\u00e4nge<\/a>.<\/p>\t\t\t\t\t\t\t\t<\/div>\n\t\t\t\t<\/div>\n\t\t\t\t<div class=\"elementor-element elementor-element-46fb3f1 elementor-widget elementor-widget-text-editor\" data-id=\"46fb3f1\" data-element_type=\"widget\" data-e-type=\"widget\" data-widget_type=\"text-editor.default\">\n\t\t\t\t<div class=\"elementor-widget-container\">\n\t\t\t\t\t\t\t\t\t<h2>Sicherheit und Wartung von Dreistrang-Hebeklemmen<\/h2>\n\n<ul style=\"list-style: none; padding-left: 0; line-height: 2.2;\">\n<li>\u2705 <strong>\u00dcberpr\u00fcfung aller drei Str\u00e4nge und Haken:<\/strong> Pr\u00fcfen Sie vor jeder Verwendung alle drei Str\u00e4nge und Haken. Wenn EIN TEIL besch\u00e4digt ist, darf die gesamte Hebeklemme NICHT verwendet werden.<\/li>\n\n<li>\u2705 <strong>Gleichm\u00e4\u00dfige Lastverteilung:<\/strong> Achten Sie darauf, dass die Last gleichm\u00e4\u00dfig auf alle drei Str\u00e4nge verteilt ist. Bei stark asymmetrischen Lasten kann eine <a href=\"https:\/\/dizalica.hr\/ovjesni-kompleti\/poliesterski-kompleti\/cetverokraka-poliesterska-priveznica-kuka-s-osiguracem-khg\/\" class=\"link1\">Vierstrang-Hebeklemme<\/a> erforderlich sein.<\/li>\n\n<li>\u2705 <strong>Winkelschutz an allen Kontaktpunkten:<\/strong> Beim Heben von Lasten mit scharfen Kanten verwenden Sie <a href=\"https:\/\/dizalica.hr\/poliesterske-priveznice\/stitnici-za-gurtne\/\" class=\"link1\">Winkelschutz<\/a> an ALLEN Stellen, an denen das Band mit der Last in Kontakt kommt.<\/li>\n\n<li>\u2705 <strong>Temperaturbereich -40\u00b0C bis +100\u00b0C:<\/strong> F\u00fcr h\u00f6here Temperaturen verwenden Sie <a href=\"https:\/\/dizalica.hr\/ovjesni-kompleti\/lancane-priveznice\/\" class=\"link1\">Ketten-Hebeklemmen<\/a>.<\/li>\n\n<li>\u2705 <strong>Regelm\u00e4\u00dfige Kontrolle:<\/strong> Mindestens einmal j\u00e4hrlich, bei intensiver Nutzung h\u00e4ufiger.<\/li>\n<\/ul>\t\t\t\t\t\t\t\t<\/div>\n\t\t\t\t<\/div>\n\t\t\t\t<div class=\"elementor-element elementor-element-74787c6 elementor-widget elementor-widget-text-editor\" data-id=\"74787c6\" data-element_type=\"widget\" data-e-type=\"widget\" data-widget_type=\"text-editor.default\">\n\t\t\t\t<div class=\"elementor-widget-container\">\n\t\t\t\t\t\t\t\t\t<h2>Zertifikate und Qualit\u00e4tsstandards<\/h2>\n\n<p>Alle dreistr\u00e4ngigen Polyester-Hebeb\u00e4nder sind zertifiziert nach:<\/p>\n\n<ul style=\"list-style: none; padding-left: 0; line-height: 2;\">\n<li>\u2705 <strong>EN 818-4:<\/strong> Anschlagsets<\/li>\n<li>\u2705 <strong>EN 1492-2:<\/strong> Polyester-Hebeb\u00e4nder<\/li>\n<li>\u2705 <strong>EN 1677-2:<\/strong> Haken mit Sicherung<\/li>\n<li>\u2705 <strong>Sicherheitsfaktor 4:1<\/strong><\/li>\n<li>\u2705 <strong>CE-Kennzeichnung<\/strong><\/li>\n<\/ul>\t\t\t\t\t\t\t\t<\/div>\n\t\t\t\t<\/div>\n\t\t\t\t<div class=\"elementor-element elementor-element-a14f34d elementor-widget elementor-widget-text-editor\" data-id=\"a14f34d\" data-element_type=\"widget\" data-e-type=\"widget\" data-widget_type=\"text-editor.default\">\n\t\t\t\t<div class=\"elementor-widget-container\">\n\t\t\t\t\t\t\t\t\t<h2>Verwandte Produkte<\/h2>\n\n<ul style=\"list-style: none; padding-left: 0; line-height: 2;\">\n<li>\ud83d\udd17 <a href=\"https:\/\/dizalica.hr\/ovjesni-kompleti\/poliesterski-kompleti\/trokraka-poliesterska-priveznica-samozatvarajuca-kuka-bkhg\/\" class=\"link1\">Dreistr\u00e4ngige Polyester-Hebeschlinge mit selbstschlie\u00dfendem Haken<\/a> \u2013 schnellere Arbeitszyklen<\/li>\n<li>\ud83d\udd17 <a href=\"https:\/\/dizalica.hr\/ovjesni-kompleti\/poliesterski-kompleti\/cetverokraka-poliesterska-priveznica-kuka-s-osiguracem-khg\/\" class=\"link1\">Vierstr\u00e4ngige Hebeschlinge mit Haken und Sicherung<\/a> \u2013 maximale Stabilit\u00e4t<\/li>\n<li>\ud83d\udd17 <a href=\"https:\/\/dizalica.hr\/ovjesni-kompleti\/poliesterski-kompleti\/dvokrake-poliesterske-priveznice-kuka-s-osiguracem-khg\/\" class=\"link1\">Zweistr\u00e4ngige Hebeschlinge mit Haken und Sicherung<\/a> \u2013 f\u00fcr lange Bauteile<\/li>\n<li>\ud83d\udd17 <a href=\"https:\/\/dizalica.hr\/poliesterske-priveznice\/stitnici-za-gurtne\/\" class=\"link1\">Schutzpolster f\u00fcr Gurte<\/a> \u2013 Schutz der Hebeb\u00e4nder<\/li>\n<li>\ud83d\udd17 <a href=\"https:\/\/dizalica.hr\/ovjesni-kompleti\/lancane-priveznice\/\" class=\"link1\">Ketten-Hebeschlingen<\/a> \u2013 geeignet f\u00fcr Temperaturen \u00fcber 100\u00b0C<\/li>\n<\/ul>\t\t\t\t\t\t\t\t<\/div>\n\t\t\t\t<\/div>\n\t\t\t\t<div class=\"elementor-element elementor-element-132b469 elementor-widget elementor-widget-text-editor\" data-id=\"132b469\" data-element_type=\"widget\" data-e-type=\"widget\" data-widget_type=\"text-editor.default\">\n\t\t\t\t<div class=\"elementor-widget-container\">\n\t\t\t\t\t\t\t\t\t<div class=\"table-wrap\" style=\"margin-top: 30px;\"><table class=\"styled-table\"><tbody><tr><td style=\"padding: 20px; text-align: center;\"><strong style=\"font-size: 16px;\">Ben\u00f6tigen Sie Hilfe bei der Auswahl?<\/strong><br \/><br \/>Senden Sie uns ein Foto der Last und die Abmessungen \u2013 wir helfen Ihnen, die richtige Tragf\u00e4higkeit und die Anzahl der Tragarme auszuw\u00e4hlen.<br \/><br \/><a class=\"link1\" style=\"font-size: 16px; font-weight: bold;\" href=\"tel:+385914886262\">\ud83d\udcde 091 488 6262<\/a> |<br \/><a class=\"link1\" style=\"font-size: 16px; font-weight: bold;\" href=\"mailto:prodaja@dizalica.hr\">\u2709\ufe0f prodaja@dizalica.hr<\/a><\/td><\/tr><\/tbody><\/table><\/div>\t\t\t\t\t\t\t\t<\/div>\n\t\t\t\t<\/div>\n\t\t\t\t<\/div>\n\t\t<div class=\"elementor-element elementor-element-49ae615 e-con-full e-flex e-con e-child\" data-id=\"49ae615\" data-element_type=\"container\" data-e-type=\"container\">\n\t\t\t\t<div class=\"elementor-element elementor-element-b418990 elementor-widget elementor-widget-text-editor\" data-id=\"b418990\" data-element_type=\"widget\" data-e-type=\"widget\" data-widget_type=\"text-editor.default\">\n\t\t\t\t<div class=\"elementor-widget-container\">\n\t\t\t\t\t\t\t\t\t<div class=\"table-wrap\">\n<h2>Hauptmerkmale der dreistr\u00e4ngigen Polyester-Hebeschlinge \u2013 Gurtband mit Sicherungshaken<\/h2>\n<table class=\"styled-table\" role=\"table\" aria-label=\"Technische Spezifikationen der dreistr\u00e4ngigen Polyester-Hebeschlinge\">\n<thead>\n<tr>\n<th scope=\"col\" style=\"width: 30%;\">Merkmal<\/th>\n<th scope=\"col\" style=\"width: 70%;\">Wert \/ Beschreibung<\/th>\n<\/tr>\n<\/thead>\n<tbody>\n<tr>\n<td><strong>Tragf\u00e4higkeit (WLL)<\/strong><\/td>\n<td>2,1t, 4,2t, 6,3t, 8,4t, 10,5t, 12,6t, 16,8t<\/td>\n<\/tr>\n<tr>\n<td><strong>L\u00e4nge der Str\u00e4nge<\/strong><\/td>\n<td>1m, 2m, 3m, 4m, 5m, 6m, 8m<\/td>\n<\/tr>\n<tr>\n<td><strong>Anzahl der Str\u00e4nge<\/strong><\/td>\n<td>3 Str\u00e4nge (drei Hebepunkte in Dreiecksform)<\/td>\n<\/tr>\n<tr>\n<td><strong>Haken<\/strong><\/td>\n<td>Sicherungshaken gem\u00e4\u00df EN 1677-2<\/td>\n<\/tr>\n<tr>\n<td><strong>Stabilit\u00e4t<\/strong><\/td>\n<td>Ausgezeichnet \u2013 drei Punkte bilden ein stabiles Dreieck<\/td>\n<\/tr>\n<tr>\n<td><strong>Betriebstemperatur<\/strong><\/td>\n<td>-40\u00b0C bis +100\u00b0C<\/td>\n<\/tr>\n<tr>\n<td><strong>Material<\/strong><\/td>\n<td>100 % hochwertiges Polyester<\/td>\n<\/tr>\n<tr>\n<td><strong>Sicherheitsfaktor<\/strong><\/td>\n<td>4:1 (MBS = 4 x WLL)<\/td>\n<\/tr>\n<tr>\n<td><strong>Zertifikate<\/strong><\/td>\n<td>EN 818-4, EN 1492-2, EN 1677-2<\/td>\n<\/tr>\n<\/tbody>\n<\/table>\n<\/div>\t\t\t\t\t\t\t\t<\/div>\n\t\t\t\t<\/div>\n\t\t\t\t<div class=\"elementor-element elementor-element-72a4f1b elementor-widget elementor-widget-text-editor\" data-id=\"72a4f1b\" data-element_type=\"widget\" data-e-type=\"widget\" data-widget_type=\"text-editor.default\">\n\t\t\t\t<div class=\"elementor-widget-container\">\n\t\t\t\t\t\t\t\t\t<h2>Technische Spezifikationen und verf\u00fcgbare Tragf\u00e4higkeiten<\/h2>\n\n<div class=\"table-wrap\">\n<table class=\"styled-table\" role=\"table\" aria-label=\"Technische Spezifikationen der dreistr\u00e4ngigen Polyester-Hebeschlingen\">\n<thead>\n<tr>\n<th style=\"width: 25%;\">Tragf\u00e4higkeit (WLL)<\/th>\n<th style=\"width: 25%;\">Gurtbreite<\/th>\n<th style=\"width: 25%;\">Bruchkraft (MBS)<\/th>\n<th style=\"width: 25%;\">Gewicht (ca.)<\/th>\n<\/tr>\n<\/thead>\n<tbody>\n<tr>\n<td><strong>2,1 Tonnen<\/strong><\/td>\n<td>30 mm<\/td>\n<td>8,4 Tonnen<\/td>\n<td>2,4 &#8211; 9,6 kg<\/td>\n<\/tr>\n<tr>\n<td><strong>4,2 Tonnen<\/strong><\/td>\n<td>60 mm<\/td>\n<td>16,8 Tonnen<\/td>\n<td>3,6 &#8211; 14,4 kg<\/td>\n<\/tr>\n<tr>\n<td><strong>6,3 Tonnen<\/strong><\/td>\n<td>90 mm<\/td>\n<td>25,2 Tonnen<\/td>\n<td>5,4 &#8211; 21,6 kg<\/td>\n<\/tr>\n<tr>\n<td><strong>8,4 Tonnen<\/strong><\/td>\n<td>120 mm<\/td>\n<td>33,6 Tonnen<\/td>\n<td>7,2 &#8211; 28,8 kg<\/td>\n<\/tr>\n<tr>\n<td><strong>10,5 Tonnen<\/strong><\/td>\n<td>150 mm<\/td>\n<td>42 Tonnen<\/td>\n<td>9,0 &#8211; 36,0 kg<\/td>\n<\/tr>\n<tr>\n<td><strong>12,6 Tonnen<\/strong><\/td>\n<td>180 mm<\/td>\n<td>50,4 Tonnen<\/td>\n<td>10,8 &#8211; 43,2 kg<\/td>\n<\/tr>\n<tr>\n<td><strong>16,8 Tonnen<\/strong><\/td>\n<td>240 mm<\/td>\n<td>67,2 Tonnen<\/td>\n<td>14,4 &#8211; 57,6 kg<\/td>\n<\/tr>\n<\/tbody>\n<tfoot>\n<tr style=\"background-color: #FFC107;\">\n<td colspan=\"4\" style=\"padding: 15px;\">\n<strong>\ud83d\udca1 Hinweis:<\/strong> Die Tragf\u00e4higkeit der dreistr\u00e4ngigen Hebeschlinge ist 2,1-mal h\u00f6her als die der einstr\u00e4ngigen mit derselben Gurtbreite (z.B. 30 mm Gurt: einstr\u00e4ngig 1 t, dreistr\u00e4ngig 2,1 t). Schlingenl\u00e4ngen: 1 m, 2 m, 3 m, 4 m, 5 m, 6 m, 8 m.\n<\/td>\n<\/tr>\n<\/tfoot>\n<\/table>\n<\/div>\t\t\t\t\t\t\t\t<\/div>\n\t\t\t\t<\/div>\n\t\t\t\t<div class=\"elementor-element elementor-element-8995e7f elementor-widget elementor-widget-text-editor\" data-id=\"8995e7f\" data-element_type=\"widget\" data-e-type=\"widget\" data-widget_type=\"text-editor.default\">\n\t\t\t\t<div class=\"elementor-widget-container\">\n\t\t\t\t\t\t\t\t\t<div class=\"nabrajanje\">\u2705\ud83d\udd39 LAGERND &#8211; Lieferung in 1-2 Werktagen \ud83d\udd39 EN 13155 Zertifikat \ud83d\udd39 2 Jahre Garantie<\/div>\t\t\t\t\t\t\t\t<\/div>\n\t\t\t\t<\/div>\n\t\t\t\t<\/div>\n\t\t\t\t\t<\/div>\n\t\t\t\t<\/div>\n\t\t\t\t<\/div>\n\t\t","protected":false},"excerpt":{"rendered":"<p>Dreistr\u00e4ngige Polyester-Hebeschlinge mit Haken und Sicherung f\u00fcr sicheres Heben gro\u00dfer, schwerer und unregelm\u00e4\u00dfiger Lasten von 2,1 bis 16,8 Tonnen. Drei Str\u00e4nge gew\u00e4hrleisten ausgezeichnete Stabilit\u00e4t und Gleichgewicht. Ideal f\u00fcr den Schiffbau, die Schwerindustrie, Betonelemente und den Maschinenbau. Erh\u00e4ltlich in L\u00e4ngen von 1 bis 8 Metern. Zertifiziert nach EN 818-4, EN 1492-2 und EN 1677-2.<\/p>\n","protected":false},"featured_media":30821,"comment_status":"open","ping_status":"closed","template":"","meta":[],"etheme_brands":[{"term_id":42,"name":"Gutman","slug":"gutman","term_group":0,"term_taxonomy_id":42,"taxonomy":"brand","description":"","parent":0,"count":346,"filter":"raw","term_order":"0"}],"product_brand":[],"product_cat":[902,899],"product_tag":[395,431],"class_list":{"0":"post-37759","1":"product","2":"type-product","3":"status-publish","4":"has-post-thumbnail","6":"brand-gutman","7":"product_cat-polyester-gehaenge-01","8":"product_cat-aufhaenge-systeme-01","9":"product_tag-en-1492-1","10":"product_tag-teska-industrijska-dizanja","12":"first","13":"outofstock","14":"taxable","15":"shipping-taxable","16":"purchasable","17":"product-type-variable","18":"has-default-attributes"},"_links":{"self":[{"href":"https:\/\/dizalica.hr\/de\/wp-json\/wp\/v2\/product\/37759","targetHints":{"allow":["GET"]}}],"collection":[{"href":"https:\/\/dizalica.hr\/de\/wp-json\/wp\/v2\/product"}],"about":[{"href":"https:\/\/dizalica.hr\/de\/wp-json\/wp\/v2\/types\/product"}],"replies":[{"embeddable":true,"href":"https:\/\/dizalica.hr\/de\/wp-json\/wp\/v2\/comments?post=37759"}],"version-history":[{"count":0,"href":"https:\/\/dizalica.hr\/de\/wp-json\/wp\/v2\/product\/37759\/revisions"}],"wp:featuredmedia":[{"embeddable":true,"href":"https:\/\/dizalica.hr\/de\/wp-json\/wp\/v2\/media\/30821"}],"wp:attachment":[{"href":"https:\/\/dizalica.hr\/de\/wp-json\/wp\/v2\/media?parent=37759"}],"wp:term":[{"taxonomy":"brand","embeddable":true,"href":"https:\/\/dizalica.hr\/de\/wp-json\/wp\/v2\/etheme_brands?post=37759"},{"taxonomy":"product_brand","embeddable":true,"href":"https:\/\/dizalica.hr\/de\/wp-json\/wp\/v2\/product_brand?post=37759"},{"taxonomy":"product_cat","embeddable":true,"href":"https:\/\/dizalica.hr\/de\/wp-json\/wp\/v2\/product_cat?post=37759"},{"taxonomy":"product_tag","embeddable":true,"href":"https:\/\/dizalica.hr\/de\/wp-json\/wp\/v2\/product_tag?post=37759"}],"curies":[{"name":"wp","href":"https:\/\/api.w.org\/{rel}","templated":true}]}}