{"id":37749,"date":"2026-05-06T17:47:15","date_gmt":"2026-05-06T15:47:15","guid":{"rendered":"https:\/\/dizalica.hr\/nekategorizirano\/magnet-hebeklemmen\/"},"modified":"2026-05-06T17:47:16","modified_gmt":"2026-05-06T15:47:16","slug":"magnet-hebeklemmen","status":"publish","type":"product","link":"https:\/\/dizalica.hr\/de\/lastaufnahmemittel\/magnet-und-schraubklemmen\/magnet-hebeklemmen\/","title":{"rendered":"Magnet-Hebeklemmen"},"content":{"rendered":"\t\t<div data-elementor-type=\"product-post\" data-elementor-id=\"37749\" class=\"elementor elementor-37749 elementor-3901\" data-elementor-post-type=\"product\">\n\t\t\t\t<div class=\"elementor-element elementor-element-7a5dcc99 e-flex e-con-boxed e-con e-parent\" data-id=\"7a5dcc99\" data-element_type=\"container\" data-e-type=\"container\">\n\t\t\t\t\t<div class=\"e-con-inner\">\n\t\t\t\t<div class=\"elementor-element elementor-element-a754db4 elementor-widget elementor-widget-heading\" data-id=\"a754db4\" data-element_type=\"widget\" data-e-type=\"widget\" data-widget_type=\"heading.default\">\n\t\t\t\t<div class=\"elementor-widget-container\">\n\t\t\t\t\t<h2 class=\"elementor-heading-title elementor-size-default\">Magnet-Hebeklemmen zum Heben von Lasten<\/h2>\t\t\t\t<\/div>\n\t\t\t\t<\/div>\n\t\t\t\t<div class=\"elementor-element elementor-element-f9ccfb8 elementor-widget elementor-widget-text-editor\" data-id=\"f9ccfb8\" data-element_type=\"widget\" data-e-type=\"widget\" data-widget_type=\"text-editor.default\">\n\t\t\t\t<div class=\"elementor-widget-container\">\n\t\t\t\t\t\t\t\t\tMagnet-Hebeklemmen stellen eine effiziente L\u00f6sung f\u00fcr das <strong data-start=\"1008\" data-end=\"1074\">Heben, Bewegen und Handhaben von Stahlplatten und Rohren<\/strong> <a class=\"link1\" href=\"https:\/\/dizalica.hr\/djelatnosti\/proizvodni-pogoni\/\">in verschiedenen industriellen Umgebungen<\/a> dar. Diese magnetische Platten-Hebeklemme verwendet Permanentmagnete, die eine sichere Haftung an ferromagnetischen Materialien ohne externe Stromversorgung erm\u00f6glichen, was sie einfach zu handhaben und zuverl\u00e4ssig im t\u00e4glichen Einsatz macht.\t\t\t\t\t\t\t\t<\/div>\n\t\t\t\t<\/div>\n\t\t\t\t<div class=\"elementor-element elementor-element-bab8373 elementor-widget elementor-widget-text-editor\" data-id=\"bab8373\" data-element_type=\"widget\" data-e-type=\"widget\" data-widget_type=\"text-editor.default\">\n\t\t\t\t<div class=\"elementor-widget-container\">\n\t\t\t\t\t\t\t\t\t<p>Das Produkt ist in mehreren Tragf\u00e4higkeitsvarianten erh\u00e4ltlich \u2013 von <strong data-start=\"1435\" data-end=\"1456\">100 kg bis 2000 kg<\/strong>, abh\u00e4ngig vom Modell, was die Auswahl der optimalen Hebeklemme f\u00fcr spezifische Lastgewichte erm\u00f6glicht. Die Tragf\u00e4higkeit variiert f\u00fcr flache und zylindrische Oberfl\u00e4chen, um eine korrekte und sichere Anwendung im Betrieb zu gew\u00e4hrleisten.<\/p>\t\t\t\t\t\t\t\t<\/div>\n\t\t\t\t<\/div>\n\t\t\t\t<div class=\"elementor-element elementor-element-0f98cd4 elementor-widget elementor-widget-text-editor\" data-id=\"0f98cd4\" data-element_type=\"widget\" data-e-type=\"widget\" data-widget_type=\"text-editor.default\">\n\t\t\t\t<div class=\"elementor-widget-container\">\n\t\t\t\t\t\t\t\t\t<blockquote><p>Magnet-Hebeklemmen sind <strong data-start=\"1715\" data-end=\"1744\">einfach zu bedienen<\/strong> und verf\u00fcgen \u00fcber eine pr\u00e4zise definierte Aktivierung der Magnetkraft, die die Last w\u00e4hrend des Hebens stabil h\u00e4lt. Sie gew\u00e4hrleisten einen <strong data-start=\"1852\" data-end=\"1879\">hohen Sicherheitsfaktor<\/strong> (3,5:1 f\u00fcr Modelle bis 300 kg und 3:1 f\u00fcr Modelle bis 2000 kg) gem\u00e4\u00df der Norm EN 13155, dem Standard f\u00fcr Ausr\u00fcstung zum Heben von Lasten mittels Verbindungselementen und Hebezeugen.<\/p><\/blockquote>\t\t\t\t\t\t\t\t<\/div>\n\t\t\t\t<\/div>\n\t\t\t\t<div class=\"elementor-element elementor-element-7983cd3 elementor-widget elementor-widget-text-editor\" data-id=\"7983cd3\" data-element_type=\"widget\" data-e-type=\"widget\" data-widget_type=\"text-editor.default\">\n\t\t\t\t<div class=\"elementor-widget-container\">\n\t\t\t\t\t\t\t\t\t<div class=\"nabrajanje\">Die Arbeitstemperatur dieser Magnet-Hebeklemme erm\u00f6glicht den Einsatz in einem weiten Bereich von <strong data-start=\"2199\" data-end=\"2216\">\u201340\u00b0C bis 80\u00b0C<\/strong>, wodurch die Funktionalit\u00e4t in verschiedenen Arbeitsumgebungen gew\u00e4hrleistet wird. Aufgrund ihrer robusten, aber einfachen Konstruktion erfordern Magnet-Hebeklemmen keine aufwendige Wartung und sind ideal f\u00fcr den Einsatz in Produktionsst\u00e4tten, Lagern und Montagearbeiten.<\/div>\t\t\t\t\t\t\t\t<\/div>\n\t\t\t\t<\/div>\n\t\t\t\t<div class=\"elementor-element elementor-element-723c7fe elementor-widget elementor-widget-text-editor\" data-id=\"723c7fe\" data-element_type=\"widget\" data-e-type=\"widget\" data-widget_type=\"text-editor.default\">\n\t\t\t\t<div class=\"elementor-widget-container\">\n\t\t\t\t\t\t\t\t\t<div class=\"nabrajanje\">W\u00e4hlen Sie das passende Modell der Magnet-Hebeklemme entsprechend der erforderlichen Tragf\u00e4higkeit und profitieren Sie von <strong data-start=\"2652\" data-end=\"2713\">sicherem und effizientem Handling von ferromagnetischen Materialien<\/strong> mit schneller Lieferung und professioneller Unterst\u00fctzung durch Dizalica.hr.<\/div>\t\t\t\t\t\t\t\t<\/div>\n\t\t\t\t<\/div>\n\t\t\t\t\t<\/div>\n\t\t\t\t<\/div>\n\t\t\t\t<\/div>\n\t\t","protected":false},"excerpt":{"rendered":"<p>Magnet-Hebeklemmen sind Ger\u00e4te zum sicheren Heben und Transportieren von Stahlplatten und Rohren aus ferromagnetischen Materialien. Sie sind f\u00fcr eine einfache Handhabung mit Tragf\u00e4higkeiten von 100 bis 2000 kg ausgelegt und verf\u00fcgen \u00fcber einen ausgepr\u00e4gten Sicherheitsfaktor gem\u00e4\u00df der Norm EN 13155. Die Betriebstemperatur reicht von \u201340 \u00b0C bis 80 \u00b0C, und die Aktivierung des Magnetismus gew\u00e4hrleistet eine zuverl\u00e4ssige Haftung ohne externe Energiequelle.<\/p>\n","protected":false},"featured_media":30890,"comment_status":"open","ping_status":"closed","template":"","meta":[],"etheme_brands":[{"term_id":42,"name":"Gutman","slug":"gutman","term_group":0,"term_taxonomy_id":42,"taxonomy":"brand","description":"","parent":0,"count":345,"filter":"raw","term_order":"0"}],"product_brand":[],"product_cat":[916,908],"product_tag":[467,490],"class_list":{"0":"post-37749","1":"product","2":"type-product","3":"status-publish","4":"has-post-thumbnail","6":"brand-gutman","7":"product_cat-magnet-und-schraubklemmen-01","8":"product_cat-lastaufnahmemittel-01","9":"product_tag-en-13155","10":"product_tag-service-und-maschinenwartung","11":"product_shipping_class-lieferung","13":"first","14":"instock","15":"taxable","16":"shipping-taxable","17":"purchasable","18":"product-type-variable","19":"has-default-attributes"},"_links":{"self":[{"href":"https:\/\/dizalica.hr\/de\/wp-json\/wp\/v2\/product\/37749","targetHints":{"allow":["GET"]}}],"collection":[{"href":"https:\/\/dizalica.hr\/de\/wp-json\/wp\/v2\/product"}],"about":[{"href":"https:\/\/dizalica.hr\/de\/wp-json\/wp\/v2\/types\/product"}],"replies":[{"embeddable":true,"href":"https:\/\/dizalica.hr\/de\/wp-json\/wp\/v2\/comments?post=37749"}],"version-history":[{"count":0,"href":"https:\/\/dizalica.hr\/de\/wp-json\/wp\/v2\/product\/37749\/revisions"}],"wp:featuredmedia":[{"embeddable":true,"href":"https:\/\/dizalica.hr\/de\/wp-json\/wp\/v2\/media\/30890"}],"wp:attachment":[{"href":"https:\/\/dizalica.hr\/de\/wp-json\/wp\/v2\/media?parent=37749"}],"wp:term":[{"taxonomy":"brand","embeddable":true,"href":"https:\/\/dizalica.hr\/de\/wp-json\/wp\/v2\/etheme_brands?post=37749"},{"taxonomy":"product_brand","embeddable":true,"href":"https:\/\/dizalica.hr\/de\/wp-json\/wp\/v2\/product_brand?post=37749"},{"taxonomy":"product_cat","embeddable":true,"href":"https:\/\/dizalica.hr\/de\/wp-json\/wp\/v2\/product_cat?post=37749"},{"taxonomy":"product_tag","embeddable":true,"href":"https:\/\/dizalica.hr\/de\/wp-json\/wp\/v2\/product_tag?post=37749"}],"curies":[{"name":"wp","href":"https:\/\/api.w.org\/{rel}","templated":true}]}}