{"id":37722,"date":"2026-05-06T16:35:16","date_gmt":"2026-05-06T14:35:16","guid":{"rendered":"https:\/\/dizalica.hr\/nekategorizirano\/ladungssicherungs-gurt-mit-spanner-5t-50mm-8-12m-fur-baustoffe-industrieausrustung-und-palettierte-waren\/"},"modified":"2026-05-06T16:35:17","modified_gmt":"2026-05-06T14:35:17","slug":"ladungssicherungs-gurt-mit-spanner-5t-50mm-8-12m-fur-baustoffe-industrieausrustung-und-palettierte-waren","status":"publish","type":"product","link":"https:\/\/dizalica.hr\/de\/kamionski-program\/kamionske-gurtne\/ladungssicherungs-gurt-mit-spanner-5t-50mm-8-12m-fur-baustoffe-industrieausrustung-und-palettierte-waren\/","title":{"rendered":"Ladungssicherungs-Gurt mit Spanner \u2013 5t, 50mm, 8-12m \u2013 f\u00fcr Baustoffe, Industrieausr\u00fcstung und palettierte Waren"},"content":{"rendered":"\t\t<div data-elementor-type=\"product-post\" data-elementor-id=\"37722\" class=\"elementor elementor-37722 elementor-2495\" data-elementor-post-type=\"product\">\n\t\t\t\t<div class=\"elementor-element elementor-element-9c4836 e-flex e-con-boxed e-con e-parent\" data-id=\"9c4836\" data-element_type=\"container\" data-e-type=\"container\">\n\t\t\t\t\t<div class=\"e-con-inner\">\n\t\t<div class=\"elementor-element elementor-element-08c5c30 e-con-full e-flex e-con e-child\" data-id=\"08c5c30\" data-element_type=\"container\" data-e-type=\"container\">\n\t\t\t\t<div class=\"elementor-element elementor-element-58b86bf1 elementor-widget elementor-widget-text-editor\" data-id=\"58b86bf1\" data-element_type=\"widget\" data-e-type=\"widget\" data-widget_type=\"text-editor.default\">\n\t\t\t\t<div class=\"elementor-widget-container\">\n\t\t\t\t\t\t\t\t\t<h4>LKW-Spannband<br \/>Zurrgurte f\u00fcr Lasten, Spanngurte f\u00fcr LKW.<\/h4><p>&#8211; Bandbreite 50 mm<br \/>&#8211; STF 300 daN<br \/>&#8211; Zurrkapazit\u00e4t 5T<br \/>&#8211; Bruchfestigkeit des Bandes 7500 daN<br \/>&#8211; Zugfestigkeit: 650-800 N\/mm\u00b2<br \/>&#8211; maximale Dehnung 7 %<br \/>&#8211; Feuchtigkeitsaufnahme: 0,4 %<br \/>&#8211; Schmelzpunkt: 260 \u00b0C<br \/>&#8211; Einsatztemperatur: von -40 \u00b0C bis 100 \u00b0C<br \/>&#8211; Norm EN 12195-2<\/p><p>Andere L\u00e4ngen fertigen wir auf Anfrage.<\/p><p>LKW-Spannband \u2013 Zurrgurt mit einer Bandbreite von 50 mm, Zurrkapazit\u00e4t 5T und STF-Wert 300 daN, hergestellt aus Material mit einer Zugfestigkeit von 650\u2013800 N\/mm\u00b2, Bruchfestigkeit des Bandes 7500 daN, maximaler Dehnung von 7 %, Feuchtigkeitsaufnahme 0,4 %, Schmelzpunkt 260 \u00b0C sowie Einsatztemperatur von -40 \u00b0C bis +100 \u00b0C, gem\u00e4\u00df Norm EN 12195-2; andere L\u00e4ngen fertigen wir auf Anfrage.<\/p>\t\t\t\t\t\t\t\t<\/div>\n\t\t\t\t<\/div>\n\t\t\t\t<\/div>\n\t\t<div class=\"elementor-element elementor-element-0ab2a47 e-con-full e-flex e-con e-child\" data-id=\"0ab2a47\" data-element_type=\"container\" data-e-type=\"container\">\n\t\t\t\t<div class=\"elementor-element elementor-element-5c7f820 elementor-widget elementor-widget-text-editor\" data-id=\"5c7f820\" data-element_type=\"widget\" data-e-type=\"widget\" data-widget_type=\"text-editor.default\">\n\t\t\t\t<div class=\"elementor-widget-container\">\n\t\t\t\t\t\t\t\t\t<div class=\"table-wrap\">\n<table class=\"styled-table\">\n<tbody>\n<tr>\n<td><strong>Bandbreite:<\/strong><\/td>\n<td>50 mm<\/td>\n<\/tr>\n<tr>\n<td><strong>Zurrkapazit\u00e4t (LC2):<\/strong><\/td>\n<td>5000 daN (5t) &#8211; Umschlingung<\/td>\n<\/tr>\n<tr>\n<td><strong>Zurrkapazit\u00e4t (LC1):<\/strong><\/td>\n<td>2500 daN (2,5t) &#8211; Zugbelastung<\/td>\n<\/tr>\n<tr>\n<td><strong>Standard Vorspannkraft (STF):<\/strong><\/td>\n<td>300 daN<\/td>\n<\/tr>\n<tr>\n<td><strong>Bruchfestigkeit des Bandes (MBS):<\/strong><\/td>\n<td>7500 daN<\/td>\n<\/tr>\n<tr>\n<td><strong>Zugfestigkeit des Materials:<\/strong><\/td>\n<td>650\u2013800 N\/mm\u00b2<\/td>\n<\/tr>\n<tr>\n<td><strong>Maximale Dehnung:<\/strong><\/td>\n<td>7%<\/td>\n<\/tr>\n<tr>\n<td><strong>Feuchtigkeitsaufnahme:<\/strong><\/td>\n<td>0,4%<\/td>\n<\/tr>\n<tr>\n<td><strong>Schmelzpunkt:<\/strong><\/td>\n<td>260\u00b0C<\/td>\n<\/tr>\n<tr>\n<td><strong>Arbeitstemperatur:<\/strong><\/td>\n<td>-40\u00b0C bis +100\u00b0C<\/td>\n<\/tr>\n<tr>\n<td><strong>Verf\u00fcgbare L\u00e4ngen:<\/strong><\/td>\n<td>8 m, 10 m, 12 m (andere auf Anfrage)<\/td>\n<\/tr>\n<tr>\n<td><strong>Norm:<\/strong><\/td>\n<td>EN 12195-2<\/td>\n<\/tr>\n<tr>\n<td><strong>Marke:<\/strong><\/td>\n<td>Gutman<\/td>\n<\/tr>\n<\/tbody>\n<\/table>\n<\/div>\t\t\t\t\t\t\t\t<\/div>\n\t\t\t\t<\/div>\n\t\t\t\t<\/div>\n\t\t\t\t\t<\/div>\n\t\t\t\t<\/div>\n\t\t\t\t<\/div>\n\t\t","protected":false},"excerpt":{"rendered":"<p>Ladungssicherungs-Gurtband \u2013 Spanner f\u00fcr Lasten mit einer Bandbreite von 50 mm, einer Zurrkapazit\u00e4t von 5T und einem STF-Wert von 300 daN, gefertigt aus Material mit einer Zugfestigkeit von 650\u2013800 N\/mm\u00b2, einer Bruchfestigkeit des Bandes von 7500 daN, maximaler Dehnung von 7 %, Feuchtigkeitsaufnahme von 0,4 %, Schmelzpunkt bei 260 \u00b0C und einem Einsatztemperaturbereich von -40 \u00b0C bis +100 \u00b0C, gem\u00e4\u00df der Norm EN 12195-2; andere L\u00e4ngen fertigen wir auf Anfrage.<\/p>\n","protected":false},"featured_media":30872,"comment_status":"open","ping_status":"closed","template":"","meta":[],"etheme_brands":[{"term_id":42,"name":"Gutman","slug":"gutman","term_group":0,"term_taxonomy_id":42,"taxonomy":"brand","description":"","parent":0,"count":345,"filter":"raw","term_order":"0"}],"product_brand":[],"product_cat":[68],"product_tag":[398],"class_list":{"0":"post-37722","1":"product","2":"type-product","3":"status-publish","4":"has-post-thumbnail","6":"brand-gutman","7":"product_cat-kamionske-gurtne","8":"product_tag-en-12195-2","9":"product_shipping_class-dostava","11":"first","12":"outofstock","13":"taxable","14":"shipping-taxable","15":"purchasable","16":"product-type-variable","17":"has-default-attributes"},"_links":{"self":[{"href":"https:\/\/dizalica.hr\/de\/wp-json\/wp\/v2\/product\/37722","targetHints":{"allow":["GET"]}}],"collection":[{"href":"https:\/\/dizalica.hr\/de\/wp-json\/wp\/v2\/product"}],"about":[{"href":"https:\/\/dizalica.hr\/de\/wp-json\/wp\/v2\/types\/product"}],"replies":[{"embeddable":true,"href":"https:\/\/dizalica.hr\/de\/wp-json\/wp\/v2\/comments?post=37722"}],"version-history":[{"count":0,"href":"https:\/\/dizalica.hr\/de\/wp-json\/wp\/v2\/product\/37722\/revisions"}],"wp:featuredmedia":[{"embeddable":true,"href":"https:\/\/dizalica.hr\/de\/wp-json\/wp\/v2\/media\/30872"}],"wp:attachment":[{"href":"https:\/\/dizalica.hr\/de\/wp-json\/wp\/v2\/media?parent=37722"}],"wp:term":[{"taxonomy":"brand","embeddable":true,"href":"https:\/\/dizalica.hr\/de\/wp-json\/wp\/v2\/etheme_brands?post=37722"},{"taxonomy":"product_brand","embeddable":true,"href":"https:\/\/dizalica.hr\/de\/wp-json\/wp\/v2\/product_brand?post=37722"},{"taxonomy":"product_cat","embeddable":true,"href":"https:\/\/dizalica.hr\/de\/wp-json\/wp\/v2\/product_cat?post=37722"},{"taxonomy":"product_tag","embeddable":true,"href":"https:\/\/dizalica.hr\/de\/wp-json\/wp\/v2\/product_tag?post=37722"}],"curies":[{"name":"wp","href":"https:\/\/api.w.org\/{rel}","templated":true}]}}