{"id":37694,"date":"2026-05-06T15:40:14","date_gmt":"2026-05-06T13:40:14","guid":{"rendered":"https:\/\/dizalica.hr\/nekategorizirano\/elektrische-ketten-hebeklemme-2-000-kg-standard-zweigang-23-7-m-min-3-kw\/"},"modified":"2026-05-11T01:19:14","modified_gmt":"2026-05-10T23:19:14","slug":"elektrische-ketten-hebeklemme-2-000-kg-standard-zweigang-23-7-m-min-3-kw","status":"publish","type":"product","link":"https:\/\/dizalica.hr\/de\/hebezeuge\/elektrokettenzuge\/elektrische-ketten-hebeklemme-2-000-kg-standard-zweigang-23-7-m-min-3-kw\/","title":{"rendered":"Elektrische Ketten-Hebeklemme 2.000 kg \u2013 Standard Zweigang 2,3-7 m\/min, 3 kW"},"content":{"rendered":"\t\t<div data-elementor-type=\"product-post\" data-elementor-id=\"37694\" class=\"elementor elementor-37694 elementor-13125\" data-elementor-post-type=\"product\">\n\t\t\t\t<div class=\"elementor-element elementor-element-94264b1 e-flex e-con-boxed e-con e-parent\" data-id=\"94264b1\" data-element_type=\"container\" data-e-type=\"container\">\n\t\t\t\t\t<div class=\"e-con-inner\">\n\t\t<div class=\"elementor-element elementor-element-9d9bbb9 e-con-full e-flex e-con e-child\" data-id=\"9d9bbb9\" data-element_type=\"container\" data-e-type=\"container\">\n\t\t\t\t<div class=\"elementor-element elementor-element-90ed846 elementor-widget elementor-widget-text-editor\" data-id=\"90ed846\" data-element_type=\"widget\" data-e-type=\"widget\" data-widget_type=\"text-editor.default\">\n\t\t\t\t<div class=\"elementor-widget-container\">\n\t\t\t\t\t\t\t\t\t<h2>Elektrische Hebeklemme 2 Tonnen \u2013 Standardgeschwindigkeit f\u00fcr maximale Produktivit\u00e4t<\/h2>\n\n<p>Die elektrische Ketten-Hebeklemme mit einer Tragf\u00e4higkeit von 2.000 kg ist f\u00fcr anspruchsvolle industrielle Anwendungen konzipiert, bei denen regelm\u00e4\u00dfig Lasten von einer bis zwei Tonnen gehandhabt werden. Mit einem 3 kW Motor und doppeltem Kettenantrieb (\u03a6 10 mm, 2 Str\u00e4nge) verarbeitet diese Hebeklemme zuverl\u00e4ssig Stahlprofile, Maschinenteile, Motoren und andere schwere Komponenten aus der Serie der <a href=\"https:\/\/dizalica.hr\/de\/hebezeuge\/elektrokettenzuege\/\" class=\"link1\">elektrischen Ketten-Hebeklemmen<\/a>.<\/p>\n\n<p>Dies ist die Standardgeschwindigkeitsversion des 2-Tonnen-Modells \u2013 sie beh\u00e4lt die gleichen Hubgeschwindigkeiten wie das <a href=\"https:\/\/dizalica.hr\/de\/hebezeuge\/elektrokettenzuge\/elektrische-ketten-hebeklemme-1-000-kg-inverter-zweistufig-23-7-m-min-15-kw\/\" class=\"link1\">1-Tonnen-Modell<\/a> (7\/2,3 m\/min) bei, jedoch mit einem doppelt so starken Motor und doppelter Kette f\u00fcr h\u00f6here Tragf\u00e4higkeit. Die Hebeklemme wird fest an einem Haken oder Stahltr\u00e4ger montiert.<\/p>\t\t\t\t\t\t\t\t<\/div>\n\t\t\t\t<\/div>\n\t\t\t\t<div class=\"elementor-element elementor-element-468ac05 elementor-widget elementor-widget-text-editor\" data-id=\"468ac05\" data-element_type=\"widget\" data-e-type=\"widget\" data-widget_type=\"text-editor.default\">\n\t\t\t\t<div class=\"elementor-widget-container\">\n\t\t\t\t\t\t\t\t\t<h2>Wof\u00fcr wird ein 2-Tonnen-Hebekran verwendet?<\/h2>\n\n<p>Die Tragf\u00e4higkeit von 2 Tonnen deckt ein breites Spektrum industrieller Anwendungen ab. Typische Einsatzbereiche umfassen Metallverarbeitungsbetriebe zur Handhabung von Stahlprofilen, Stahlplatten und geschwei\u00dften Baugruppen, Fertigungslinien zum Transport von Maschinenteilen und Formen zwischen Arbeitsstationen, Energieanlagen f\u00fcr Montage und Wartung von Transformatoren, Pumpen und Generatoren sowie Baustellenlager f\u00fcr die Handhabung von Betonelementen und Bewehrungen.<\/p>\n\n<p>Die Hubgeschwindigkeiten entsprechen dem 1-Tonnen-Modell (schnell 7 m\/min, langsam 2,3 m\/min) \u2013 was bedeutet, dass beim Wechsel zu h\u00f6herer Tragf\u00e4higkeit keine Produktivit\u00e4tsverluste entstehen. Die doppelte Kette mit zwei Str\u00e4ngen verteilt die Last gleichm\u00e4\u00dfig, wodurch der Verschlei\u00df reduziert und die Wartungsintervalle verl\u00e4ngert werden.<\/p>\t\t\t\t\t\t\t\t<\/div>\n\t\t\t\t<\/div>\n\t\t\t\t<div class=\"elementor-element elementor-element-b1815b4 elementor-widget elementor-widget-text-editor\" data-id=\"b1815b4\" data-element_type=\"widget\" data-e-type=\"widget\" data-widget_type=\"text-editor.default\">\n\t\t\t\t<div class=\"elementor-widget-container\">\n\t\t\t\t\t\t\t\t\t<h2>Standard- oder Pr\u00e4zisionsversion mit 2 Tonnen?<\/h2>\n\n<div class=\"table-wrap\">\n<h3>Vergleich der Standard- und Pr\u00e4zisionsversion \u2013 2.000 kg<\/h3>\n<table class=\"styled-table\" role=\"table\" aria-label=\"Vergleich der Standard- und Pr\u00e4zisions-Elektro-Ketten-Hebeklemme 2000 kg\">\n<thead>\n<tr>\n<th style=\"width: 34%; text-align: center;\" scope=\"col\">Merkmal<\/th>\n<th style=\"width: 33%; text-align: center;\" scope=\"col\">2T Standard<\/th>\n<th style=\"width: 33%; text-align: center;\" scope=\"col\">2T Pr\u00e4zision<\/th>\n<\/tr>\n<\/thead>\n<tbody>\n<tr>\n<td style=\"text-align: center;\"><strong>Schnelle Geschwindigkeit<\/strong><\/td>\n<td style=\"text-align: center;\">7 m\/min<\/td>\n<td style=\"text-align: center;\">3,5 m\/min<\/td>\n<\/tr>\n<tr>\n<td style=\"text-align: center;\"><strong>Langsame Geschwindigkeit<\/strong><\/td>\n<td style=\"text-align: center;\">2,3 m\/min<\/td>\n<td style=\"text-align: center;\">1,2 m\/min<\/td>\n<\/tr>\n<tr>\n<td style=\"text-align: center;\"><strong>Leistung<\/strong><\/td>\n<td style=\"text-align: center;\">3 kW<\/td>\n<td style=\"text-align: center;\">1,5 kW<\/td>\n<\/tr>\n<tr>\n<td style=\"text-align: center;\"><strong>Kette<\/strong><\/td>\n<td style=\"text-align: center;\">\u03a6 10 mm \/ 2 Str\u00e4nge<\/td>\n<td style=\"text-align: center;\">\u03a6 7,1 mm \/ 2 Str\u00e4nge<\/td>\n<\/tr>\n<tr>\n<td style=\"text-align: center;\"><strong>Gewicht<\/strong><\/td>\n<td style=\"text-align: center;\">91 kg<\/td>\n<td style=\"text-align: center;\">54 kg<\/td>\n<\/tr>\n<tr>\n<td style=\"text-align: center;\"><strong>UVP<\/strong><\/td>\n<td style=\"text-align: center;\">2.537,50 \u20ac<\/td>\n<td style=\"text-align: center;\">2.100,00 \u20ac<\/td>\n<\/tr>\n<\/tbody>\n<\/table>\n<\/div>\n\n<p>Die Standardversion ist die ideale Wahl f\u00fcr logistische Abl\u00e4ufe, Lager und Produktionslinien, bei denen die Geschwindigkeit der Lastbewegung entscheidend ist \u2013 mit einer schnellen Geschwindigkeit von 7 m\/min ist sie doppelt so schnell wie die Pr\u00e4zisionsversion. Der leistungsstarke 3-kW-Motor gew\u00e4hrleistet Stabilit\u00e4t auch bei voller Tragf\u00e4higkeit von 2 Tonnen.<\/p>\n\n<p><a href=\"https:\/\/dizalica.hr\/de\/hebezeuge\/elektrokettenzuge\/prazise-elektrische-ketten-hebeklemme-2-000-kg-langsame-geschwindigkeit-12-35-m-min-15-kw\/\" class=\"link1\">W\u00e4hlen Sie die pr\u00e4zise 2-Tonnen-Version<\/a>, wenn Sie Montagearbeiten durchf\u00fchren, Maschinen positionieren oder empfindliche Lasten handhaben \u2013 sie ist leichter (54 kg vs. 91 kg) und kosteng\u00fcnstiger (2.100 \u20ac vs. 2.537 \u20ac), da sie einen kleineren Motor mit h\u00f6herem \u00dcbersetzungsverh\u00e4ltnis verwendet.<\/p>\t\t\t\t\t\t\t\t<\/div>\n\t\t\t\t<\/div>\n\t\t\t\t<div class=\"elementor-element elementor-element-94ef338 elementor-widget elementor-widget-text-editor\" data-id=\"94ef338\" data-element_type=\"widget\" data-e-type=\"widget\" data-widget_type=\"text-editor.default\">\n\t\t\t\t<div class=\"elementor-widget-container\">\n\t\t\t\t\t\t\t\t\t<h2>1 Tonne, 2 Tonnen oder 3 Tonnen?<\/h2>\n\n<div class=\"table-wrap\">\n<h3>Vergleich der Standardmodelle 1T, 2T und 3T<\/h3>\n<table class=\"styled-table\" role=\"table\" aria-label=\"Vergleich elektrischer Ketten-Hebeklemmen 1000 kg, 2000 kg und 3000 kg Standardgeschwindigkeit\">\n<thead>\n<tr>\n<th style=\"width: 25%; text-align: center;\" scope=\"col\">Merkmal<\/th>\n<th style=\"width: 25%; text-align: center;\" scope=\"col\">1.000 kg<\/th>\n<th style=\"width: 25%; text-align: center;\" scope=\"col\">2.000 kg<\/th>\n<th style=\"width: 25%; text-align: center;\" scope=\"col\">3.000 kg<\/th>\n<\/tr>\n<\/thead>\n<tbody>\n<tr>\n<td style=\"text-align: center;\"><strong>Hubgeschwindigkeiten<\/strong><\/td>\n<td style=\"text-align: center;\">2,3\u20137 m\/min<\/td>\n<td style=\"text-align: center;\">2,3\u20137 m\/min<\/td>\n<td style=\"text-align: center;\">2,3\u20137 m\/min<\/td>\n<\/tr>\n<tr>\n<td style=\"text-align: center;\"><strong>Leistung<\/strong><\/td>\n<td style=\"text-align: center;\">1,5 kW<\/td>\n<td style=\"text-align: center;\">3 kW<\/td>\n<td style=\"text-align: center;\">3,6 kW<\/td>\n<\/tr>\n<tr>\n<td style=\"text-align: center;\"><strong>Gewicht<\/strong><\/td>\n<td style=\"text-align: center;\">47 kg<\/td>\n<td style=\"text-align: center;\">91 kg<\/td>\n<td style=\"text-align: center;\">104 kg<\/td>\n<\/tr>\n<tr>\n<td style=\"text-align: center;\"><strong>UVP<\/strong><\/td>\n<td style=\"text-align: center;\">1.725,00 \u20ac<\/td>\n<td style=\"text-align: center;\">2.537,50 \u20ac<\/td>\n<td style=\"text-align: center;\">2.587,50 \u20ac<\/td>\n<\/tr>\n<\/tbody>\n<\/table>\n<\/div>\n\n<p>Alle drei Standardmodelle verf\u00fcgen \u00fcber identische Hubgeschwindigkeiten (2,3\u20137 m\/min) \u2013 der Unterschied liegt in der Motorleistung, der Kettenkonstruktion und dem Gewicht. Wenn Ihre Lasten regelm\u00e4\u00dfig unter einer Tonne liegen, bietet das <a href=\"https:\/\/dizalica.hr\/de\/hebezeuge\/elektrokettenzuge\/elektrische-ketten-hebeklemme-1-000-kg-inverter-zweistufig-23-7-m-min-15-kw\/\" class=\"link1\">kleinere Modell<\/a> eine deutlich leichtere Bauweise. Ben\u00f6tigen Sie mehr als 2 Tonnen, ist das <a href=\"https:\/\/dizalica.hr\/de\/hebezeuge\/elektrokettenzuge\/elektrische-ketten-hebeklemme-3-000-kg-standard-zweigang-23-7-m-min-36-kw\/\" class=\"link1\">3-Tonnen-Modell<\/a> nur 50 \u20ac teurer \u2013 allerdings 13 kg schwerer.<\/p>\t\t\t\t\t\t\t\t<\/div>\n\t\t\t\t<\/div>\n\t\t\t\t<div class=\"elementor-element elementor-element-4401ec4 elementor-widget elementor-widget-text-editor\" data-id=\"4401ec4\" data-element_type=\"widget\" data-e-type=\"widget\" data-widget_type=\"text-editor.default\">\n\t\t\t\t<div class=\"elementor-widget-container\">\n\t\t\t\t\t\t\t\t\t<h2>Montage und Erweiterungsm\u00f6glichkeiten<\/h2>\n\n<p>Die Hebeklemme wird fest an einem Haken oder einem Stahltr\u00e4ger montiert. Mit einem Gewicht von 91 kg wird die Montage mit Unterst\u00fctzung einer zweiten Person oder eines Hebezeugs empfohlen. Sie ist kompatibel mit <a href=\"https:\/\/dizalica.hr\/de\/kranbahnen-portale-traversen\/saeulenschwenkkrane\/\" class=\"link1\">Konsolkranen<\/a>, <a href=\"https:\/\/dizalica.hr\/de\/kranbahnen-portale-traversen\/portalkrane\/\" class=\"link1\">Portalrahmen<\/a>, <a href=\"https:\/\/dizalica.hr\/de\/kranbahnen-portale-traversen\/kranbahnen\/\" class=\"link1\">Kranbahnen<\/a> und <a href=\"https:\/\/dizalica.hr\/de\/kranbahnen-portale-traversen\/hebebalken-traversen\/\" class=\"link1\">Hubelementen<\/a>.<\/p>\n\n<p>Ben\u00f6tigen Sie auch eine horizontale Lastbewegung? Sehen Sie sich die <a href=\"https:\/\/dizalica.hr\/de\/hebezeuge\/elektrozuege-fahrwerk\/elektrischer-egle-hubzug-mit-laufkatze-2000-kg-23-7-m-min\/\" class=\"link1\">2-Tonnen-Version mit integriertem Laufkatzenfahrwerk<\/a> an oder kombinieren Sie diese Hebeklemme mit <a href=\"https:\/\/dizalica.hr\/de\/hebezeuge\/laufkatzen-fahrwerke\/\" class=\"link1\">separatem Laufkatzenfahrwerk<\/a>.<\/p>\t\t\t\t\t\t\t\t<\/div>\n\t\t\t\t<\/div>\n\t\t\t\t<div class=\"elementor-element elementor-element-b8b7284 elementor-widget elementor-widget-text-editor\" data-id=\"b8b7284\" data-element_type=\"widget\" data-e-type=\"widget\" data-widget_type=\"text-editor.default\">\n\t\t\t\t<div class=\"elementor-widget-container\">\n\t\t\t\t\t\t\t\t\t<h2>Sicherheitsmerkmale<\/h2>\n\n<p>Die elektromagnetische Reluktanzbremse blockiert die Kette automatisch bei Stromausfall \u2013 bei einer Tragf\u00e4higkeit von 2 Tonnen ist dies eine kritische Sicherheitsfunktion. Die Reibungskupplung verhindert das Heben von Lasten \u00fcber 2.000 kg. Obere und untere Endschalter stoppen den Haken an den Endpositionen. Die Steuerung erfolgt \u00fcber ein H\u00e4ngetaster mit sicherer Spannung von 36 V. Die Frequenzumrichtersteuerung reduziert mechanische Belastungen beim Anfahren und Stoppen, was besonders bei Doppelketten wichtig ist \u2013 pl\u00f6tzliche Geschwindigkeits\u00e4nderungen unter Volllast w\u00fcrden gro\u00dfe dynamische Belastungen auf die Kette und die tragende Konstruktion verursachen. Das Aluminiumgeh\u00e4use mit Schutzart IP55 und der Taster mit Schutzart IP65 gew\u00e4hrleisten den Betrieb unter staubigen und feuchten Bedingungen. Betriebstemperatur von \u201320 \u00b0C bis +40 \u00b0C.<\/p>\t\t\t\t\t\t\t\t<\/div>\n\t\t\t\t<\/div>\n\t\t\t\t<\/div>\n\t\t<div class=\"elementor-element elementor-element-7690fcf e-con-full e-flex e-con e-child\" data-id=\"7690fcf\" data-element_type=\"container\" data-e-type=\"container\">\n\t\t\t\t<div class=\"elementor-element elementor-element-1500299 elementor-widget elementor-widget-text-editor\" data-id=\"1500299\" data-element_type=\"widget\" data-e-type=\"widget\" data-widget_type=\"text-editor.default\">\n\t\t\t\t<div class=\"elementor-widget-container\">\n\t\t\t\t\t\t\t\t\t<h2>Technische Spezifikationen<\/h2>\n\n<div class=\"table-wrap\">\n<h3>Spezifikationen \u2013 elektrische Ketten-Hebeklemme 2.000 kg (Standard)<\/h3>\n<table class=\"styled-table\" role=\"table\" aria-label=\"Technische Spezifikationen elektrische Ketten-Hebeklemme 2000 kg Standardgeschwindigkeit\">\n<thead>\n<tr>\n<th style=\"width: 50%; text-align: center;\" scope=\"col\">Eigenschaft<\/th>\n<th style=\"width: 50%; text-align: center;\" scope=\"col\">Wert<\/th>\n<\/tr>\n<\/thead>\n<tbody>\n<tr>\n<td style=\"text-align: center;\"><strong>Tragf\u00e4higkeit<\/strong><\/td>\n<td style=\"text-align: center;\">2.000 kg<\/td>\n<\/tr>\n<tr>\n<td style=\"text-align: center;\"><strong>Schnelle Hubgeschwindigkeit<\/strong><\/td>\n<td style=\"text-align: center;\">7 m\/min<\/td>\n<\/tr>\n<tr>\n<td style=\"text-align: center;\"><strong>Langsame Hubgeschwindigkeit<\/strong><\/td>\n<td style=\"text-align: center;\">2,3 m\/min<\/td>\n<\/tr>\n<tr>\n<td style=\"text-align: center;\"><strong>Motorleistung<\/strong><\/td>\n<td style=\"text-align: center;\">3 kW<\/td>\n<\/tr>\n<tr>\n<td style=\"text-align: center;\"><strong>Lastkette<\/strong><\/td>\n<td style=\"text-align: center;\">Verg\u00fctete vernickelte G80, \u03a6 10 mm \/ 2 Str\u00e4nge<\/td>\n<\/tr>\n<tr>\n<td style=\"text-align: center;\"><strong>Standard-Hubh\u00f6he<\/strong><\/td>\n<td style=\"text-align: center;\">4 m (auf Anfrage anpassbar)<\/td>\n<\/tr>\n<tr>\n<td style=\"text-align: center;\"><strong>Gewicht der Hebeklemme<\/strong><\/td>\n<td style=\"text-align: center;\">91 kg<\/td>\n<\/tr>\n<tr>\n<td style=\"text-align: center;\"><strong>Zus\u00e4tzliches Gewicht pro Meter Kette<\/strong><\/td>\n<td style=\"text-align: center;\">2,1 kg\/m<\/td>\n<\/tr>\n<tr>\n<td style=\"text-align: center;\"><strong>Stromversorgung<\/strong><\/td>\n<td style=\"text-align: center;\">380V \/ 50Hz (Dreiphasen)<\/td>\n<\/tr>\n<tr>\n<td style=\"text-align: center;\"><strong>Steuerspannung<\/strong><\/td>\n<td style=\"text-align: center;\">36V (Sicherheitsniveau)<\/td>\n<\/tr>\n<tr>\n<td style=\"text-align: center;\"><strong>Geschwindigkeitsregelung<\/strong><\/td>\n<td style=\"text-align: center;\">Frequenzumrichter (Inverter)<\/td>\n<\/tr>\n<tr>\n<td style=\"text-align: center;\"><strong>Geh\u00e4use<\/strong><\/td>\n<td style=\"text-align: center;\">Aluminium, IP55<\/td>\n<\/tr>\n<tr>\n<td style=\"text-align: center;\"><strong>Bedientaster<\/strong><\/td>\n<td style=\"text-align: center;\">H\u00e4ngeausf\u00fchrung, IP65<\/td>\n<\/tr>\n<tr>\n<td style=\"text-align: center;\"><strong>Bremse<\/strong><\/td>\n<td style=\"text-align: center;\">Elektromagnetische Reluktanzbremse<\/td>\n<\/tr>\n<tr>\n<td style=\"text-align: center;\"><strong>\u00dcberlastschutz<\/strong><\/td>\n<td style=\"text-align: center;\">Reibungskupplung (Tarnscheibe)<\/td>\n<\/tr>\n<tr>\n<td style=\"text-align: center;\"><strong>Endschalter<\/strong><\/td>\n<td style=\"text-align: center;\">Oben und unten<\/td>\n<\/tr>\n<tr>\n<td style=\"text-align: center;\"><strong>FEM-Klassifikation<\/strong><\/td>\n<td style=\"text-align: center;\">M5\/2m, ED% 40\/20<\/td>\n<\/tr>\n<tr>\n<td style=\"text-align: center;\"><strong>Betriebstemperatur<\/strong><\/td>\n<td style=\"text-align: center;\">\u201320\u00b0C bis +40\u00b0C<\/td>\n<\/tr>\n<tr>\n<td style=\"text-align: center;\"><strong>Zertifikate<\/strong><\/td>\n<td style=\"text-align: center;\">CE \u2013 EN ISO 12100, EN 60204-1, EN IEC 61000<\/td>\n<\/tr>\n<\/tbody>\n<\/table>\n<\/div>\t\t\t\t\t\t\t\t<\/div>\n\t\t\t\t<\/div>\n\t\t\t\t<\/div>\n\t\t\t\t\t<\/div>\n\t\t\t\t<\/div>\n\t\t<div class=\"elementor-element elementor-element-3ad6c9e e-con-full e-flex e-con e-child\" data-id=\"3ad6c9e\" data-element_type=\"container\" data-e-type=\"container\">\n\t\t\t\t<div class=\"elementor-element elementor-element-f5bf65a elementor-widget elementor-widget-heading\" data-id=\"f5bf65a\" data-element_type=\"widget\" data-e-type=\"widget\" data-widget_type=\"heading.default\">\n\t\t\t\t<div class=\"elementor-widget-container\">\n\t\t\t\t\t<div class=\"elementor-heading-title elementor-size-default\">Sind Sie unsicher, welches Modell der elektrischen Ketten-Hebeklemme f\u00fcr Sie geeignet ist?<\/div>\t\t\t\t<\/div>\n\t\t\t\t<\/div>\n\t\t\t\t<div class=\"elementor-element elementor-element-e84f755 elementor-widget elementor-widget-text-editor\" data-id=\"e84f755\" data-element_type=\"widget\" data-e-type=\"widget\" data-widget_type=\"text-editor.default\">\n\t\t\t\t<div class=\"elementor-widget-container\">\n\t\t\t\t\t\t\t\t\t<p style=\"text-align: center;\">Sehen Sie sich den detaillierten Vergleich aller elektrischen Kettenz\u00fcge an und w\u00e4hlen Sie das Modell, das am besten Ihren Anforderungen entspricht.<\/p>\t\t\t\t\t\t\t\t<\/div>\n\t\t\t\t<\/div>\n\t\t\t\t<div class=\"elementor-element elementor-element-9b593ea elementor-align-center elementor-widget elementor-widget-text_button\" data-id=\"9b593ea\" data-element_type=\"widget\" data-e-type=\"widget\" data-widget_type=\"text_button.default\">\n\t\t\t\t<div class=\"elementor-widget-container\">\n\t\t\t\t\t<div class=\"etheme-button-wrapper\"><a href=\"https:\/\/dizalica.hr\/de\/hebezeuge\/elektrokettenzuege\/#usporedba\" class=\"fill-top has-fill etheme-text-button elementor-button\" role=\"button\">\n        <span class=\"elementor-button-content-wrapper\">\n                        <span class=\"elementor-button-icon animation-background_ltr\">\n                <svg aria-hidden=\"true\" class=\"e-font-icon-svg e-fab-buromobelexperte\" viewBox=\"0 0 448 512\" xmlns=\"http:\/\/www.w3.org\/2000\/svg\"><path d=\"M0 32v128h128V32H0zm120 120H8V40h112v112zm40-120v128h128V32H160zm120 120H168V40h112v112zm40-120v128h128V32H320zm120 120H328V40h112v112zM0 192v128h128V192H0zm120 120H8V200h112v112zm40-120v128h128V192H160zm120 120H168V200h112v112zm40-120v128h128V192H320zm120 120H328V200h112v112zM0 352v128h128V352H0zm120 120H8V360h112v112zm40-120v128h128V352H160zm120 120H168V360h112v112zm40-120v128h128V352H320z\"><\/path><\/svg>            <\/span>\n        \n\t\t\t<span class=\"elementor-button-text\">Vergleich elektrischer Ketten-Hebeklemmen<\/span>\n\n            \n            \n        <\/span><\/a><\/div>\t\t\t\t<\/div>\n\t\t\t\t<\/div>\n\t\t\t\t<\/div>\n\t\t\t\t<\/div>\n\t\t","protected":false},"excerpt":{"rendered":"<p>Elektrische Ketten-Hebeklemme mit einer Tragf\u00e4higkeit von 2.000 kg, ausgestattet mit frequenzgeregelter Steuerung und zwei Hubgeschwindigkeiten \u2013 7 m\/min (schnell) und 2,3 m\/min (langsam). Ein 3 kW Motor mit Doppelkettenantrieb (\u03a6 10 mm \/ 2 Str\u00e4nge) gew\u00e4hrleistet zuverl\u00e4ssiges Heben von Lasten bis zu 2 Tonnen mit Standardgeschwindigkeit.<\/p>\n<p>Standardversion, optimiert f\u00fcr logistische Abl\u00e4ufe und Fertigungslinien, bei denen die Geschwindigkeit der Lastbewegung entscheidend ist. Geh\u00e4rtete, vernickelte G80-Kette, Aluminiumgeh\u00e4use IP55, elektromagnetische Bremse. Gewicht 91 kg. Standard-Hubh\u00f6he 4 m. Feste Montage an Haken oder Tr\u00e4ger.<\/p>\n","protected":false},"featured_media":13153,"comment_status":"open","ping_status":"closed","template":"","meta":[],"etheme_brands":[{"term_id":42,"name":"Gutman","slug":"gutman","term_group":0,"term_taxonomy_id":42,"taxonomy":"brand","description":"","parent":0,"count":241,"filter":"raw","term_order":"0"}],"product_brand":[],"product_cat":[855,851],"product_tag":[402],"class_list":{"0":"post-37694","1":"product","2":"type-product","3":"status-publish","4":"has-post-thumbnail","6":"brand-gutman","7":"product_cat-elektrokettenzuge-01","8":"product_cat-hebezeuge-01","9":"product_tag-en-14492-2","11":"first","12":"instock","13":"taxable","14":"shipping-taxable","15":"purchasable","16":"product-type-simple"},"_links":{"self":[{"href":"https:\/\/dizalica.hr\/de\/wp-json\/wp\/v2\/product\/37694","targetHints":{"allow":["GET"]}}],"collection":[{"href":"https:\/\/dizalica.hr\/de\/wp-json\/wp\/v2\/product"}],"about":[{"href":"https:\/\/dizalica.hr\/de\/wp-json\/wp\/v2\/types\/product"}],"replies":[{"embeddable":true,"href":"https:\/\/dizalica.hr\/de\/wp-json\/wp\/v2\/comments?post=37694"}],"version-history":[{"count":0,"href":"https:\/\/dizalica.hr\/de\/wp-json\/wp\/v2\/product\/37694\/revisions"}],"wp:featuredmedia":[{"embeddable":true,"href":"https:\/\/dizalica.hr\/de\/wp-json\/wp\/v2\/media\/13153"}],"wp:attachment":[{"href":"https:\/\/dizalica.hr\/de\/wp-json\/wp\/v2\/media?parent=37694"}],"wp:term":[{"taxonomy":"brand","embeddable":true,"href":"https:\/\/dizalica.hr\/de\/wp-json\/wp\/v2\/etheme_brands?post=37694"},{"taxonomy":"product_brand","embeddable":true,"href":"https:\/\/dizalica.hr\/de\/wp-json\/wp\/v2\/product_brand?post=37694"},{"taxonomy":"product_cat","embeddable":true,"href":"https:\/\/dizalica.hr\/de\/wp-json\/wp\/v2\/product_cat?post=37694"},{"taxonomy":"product_tag","embeddable":true,"href":"https:\/\/dizalica.hr\/de\/wp-json\/wp\/v2\/product_tag?post=37694"}],"curies":[{"name":"wp","href":"https:\/\/api.w.org\/{rel}","templated":true}]}}