{"id":37693,"date":"2026-05-06T15:39:15","date_gmt":"2026-05-06T13:39:15","guid":{"rendered":"https:\/\/dizalica.hr\/nekategorizirano\/elektrische-ketten-hebeklemme-3-000-kg-standard-zweigang-23-7-m-min-36-kw\/"},"modified":"2026-05-06T15:39:17","modified_gmt":"2026-05-06T13:39:17","slug":"elektrische-ketten-hebeklemme-3-000-kg-standard-zweigang-23-7-m-min-36-kw","status":"publish","type":"product","link":"https:\/\/dizalica.hr\/de\/rocna-in-elektricna-dvigala\/elektricna-verizna-dvigala\/elektrische-ketten-hebeklemme-3-000-kg-standard-zweigang-23-7-m-min-36-kw\/","title":{"rendered":"Elektrische Ketten-Hebeklemme 3.000 kg \u2013 Standard Zweigang 2,3-7 m\/min, 3,6 kW"},"content":{"rendered":"\t\t<div data-elementor-type=\"product-post\" data-elementor-id=\"37693\" class=\"elementor elementor-37693 elementor-13130\" data-elementor-post-type=\"product\">\n\t\t\t\t<div class=\"elementor-element elementor-element-faf41d6 e-flex e-con-boxed e-con e-parent\" data-id=\"faf41d6\" data-element_type=\"container\" data-e-type=\"container\">\n\t\t\t\t\t<div class=\"e-con-inner\">\n\t\t<div class=\"elementor-element elementor-element-38f508f e-con-full e-flex e-con e-child\" data-id=\"38f508f\" data-element_type=\"container\" data-e-type=\"container\">\n\t\t\t\t<div class=\"elementor-element elementor-element-8bc5d08 elementor-widget elementor-widget-text-editor\" data-id=\"8bc5d08\" data-element_type=\"widget\" data-e-type=\"widget\" data-widget_type=\"text-editor.default\">\n\t\t\t\t<div class=\"elementor-widget-container\">\n\t\t\t\t\t\t\t\t\t<h2>Elektrische Hebeklemme 3 Tonnen \u2013 das st\u00e4rkste Standard-Schnellmodell<\/h2>\n\n<p>Die elektrische Ketten-Hebeklemme mit einer Tragf\u00e4higkeit von 3.000 kg ist f\u00fcr schwere industrielle Anwendungen konzipiert \u2013 Metallverarbeitungsbetriebe, Werften, Energieanlagen und gro\u00dfe Produktionshallen. Ein 3,6 kW Motor mit einer einstr\u00e4ngigen Kette gro\u00dfen Durchmessers (\u03a6 11,2 mm) gew\u00e4hrleistet maximale Geschwindigkeit und Durchsatz bei Volllast in der Serie der <a href=\"https:\/\/dizalica.hr\/rucne-elektricne-dizalice\/elektricne-lancane-dizalice\/\" class=\"link1\">elektrischen Ketten-Hebeklemmen<\/a>.<\/p>\n\n<p>Dies ist die standardm\u00e4\u00dfige Schnellversion f\u00fcr eine Tragf\u00e4higkeit von 3 Tonnen \u2013 sie beh\u00e4lt die gleichen Hubgeschwindigkeiten (7\/2,3 m\/min) wie die Modelle mit <a href=\"https:\/\/dizalica.hr\/rucne-elektricne-dizalice\/elektricne-lancane-dizalice\/elektricna-dizalica-egle-1-tona-inverter\/\" class=\"link1\">1 Tonne<\/a> und <a href=\"https:\/\/dizalica.hr\/rucne-elektricne-dizalice\/elektricne-lancane-dizalice\/elektricna-dizalica-egle-2-tone-3kw\/\" class=\"link1\">2 Tonnen<\/a>, was bedeutet, dass der Wechsel zu h\u00f6herer Tragf\u00e4higkeit die Produktivit\u00e4t nicht verringert. Die Hebeklemme wird fest an einem Haken oder einem Stahltr\u00e4ger montiert.<\/p>\t\t\t\t\t\t\t\t<\/div>\n\t\t\t\t<\/div>\n\t\t\t\t<div class=\"elementor-element elementor-element-bd2cd7d elementor-widget elementor-widget-text-editor\" data-id=\"bd2cd7d\" data-element_type=\"widget\" data-e-type=\"widget\" data-widget_type=\"text-editor.default\">\n\t\t\t\t<div class=\"elementor-widget-container\">\n\t\t\t\t\t\t\t\t\t<h2>Wof\u00fcr wird ein 3-Tonnen-Hebekran verwendet?<\/h2>\n\n<p>Die Tragf\u00e4higkeit von drei Tonnen deckt die anspruchsvollsten industriellen Anwendungen ab. Typische Einsatzbereiche umfassen metallverarbeitende Betriebe zur Handhabung von Stahlkonstruktionen, geschwei\u00dften Baugruppen und gro\u00dfen Stahlplatten, Werften f\u00fcr die Handhabung von Schiffsteilen und Propellern, Energieanlagen f\u00fcr die Montage von Transformatoren, Generatoren und Turbinenteilen sowie Baustellenlager f\u00fcr die Handhabung von Betonelementen und Bewehrungsnetzen.<\/p>\n\n<p>Eine einarmige Kette mit gro\u00dfem Durchmesser (\u03a6 11,2 mm) erm\u00f6glicht eine schnelle Hubgeschwindigkeit von 7 m\/min selbst bei voller Last von 3 Tonnen \u2013 im Gegensatz zu pr\u00e4zisen und ultraschnellen Versionen, die mehrarmige Ketten mit kleinerem Durchmesser verwenden, um eine h\u00f6here Tragf\u00e4higkeit auf Kosten der Geschwindigkeit zu erreichen.<\/p>\t\t\t\t\t\t\t\t<\/div>\n\t\t\t\t<\/div>\n\t\t\t\t<div class=\"elementor-element elementor-element-6a58743 elementor-widget elementor-widget-text-editor\" data-id=\"6a58743\" data-element_type=\"widget\" data-e-type=\"widget\" data-widget_type=\"text-editor.default\">\n\t\t\t\t<div class=\"elementor-widget-container\">\n\t\t\t\t\t\t\t\t\t<h2>Drei Versionen mit 3 Tonnen \u2013 Standard, Pr\u00e4zise oder Ultra Langsam?<\/h2>\n\n<div class=\"table-wrap\">\n<h3>Vergleich aller drei Versionen \u2013 3.000 kg<\/h3>\n<table class=\"styled-table\" role=\"table\" aria-label=\"Vergleich der Standard-, Pr\u00e4zisions- und Ultra-Langsam-Elektro-Kettenz\u00fcge 3000 kg\">\n<thead>\n<tr>\n<th style=\"width: 25%; text-align: center;\" scope=\"col\">Eigenschaft<\/th>\n<th style=\"width: 25%; text-align: center;\" scope=\"col\">3T Standard<\/th>\n<th style=\"width: 25%; text-align: center;\" scope=\"col\">3T Pr\u00e4zise<\/th>\n<th style=\"width: 25%; text-align: center;\" scope=\"col\">3T Ultra Langsam<\/th>\n<\/tr>\n<\/thead>\n<tbody>\n<tr>\n<td style=\"text-align: center;\"><strong>Schnelle Geschwindigkeit<\/strong><\/td>\n<td style=\"text-align: center;\">7 m\/min<\/td>\n<td style=\"text-align: center;\">3,5 m\/min<\/td>\n<td style=\"text-align: center;\">2,3 m\/min<\/td>\n<\/tr>\n<tr>\n<td style=\"text-align: center;\"><strong>Langsame Geschwindigkeit<\/strong><\/td>\n<td style=\"text-align: center;\">2,3 m\/min<\/td>\n<td style=\"text-align: center;\">1,2 m\/min<\/td>\n<td style=\"text-align: center;\">0,8 m\/min<\/td>\n<\/tr>\n<tr>\n<td style=\"text-align: center;\"><strong>Leistung<\/strong><\/td>\n<td style=\"text-align: center;\">3,6 kW<\/td>\n<td style=\"text-align: center;\">3 kW<\/td>\n<td style=\"text-align: center;\">1,5 kW<\/td>\n<\/tr>\n<tr>\n<td style=\"text-align: center;\"><strong>Kette<\/strong><\/td>\n<td style=\"text-align: center;\">\u03a6 11,2 \/ 1<\/td>\n<td style=\"text-align: center;\">\u03a6 10 \/ 2<\/td>\n<td style=\"text-align: center;\">\u03a6 7,1 \/ 3<\/td>\n<\/tr>\n<tr>\n<td style=\"text-align: center;\"><strong>Gewicht<\/strong><\/td>\n<td style=\"text-align: center;\">104 kg<\/td>\n<td style=\"text-align: center;\">108 kg<\/td>\n<td style=\"text-align: center;\">68 kg<\/td>\n<\/tr>\n<tr>\n<td style=\"text-align: center;\"><strong>UVP<\/strong><\/td>\n<td style=\"text-align: center;\">2.587,50 \u20ac<\/td>\n<td style=\"text-align: center;\">2.825,00 \u20ac<\/td>\n<td style=\"text-align: center;\">2.387,50 \u20ac<\/td>\n<\/tr>\n<\/tbody>\n<\/table>\n<\/div>\n\n<p>Die Standardversion ist die ideale Wahl f\u00fcr Betriebe, in denen Lasten von 1\u20133 Tonnen schnell und h\u00e4ufig gehoben werden. Mit einer Geschwindigkeit von 7 m\/min ist sie dreimal schneller als die Ultra Langsame Version und zugleich die preisg\u00fcnstigste der drei Varianten.<\/p>\n\n<p><a href=\"https:\/\/dizalica.hr\/rucne-elektricne-dizalice\/elektricne-lancane-dizalice\/elektricna-dizalica-egle-3t-precizna-montaza\/\" class=\"link1\">W\u00e4hlen Sie die Pr\u00e4zisionsversion<\/a> f\u00fcr Montagearbeiten \u2013 Geschwindigkeiten von 1,2\u20133,5 m\/min bieten eine doppelt so pr\u00e4zise Lastkontrolle. <a href=\"https:\/\/dizalica.hr\/rucne-elektricne-dizalice\/elektricne-lancane-dizalice\/el-dizalica-egle-3t-ultra-precizna\/\" class=\"link1\">Die Ultra Langsame Version<\/a> empfiehlt sich f\u00fcr besonders sensible Anwendungen \u2013 die langsame Geschwindigkeit von 0,8 m\/min (13 mm\/s) erm\u00f6glicht eine millimetergenaue Positionierung von 3-Tonnen-Lasten. Trotz der niedrigsten Geschwindigkeit ist sie zugleich die leichteste (68 kg) und preiswerteste Variante (2.387,50 \u20ac).<\/p>\t\t\t\t\t\t\t\t<\/div>\n\t\t\t\t<\/div>\n\t\t\t\t<div class=\"elementor-element elementor-element-8f34273 elementor-widget elementor-widget-text-editor\" data-id=\"8f34273\" data-element_type=\"widget\" data-e-type=\"widget\" data-widget_type=\"text-editor.default\">\n\t\t\t\t<div class=\"elementor-widget-container\">\n\t\t\t\t\t\t\t\t\t<h2>Montage und Erweiterungsm\u00f6glichkeiten<\/h2>\n\n<p>Die Hebeklemme wird fest an einem Haken oder einem Stahltr\u00e4ger montiert. Mit einem Gewicht von 104 kg wird die Montage mithilfe eines Hebezeugs oder einer Winde empfohlen. Sie ist kompatibel mit <a href=\"https:\/\/dizalica.hr\/kranovi-portali-grede\/mosne-dizalice\/\" class=\"link1\">Br\u00fcckenkranen<\/a>, <a href=\"https:\/\/dizalica.hr\/kranovi-portali-grede\/stupne-konzolne-dizalice\/\" class=\"link1\">Konsolkranen<\/a> mit entsprechender Tragf\u00e4higkeit, <a href=\"https:\/\/dizalica.hr\/kranovi-portali-grede\/portalni-stalci\/\" class=\"link1\">Portalkonstruktionen<\/a> sowie <a href=\"https:\/\/dizalica.hr\/kranovi-portali-grede\/kranske-staze\/\" class=\"link1\">Kranbahnen<\/a>.<\/p>\n\n<p>Ben\u00f6tigen Sie auch eine horizontale Lastbewegung? Sehen Sie sich die <a href=\"https:\/\/dizalica.hr\/rucne-elektricne-dizalice\/elektricne-dizalice-s-ovjesnim-kolicima\/elektricna-dizalica-ovjesna-kolica-3-tone-36kw\/\" class=\"link1\">3-Tonnen-Version mit integriertem Laufkatzenaufh\u00e4ngung<\/a> f\u00fcr die Montage an Kranbahnen oder Br\u00fcckenkranen an.<\/p>\t\t\t\t\t\t\t\t<\/div>\n\t\t\t\t<\/div>\n\t\t\t\t<div class=\"elementor-element elementor-element-06c79b1 elementor-widget elementor-widget-text-editor\" data-id=\"06c79b1\" data-element_type=\"widget\" data-e-type=\"widget\" data-widget_type=\"text-editor.default\">\n\t\t\t\t<div class=\"elementor-widget-container\">\n\t\t\t\t\t\t\t\t\t<h2>Sicherheitsmerkmale<\/h2>\n\n<p>Die elektromagnetische Reluktanzbremse blockiert die Kette automatisch bei Stromausfall \u2013 bei einer Tragf\u00e4higkeit von 3 Tonnen und einer Geschwindigkeit von 7 m\/min ist dies eine kritische Sicherheitsfunktion, da sie eine Last von fast 3 Tonnen in Bewegung stoppt. Die Reibungskupplung verhindert das Heben von Lasten \u00fcber 3.000 kg. Obere und untere Endschalter stoppen den Haken an den Endpositionen. Die Steuerung erfolgt \u00fcber ein H\u00e4ngetaster mit sicherer Spannung von 36 V. Die Frequenzumrichtersteuerung reduziert dynamische Belastungen beim Anfahren und Stoppen erheblich \u2013 ein abruptes Stoppen ohne Frequenzumrichter w\u00fcrde gro\u00dfe Kr\u00e4fte auf die Kette und die tragende Konstruktion aus\u00fcben. Das Aluminiumgeh\u00e4use mit Schutzart IP55 und der Taster mit Schutzart IP65 gew\u00e4hrleisten den Betrieb unter staubigen und feuchten Bedingungen. Betriebstemperatur von \u201320 \u00b0C bis +40 \u00b0C.<\/p>\t\t\t\t\t\t\t\t<\/div>\n\t\t\t\t<\/div>\n\t\t\t\t<\/div>\n\t\t<div class=\"elementor-element elementor-element-da350d4 e-con-full e-flex e-con e-child\" data-id=\"da350d4\" data-element_type=\"container\" data-e-type=\"container\">\n\t\t\t\t<div class=\"elementor-element elementor-element-592b06c elementor-widget elementor-widget-text-editor\" data-id=\"592b06c\" data-element_type=\"widget\" data-e-type=\"widget\" data-widget_type=\"text-editor.default\">\n\t\t\t\t<div class=\"elementor-widget-container\">\n\t\t\t\t\t\t\t\t\t<h2>Technische Spezifikationen<\/h2>\n\n<div class=\"table-wrap\">\n<h3>Spezifikationen \u2013 Elektrische Ketten-Hebeklemme 3.000 kg (Standard)<\/h3>\n<table class=\"styled-table\" role=\"table\" aria-label=\"Technische Spezifikationen elektrische Ketten-Hebeklemme 3000 kg Standardgeschwindigkeit\">\n<thead>\n<tr>\n<th style=\"width: 50%; text-align: center;\" scope=\"col\">Eigenschaft<\/th>\n<th style=\"width: 50%; text-align: center;\" scope=\"col\">Wert<\/th>\n<\/tr>\n<\/thead>\n<tbody>\n<tr>\n<td style=\"text-align: center;\"><strong>Tragf\u00e4higkeit<\/strong><\/td>\n<td style=\"text-align: center;\">3.000 kg<\/td>\n<\/tr>\n<tr>\n<td style=\"text-align: center;\"><strong>Schnelle Hubgeschwindigkeit<\/strong><\/td>\n<td style=\"text-align: center;\">7 m\/min<\/td>\n<\/tr>\n<tr>\n<td style=\"text-align: center;\"><strong>Langsame Hubgeschwindigkeit<\/strong><\/td>\n<td style=\"text-align: center;\">2,3 m\/min<\/td>\n<\/tr>\n<tr>\n<td style=\"text-align: center;\"><strong>Motorleistung<\/strong><\/td>\n<td style=\"text-align: center;\">3,6 kW<\/td>\n<\/tr>\n<tr>\n<td style=\"text-align: center;\"><strong>Lastkette<\/strong><\/td>\n<td style=\"text-align: center;\">Verg\u00fctete, vernickelte G80, \u03a6 11,2 mm \/ 1 Strang<\/td>\n<\/tr>\n<tr>\n<td style=\"text-align: center;\"><strong>Standard-Hubh\u00f6he<\/strong><\/td>\n<td style=\"text-align: center;\">4 m (auf Anfrage anpassbar)<\/td>\n<\/tr>\n<tr>\n<td style=\"text-align: center;\"><strong>Gewicht der Hebeklemme<\/strong><\/td>\n<td style=\"text-align: center;\">104 kg<\/td>\n<\/tr>\n<tr>\n<td style=\"text-align: center;\"><strong>Zus\u00e4tzliches Gewicht pro Meter Kette<\/strong><\/td>\n<td style=\"text-align: center;\">2,6 kg\/m<\/td>\n<\/tr>\n<tr>\n<td style=\"text-align: center;\"><strong>Stromversorgung<\/strong><\/td>\n<td style=\"text-align: center;\">380V \/ 50Hz (Dreiphasen)<\/td>\n<\/tr>\n<tr>\n<td style=\"text-align: center;\"><strong>Steuerspannung<\/strong><\/td>\n<td style=\"text-align: center;\">36V (Sicherheitsspannung)<\/td>\n<\/tr>\n<tr>\n<td style=\"text-align: center;\"><strong>Geschwindigkeitsregelung<\/strong><\/td>\n<td style=\"text-align: center;\">Frequenzumrichter (Inverter)<\/td>\n<\/tr>\n<tr>\n<td style=\"text-align: center;\"><strong>Geh\u00e4use<\/strong><\/td>\n<td style=\"text-align: center;\">Aluminium, IP55<\/td>\n<\/tr>\n<tr>\n<td style=\"text-align: center;\"><strong>Bedientaster<\/strong><\/td>\n<td style=\"text-align: center;\">H\u00e4ngeausf\u00fchrung, IP65<\/td>\n<\/tr>\n<tr>\n<td style=\"text-align: center;\"><strong>Bremse<\/strong><\/td>\n<td style=\"text-align: center;\">Elektromagnetische Reluktanzbremse<\/td>\n<\/tr>\n<tr>\n<td style=\"text-align: center;\"><strong>\u00dcberlastschutz<\/strong><\/td>\n<td style=\"text-align: center;\">Reibungskupplung (Tarnkupplung)<\/td>\n<\/tr>\n<tr>\n<td style=\"text-align: center;\"><strong>Endschalter<\/strong><\/td>\n<td style=\"text-align: center;\">Oben und unten<\/td>\n<\/tr>\n<tr>\n<td style=\"text-align: center;\"><strong>FEM-Klassifikation<\/strong><\/td>\n<td style=\"text-align: center;\">M5\/2m, ED% 40\/20<\/td>\n<\/tr>\n<tr>\n<td style=\"text-align: center;\"><strong>Betriebstemperatur<\/strong><\/td>\n<td style=\"text-align: center;\">\u201320\u00b0C bis +40\u00b0C<\/td>\n<\/tr>\n<tr>\n<td style=\"text-align: center;\"><strong>Zertifikate<\/strong><\/td>\n<td style=\"text-align: center;\">CE \u2013 EN ISO 12100, EN 60204-1, EN IEC 61000<\/td>\n<\/tr>\n<\/tbody>\n<\/table>\n<\/div>\t\t\t\t\t\t\t\t<\/div>\n\t\t\t\t<\/div>\n\t\t\t\t<\/div>\n\t\t\t\t\t<\/div>\n\t\t\t\t<\/div>\n\t\t<div class=\"elementor-element elementor-element-6dee886 e-con-full e-flex e-con e-child\" data-id=\"6dee886\" data-element_type=\"container\" data-e-type=\"container\">\n\t\t\t\t<div class=\"elementor-element elementor-element-8d605fe elementor-widget elementor-widget-heading\" data-id=\"8d605fe\" data-element_type=\"widget\" data-e-type=\"widget\" data-widget_type=\"heading.default\">\n\t\t\t\t<div class=\"elementor-widget-container\">\n\t\t\t\t\t<div class=\"elementor-heading-title elementor-size-default\">Sind Sie unsicher, welches Modell der elektrischen Ketten-Hebeklemme f\u00fcr Ihre Anforderungen geeignet ist?<\/div>\t\t\t\t<\/div>\n\t\t\t\t<\/div>\n\t\t\t\t<div class=\"elementor-element elementor-element-4eb2576 elementor-widget elementor-widget-text-editor\" data-id=\"4eb2576\" data-element_type=\"widget\" data-e-type=\"widget\" data-widget_type=\"text-editor.default\">\n\t\t\t\t<div class=\"elementor-widget-container\">\n\t\t\t\t\t\t\t\t\t<p style=\"text-align: center;\">Sehen Sie sich den detaillierten Vergleich aller elektrischen Ketten-Hebeklemmen an und w\u00e4hlen Sie das Modell, das am besten Ihren Anforderungen entspricht.<\/p>\t\t\t\t\t\t\t\t<\/div>\n\t\t\t\t<\/div>\n\t\t\t\t<div class=\"elementor-element elementor-element-b15858c elementor-align-center elementor-widget elementor-widget-text_button\" data-id=\"b15858c\" data-element_type=\"widget\" data-e-type=\"widget\" data-widget_type=\"text_button.default\">\n\t\t\t\t<div class=\"elementor-widget-container\">\n\t\t\t\t\t<div class=\"etheme-button-wrapper\"><a href=\"https:\/\/dizalica.hr\/rucne-elektricne-dizalice\/elektricne-lancane-dizalice\/#usporedba\" class=\"fill-top has-fill etheme-text-button elementor-button\" role=\"button\">\n        <span class=\"elementor-button-content-wrapper\">\n                        <span class=\"elementor-button-icon animation-background_ltr\">\n                <svg aria-hidden=\"true\" class=\"e-font-icon-svg e-fab-buromobelexperte\" viewBox=\"0 0 448 512\" xmlns=\"http:\/\/www.w3.org\/2000\/svg\"><path d=\"M0 32v128h128V32H0zm120 120H8V40h112v112zm40-120v128h128V32H160zm120 120H168V40h112v112zm40-120v128h128V32H320zm120 120H328V40h112v112zM0 192v128h128V192H0zm120 120H8V200h112v112zm40-120v128h128V192H160zm120 120H168V200h112v112zm40-120v128h128V192H320zm120 120H328V200h112v112zM0 352v128h128V352H0zm120 120H8V360h112v112zm40-120v128h128V352H160zm120 120H168V360h112v112zm40-120v128h128V352H320z\"><\/path><\/svg>            <\/span>\n        \n\t\t\t<span class=\"elementor-button-text\">Vergleich elektrischer Ketten-Hebeger\u00e4te<\/span>\n\n            \n            \n        <\/span><\/a><\/div>\t\t\t\t<\/div>\n\t\t\t\t<\/div>\n\t\t\t\t<\/div>\n\t\t\t\t<\/div>\n\t\t","protected":false},"excerpt":{"rendered":"<p>Elektrische Ketten-Hebeklemme mit einer Tragf\u00e4higkeit von 3.000 kg, ausgestattet mit frequenzgesteuerter Steuerung und zwei Hubgeschwindigkeiten \u2013 7 m\/min (schnell) und 2,3 m\/min (langsam). Das leistungsst\u00e4rkste Standard-Schnellmodell der EGLE-Serie \u2013 3,6 kW Motor mit einstr\u00e4ngigem Kettenrad gro\u00dfer Dimension (\u03a6 11,2 mm) f\u00fcr maximale Geschwindigkeit bei Volllast.<\/p>\n<p>Eine von drei Geschwindigkeitsvarianten f\u00fcr eine Tragf\u00e4higkeit von 3 Tonnen \u2013 Standard, pr\u00e4zise und ultra-langsam. Verg\u00fctete, vernickelte G80-Kette, Aluminiumgeh\u00e4use IP55, elektromagnetische Bremse. Gewicht 104 kg. Standard-Hubh\u00f6he 4 m. Feste Montage an Haken oder Tr\u00e4ger.<\/p>\n","protected":false},"featured_media":13145,"comment_status":"open","ping_status":"closed","template":"","meta":[],"etheme_brands":[{"term_id":42,"name":"Gutman","slug":"gutman","term_group":0,"term_taxonomy_id":42,"taxonomy":"brand","description":"","parent":0,"count":345,"filter":"raw","term_order":"0"}],"product_brand":[],"product_cat":[856,852],"product_tag":[402],"class_list":{"0":"post-37693","1":"product","2":"type-product","3":"status-publish","4":"has-post-thumbnail","6":"brand-gutman","7":"product_cat-elektricna-verizna-dvigala-01","8":"product_cat-rocna-in-elektricna-dvigala-01","9":"product_tag-en-14492-2","11":"first","12":"instock","13":"taxable","14":"shipping-taxable","15":"purchasable","16":"product-type-simple"},"_links":{"self":[{"href":"https:\/\/dizalica.hr\/de\/wp-json\/wp\/v2\/product\/37693","targetHints":{"allow":["GET"]}}],"collection":[{"href":"https:\/\/dizalica.hr\/de\/wp-json\/wp\/v2\/product"}],"about":[{"href":"https:\/\/dizalica.hr\/de\/wp-json\/wp\/v2\/types\/product"}],"replies":[{"embeddable":true,"href":"https:\/\/dizalica.hr\/de\/wp-json\/wp\/v2\/comments?post=37693"}],"version-history":[{"count":0,"href":"https:\/\/dizalica.hr\/de\/wp-json\/wp\/v2\/product\/37693\/revisions"}],"wp:featuredmedia":[{"embeddable":true,"href":"https:\/\/dizalica.hr\/de\/wp-json\/wp\/v2\/media\/13145"}],"wp:attachment":[{"href":"https:\/\/dizalica.hr\/de\/wp-json\/wp\/v2\/media?parent=37693"}],"wp:term":[{"taxonomy":"brand","embeddable":true,"href":"https:\/\/dizalica.hr\/de\/wp-json\/wp\/v2\/etheme_brands?post=37693"},{"taxonomy":"product_brand","embeddable":true,"href":"https:\/\/dizalica.hr\/de\/wp-json\/wp\/v2\/product_brand?post=37693"},{"taxonomy":"product_cat","embeddable":true,"href":"https:\/\/dizalica.hr\/de\/wp-json\/wp\/v2\/product_cat?post=37693"},{"taxonomy":"product_tag","embeddable":true,"href":"https:\/\/dizalica.hr\/de\/wp-json\/wp\/v2\/product_tag?post=37693"}],"curies":[{"name":"wp","href":"https:\/\/api.w.org\/{rel}","templated":true}]}}