{"id":37647,"date":"2026-05-06T12:46:40","date_gmt":"2026-05-06T10:46:40","guid":{"rendered":"https:\/\/dizalica.hr\/nekategorizirano\/prazise-elektrische-ketten-hebeklemme-2-000-kg-langsame-geschwindigkeit-12-35-m-min-15-kw\/"},"modified":"2026-05-06T12:46:41","modified_gmt":"2026-05-06T10:46:41","slug":"prazise-elektrische-ketten-hebeklemme-2-000-kg-langsame-geschwindigkeit-12-35-m-min-15-kw","status":"publish","type":"product","link":"https:\/\/dizalica.hr\/de\/rocna-in-elektricna-dvigala\/elektricna-verizna-dvigala\/prazise-elektrische-ketten-hebeklemme-2-000-kg-langsame-geschwindigkeit-12-35-m-min-15-kw\/","title":{"rendered":"Pr\u00e4zise elektrische Ketten-Hebeklemme 2.000 kg + langsame Geschwindigkeit 1,2-3,5 m\/min, 1,5 kW"},"content":{"rendered":"\t\t<div data-elementor-type=\"product-post\" data-elementor-id=\"37647\" class=\"elementor elementor-37647 elementor-13129\" data-elementor-post-type=\"product\">\n\t\t\t\t<div class=\"elementor-element elementor-element-c7ad373 e-flex e-con-boxed e-con e-parent\" data-id=\"c7ad373\" data-element_type=\"container\" data-e-type=\"container\">\n\t\t\t\t\t<div class=\"e-con-inner\">\n\t\t<div class=\"elementor-element elementor-element-6b7db08 e-con-full e-flex e-con e-child\" data-id=\"6b7db08\" data-element_type=\"container\" data-e-type=\"container\">\n\t\t\t\t<div class=\"elementor-element elementor-element-ee1f910 elementor-widget elementor-widget-text-editor\" data-id=\"ee1f910\" data-element_type=\"widget\" data-e-type=\"widget\" data-widget_type=\"text-editor.default\">\n\t\t\t\t<div class=\"elementor-widget-container\">\n\t\t\t\t\t\t\t\t\t<h2>Pr\u00e4zise Hebeklemme 2 Tonnen \u2013 wenn Kontrolle wichtiger ist als Geschwindigkeit<\/h2>\n\n<p>Die pr\u00e4zise elektrische Ketten-Hebeklemme mit einer Tragf\u00e4higkeit von 2.000 kg wurde f\u00fcr Anwendungen entwickelt, bei denen kontrolliertes Heben und Senken der Last Vorrang vor der Transportgeschwindigkeit hat. Mit Hebegeschwindigkeiten von 3,5 m\/min (schnell) und 1,2 m\/min (langsam) bietet sie eine doppelt so hohe Positioniergenauigkeit im Vergleich zur <a href=\"https:\/\/dizalica.hr\/rucne-elektricne-dizalice\/elektricne-lancane-dizalice\/elektricna-dizalica-egle-2-tone-3kw\/\" class=\"link1\">Standardversion mit 2 Tonnen<\/a>.<\/p>\n\n<p>Der entscheidende Unterschied liegt in der Konstruktion: Ein kleinerer Motor mit 1,5 kW nutzt eine doppelte Kette mit kleinerem Durchmesser (\u03a6 7,1 mm \/ 2 Str\u00e4nge) und einem h\u00f6heren \u00dcbersetzungsverh\u00e4ltnis. Das Ergebnis ist dieselbe Tragf\u00e4higkeit von 2 Tonnen bei halbierter Leistung, einer deutlich leichteren Bauweise (54 kg vs. 91 kg) und einem niedrigeren Preis. Teil der <a href=\"https:\/\/dizalica.hr\/rucne-elektricne-dizalice\/elektricne-lancane-dizalice\/\" class=\"link1\">Serie elektrischer Ketten-Hebeklemmen<\/a> mit Frequenzumrichtersteuerung.<\/p>\t\t\t\t\t\t\t\t<\/div>\n\t\t\t\t<\/div>\n\t\t\t\t<div class=\"elementor-element elementor-element-45cf6b3 elementor-widget elementor-widget-text-editor\" data-id=\"45cf6b3\" data-element_type=\"widget\" data-e-type=\"widget\" data-widget_type=\"text-editor.default\">\n\t\t\t\t<div class=\"elementor-widget-container\">\n\t\t\t\t\t\t\t\t\t<h2>Wof\u00fcr wird die pr\u00e4zise 2-Tonnen-Hebeklemme verwendet?<\/h2>\n\n<p>Die pr\u00e4zise Ausf\u00fchrung ist f\u00fcr Szenarien konzipiert, in denen ein schnelles Absenken der Last Sch\u00e4den oder Sicherheitsrisiken verursachen k\u00f6nnte. Typische Anwendungen umfassen Montagearbeiten zur pr\u00e4zisen Positionierung von Maschinen, Pumpen und Aggregaten auf Stahlplatten, die Produktion und Montage zur Installation empfindlicher Komponenten in gr\u00f6\u00dfere Baugruppen, Labore und Pr\u00fcfanlagen f\u00fcr die Handhabung von Messger\u00e4ten und Pr\u00fcfmustern sowie den Service f\u00fcr das Herausnehmen und Wiedereinsetzen von Teilen in engen R\u00e4umen.<\/p>\n\n<p>Die langsame Hubgeschwindigkeit von 1,2 m\/min erm\u00f6glicht ein Absenken der Last von nur 20 mm pro Sekunde \u2013 langsam genug, um die Position visuell zu \u00fcberwachen und in Echtzeit zu korrigieren. In Kombination mit der frequenzgeregelten Steuerung, die ruckartige Bewegungen eliminiert, bietet diese Hebeklemme ein Ma\u00df an Kontrolle, das Standardmodelle nicht erreichen k\u00f6nnen.<\/p>\t\t\t\t\t\t\t\t<\/div>\n\t\t\t\t<\/div>\n\t\t\t\t<div class=\"elementor-element elementor-element-caa1ec7 elementor-widget elementor-widget-text-editor\" data-id=\"caa1ec7\" data-element_type=\"widget\" data-e-type=\"widget\" data-widget_type=\"text-editor.default\">\n\t\t\t\t<div class=\"elementor-widget-container\">\n\t\t\t\t\t\t\t\t\t<h2>Pr\u00e4zise oder Standard \u2013 wie w\u00e4hlen Sie richtig?<\/h2>\n\n<div class=\"table-wrap\">\n<h3>Detaillierter Vergleich \u2013 Standard- vs. Pr\u00e4zisionsversion 2.000 kg<\/h3>\n<table class=\"styled-table\" role=\"table\" aria-label=\"Detaillierter Vergleich der Standard- und Pr\u00e4zisions-Elektroketten-Hebeklemme 2000 kg\">\n<thead>\n<tr>\n<th style=\"width: 34%; text-align: center;\" scope=\"col\">Merkmal<\/th>\n<th style=\"width: 33%; text-align: center;\" scope=\"col\">2T Standard<\/th>\n<th style=\"width: 33%; text-align: center;\" scope=\"col\">2T Pr\u00e4zision<\/th>\n<\/tr>\n<\/thead>\n<tbody>\n<tr>\n<td style=\"text-align: center;\"><strong>Schnelle Geschwindigkeit<\/strong><\/td>\n<td style=\"text-align: center;\">7 m\/min<\/td>\n<td style=\"text-align: center;\">3,5 m\/min<\/td>\n<\/tr>\n<tr>\n<td style=\"text-align: center;\"><strong>Langsame Geschwindigkeit<\/strong><\/td>\n<td style=\"text-align: center;\">2,3 m\/min<\/td>\n<td style=\"text-align: center;\">1,2 m\/min<\/td>\n<\/tr>\n<tr>\n<td style=\"text-align: center;\"><strong>Leistung<\/strong><\/td>\n<td style=\"text-align: center;\">3 kW<\/td>\n<td style=\"text-align: center;\">1,5 kW<\/td>\n<\/tr>\n<tr>\n<td style=\"text-align: center;\"><strong>Kette<\/strong><\/td>\n<td style=\"text-align: center;\">\u03a6 10 \/ 2 Str\u00e4nge<\/td>\n<td style=\"text-align: center;\">\u03a6 7,1 \/ 2 Str\u00e4nge<\/td>\n<\/tr>\n<tr>\n<td style=\"text-align: center;\"><strong>Gewicht<\/strong><\/td>\n<td style=\"text-align: center;\">91 kg<\/td>\n<td style=\"text-align: center;\">54 kg<\/td>\n<\/tr>\n<tr>\n<td style=\"text-align: center;\"><strong>UVP<\/strong><\/td>\n<td style=\"text-align: center;\">2.537,50 \u20ac<\/td>\n<td style=\"text-align: center;\">2.100,00 \u20ac<\/td>\n<\/tr>\n<\/tbody>\n<\/table>\n<\/div>\n\n<p>Die Pr\u00e4zisionsversion bietet erhebliche Vorteile f\u00fcr Montageanwendungen: 41 % leichterer Aufbau, geringerer Energieverbrauch und ein niedrigerer Preis. Der kleinere 1,5-kW-Motor erzeugt weniger Vibrationen \u2013 was die Positioniergenauigkeit zus\u00e4tzlich verbessert.<\/p>\n\n<p><a href=\"https:\/\/dizalica.hr\/rucne-elektricne-dizalice\/elektricne-lancane-dizalice\/elektricna-dizalica-egle-2-tone-3kw\/\" class=\"link1\">W\u00e4hlen Sie die Standardversion mit 2 Tonnen<\/a> f\u00fcr logistische Abl\u00e4ufe und Produktionslinien, bei denen die Geschwindigkeit der Lastbewegung entscheidend ist \u2013 mit einer schnellen Geschwindigkeit von 7 m\/min ist sie doppelt so schnell wie die Pr\u00e4zisionsversion.<\/p>\t\t\t\t\t\t\t\t<\/div>\n\t\t\t\t<\/div>\n\t\t\t\t<div class=\"elementor-element elementor-element-e0c5233 elementor-widget elementor-widget-text-editor\" data-id=\"e0c5233\" data-element_type=\"widget\" data-e-type=\"widget\" data-widget_type=\"text-editor.default\">\n\t\t\t\t<div class=\"elementor-widget-container\">\n\t\t\t\t\t\t\t\t\t<h2>Montage und Erweiterungsm\u00f6glichkeiten<\/h2>\n\n<p>Die Hebeklemme wird fest an einem Haken oder einem Stahltr\u00e4ger montiert. Mit einem Gewicht von nur 54 kg ist dies das leichteste Modell mit einer Tragf\u00e4higkeit von 2 Tonnen in der Serie \u2013 ideal f\u00fcr Konstruktionen mit begrenzter Tragf\u00e4higkeit oder f\u00fcr eine einfachere Montage. Sie ist kompatibel mit <a href=\"https:\/\/dizalica.hr\/kranovi-portali-grede\/stupne-konzolne-dizalice\/\" class=\"link1\">Konsolkranen<\/a>, <a href=\"https:\/\/dizalica.hr\/kranovi-portali-grede\/portalni-stalci\/\" class=\"link1\">Portalrahmen<\/a>, <a href=\"https:\/\/dizalica.hr\/kranovi-portali-grede\/kranske-staze\/\" class=\"link1\">Kranbahnen<\/a> und <a href=\"https:\/\/dizalica.hr\/kranovi-portali-grede\/podizne-grede-traverze\/\" class=\"link1\">Hebetr\u00e4gern<\/a>.<\/p>\n\n<p>Ben\u00f6tigen Sie auch eine horizontale Lastverlagerung? Sehen Sie sich die <a href=\"https:\/\/dizalica.hr\/rucne-elektricne-dizalice\/elektricne-dizalice-s-ovjesnim-kolicima\/elektricna-dizalica-kolica-2t-precizna-trolley\/\" class=\"link1\">pr\u00e4zise 2-Tonnen-Version mit integriertem Laufwagen<\/a> an oder kombinieren Sie diese Hebeklemme mit <a href=\"https:\/\/dizalica.hr\/rucne-elektricne-dizalice\/ovjesna-kolica\/\" class=\"link1\">separaten Laufwagen<\/a>.<\/p>\t\t\t\t\t\t\t\t<\/div>\n\t\t\t\t<\/div>\n\t\t\t\t<div class=\"elementor-element elementor-element-b62800c elementor-widget elementor-widget-text-editor\" data-id=\"b62800c\" data-element_type=\"widget\" data-e-type=\"widget\" data-widget_type=\"text-editor.default\">\n\t\t\t\t<div class=\"elementor-widget-container\">\n\t\t\t\t\t\t\t\t\t<h2>Sicherheitsmerkmale<\/h2>\n\n<p>Die elektromagnetische Reluktanzbremse blockiert die Kette automatisch bei Stromausfall. Die Reibungskupplung verhindert das Heben von Lasten \u00fcber 2.000 kg. Obere und untere Endschalter stoppen den Haken an den Endpositionen. Steuerung \u00fcber ein H\u00e4ngetaster mit sicherer Spannung von 36 V. Frequenzumrichtersteuerung in Kombination mit langsamen Geschwindigkeiten bietet maximale Kontrolle \u2013 die langsame Geschwindigkeit von 1,2 m\/min erm\u00f6glicht dem Bediener, die Last visuell zu \u00fcberwachen und vor dem Kontakt mit der Oberfl\u00e4che zu reagieren. Aluminiumgeh\u00e4use IP55 und Taster IP65 gew\u00e4hrleisten den Betrieb unter staubigen und feuchten Bedingungen. Betriebstemperatur von \u201320 \u00b0C bis +40 \u00b0C.<\/p>\t\t\t\t\t\t\t\t<\/div>\n\t\t\t\t<\/div>\n\t\t\t\t<\/div>\n\t\t<div class=\"elementor-element elementor-element-3065895 e-con-full e-flex e-con e-child\" data-id=\"3065895\" data-element_type=\"container\" data-e-type=\"container\">\n\t\t\t\t<div class=\"elementor-element elementor-element-f096f19 elementor-widget elementor-widget-text-editor\" data-id=\"f096f19\" data-element_type=\"widget\" data-e-type=\"widget\" data-widget_type=\"text-editor.default\">\n\t\t\t\t<div class=\"elementor-widget-container\">\n\t\t\t\t\t\t\t\t\t<h2>Technische Spezifikationen<\/h2>\n\n<div class=\"table-wrap\">\n<h3>Spezifikationen \u2013 Pr\u00e4zise elektrische Ketten-Hebeklemme 2.000 kg<\/h3>\n<table class=\"styled-table\" role=\"table\" aria-label=\"Technische Spezifikationen pr\u00e4zise elektrische Ketten-Hebeklemme 2000 kg\">\n<thead>\n<tr>\n<th style=\"width: 50%; text-align: center;\" scope=\"col\">Merkmal<\/th>\n<th style=\"width: 50%; text-align: center;\" scope=\"col\">Wert<\/th>\n<\/tr>\n<\/thead>\n<tbody>\n<tr>\n<td style=\"text-align: center;\"><strong>Tragf\u00e4higkeit<\/strong><\/td>\n<td style=\"text-align: center;\">2.000 kg<\/td>\n<\/tr>\n<tr>\n<td style=\"text-align: center;\"><strong>Schnelle Hubgeschwindigkeit<\/strong><\/td>\n<td style=\"text-align: center;\">3,5 m\/min<\/td>\n<\/tr>\n<tr>\n<td style=\"text-align: center;\"><strong>Langsame Hubgeschwindigkeit<\/strong><\/td>\n<td style=\"text-align: center;\">1,2 m\/min<\/td>\n<\/tr>\n<tr>\n<td style=\"text-align: center;\"><strong>Motorleistung<\/strong><\/td>\n<td style=\"text-align: center;\">1,5 kW<\/td>\n<\/tr>\n<tr>\n<td style=\"text-align: center;\"><strong>Lastkette<\/strong><\/td>\n<td style=\"text-align: center;\">Verg\u00fctete vernickelte G80, \u03a6 7,1 mm \/ 2 Str\u00e4nge<\/td>\n<\/tr>\n<tr>\n<td style=\"text-align: center;\"><strong>Standard-Hubh\u00f6he<\/strong><\/td>\n<td style=\"text-align: center;\">4 m (auf Anfrage anpassbar)<\/td>\n<\/tr>\n<tr>\n<td style=\"text-align: center;\"><strong>Gewicht der Hebeklemme<\/strong><\/td>\n<td style=\"text-align: center;\">54 kg<\/td>\n<\/tr>\n<tr>\n<td style=\"text-align: center;\"><strong>Zus\u00e4tzliches Gewicht pro Meter Kette<\/strong><\/td>\n<td style=\"text-align: center;\">2,2 kg\/m<\/td>\n<\/tr>\n<tr>\n<td style=\"text-align: center;\"><strong>Stromversorgung<\/strong><\/td>\n<td style=\"text-align: center;\">380V \/ 50Hz (Drehstrom)<\/td>\n<\/tr>\n<tr>\n<td style=\"text-align: center;\"><strong>Steuerspannung<\/strong><\/td>\n<td style=\"text-align: center;\">36V (Sicherheitsniveau)<\/td>\n<\/tr>\n<tr>\n<td style=\"text-align: center;\"><strong>Geschwindigkeitsregelung<\/strong><\/td>\n<td style=\"text-align: center;\">Frequenzumrichter (Inverter)<\/td>\n<\/tr>\n<tr>\n<td style=\"text-align: center;\"><strong>Geh\u00e4use<\/strong><\/td>\n<td style=\"text-align: center;\">Aluminium, IP55<\/td>\n<\/tr>\n<tr>\n<td style=\"text-align: center;\"><strong>Bedientaster<\/strong><\/td>\n<td style=\"text-align: center;\">H\u00e4ngend, IP65<\/td>\n<\/tr>\n<tr>\n<td style=\"text-align: center;\"><strong>Bremse<\/strong><\/td>\n<td style=\"text-align: center;\">Elektromagnetische Reluktanzbremse<\/td>\n<\/tr>\n<tr>\n<td style=\"text-align: center;\"><strong>\u00dcberlastschutz<\/strong><\/td>\n<td style=\"text-align: center;\">Reibungskupplung (Tarnscheibe)<\/td>\n<\/tr>\n<tr>\n<td style=\"text-align: center;\"><strong>Endschalter<\/strong><\/td>\n<td style=\"text-align: center;\">Oben und unten<\/td>\n<\/tr>\n<tr>\n<td style=\"text-align: center;\"><strong>FEM-Klassifikation<\/strong><\/td>\n<td style=\"text-align: center;\">M5\/2m, ED% 40\/20<\/td>\n<\/tr>\n<tr>\n<td style=\"text-align: center;\"><strong>Betriebstemperatur<\/strong><\/td>\n<td style=\"text-align: center;\">\u201320\u00b0C bis +40\u00b0C<\/td>\n<\/tr>\n<tr>\n<td style=\"text-align: center;\"><strong>Zertifikate<\/strong><\/td>\n<td style=\"text-align: center;\">CE \u2013 EN ISO 12100, EN 60204-1, EN IEC 61000<\/td>\n<\/tr>\n<\/tbody>\n<\/table>\n<\/div>\t\t\t\t\t\t\t\t<\/div>\n\t\t\t\t<\/div>\n\t\t\t\t<\/div>\n\t\t\t\t\t<\/div>\n\t\t\t\t<\/div>\n\t\t<div class=\"elementor-element elementor-element-0f68866 e-con-full e-flex e-con e-child\" data-id=\"0f68866\" data-element_type=\"container\" data-e-type=\"container\">\n\t\t\t\t<div class=\"elementor-element elementor-element-2860651 elementor-widget elementor-widget-heading\" data-id=\"2860651\" data-element_type=\"widget\" data-e-type=\"widget\" data-widget_type=\"heading.default\">\n\t\t\t\t<div class=\"elementor-widget-container\">\n\t\t\t\t\t<div class=\"elementor-heading-title elementor-size-default\">Sind Sie unsicher, welches Modell der elektrischen Ketten-Hebeklemme f\u00fcr Sie geeignet ist?<\/div>\t\t\t\t<\/div>\n\t\t\t\t<\/div>\n\t\t\t\t<div class=\"elementor-element elementor-element-502e4d9 elementor-widget elementor-widget-text-editor\" data-id=\"502e4d9\" data-element_type=\"widget\" data-e-type=\"widget\" data-widget_type=\"text-editor.default\">\n\t\t\t\t<div class=\"elementor-widget-container\">\n\t\t\t\t\t\t\t\t\t<p style=\"text-align: center;\">Sehen Sie sich den detaillierten Vergleich aller elektrischen Ketten-Hebeklemmen an und w\u00e4hlen Sie das Modell, das am besten Ihren Anforderungen entspricht.<\/p>\t\t\t\t\t\t\t\t<\/div>\n\t\t\t\t<\/div>\n\t\t\t\t<div class=\"elementor-element elementor-element-c00c663 elementor-align-center elementor-widget elementor-widget-text_button\" data-id=\"c00c663\" data-element_type=\"widget\" data-e-type=\"widget\" data-widget_type=\"text_button.default\">\n\t\t\t\t<div class=\"elementor-widget-container\">\n\t\t\t\t\t<div class=\"etheme-button-wrapper\"><a href=\"https:\/\/dizalica.hr\/rucne-elektricne-dizalice\/elektricne-lancane-dizalice\/#usporedba\" class=\"fill-top has-fill etheme-text-button elementor-button\" role=\"button\">\n        <span class=\"elementor-button-content-wrapper\">\n                        <span class=\"elementor-button-icon animation-background_ltr\">\n                <svg aria-hidden=\"true\" class=\"e-font-icon-svg e-fab-buromobelexperte\" viewBox=\"0 0 448 512\" xmlns=\"http:\/\/www.w3.org\/2000\/svg\"><path d=\"M0 32v128h128V32H0zm120 120H8V40h112v112zm40-120v128h128V32H160zm120 120H168V40h112v112zm40-120v128h128V32H320zm120 120H328V40h112v112zM0 192v128h128V192H0zm120 120H8V200h112v112zm40-120v128h128V192H160zm120 120H168V200h112v112zm40-120v128h128V192H320zm120 120H328V200h112v112zM0 352v128h128V352H0zm120 120H8V360h112v112zm40-120v128h128V352H160zm120 120H168V360h112v112zm40-120v128h128V352H320z\"><\/path><\/svg>            <\/span>\n        \n\t\t\t<span class=\"elementor-button-text\">Vergleich elektrischer Ketten-Hebeger\u00e4te<\/span>\n\n            \n            \n        <\/span><\/a><\/div>\t\t\t\t<\/div>\n\t\t\t\t<\/div>\n\t\t\t\t<\/div>\n\t\t\t\t<\/div>\n\t\t","protected":false},"excerpt":{"rendered":"<p>Pr\u00e4zise elektrische Ketten-Hebeklemme mit einer Tragf\u00e4higkeit von 2.000 kg, ausgestattet mit invertergesteuerter Steuerung und zwei langsamen Hubgeschwindigkeiten \u2013 3,5 m\/min (schnell) und 1,2 m\/min (langsam). Leichtere und kosteng\u00fcnstigere Alternative zur Standardversion \u2013 1,5 kW Motor mit Doppelkettenantrieb (\u03a6 7,1 mm \/ 2 Str\u00e4nge) erreicht dieselbe Tragf\u00e4higkeit bei halbiertem Energieverbrauch.<\/p>\n<p>Ideal f\u00fcr Montagearbeiten, Maschinenpositionierung und das Handling empfindlicher Komponenten. Geh\u00e4rtete, vernickelte G80-Kette, Aluminiumgeh\u00e4use IP55, elektromagnetische Bremse. Gewicht nur 54 kg. Standard-Hubh\u00f6he 4 m. Feste Montage an Haken oder Tr\u00e4ger.<\/p>\n","protected":false},"featured_media":13156,"comment_status":"open","ping_status":"closed","template":"","meta":[],"etheme_brands":[{"term_id":42,"name":"Gutman","slug":"gutman","term_group":0,"term_taxonomy_id":42,"taxonomy":"brand","description":"","parent":0,"count":345,"filter":"raw","term_order":"0"}],"product_brand":[],"product_cat":[856,852],"product_tag":[402,479],"class_list":{"0":"post-37647","1":"product","2":"type-product","3":"status-publish","4":"has-post-thumbnail","6":"brand-gutman","7":"product_cat-elektricna-verizna-dvigala-01","8":"product_cat-rocna-in-elektricna-dvigala-01","9":"product_tag-en-14492-2","10":"product_tag-servis-in-vzdrzevanje-strojev","12":"first","13":"instock","14":"taxable","15":"shipping-taxable","16":"purchasable","17":"product-type-simple"},"_links":{"self":[{"href":"https:\/\/dizalica.hr\/de\/wp-json\/wp\/v2\/product\/37647","targetHints":{"allow":["GET"]}}],"collection":[{"href":"https:\/\/dizalica.hr\/de\/wp-json\/wp\/v2\/product"}],"about":[{"href":"https:\/\/dizalica.hr\/de\/wp-json\/wp\/v2\/types\/product"}],"replies":[{"embeddable":true,"href":"https:\/\/dizalica.hr\/de\/wp-json\/wp\/v2\/comments?post=37647"}],"version-history":[{"count":0,"href":"https:\/\/dizalica.hr\/de\/wp-json\/wp\/v2\/product\/37647\/revisions"}],"wp:featuredmedia":[{"embeddable":true,"href":"https:\/\/dizalica.hr\/de\/wp-json\/wp\/v2\/media\/13156"}],"wp:attachment":[{"href":"https:\/\/dizalica.hr\/de\/wp-json\/wp\/v2\/media?parent=37647"}],"wp:term":[{"taxonomy":"brand","embeddable":true,"href":"https:\/\/dizalica.hr\/de\/wp-json\/wp\/v2\/etheme_brands?post=37647"},{"taxonomy":"product_brand","embeddable":true,"href":"https:\/\/dizalica.hr\/de\/wp-json\/wp\/v2\/product_brand?post=37647"},{"taxonomy":"product_cat","embeddable":true,"href":"https:\/\/dizalica.hr\/de\/wp-json\/wp\/v2\/product_cat?post=37647"},{"taxonomy":"product_tag","embeddable":true,"href":"https:\/\/dizalica.hr\/de\/wp-json\/wp\/v2\/product_tag?post=37647"}],"curies":[{"name":"wp","href":"https:\/\/api.w.org\/{rel}","templated":true}]}}