{"id":37643,"date":"2026-05-06T12:19:57","date_gmt":"2026-05-06T10:19:57","guid":{"rendered":"https:\/\/dizalica.hr\/nekategorizirano\/elektrischer-hebezeug-egle-mit-laufkatze-1000-kg-23-7-m-min\/"},"modified":"2026-05-09T12:59:27","modified_gmt":"2026-05-09T10:59:27","slug":"elektrischer-hebezeug-egle-mit-laufkatze-1000-kg-23-7-m-min","status":"publish","type":"product","link":"https:\/\/dizalica.hr\/de\/hebezeuge\/elektrozuege-fahrwerk\/elektrischer-hebezeug-egle-mit-laufkatze-1000-kg-23-7-m-min\/","title":{"rendered":"Elektrischer Hebezeug EGLE mit Laufkatze, 1000 kg, 2,3-7 m\/min"},"content":{"rendered":"\t\t<div data-elementor-type=\"product-post\" data-elementor-id=\"37643\" class=\"elementor elementor-37643 elementor-13260\" data-elementor-post-type=\"product\">\n\t\t\t\t<div class=\"elementor-element elementor-element-7c923d28 e-flex e-con-boxed e-con e-parent\" data-id=\"7c923d28\" data-element_type=\"container\" data-e-type=\"container\">\n\t\t\t\t\t<div class=\"e-con-inner\">\n\t\t<div class=\"elementor-element elementor-element-ce56f0d e-con-full e-flex e-con e-child\" data-id=\"ce56f0d\" data-element_type=\"container\" data-e-type=\"container\">\n\t\t\t\t<div class=\"elementor-element elementor-element-9adf141 elementor-widget elementor-widget-text-editor\" data-id=\"9adf141\" data-element_type=\"widget\" data-e-type=\"widget\" data-widget_type=\"text-editor.default\">\n\t\t\t\t<div class=\"elementor-widget-container\">\n\t\t\t\t\t\t\t\t\t<h2>Elektrischer Hebekran mit Fahrwagen 1 Tonne \u2013 Industriestandard f\u00fcr mittlere Lasten<\/h2>\n\n<p>Der elektrische Ketten-Hebekran mit Fahrwagen und einer Tragf\u00e4higkeit von 1.000 kg ist f\u00fcr den t\u00e4glichen Einsatz in Industriehallen, Produktionsst\u00e4tten, Werkst\u00e4tten und Lagern konzipiert. Mit einer Tragf\u00e4higkeit von einer Tonne deckt er die h\u00e4ufigsten industriellen Lasten ab \u2013 Maschinenteile, Motoren, Aggregate, Stahlprofile, Verpackungen und Paletten \u2013 bei einer kompakten Bauh\u00f6he von nur 480 mm.<\/p>\n\n<p>Dies ist das erste Modell der Serie <a href=\"https:\/\/dizalica.hr\/rucne-elektricne-dizalice\/elektricne-dizalice-s-ovjesnim-kolicima\/\" class=\"link1\">elektrischer Hebekrane mit Fahrwagen<\/a>, das einen verst\u00e4rkten 1,5 kW Motor und einen zweistufigen Fahrwagen mit 0,4 kW Leistung und zwei Geschwindigkeitsstufen (11 und 21 m\/min) verwendet. Die Frequenzumrichtersteuerung gew\u00e4hrleistet ein sanftes Anfahren und Stoppen ohne ruckartige Bewegungen \u2013 besonders wichtig beim Heben schwerer Lasten an Krananlagen.<\/p>\t\t\t\t\t\t\t\t<\/div>\n\t\t\t\t<\/div>\n\t\t\t\t<div class=\"elementor-element elementor-element-47fd404 elementor-widget elementor-widget-text-editor\" data-id=\"47fd404\" data-element_type=\"widget\" data-e-type=\"widget\" data-widget_type=\"text-editor.default\">\n\t\t\t\t<div class=\"elementor-widget-container\">\n\t\t\t\t\t\t\t\t\t<h2>Wof\u00fcr wird ein 1-Tonnen-Hebeklemme mit Fahrwagen verwendet?<\/h2>\n\n<p>Die Tragf\u00e4higkeit von einer Tonne deckt die meisten standardm\u00e4\u00dfigen industriellen Einsatzbereiche ab. Typische Anwendungen umfassen Produktionshallen zum Transport von Halbfertig- und Fertigteilen zwischen Arbeitsstationen, Maschinenwerkst\u00e4tten und Servicebetriebe zum Heben von Motoren, Getrieben, Pumpen und Generatoren, Lagerh\u00e4user f\u00fcr die Handhabung von Paletten und schweren Verpackungen sowie Montagearbeiten zur Installation von Maschinen, L\u00fcftungseinheiten und Industrieanlagen.<\/p>\n\n<p>Das zweistufige Fahrwagensystem mit Geschwindigkeiten von 11 und 21 m\/min erm\u00f6glicht einen schnellen Transport der Last \u00fcber gr\u00f6\u00dfere Entfernungen auf der Kranbahn bei gleichzeitig pr\u00e4ziser Positionierung mit der langsameren Geschwindigkeit. In Kombination mit zwei Hubgeschwindigkeiten (7 m\/min schnell und 2,3 m\/min langsam) deckt dieser Hebeklemme sowohl schnelle logistische Abl\u00e4ufe als auch pr\u00e4zise Montageaufgaben ab.<\/p>\t\t\t\t\t\t\t\t<\/div>\n\t\t\t\t<\/div>\n\t\t\t\t<div class=\"elementor-element elementor-element-7477391 elementor-widget elementor-widget-text-editor\" data-id=\"7477391\" data-element_type=\"widget\" data-e-type=\"widget\" data-widget_type=\"text-editor.default\">\n\t\t\t\t<div class=\"elementor-widget-container\">\n\t\t\t\t\t\t\t\t\t<h2>500 kg, 1 Tonne oder 2 Tonnen \u2013 Welches Modell sollten Sie w\u00e4hlen?<\/h2>\n\n<div class=\"table-wrap\">\n<h3>Vergleich der Modelle 500 kg, 1.000 kg und 2.000 kg<\/h3>\n<table class=\"styled-table\" role=\"table\" aria-label=\"Vergleich elektrischer Hebeklemmen mit Fahrwagen 500 kg, 1000 kg und 2000 kg\">\n<thead>\n<tr>\n<th style=\"width: 25%; text-align: center;\" scope=\"col\">Eigenschaft<\/th>\n<th style=\"width: 25%; text-align: center;\" scope=\"col\">500 kg<\/th>\n<th style=\"width: 25%; text-align: center;\" scope=\"col\">1.000 kg<\/th>\n<th style=\"width: 25%; text-align: center;\" scope=\"col\">2.000 kg<\/th>\n<\/tr>\n<\/thead>\n<tbody>\n<tr>\n<td style=\"text-align: center;\"><strong>Schnelle Geschwindigkeit<\/strong><\/td>\n<td style=\"text-align: center;\">7,8 m\/min<\/td>\n<td style=\"text-align: center;\">7 m\/min<\/td>\n<td style=\"text-align: center;\">7 m\/min<\/td>\n<\/tr>\n<tr>\n<td style=\"text-align: center;\"><strong>Langsame Geschwindigkeit<\/strong><\/td>\n<td style=\"text-align: center;\">1,6 m\/min<\/td>\n<td style=\"text-align: center;\">2,3 m\/min<\/td>\n<td style=\"text-align: center;\">2,3 m\/min<\/td>\n<\/tr>\n<tr>\n<td style=\"text-align: center;\"><strong>Leistung der Hebeklemme<\/strong><\/td>\n<td style=\"text-align: center;\">0,75 kW<\/td>\n<td style=\"text-align: center;\">1,5 kW<\/td>\n<td style=\"text-align: center;\">3 kW<\/td>\n<\/tr>\n<tr>\n<td style=\"text-align: center;\"><strong>Geschwindigkeit des Fahrwagens<\/strong><\/td>\n<td style=\"text-align: center;\">12 m\/min<\/td>\n<td style=\"text-align: center;\">11\/21 m\/min<\/td>\n<td style=\"text-align: center;\">11\/21 m\/min<\/td>\n<\/tr>\n<tr>\n<td style=\"text-align: center;\"><strong>Leistung des Fahrwagens<\/strong><\/td>\n<td style=\"text-align: center;\">0,2 kW<\/td>\n<td style=\"text-align: center;\">0,4 kW<\/td>\n<td style=\"text-align: center;\">0,4 kW<\/td>\n<\/tr>\n<tr>\n<td style=\"text-align: center;\"><strong>Headroom<\/strong><\/td>\n<td style=\"text-align: center;\">440 mm<\/td>\n<td style=\"text-align: center;\">480 mm<\/td>\n<td style=\"text-align: center;\">530 mm<\/td>\n<\/tr>\n<tr>\n<td style=\"text-align: center;\"><strong>Gesamtgewicht<\/strong><\/td>\n<td style=\"text-align: center;\">50 kg<\/td>\n<td style=\"text-align: center;\">85 kg<\/td>\n<td style=\"text-align: center;\">135 kg<\/td>\n<\/tr>\n<tr>\n<td style=\"text-align: center;\"><strong>Spurweite<\/strong><\/td>\n<td style=\"text-align: center;\">80\u2013160 mm<\/td>\n<td style=\"text-align: center;\">80\u2013160 mm<\/td>\n<td style=\"text-align: center;\">80\u2013160 mm<\/td>\n<\/tr>\n<\/tbody>\n<\/table>\n<\/div>\n\n<p>Das 1.000-kg-Modell ist die erste Stufe in der Industriekategorie \u2013 es verdoppelt die Motor- und Fahrwerksleistung im Vergleich zum <a href=\"https:\/\/dizalica.hr\/rucne-elektricne-dizalice\/elektricne-dizalice-s-ovjesnim-kolicima\/elektricna-dizalica-ovjesna-kolica-500kg-trolley-2\/\" class=\"link1\">500-kg-Modell<\/a> und bietet zudem einen zweistufigen Fahrwagen (11\/21 m\/min) anstelle eines einstufigen. Wenn Ihre Lasten regelm\u00e4\u00dfig unter 500 kg liegen, bietet das kleinere Modell eine kompaktere und leichtere Konstruktion.<\/p>\n\n<p>Wenn Sie regelm\u00e4\u00dfig Lasten \u00fcber einer Tonne handhaben, sollten Sie das <a href=\"https:\/\/dizalica.hr\/rucne-elektricne-dizalice\/elektricne-dizalice-s-ovjesnim-kolicima\/el-dizalica-ovj-kolica-2-tone-3kw\/\" class=\"link1\">2.000-kg-Modell<\/a> in Betracht ziehen, das mit einem 3-kW-Motor bei identischen Hebegeschwindigkeiten (7\/2,3 m\/min) eine doppelt so hohe Tragf\u00e4higkeit bietet. F\u00fcr pr\u00e4zise Montagearbeiten mit Lasten bis zu 2 Tonnen empfehlen wir auch die <a href=\"https:\/\/dizalica.hr\/rucne-elektricne-dizalice\/elektricne-dizalice-s-ovjesnim-kolicima\/elektricna-dizalica-kolica-2t-precizna-trolley\/\" class=\"link1\">pr\u00e4zise Version mit 2.000 kg<\/a> und Geschwindigkeiten von 1,2\u20133,5 m\/min.<\/p>\t\t\t\t\t\t\t\t<\/div>\n\t\t\t\t<\/div>\n\t\t\t\t<div class=\"elementor-element elementor-element-84a0371 elementor-widget elementor-widget-text-editor\" data-id=\"84a0371\" data-element_type=\"widget\" data-e-type=\"widget\" data-widget_type=\"text-editor.default\">\n\t\t\t\t<div class=\"elementor-widget-container\">\n\t\t\t\t\t\t\t\t\t<h2>Auf welche Konstruktionen wird sie montiert?<\/h2>\n\n<p>Der 1.000 kg Laufkatzen-Hebekran wird auf Stahl-I-Tr\u00e4gern mit einem Flanschbreitenbereich von 80\u2013160 mm montiert. Mit einem Gesamtgewicht von 85 kg und einer Bauh\u00f6he von nur 480 mm ist er f\u00fcr die meisten Standard-Industriekonstruktionen geeignet. Er ist kompatibel mit <a href=\"https:\/\/dizalica.hr\/kranovi-portali-grede\/mosne-dizalice\/\" class=\"link1\">Br\u00fcckenkranen<\/a>, <a href=\"https:\/\/dizalica.hr\/kranovi-portali-grede\/stupne-konzolne-dizalice\/\" class=\"link1\">Konsolkranen<\/a>, <a href=\"https:\/\/dizalica.hr\/kranovi-portali-grede\/portalni-stalci\/\" class=\"link1\">Portalkonstruktionen<\/a> und <a href=\"https:\/\/dizalica.hr\/kranovi-portali-grede\/kranske-staze\/\" class=\"link1\">Monorail-Kranschienensystemen<\/a>.<\/p>\n\n<p>Die Zweigang-Laufkatze zeigt ihre Vorteile besonders auf l\u00e4ngeren Kranschienen \u2013 die schnelle Fahrgeschwindigkeit von 21 m\/min erm\u00f6glicht einen z\u00fcgigen Transport der Last \u00fcber gr\u00f6\u00dfere Distanzen, w\u00e4hrend die langsame Geschwindigkeit von 11 m\/min f\u00fcr pr\u00e4zise Positionierung am Arbeitsplatz sorgt. Wenn Sie keine horizontale Lastbewegung ben\u00f6tigen, empfehlen wir Ihnen <a href=\"https:\/\/dizalica.hr\/rucne-elektricne-dizalice\/elektricne-lancane-dizalice\/\" class=\"link1\">elektrische Ketten-Hebekr\u00e4ne mit Haken<\/a> f\u00fcr die feste Montage an einem Ort.<\/p>\t\t\t\t\t\t\t\t<\/div>\n\t\t\t\t<\/div>\n\t\t\t\t<div class=\"elementor-element elementor-element-f38fc3d elementor-widget elementor-widget-text-editor\" data-id=\"f38fc3d\" data-element_type=\"widget\" data-e-type=\"widget\" data-widget_type=\"text-editor.default\">\n\t\t\t\t<div class=\"elementor-widget-container\">\n\t\t\t\t\t\t\t\t\t<h2>Sicherheitsmerkmale<\/h2>\n\n<p>Die elektromagnetische Reluktanzbremse blockiert die Kette automatisch bei Stromausfall. Die Reibungskupplung verhindert das Heben von Lasten \u00fcber 1.000 kg. Obere und untere Endschalter stoppen den Haken an den Endpositionen. Die Steuerung erfolgt \u00fcber ein H\u00e4ngetaster mit sicherer Spannung von 36 V. Die Frequenzumrichtersteuerung reduziert mechanische Belastungen beim Anfahren und Stoppen \u2013 dies verl\u00e4ngert die Lebensdauer des Mechanismus und der Kette. Das Aluminiumgeh\u00e4use mit Schutzart IP55 und der Taster mit Schutzart IP65 gew\u00e4hrleisten den Betrieb unter staubigen und feuchten Bedingungen. Der Arbeitstemperaturbereich von \u201320 \u00b0C bis +40 \u00b0C deckt die meisten Industrieumgebungen, einschlie\u00dflich unbeheizter Hallen, ab.<\/p>\t\t\t\t\t\t\t\t<\/div>\n\t\t\t\t<\/div>\n\t\t\t\t<\/div>\n\t\t<div class=\"elementor-element elementor-element-07a2f2e e-con-full e-flex e-con e-child\" data-id=\"07a2f2e\" data-element_type=\"container\" data-e-type=\"container\">\n\t\t\t\t<div class=\"elementor-element elementor-element-3387f0a elementor-widget elementor-widget-text-editor\" data-id=\"3387f0a\" data-element_type=\"widget\" data-e-type=\"widget\" data-widget_type=\"text-editor.default\">\n\t\t\t\t<div class=\"elementor-widget-container\">\n\t\t\t\t\t\t\t\t\t<h2>Technische Spezifikationen<\/h2>\n\n<div class=\"table-wrap\">\n<h3>Spezifikationen \u2013 Elektrische Hebeanlage mit Laufkatze 1.000 kg<\/h3>\n<table class=\"styled-table\" role=\"table\" aria-label=\"Technische Spezifikationen elektrische Hebeanlage mit Laufkatze 1000 kg\">\n<thead>\n<tr>\n<th style=\"width: 50%; text-align: center;\" scope=\"col\">Merkmal<\/th>\n<th style=\"width: 50%; text-align: center;\" scope=\"col\">Wert<\/th>\n<\/tr>\n<\/thead>\n<tbody>\n<tr>\n<td style=\"text-align: center;\"><strong>Tragf\u00e4higkeit<\/strong><\/td>\n<td style=\"text-align: center;\">1.000 kg<\/td>\n<\/tr>\n<tr>\n<td style=\"text-align: center;\"><strong>Schnelle Hubgeschwindigkeit<\/strong><\/td>\n<td style=\"text-align: center;\">7 m\/min<\/td>\n<\/tr>\n<tr>\n<td style=\"text-align: center;\"><strong>Langsame Hubgeschwindigkeit<\/strong><\/td>\n<td style=\"text-align: center;\">2,3 m\/min<\/td>\n<\/tr>\n<tr>\n<td style=\"text-align: center;\"><strong>Hubmotorleistung<\/strong><\/td>\n<td style=\"text-align: center;\">1,5 kW<\/td>\n<\/tr>\n<tr>\n<td style=\"text-align: center;\"><strong>Lastkette<\/strong><\/td>\n<td style=\"text-align: center;\">Verg\u00fctete vernickelte G80, \u03a6 7,1 mm \/ 1 Strang<\/td>\n<\/tr>\n<tr>\n<td style=\"text-align: center;\"><strong>Geschwindigkeit der Laufkatze<\/strong><\/td>\n<td style=\"text-align: center;\">11 \/ 21 m\/min (zweistufig)<\/td>\n<\/tr>\n<tr>\n<td style=\"text-align: center;\"><strong>Motorleistung der Laufkatze<\/strong><\/td>\n<td style=\"text-align: center;\">0,4 kW<\/td>\n<\/tr>\n<tr>\n<td style=\"text-align: center;\"><strong>Standard-Hubh\u00f6he<\/strong><\/td>\n<td style=\"text-align: center;\">4 m (auf Anfrage anpassbar)<\/td>\n<\/tr>\n<tr>\n<td style=\"text-align: center;\"><strong>Headroom (Mechanismus-H\u00f6he)<\/strong><\/td>\n<td style=\"text-align: center;\">480 mm<\/td>\n<\/tr>\n<tr>\n<td style=\"text-align: center;\"><strong>Spurweite (Tr\u00e4gerflanschbreite)<\/strong><\/td>\n<td style=\"text-align: center;\">80\u2013160 mm<\/td>\n<\/tr>\n<tr>\n<td style=\"text-align: center;\"><strong>Gesamtbreite (D)<\/strong><\/td>\n<td style=\"text-align: center;\">340 mm<\/td>\n<\/tr>\n<tr>\n<td style=\"text-align: center;\"><strong>Gesamtl\u00e4nge (C)<\/strong><\/td>\n<td style=\"text-align: center;\">630 mm<\/td>\n<\/tr>\n<tr>\n<td style=\"text-align: center;\"><strong>Gewicht der Hebeanlage<\/strong><\/td>\n<td style=\"text-align: center;\">47 kg<\/td>\n<\/tr>\n<tr>\n<td style=\"text-align: center;\"><strong>Gewicht der Laufkatze<\/strong><\/td>\n<td style=\"text-align: center;\">38 kg<\/td>\n<\/tr>\n<tr>\n<td style=\"text-align: center;\"><strong>Gesamtgewicht<\/strong><\/td>\n<td style=\"text-align: center;\">85 kg<\/td>\n<\/tr>\n<tr>\n<td style=\"text-align: center;\"><strong>Zus\u00e4tzliches Gewicht pro Meter Kette<\/strong><\/td>\n<td style=\"text-align: center;\">1,1 kg\/m<\/td>\n<\/tr>\n<tr>\n<td style=\"text-align: center;\"><strong>Stromversorgung<\/strong><\/td>\n<td style=\"text-align: center;\">380V \/ 50Hz (Drehstrom)<\/td>\n<\/tr>\n<tr>\n<td style=\"text-align: center;\"><strong>Steuerspannung<\/strong><\/td>\n<td style=\"text-align: center;\">36V (Sicherheitsniveau)<\/td>\n<\/tr>\n<tr>\n<td style=\"text-align: center;\"><strong>Geschwindigkeitsregelung<\/strong><\/td>\n<td style=\"text-align: center;\">Frequenzumrichter (Inverter)<\/td>\n<\/tr>\n<tr>\n<td style=\"text-align: center;\"><strong>Geh\u00e4use<\/strong><\/td>\n<td style=\"text-align: center;\">Aluminium, IP55<\/td>\n<\/tr>\n<tr>\n<td style=\"text-align: center;\"><strong>Bedientaster<\/strong><\/td>\n<td style=\"text-align: center;\">H\u00e4ngend, IP65<\/td>\n<\/tr>\n<tr>\n<td style=\"text-align: center;\"><strong>Bremse<\/strong><\/td>\n<td style=\"text-align: center;\">Elektromagnetische Reluktanzbremse<\/td>\n<\/tr>\n<tr>\n<td style=\"text-align: center;\"><strong>\u00dcberlastschutz<\/strong><\/td>\n<td style=\"text-align: center;\">Reibungskupplung (Schleppkupplung)<\/td>\n<\/tr>\n<tr>\n<td style=\"text-align: center;\"><strong>Endschalter<\/strong><\/td>\n<td style=\"text-align: center;\">Oben und unten<\/td>\n<\/tr>\n<tr>\n<td style=\"text-align: center;\"><strong>FEM-Klassifikation<\/strong><\/td>\n<td style=\"text-align: center;\">M5\/2m, ED% 40\/20<\/td>\n<\/tr>\n<tr>\n<td style=\"text-align: center;\"><strong>Betriebstemperatur<\/strong><\/td>\n<td style=\"text-align: center;\">\u201320\u00b0C bis +40\u00b0C<\/td>\n<\/tr>\n<tr>\n<td style=\"text-align: center;\"><strong>Zertifikate<\/strong><\/td>\n<td style=\"text-align: center;\">CE \u2013 EN ISO 12100, EN 60204-1, EN IEC 61000<\/td>\n<\/tr>\n<\/tbody>\n<\/table>\n<\/div>\t\t\t\t\t\t\t\t<\/div>\n\t\t\t\t<\/div>\n\t\t\t\t<\/div>\n\t\t\t\t\t<\/div>\n\t\t\t\t<\/div>\n\t\t\t\t<\/div>\n\t\t","protected":false},"excerpt":{"rendered":"<p>Elektrische Ketten-Hebeklemme mit integriertem Fahrwerk und einer Tragf\u00e4higkeit von 1.000 kg. Die Frequenzumrichtersteuerung erm\u00f6glicht zwei Hubgeschwindigkeiten \u2013 eine schnelle von 7 m\/min f\u00fcr den Transport und eine langsame von 2,3 m\/min f\u00fcr pr\u00e4zise Positionierung. Das elektrische Fahrwerk mit zwei Geschwindigkeitsstufen (11\/21 m\/min) gew\u00e4hrleistet eine schnelle und pr\u00e4zise Lastverlagerung auf dem Tr\u00e4ger oder Kranlaufbahn.<\/p>\n<p>Das erste Modell der EGLE-Serie mit verst\u00e4rktem 1,5 kW Motor und zweistufigem Fahrwerk mit 0,4 kW. Die Tragf\u00e4higkeit von einer Tonne deckt ein breites Spektrum industrieller Anwendungen ab \u2013 von Werkst\u00e4tten bis zu Produktionshallen. Headroom nur 480 mm, Gesamtgewicht 85 kg, Spurweite 80\u2013160 mm.<\/p>\n","protected":false},"featured_media":13261,"comment_status":"open","ping_status":"closed","template":"","meta":[],"etheme_brands":[{"term_id":42,"name":"Gutman","slug":"gutman","term_group":0,"term_taxonomy_id":42,"taxonomy":"brand","description":"","parent":0,"count":346,"filter":"raw","term_order":"0"}],"product_brand":[],"product_cat":[853,851],"product_tag":[402],"class_list":{"0":"post-37643","1":"product","2":"type-product","3":"status-publish","4":"has-post-thumbnail","6":"brand-gutman","7":"product_cat-elektrozuege-fahrwerk-01","8":"product_cat-hebezeuge-01","9":"product_tag-en-14492-2","11":"first","12":"instock","13":"purchasable","14":"product-type-simple"},"_links":{"self":[{"href":"https:\/\/dizalica.hr\/de\/wp-json\/wp\/v2\/product\/37643","targetHints":{"allow":["GET"]}}],"collection":[{"href":"https:\/\/dizalica.hr\/de\/wp-json\/wp\/v2\/product"}],"about":[{"href":"https:\/\/dizalica.hr\/de\/wp-json\/wp\/v2\/types\/product"}],"replies":[{"embeddable":true,"href":"https:\/\/dizalica.hr\/de\/wp-json\/wp\/v2\/comments?post=37643"}],"version-history":[{"count":0,"href":"https:\/\/dizalica.hr\/de\/wp-json\/wp\/v2\/product\/37643\/revisions"}],"wp:featuredmedia":[{"embeddable":true,"href":"https:\/\/dizalica.hr\/de\/wp-json\/wp\/v2\/media\/13261"}],"wp:attachment":[{"href":"https:\/\/dizalica.hr\/de\/wp-json\/wp\/v2\/media?parent=37643"}],"wp:term":[{"taxonomy":"brand","embeddable":true,"href":"https:\/\/dizalica.hr\/de\/wp-json\/wp\/v2\/etheme_brands?post=37643"},{"taxonomy":"product_brand","embeddable":true,"href":"https:\/\/dizalica.hr\/de\/wp-json\/wp\/v2\/product_brand?post=37643"},{"taxonomy":"product_cat","embeddable":true,"href":"https:\/\/dizalica.hr\/de\/wp-json\/wp\/v2\/product_cat?post=37643"},{"taxonomy":"product_tag","embeddable":true,"href":"https:\/\/dizalica.hr\/de\/wp-json\/wp\/v2\/product_tag?post=37643"}],"curies":[{"name":"wp","href":"https:\/\/api.w.org\/{rel}","templated":true}]}}