{"id":37642,"date":"2026-05-06T12:19:24","date_gmt":"2026-05-06T10:19:24","guid":{"rendered":"https:\/\/dizalica.hr\/nekategorizirano\/elektrische-ketten-hebeklemme-5-000-kg-prazise-geschwindigkeit-12-35-m-min-36-kw\/"},"modified":"2026-05-11T01:19:15","modified_gmt":"2026-05-10T23:19:15","slug":"elektrische-ketten-hebeklemme-5-000-kg-prazise-geschwindigkeit-12-35-m-min-36-kw","status":"publish","type":"product","link":"https:\/\/dizalica.hr\/de\/hebezeuge\/elektrokettenzuge\/elektrische-ketten-hebeklemme-5-000-kg-prazise-geschwindigkeit-12-35-m-min-36-kw\/","title":{"rendered":"Elektrische Ketten-Hebeklemme 5.000 kg \u2013 pr\u00e4zise Geschwindigkeit 1,2-3,5 m\/min, 3,6 kW"},"content":{"rendered":"\t\t<div data-elementor-type=\"product-post\" data-elementor-id=\"37642\" class=\"elementor elementor-37642 elementor-13267\" data-elementor-post-type=\"product\">\n\t\t\t\t<div class=\"elementor-element elementor-element-534d9b9 e-flex e-con-boxed e-con e-parent\" data-id=\"534d9b9\" data-element_type=\"container\" data-e-type=\"container\">\n\t\t\t\t\t<div class=\"e-con-inner\">\n\t\t<div class=\"elementor-element elementor-element-d60d3c6 e-con-full e-flex e-con e-child\" data-id=\"d60d3c6\" data-element_type=\"container\" data-e-type=\"container\">\n\t\t\t\t<div class=\"elementor-element elementor-element-64cfb52 elementor-widget elementor-widget-text-editor\" data-id=\"64cfb52\" data-element_type=\"widget\" data-e-type=\"widget\" data-widget_type=\"text-editor.default\">\n\t\t\t\t<div class=\"elementor-widget-container\">\n\t\t\t\t\t\t\t\t\t<h2>Elektrische Hebeklemme 5 Tonnen \u2013 das leistungsst\u00e4rkste Modell der EGLE-Serie<\/h2>\n\n<p>Die elektrische Ketten-Hebeklemme mit einer Tragf\u00e4higkeit von 5.000 kg ist das st\u00e4rkste Modell der gesamten <a href=\"https:\/\/dizalica.hr\/de\/hebezeuge\/elektrokettenzuege\/\" class=\"link1\">elektrischen Ketten-Hebeklemmen<\/a>-Serie. Ein 3,6 kW Motor \u2013 derselbe wie bei der Standardversion mit 3 Tonnen \u2013 treibt hier eine doppelte Kette mit gro\u00dfem Durchmesser (\u03a6 11,2 mm \/ 2 Str\u00e4nge) an, die das Heben von Lasten bis zu 5 Tonnen erm\u00f6glicht.<\/p>\n\n<p>Pr\u00e4zise Hubgeschwindigkeiten (3,5\/1,2 m\/min) gew\u00e4hrleisten eine kontrollierte Handhabung der schwersten Lasten. Im Gegensatz zu Standardmodellen mit 7 m\/min verwendet das 5-Tonnen-Modell ein h\u00f6heres \u00dcbersetzungsverh\u00e4ltnis, damit die doppelte Kette die volle Tragf\u00e4higkeit von 5.000 kg tragen kann. Die Hebeklemme wird fest an einem Haken oder einem Stahltr\u00e4ger montiert.<\/p>\t\t\t\t\t\t\t\t<\/div>\n\t\t\t\t<\/div>\n\t\t\t\t<div class=\"elementor-element elementor-element-bc28ff2 elementor-widget elementor-widget-text-editor\" data-id=\"bc28ff2\" data-element_type=\"widget\" data-e-type=\"widget\" data-widget_type=\"text-editor.default\">\n\t\t\t\t<div class=\"elementor-widget-container\">\n\t\t\t\t\t\t\t\t\t<h2>Wof\u00fcr wird ein 5-Tonnen-Hebekran verwendet?<\/h2>\n\n<p>Die Tragf\u00e4higkeit von 5 Tonnen deckt die anspruchsvollsten industriellen Hebeoperationen ab. Typische Anwendungen umfassen schwere Metallverarbeitungsbetriebe zur Handhabung von Stahlkonstruktionen, gro\u00dfen Schwei\u00dfbaugruppen und Gussteilen, Werften f\u00fcr den Umgang mit Schiffsmotoren, Achsen und schweren Sektionen, Energieanlagen f\u00fcr die Montage gro\u00dfer Transformatoren, Generatoren und Turbinen sowie den Bau f\u00fcr die Handhabung von vorgespannten Betonelementen und Stahltr\u00e4gern.<\/p>\n\n<p>Die langsame Hubgeschwindigkeit von 1,2 m\/min (20 mm\/s) ist bei dieser Tragf\u00e4higkeit besonders wichtig \u2013 das kontrollierte Absenken der 5-Tonnen-Last minimiert das Risiko von St\u00f6\u00dfen und Besch\u00e4digungen. Die Frequenzumrichtersteuerung gew\u00e4hrleistet, dass keine pl\u00f6tzlichen Ruckbewegungen auftreten, die bei dieser Masse gef\u00e4hrliches Schwingen verursachen k\u00f6nnten.<\/p>\t\t\t\t\t\t\t\t<\/div>\n\t\t\t\t<\/div>\n\t\t\t\t<div class=\"elementor-element elementor-element-437f75b elementor-widget elementor-widget-text-editor\" data-id=\"437f75b\" data-element_type=\"widget\" data-e-type=\"widget\" data-widget_type=\"text-editor.default\">\n\t\t\t\t<div class=\"elementor-widget-container\">\n\t\t\t\t\t\t\t\t\t<h2>3 Tonnen oder 5 Tonnen?<\/h2>\n\n<div class=\"table-wrap\">\n<h3>Vergleich der Modelle 3T Standard, 3T Pr\u00e4zision und 5T<\/h3>\n<table class=\"styled-table\" role=\"table\" aria-label=\"Vergleich der elektrischen Ketten-Hebeklemmen 3000 kg Standard, 3000 kg Pr\u00e4zision und 5000 kg\">\n<thead>\n<tr>\n<th style=\"width: 25%; text-align: center;\" scope=\"col\">Merkmal<\/th>\n<th style=\"width: 25%; text-align: center;\" scope=\"col\">3T Standard<\/th>\n<th style=\"width: 25%; text-align: center;\" scope=\"col\">3T Pr\u00e4zision<\/th>\n<th style=\"width: 25%; text-align: center;\" scope=\"col\">5T<\/th>\n<\/tr>\n<\/thead>\n<tbody>\n<tr>\n<td style=\"text-align: center;\"><strong>Hubgeschwindigkeiten<\/strong><\/td>\n<td style=\"text-align: center;\">2,3\u20137 m\/min<\/td>\n<td style=\"text-align: center;\">1,2\u20133,5 m\/min<\/td>\n<td style=\"text-align: center;\">1,2\u20133,5 m\/min<\/td>\n<\/tr>\n<tr>\n<td style=\"text-align: center;\"><strong>Leistung<\/strong><\/td>\n<td style=\"text-align: center;\">3,6 kW<\/td>\n<td style=\"text-align: center;\">3 kW<\/td>\n<td style=\"text-align: center;\">3,6 kW<\/td>\n<\/tr>\n<tr>\n<td style=\"text-align: center;\"><strong>Kette<\/strong><\/td>\n<td style=\"text-align: center;\">\u03a6 11,2 \/ 1<\/td>\n<td style=\"text-align: center;\">\u03a6 10 \/ 2<\/td>\n<td style=\"text-align: center;\">\u03a6 11,2 \/ 2<\/td>\n<\/tr>\n<tr>\n<td style=\"text-align: center;\"><strong>Gewicht<\/strong><\/td>\n<td style=\"text-align: center;\">104 kg<\/td>\n<td style=\"text-align: center;\">108 kg<\/td>\n<td style=\"text-align: center;\">132 kg<\/td>\n<\/tr>\n<tr>\n<td style=\"text-align: center;\"><strong>UVP<\/strong><\/td>\n<td style=\"text-align: center;\">2.587,50 \u20ac<\/td>\n<td style=\"text-align: center;\">2.825,00 \u20ac<\/td>\n<td style=\"text-align: center;\">Auf Anfrage<\/td>\n<\/tr>\n<\/tbody>\n<\/table>\n<\/div>\n\n<p>Das 5-Tonnen-Modell verwendet denselben Motor (3,6 kW) wie die <a href=\"https:\/\/dizalica.hr\/de\/hebezeuge\/elektrokettenzuge\/elektrische-ketten-hebeklemme-3-000-kg-standard-zweigang-23-7-m-min-36-kw\/\" class=\"link1\">3-Tonnen-Standardversion<\/a>, jedoch mit doppelter Kette und pr\u00e4zisen Hubgeschwindigkeiten. Die Geschwindigkeiten entsprechen der <a href=\"https:\/\/dizalica.hr\/de\/hebezeuge\/elektrokettenzuge\/praziser-elektrischer-kettenzug-3-000-kg-langsame-geschwindigkeit-12-bis-35-m-min-3-kw\/\" class=\"link1\">3-Tonnen-Pr\u00e4zisionsversion<\/a> (1,2\u20133,5 m\/min) \u2013 der Unterschied liegt in der Kettendicke (\u03a6 11,2 vs. \u03a6 10 mm) und der Tragf\u00e4higkeit. F\u00fcr Tragf\u00e4higkeiten \u00fcber 5 Tonnen kontaktieren Sie uns bitte f\u00fcr eine ma\u00dfgeschneiderte Projektl\u00f6sung.<\/p>\t\t\t\t\t\t\t\t<\/div>\n\t\t\t\t<\/div>\n\t\t\t\t<div class=\"elementor-element elementor-element-5f48424 elementor-widget elementor-widget-text-editor\" data-id=\"5f48424\" data-element_type=\"widget\" data-e-type=\"widget\" data-widget_type=\"text-editor.default\">\n\t\t\t\t<div class=\"elementor-widget-container\">\n\t\t\t\t\t\t\t\t\t<h2>Preis und Bestellung<\/h2>\n\n<p>Die elektrische Ketten-Hebeklemme mit einer Tragf\u00e4higkeit von 5.000 kg wird auf Bestellung geliefert. Preis und Lieferzeit h\u00e4ngen von der Konfiguration ab \u2013 Hubh\u00f6he, L\u00e4nge des Steuerkabels und eventuelle Anpassungen. F\u00fcr ein Angebot und technische Beratung kontaktieren Sie uns bitte telefonisch unter <strong>+385 1 2454 053<\/strong> oder per E-Mail an <strong>info@dizalica.hr<\/strong>. Unser Team unterst\u00fctzt Sie gerne bei der Auswahl der optimalen Konfiguration f\u00fcr Ihre Anforderungen.<\/p>\t\t\t\t\t\t\t\t<\/div>\n\t\t\t\t<\/div>\n\t\t\t\t<div class=\"elementor-element elementor-element-063dc5e elementor-widget elementor-widget-text-editor\" data-id=\"063dc5e\" data-element_type=\"widget\" data-e-type=\"widget\" data-widget_type=\"text-editor.default\">\n\t\t\t\t<div class=\"elementor-widget-container\">\n\t\t\t\t\t\t\t\t\t<h2>Montage und Erweiterungsm\u00f6glichkeiten<\/h2>\n\n<p>Die Hebevorrichtung wird fest an einem Haken oder einem Stahltr\u00e4ger montiert. Mit einem Gewicht von 132 kg erfordert die Montage die Unterst\u00fctzung durch einen Kran oder eine Winde. Die tragende Konstruktion muss f\u00fcr eine Gesamtbelastung von \u00fcber 5.132 kg (Last + Hebevorrichtung) zuz\u00fcglich dynamischer Faktoren ausgelegt sein. Sie ist kompatibel mit <a href=\"https:\/\/dizalica.hr\/de\/kranbahnen-portale-traversen\/wage-hebeklemmen\/\" class=\"link1\">Br\u00fcckenkranen<\/a>, <a href=\"https:\/\/dizalica.hr\/de\/kranbahnen-portale-traversen\/saeulenschwenkkrane\/\" class=\"link1\">Konsolkranen<\/a> mit entsprechender Tragf\u00e4higkeit sowie <a href=\"https:\/\/dizalica.hr\/de\/kranbahnen-portale-traversen\/portalkrane\/\" class=\"link1\">Portalkonstruktionen<\/a>.<\/p>\n\n<p>Ben\u00f6tigen Sie auch eine horizontale Lastbewegung? Sehen Sie sich die <a href=\"https:\/\/dizalica.hr\/de\/hebezeuge\/elektrozuege-fahrwerk\/elektrischer-egle-hebezeug-mit-laufkatze-5000-kg-12-35-m-min\/\" class=\"link1\">5-Tonnen-Version mit integriertem Laufkatzenfahrwerk<\/a> zur Montage auf einer Kranbahn oder einem Br\u00fcckenkran an.<\/p>\t\t\t\t\t\t\t\t<\/div>\n\t\t\t\t<\/div>\n\t\t\t\t<div class=\"elementor-element elementor-element-bf9c037 elementor-widget elementor-widget-text-editor\" data-id=\"bf9c037\" data-element_type=\"widget\" data-e-type=\"widget\" data-widget_type=\"text-editor.default\">\n\t\t\t\t<div class=\"elementor-widget-container\">\n\t\t\t\t\t\t\t\t\t<h2>Sicherheitsmerkmale<\/h2>\n\n<p>Die elektromagnetische Reluktanzbremse blockiert die Kette automatisch bei Stromausfall \u2013 bei einer Tragf\u00e4higkeit von 5 Tonnen ist dies die wichtigste Sicherheitsfunktion im gesamten Sortiment. Die Reibungskupplung verhindert das Heben von Lasten \u00fcber 5.000 kg. Obere und untere Endschalter stoppen den Haken an den Endpositionen. Die Steuerung erfolgt \u00fcber ein H\u00e4ngetaster mit sicherer Spannung von 36 V. Die Frequenzumrichtersteuerung eliminiert pl\u00f6tzliche Ruckbewegungen \u2013 bei einer Last von 5 Tonnen w\u00fcrde ein abruptes Stoppen ohne Frequenzumrichter extreme dynamische Belastungen auf Kette, Haken und die gesamte Tragkonstruktion verursachen. Die doppelte Kette mit zwei Str\u00e4ngen verteilt die Last gleichm\u00e4\u00dfig und reduziert die Belastung jeder einzelnen Kettenglied. Das Aluminiumgeh\u00e4use mit Schutzart IP55 und der Taster mit Schutzart IP65 gew\u00e4hrleisten den Betrieb unter staubigen und feuchten Bedingungen. Betriebstemperatur von \u201320 \u00b0C bis +40 \u00b0C.<\/p>\t\t\t\t\t\t\t\t<\/div>\n\t\t\t\t<\/div>\n\t\t\t\t<\/div>\n\t\t<div class=\"elementor-element elementor-element-852248a e-con-full e-flex e-con e-child\" data-id=\"852248a\" data-element_type=\"container\" data-e-type=\"container\">\n\t\t\t\t<div class=\"elementor-element elementor-element-903dbef elementor-widget elementor-widget-text-editor\" data-id=\"903dbef\" data-element_type=\"widget\" data-e-type=\"widget\" data-widget_type=\"text-editor.default\">\n\t\t\t\t<div class=\"elementor-widget-container\">\n\t\t\t\t\t\t\t\t\t<h2>Technische Spezifikationen<\/h2>\n\n<div class=\"table-wrap\">\n<h3>Spezifikationen \u2013 Elektrische Ketten-Hebeklemme 5.000 kg<\/h3>\n<table class=\"styled-table\" role=\"table\" aria-label=\"Technische Spezifikationen elektrische Ketten-Hebeklemme 5000 kg\">\n<thead>\n<tr>\n<th style=\"width: 50%; text-align: center;\" scope=\"col\">Eigenschaft<\/th>\n<th style=\"width: 50%; text-align: center;\" scope=\"col\">Wert<\/th>\n<\/tr>\n<\/thead>\n<tbody>\n<tr><td style=\"text-align: center;\"><strong>Tragf\u00e4higkeit<\/strong><\/td><td style=\"text-align: center;\">5.000 kg<\/td><\/tr>\n<tr><td style=\"text-align: center;\"><strong>Schnelle Hubgeschwindigkeit<\/strong><\/td><td style=\"text-align: center;\">3,5 m\/min<\/td><\/tr>\n<tr><td style=\"text-align: center;\"><strong>Langsame Hubgeschwindigkeit<\/strong><\/td><td style=\"text-align: center;\">1,2 m\/min<\/td><\/tr>\n<tr><td style=\"text-align: center;\"><strong>Motorleistung<\/strong><\/td><td style=\"text-align: center;\">3,6 kW<\/td><\/tr>\n<tr><td style=\"text-align: center;\"><strong>Lastkette<\/strong><\/td><td style=\"text-align: center;\">Verg\u00fctete, vernickelte G80, \u03a6 11,2 mm \/ 2 Str\u00e4nge<\/td><\/tr>\n<tr><td style=\"text-align: center;\"><strong>Standard-Hubh\u00f6he<\/strong><\/td><td style=\"text-align: center;\">4 m (auf Anfrage anpassbar)<\/td><\/tr>\n<tr><td style=\"text-align: center;\"><strong>Gewicht der Hebeklemme<\/strong><\/td><td style=\"text-align: center;\">132 kg<\/td><\/tr>\n<tr><td style=\"text-align: center;\"><strong>Zus\u00e4tzliches Gewicht pro Meter Kette<\/strong><\/td><td style=\"text-align: center;\">5,2 kg\/m<\/td><\/tr>\n<tr><td style=\"text-align: center;\"><strong>Stromversorgung<\/strong><\/td><td style=\"text-align: center;\">380V \/ 50Hz (Drehstrom)<\/td><\/tr>\n<tr><td style=\"text-align: center;\"><strong>Steuerspannung<\/strong><\/td><td style=\"text-align: center;\">36V (Sicherheitsniveau)<\/td><\/tr>\n<tr><td style=\"text-align: center;\"><strong>Geschwindigkeitsregelung<\/strong><\/td><td style=\"text-align: center;\">Frequenzumrichter (Inverter)<\/td><\/tr>\n<tr><td style=\"text-align: center;\"><strong>Geh\u00e4use<\/strong><\/td><td style=\"text-align: center;\">Aluminium, IP55<\/td><\/tr>\n<tr><td style=\"text-align: center;\"><strong>Bedienfeld<\/strong><\/td><td style=\"text-align: center;\">H\u00e4ngend, IP65<\/td><\/tr>\n<tr><td style=\"text-align: center;\"><strong>Bremse<\/strong><\/td><td style=\"text-align: center;\">Elektromagnetische Reluktanzbremse<\/td><\/tr>\n<tr><td style=\"text-align: center;\"><strong>\u00dcberlastschutz<\/strong><\/td><td style=\"text-align: center;\">Reibungskupplung (Tarnkupplung)<\/td><\/tr>\n<tr><td style=\"text-align: center;\"><strong>Endschalter<\/strong><\/td><td style=\"text-align: center;\">Oben und unten<\/td><\/tr>\n<tr><td style=\"text-align: center;\"><strong>FEM-Klassifikation<\/strong><\/td><td style=\"text-align: center;\">M5\/2m, ED% 40\/20<\/td><\/tr>\n<tr><td style=\"text-align: center;\"><strong>Betriebstemperatur<\/strong><\/td><td style=\"text-align: center;\">\u201320\u00b0C bis +40\u00b0C<\/td><\/tr>\n<tr><td style=\"text-align: center;\"><strong>Zertifikate<\/strong><\/td><td style=\"text-align: center;\">CE \u2013 EN ISO 12100, EN 60204-1, EN IEC 61000<\/td><\/tr>\n<\/tbody>\n<\/table>\n<\/div>\t\t\t\t\t\t\t\t<\/div>\n\t\t\t\t<\/div>\n\t\t\t\t<\/div>\n\t\t\t\t\t<\/div>\n\t\t\t\t<\/div>\n\t\t<div class=\"elementor-element elementor-element-6654135 e-con-full e-flex e-con e-child\" data-id=\"6654135\" data-element_type=\"container\" data-e-type=\"container\">\n\t\t\t\t<div class=\"elementor-element elementor-element-e796ec0 elementor-widget elementor-widget-heading\" data-id=\"e796ec0\" data-element_type=\"widget\" data-e-type=\"widget\" data-widget_type=\"heading.default\">\n\t\t\t\t<div class=\"elementor-widget-container\">\n\t\t\t\t\t<div class=\"elementor-heading-title elementor-size-default\">Sind Sie unsicher, welches Modell der elektrischen Ketten-Hebeklemme f\u00fcr Sie geeignet ist?<\/div>\t\t\t\t<\/div>\n\t\t\t\t<\/div>\n\t\t\t\t<div class=\"elementor-element elementor-element-acfcca0 elementor-widget elementor-widget-text-editor\" data-id=\"acfcca0\" data-element_type=\"widget\" data-e-type=\"widget\" data-widget_type=\"text-editor.default\">\n\t\t\t\t<div class=\"elementor-widget-container\">\n\t\t\t\t\t\t\t\t\t<p style=\"text-align: center;\">Sehen Sie sich den detaillierten Vergleich aller elektrischen Ketten-Hebeklemmen an und w\u00e4hlen Sie das Modell, das am besten Ihren Anforderungen entspricht.<\/p>\t\t\t\t\t\t\t\t<\/div>\n\t\t\t\t<\/div>\n\t\t\t\t<div class=\"elementor-element elementor-element-c8f50ba elementor-align-center elementor-widget elementor-widget-text_button\" data-id=\"c8f50ba\" data-element_type=\"widget\" data-e-type=\"widget\" data-widget_type=\"text_button.default\">\n\t\t\t\t<div class=\"elementor-widget-container\">\n\t\t\t\t\t<div class=\"etheme-button-wrapper\"><a href=\"https:\/\/dizalica.hr\/de\/hebezeuge\/elektrokettenzuege\/#usporedba\" class=\"fill-top has-fill etheme-text-button elementor-button\" role=\"button\">\n        <span class=\"elementor-button-content-wrapper\">\n                        <span class=\"elementor-button-icon animation-background_ltr\">\n                <svg aria-hidden=\"true\" class=\"e-font-icon-svg e-fab-buromobelexperte\" viewBox=\"0 0 448 512\" xmlns=\"http:\/\/www.w3.org\/2000\/svg\"><path d=\"M0 32v128h128V32H0zm120 120H8V40h112v112zm40-120v128h128V32H160zm120 120H168V40h112v112zm40-120v128h128V32H320zm120 120H328V40h112v112zM0 192v128h128V192H0zm120 120H8V200h112v112zm40-120v128h128V192H160zm120 120H168V200h112v112zm40-120v128h128V192H320zm120 120H328V200h112v112zM0 352v128h128V352H0zm120 120H8V360h112v112zm40-120v128h128V352H160zm120 120H168V360h112v112zm40-120v128h128V352H320z\"><\/path><\/svg>            <\/span>\n        \n\t\t\t<span class=\"elementor-button-text\">Vergleich elektrischer Ketten-Hebeklemmen<\/span>\n\n            \n            \n        <\/span><\/a><\/div>\t\t\t\t<\/div>\n\t\t\t\t<\/div>\n\t\t\t\t<\/div>\n\t\t\t\t<\/div>\n\t\t","protected":false},"excerpt":{"rendered":"<p>Elektrische Ketten-Hebeklemme mit einer Tragf\u00e4higkeit von 5.000 kg \u2013 das leistungsst\u00e4rkste Modell der gesamten EGLE-Serie. Motor mit 3,6 kW, ausgestattet mit einer doppelten Kette gro\u00dfem Durchmesser (\u03a6 11,2 mm \/ 2 Str\u00e4nge) und pr\u00e4zisen Hubgeschwindigkeiten von 3,5 m\/min (schnell) und 1,2 m\/min (langsam) f\u00fcr kontrolliertes Heben schwerster Lasten.<\/p>\n<p>Speziell entwickelt f\u00fcr anspruchsvolle industrielle Anwendungen \u2013 Metallverarbeitungsbetriebe, Werften, Energieanlagen. Geh\u00e4rtete, vernickelte G80-Kette, Aluminiumgeh\u00e4use IP55, elektromagnetische Bremse. Gewicht 132 kg. Standard-Hubh\u00f6he 4 m. Feste Montage an Haken oder Tr\u00e4ger. Preis und Lieferzeit auf Anfrage.<\/p>\n","protected":false},"featured_media":13268,"comment_status":"open","ping_status":"closed","template":"","meta":[],"etheme_brands":[{"term_id":42,"name":"Gutman","slug":"gutman","term_group":0,"term_taxonomy_id":42,"taxonomy":"brand","description":"","parent":0,"count":241,"filter":"raw","term_order":"0"}],"product_brand":[],"product_cat":[855,851],"product_tag":[402,431],"class_list":{"0":"post-37642","1":"product","2":"type-product","3":"status-publish","4":"has-post-thumbnail","6":"brand-gutman","7":"product_cat-elektrokettenzuge-01","8":"product_cat-hebezeuge-01","9":"product_tag-en-14492-2","10":"product_tag-teska-industrijska-dizanja","12":"first","13":"instock","14":"taxable","15":"shipping-taxable","16":"purchasable","17":"product-type-simple"},"_links":{"self":[{"href":"https:\/\/dizalica.hr\/de\/wp-json\/wp\/v2\/product\/37642","targetHints":{"allow":["GET"]}}],"collection":[{"href":"https:\/\/dizalica.hr\/de\/wp-json\/wp\/v2\/product"}],"about":[{"href":"https:\/\/dizalica.hr\/de\/wp-json\/wp\/v2\/types\/product"}],"replies":[{"embeddable":true,"href":"https:\/\/dizalica.hr\/de\/wp-json\/wp\/v2\/comments?post=37642"}],"version-history":[{"count":0,"href":"https:\/\/dizalica.hr\/de\/wp-json\/wp\/v2\/product\/37642\/revisions"}],"wp:featuredmedia":[{"embeddable":true,"href":"https:\/\/dizalica.hr\/de\/wp-json\/wp\/v2\/media\/13268"}],"wp:attachment":[{"href":"https:\/\/dizalica.hr\/de\/wp-json\/wp\/v2\/media?parent=37642"}],"wp:term":[{"taxonomy":"brand","embeddable":true,"href":"https:\/\/dizalica.hr\/de\/wp-json\/wp\/v2\/etheme_brands?post=37642"},{"taxonomy":"product_brand","embeddable":true,"href":"https:\/\/dizalica.hr\/de\/wp-json\/wp\/v2\/product_brand?post=37642"},{"taxonomy":"product_cat","embeddable":true,"href":"https:\/\/dizalica.hr\/de\/wp-json\/wp\/v2\/product_cat?post=37642"},{"taxonomy":"product_tag","embeddable":true,"href":"https:\/\/dizalica.hr\/de\/wp-json\/wp\/v2\/product_tag?post=37642"}],"curies":[{"name":"wp","href":"https:\/\/api.w.org\/{rel}","templated":true}]}}