{"id":37638,"date":"2026-05-06T12:04:14","date_gmt":"2026-05-06T10:04:14","guid":{"rendered":"https:\/\/dizalica.hr\/nekategorizirano\/galvanisierte-klammern-fur-langanhaltende-bestandigkeit-gegen-feuchtigkeit-und-chemikalien\/"},"modified":"2026-05-09T12:59:09","modified_gmt":"2026-05-09T10:59:09","slug":"galvanisierte-klammern-fur-langanhaltende-bestandigkeit-gegen-feuchtigkeit-und-chemikalien","status":"publish","type":"product","link":"https:\/\/dizalica.hr\/de\/umreifungstechnik\/verschlussklemmen\/galvanisierte-klammern-fur-langanhaltende-bestandigkeit-gegen-feuchtigkeit-und-chemikalien\/","title":{"rendered":"Galvanisierte Klammern f\u00fcr langanhaltende Best\u00e4ndigkeit gegen Feuchtigkeit und Chemikalien"},"content":{"rendered":"\t\t<div data-elementor-type=\"product-post\" data-elementor-id=\"37638\" class=\"elementor elementor-37638 elementor-2650\" data-elementor-post-type=\"product\">\n\t\t\t\t<div class=\"elementor-element elementor-element-2f10699b e-flex e-con-boxed e-con e-parent\" data-id=\"2f10699b\" data-element_type=\"container\" data-e-type=\"container\">\n\t\t\t\t\t<div class=\"e-con-inner\">\n\t\t<div class=\"elementor-element elementor-element-349c8ac e-con-full e-flex e-con e-child\" data-id=\"349c8ac\" data-element_type=\"container\" data-e-type=\"container\">\n\t\t\t\t<div class=\"elementor-element elementor-element-bb9039a elementor-widget elementor-widget-text-editor\" data-id=\"bb9039a\" data-element_type=\"widget\" data-e-type=\"widget\" data-widget_type=\"text-editor.default\">\n\t\t\t\t<div class=\"elementor-widget-container\">\n\t\t\t\t\t\t\t\t\t<h2>Wesentliche Vorteile galvanisierter Klemmen<\/h2><ul class=\"nabrajanje\"><li><strong>Korrosionsbest\u00e4ndigkeit<\/strong>: Dank der Zinkschicht (Galvanisierung) sind diese Klemmen ideal f\u00fcr Lasten, die im Freien gelagert oder unter Bedingungen hoher Feuchtigkeit und Salzgehalt transportiert werden.<\/li><li><strong>Maximale Festigkeit<\/strong>: Hergestellt aus hochwertigem Stahl behalten sie auch bei extremen Spannungen ihre Form.<\/li><li><strong>Kompatibilit\u00e4t<\/strong>: Perfekt geeignet f\u00fcr alle Standardbreiten von Polyesterb\u00e4ndern (von 13 mm bis 32 mm).<\/li><li><strong>Einfache Anwendung<\/strong>: Das Durchzugsystem erm\u00f6glicht ein schnelles manuelles Spannen ganz ohne Werkzeug.<\/li><\/ul>\t\t\t\t\t\t\t\t<\/div>\n\t\t\t\t<\/div>\n\t\t\t\t<div class=\"elementor-element elementor-element-56d8e2c elementor-widget elementor-widget-text-editor\" data-id=\"56d8e2c\" data-element_type=\"widget\" data-e-type=\"widget\" data-widget_type=\"text-editor.default\">\n\t\t\t\t<div class=\"elementor-widget-container\">\n\t\t\t\t\t\t\t\t\t<h2>Gebrauchsanweisung (Schritt-f\u00fcr-Schritt)<\/h2>\n<ol class=\"nabrajanje\">\n \t<li>Ziehen Sie das Band durch die Mitte der Schnalle.<\/li>\n \t<li>Wickeln Sie das Band um die Last.<\/li>\n \t<li>F\u00fchren Sie das Band gem\u00e4\u00df der beiliegenden Anleitung zur\u00fcck in die Schnalle (siehe Infografik in der Galerie).<\/li>\n \t<li>Ziehen Sie das Band manuell oder mit einem Spanner f\u00fcr maximale Sicherheit fest.<\/li>\n<\/ol>\nExperten-Tipp: Wenn Ihre Last aufgrund von Vibrationen beim Transport zus\u00e4tzlichen Halt ben\u00f6tigt, sehen Sie sich auch unser <a class=\"link1\" href=\"https:\/\/dizalica.hr\/trake-za-vezanje-i-pribor\/kopce-za-trake\/fosfatizirane-kopce\/\">Angebot an phosphatierten Schnallen<\/a> an.\t\t\t\t\t\t\t\t<\/div>\n\t\t\t\t<\/div>\n\t\t\t\t<\/div>\n\t\t<div class=\"elementor-element elementor-element-7586846 e-con-full e-flex e-con e-child\" data-id=\"7586846\" data-element_type=\"container\" data-e-type=\"container\">\n\t\t\t\t<div class=\"elementor-element elementor-element-47f45820 elementor-widget elementor-widget-text-editor\" data-id=\"47f45820\" data-element_type=\"widget\" data-e-type=\"widget\" data-widget_type=\"text-editor.default\">\n\t\t\t\t<div class=\"elementor-widget-container\">\n\t\t\t\t\t\t\t\t\t<div class=\"table-wrap\">\n    <table class=\"styled-table\">\n        <thead>\n            <tr>\n                <th style=\"text-align: left; width: 40%;\">Eigenschaft<\/th>\n                <th style=\"text-align: left; width: 60%;\">Details<\/th>\n            <\/tr>\n        <\/thead>\n        <tbody>\n            <tr>\n                <td style=\"text-align: left;\">Material<\/td>\n                <td style=\"text-align: left;\">Hochwertiger Stahl<\/td>\n            <\/tr>\n            <tr>\n                <td style=\"text-align: left;\">Oberfl\u00e4chenbehandlung<\/td>\n                <td style=\"text-align: left;\">Galvanisierung (verzinkt)<\/td>\n            <\/tr>\n            <tr>\n                <td style=\"text-align: left;\">Einsatzbereich<\/td>\n                <td style=\"text-align: left;\">PES-, Verbund- und Flechtb\u00e4nder<\/td>\n            <\/tr>\n            <tr>\n                <td style=\"text-align: left;\">Zertifikate<\/td>\n                <td style=\"text-align: left;\">CE-Norm<\/td>\n            <\/tr>\n            <tr>\n                <td style=\"text-align: left;\">Best\u00e4ndigkeit<\/td>\n                <td style=\"text-align: left;\">Hohe Rost- und Feuchtigkeitsbest\u00e4ndigkeit<\/td>\n            <\/tr>\n        <\/tbody>\n    <\/table>\n<\/div>\t\t\t\t\t\t\t\t<\/div>\n\t\t\t\t<\/div>\n\t\t\t\t<div class=\"elementor-element elementor-element-609426d elementor-widget elementor-widget-text-editor\" data-id=\"609426d\" data-element_type=\"widget\" data-e-type=\"widget\" data-widget_type=\"text-editor.default\">\n\t\t\t\t<div class=\"elementor-widget-container\">\n\t\t\t\t\t\t\t\t\t<h2 class=\"nabrajanje\">Fragen und Antworten<\/h2>\t\t\t\t\t\t\t\t<\/div>\n\t\t\t\t<\/div>\n\t\t\t\t<div class=\"elementor-element elementor-element-dcb403c elementor-widget elementor-widget-n-accordion\" data-id=\"dcb403c\" data-element_type=\"widget\" data-e-type=\"widget\" data-settings=\"{&quot;default_state&quot;:&quot;all_collapsed&quot;,&quot;max_items_expended&quot;:&quot;one&quot;,&quot;n_accordion_animation_duration&quot;:{&quot;unit&quot;:&quot;ms&quot;,&quot;size&quot;:400,&quot;sizes&quot;:[]}}\" data-widget_type=\"nested-accordion.default\">\n\t\t\t\t<div class=\"elementor-widget-container\">\n\t\t\t\t\t\t\t<div class=\"e-n-accordion\" aria-label=\"Accordion. Open links with Enter or Space, close with Escape, and navigate with Arrow Keys\">\n\t\t\t\t\t\t<details id=\"e-n-accordion-item-2310\" class=\"e-n-accordion-item\" >\n\t\t\t\t<summary class=\"e-n-accordion-item-title\" data-accordion-index=\"1\" tabindex=\"0\" aria-expanded=\"false\" aria-controls=\"e-n-accordion-item-2310\" >\n\t\t\t\t\t<span class='e-n-accordion-item-title-header'><h3 class=\"e-n-accordion-item-title-text\"> Sind galvanisierte Klemmen besser als phosphatierte? <\/h3><\/span>\n\t\t\t\t\t\t\t<span class='e-n-accordion-item-title-icon'>\n\t\t\t<span class='e-opened' ><svg aria-hidden=\"true\" class=\"e-font-icon-svg e-fas-minus\" viewBox=\"0 0 448 512\" xmlns=\"http:\/\/www.w3.org\/2000\/svg\"><path d=\"M416 208H32c-17.67 0-32 14.33-32 32v32c0 17.67 14.33 32 32 32h384c17.67 0 32-14.33 32-32v-32c0-17.67-14.33-32-32-32z\"><\/path><\/svg><\/span>\n\t\t\t<span class='e-closed'><svg aria-hidden=\"true\" class=\"e-font-icon-svg e-fas-plus\" viewBox=\"0 0 448 512\" xmlns=\"http:\/\/www.w3.org\/2000\/svg\"><path d=\"M416 208H272V64c0-17.67-14.33-32-32-32h-32c-17.67 0-32 14.33-32 32v144H32c-17.67 0-32 14.33-32 32v32c0 17.67 14.33 32 32 32h144v144c0 17.67 14.33 32 32 32h32c17.67 0 32-14.33 32-32V304h144c17.67 0 32-14.33 32-32v-32c0-17.67-14.33-32-32-32z\"><\/path><\/svg><\/span>\n\t\t<\/span>\n\n\t\t\t\t\t\t<\/summary>\n\t\t\t\t<div role=\"region\" aria-labelledby=\"e-n-accordion-item-2310\" class=\"elementor-element elementor-element-38acb96 e-con-full e-flex e-con e-child\" data-id=\"38acb96\" data-element_type=\"container\" data-e-type=\"container\">\n\t\t\t\t<div class=\"elementor-element elementor-element-79be343 elementor-widget elementor-widget-text-editor\" data-id=\"79be343\" data-element_type=\"widget\" data-e-type=\"widget\" data-widget_type=\"text-editor.default\">\n\t\t\t\t<div class=\"elementor-widget-container\">\n\t\t\t\t\t\t\t\t\t<p>Galvanisierte Hebeklemmen bieten einen besseren Korrosionsschutz, w\u00e4hrend phosphatierte Hebeklemmen eine bessere Reibung (&#8222;Grip&#8220;) gew\u00e4hrleisten. Die Wahl h\u00e4ngt von den Transportbedingungen ab.<\/p>\t\t\t\t\t\t\t\t<\/div>\n\t\t\t\t<\/div>\n\t\t\t\t<\/div>\n\t\t\t\t\t<\/details>\n\t\t\t\t\t<\/div>\n\t\t\t\t\t\t<\/div>\n\t\t\t\t<\/div>\n\t\t\t\t<\/div>\n\t\t\t\t\t<\/div>\n\t\t\t\t<\/div>\n\t\t\t\t<\/div>\n\t\t","protected":false},"excerpt":{"rendered":"<p>Galvanisierte (verzinkte) Klemmen sind der Industriestandard im Verpackungsbereich, wenn es um langanhaltende Best\u00e4ndigkeit und Widerstandsf\u00e4higkeit gegen \u00e4u\u00dfere Einfl\u00fcsse geht. Sie sind f\u00fcr den Einsatz mit Verbund- und Polyesterb\u00e4ndern (PES) konzipiert und gew\u00e4hrleisten eine Verbindung, die auch unter h\u00f6chsten Lasten zuverl\u00e4ssig h\u00e4lt.<\/p>\n","protected":false},"featured_media":31002,"comment_status":"open","ping_status":"closed","template":"","meta":[],"etheme_brands":[{"term_id":42,"name":"Gutman","slug":"gutman","term_group":0,"term_taxonomy_id":42,"taxonomy":"brand","description":"","parent":0,"count":346,"filter":"raw","term_order":"0"}],"product_brand":[],"product_cat":[874,873],"product_tag":[],"class_list":{"0":"post-37638","1":"product","2":"type-product","3":"status-publish","4":"has-post-thumbnail","6":"brand-gutman","7":"product_cat-umreifungstechnik-01","8":"product_cat-verschlussklemmen-01","9":"product_shipping_class-dostava","11":"first","12":"outofstock","13":"taxable","14":"shipping-taxable","15":"purchasable","16":"product-type-variable","17":"has-default-attributes"},"_links":{"self":[{"href":"https:\/\/dizalica.hr\/de\/wp-json\/wp\/v2\/product\/37638","targetHints":{"allow":["GET"]}}],"collection":[{"href":"https:\/\/dizalica.hr\/de\/wp-json\/wp\/v2\/product"}],"about":[{"href":"https:\/\/dizalica.hr\/de\/wp-json\/wp\/v2\/types\/product"}],"replies":[{"embeddable":true,"href":"https:\/\/dizalica.hr\/de\/wp-json\/wp\/v2\/comments?post=37638"}],"version-history":[{"count":0,"href":"https:\/\/dizalica.hr\/de\/wp-json\/wp\/v2\/product\/37638\/revisions"}],"wp:featuredmedia":[{"embeddable":true,"href":"https:\/\/dizalica.hr\/de\/wp-json\/wp\/v2\/media\/31002"}],"wp:attachment":[{"href":"https:\/\/dizalica.hr\/de\/wp-json\/wp\/v2\/media?parent=37638"}],"wp:term":[{"taxonomy":"brand","embeddable":true,"href":"https:\/\/dizalica.hr\/de\/wp-json\/wp\/v2\/etheme_brands?post=37638"},{"taxonomy":"product_brand","embeddable":true,"href":"https:\/\/dizalica.hr\/de\/wp-json\/wp\/v2\/product_brand?post=37638"},{"taxonomy":"product_cat","embeddable":true,"href":"https:\/\/dizalica.hr\/de\/wp-json\/wp\/v2\/product_cat?post=37638"},{"taxonomy":"product_tag","embeddable":true,"href":"https:\/\/dizalica.hr\/de\/wp-json\/wp\/v2\/product_tag?post=37638"}],"curies":[{"name":"wp","href":"https:\/\/api.w.org\/{rel}","templated":true}]}}