{"id":37636,"date":"2026-05-06T12:00:49","date_gmt":"2026-05-06T10:00:49","guid":{"rendered":"https:\/\/dizalica.hr\/nekategorizirano\/phosphatierte-rutschfeste-schwarze-klemmen-fur-maximale-reibung-und-sicheren-transport-schwerster-lasten-ohne-abrutschen\/"},"modified":"2026-05-09T12:59:09","modified_gmt":"2026-05-09T10:59:09","slug":"phosphatierte-rutschfeste-schwarze-klemmen-fur-maximale-reibung-und-sicheren-transport-schwerster-lasten-ohne-abrutschen","status":"publish","type":"product","link":"https:\/\/dizalica.hr\/de\/umreifungstechnik\/verschlussklemmen\/phosphatierte-rutschfeste-schwarze-klemmen-fur-maximale-reibung-und-sicheren-transport-schwerster-lasten-ohne-abrutschen\/","title":{"rendered":"Phosphatierte (rutschfeste) schwarze Klemmen f\u00fcr maximale Reibung und sicheren Transport schwerster Lasten ohne Abrutschen"},"content":{"rendered":"\t\t<div data-elementor-type=\"product-post\" data-elementor-id=\"37636\" class=\"elementor elementor-37636 elementor-2659\" data-elementor-post-type=\"product\">\n\t\t\t\t<div class=\"elementor-element elementor-element-658da4ec e-flex e-con-boxed e-con e-parent\" data-id=\"658da4ec\" data-element_type=\"container\" data-e-type=\"container\">\n\t\t\t\t\t<div class=\"e-con-inner\">\n\t\t<div class=\"elementor-element elementor-element-798e462 e-con-full e-flex e-con e-child\" data-id=\"798e462\" data-element_type=\"container\" data-e-type=\"container\">\n\t\t\t\t<div class=\"elementor-element elementor-element-29216ee elementor-widget elementor-widget-text-editor\" data-id=\"29216ee\" data-element_type=\"widget\" data-e-type=\"widget\" data-widget_type=\"text-editor.default\">\n\t\t\t\t<div class=\"elementor-widget-container\">\n\t\t\t\t\t\t\t\t\t<h2>Warum sollten Sie phosphatierte Spannverschl\u00fcsse w\u00e4hlen?<\/h2><ul class=\"nabrajanje\"><li><strong>Anti-Rutsch-Technologie:<\/strong> Die raue Oberfl\u00e4che \u201egreift\u201c das Band, wodurch ein Nachgeben selbst bei extremen Vibrationen w\u00e4hrend des Transports per LKW, Schiff oder Flugzeug verhindert wird.<\/li><li><strong>Ideal f\u00fcr geflochtene und Verbundb\u00e4nder:<\/strong> Sie sind der beste Partner f\u00fcr Verbund- und geflochtene Polyesterb\u00e4nder, da sie das Risiko des Herausziehens des Bandes unter hoher Zugspannung eliminieren.<\/li><li><strong>Hohe Zugfestigkeit:<\/strong> Aus verst\u00e4rktem Stahl gefertigt, widerstehen diese Verschl\u00fcsse enormen Zugkr\u00e4ften ohne Verformung.<\/li><li><strong>Professionelles Erscheinungsbild:<\/strong> Die matte schwarze Oberfl\u00e4che verleiht den Ladungen ein industrielles und sicheres Aussehen.<\/li><\/ul>\t\t\t\t\t\t\t\t<\/div>\n\t\t\t\t<\/div>\n\t\t\t\t<div class=\"elementor-element elementor-element-3db2ea2 elementor-widget elementor-widget-text-editor\" data-id=\"3db2ea2\" data-element_type=\"widget\" data-e-type=\"widget\" data-widget_type=\"text-editor.default\">\n\t\t\t\t<div class=\"elementor-widget-container\">\n\t\t\t\t\t\t\t\t\t<h2>Technischer Vergleich: Phosphatierte vs. Verzinkte Schnallen<\/h2>\nKunden fragen h\u00e4ufig, welche sie w\u00e4hlen sollen. Hier ist ein kurzer Leitfaden:\n<ul class=\"nabrajanje\">\n \t<li>W\u00e4hlen Sie phosphatierte Schnallen, wenn Sie schwere Lasten, Paletten mit starker Ersch\u00fctterung w\u00e4hrend des Transports oder rutschige Verbundb\u00e4nder sichern. Ihr Schwerpunkt liegt auf dem Grip.<\/li>\n \t<li>W\u00e4hlen Sie <a class=\"link1\" href=\"https:\/\/dizalica.hr\/trake-za-vezanje-i-pribor\/kopce-za-trake\/galvanizirane-kopce\/\">verzinkte Schnallen<\/a>, wenn dauerhafter Rostschutz unter feuchten Bedingungen f\u00fcr Sie Priorit\u00e4t hat.<\/li>\n<\/ul>\t\t\t\t\t\t\t\t<\/div>\n\t\t\t\t<\/div>\n\t\t\t\t<\/div>\n\t\t<div class=\"elementor-element elementor-element-cfacc9a e-con-full e-flex e-con e-child\" data-id=\"cfacc9a\" data-element_type=\"container\" data-e-type=\"container\">\n\t\t\t\t<div class=\"elementor-element elementor-element-376b7b73 elementor-widget elementor-widget-text-editor\" data-id=\"376b7b73\" data-element_type=\"widget\" data-e-type=\"widget\" data-widget_type=\"text-editor.default\">\n\t\t\t\t<div class=\"elementor-widget-container\">\n\t\t\t\t\t\t\t\t\t<div class=\"table-wrap\">\n    <table class=\"styled-table\">\n        <thead>\n            <tr>\n                <th style=\"text-align: left; width: 40%;\">Eigenschaft<\/th>\n                <th style=\"text-align: left; width: 60%;\">Details<\/th>\n            <\/tr>\n        <\/thead>\n        <tbody>\n            <tr>\n                <td style=\"text-align: left;\">Material<\/td>\n                <td style=\"text-align: left;\">Verst\u00e4rkter Stahl<\/td>\n            <\/tr>\n            <tr>\n                <td style=\"text-align: left;\">Oberfl\u00e4chenbehandlung<\/td>\n                <td style=\"text-align: left;\">Phosphatierung (matt schwarz)<\/td>\n            <\/tr>\n            <tr>\n                <td style=\"text-align: left;\">Hauptmerkmal<\/td>\n                <td style=\"text-align: left;\">Hoher Reibungskoeffizient (rutschhemmend)<\/td>\n            <\/tr>\n            <tr>\n                <td style=\"text-align: left;\">Kompatibilit\u00e4t<\/td>\n                <td style=\"text-align: left;\">Komposit-, Geflecht- und Hotmelt-B\u00e4nder<\/td>\n            <\/tr>\n            <tr>\n                <td style=\"text-align: left;\">Zertifikate<\/td>\n                <td style=\"text-align: left;\">CE-Konformit\u00e4t<\/td>\n            <\/tr>\n        <\/tbody>\n    <\/table>\n<\/div>\t\t\t\t\t\t\t\t<\/div>\n\t\t\t\t<\/div>\n\t\t\t\t<\/div>\n\t\t\t\t\t<\/div>\n\t\t\t\t<\/div>\n\t\t\t\t<\/div>\n\t\t","protected":false},"excerpt":{"rendered":"<p>Phosphatierte Klemmen (auch bekannt als \u201eschwarze Klemmen\u201c) sind speziell f\u00fcr Situationen konzipiert, in denen die Sicherheit der Verbindung oberste Priorit\u00e4t hat. Durch den speziellen chemischen Phosphatierungsprozess erhalten diese Klemmen <b data-path-to-node=\"8\" data-index-in-node=\"211\">eine raue, matte schwarze Oberfl\u00e4che<\/b>, die den Reibungskoeffizienten zwischen Klemme und Band deutlich erh\u00f6ht.<\/p>\n","protected":false},"featured_media":31007,"comment_status":"open","ping_status":"closed","template":"","meta":[],"etheme_brands":[{"term_id":42,"name":"Gutman","slug":"gutman","term_group":0,"term_taxonomy_id":42,"taxonomy":"brand","description":"","parent":0,"count":346,"filter":"raw","term_order":"0"}],"product_brand":[],"product_cat":[874,873],"product_tag":[],"class_list":{"0":"post-37636","1":"product","2":"type-product","3":"status-publish","4":"has-post-thumbnail","6":"brand-gutman","7":"product_cat-umreifungstechnik-01","8":"product_cat-verschlussklemmen-01","9":"product_shipping_class-dostava","11":"first","12":"outofstock","13":"taxable","14":"shipping-taxable","15":"purchasable","16":"product-type-variable","17":"has-default-attributes"},"_links":{"self":[{"href":"https:\/\/dizalica.hr\/de\/wp-json\/wp\/v2\/product\/37636","targetHints":{"allow":["GET"]}}],"collection":[{"href":"https:\/\/dizalica.hr\/de\/wp-json\/wp\/v2\/product"}],"about":[{"href":"https:\/\/dizalica.hr\/de\/wp-json\/wp\/v2\/types\/product"}],"replies":[{"embeddable":true,"href":"https:\/\/dizalica.hr\/de\/wp-json\/wp\/v2\/comments?post=37636"}],"version-history":[{"count":0,"href":"https:\/\/dizalica.hr\/de\/wp-json\/wp\/v2\/product\/37636\/revisions"}],"wp:featuredmedia":[{"embeddable":true,"href":"https:\/\/dizalica.hr\/de\/wp-json\/wp\/v2\/media\/31007"}],"wp:attachment":[{"href":"https:\/\/dizalica.hr\/de\/wp-json\/wp\/v2\/media?parent=37636"}],"wp:term":[{"taxonomy":"brand","embeddable":true,"href":"https:\/\/dizalica.hr\/de\/wp-json\/wp\/v2\/etheme_brands?post=37636"},{"taxonomy":"product_brand","embeddable":true,"href":"https:\/\/dizalica.hr\/de\/wp-json\/wp\/v2\/product_brand?post=37636"},{"taxonomy":"product_cat","embeddable":true,"href":"https:\/\/dizalica.hr\/de\/wp-json\/wp\/v2\/product_cat?post=37636"},{"taxonomy":"product_tag","embeddable":true,"href":"https:\/\/dizalica.hr\/de\/wp-json\/wp\/v2\/product_tag?post=37636"}],"curies":[{"name":"wp","href":"https:\/\/api.w.org\/{rel}","templated":true}]}}