{"id":37628,"date":"2026-05-06T11:54:36","date_gmt":"2026-05-06T09:54:36","guid":{"rendered":"https:\/\/dizalica.hr\/nekategorizirano\/spannvorrichtung-fuer-band\/"},"modified":"2026-05-09T12:59:09","modified_gmt":"2026-05-09T10:59:09","slug":"spannvorrichtung-fuer-band","status":"publish","type":"product","link":"https:\/\/dizalica.hr\/de\/umreifungstechnik\/spanngeraete\/spannvorrichtung-fuer-band\/","title":{"rendered":"Spannvorrichtung f\u00fcr Band"},"content":{"rendered":"<h4>Spanner f\u00fcr Gurte<br \/>\nGurtspanner<\/h4>\n<ul>\n<li>Geh\u00e4use aus hochwertigem Stahl<\/li>\n<li>Teile aus geh\u00e4rtetem Stahl<\/li>\n<li>geringes Gewicht<\/li>\n<li>einfache Handhabung<\/li>\n<\/ul>\n<p>Der Gurtspanner besteht aus hochwertigem Stahl mit geh\u00e4rteten Stahlteilen, ist leicht konstruiert und einfach zu bedienen, was ihn ideal f\u00fcr sicheres und effizientes Spannen von Gurten macht.<\/p>\n","protected":false},"excerpt":{"rendered":"<p>Der Spanner f\u00fcr B\u00e4nder besteht aus hochwertigem Stahl mit geh\u00e4rteten Stahlteilen, ist leicht konstruiert und einfach zu bedienen, was ihn ideal f\u00fcr das sichere und effiziente Spannen von B\u00e4ndern macht.<\/p>\n","protected":false},"featured_media":2671,"comment_status":"closed","ping_status":"closed","template":"","meta":[],"etheme_brands":[],"product_brand":[],"product_cat":[872,874],"product_tag":[],"class_list":{"0":"post-37628","1":"product","2":"type-product","3":"status-publish","4":"has-post-thumbnail","6":"product_cat-spanngeraete-01","7":"product_cat-umreifungstechnik-01","8":"product_shipping_class-lieferung","10":"first","11":"outofstock","12":"taxable","13":"shipping-taxable","14":"purchasable","15":"product-type-variable","16":"has-default-attributes"},"_links":{"self":[{"href":"https:\/\/dizalica.hr\/de\/wp-json\/wp\/v2\/product\/37628","targetHints":{"allow":["GET"]}}],"collection":[{"href":"https:\/\/dizalica.hr\/de\/wp-json\/wp\/v2\/product"}],"about":[{"href":"https:\/\/dizalica.hr\/de\/wp-json\/wp\/v2\/types\/product"}],"replies":[{"embeddable":true,"href":"https:\/\/dizalica.hr\/de\/wp-json\/wp\/v2\/comments?post=37628"}],"version-history":[{"count":0,"href":"https:\/\/dizalica.hr\/de\/wp-json\/wp\/v2\/product\/37628\/revisions"}],"wp:featuredmedia":[{"embeddable":true,"href":"https:\/\/dizalica.hr\/de\/wp-json\/wp\/v2\/media\/2671"}],"wp:attachment":[{"href":"https:\/\/dizalica.hr\/de\/wp-json\/wp\/v2\/media?parent=37628"}],"wp:term":[{"taxonomy":"brand","embeddable":true,"href":"https:\/\/dizalica.hr\/de\/wp-json\/wp\/v2\/etheme_brands?post=37628"},{"taxonomy":"product_brand","embeddable":true,"href":"https:\/\/dizalica.hr\/de\/wp-json\/wp\/v2\/product_brand?post=37628"},{"taxonomy":"product_cat","embeddable":true,"href":"https:\/\/dizalica.hr\/de\/wp-json\/wp\/v2\/product_cat?post=37628"},{"taxonomy":"product_tag","embeddable":true,"href":"https:\/\/dizalica.hr\/de\/wp-json\/wp\/v2\/product_tag?post=37628"}],"curies":[{"name":"wp","href":"https:\/\/api.w.org\/{rel}","templated":true}]}}