{"id":37627,"date":"2026-05-06T11:53:24","date_gmt":"2026-05-06T09:53:24","guid":{"rendered":"https:\/\/dizalica.hr\/nekategorizirano\/kunststoff-winkel-schutzecken-pk\/"},"modified":"2026-05-09T12:59:09","modified_gmt":"2026-05-09T10:59:09","slug":"kunststoff-winkel-schutzecken-pk","status":"publish","type":"product","link":"https:\/\/dizalica.hr\/de\/umreifungstechnik\/kantenschutz\/kunststoff-winkel-schutzecken-pk\/","title":{"rendered":"Kunststoff-Winkel-Schutzecken PK"},"content":{"rendered":"<h4>Schutz f\u00fcr Umreifungsb\u00e4nder<br \/>\nKunststoff-Kantenschoner<\/h4>\n<p>&#8211; einfache Montage und Schutz sowohl der Last als auch des Bandes<br \/>\n&#8211; speziell entwickelt zum Schutz von Karton, Holz und Paletten<br \/>\n&#8211; best\u00e4ndig gegen Feuchtigkeit und Chemikalien  <\/p>\n<p>Der Schutz f\u00fcr Umreifungsb\u00e4nder l\u00e4sst sich leicht anbringen und sch\u00fctzt effektiv sowohl die Last als auch das Band. Er ist speziell konstruiert zum Schutz von Karton, Holz und Paletten und zeichnet sich durch hohe Best\u00e4ndigkeit gegen Feuchtigkeit und Chemikalien aus.<\/p>\n","protected":false},"excerpt":{"rendered":"<p>Der Schutz f\u00fcr Zurrgurte l\u00e4sst sich einfach anbringen und sch\u00fctzt sowohl die Last als auch den Gurt effektiv. Speziell konstruiert zum Schutz von Karton, Holz und Paletten, bietet er zudem Best\u00e4ndigkeit gegen Feuchtigkeit und Chemikalien.<\/p>\n","protected":false},"featured_media":30998,"comment_status":"open","ping_status":"closed","template":"","meta":[],"etheme_brands":[{"term_id":42,"name":"Gutman","slug":"gutman","term_group":0,"term_taxonomy_id":42,"taxonomy":"brand","description":"","parent":0,"count":346,"filter":"raw","term_order":"0"}],"product_brand":[],"product_cat":[871,874],"product_tag":[],"class_list":{"0":"post-37627","1":"product","2":"type-product","3":"status-publish","4":"has-post-thumbnail","6":"brand-gutman","7":"product_cat-kantenschutz-01","8":"product_cat-umreifungstechnik-01","9":"product_shipping_class-lieferung","11":"first","12":"outofstock","13":"taxable","14":"shipping-taxable","15":"purchasable","16":"product-type-variable","17":"has-default-attributes"},"_links":{"self":[{"href":"https:\/\/dizalica.hr\/de\/wp-json\/wp\/v2\/product\/37627","targetHints":{"allow":["GET"]}}],"collection":[{"href":"https:\/\/dizalica.hr\/de\/wp-json\/wp\/v2\/product"}],"about":[{"href":"https:\/\/dizalica.hr\/de\/wp-json\/wp\/v2\/types\/product"}],"replies":[{"embeddable":true,"href":"https:\/\/dizalica.hr\/de\/wp-json\/wp\/v2\/comments?post=37627"}],"version-history":[{"count":0,"href":"https:\/\/dizalica.hr\/de\/wp-json\/wp\/v2\/product\/37627\/revisions"}],"wp:featuredmedia":[{"embeddable":true,"href":"https:\/\/dizalica.hr\/de\/wp-json\/wp\/v2\/media\/30998"}],"wp:attachment":[{"href":"https:\/\/dizalica.hr\/de\/wp-json\/wp\/v2\/media?parent=37627"}],"wp:term":[{"taxonomy":"brand","embeddable":true,"href":"https:\/\/dizalica.hr\/de\/wp-json\/wp\/v2\/etheme_brands?post=37627"},{"taxonomy":"product_brand","embeddable":true,"href":"https:\/\/dizalica.hr\/de\/wp-json\/wp\/v2\/product_brand?post=37627"},{"taxonomy":"product_cat","embeddable":true,"href":"https:\/\/dizalica.hr\/de\/wp-json\/wp\/v2\/product_cat?post=37627"},{"taxonomy":"product_tag","embeddable":true,"href":"https:\/\/dizalica.hr\/de\/wp-json\/wp\/v2\/product_tag?post=37627"}],"curies":[{"name":"wp","href":"https:\/\/api.w.org\/{rel}","templated":true}]}}