{"id":37623,"date":"2026-05-06T11:49:50","date_gmt":"2026-05-06T09:49:50","guid":{"rendered":"https:\/\/dizalica.hr\/nekategorizirano\/gestell-fur-bander-st76\/"},"modified":"2026-05-09T12:59:09","modified_gmt":"2026-05-09T10:59:09","slug":"gestell-fur-bander-st76","status":"publish","type":"product","link":"https:\/\/dizalica.hr\/de\/umreifungstechnik\/abrollwagen\/gestell-fur-bander-st76\/","title":{"rendered":"Gestell f\u00fcr B\u00e4nder ST76"},"content":{"rendered":"<h4>Zus\u00e4tzliches Zubeh\u00f6r zum Sichern<br \/>\nSt\u00e4nder f\u00fcr B\u00e4nder<\/h4>\n<p>&#8211; St\u00e4nder f\u00fcr weiche B\u00e4nder<br \/>\n&#8211; f\u00fcr einen Kern-Durchmesser von 76 mm, geeignet f\u00fcr MD- und PMD-B\u00e4nder<br \/>\n&#8211; leicht tragbar, einfache Montage der Bandrolle<br \/>\n&#8211; Farbe: standardm\u00e4\u00dfig schwarz oder blau<br \/>\n&#8211; ohne Rollen<br \/>\n&#8211; Gewicht: 5 kg  <\/p>\n<p>Zus\u00e4tzliches Zubeh\u00f6r zum Sichern \u2013 St\u00e4nder f\u00fcr weiche B\u00e4nder mit einem Kern-Durchmesser von 76 mm, ideal f\u00fcr MD- und PMD-B\u00e4nder, leicht tragbar und einfache Montage der Bandrolle, erh\u00e4ltlich in Schwarz oder Blau, ohne Rollen, Gesamtgewicht 5 kg.<\/p>\n","protected":false},"excerpt":{"rendered":"<p>Zus\u00e4tzliches Zubeh\u00f6r zum Sichern \u2013 St\u00e4nder f\u00fcr weiche B\u00e4nder mit einem Kerndurchmesser von 76 mm, ideal f\u00fcr MD- und PMD-B\u00e4nder, leicht tragbar und einfach zum Aufsetzen der Rolle, erh\u00e4ltlich in Schwarz oder Blau, ohne Rollen, Gesamtgewicht 5 kg.<\/p>\n","protected":false},"featured_media":2682,"comment_status":"closed","ping_status":"closed","template":"","meta":[],"etheme_brands":[],"product_brand":[],"product_cat":[870,874],"product_tag":[],"class_list":{"0":"post-37623","1":"product","2":"type-product","3":"status-publish","4":"has-post-thumbnail","6":"product_cat-abrollwagen-01","7":"product_cat-umreifungstechnik-01","8":"product_shipping_class-dostava","10":"first","11":"instock","12":"taxable","13":"shipping-taxable","14":"purchasable","15":"product-type-simple"},"_links":{"self":[{"href":"https:\/\/dizalica.hr\/de\/wp-json\/wp\/v2\/product\/37623","targetHints":{"allow":["GET"]}}],"collection":[{"href":"https:\/\/dizalica.hr\/de\/wp-json\/wp\/v2\/product"}],"about":[{"href":"https:\/\/dizalica.hr\/de\/wp-json\/wp\/v2\/types\/product"}],"replies":[{"embeddable":true,"href":"https:\/\/dizalica.hr\/de\/wp-json\/wp\/v2\/comments?post=37623"}],"version-history":[{"count":0,"href":"https:\/\/dizalica.hr\/de\/wp-json\/wp\/v2\/product\/37623\/revisions"}],"wp:featuredmedia":[{"embeddable":true,"href":"https:\/\/dizalica.hr\/de\/wp-json\/wp\/v2\/media\/2682"}],"wp:attachment":[{"href":"https:\/\/dizalica.hr\/de\/wp-json\/wp\/v2\/media?parent=37623"}],"wp:term":[{"taxonomy":"brand","embeddable":true,"href":"https:\/\/dizalica.hr\/de\/wp-json\/wp\/v2\/etheme_brands?post=37623"},{"taxonomy":"product_brand","embeddable":true,"href":"https:\/\/dizalica.hr\/de\/wp-json\/wp\/v2\/product_brand?post=37623"},{"taxonomy":"product_cat","embeddable":true,"href":"https:\/\/dizalica.hr\/de\/wp-json\/wp\/v2\/product_cat?post=37623"},{"taxonomy":"product_tag","embeddable":true,"href":"https:\/\/dizalica.hr\/de\/wp-json\/wp\/v2\/product_tag?post=37623"}],"curies":[{"name":"wp","href":"https:\/\/api.w.org\/{rel}","templated":true}]}}