{"id":37621,"date":"2026-05-06T11:46:56","date_gmt":"2026-05-06T09:46:56","guid":{"rendered":"https:\/\/dizalica.hr\/nekategorizirano\/gestell-fur-bander-st200\/"},"modified":"2026-05-09T12:59:10","modified_gmt":"2026-05-09T10:59:10","slug":"gestell-fur-bander-st200","status":"publish","type":"product","link":"https:\/\/dizalica.hr\/de\/umreifungstechnik\/abrollwagen\/gestell-fur-bander-st200\/","title":{"rendered":"Gestell f\u00fcr B\u00e4nder ST200"},"content":{"rendered":"<h4>Zus\u00e4tzliches Zubeh\u00f6r zum Sichern<br \/>\nAbrollst\u00e4nder f\u00fcr B\u00e4nder ST200<\/h4>\n<p>&#8211; Abrollst\u00e4nder f\u00fcr harte B\u00e4nder<br \/>\n&#8211; f\u00fcr Kern-Durchmesser 200 mm, CMD-B\u00e4nder<br \/>\n&#8211; Farbe: Standard Schwarz<br \/>\n&#8211; Kunststoffrollen 150&#215;15 mm<br \/>\n&#8211; Gewicht 9 kg  <\/p>\n<p>Zus\u00e4tzliches Zubeh\u00f6r zum Sichern \u2013 Abrollst\u00e4nder f\u00fcr harte B\u00e4nder mit einem Kerndurchmesser von 200 mm f\u00fcr CMD-B\u00e4nder, in Standard-Schwarz, ausgestattet mit Kunststoffrollen der Gr\u00f6\u00dfe 150&#215;15 mm, Gewicht 9 kg.<\/p>\n","protected":false},"excerpt":{"rendered":"<p>Zus\u00e4tzliches Zubeh\u00f6r f\u00fcr das Sichern \u2013 St\u00e4nder f\u00fcr harte B\u00e4nder mit einem Kern-Durchmesser von 200 mm f\u00fcr CMD-B\u00e4nder, in Standard-Schwarz, ausgestattet mit Kunststoffr\u00e4dern der Gr\u00f6\u00dfe 150&#215;15 mm, Gewicht 9 kg.<\/p>\n","protected":false},"featured_media":2684,"comment_status":"closed","ping_status":"closed","template":"","meta":[],"etheme_brands":[],"product_brand":[],"product_cat":[870,874],"product_tag":[],"class_list":{"0":"post-37621","1":"product","2":"type-product","3":"status-publish","4":"has-post-thumbnail","6":"product_cat-abrollwagen-01","7":"product_cat-umreifungstechnik-01","8":"product_shipping_class-dostava","10":"first","11":"outofstock","12":"taxable","13":"shipping-taxable","14":"purchasable","15":"product-type-variable","16":"has-default-attributes"},"_links":{"self":[{"href":"https:\/\/dizalica.hr\/de\/wp-json\/wp\/v2\/product\/37621","targetHints":{"allow":["GET"]}}],"collection":[{"href":"https:\/\/dizalica.hr\/de\/wp-json\/wp\/v2\/product"}],"about":[{"href":"https:\/\/dizalica.hr\/de\/wp-json\/wp\/v2\/types\/product"}],"replies":[{"embeddable":true,"href":"https:\/\/dizalica.hr\/de\/wp-json\/wp\/v2\/comments?post=37621"}],"version-history":[{"count":0,"href":"https:\/\/dizalica.hr\/de\/wp-json\/wp\/v2\/product\/37621\/revisions"}],"wp:featuredmedia":[{"embeddable":true,"href":"https:\/\/dizalica.hr\/de\/wp-json\/wp\/v2\/media\/2684"}],"wp:attachment":[{"href":"https:\/\/dizalica.hr\/de\/wp-json\/wp\/v2\/media?parent=37621"}],"wp:term":[{"taxonomy":"brand","embeddable":true,"href":"https:\/\/dizalica.hr\/de\/wp-json\/wp\/v2\/etheme_brands?post=37621"},{"taxonomy":"product_brand","embeddable":true,"href":"https:\/\/dizalica.hr\/de\/wp-json\/wp\/v2\/product_brand?post=37621"},{"taxonomy":"product_cat","embeddable":true,"href":"https:\/\/dizalica.hr\/de\/wp-json\/wp\/v2\/product_cat?post=37621"},{"taxonomy":"product_tag","embeddable":true,"href":"https:\/\/dizalica.hr\/de\/wp-json\/wp\/v2\/product_tag?post=37621"}],"curies":[{"name":"wp","href":"https:\/\/api.w.org\/{rel}","templated":true}]}}