{"id":37556,"date":"2026-05-06T10:41:58","date_gmt":"2026-05-06T08:41:58","guid":{"rendered":"https:\/\/dizalica.hr\/nekategorizirano\/elektrische-ketten-hebeklemme-500-kg-inverter-zweistufig-16-78-m-min-075-kw\/"},"modified":"2026-05-06T10:41:59","modified_gmt":"2026-05-06T08:41:59","slug":"elektrische-ketten-hebeklemme-500-kg-inverter-zweistufig-16-78-m-min-075-kw","status":"publish","type":"product","link":"https:\/\/dizalica.hr\/de\/hebezeuge\/elektrokettenzuge\/elektrische-ketten-hebeklemme-500-kg-inverter-zweistufig-16-78-m-min-075-kw\/","title":{"rendered":"Elektrische Ketten-Hebeklemme 500 kg \u2013 Inverter, zweistufig 1,6-7,8 m\/min, 0,75 kW"},"content":{"rendered":"\t\t<div data-elementor-type=\"product-post\" data-elementor-id=\"37556\" class=\"elementor elementor-37556 elementor-13123\" data-elementor-post-type=\"product\">\n\t\t\t\t<div class=\"elementor-element elementor-element-427760fc e-flex e-con-boxed e-con e-parent\" data-id=\"427760fc\" data-element_type=\"container\" data-e-type=\"container\">\n\t\t\t\t\t<div class=\"e-con-inner\">\n\t\t<div class=\"elementor-element elementor-element-16b989e e-con-full e-flex e-con e-child\" data-id=\"16b989e\" data-element_type=\"container\" data-e-type=\"container\">\n\t\t\t\t<div class=\"elementor-element elementor-element-948e91f elementor-widget elementor-widget-text-editor\" data-id=\"948e91f\" data-element_type=\"widget\" data-e-type=\"widget\" data-widget_type=\"text-editor.default\">\n\t\t\t\t<div class=\"elementor-widget-container\">\n\t\t\t\t\t\t\t\t\t<h2>Elektrische Hebeklemme 500 kg \u2013 optimales Verh\u00e4ltnis von Tragf\u00e4higkeit und Preis<\/h2>\n\n<p>Die elektrische Ketten-Hebeklemme mit einer Tragf\u00e4higkeit von 500 kg ist das meistverkaufte Modell im Leichtsegment der <a href=\"https:\/\/dizalica.hr\/rucne-elektricne-dizalice\/elektricne-lancane-dizalice\/\" class=\"link1\">elektrischen Ketten-Hebeklemmen<\/a>. Mit einem 0,75 kW Motor und zwei Hubgeschwindigkeiten (7,8 m\/min schnell, 1,6 m\/min langsam) bietet sie die doppelte Tragf\u00e4higkeit im Vergleich zum 250-kg-Modell bei nur 100 \u20ac Mehrpreis \u2013 ohne Gewichtszunahme oder gr\u00f6\u00dfere Abmessungen.<\/p>\n\n<p>Sie basiert auf derselben Plattform wie das 250-kg-Modell \u2013 gleicher Motor, gleiche Kette (\u03a6 5,6 mm), gleiches Gewicht (27 kg) \u2013 der Unterschied liegt nur im \u00dcbersetzungsverh\u00e4ltnis des Getriebes, das die Tragf\u00e4higkeit verdoppelt bei halber Geschwindigkeit. Die Umkehrsteuerung gew\u00e4hrleistet einen sanften Start und Stopp. Die Montage erfolgt fest an einem Haken oder einer Stahltr\u00e4ger-Schiene.<\/p>\t\t\t\t\t\t\t\t<\/div>\n\t\t\t\t<\/div>\n\t\t\t\t<div class=\"elementor-element elementor-element-0794315 elementor-widget elementor-widget-text-editor\" data-id=\"0794315\" data-element_type=\"widget\" data-e-type=\"widget\" data-widget_type=\"text-editor.default\">\n\t\t\t\t<div class=\"elementor-widget-container\">\n\t\t\t\t\t\t\t\t\t<h2>Wof\u00fcr wird die Hebeklemme 500 kg verwendet?<\/h2>\n\n<p>Die Tragf\u00e4higkeit von einer halben Tonne deckt ein breites Spektrum an Werkstatt- und Lagerarbeiten ab. Typische Anwendungen umfassen Kfz-Werkst\u00e4tten zum Heben von Motoren, Getrieben, Batterien und anderen Teilen, Maschinenwerkst\u00e4tten f\u00fcr die Handhabung von Werkst\u00fccken und Werkzeugen, Lagerh\u00e4user zum Stapeln schwerer Kisten und Paketlieferungen sowie Produktionsst\u00e4tten zur Materialversorgung von Arbeitspl\u00e4tzen.<\/p>\n\n<p>F\u00fcr die meisten Werkst\u00e4tten ist 500 kg die ideale Tragf\u00e4higkeit \u2013 sie deckt nahezu alle \u00fcblichen Lasten ab und bewahrt gleichzeitig die Kompaktheit und den g\u00fcnstigen Preis des 250-kg-Modells. Wenn Ihre Lasten regelm\u00e4\u00dfig unter 250 kg liegen und Geschwindigkeit wichtiger ist, empfehlen wir das <a href=\"https:\/\/dizalica.hr\/rucne-elektricne-dizalice\/elektricne-lancane-dizalice\/elektricna-dizalica-egle-250kg-3-15m\/\" class=\"link1\">Modell mit 250 kg<\/a>, das eine doppelte Hubgeschwindigkeit von 15 m\/min erreicht.<\/p>\t\t\t\t\t\t\t\t<\/div>\n\t\t\t\t<\/div>\n\t\t\t\t<div class=\"elementor-element elementor-element-d966710 elementor-widget elementor-widget-text-editor\" data-id=\"d966710\" data-element_type=\"widget\" data-e-type=\"widget\" data-widget_type=\"text-editor.default\">\n\t\t\t\t<div class=\"elementor-widget-container\">\n\t\t\t\t\t\t\t\t\t<h2>250 kg, 500 kg oder 1 Tonne?<\/h2>\n\n<div class=\"table-wrap\">\n<h3>Vergleich der leichten EGLE-Modelle<\/h3>\n<table class=\"styled-table\" role=\"table\" aria-label=\"Vergleich elektrischer Kettenz\u00fcge 250 kg, 500 kg und 1000 kg\">\n<thead>\n<tr>\n<th style=\"width: 25%; text-align: center;\" scope=\"col\">Eigenschaft<\/th>\n<th style=\"width: 25%; text-align: center;\" scope=\"col\">250 kg<\/th>\n<th style=\"width: 25%; text-align: center;\" scope=\"col\">500 kg<\/th>\n<th style=\"width: 25%; text-align: center;\" scope=\"col\">1.000 kg<\/th>\n<\/tr>\n<\/thead>\n<tbody>\n<tr>\n<td style=\"text-align: center;\"><strong>Schnellgeschwindigkeit<\/strong><\/td>\n<td style=\"text-align: center;\">15 m\/min<\/td>\n<td style=\"text-align: center;\">7,8 m\/min<\/td>\n<td style=\"text-align: center;\">7 m\/min<\/td>\n<\/tr>\n<tr>\n<td style=\"text-align: center;\"><strong>Langsamgeschwindigkeit<\/strong><\/td>\n<td style=\"text-align: center;\">3 m\/min<\/td>\n<td style=\"text-align: center;\">1,6 m\/min<\/td>\n<td style=\"text-align: center;\">2,3 m\/min<\/td>\n<\/tr>\n<tr>\n<td style=\"text-align: center;\"><strong>Leistung<\/strong><\/td>\n<td style=\"text-align: center;\">0,75 kW<\/td>\n<td style=\"text-align: center;\">0,75 kW<\/td>\n<td style=\"text-align: center;\">1,5 kW<\/td>\n<\/tr>\n<tr>\n<td style=\"text-align: center;\"><strong>Kette<\/strong><\/td>\n<td style=\"text-align: center;\">\u03a6 5,6 \/ 1<\/td>\n<td style=\"text-align: center;\">\u03a6 5,6 \/ 1<\/td>\n<td style=\"text-align: center;\">\u03a6 7,1 \/ 1<\/td>\n<\/tr>\n<tr>\n<td style=\"text-align: center;\"><strong>Gewicht<\/strong><\/td>\n<td style=\"text-align: center;\">27 kg<\/td>\n<td style=\"text-align: center;\">27 kg<\/td>\n<td style=\"text-align: center;\">47 kg<\/td>\n<\/tr>\n<tr>\n<td style=\"text-align: center;\"><strong>Empfohlener Verkaufspreis<\/strong><\/td>\n<td style=\"text-align: center;\">1.387,50 \u20ac<\/td>\n<td style=\"text-align: center;\">1.487,50 \u20ac<\/td>\n<td style=\"text-align: center;\">1.725,00 \u20ac<\/td>\n<\/tr>\n<\/tbody>\n<\/table>\n<\/div>\n\n<p>Das Modell mit 500 kg Tragf\u00e4higkeit verwendet dieselbe Plattform wie das <a href=\"https:\/\/dizalica.hr\/rucne-elektricne-dizalice\/elektricne-lancane-dizalice\/elektricna-dizalica-egle-250kg-3-15m\/\" class=\"link1\">Modell mit 250 kg<\/a> \u2013 gleicher Motor, Kette und Gewicht. F\u00fcr nur 100 \u20ac mehr erhalten Sie die doppelte Tragf\u00e4higkeit, was es zur wirtschaftlichsten Wahl f\u00fcr die meisten Werkst\u00e4tten macht. Wenn Sie eine Tragf\u00e4higkeit von einer Tonne ben\u00f6tigen, verwendet das <a href=\"https:\/\/dizalica.hr\/rucne-elektricne-dizalice\/elektricne-lancane-dizalice\/elektricna-dizalica-egle-1-tona-inverter\/\" class=\"link1\">Modell mit 1.000 kg<\/a> einen verst\u00e4rkten Motor (1,5 kW) und eine dickere Kette (\u03a6 7,1 mm), ist jedoch fast doppelt so schwer (47 kg).<\/p>\t\t\t\t\t\t\t\t<\/div>\n\t\t\t\t<\/div>\n\t\t\t\t<div class=\"elementor-element elementor-element-e2cbbef elementor-widget elementor-widget-text-editor\" data-id=\"e2cbbef\" data-element_type=\"widget\" data-e-type=\"widget\" data-widget_type=\"text-editor.default\">\n\t\t\t\t<div class=\"elementor-widget-container\">\n\t\t\t\t\t\t\t\t\t<h2>Montage und Erweiterungsm\u00f6glichkeiten<\/h2>\n\n<p>Das Hebezeug wird fest an einem Haken oder einer Stahltr\u00e4ger-Schiene montiert \u2013 mit einem Gewicht von nur 27 kg ist die Installation an jeder Tragkonstruktion einfach. Es ist kompatibel mit <a href=\"https:\/\/dizalica.hr\/kranovi-portali-grede\/stupne-konzolne-dizalice\/\" class=\"link1\">S\u00e4ulen-Konsolkranen<\/a>, <a href=\"https:\/\/dizalica.hr\/kranovi-portali-grede\/zidne-konzolne-dizalice\/\" class=\"link1\">Wand-Konsolkranen<\/a>, <a href=\"https:\/\/dizalica.hr\/kranovi-portali-grede\/portalni-stalci\/\" class=\"link1\">Portalkonstruktionen<\/a> und <a href=\"https:\/\/dizalica.hr\/kranovi-portali-grede\/podizne-grede-traverze\/\" class=\"link1\">Hebe-Tr\u00e4gern<\/a>.<\/p>\n\n<p>Ben\u00f6tigen Sie auch eine horizontale Lastbewegung entlang des Tr\u00e4gers? Sehen Sie sich das <a href=\"https:\/\/dizalica.hr\/rucne-elektricne-dizalice\/elektricne-dizalice-s-ovjesnim-kolicima\/elektricna-dizalica-ovjesna-kolica-500kg-trolley-2\/\" class=\"link1\">Modell mit 500 kg Tragf\u00e4higkeit und integrierten H\u00e4ngewagen<\/a> an oder kombinieren Sie dieses Hebezeug mit <a href=\"https:\/\/dizalica.hr\/rucne-elektricne-dizalice\/ovjesna-kolica\/\" class=\"link1\">separaten H\u00e4ngewagen<\/a> f\u00fcr zus\u00e4tzliche Mobilit\u00e4t.<\/p>\t\t\t\t\t\t\t\t<\/div>\n\t\t\t\t<\/div>\n\t\t\t\t<div class=\"elementor-element elementor-element-59b41b9 elementor-widget elementor-widget-text-editor\" data-id=\"59b41b9\" data-element_type=\"widget\" data-e-type=\"widget\" data-widget_type=\"text-editor.default\">\n\t\t\t\t<div class=\"elementor-widget-container\">\n\t\t\t\t\t\t\t\t\t<h2>Sicherheitsfunktionen<\/h2>\n\n<p>Die elektromagnetische Reluktanzbremse verriegelt die Kette automatisch bei Stromausfall. Die Reibungskupplung verhindert das Heben von Lasten \u00fcber 500 kg. Obere und untere Endschalter stoppen den Haken an den Endpositionen. Die Steuerung erfolgt \u00fcber ein H\u00e4ngetaster mit sicherer Spannung von 36 V. Die Umkehrsteuerung gew\u00e4hrleistet einen sanften, ruckfreien Anlauf \u2013 entscheidend f\u00fcr die Sicherheit des Bedieners beim Heben von Lasten bis zu einer halben Tonne auf kurzen Strecken. Das Aluminiumgeh\u00e4use ist nach IP55 gesch\u00fctzt, der Taster nach IP65, was den Betrieb unter staubigen und feuchten Bedingungen erm\u00f6glicht. Betriebstemperatur von \u201320 \u00b0C bis +40 \u00b0C.<\/p>\t\t\t\t\t\t\t\t<\/div>\n\t\t\t\t<\/div>\n\t\t\t\t<\/div>\n\t\t<div class=\"elementor-element elementor-element-dfa6aa3 e-con-full e-flex e-con e-child\" data-id=\"dfa6aa3\" data-element_type=\"container\" data-e-type=\"container\">\n\t\t\t\t<div class=\"elementor-element elementor-element-67a00c20 elementor-widget elementor-widget-text-editor\" data-id=\"67a00c20\" data-element_type=\"widget\" data-e-type=\"widget\" data-widget_type=\"text-editor.default\">\n\t\t\t\t<div class=\"elementor-widget-container\">\n\t\t\t\t\t\t\t\t\t<h2>Technische Spezifikationen<\/h2>\n\n<div class=\"table-wrap\">\n<h3>Spezifikationen \u2013 Elektrische Ketten-Hebeklemme 500 kg<\/h3>\n<table class=\"styled-table\" role=\"table\" aria-label=\"Technische Spezifikationen elektrische Ketten-Hebeklemme 500 kg\">\n<thead>\n<tr>\n<th style=\"width: 50%; text-align: center;\" scope=\"col\">Eigenschaft<\/th>\n<th style=\"width: 50%; text-align: center;\" scope=\"col\">Wert<\/th>\n<\/tr>\n<\/thead>\n<tbody>\n<tr>\n<td style=\"text-align: center;\"><strong>Tragf\u00e4higkeit<\/strong><\/td>\n<td style=\"text-align: center;\">500 kg<\/td>\n<\/tr>\n<tr>\n<td style=\"text-align: center;\"><strong>Schnellhubgeschwindigkeit<\/strong><\/td>\n<td style=\"text-align: center;\">7,8 m\/min<\/td>\n<\/tr>\n<tr>\n<td style=\"text-align: center;\"><strong>Langsamhubgeschwindigkeit<\/strong><\/td>\n<td style=\"text-align: center;\">1,6 m\/min<\/td>\n<\/tr>\n<tr>\n<td style=\"text-align: center;\"><strong>Motorleistung<\/strong><\/td>\n<td style=\"text-align: center;\">0,75 kW<\/td>\n<\/tr>\n<tr>\n<td style=\"text-align: center;\"><strong>Tragkette<\/strong><\/td>\n<td style=\"text-align: center;\">Verg\u00fctete, vernickelte G80 Kette, \u03a6 5,6 mm \/ 1 Strang<\/td>\n<\/tr>\n<tr>\n<td style=\"text-align: center;\"><strong>Standard-Hubh\u00f6he<\/strong><\/td>\n<td style=\"text-align: center;\">4 m (kundenspezifisch auf Anfrage)<\/td>\n<\/tr>\n<tr>\n<td style=\"text-align: center;\"><strong>Gewicht der Hebeklemme<\/strong><\/td>\n<td style=\"text-align: center;\">27 kg<\/td>\n<\/tr>\n<tr>\n<td style=\"text-align: center;\"><strong>Zus\u00e4tzliches Gewicht pro Meter Kette<\/strong><\/td>\n<td style=\"text-align: center;\">0,7 kg\/m<\/td>\n<\/tr>\n<tr>\n<td style=\"text-align: center;\"><strong>Stromversorgung<\/strong><\/td>\n<td style=\"text-align: center;\">380V \/ 50Hz (Drehstrom)<\/td>\n<\/tr>\n<tr>\n<td style=\"text-align: center;\"><strong>Steuerspannung<\/strong><\/td>\n<td style=\"text-align: center;\">36V (Sicherheitsspannung)<\/td>\n<\/tr>\n<tr>\n<td style=\"text-align: center;\"><strong>Geschwindigkeitsregelung<\/strong><\/td>\n<td style=\"text-align: center;\">Frequenzumrichter (Inverter)<\/td>\n<\/tr>\n<tr>\n<td style=\"text-align: center;\"><strong>Geh\u00e4use<\/strong><\/td>\n<td style=\"text-align: center;\">Aluminium, IP55<\/td>\n<\/tr>\n<tr>\n<td style=\"text-align: center;\"><strong>Schalter<\/strong><\/td>\n<td style=\"text-align: center;\">H\u00e4ngend, IP65<\/td>\n<\/tr>\n<tr>\n<td style=\"text-align: center;\"><strong>Bremse<\/strong><\/td>\n<td style=\"text-align: center;\">Elektromagnetische Reluktanzbremse<\/td>\n<\/tr>\n<tr>\n<td style=\"text-align: center;\"><strong>\u00dcberlastschutz<\/strong><\/td>\n<td style=\"text-align: center;\">Reibungskupplung (Tarnscheibe)<\/td>\n<\/tr>\n<tr>\n<td style=\"text-align: center;\"><strong>Endschalter<\/strong><\/td>\n<td style=\"text-align: center;\">Oben und unten<\/td>\n<\/tr>\n<tr>\n<td style=\"text-align: center;\"><strong>FEM-Klassifikation<\/strong><\/td>\n<td style=\"text-align: center;\">M5\/2m, ED% 40\/20<\/td>\n<\/tr>\n<tr>\n<td style=\"text-align: center;\"><strong>Betriebstemperatur<\/strong><\/td>\n<td style=\"text-align: center;\">\u201320\u00b0C bis +40\u00b0C<\/td>\n<\/tr>\n<tr>\n<td style=\"text-align: center;\"><strong>Zertifikate<\/strong><\/td>\n<td style=\"text-align: center;\">CE \u2013 EN ISO 12100, EN 60204-1, EN IEC 61000<\/td>\n<\/tr>\n<\/tbody>\n<\/table>\n<\/div>\t\t\t\t\t\t\t\t<\/div>\n\t\t\t\t<\/div>\n\t\t\t\t<\/div>\n\t\t\t\t\t<\/div>\n\t\t\t\t<\/div>\n\t\t<div class=\"elementor-element elementor-element-c4a9186 e-con-full e-flex e-con e-child\" data-id=\"c4a9186\" data-element_type=\"container\" data-e-type=\"container\">\n\t\t\t\t<div class=\"elementor-element elementor-element-1a3c945 elementor-widget elementor-widget-heading\" data-id=\"1a3c945\" data-element_type=\"widget\" data-e-type=\"widget\" data-widget_type=\"heading.default\">\n\t\t\t\t<div class=\"elementor-widget-container\">\n\t\t\t\t\t<div class=\"elementor-heading-title elementor-size-default\">Sind Sie unsicher, welches Modell der elektrischen Ketten-Hebeklemme f\u00fcr Ihre Anforderungen geeignet ist?<\/div>\t\t\t\t<\/div>\n\t\t\t\t<\/div>\n\t\t\t\t<div class=\"elementor-element elementor-element-1d64174 elementor-widget elementor-widget-text-editor\" data-id=\"1d64174\" data-element_type=\"widget\" data-e-type=\"widget\" data-widget_type=\"text-editor.default\">\n\t\t\t\t<div class=\"elementor-widget-container\">\n\t\t\t\t\t\t\t\t\t<p style=\"text-align: center;\">Sehen Sie sich den detaillierten Vergleich aller elektrischen Kettenz\u00fcge an und w\u00e4hlen Sie das Modell, das am besten Ihren Anforderungen entspricht.<\/p>\t\t\t\t\t\t\t\t<\/div>\n\t\t\t\t<\/div>\n\t\t\t\t<div class=\"elementor-element elementor-element-d2c654f elementor-align-center elementor-widget elementor-widget-text_button\" data-id=\"d2c654f\" data-element_type=\"widget\" data-e-type=\"widget\" data-widget_type=\"text_button.default\">\n\t\t\t\t<div class=\"elementor-widget-container\">\n\t\t\t\t\t<div class=\"etheme-button-wrapper\"><a href=\"https:\/\/dizalica.hr\/rucne-elektricne-dizalice\/elektricne-lancane-dizalice\/#usporedba\" class=\"fill-top has-fill etheme-text-button elementor-button\" role=\"button\">\n        <span class=\"elementor-button-content-wrapper\">\n                        <span class=\"elementor-button-icon animation-background_ltr\">\n                <svg aria-hidden=\"true\" class=\"e-font-icon-svg e-fab-buromobelexperte\" viewBox=\"0 0 448 512\" xmlns=\"http:\/\/www.w3.org\/2000\/svg\"><path d=\"M0 32v128h128V32H0zm120 120H8V40h112v112zm40-120v128h128V32H160zm120 120H168V40h112v112zm40-120v128h128V32H320zm120 120H328V40h112v112zM0 192v128h128V192H0zm120 120H8V200h112v112zm40-120v128h128V192H160zm120 120H168V200h112v112zm40-120v128h128V192H320zm120 120H328V200h112v112zM0 352v128h128V352H0zm120 120H8V360h112v112zm40-120v128h128V352H160zm120 120H168V360h112v112zm40-120v128h128V352H320z\"><\/path><\/svg>            <\/span>\n        \n\t\t\t<span class=\"elementor-button-text\">Vergleich elektrischer Kettenz\u00fcge<\/span>\n\n            \n            \n        <\/span><\/a><\/div>\t\t\t\t<\/div>\n\t\t\t\t<\/div>\n\t\t\t\t<\/div>\n\t\t\t\t<\/div>\n\t\t","protected":false},"excerpt":{"rendered":"<p>Elektrische Ketten-Hebeklemme mit einer Tragf\u00e4higkeit von 500 kg, ausgestattet mit frequenzgeregelter Steuerung und zwei Hubgeschwindigkeiten \u2013 7,8 m\/min (schnell) und 1,6 m\/min (langsam). Gleiche Plattform wie das Modell mit 250 kg, jedoch mit einem modifizierten \u00dcbersetzungsverh\u00e4ltnis, das die doppelte Tragf\u00e4higkeit bei gleicher Motorleistung von 0,75 kW erm\u00f6glicht.<\/p>\n<p>Optimales Verh\u00e4ltnis von Tragf\u00e4higkeit, Kompaktheit und Preis f\u00fcr die meisten Werkst\u00e4tten und Servicebetriebe. Geh\u00e4rtete, vernickelte G80-Kette (\u03a6 5,6 mm \/ 1 Glied), Aluminiumgeh\u00e4use IP55, elektromagnetische Bremse. Gewicht nur 27 kg. Standard-Hubh\u00f6he 4 m. Feste Montage an Haken oder Tr\u00e4ger.<\/p>\n","protected":false},"featured_media":13132,"comment_status":"open","ping_status":"closed","template":"","meta":[],"etheme_brands":[{"term_id":42,"name":"Gutman","slug":"gutman","term_group":0,"term_taxonomy_id":42,"taxonomy":"brand","description":"","parent":0,"count":345,"filter":"raw","term_order":"0"}],"product_brand":[],"product_cat":[855,851],"product_tag":[402],"class_list":{"0":"post-37556","1":"product","2":"type-product","3":"status-publish","4":"has-post-thumbnail","6":"brand-gutman","7":"product_cat-elektrokettenzuge-01","8":"product_cat-hebezeuge-01","9":"product_tag-en-14492-2","11":"first","12":"instock","13":"taxable","14":"shipping-taxable","15":"purchasable","16":"product-type-simple"},"_links":{"self":[{"href":"https:\/\/dizalica.hr\/de\/wp-json\/wp\/v2\/product\/37556","targetHints":{"allow":["GET"]}}],"collection":[{"href":"https:\/\/dizalica.hr\/de\/wp-json\/wp\/v2\/product"}],"about":[{"href":"https:\/\/dizalica.hr\/de\/wp-json\/wp\/v2\/types\/product"}],"replies":[{"embeddable":true,"href":"https:\/\/dizalica.hr\/de\/wp-json\/wp\/v2\/comments?post=37556"}],"version-history":[{"count":0,"href":"https:\/\/dizalica.hr\/de\/wp-json\/wp\/v2\/product\/37556\/revisions"}],"wp:featuredmedia":[{"embeddable":true,"href":"https:\/\/dizalica.hr\/de\/wp-json\/wp\/v2\/media\/13132"}],"wp:attachment":[{"href":"https:\/\/dizalica.hr\/de\/wp-json\/wp\/v2\/media?parent=37556"}],"wp:term":[{"taxonomy":"brand","embeddable":true,"href":"https:\/\/dizalica.hr\/de\/wp-json\/wp\/v2\/etheme_brands?post=37556"},{"taxonomy":"product_brand","embeddable":true,"href":"https:\/\/dizalica.hr\/de\/wp-json\/wp\/v2\/product_brand?post=37556"},{"taxonomy":"product_cat","embeddable":true,"href":"https:\/\/dizalica.hr\/de\/wp-json\/wp\/v2\/product_cat?post=37556"},{"taxonomy":"product_tag","embeddable":true,"href":"https:\/\/dizalica.hr\/de\/wp-json\/wp\/v2\/product_tag?post=37556"}],"curies":[{"name":"wp","href":"https:\/\/api.w.org\/{rel}","templated":true}]}}