{"id":37554,"date":"2026-05-06T10:36:46","date_gmt":"2026-05-06T08:36:46","guid":{"rendered":"https:\/\/dizalica.hr\/nekategorizirano\/elektrische-ketten-hebeklemme-250-kg-inverter-zweistufig-3-15-m-min-075-kw\/"},"modified":"2026-05-06T10:36:47","modified_gmt":"2026-05-06T08:36:47","slug":"elektrische-ketten-hebeklemme-250-kg-inverter-zweistufig-3-15-m-min-075-kw","status":"publish","type":"product","link":"https:\/\/dizalica.hr\/de\/rocna-in-elektricna-dvigala\/elektricna-verizna-dvigala\/elektrische-ketten-hebeklemme-250-kg-inverter-zweistufig-3-15-m-min-075-kw\/","title":{"rendered":"Elektrische Ketten-Hebeklemme 250 kg \u2013 Inverter, zweistufig 3-15 m\/min, 0,75 kW"},"content":{"rendered":"\t\t<div data-elementor-type=\"product-post\" data-elementor-id=\"37554\" class=\"elementor elementor-37554 elementor-13051\" data-elementor-post-type=\"product\">\n\t\t\t\t<div class=\"elementor-element elementor-element-63a6d6d9 e-flex e-con-boxed e-con e-parent\" data-id=\"63a6d6d9\" data-element_type=\"container\" data-e-type=\"container\">\n\t\t\t\t\t<div class=\"e-con-inner\">\n\t\t<div class=\"elementor-element elementor-element-1542bfc e-con-full e-flex e-con e-child\" data-id=\"1542bfc\" data-element_type=\"container\" data-e-type=\"container\">\n\t\t\t\t<div class=\"elementor-element elementor-element-3d151a5 elementor-widget elementor-widget-text-editor\" data-id=\"3d151a5\" data-element_type=\"widget\" data-e-type=\"widget\" data-widget_type=\"text-editor.default\">\n\t\t\t\t<div class=\"elementor-widget-container\">\n\t\t\t\t\t\t\t\t\t<h2>Elektrische Hebeklemme 250 kg \u2013 das schnellste Modell der EGLE-Serie<\/h2>\n\n<p>Die elektrische Ketten-Hebeklemme mit einer Tragf\u00e4higkeit von 250 kg ist das schnellste Modell der gesamten <a href=\"https:\/\/dizalica.hr\/rucne-elektricne-dizalice\/elektricne-lancane-dizalice\/\" class=\"link1\">elektrischen Ketten-Hebeklemmen<\/a>-Serie \u2013 eine Hubgeschwindigkeit von bis zu 15 m\/min ist bei keinem anderen EGLE-Modell erreichbar. Die Umkehrsteuerung erm\u00f6glicht einen sanften \u00dcbergang zwischen hoher (15 m\/min) und niedriger (3 m\/min) Geschwindigkeit ohne ruckartige Bewegungen.<\/p>\n\n<p>Mit einem 0,75 kW Motor und einem Gewicht von nur 27 kg ist dies das kompakteste Modell der Serie, ideal f\u00fcr Werkst\u00e4tten, Servicebetriebe, Ersatzteillager und leichte Produktionsprozesse. Die Befestigung erfolgt fest an einem Haken oder einer Stahltr\u00e4ger-Schiene \u2013 ohne Wagen, ohne Schiene, einfache Montage an einem einzigen Punkt.<\/p>\t\t\t\t\t\t\t\t<\/div>\n\t\t\t\t<\/div>\n\t\t\t\t<div class=\"elementor-element elementor-element-2504c80 elementor-widget elementor-widget-text-editor\" data-id=\"2504c80\" data-element_type=\"widget\" data-e-type=\"widget\" data-widget_type=\"text-editor.default\">\n\t\t\t\t<div class=\"elementor-widget-container\">\n\t\t\t\t\t\t\t\t\t<h2>Wof\u00fcr wird eine Hebeklemme mit 250 kg Tragf\u00e4higkeit verwendet?<\/h2>\n\n<p>Die Tragf\u00e4higkeit von 250 kg deckt ein breites Spektrum leichter Hebeaufgaben ab. Typische Anwendungen finden sich in Kfz-Werkst\u00e4tten zum Heben von Motoren, Getrieben und anderen Fahrzeugteilen, in der Wartung und Instandhaltung zum Austausch von Maschinenteilen und Industrieanlagen, in Elektronik- und Montagelinien f\u00fcr die Handhabung von Kisten, Paletten und Komponenten sowie in Ersatzteillagern f\u00fcr die schnelle Einlagerung und Ausgabe von Material.<\/p>\n\n<p>Die Hubgeschwindigkeit von 15 m\/min ist besonders vorteilhaft bei Arbeitsabl\u00e4ufen mit vielen kurzen Zyklen \u2013 die Hebeklemme hebt die Last in nur 16 Sekunden auf eine Standardh\u00f6he von 4 m, was die Arbeit im Vergleich zu manuellen Hebeklemmen oder Modellen mit geringerer Geschwindigkeit deutlich beschleunigt.<\/p>\t\t\t\t\t\t\t\t<\/div>\n\t\t\t\t<\/div>\n\t\t\t\t<div class=\"elementor-element elementor-element-3fd845d elementor-widget elementor-widget-text-editor\" data-id=\"3fd845d\" data-element_type=\"widget\" data-e-type=\"widget\" data-widget_type=\"text-editor.default\">\n\t\t\t\t<div class=\"elementor-widget-container\">\n\t\t\t\t\t\t\t\t\t<h2>250 kg oder 500 kg?<\/h2><div class=\"table-wrap\"><h3>Vergleich der Modelle 250 kg und 500 kg<\/h3><table class=\"styled-table\" role=\"table\" aria-label=\"Vergleich elektrischer Kettenz\u00fcge 250 kg und 500 kg\"><thead><tr><th style=\"width: 34%; text-align: center;\" scope=\"col\">Eigenschaft<\/th><th style=\"width: 33%; text-align: center;\" scope=\"col\">250 kg<\/th><th style=\"width: 33%; text-align: center;\" scope=\"col\">500 kg<\/th><\/tr><\/thead><tbody><tr><td style=\"text-align: center;\"><strong>Geschwindigkeit beim Schnellheben<\/strong><\/td><td style=\"text-align: center;\">15 m\/min<\/td><td style=\"text-align: center;\">7,8 m\/min<\/td><\/tr><tr><td style=\"text-align: center;\"><strong>Geschwindigkeit beim Langsamheben<\/strong><\/td><td style=\"text-align: center;\">3 m\/min<\/td><td style=\"text-align: center;\">1,6 m\/min<\/td><\/tr><tr><td style=\"text-align: center;\"><strong>Leistung<\/strong><\/td><td style=\"text-align: center;\">0,75 kW<\/td><td style=\"text-align: center;\">0,75 kW<\/td><\/tr><tr><td style=\"text-align: center;\"><strong>Kette<\/strong><\/td><td style=\"text-align: center;\">\u03a6 5,6 \/ 1 Strang<\/td><td style=\"text-align: center;\">\u03a6 5,6 \/ 1 Strang<\/td><\/tr><tr><td style=\"text-align: center;\"><strong>Gewicht<\/strong><\/td><td style=\"text-align: center;\">27 kg<\/td><td style=\"text-align: center;\">27 kg<\/td><\/tr><tr><td style=\"text-align: center;\"><strong>Empfohlener Verkaufspreis<\/strong><\/td><td style=\"text-align: center;\">1.387,50 \u20ac<\/td><td style=\"text-align: center;\">1.487,50 \u20ac<\/td><\/tr><\/tbody><\/table><\/div><p>Beide Modelle verwenden denselben Motor (0,75 kW) und dieselbe Kette (\u03a6 5,6 mm) \u2013 der Unterschied liegt lediglich im \u00dcbersetzungsverh\u00e4ltnis des Getriebes. Das Modell 250 kg erreicht eine doppelt so hohe Geschwindigkeit (15 gegen\u00fcber 7,8 m\/min), da es leichtere Lasten hebt. Wenn Ihre Lasten regelm\u00e4\u00dfig unter 250 kg liegen und Geschwindigkeit entscheidend ist, bietet dieses Modell unvergleichliche Produktivit\u00e4t. Ben\u00f6tigen Sie eine h\u00f6here Tragf\u00e4higkeit, bietet das <a class=\"link1\" href=\"https:\/\/dizalica.hr\/rucne-elektricne-dizalice\/elektricne-lancane-dizalice\/elektricna-dizalica-egle-500kg\/\">Modell 500 kg<\/a> die doppelte Tragf\u00e4higkeit f\u00fcr nur 100 \u20ac mehr.<\/p>\t\t\t\t\t\t\t\t<\/div>\n\t\t\t\t<\/div>\n\t\t\t\t<div class=\"elementor-element elementor-element-0184ef6 elementor-widget elementor-widget-text-editor\" data-id=\"0184ef6\" data-element_type=\"widget\" data-e-type=\"widget\" data-widget_type=\"text-editor.default\">\n\t\t\t\t<div class=\"elementor-widget-container\">\n\t\t\t\t\t\t\t\t\t<h2>Montage und Erweiterungsm\u00f6glichkeiten<\/h2><p>Der Hebekran wird fest an einem Haken oder einer Stahltr\u00e4ger-Schiene montiert \u2013 ideal f\u00fcr station\u00e4re Installationen in Werkst\u00e4tten oder \u00fcber Arbeitstischen. Mit einem Gewicht von nur 27 kg ist die Montage einfach und erfordert keine schwere Ausr\u00fcstung. Er ist kompatibel mit <a class=\"link1\" href=\"https:\/\/dizalica.hr\/kranovi-portali-grede\/stupne-konzolne-dizalice\/\">S\u00e4ulen-Konsolkranen<\/a>, <a class=\"link1\" href=\"https:\/\/dizalica.hr\/kranovi-portali-grede\/zidne-konzolne-dizalice\/\">Wand-Konsolkranen<\/a>, <a class=\"link1\" href=\"https:\/\/dizalica.hr\/kranovi-portali-grede\/portalni-stalci\/\">Portalrahmen<\/a> und <a class=\"link1\" href=\"https:\/\/dizalica.hr\/kranovi-portali-grede\/podizne-grede-traverze\/\">Hebe-Traversen<\/a>.<\/p><p>Ben\u00f6tigen Sie auch eine horizontale Bewegung der Last entlang der Tr\u00e4gerschiene? Sehen Sie sich das <a class=\"link1\" href=\"https:\/\/dizalica.hr\/rucne-elektricne-dizalice\/elektricne-dizalice-s-ovjesnim-kolicima\/elektricna-dizalica-ovjesna-kolica-250kg-trolley\/\">Modell mit 250 kg Tragf\u00e4higkeit und integrierten H\u00e4ngewagen<\/a> an oder kombinieren Sie diesen Hebekran mit <a class=\"link1\" href=\"https:\/\/dizalica.hr\/rucne-elektricne-dizalice\/ovjesna-kolica\/\">separaten H\u00e4ngewagen<\/a>, um die Mobilit\u00e4t nach Wunsch zu erweitern.<\/p>\t\t\t\t\t\t\t\t<\/div>\n\t\t\t\t<\/div>\n\t\t\t\t<div class=\"elementor-element elementor-element-ad53e60 elementor-widget elementor-widget-text-editor\" data-id=\"ad53e60\" data-element_type=\"widget\" data-e-type=\"widget\" data-widget_type=\"text-editor.default\">\n\t\t\t\t<div class=\"elementor-widget-container\">\n\t\t\t\t\t\t\t\t\t<h2>Sicherheitsmerkmale<\/h2>\n\n<p>Die elektromagnetische Reluktanzbremse blockiert die Kette automatisch bei Stromausfall. Die Reibungskupplung verhindert das Heben von Lasten \u00fcber 250 kg. Obere und untere Endschalter stoppen den Haken an den Endpositionen. Die Steuerung erfolgt \u00fcber ein H\u00e4ngetaster mit sicherer Spannung von 36 V. Die Umkehrsteuerung eliminiert pl\u00f6tzliche Rucke beim Anfahren \u2013 besonders wichtig bei einer Geschwindigkeit von 15 m\/min, da ein abruptes Stoppen einer leichten Last bei hoher Geschwindigkeit zu starkem Schwingen f\u00fchren w\u00fcrde. Das Aluminiumgeh\u00e4use mit Schutzart IP55 und der Taster mit Schutzart IP65 gew\u00e4hrleisten den Betrieb unter staubigen und feuchten Bedingungen. Betriebstemperatur von \u201320 \u00b0C bis +40 \u00b0C.<\/p>\t\t\t\t\t\t\t\t<\/div>\n\t\t\t\t<\/div>\n\t\t\t\t<\/div>\n\t\t<div class=\"elementor-element elementor-element-539afe9 e-con-full e-flex e-con e-child\" data-id=\"539afe9\" data-element_type=\"container\" data-e-type=\"container\">\n\t\t\t\t<div class=\"elementor-element elementor-element-3bfcedd elementor-widget elementor-widget-text-editor\" data-id=\"3bfcedd\" data-element_type=\"widget\" data-e-type=\"widget\" data-widget_type=\"text-editor.default\">\n\t\t\t\t<div class=\"elementor-widget-container\">\n\t\t\t\t\t\t\t\t\t<h2>Technische Spezifikationen<\/h2>\n\n<div class=\"table-wrap\">\n<h3>Spezifikationen \u2013 Elektrische Ketten-Hebeklemme 250 kg<\/h3>\n<table class=\"styled-table\" role=\"table\" aria-label=\"Technische Spezifikationen elektrische Ketten-Hebeklemme 250 kg\">\n<thead>\n<tr>\n<th style=\"width: 50%; text-align: center;\" scope=\"col\">Eigenschaft<\/th>\n<th style=\"width: 50%; text-align: center;\" scope=\"col\">Wert<\/th>\n<\/tr>\n<\/thead>\n<tbody>\n<tr>\n<td style=\"text-align: center;\"><strong>Tragf\u00e4higkeit<\/strong><\/td>\n<td style=\"text-align: center;\">250 kg<\/td>\n<\/tr>\n<tr>\n<td style=\"text-align: center;\"><strong>Schnelle Hubgeschwindigkeit<\/strong><\/td>\n<td style=\"text-align: center;\">15 m\/min<\/td>\n<\/tr>\n<tr>\n<td style=\"text-align: center;\"><strong>Langsame Hubgeschwindigkeit<\/strong><\/td>\n<td style=\"text-align: center;\">3 m\/min<\/td>\n<\/tr>\n<tr>\n<td style=\"text-align: center;\"><strong>Motorleistung<\/strong><\/td>\n<td style=\"text-align: center;\">0,75 kW<\/td>\n<\/tr>\n<tr>\n<td style=\"text-align: center;\"><strong>Tragkettenglied<\/strong><\/td>\n<td style=\"text-align: center;\">Verg\u00fcteter, vernickelter G80, \u03a6 5,6 mm \/ 1 Strang<\/td>\n<\/tr>\n<tr>\n<td style=\"text-align: center;\"><strong>Standard-Hubh\u00f6he<\/strong><\/td>\n<td style=\"text-align: center;\">4 m (kundenspezifisch auf Anfrage)<\/td>\n<\/tr>\n<tr>\n<td style=\"text-align: center;\"><strong>Gewicht der Hebeklemme<\/strong><\/td>\n<td style=\"text-align: center;\">27 kg<\/td>\n<\/tr>\n<tr>\n<td style=\"text-align: center;\"><strong>Zus\u00e4tzliches Gewicht pro Meter Kette<\/strong><\/td>\n<td style=\"text-align: center;\">0,7 kg\/m<\/td>\n<\/tr>\n<tr>\n<td style=\"text-align: center;\"><strong>Stromversorgung<\/strong><\/td>\n<td style=\"text-align: center;\">380V \/ 50Hz (Drehstrom)<\/td>\n<\/tr>\n<tr>\n<td style=\"text-align: center;\"><strong>Steuerspannung<\/strong><\/td>\n<td style=\"text-align: center;\">36V (Sicherheitsniveau)<\/td>\n<\/tr>\n<tr>\n<td style=\"text-align: center;\"><strong>Geschwindigkeitsregelung<\/strong><\/td>\n<td style=\"text-align: center;\">Frequenzumrichter (Inverter)<\/td>\n<\/tr>\n<tr>\n<td style=\"text-align: center;\"><strong>Geh\u00e4use<\/strong><\/td>\n<td style=\"text-align: center;\">Aluminium, IP55<\/td>\n<\/tr>\n<tr>\n<td style=\"text-align: center;\"><strong>Schalter<\/strong><\/td>\n<td style=\"text-align: center;\">H\u00e4ngend, IP65<\/td>\n<\/tr>\n<tr>\n<td style=\"text-align: center;\"><strong>Bremse<\/strong><\/td>\n<td style=\"text-align: center;\">Elektromagnetische Reluktanzbremse<\/td>\n<\/tr>\n<tr>\n<td style=\"text-align: center;\"><strong>\u00dcberlastschutz<\/strong><\/td>\n<td style=\"text-align: center;\">Reibungskupplung (Tarnkupplung)<\/td>\n<\/tr>\n<tr>\n<td style=\"text-align: center;\"><strong>Endschalter<\/strong><\/td>\n<td style=\"text-align: center;\">Oben und unten<\/td>\n<\/tr>\n<tr>\n<td style=\"text-align: center;\"><strong>FEM-Klassifikation<\/strong><\/td>\n<td style=\"text-align: center;\">M5\/2m, ED% 40\/20<\/td>\n<\/tr>\n<tr>\n<td style=\"text-align: center;\"><strong>Arbeitstemperatur<\/strong><\/td>\n<td style=\"text-align: center;\">\u201320\u00b0C bis +40\u00b0C<\/td>\n<\/tr>\n<tr>\n<td style=\"text-align: center;\"><strong>Zertifikate<\/strong><\/td>\n<td style=\"text-align: center;\">CE \u2013 EN ISO 12100, EN 60204-1, EN IEC 61000<\/td>\n<\/tr>\n<\/tbody>\n<\/table>\n<\/div>\t\t\t\t\t\t\t\t<\/div>\n\t\t\t\t<\/div>\n\t\t\t\t<\/div>\n\t\t\t\t\t<\/div>\n\t\t\t\t<\/div>\n\t\t<div class=\"elementor-element elementor-element-1da7c78 e-con-full e-flex e-con e-child\" data-id=\"1da7c78\" data-element_type=\"container\" data-e-type=\"container\">\n\t\t\t\t<div class=\"elementor-element elementor-element-af4bf7d elementor-widget elementor-widget-heading\" data-id=\"af4bf7d\" data-element_type=\"widget\" data-e-type=\"widget\" data-widget_type=\"heading.default\">\n\t\t\t\t<div class=\"elementor-widget-container\">\n\t\t\t\t\t<div class=\"elementor-heading-title elementor-size-default\">Sind Sie unsicher, welches Modell der elektrischen Ketten-Hebeklemme f\u00fcr Ihre Anforderungen geeignet ist?<\/div>\t\t\t\t<\/div>\n\t\t\t\t<\/div>\n\t\t\t\t<div class=\"elementor-element elementor-element-c7e7c5d elementor-widget elementor-widget-text-editor\" data-id=\"c7e7c5d\" data-element_type=\"widget\" data-e-type=\"widget\" data-widget_type=\"text-editor.default\">\n\t\t\t\t<div class=\"elementor-widget-container\">\n\t\t\t\t\t\t\t\t\t<p style=\"text-align: center;\">Sehen Sie sich den detaillierten Vergleich aller elektrischen Kettenz\u00fcge an und w\u00e4hlen Sie das Modell, das am besten Ihren Anforderungen entspricht.<\/p>\t\t\t\t\t\t\t\t<\/div>\n\t\t\t\t<\/div>\n\t\t\t\t<div class=\"elementor-element elementor-element-40a3cfe elementor-align-center elementor-widget elementor-widget-text_button\" data-id=\"40a3cfe\" data-element_type=\"widget\" data-e-type=\"widget\" data-widget_type=\"text_button.default\">\n\t\t\t\t<div class=\"elementor-widget-container\">\n\t\t\t\t\t<div class=\"etheme-button-wrapper\"><a href=\"https:\/\/dizalica.hr\/rucne-elektricne-dizalice\/elektricne-lancane-dizalice\/#usporedba\" class=\"fill-top has-fill etheme-text-button elementor-button\" role=\"button\">\n        <span class=\"elementor-button-content-wrapper\">\n                        <span class=\"elementor-button-icon animation-background_ltr\">\n                <svg aria-hidden=\"true\" class=\"e-font-icon-svg e-fab-buromobelexperte\" viewBox=\"0 0 448 512\" xmlns=\"http:\/\/www.w3.org\/2000\/svg\"><path d=\"M0 32v128h128V32H0zm120 120H8V40h112v112zm40-120v128h128V32H160zm120 120H168V40h112v112zm40-120v128h128V32H320zm120 120H328V40h112v112zM0 192v128h128V192H0zm120 120H8V200h112v112zm40-120v128h128V192H160zm120 120H168V200h112v112zm40-120v128h128V192H320zm120 120H328V200h112v112zM0 352v128h128V352H0zm120 120H8V360h112v112zm40-120v128h128V352H160zm120 120H168V360h112v112zm40-120v128h128V352H320z\"><\/path><\/svg>            <\/span>\n        \n\t\t\t<span class=\"elementor-button-text\">Vergleich elektrischer Kettenz\u00fcge<\/span>\n\n            \n            \n        <\/span><\/a><\/div>\t\t\t\t<\/div>\n\t\t\t\t<\/div>\n\t\t\t\t<\/div>\n\t\t\t\t<\/div>\n\t\t","protected":false},"excerpt":{"rendered":"<p>Elektrische Ketten-Hebeklemme mit einer Tragf\u00e4higkeit von 250 kg, ausgestattet mit frequenzgeregelter Steuerung und zwei Hubgeschwindigkeiten \u2013 15 m\/min (schnell) und 3 m\/min (langsam). Das schnellste Modell der gesamten EGLE-Serie, ideal f\u00fcr Werkst\u00e4tten, Servicebetriebe und leichtere industrielle Anwendungen, bei denen ein schnelles Heben kleinerer Lasten erforderlich ist.<\/p>\n<p>Motor 0,75 kW, geh\u00e4rteter, vernickelter G80-Stahlkettenband (\u03a6 5,6 mm \/ 1 Glied), Aluminiumgeh\u00e4use IP55, elektromagnetische Bremse. Gewicht nur 27 kg. Standard-Hubh\u00f6he 4 m. Feste Montage an Haken oder Tr\u00e4ger.<\/p>\n","protected":false},"featured_media":13117,"comment_status":"open","ping_status":"closed","template":"","meta":[],"etheme_brands":[{"term_id":42,"name":"Gutman","slug":"gutman","term_group":0,"term_taxonomy_id":42,"taxonomy":"brand","description":"","parent":0,"count":346,"filter":"raw","term_order":"0"}],"product_brand":[],"product_cat":[856,852],"product_tag":[402],"class_list":{"0":"post-37554","1":"product","2":"type-product","3":"status-publish","4":"has-post-thumbnail","6":"brand-gutman","7":"product_cat-elektricna-verizna-dvigala-01","8":"product_cat-rocna-in-elektricna-dvigala-01","9":"product_tag-en-14492-2","11":"first","12":"instock","13":"taxable","14":"shipping-taxable","15":"purchasable","16":"product-type-simple"},"_links":{"self":[{"href":"https:\/\/dizalica.hr\/de\/wp-json\/wp\/v2\/product\/37554","targetHints":{"allow":["GET"]}}],"collection":[{"href":"https:\/\/dizalica.hr\/de\/wp-json\/wp\/v2\/product"}],"about":[{"href":"https:\/\/dizalica.hr\/de\/wp-json\/wp\/v2\/types\/product"}],"replies":[{"embeddable":true,"href":"https:\/\/dizalica.hr\/de\/wp-json\/wp\/v2\/comments?post=37554"}],"version-history":[{"count":0,"href":"https:\/\/dizalica.hr\/de\/wp-json\/wp\/v2\/product\/37554\/revisions"}],"wp:featuredmedia":[{"embeddable":true,"href":"https:\/\/dizalica.hr\/de\/wp-json\/wp\/v2\/media\/13117"}],"wp:attachment":[{"href":"https:\/\/dizalica.hr\/de\/wp-json\/wp\/v2\/media?parent=37554"}],"wp:term":[{"taxonomy":"brand","embeddable":true,"href":"https:\/\/dizalica.hr\/de\/wp-json\/wp\/v2\/etheme_brands?post=37554"},{"taxonomy":"product_brand","embeddable":true,"href":"https:\/\/dizalica.hr\/de\/wp-json\/wp\/v2\/product_brand?post=37554"},{"taxonomy":"product_cat","embeddable":true,"href":"https:\/\/dizalica.hr\/de\/wp-json\/wp\/v2\/product_cat?post=37554"},{"taxonomy":"product_tag","embeddable":true,"href":"https:\/\/dizalica.hr\/de\/wp-json\/wp\/v2\/product_tag?post=37554"}],"curies":[{"name":"wp","href":"https:\/\/api.w.org\/{rel}","templated":true}]}}