{"id":37501,"date":"2026-05-06T00:34:32","date_gmt":"2026-05-05T22:34:32","guid":{"rendered":"https:\/\/dizalica.hr\/nekategorizirano\/einzelstufige-arbeitsplattform-mobile-aluminiumplattform-fur-arbeiten-in-hohen-bis-zu-8-metern\/"},"modified":"2026-05-06T00:34:34","modified_gmt":"2026-05-05T22:34:34","slug":"einzelstufige-arbeitsplattform-mobile-aluminiumplattform-fur-arbeiten-in-hohen-bis-zu-8-metern","status":"publish","type":"product","link":"https:\/\/dizalica.hr\/de\/radne-platforme\/einzelstufige-arbeitsplattform-mobile-aluminiumplattform-fur-arbeiten-in-hohen-bis-zu-8-metern\/","title":{"rendered":"Einzelstufige Arbeitsplattform \u2013 mobile Aluminiumplattform f\u00fcr Arbeiten in H\u00f6hen bis zu 8 Metern"},"content":{"rendered":"\t\t<div data-elementor-type=\"product-post\" data-elementor-id=\"37501\" class=\"elementor elementor-37501 elementor-9009\" data-elementor-post-type=\"product\">\n\t\t\t\t<div class=\"elementor-element elementor-element-18958693 e-flex e-con-boxed e-con e-parent\" data-id=\"18958693\" data-element_type=\"container\" data-e-type=\"container\">\n\t\t\t\t\t<div class=\"e-con-inner\">\n\t\t<div class=\"elementor-element elementor-element-a7bc929 e-con-full e-flex e-con e-child\" data-id=\"a7bc929\" data-element_type=\"container\" data-e-type=\"container\">\n\t\t\t\t<div class=\"elementor-element elementor-element-c61ee95 elementor-widget elementor-widget-text-editor\" data-id=\"c61ee95\" data-element_type=\"widget\" data-e-type=\"widget\" data-widget_type=\"text-editor.default\">\n\t\t\t\t<div class=\"elementor-widget-container\">\n\t\t\t\t\t\t\t\t\t<h2>Einmastige Arbeitsplattform \u2013 kompakte Aluminiumplattform f\u00fcr sicheres Arbeiten in der H\u00f6he<\/h2><p><strong>Die einmastige Arbeitsplattform<\/strong> ist f\u00fcr den t\u00e4glichen Einsatz in der H\u00f6he in Lagerhallen, Industrieanlagen und Innenr\u00e4umen konzipiert. Sie besteht aus einer leichten, aber robusten Aluminiumkonstruktion mit einem Hubmast und einem Stahlfu\u00df, der vier ausziehbare Stabilisatoren sowie eine doppelte Sicherheits-Galv-Kette umfasst.<\/p><p>Der Arbeitskorb mit den Ma\u00dfen 640 x 580 mm ist mit einem Schutzgel\u00e4nder und einer rutschfesten Bodenplatte ausgestattet. Die Steuerung erfolgt direkt aus dem Korb oder \u00fcber eine Bodensteuerbox. Der 0,75 kW Motor wird mit der Standardspannung 220V \/ 50Hz betrieben, sodass die Plattform an einer normalen Steckdose ohne Industriezugang betrieben werden kann.<\/p><p>Gro\u00dfe R\u00e4der und das einzigartige Fahrgestelldesign gew\u00e4hrleisten einen hohen Bodenabstand, wodurch die Arbeitsplattform auch auf unebenen Untergr\u00fcnden und Baustellen eingesetzt werden kann. Die kompakten Abmessungen (1500 x 900 mm im Transportzustand) erm\u00f6glichen das Passieren durch Standardt\u00fcren und die Nutzung in Bereichen mit eingeschr\u00e4nktem Zugang.<\/p><p>Die Plattform ist in drei Arbeitsh\u00f6henvarianten erh\u00e4ltlich \u2013 4, 6 und 8 Meter \u2013 mit einer einheitlichen Tragf\u00e4higkeit von 125 kg bei allen Modellen. Die einfache Konstruktion garantiert niedrige Wartungskosten \u00fcber die gesamte Lebensdauer.<\/p>\t\t\t\t\t\t\t\t<\/div>\n\t\t\t\t<\/div>\n\t\t\t\t<div class=\"elementor-element elementor-element-1d79c146 elementor-widget elementor-widget-text-editor\" data-id=\"1d79c146\" data-element_type=\"widget\" data-e-type=\"widget\" data-widget_type=\"text-editor.default\">\n\t\t\t\t<div class=\"elementor-widget-container\">\n\t\t\t\t\t\t\t\t\t<h2>Wo wird die einstufige Arbeitsplattform eingesetzt?<\/h2><p>Die einstufige Arbeitsplattform ist die ideale L\u00f6sung f\u00fcr Arbeiten in der H\u00f6he in geschlossenen und halboffenen R\u00e4umen. Sie wird haupts\u00e4chlich f\u00fcr Wartungs- und Servicearbeiten an Maschinen und Anlagen in Industrieanlagen, den Zugang zu hohen Regalen und Lagerb\u00fchnen, elektrische und mechanische Installationen in Hallen und Gesch\u00e4ftsr\u00e4umen, die Reinigung und Wartung von Beleuchtung, L\u00fcftung und Decken sowie f\u00fcr schnelle Eins\u00e4tze in der H\u00f6he verwendet, bei denen maximale Mobilit\u00e4t erforderlich ist.<\/p><p>Dank eines Gewichts von nur 300\u2013370 kg (je nach Modell) und kompakter Abmessungen l\u00e4sst sich die einstufige Plattform leicht zwischen Arbeitspositionen verfahren und zu neuen Einsatzorten transportieren. F\u00fcr anspruchsvollere Au\u00dfenarbeiten in H\u00f6hen \u00fcber 8 Metern oder bei einer Tragf\u00e4higkeit von bis zu 200 kg empfehlen wir unsere <a class=\"link1\" href=\"https:\/\/dizalica.hr\/radne-platforme\/dvostupna-visokopodizna-platforma\/\">zweistufige Arbeitsplattform<\/a> aus unserem Sortiment.<\/p>\t\t\t\t\t\t\t\t<\/div>\n\t\t\t\t<\/div>\n\t\t\t\t<div class=\"elementor-element elementor-element-cba0347 elementor-widget elementor-widget-text-editor\" data-id=\"cba0347\" data-element_type=\"widget\" data-e-type=\"widget\" data-widget_type=\"text-editor.default\">\n\t\t\t\t<div class=\"elementor-widget-container\">\n\t\t\t\t\t\t\t\t\t<h2>Wie w\u00e4hlen Sie die richtige H\u00f6he der einl\u00e4ufigen Plattform?<\/h2><p>Die Wahl zwischen den Modellen mit 4, 6 oder 8 Metern h\u00e4ngt von den spezifischen Anforderungen Ihrer Arbeitsumgebung ab. Das 4-Meter-Modell ist ideal f\u00fcr Lager mit mittelhohen Regalen, routinem\u00e4\u00dfige Maschinenwartung und t\u00e4gliche Eins\u00e4tze, bei denen schnelle Aufstellung entscheidend ist \u2013 es wiegt nur 300 kg und ist das kompakteste Modell im Sortiment.<\/p><p>Das 6-Meter-Modell deckt die meisten industriellen Anwendungen ab und ist die h\u00e4ufigste Wahl f\u00fcr Produktionshallen und gr\u00f6\u00dfere Lager. Es bietet eine ausreichende Reichweite f\u00fcr die meisten Installations- und Wartungsarbeiten und hat die gleichen Abmessungen wie das 4-Meter-Modell.<\/p><p>Das 8-Meter-Modell ist f\u00fcr Geb\u00e4ude mit hohen Decken konzipiert \u2013 gro\u00dfe Industriehallen, Distributionszentren und Bereiche, in denen ein Zugang zur maximalen H\u00f6he erforderlich ist. Es ist im Transportzustand etwas h\u00f6her (1980 mm), beh\u00e4lt jedoch die gleiche Grundfl\u00e4che wie die kleineren Modelle bei.<\/p><p>Alle drei Varianten verf\u00fcgen \u00fcber die gleiche Tragf\u00e4higkeit von 125 kg, dieselbe Plattformgr\u00f6\u00dfe (640 x 580 mm) und die identische Steuerung, sodass der Wechsel zu einer gr\u00f6\u00dferen H\u00f6he keine zus\u00e4tzliche Schulung der Bediener erfordert.<\/p>\t\t\t\t\t\t\t\t<\/div>\n\t\t\t\t<\/div>\n\t\t\t\t<div class=\"elementor-element elementor-element-6049582 elementor-widget elementor-widget-text-editor\" data-id=\"6049582\" data-element_type=\"widget\" data-e-type=\"widget\" data-widget_type=\"text-editor.default\">\n\t\t\t\t<div class=\"elementor-widget-container\">\n\t\t\t\t\t\t\t\t\t<h2>Zubeh\u00f6r f\u00fcr Arbeiten in der H\u00f6he<\/h2><p>Die einstufige Arbeitsplattform kann je nach Ihren Anforderungen mit weiterer Ausr\u00fcstung kombiniert werden. F\u00fcr das Heben von Lasten in der H\u00f6he sehen Sie sich unsere <a class=\"link1\" href=\"https:\/\/dizalica.hr\/rucne-elektricne-dizalice\/\">Hand- und Elektroseilz\u00fcge<\/a> an. F\u00fcr das Heben von Materialien auf niedrigere Arbeitsh\u00f6hen sind unsere <a class=\"link1\" href=\"https:\/\/dizalica.hr\/hidraulicni-stolovi\/\">hydraulischen Hubtische<\/a> besonders n\u00fctzlich, und f\u00fcr Montagearbeiten mit dem Heben sperriger Gegenst\u00e4nde empfehlen wir unsere <a class=\"link1\" href=\"https:\/\/dizalica.hr\/vilicari\/lifteri-za-montazne-radove\/\">Montageheber<\/a>.<\/p>\t\t\t\t\t\t\t\t<\/div>\n\t\t\t\t<\/div>\n\t\t\t\t<\/div>\n\t\t<div class=\"elementor-element elementor-element-cd63cec e-con-full e-flex e-con e-child\" data-id=\"cd63cec\" data-element_type=\"container\" data-e-type=\"container\">\n\t\t\t\t<div class=\"elementor-element elementor-element-37ced42 elementor-widget elementor-widget-text-editor\" data-id=\"37ced42\" data-element_type=\"widget\" data-e-type=\"widget\" data-widget_type=\"text-editor.default\">\n\t\t\t\t<div class=\"elementor-widget-container\">\n\t\t\t\t\t\t\t\t\t<div class=\"table-wrap\">\n<h3>Technische Spezifikationen \u2013 einstufige Arbeitsplattform MARPX1 Serie<\/h3>\n<table class=\"styled-table\" role=\"table\" aria-label=\"Technische Spezifikationen einstufiger Arbeitsplattformen der MARPX1 Serie\">\n<thead>\n<tr>\n<th scope=\"col\" style=\"width: 12%; text-align: left;\">Modell<\/th>\n<th scope=\"col\" style=\"width: 10%; text-align: center;\">Tragf\u00e4higkeit<\/th>\n<th scope=\"col\" style=\"width: 12%; text-align: center;\">Hubh\u00f6he<\/th>\n<th scope=\"col\" style=\"width: 15%; text-align: center;\">Plattform (Lk x Bk)<\/th>\n<th scope=\"col\" style=\"width: 18%; text-align: center;\">Gesamtma\u00dfe (L x B x H)<\/th>\n<th scope=\"col\" style=\"width: 12%; text-align: center;\">Motorleistung<\/th>\n<th scope=\"col\" style=\"width: 10%; text-align: center;\">Gewicht<\/th>\n<\/tr>\n<\/thead>\n<tbody>\n<tr>\n<td style=\"text-align: left;\"><strong>MARPX1 4m<\/strong><\/td>\n<td style=\"text-align: center;\">125 kg<\/td>\n<td style=\"text-align: center;\">4 m<\/td>\n<td style=\"text-align: center;\">640 x 580 mm<\/td>\n<td style=\"text-align: center;\">1500 x 900 x 1650 mm<\/td>\n<td style=\"text-align: center;\">0,75 kW<\/td>\n<td style=\"text-align: center;\">300 kg<\/td>\n<\/tr>\n<tr>\n<td style=\"text-align: left;\"><strong>MARPX1 6m<\/strong><\/td>\n<td style=\"text-align: center;\">125 kg<\/td>\n<td style=\"text-align: center;\">6 m<\/td>\n<td style=\"text-align: center;\">640 x 580 mm<\/td>\n<td style=\"text-align: center;\">1500 x 900 x 1650 mm<\/td>\n<td style=\"text-align: center;\">0,75 kW<\/td>\n<td style=\"text-align: center;\">340 kg<\/td>\n<\/tr>\n<tr>\n<td style=\"text-align: left;\"><strong>MARPX1 8m<\/strong><\/td>\n<td style=\"text-align: center;\">125 kg<\/td>\n<td style=\"text-align: center;\">8 m<\/td>\n<td style=\"text-align: center;\">640 x 580 mm<\/td>\n<td style=\"text-align: center;\">1500 x 900 x 1980 mm<\/td>\n<td style=\"text-align: center;\">0,75 kW<\/td>\n<td style=\"text-align: center;\">370 kg<\/td>\n<\/tr>\n<\/tbody>\n<\/table>\n<\/div>\t\t\t\t\t\t\t\t<\/div>\n\t\t\t\t<\/div>\n\t\t\t\t<div class=\"elementor-element elementor-element-9f48c45 elementor-widget elementor-widget-text-editor\" data-id=\"9f48c45\" data-element_type=\"widget\" data-e-type=\"widget\" data-widget_type=\"text-editor.default\">\n\t\t\t\t<div class=\"elementor-widget-container\">\n\t\t\t\t\t\t\t\t\t<h2>H\u00e4ufig gestellte Fragen<\/h2>\t\t\t\t\t\t\t\t<\/div>\n\t\t\t\t<\/div>\n\t\t\t\t<div class=\"elementor-element elementor-element-e3430c6 elementor-widget elementor-widget-n-accordion\" data-id=\"e3430c6\" data-element_type=\"widget\" data-e-type=\"widget\" data-settings=\"{&quot;default_state&quot;:&quot;all_collapsed&quot;,&quot;max_items_expended&quot;:&quot;one&quot;,&quot;n_accordion_animation_duration&quot;:{&quot;unit&quot;:&quot;ms&quot;,&quot;size&quot;:400,&quot;sizes&quot;:[]}}\" data-widget_type=\"nested-accordion.default\">\n\t\t\t\t<div class=\"elementor-widget-container\">\n\t\t\t\t\t\t\t<div class=\"e-n-accordion\" aria-label=\"Accordion. Open links with Enter or Space, close with Escape, and navigate with Arrow Keys\">\n\t\t\t\t\t\t<details id=\"e-n-accordion-item-2380\" class=\"e-n-accordion-item\" >\n\t\t\t\t<summary class=\"e-n-accordion-item-title\" data-accordion-index=\"1\" tabindex=\"0\" aria-expanded=\"false\" aria-controls=\"e-n-accordion-item-2380\" >\n\t\t\t\t\t<span class='e-n-accordion-item-title-header'><h3 class=\"e-n-accordion-item-title-text\"> Wie viel kostet eine einstufige Arbeitsplattform? <\/h3><\/span>\n\t\t\t\t\t\t\t<span class='e-n-accordion-item-title-icon'>\n\t\t\t<span class='e-opened' ><svg aria-hidden=\"true\" class=\"e-font-icon-svg e-fas-minus\" viewBox=\"0 0 448 512\" xmlns=\"http:\/\/www.w3.org\/2000\/svg\"><path d=\"M416 208H32c-17.67 0-32 14.33-32 32v32c0 17.67 14.33 32 32 32h384c17.67 0 32-14.33 32-32v-32c0-17.67-14.33-32-32-32z\"><\/path><\/svg><\/span>\n\t\t\t<span class='e-closed'><svg aria-hidden=\"true\" class=\"e-font-icon-svg e-fas-plus\" viewBox=\"0 0 448 512\" xmlns=\"http:\/\/www.w3.org\/2000\/svg\"><path d=\"M416 208H272V64c0-17.67-14.33-32-32-32h-32c-17.67 0-32 14.33-32 32v144H32c-17.67 0-32 14.33-32 32v32c0 17.67 14.33 32 32 32h144v144c0 17.67 14.33 32 32 32h32c17.67 0 32-14.33 32-32V304h144c17.67 0 32-14.33 32-32v-32c0-17.67-14.33-32-32-32z\"><\/path><\/svg><\/span>\n\t\t<\/span>\n\n\t\t\t\t\t\t<\/summary>\n\t\t\t\t<div role=\"region\" aria-labelledby=\"e-n-accordion-item-2380\" class=\"elementor-element elementor-element-21b143b e-con-full e-flex e-con e-child\" data-id=\"21b143b\" data-element_type=\"container\" data-e-type=\"container\">\n\t\t\t\t<div class=\"elementor-element elementor-element-07f1009 elementor-widget elementor-widget-text-editor\" data-id=\"07f1009\" data-element_type=\"widget\" data-e-type=\"widget\" data-widget_type=\"text-editor.default\">\n\t\t\t\t<div class=\"elementor-widget-container\">\n\t\t\t\t\t\t\t\t\t<div class=\"nabrajanje\">Der Preis f\u00fcr eine einstufige Arbeitsplattform liegt zwischen 2.120 \u20ac und 2.410 \u20ac netto (UVP) bzw. zwischen 2.650 \u20ac und 3.012,50 \u20ac brutto (EVP), abh\u00e4ngig von der gew\u00e4hlten Arbeitsh\u00f6he (4, 6 oder 8 Meter). F\u00fcr ein genaues Angebot und eine pers\u00f6nliche Besichtigung rufen Sie bitte 091 488 6262 an.<\/div>\t\t\t\t\t\t\t\t<\/div>\n\t\t\t\t<\/div>\n\t\t\t\t<\/div>\n\t\t\t\t\t<\/details>\n\t\t\t\t\t\t<details id=\"e-n-accordion-item-2381\" class=\"e-n-accordion-item\" >\n\t\t\t\t<summary class=\"e-n-accordion-item-title\" data-accordion-index=\"2\" tabindex=\"-1\" aria-expanded=\"false\" aria-controls=\"e-n-accordion-item-2381\" >\n\t\t\t\t\t<span class='e-n-accordion-item-title-header'><h3 class=\"e-n-accordion-item-title-text\"> Wie hoch ist die Tragf\u00e4higkeit der einstufigen Arbeitsplattform? <\/h3><\/span>\n\t\t\t\t\t\t\t<span class='e-n-accordion-item-title-icon'>\n\t\t\t<span class='e-opened' ><svg aria-hidden=\"true\" class=\"e-font-icon-svg e-fas-minus\" viewBox=\"0 0 448 512\" xmlns=\"http:\/\/www.w3.org\/2000\/svg\"><path d=\"M416 208H32c-17.67 0-32 14.33-32 32v32c0 17.67 14.33 32 32 32h384c17.67 0 32-14.33 32-32v-32c0-17.67-14.33-32-32-32z\"><\/path><\/svg><\/span>\n\t\t\t<span class='e-closed'><svg aria-hidden=\"true\" class=\"e-font-icon-svg e-fas-plus\" viewBox=\"0 0 448 512\" xmlns=\"http:\/\/www.w3.org\/2000\/svg\"><path d=\"M416 208H272V64c0-17.67-14.33-32-32-32h-32c-17.67 0-32 14.33-32 32v144H32c-17.67 0-32 14.33-32 32v32c0 17.67 14.33 32 32 32h144v144c0 17.67 14.33 32 32 32h32c17.67 0 32-14.33 32-32V304h144c17.67 0 32-14.33 32-32v-32c0-17.67-14.33-32-32-32z\"><\/path><\/svg><\/span>\n\t\t<\/span>\n\n\t\t\t\t\t\t<\/summary>\n\t\t\t\t<div role=\"region\" aria-labelledby=\"e-n-accordion-item-2381\" class=\"elementor-element elementor-element-5690a71 e-con-full e-flex e-con e-child\" data-id=\"5690a71\" data-element_type=\"container\" data-e-type=\"container\">\n\t\t\t\t<div class=\"elementor-element elementor-element-1ad758e elementor-widget elementor-widget-text-editor\" data-id=\"1ad758e\" data-element_type=\"widget\" data-e-type=\"widget\" data-widget_type=\"text-editor.default\">\n\t\t\t\t<div class=\"elementor-widget-container\">\n\t\t\t\t\t\t\t\t\t<div class=\"nabrajanje\">Alle drei Modelle der einstufigen Plattform (4 m, 6 m und 8 m) verf\u00fcgen \u00fcber eine gleiche Tragf\u00e4higkeit von 125 kg. Dies ist ausreichend f\u00fcr eine Person mit Handwerkzeugen und kleineren Materialien f\u00fcr Arbeiten in der H\u00f6he.<\/div>\t\t\t\t\t\t\t\t<\/div>\n\t\t\t\t<\/div>\n\t\t\t\t<\/div>\n\t\t\t\t\t<\/details>\n\t\t\t\t\t\t<details id=\"e-n-accordion-item-2382\" class=\"e-n-accordion-item\" >\n\t\t\t\t<summary class=\"e-n-accordion-item-title\" data-accordion-index=\"3\" tabindex=\"-1\" aria-expanded=\"false\" aria-controls=\"e-n-accordion-item-2382\" >\n\t\t\t\t\t<span class='e-n-accordion-item-title-header'><h3 class=\"e-n-accordion-item-title-text\"> Kann eine einzelne Person eine einstufige Plattform bedienen? <\/h3><\/span>\n\t\t\t\t\t\t\t<span class='e-n-accordion-item-title-icon'>\n\t\t\t<span class='e-opened' ><svg aria-hidden=\"true\" class=\"e-font-icon-svg e-fas-minus\" viewBox=\"0 0 448 512\" xmlns=\"http:\/\/www.w3.org\/2000\/svg\"><path d=\"M416 208H32c-17.67 0-32 14.33-32 32v32c0 17.67 14.33 32 32 32h384c17.67 0 32-14.33 32-32v-32c0-17.67-14.33-32-32-32z\"><\/path><\/svg><\/span>\n\t\t\t<span class='e-closed'><svg aria-hidden=\"true\" class=\"e-font-icon-svg e-fas-plus\" viewBox=\"0 0 448 512\" xmlns=\"http:\/\/www.w3.org\/2000\/svg\"><path d=\"M416 208H272V64c0-17.67-14.33-32-32-32h-32c-17.67 0-32 14.33-32 32v144H32c-17.67 0-32 14.33-32 32v32c0 17.67 14.33 32 32 32h144v144c0 17.67 14.33 32 32 32h32c17.67 0 32-14.33 32-32V304h144c17.67 0 32-14.33 32-32v-32c0-17.67-14.33-32-32-32z\"><\/path><\/svg><\/span>\n\t\t<\/span>\n\n\t\t\t\t\t\t<\/summary>\n\t\t\t\t<div role=\"region\" aria-labelledby=\"e-n-accordion-item-2382\" class=\"elementor-element elementor-element-1f3cd9e e-con-full e-flex e-con e-child\" data-id=\"1f3cd9e\" data-element_type=\"container\" data-e-type=\"container\">\n\t\t\t\t<div class=\"elementor-element elementor-element-40949c7 elementor-widget elementor-widget-text-editor\" data-id=\"40949c7\" data-element_type=\"widget\" data-e-type=\"widget\" data-widget_type=\"text-editor.default\">\n\t\t\t\t<div class=\"elementor-widget-container\">\n\t\t\t\t\t\t\t\t\t<div class=\"nabrajanje\">Ja. Die Plattform ist f\u00fcr die Bedienung durch eine einzelne Person konzipiert. Die Steuerung ist direkt aus dem Arbeitskorb in der H\u00f6he oder \u00fcber eine Steuerbox am Boden m\u00f6glich. Es ist keine zus\u00e4tzliche Person zur Unterst\u00fctzung beim Heben erforderlich.<\/div>\t\t\t\t\t\t\t\t<\/div>\n\t\t\t\t<\/div>\n\t\t\t\t<\/div>\n\t\t\t\t\t<\/details>\n\t\t\t\t\t\t<details id=\"e-n-accordion-item-2383\" class=\"e-n-accordion-item\" >\n\t\t\t\t<summary class=\"e-n-accordion-item-title\" data-accordion-index=\"4\" tabindex=\"-1\" aria-expanded=\"false\" aria-controls=\"e-n-accordion-item-2383\" >\n\t\t\t\t\t<span class='e-n-accordion-item-title-header'><h3 class=\"e-n-accordion-item-title-text\"> Was ist der Unterschied zwischen einer einstufigen und einer zweistufigen Arbeitsplattform? <\/h3><\/span>\n\t\t\t\t\t\t\t<span class='e-n-accordion-item-title-icon'>\n\t\t\t<span class='e-opened' ><svg aria-hidden=\"true\" class=\"e-font-icon-svg e-fas-minus\" viewBox=\"0 0 448 512\" xmlns=\"http:\/\/www.w3.org\/2000\/svg\"><path d=\"M416 208H32c-17.67 0-32 14.33-32 32v32c0 17.67 14.33 32 32 32h384c17.67 0 32-14.33 32-32v-32c0-17.67-14.33-32-32-32z\"><\/path><\/svg><\/span>\n\t\t\t<span class='e-closed'><svg aria-hidden=\"true\" class=\"e-font-icon-svg e-fas-plus\" viewBox=\"0 0 448 512\" xmlns=\"http:\/\/www.w3.org\/2000\/svg\"><path d=\"M416 208H272V64c0-17.67-14.33-32-32-32h-32c-17.67 0-32 14.33-32 32v144H32c-17.67 0-32 14.33-32 32v32c0 17.67 14.33 32 32 32h144v144c0 17.67 14.33 32 32 32h32c17.67 0 32-14.33 32-32V304h144c17.67 0 32-14.33 32-32v-32c0-17.67-14.33-32-32-32z\"><\/path><\/svg><\/span>\n\t\t<\/span>\n\n\t\t\t\t\t\t<\/summary>\n\t\t\t\t<div role=\"region\" aria-labelledby=\"e-n-accordion-item-2383\" class=\"elementor-element elementor-element-4246555 e-con-full e-flex e-con e-child\" data-id=\"4246555\" data-element_type=\"container\" data-e-type=\"container\">\n\t\t\t\t<div class=\"elementor-element elementor-element-8e6bb78 elementor-widget elementor-widget-text-editor\" data-id=\"8e6bb78\" data-element_type=\"widget\" data-e-type=\"widget\" data-widget_type=\"text-editor.default\">\n\t\t\t\t<div class=\"elementor-widget-container\">\n\t\t\t\t\t\t\t\t\t<div class=\"nabrajanje\">Die einstufige Plattform verf\u00fcgt \u00fcber eine einzelne Hebes\u00e4ule, ist kompakter (900 mm Breite), leichter (300-370 kg) und ideal f\u00fcr den Innenbereich mit einer Arbeitsh\u00f6he von bis zu 8 m und einer Tragf\u00e4higkeit von 125 kg. Die zweistufige Plattform besitzt zwei Hebes\u00e4ulen, bietet h\u00f6here Stabilit\u00e4t, erreicht H\u00f6hen bis zu 12 Metern, tr\u00e4gt Lasten bis 200 kg und ist f\u00fcr anspruchsvollere Au\u00dfenarbeiten konzipiert.<\/div>\t\t\t\t\t\t\t\t<\/div>\n\t\t\t\t<\/div>\n\t\t\t\t<\/div>\n\t\t\t\t\t<\/details>\n\t\t\t\t\t\t<details id=\"e-n-accordion-item-2384\" class=\"e-n-accordion-item\" >\n\t\t\t\t<summary class=\"e-n-accordion-item-title\" data-accordion-index=\"5\" tabindex=\"-1\" aria-expanded=\"false\" aria-controls=\"e-n-accordion-item-2384\" >\n\t\t\t\t\t<span class='e-n-accordion-item-title-header'><h3 class=\"e-n-accordion-item-title-text\"> Ben\u00f6tigt die Plattform einen speziellen elektrischen Anschluss f\u00fcr den Betrieb? <\/h3><\/span>\n\t\t\t\t\t\t\t<span class='e-n-accordion-item-title-icon'>\n\t\t\t<span class='e-opened' ><svg aria-hidden=\"true\" class=\"e-font-icon-svg e-fas-minus\" viewBox=\"0 0 448 512\" xmlns=\"http:\/\/www.w3.org\/2000\/svg\"><path d=\"M416 208H32c-17.67 0-32 14.33-32 32v32c0 17.67 14.33 32 32 32h384c17.67 0 32-14.33 32-32v-32c0-17.67-14.33-32-32-32z\"><\/path><\/svg><\/span>\n\t\t\t<span class='e-closed'><svg aria-hidden=\"true\" class=\"e-font-icon-svg e-fas-plus\" viewBox=\"0 0 448 512\" xmlns=\"http:\/\/www.w3.org\/2000\/svg\"><path d=\"M416 208H272V64c0-17.67-14.33-32-32-32h-32c-17.67 0-32 14.33-32 32v144H32c-17.67 0-32 14.33-32 32v32c0 17.67 14.33 32 32 32h144v144c0 17.67 14.33 32 32 32h32c17.67 0 32-14.33 32-32V304h144c17.67 0 32-14.33 32-32v-32c0-17.67-14.33-32-32-32z\"><\/path><\/svg><\/span>\n\t\t<\/span>\n\n\t\t\t\t\t\t<\/summary>\n\t\t\t\t<div role=\"region\" aria-labelledby=\"e-n-accordion-item-2384\" class=\"elementor-element elementor-element-a206020 e-con-full e-flex e-con e-child\" data-id=\"a206020\" data-element_type=\"container\" data-e-type=\"container\">\n\t\t\t\t<div class=\"elementor-element elementor-element-52062be elementor-widget elementor-widget-text-editor\" data-id=\"52062be\" data-element_type=\"widget\" data-e-type=\"widget\" data-widget_type=\"text-editor.default\">\n\t\t\t\t<div class=\"elementor-widget-container\">\n\t\t\t\t\t\t\t\t\t<div class=\"nabrajanje\">Nein. Die einstufige Arbeitsplattform arbeitet mit einer Standardversorgung von 220V \/ 50Hz \u2013 eine gew\u00f6hnliche Haushalts- oder Industrie-Steckdose gen\u00fcgt. Der Motor mit einer Leistung von 0,75 kW ben\u00f6tigt keinen Drehstromanschluss oder eine spezielle Installation.<\/div>\t\t\t\t\t\t\t\t<\/div>\n\t\t\t\t<\/div>\n\t\t\t\t<\/div>\n\t\t\t\t\t<\/details>\n\t\t\t\t\t\t<details id=\"e-n-accordion-item-2385\" class=\"e-n-accordion-item\" >\n\t\t\t\t<summary class=\"e-n-accordion-item-title\" data-accordion-index=\"6\" tabindex=\"-1\" aria-expanded=\"false\" aria-controls=\"e-n-accordion-item-2385\" >\n\t\t\t\t\t<span class='e-n-accordion-item-title-header'><h3 class=\"e-n-accordion-item-title-text\"> Wie schwer ist die einstufige Plattform und l\u00e4sst sie sich leicht transportieren? <\/h3><\/span>\n\t\t\t\t\t\t\t<span class='e-n-accordion-item-title-icon'>\n\t\t\t<span class='e-opened' ><svg aria-hidden=\"true\" class=\"e-font-icon-svg e-fas-minus\" viewBox=\"0 0 448 512\" xmlns=\"http:\/\/www.w3.org\/2000\/svg\"><path d=\"M416 208H32c-17.67 0-32 14.33-32 32v32c0 17.67 14.33 32 32 32h384c17.67 0 32-14.33 32-32v-32c0-17.67-14.33-32-32-32z\"><\/path><\/svg><\/span>\n\t\t\t<span class='e-closed'><svg aria-hidden=\"true\" class=\"e-font-icon-svg e-fas-plus\" viewBox=\"0 0 448 512\" xmlns=\"http:\/\/www.w3.org\/2000\/svg\"><path d=\"M416 208H272V64c0-17.67-14.33-32-32-32h-32c-17.67 0-32 14.33-32 32v144H32c-17.67 0-32 14.33-32 32v32c0 17.67 14.33 32 32 32h144v144c0 17.67 14.33 32 32 32h32c17.67 0 32-14.33 32-32V304h144c17.67 0 32-14.33 32-32v-32c0-17.67-14.33-32-32-32z\"><\/path><\/svg><\/span>\n\t\t<\/span>\n\n\t\t\t\t\t\t<\/summary>\n\t\t\t\t<div role=\"region\" aria-labelledby=\"e-n-accordion-item-2385\" class=\"elementor-element elementor-element-8b2db4b e-con-full e-flex e-con e-child\" data-id=\"8b2db4b\" data-element_type=\"container\" data-e-type=\"container\">\n\t\t\t\t<div class=\"elementor-element elementor-element-a24c1ec elementor-widget elementor-widget-text-editor\" data-id=\"a24c1ec\" data-element_type=\"widget\" data-e-type=\"widget\" data-widget_type=\"text-editor.default\">\n\t\t\t\t<div class=\"elementor-widget-container\">\n\t\t\t\t\t\t\t\t\t<div class=\"nabrajanje\">Je nach Modell betr\u00e4gt das Gewicht 300 kg (4 m), 340 kg (6 m) oder 370 kg (8 m). Die Plattform ist mit gro\u00dfen R\u00e4dern ausgestattet, die eine einfache Bewegung auf der Arbeitsfl\u00e4che erm\u00f6glichen. F\u00fcr den Transport zwischen den Einsatzorten wird ein Lieferfahrzeug verwendet \u2013 die kompakten Abmessungen (1500 x 900 mm) erlauben das Verladen in einen Kleintransporter oder auf einen Anh\u00e4nger.<\/div>\t\t\t\t\t\t\t\t<\/div>\n\t\t\t\t<\/div>\n\t\t\t\t<\/div>\n\t\t\t\t\t<\/details>\n\t\t\t\t\t<\/div>\n\t\t\t\t\t\t<\/div>\n\t\t\t\t<\/div>\n\t\t\t\t<\/div>\n\t\t\t\t\t<\/div>\n\t\t\t\t<\/div>\n\t\t\t\t<\/div>\n\t\t","protected":false},"excerpt":{"rendered":"<p>Einstufige Arbeitsplattform f\u00fcr sicheres Arbeiten in H\u00f6hen bis zu 8 Metern. Aluminiumkonstruktion mit einer Hubs\u00e4ule, Stahlgestell mit vier Stabilisatoren, Arbeitskorb mit Schutzgel\u00e4nder und rutschfester Bodenplatte. Tragf\u00e4higkeit 125 kg, Stromversorgung 220V\/50Hz. Verf\u00fcgbare Varianten: Arbeitsh\u00f6hen 4 m, 6 m und 8 m.<\/p>\n","protected":false},"featured_media":9010,"comment_status":"open","ping_status":"closed","template":"","meta":[],"etheme_brands":[{"term_id":42,"name":"Gutman","slug":"gutman","term_group":0,"term_taxonomy_id":42,"taxonomy":"brand","description":"","parent":0,"count":345,"filter":"raw","term_order":"0"}],"product_brand":[],"product_cat":[15],"product_tag":[408],"class_list":{"0":"post-37501","1":"product","2":"type-product","3":"status-publish","4":"has-post-thumbnail","6":"brand-gutman","7":"product_cat-radne-platforme-01","8":"product_tag-en-280","10":"first","11":"outofstock","12":"taxable","13":"shipping-taxable","14":"purchasable","15":"product-type-variable","16":"has-default-attributes"},"_links":{"self":[{"href":"https:\/\/dizalica.hr\/de\/wp-json\/wp\/v2\/product\/37501","targetHints":{"allow":["GET"]}}],"collection":[{"href":"https:\/\/dizalica.hr\/de\/wp-json\/wp\/v2\/product"}],"about":[{"href":"https:\/\/dizalica.hr\/de\/wp-json\/wp\/v2\/types\/product"}],"replies":[{"embeddable":true,"href":"https:\/\/dizalica.hr\/de\/wp-json\/wp\/v2\/comments?post=37501"}],"version-history":[{"count":0,"href":"https:\/\/dizalica.hr\/de\/wp-json\/wp\/v2\/product\/37501\/revisions"}],"wp:featuredmedia":[{"embeddable":true,"href":"https:\/\/dizalica.hr\/de\/wp-json\/wp\/v2\/media\/9010"}],"wp:attachment":[{"href":"https:\/\/dizalica.hr\/de\/wp-json\/wp\/v2\/media?parent=37501"}],"wp:term":[{"taxonomy":"brand","embeddable":true,"href":"https:\/\/dizalica.hr\/de\/wp-json\/wp\/v2\/etheme_brands?post=37501"},{"taxonomy":"product_brand","embeddable":true,"href":"https:\/\/dizalica.hr\/de\/wp-json\/wp\/v2\/product_brand?post=37501"},{"taxonomy":"product_cat","embeddable":true,"href":"https:\/\/dizalica.hr\/de\/wp-json\/wp\/v2\/product_cat?post=37501"},{"taxonomy":"product_tag","embeddable":true,"href":"https:\/\/dizalica.hr\/de\/wp-json\/wp\/v2\/product_tag?post=37501"}],"curies":[{"name":"wp","href":"https:\/\/api.w.org\/{rel}","templated":true}]}}