{"id":37390,"date":"2026-05-05T16:03:43","date_gmt":"2026-05-05T14:03:43","guid":{"rendered":"https:\/\/dizalica.hr\/nekategorizirano\/hydraulischer-doppel-hebetisch-2-8t-zweigeschossige-hebeklemme-fuer-schwere-und-lange-lasten-geeignet-fuer-zwei-eu-paletten\/"},"modified":"2026-05-05T23:55:52","modified_gmt":"2026-05-05T21:55:52","slug":"hydraulischer-doppel-hebetisch-2-8t-zweigeschossige-hebeklemme-fuer-schwere-und-lange-lasten-geeignet-fuer-zwei-eu-paletten","status":"publish","type":"product","link":"https:\/\/dizalica.hr\/de\/hubtische\/tandem-scherenhubtische\/hydraulischer-doppel-hebetisch-2-8t-zweigeschossige-hebeklemme-fuer-schwere-und-lange-lasten-geeignet-fuer-zwei-eu-paletten\/","title":{"rendered":"Hydraulischer Doppel-Hebetisch 2-8t \u2013 Zweigeschossige Hebeklemme f\u00fcr schwere und lange Lasten, geeignet f\u00fcr zwei EU-Paletten"},"content":{"rendered":"\t\t<div data-elementor-type=\"product-post\" data-elementor-id=\"37390\" class=\"elementor elementor-37390 elementor-9043\" data-elementor-post-type=\"product\">\n\t\t\t\t<div class=\"elementor-element elementor-element-2e202cee e-flex e-con-boxed e-con e-parent\" data-id=\"2e202cee\" data-element_type=\"container\" data-e-type=\"container\">\n\t\t\t\t\t<div class=\"e-con-inner\">\n\t\t<div class=\"elementor-element elementor-element-9e2987b e-con-full e-flex e-con e-child\" data-id=\"9e2987b\" data-element_type=\"container\" data-e-type=\"container\">\n\t\t\t\t<div class=\"elementor-element elementor-element-3ba8036d elementor-widget elementor-widget-text-editor\" data-id=\"3ba8036d\" data-element_type=\"widget\" data-e-type=\"widget\" data-widget_type=\"text-editor.default\">\n\t\t\t\t<div class=\"elementor-widget-container\">\n\t\t\t\t\t\t\t\t\t<h2>Hydraulischer Doppel-Hebetisch mit verl\u00e4ngerter Arbeitsfl\u00e4che und hoher Tragf\u00e4higkeit f\u00fcr anspruchsvollste industrielle und Lageranforderungen<\/h2>\t\t\t\t\t\t\t\t<\/div>\n\t\t\t\t<\/div>\n\t\t\t\t<div class=\"elementor-element elementor-element-811f4c6 elementor-widget elementor-widget-text-editor\" data-id=\"811f4c6\" data-element_type=\"widget\" data-e-type=\"widget\" data-widget_type=\"text-editor.default\">\n\t\t\t\t<div class=\"elementor-widget-container\">\n\t\t\t\t\t\t\t\t\t<p>Wir pr\u00e4sentieren Ihnen den hydraulischen Doppel-Hebetisch der HW-D Serie \u2013 eine Ausr\u00fcstung, die Ihre Handhabung schwerer Lasten revolutionieren wird. Dies ist nicht nur ein weiterer Hebetisch. Es ist das Ergebnis jahrelanger ingenieurtechnischer Entwicklung, hunderter Installationen in ganz Europa und tausender Betriebsstunden ohne Ausf\u00e4lle.<\/p><p>Was macht ihn besonders? Zwei synchronisierte Scherenmechanismen arbeiten in perfekter Harmonie und bieten Ihnen eine Stabilit\u00e4t, die ein einseitiger Hebetisch einfach nicht erreichen kann.<\/p>\t\t\t\t\t\t\t\t<\/div>\n\t\t\t\t<\/div>\n\t\t\t\t<div class=\"elementor-element elementor-element-a4dfc53 elementor-widget elementor-widget-text-editor\" data-id=\"a4dfc53\" data-element_type=\"widget\" data-e-type=\"widget\" data-widget_type=\"text-editor.default\">\n\t\t\t\t<div class=\"elementor-widget-container\">\n\t\t\t\t\t\t\t\t\t<p>Hubtische mit verl\u00e4ngerter Arbeitsfl\u00e4che und doppelten Scheren in Reihe sind f\u00fcr den industriellen Einsatz und die Optimierung von Produktionsprozessen konzipiert. Sie werden \u00fcber 24-V-Taster gesteuert und mit 380 V \/ 50 Hz betrieben. Ausgestattet sind sie mit einem Sicherheitsventil gegen \u00dcberlast, einem Schutz gegen unkontrolliertes Absenken mittels Randkontakten sowie einem Steuerungsventil, das das Absenken des Tisches bei Schlauchbruch stoppt. Dank der einfachen Montage mit \u00d6senschrauben bieten diese Tische Zuverl\u00e4ssigkeit und Sicherheit gem\u00e4\u00df CE-Kennzeichnung und der Norm EN 1570-1.<\/p>\t\t\t\t\t\t\t\t<\/div>\n\t\t\t\t<\/div>\n\t\t\t\t<div class=\"elementor-element elementor-element-de97079 elementor-widget elementor-widget-text-editor\" data-id=\"de97079\" data-element_type=\"widget\" data-e-type=\"widget\" data-widget_type=\"text-editor.default\">\n\t\t\t\t<div class=\"elementor-widget-container\">\n\t\t\t\t\t\t\t\t\t<h3>Warum w\u00e4hlen unsere Kunden diesen L\u00e4ngstisch?<\/h3><blockquote><p>\u201eEndlich k\u00f6nnen wir mit zwei Paletten gleichzeitig arbeiten!\u201c \u2013 Logistikzentrum aus Zagreb<\/p><\/blockquote><p>Stellen Sie sich vor: Ihre Mitarbeiter verlieren keine Zeit mehr beim Wechseln von einer Palette zur anderen. Beide Paletten befinden sich vor ihnen, auf optimaler H\u00f6he und einsatzbereit. Das Ergebnis? Die Produktivit\u00e4t steigt um 40\u201360 %. Das ist keine Theorie \u2013 das sind Zahlen aus realen Lagerhallen.<\/p><blockquote><p>\u201e6-Meter-Bretter vibrieren beim Bearbeiten nicht mehr.\u201c \u2013 Holzverarbeitungsunternehmen<\/p><\/blockquote><p>Beim Bearbeiten langer Holzst\u00fccke verursacht jeder Millimeter Durchbiegung Probleme. Unsere Doppeltische weisen eine Durchbiegung von weniger als 2 mm pro Meter L\u00e4nge auf. Ihre Bretter bleiben gerade. Ihre Arbeit bleibt pr\u00e4zise.<\/p>\t\t\t\t\t\t\t\t<\/div>\n\t\t\t\t<\/div>\n\t\t\t\t<div class=\"elementor-element elementor-element-97c0b33 elementor-widget elementor-widget-text-editor\" data-id=\"97c0b33\" data-element_type=\"widget\" data-e-type=\"widget\" data-widget_type=\"text-editor.default\">\n\t\t\t\t<div class=\"elementor-widget-container\">\n\t\t\t\t\t\t\t\t\t<h2 class=\"nabrajanje\">Vergleich der Modelle von Doppel-Scheren-Hebetischen<\/h2>\t\t\t\t\t\t\t\t<\/div>\n\t\t\t\t<\/div>\n\t\t\t\t<div class=\"elementor-element elementor-element-91e7da9 elementor-widget elementor-widget-text-editor\" data-id=\"91e7da9\" data-element_type=\"widget\" data-e-type=\"widget\" data-widget_type=\"text-editor.default\">\n\t\t\t\t<div class=\"elementor-widget-container\">\n\t\t\t\t\t\t\t\t\t<div class=\"table-wrap\"><table class=\"styled-table\" style=\"width: 100%; table-layout: fixed;\" role=\"table\" aria-label=\"Vergleich der 3 Modelle der HW-D Serie\"><colgroup> <col style=\"width: 24%;\" \/> <col style=\"width: 25%;\" \/> <col style=\"width: 25%;\" \/> <col style=\"width: 26%;\" \/> <\/colgroup><thead><tr><th style=\"text-align: left;\" scope=\"col\">Merkmal<\/th><th style=\"text-align: center;\" scope=\"col\">HW-D 2000<\/th><th style=\"text-align: center;\" scope=\"col\">HW-D 4000<\/th><th style=\"text-align: center;\" scope=\"col\">HW-D 8000<\/th><\/tr><\/thead><tbody><tr><td style=\"text-align: left;\">Tragf\u00e4higkeit<\/td><td style=\"text-align: center;\">2000 kg (2 t)<\/td><td style=\"text-align: center;\">4000 kg (4 t)<\/td><td style=\"text-align: center;\">8000 kg (8 t)<\/td><\/tr><tr><td style=\"text-align: left;\">Plattengr\u00f6\u00dfe (L x B)<\/td><td style=\"text-align: center;\">2500 x 820 mm<\/td><td style=\"text-align: center;\">2500 x 850 mm<\/td><td style=\"text-align: center;\">3000 x 1200 mm<\/td><\/tr><tr><td style=\"text-align: left;\">Minimale H\u00f6he<\/td><td style=\"text-align: center;\">205 mm<\/td><td style=\"text-align: center;\">230 mm<\/td><td style=\"text-align: center;\">240 mm<\/td><\/tr><tr><td style=\"text-align: left;\">Maximale H\u00f6he<\/td><td style=\"text-align: center;\">1000 mm<\/td><td style=\"text-align: center;\">1000 mm<\/td><td style=\"text-align: center;\">1050 mm<\/td><\/tr><tr><td style=\"text-align: left;\">Hub<\/td><td style=\"text-align: center;\">795 mm<\/td><td style=\"text-align: center;\">770 mm<\/td><td style=\"text-align: center;\">750 mm<\/td><\/tr><tr><td style=\"text-align: left;\">Hubzeit (leer)<\/td><td style=\"text-align: center;\">25 s<\/td><td style=\"text-align: center;\">35 s<\/td><td style=\"text-align: center;\">35 s<\/td><\/tr><tr><td style=\"text-align: left;\">Hubzeit (voll)<\/td><td style=\"text-align: center;\">35 s<\/td><td style=\"text-align: center;\">45 s<\/td><td style=\"text-align: center;\">45 s<\/td><\/tr><tr><td style=\"text-align: left;\">Gewicht des Tisches<\/td><td style=\"text-align: center;\">265 kg<\/td><td style=\"text-align: center;\">360 kg<\/td><td style=\"text-align: center;\">700 kg<\/td><\/tr><tr><td style=\"text-align: left;\">Stromversorgung<\/td><td style=\"text-align: center;\">380V \/ 50Hz<\/td><td style=\"text-align: center;\">380V \/ 50Hz<\/td><td style=\"text-align: center;\">380V \/ 50Hz<\/td><\/tr><tr><td style=\"text-align: left;\">L\u00e4rmpegel<\/td><td style=\"text-align: center;\">&lt;70 dB<\/td><td style=\"text-align: center;\">&lt;72 dB<\/td><td style=\"text-align: center;\">&lt;75 dB<\/td><\/tr><tr><td style=\"text-align: left;\">Ideale Anwendung<\/td><td style=\"text-align: center;\">Lager, Werkst\u00e4tten<\/td><td style=\"text-align: center;\">Metallindustrie<\/td><td style=\"text-align: center;\">Schwerindustrie, Gie\u00dfereien<\/td><\/tr><\/tbody><tfoot><tr><td style=\"text-align: center;\" colspan=\"4\">TABELLE 1: Vergleich der 3 Modelle der HW-D Serie<\/td><\/tr><\/tfoot><\/table><\/div>\t\t\t\t\t\t\t\t<\/div>\n\t\t\t\t<\/div>\n\t\t\t\t<div class=\"elementor-element elementor-element-9b4aaad elementor-widget elementor-widget-text-editor\" data-id=\"9b4aaad\" data-element_type=\"widget\" data-e-type=\"widget\" data-widget_type=\"text-editor.default\">\n\t\t\t\t<div class=\"elementor-widget-container\">\n\t\t\t\t\t\t\t\t\t<h2 class=\"nabrajanje\">Anwendungsm\u00f6glichkeiten nach Tragf\u00e4higkeiten &#8211; Modellen<\/h2><p>Die doppelte hydraulische Hebetische der HW-D Serie sind f\u00fcr ein breites Spektrum industrieller Anwendungen konzipiert, bei denen die Handhabung schwerer Lasten mit maximaler Stabilit\u00e4t und Sicherheit erforderlich ist. Der doppelte Scherenmechanismus bietet einzigartige Vorteile in den folgenden Branchen:<\/p>\t\t\t\t\t\t\t\t<\/div>\n\t\t\t\t<\/div>\n\t\t<div class=\"elementor-element elementor-element-eeecc5d e-con-full e-grid e-con e-child\" data-id=\"eeecc5d\" data-element_type=\"container\" data-e-type=\"container\">\n\t\t\t\t<div class=\"elementor-element elementor-element-dba7814 elementor-widget elementor-widget-text-editor\" data-id=\"dba7814\" data-element_type=\"widget\" data-e-type=\"widget\" data-widget_type=\"text-editor.default\">\n\t\t\t\t<div class=\"elementor-widget-container\">\n\t\t\t\t\t\t\t\t\t<h3 class=\"nabrajanje\">HW-D 2000 (2000 kg) \u2013 Ideal geeignet f\u00fcr:<\/h3><div class=\"nabrajanje\">\u2713 Palettierung leichter Produkte (2 Paletten \u00d7 1000 kg)<br \/>\u2713 Tischlerei und M\u00f6belherstellung<br \/>\u2713 Werkst\u00e4tten f\u00fcr die Wartung leichter Maschinen<br \/>\u2713 Kleine Produktionsbetriebe mit gelegentlichem Bedarf<br \/>\u2713 Servicewerkst\u00e4tten f\u00fcr PKW (Motoren, Getriebe)<\/div>\t\t\t\t\t\t\t\t<\/div>\n\t\t\t\t<\/div>\n\t\t\t\t<div class=\"elementor-element elementor-element-89e0d7e elementor-widget elementor-widget-text-editor\" data-id=\"89e0d7e\" data-element_type=\"widget\" data-e-type=\"widget\" data-widget_type=\"text-editor.default\">\n\t\t\t\t<div class=\"elementor-widget-container\">\n\t\t\t\t\t\t\t\t\t<h4>HW-D 4000 (4000 kg) &#8211; BELIEBTESTES MODELL &#8211; Ideal f\u00fcr:<\/h4><p>\u2713 Palettierung von Standardware (2 Paletten \u00d7 2000 kg) \u2b50<br \/>\u2713 Holzindustrie \u2013 Platten, M\u00f6bel, Tischlerei<br \/>\u2713 Metallindustrie \u2013 Bleche, Konstruktionen<br \/>\u2713 LKW-Werkst\u00e4tten \u2013 Getriebe, Achsen<br \/>\u2713 Lagerung und Logistik<br \/>\u2713 DECKT 60 % ALLER ANWENDUNGEN AB<\/p>\t\t\t\t\t\t\t\t<\/div>\n\t\t\t\t<\/div>\n\t\t\t\t<div class=\"elementor-element elementor-element-bb5c195 elementor-widget elementor-widget-text-editor\" data-id=\"bb5c195\" data-element_type=\"widget\" data-e-type=\"widget\" data-widget_type=\"text-editor.default\">\n\t\t\t\t<div class=\"elementor-widget-container\">\n\t\t\t\t\t\t\t\t\t<h4>HW-D 8000 (8000 kg) &#8211; Ideal f\u00fcr:<\/h4><p>\u2713 Gie\u00dfereien \u2013 massive Gussteile bis 8 Tonnen<br \/>\u2713 Schiffbau \u2013 Schiffsmotoren, Propeller<br \/>\u2713 Schwerindustrie \u2013 Pressen, Schwei\u00dfen<br \/>\u2713 Holzindustrie \u2013 Pakete aus Massivholz bis 6 m<br \/>\u2713 Palettierung von extra schweren Produkten (2 Paletten \u00d7 4000 kg)<br \/>\u2713 Maschinenbau \u2013 die schwersten Industriemaschinen<\/p>\t\t\t\t\t\t\t\t<\/div>\n\t\t\t\t<\/div>\n\t\t\t\t<\/div>\n\t\t\t\t<div class=\"elementor-element elementor-element-eaebd0f elementor-widget elementor-widget-text-editor\" data-id=\"eaebd0f\" data-element_type=\"widget\" data-e-type=\"widget\" data-widget_type=\"text-editor.default\">\n\t\t\t\t<div class=\"elementor-widget-container\">\n\t\t\t\t\t\t\t\t\t<h2 class=\"nabrajanje\">Wie w\u00e4hlen Sie das richtige Modell eines Hebetisches f\u00fcr Ihre Anwendung aus?<\/h2>\t\t\t\t\t\t\t\t<\/div>\n\t\t\t\t<\/div>\n\t\t<div class=\"elementor-element elementor-element-3fdbaac e-con-full e-grid e-con e-child\" data-id=\"3fdbaac\" data-element_type=\"container\" data-e-type=\"container\">\n\t\t\t\t<div class=\"elementor-element elementor-element-5d9f342 elementor-widget elementor-widget-text-editor\" data-id=\"5d9f342\" data-element_type=\"widget\" data-e-type=\"widget\" data-widget_type=\"text-editor.default\">\n\t\t\t\t<div class=\"elementor-widget-container\">\n\t\t\t\t\t\t\t\t\t<h4 class=\"nabrajanje\">Schritt 1: Analysieren Sie das Gewicht der Last<\/h4><ul class=\"nabrajanje\"><li class=\"nabrajanje\">Messen oder sch\u00e4tzen Sie das maximale Gewicht des Gegenstands<\/li><li class=\"nabrajanje\">F\u00fcgen Sie 20 % Sicherheitsreserve hinzu<\/li><li class=\"nabrajanje\">Wenn Sie mit zwei Paletten arbeiten, addieren Sie beide Gewichte<\/li><\/ul>\t\t\t\t\t\t\t\t<\/div>\n\t\t\t\t<\/div>\n\t\t\t\t<div class=\"elementor-element elementor-element-4a7cb3e elementor-widget elementor-widget-text-editor\" data-id=\"4a7cb3e\" data-element_type=\"widget\" data-e-type=\"widget\" data-widget_type=\"text-editor.default\">\n\t\t\t\t<div class=\"elementor-widget-container\">\n\t\t\t\t\t\t\t\t\t<h4>Schritt 2: \u00dcberpr\u00fcfen Sie die Abmessungen<\/h4><ul><li>Messen Sie die Abmessungen des zu hebenden Gegenstands<\/li><li>Stellen Sie sicher, dass er mit einem Spielraum von 50-100 mm auf die Arbeitsplatte passt<\/li><\/ul>\t\t\t\t\t\t\t\t<\/div>\n\t\t\t\t<\/div>\n\t\t\t\t<div class=\"elementor-element elementor-element-727ec06 elementor-widget elementor-widget-text-editor\" data-id=\"727ec06\" data-element_type=\"widget\" data-e-type=\"widget\" data-widget_type=\"text-editor.default\">\n\t\t\t\t<div class=\"elementor-widget-container\">\n\t\t\t\t\t\t\t\t\t<h4>Schritt 3: Bestimmen Sie die erforderliche H\u00f6he<\/h4><ul class=\"nabrajanje\"><li>Minimale H\u00f6he: Muss in Ihren Raum passen<\/li><li>Maximale H\u00f6he: Muss Ihre Arbeitsh\u00f6he erreichen<\/li><li>Hubweg: Differenz zwischen Mindest- und Maximalh\u00f6he<\/li><\/ul>\t\t\t\t\t\t\t\t<\/div>\n\t\t\t\t<\/div>\n\t\t\t\t<div class=\"elementor-element elementor-element-8455068 elementor-widget elementor-widget-text-editor\" data-id=\"8455068\" data-element_type=\"widget\" data-e-type=\"widget\" data-widget_type=\"text-editor.default\">\n\t\t\t\t<div class=\"elementor-widget-container\">\n\t\t\t\t\t\t\t\t\t<h4>Schritt 4: Ber\u00fccksichtigen Sie die Nutzungsh\u00e4ufigkeit<\/h4><ul class=\"nabrajanje\"><li>Gelegentlich (1-2 Stunden t\u00e4glich): HW-D 2000<\/li><li>Regelm\u00e4\u00dfig (4-8 Stunden t\u00e4glich): HW-D 4000<\/li><li>Intensiv (8-16 Stunden t\u00e4glich): HW-D 4000 oder 8000<\/li><\/ul>\t\t\t\t\t\t\t\t<\/div>\n\t\t\t\t<\/div>\n\t\t\t\t<\/div>\n\t\t\t\t<\/div>\n\t\t<div class=\"elementor-element elementor-element-55b0562 e-con-full e-flex e-con e-child\" data-id=\"55b0562\" data-element_type=\"container\" data-e-type=\"container\">\n\t\t\t\t<div class=\"elementor-element elementor-element-3cacfdb elementor-widget elementor-widget-text-editor\" data-id=\"3cacfdb\" data-element_type=\"widget\" data-e-type=\"widget\" data-widget_type=\"text-editor.default\">\n\t\t\t\t<div class=\"elementor-widget-container\">\n\t\t\t\t\t\t\t\t\t<div class=\"table-wrap\"><table class=\"styled-table\" role=\"table\" aria-label=\"Eigenschaften des hydraulischen Doppel-Hebetisches mit verl\u00e4ngerter Arbeitsfl\u00e4che\"><thead><tr><th scope=\"col\"><h2>Spezifikationen<\/h2><\/th><th scope=\"col\">Hydraulischer Doppel-Hebetisch \u2013 verl\u00e4ngerte Arbeitsfl\u00e4che<\/th><\/tr><\/thead><tbody><tr><td>Einsatzbereich \/ Konstruktion<\/td><td>Industrielle Nutzung und Optimierung von Produktionsprozessen. Doppelscheren in Reihe mit verl\u00e4ngerter Arbeitsfl\u00e4che.<\/td><\/tr><tr><td>Steuerung und Stromversorgung<\/td><td>Steuerung \u00fcber 24V Tasten; Stromversorgung 380V \/ 50Hz<\/td><\/tr><tr><td>Sicherheitsmerkmale<\/td><td>\u00dcberlastsicherheitsventil; Schutz gegen unkontrolliertes Absenken (Randkontakte); Kontrollventil bei Schlauchbruch<\/td><\/tr><tr><td>Montage<\/td><td>Einfache Montage mittels \u00d6senschrauben<\/td><\/tr><tr><td>Zertifizierung und Normen<\/td><td>CE-Kennzeichnung, Norm EN 1570-1<\/td><\/tr><\/tbody><tfoot><tr><td colspan=\"2\">Tisch f\u00fcr Arbeiten mit langen Lasten oder Arbeitsfl\u00e4chen.<\/td><\/tr><\/tfoot><\/table><\/div>\t\t\t\t\t\t\t\t<\/div>\n\t\t\t\t<\/div>\n\t\t\t\t<\/div>\n\t\t\t\t\t<\/div>\n\t\t\t\t<\/div>\n\t\t\t\t<\/div>\n\t\t","protected":false},"excerpt":{"rendered":"<p>Revolutionieren Sie Ihr Gesch\u00e4ft mit dem HW-D Doppel-Hydrauliktisch \u2013 der doppelscherigen Hebeklemme! Zwei Paletten gleichzeitig \u2013 verdoppeln Sie die Produktivit\u00e4t Ihres Lagers. Der doppelte Scherenmechanismus bietet unvergleichliche Stabilit\u00e4t und Sicherheit bis zu 8 Tonnen.<br \/>\n\u2713 3 Modelle: 2T, 4T, 8T Tragf\u00e4higkeit<br \/>\n\u2713 Arbeitsfl\u00e4che 2500\u00d7820 bis 3000\u00d71200 mm<br \/>\n\u2713 Durchbiegung &lt;2 mm pro Meter<br \/>\n\u2713 CE-Zertifikat EN 1570-1<br \/>\n\u2713 24 Monate Garantie<\/p>\n","protected":false},"featured_media":9042,"comment_status":"open","ping_status":"closed","template":"","meta":[],"etheme_brands":[{"term_id":42,"name":"Gutman","slug":"gutman","term_group":0,"term_taxonomy_id":42,"taxonomy":"brand","description":"","parent":0,"count":304,"filter":"raw","term_order":"0"}],"product_brand":[],"product_cat":[636,635],"product_tag":[407,469],"class_list":{"0":"post-37390","1":"product","2":"type-product","3":"status-publish","4":"has-post-thumbnail","6":"brand-gutman","7":"product_cat-tandem-scherenhubtische-01","8":"product_cat-hubtische-01","9":"product_tag-en-1570-1","10":"product_tag-schwere-industrielle-hebevorgange","12":"first","13":"outofstock","14":"taxable","15":"shipping-taxable","16":"purchasable","17":"product-type-variable","18":"has-default-attributes"},"_links":{"self":[{"href":"https:\/\/dizalica.hr\/de\/wp-json\/wp\/v2\/product\/37390","targetHints":{"allow":["GET"]}}],"collection":[{"href":"https:\/\/dizalica.hr\/de\/wp-json\/wp\/v2\/product"}],"about":[{"href":"https:\/\/dizalica.hr\/de\/wp-json\/wp\/v2\/types\/product"}],"replies":[{"embeddable":true,"href":"https:\/\/dizalica.hr\/de\/wp-json\/wp\/v2\/comments?post=37390"}],"version-history":[{"count":0,"href":"https:\/\/dizalica.hr\/de\/wp-json\/wp\/v2\/product\/37390\/revisions"}],"wp:featuredmedia":[{"embeddable":true,"href":"https:\/\/dizalica.hr\/de\/wp-json\/wp\/v2\/media\/9042"}],"wp:attachment":[{"href":"https:\/\/dizalica.hr\/de\/wp-json\/wp\/v2\/media?parent=37390"}],"wp:term":[{"taxonomy":"brand","embeddable":true,"href":"https:\/\/dizalica.hr\/de\/wp-json\/wp\/v2\/etheme_brands?post=37390"},{"taxonomy":"product_brand","embeddable":true,"href":"https:\/\/dizalica.hr\/de\/wp-json\/wp\/v2\/product_brand?post=37390"},{"taxonomy":"product_cat","embeddable":true,"href":"https:\/\/dizalica.hr\/de\/wp-json\/wp\/v2\/product_cat?post=37390"},{"taxonomy":"product_tag","embeddable":true,"href":"https:\/\/dizalica.hr\/de\/wp-json\/wp\/v2\/product_tag?post=37390"}],"curies":[{"name":"wp","href":"https:\/\/api.w.org\/{rel}","templated":true}]}}