{"id":36564,"date":"2026-05-04T03:41:01","date_gmt":"2026-05-04T01:41:01","guid":{"rendered":"https:\/\/dizalica.hr\/nekategorizirano\/vertikale-gelenk-hebeklemme-fur-bleche-und-platten-qc-a-500-5000-kg\/"},"modified":"2026-05-05T23:55:46","modified_gmt":"2026-05-05T21:55:46","slug":"vertikale-gelenk-hebeklemme-fur-bleche-und-platten-qc-a-500-5000-kg","status":"publish","type":"product","link":"https:\/\/dizalica.hr\/de\/lastaufnahmemittel\/vertikalklemmen\/vertikale-gelenk-hebeklemme-fur-bleche-und-platten-qc-a-500-5000-kg\/","title":{"rendered":"Vertikale Gelenk-Hebeklemme f\u00fcr Bleche und Platten QC-A 500-5000 kg"},"content":{"rendered":"\t\t<div data-elementor-type=\"product-post\" data-elementor-id=\"36564\" class=\"elementor elementor-36564 elementor-3859\" data-elementor-post-type=\"product\">\n\t\t\t\t<div class=\"elementor-element elementor-element-1b01f532 e-flex e-con-boxed e-con e-parent\" data-id=\"1b01f532\" data-element_type=\"container\" data-e-type=\"container\">\n\t\t\t\t\t<div class=\"e-con-inner\">\n\t\t<div class=\"elementor-element elementor-element-39f8e54 e-con-full e-flex e-con e-child\" data-id=\"39f8e54\" data-element_type=\"container\" data-e-type=\"container\">\n\t\t\t\t<div class=\"elementor-element elementor-element-eb9b109 elementor-widget elementor-widget-text-editor\" data-id=\"eb9b109\" data-element_type=\"widget\" data-e-type=\"widget\" data-widget_type=\"text-editor.default\">\n\t\t\t\t<div class=\"elementor-widget-container\">\n\t\t\t\t\t\t\t\t\t<h2 class=\"nabrajanje\">Vertikale Gelenk-Hebeklemme QC-A<\/h2>\n<h3>Produktbeschreibung<\/h3>\nDie vertikale Gelenk-Hebeklemme QC-A ist eine erstklassige L\u00f6sung f\u00fcr das sichere Heben und Handling von Stahlplatten und Blechen in vertikaler Position. Diese Hebeklemme zeichnet sich durch ein gelenkiges Aufh\u00e4ngeauge aus, das Flexibilit\u00e4t bei der Arbeit erm\u00f6glicht, sowie durch einen zus\u00e4tzlichen Sicherheitsmechanismus mit einem Hebel zur Verriegelung der Backen.\n<h3>Hauptmerkmale<\/h3>\n<h4>Gelenkiges Aufh\u00e4ngeauge<\/h4>\nDie gelenkige Konstruktion des Aufh\u00e4ngeauges erlaubt die Aufnahme von Platten in verschiedenen Winkeln und erleichtert die Verwendung mehrerer Hebeklemmen an einer einzigen Anschlagkette. Diese Eigenschaft gew\u00e4hrleistet eine optimale Greifkraft, selbst beim Heben unter Schr\u00e4glage.\n<h4>Sicherheitsmechanismus<\/h4>\nDie Hebeklemme ist mit einem Mechanismus ausgestattet, der die Backen im geschlossenen Zustand zus\u00e4tzlich durch einen Hebel verriegelt. Dieses System bietet doppelten Schutz \u2013 neben dem automatischen Selbstschlie\u00dfen gibt es eine mechanische Blockierung, die manuell aktiviert wird.\n<h4>Selbstschlie\u00dfprinzip<\/h4>\nJe schwerer die Last, desto st\u00e4rker ist der automatische Druck der Backen. Dieses Prinzip garantiert maximale Sicherheit, da ein unbeabsichtigtes \u00d6ffnen w\u00e4hrend des Hebevorgangs ausgeschlossen ist.\t\t\t\t\t\t\t\t<\/div>\n\t\t\t\t<\/div>\n\t\t\t\t<div class=\"elementor-element elementor-element-3d43b6e elementor-widget elementor-widget-text-editor\" data-id=\"3d43b6e\" data-element_type=\"widget\" data-e-type=\"widget\" data-widget_type=\"text-editor.default\">\n\t\t\t\t<div class=\"elementor-widget-container\">\n\t\t\t\t\t\t\t\t\t<div class=\"nabrajanje\"><h2>Anwendung der Hebeklemme QC-A<\/h2><ul><li>Heben von Stahlplatten in der Metallverarbeitungsindustrie<\/li><li>Transport von Blechen in Lagern<\/li><li>Montagearbeiten an Stahlkonstruktionen<\/li><li>Be- und Entladen von Blechen auf LKW<\/li><li>Stapeln von Blechen in Produktionsprozessen<\/li><\/ul><\/div>\t\t\t\t\t\t\t\t<\/div>\n\t\t\t\t<\/div>\n\t\t\t\t<div class=\"elementor-element elementor-element-a311a06 elementor-widget elementor-widget-text-editor\" data-id=\"a311a06\" data-element_type=\"widget\" data-e-type=\"widget\" data-widget_type=\"text-editor.default\">\n\t\t\t\t<div class=\"elementor-widget-container\">\n\t\t\t\t\t\t\t\t\t<div class=\"nabrajanje\"><h2>Gebrauchsanweisung<\/h2><p>\u2713 Reinigen Sie vor Gebrauch die Oberfl\u00e4che der Stahlplatte von \u00d6l und Verschmutzungen<br \/>\u2713 \u00dcberpr\u00fcfen Sie, ob die \u00d6ffnung der Backe der Materialst\u00e4rke entspricht<br \/>\u2713 Setzen Sie die Hebeklemme senkrecht an die Kante der Platte<br \/>\u2713 Aktivieren Sie den Sicherheitsmechanismus durch Drehen des Griffs<br \/>\u2713 Heben Sie die Last langsam und gleichm\u00e4\u00dfig an<br \/>\u2713 \u00dcberschreiten Sie nicht die angegebene Tragf\u00e4higkeit<\/p><h2>Wartung<\/h2><p>Es wird empfohlen, die beweglichen Teile regelm\u00e4\u00dfig zu reinigen und zu schmieren. Eine j\u00e4hrliche \u00dcberpr\u00fcfung des Zustands der Hebeklemme und der Sicherheitsmechanismen gem\u00e4\u00df den Arbeitsschutzvorschriften ist verpflichtend.<\/p><\/div>\t\t\t\t\t\t\t\t<\/div>\n\t\t\t\t<\/div>\n\t\t\t\t<\/div>\n\t\t<div class=\"elementor-element elementor-element-4603d18 e-con-full e-flex e-con e-child\" data-id=\"4603d18\" data-element_type=\"container\" data-e-type=\"container\">\n\t\t\t\t<div class=\"elementor-element elementor-element-d11f901 elementor-widget elementor-widget-text-editor\" data-id=\"d11f901\" data-element_type=\"widget\" data-e-type=\"widget\" data-widget_type=\"text-editor.default\">\n\t\t\t\t<div class=\"elementor-widget-container\">\n\t\t\t\t\t\t\t\t\t<div class=\"nabrajanje\"><h2 class=\"nabrajanje\">Technische Spezifikationen<\/h2><\/div>\t\t\t\t\t\t\t\t<\/div>\n\t\t\t\t<\/div>\n\t\t\t\t<div class=\"elementor-element elementor-element-7cfde29 elementor-widget elementor-widget-text-editor\" data-id=\"7cfde29\" data-element_type=\"widget\" data-e-type=\"widget\" data-widget_type=\"text-editor.default\">\n\t\t\t\t<div class=\"elementor-widget-container\">\n\t\t\t\t\t\t\t\t\t<div class=\"table-wrap\">\n<table class=\"styled-table\" role=\"table\" aria-label=\"Eigenschaften der vertikalen Hebeklemmen f\u00fcr Stahlplatten\">\n<thead>\n<tr>\n<th scope=\"col\">Spezifikationen<\/th>\n<th scope=\"col\">Vertikale Hebeklemmen f\u00fcr Stahlplatten<\/th>\n<\/tr>\n<\/thead>\n<tbody>\n<tr>\n<td>Einsatzbereich<\/td>\n<td>Vertikales Heben von Stahlplatten<\/td>\n<\/tr>\n<tr>\n<td>Hebemechanismus<\/td>\n<td>Kugelgelenk-Aufh\u00e4ngung mit Sicherheitsverriegelung<\/td>\n<\/tr>\n<tr>\n<td>Lastmaterial (Anforderung)<\/td>\n<td>H\u00e4rte mind. HRC37<\/td>\n<\/tr>\n<tr>\n<td>Mindestlastgewicht<\/td>\n<td>mind. 10 % der Tragf\u00e4higkeit der Hebeklemme<\/td>\n<\/tr>\n<tr>\n<td>Norm und Sicherheit<\/td>\n<td>Norm EN 13155<\/td>\n<\/tr>\n<tr>\n<td>Service und Support<\/td>\n<td>Verf\u00fcgbare Ersatzteile<\/td>\n<\/tr>\n<tr>\n<td>Material der Hebeklemme<\/td>\n<td>Hochwertiger legierter Stahl<\/td>\n<\/tr>\n<tr>\n<td>Oberfl\u00e4chenh\u00e4rte des Materials<\/td>\n<td>Bis HRC 30<\/td>\n<\/tr>\n<tr>\n<td>Zertifikat<\/td>\n<td>EN 13155, CE-Kennzeichnung<\/td>\n<\/tr>\n<\/tbody>\n<\/table>\n<\/div>\t\t\t\t\t\t\t\t<\/div>\n\t\t\t\t<\/div>\n\t\t\t\t<div class=\"elementor-element elementor-element-5b26c24 elementor-widget elementor-widget-text-editor\" data-id=\"5b26c24\" data-element_type=\"widget\" data-e-type=\"widget\" data-widget_type=\"text-editor.default\">\n\t\t\t\t<div class=\"elementor-widget-container\">\n\t\t\t\t\t\t\t\t\t<h2>Technische Daten<\/h2>\t\t\t\t\t\t\t\t<\/div>\n\t\t\t\t<\/div>\n\t\t\t\t<div class=\"elementor-element elementor-element-507aaac elementor-widget elementor-widget-text-editor\" data-id=\"507aaac\" data-element_type=\"widget\" data-e-type=\"widget\" data-widget_type=\"text-editor.default\">\n\t\t\t\t<div class=\"elementor-widget-container\">\n\t\t\t\t\t\t\t\t\t<div class=\"table-wrap\">\n<table class=\"styled-table\" role=\"table\" aria-label=\"Spezifikationen der Hebeklemmen (C-Haken)\">\n<thead>\n<tr>\n<th scope=\"col\">Tragf\u00e4higkeit (WLL)<\/th>\n<th scope=\"col\">Backen\u00f6ffnung<\/th>\n<th scope=\"col\">Abmessungen (B x H x T)<\/th>\n<th scope=\"col\">Gewicht<\/th>\n<\/tr>\n<\/thead>\n<tbody>\n<tr>\n<td>500 kg<\/td>\n<td>0-20 mm<\/td>\n<td>120 x 250 x 60 mm<\/td>\n<td>3,5 kg<\/td>\n<\/tr>\n<tr>\n<td>1000 kg<\/td>\n<td>0-25 mm<\/td>\n<td>145 x 290 x 75 mm<\/td>\n<td>5,8 kg<\/td>\n<\/tr>\n<tr>\n<td>2000 kg<\/td>\n<td>0-30 mm<\/td>\n<td>180 x 350 x 90 mm<\/td>\n<td>9,2 kg<\/td>\n<\/tr>\n<tr>\n<td>3000 kg<\/td>\n<td>0-35 mm<\/td>\n<td>210 x 410 x 105 mm<\/td>\n<td>14 kg<\/td>\n<\/tr>\n<tr>\n<td>5000 kg<\/td>\n<td>0-40 mm<\/td>\n<td>250 x 490 x 125 mm<\/td>\n<td>22 kg<\/td>\n<\/tr>\n<\/tbody>\n<tfoot>\n<tr>\n<td colspan=\"4\">Spezifikationen der C-Haken Hebeklemmen nach Tragf\u00e4higkeit (WLL).<\/td>\n<\/tr>\n<\/tfoot>\n<\/table>\n<\/div>\t\t\t\t\t\t\t\t<\/div>\n\t\t\t\t<\/div>\n\t\t\t\t<\/div>\n\t\t\t\t\t<\/div>\n\t\t\t\t<\/div>\n\t\t\t\t<\/div>\n\t\t","protected":false},"excerpt":{"rendered":"<p>Vertikale Gelenk-Hebeklemmen f\u00fcr Stahlplatten erm\u00f6glichen sicheres Heben und vertikale Positionierung von Stahlplatten mit zus\u00e4tzlicher Flexibilit\u00e4t durch die Gelenkaufh\u00e4ngung. Dank der Sicherheitsverriegelung und des selbstschlie\u00dfenden Mechanismus gew\u00e4hrleisten die Hebeklemmen einen stabilen Halt auch unter anspruchsvollen Arbeitsbedingungen, w\u00e4hrend die zertifizierte Konstruktion gem\u00e4\u00df EN 13155 maximale Sicherheit bei professioneller Nutzung garantiert.<\/p>\n<ul class=\"nabrajanje\">\n<li>Tragf\u00e4higkeiten: 500\u20135000 kg<\/li>\n<li>Backen\u00f6ffnung: 0\u201315 mm<\/li>\n<li>Minimale Materialh\u00e4rte: HRC 37<\/li>\n<li>Minimales Lastgewicht: 10 % der Tragf\u00e4higkeit<\/li>\n<li>Norm: EN 13155<\/li>\n<\/ul>\n","protected":false},"featured_media":30774,"comment_status":"open","ping_status":"closed","template":"","meta":[],"etheme_brands":[{"term_id":42,"name":"Gutman","slug":"gutman","term_group":0,"term_taxonomy_id":42,"taxonomy":"brand","description":"","parent":0,"count":345,"filter":"raw","term_order":"0"}],"product_brand":[],"product_cat":[908,917],"product_tag":[390,431],"class_list":{"0":"post-36564","1":"product","2":"type-product","3":"status-publish","4":"has-post-thumbnail","6":"brand-gutman","7":"product_cat-lastaufnahmemittel-01","8":"product_cat-vertikalklemmen-01","9":"product_tag-en-13155","10":"product_tag-teska-industrijska-dizanja","11":"product_shipping_class-dostava","13":"first","14":"outofstock","15":"taxable","16":"shipping-taxable","17":"purchasable","18":"product-type-variable","19":"has-default-attributes"},"_links":{"self":[{"href":"https:\/\/dizalica.hr\/de\/wp-json\/wp\/v2\/product\/36564","targetHints":{"allow":["GET"]}}],"collection":[{"href":"https:\/\/dizalica.hr\/de\/wp-json\/wp\/v2\/product"}],"about":[{"href":"https:\/\/dizalica.hr\/de\/wp-json\/wp\/v2\/types\/product"}],"replies":[{"embeddable":true,"href":"https:\/\/dizalica.hr\/de\/wp-json\/wp\/v2\/comments?post=36564"}],"version-history":[{"count":0,"href":"https:\/\/dizalica.hr\/de\/wp-json\/wp\/v2\/product\/36564\/revisions"}],"wp:featuredmedia":[{"embeddable":true,"href":"https:\/\/dizalica.hr\/de\/wp-json\/wp\/v2\/media\/30774"}],"wp:attachment":[{"href":"https:\/\/dizalica.hr\/de\/wp-json\/wp\/v2\/media?parent=36564"}],"wp:term":[{"taxonomy":"brand","embeddable":true,"href":"https:\/\/dizalica.hr\/de\/wp-json\/wp\/v2\/etheme_brands?post=36564"},{"taxonomy":"product_brand","embeddable":true,"href":"https:\/\/dizalica.hr\/de\/wp-json\/wp\/v2\/product_brand?post=36564"},{"taxonomy":"product_cat","embeddable":true,"href":"https:\/\/dizalica.hr\/de\/wp-json\/wp\/v2\/product_cat?post=36564"},{"taxonomy":"product_tag","embeddable":true,"href":"https:\/\/dizalica.hr\/de\/wp-json\/wp\/v2\/product_tag?post=36564"}],"curies":[{"name":"wp","href":"https:\/\/api.w.org\/{rel}","templated":true}]}}