{"id":36523,"date":"2026-05-03T14:51:33","date_gmt":"2026-05-03T12:51:33","guid":{"rendered":"https:\/\/dizalica.hr\/nekategorizirano\/transportrollen-6t-feste-rollen-zum-bewegen-von-lasten-bis-6-tonnen\/"},"modified":"2026-05-05T23:55:49","modified_gmt":"2026-05-05T21:55:49","slug":"transportrollen-6t-feste-rollen-zum-bewegen-von-lasten-bis-6-tonnen","status":"publish","type":"product","link":"https:\/\/dizalica.hr\/de\/transportfahrwerke-und-sackkarren\/transportrollen-6t-feste-rollen-zum-bewegen-von-lasten-bis-6-tonnen\/","title":{"rendered":"Transportrollen 6T \u2013 feste Rollen zum Bewegen von Lasten bis 6 Tonnen"},"content":{"rendered":"\t\t<div data-elementor-type=\"product-post\" data-elementor-id=\"36523\" class=\"elementor elementor-36523 elementor-4037\" data-elementor-post-type=\"product\">\n\t\t\t\t<div class=\"elementor-element elementor-element-58a7cfa3 e-flex e-con-boxed e-con e-parent\" data-id=\"58a7cfa3\" data-element_type=\"container\" data-e-type=\"container\">\n\t\t\t\t\t<div class=\"e-con-inner\">\n\t\t<div class=\"elementor-element elementor-element-d37ff82 e-con-full e-flex e-con e-child\" data-id=\"d37ff82\" data-element_type=\"container\" data-e-type=\"container\">\n\t\t\t\t<div class=\"elementor-element elementor-element-62c4cb2 elementor-widget elementor-widget-text-editor\" data-id=\"62c4cb2\" data-element_type=\"widget\" data-e-type=\"widget\" data-widget_type=\"text-editor.default\">\n\t\t\t\t<div class=\"elementor-widget-container\">\n\t\t\t\t\t\t\t\t\t<p>Transportrollen 6T mit festen R\u00e4dern sind f\u00fcr den geradlinigen horizontalen Transport schwerer Lasten bis zu 6 Tonnen ausgelegt. Die verst\u00e4rkte Konstruktion aus geschmiedetem Stahl und die langlebigen Polyurethanr\u00e4der erm\u00f6glichen eine sichere Bewegung gro\u00dfer Industriemaschinen, schwerer Container, Transformatoren und anderer Ausr\u00fcstungen, f\u00fcr die 3-Tonnen-Modelle nicht ausreichen. Die festen R\u00e4der gew\u00e4hrleisten eine stabile Bewegung in eine Richtung \u2013 ohne Abdriften oder unerw\u00fcnschtes Verschieben unter hoher Last.<\/p>\t\t\t\t\t\t\t\t<\/div>\n\t\t\t\t<\/div>\n\t\t\t\t<div class=\"elementor-element elementor-element-fcbfe3d elementor-widget elementor-widget-text-editor\" data-id=\"fcbfe3d\" data-element_type=\"widget\" data-e-type=\"widget\" data-widget_type=\"text-editor.default\">\n\t\t\t\t<div class=\"elementor-widget-container\">\n\t\t\t\t\t\t\t\t\t<h2>Hauptmerkmale<\/h2>\n\n<ul class=\"nabrajanje\">\n<li><strong>Tragf\u00e4higkeit bis zu 6 Tonnen<\/strong> \u2013 doppelte Tragf\u00e4higkeit im Vergleich zu 3T-Modellen, geeignet f\u00fcr schwerste Industriemaschinen und Ausr\u00fcstung<\/li>\n<li><strong>Feste R\u00e4der<\/strong> \u2013 maximale Stabilit\u00e4t unter hoher Last, geradlinige Bewegung ohne Abweichungen<\/li>\n<li><strong>Verst\u00e4rkte Stahlkonstruktion<\/strong> \u2013 geschmiedeter Stahl ausgelegt f\u00fcr Lasten bis 6.000 kg ohne Verformung<\/li>\n<li><strong>Rutschfeste Gummiauflage<\/strong> \u2013 verhindert das Verrutschen und Verschieben der Last w\u00e4hrend des Transports<\/li>\n<li><strong>Polyurethan-R\u00e4der<\/strong> \u2013 hinterlassen keine Spuren auf Beton, Epoxidharz und Industrieb\u00f6den<\/li>\n<li><strong>Wartungsfrei<\/strong> \u2013 robuste Konstruktion, die keine Schmierung oder Teileaustausch erfordert<\/li>\n<\/ul>\t\t\t\t\t\t\t\t<\/div>\n\t\t\t\t<\/div>\n\t\t\t\t<div class=\"elementor-element elementor-element-01d5f2b elementor-widget elementor-widget-text-editor\" data-id=\"01d5f2b\" data-element_type=\"widget\" data-e-type=\"widget\" data-widget_type=\"text-editor.default\">\n\t\t\t\t<div class=\"elementor-widget-container\">\n\t\t\t\t\t\t\t\t\t<h2>Anwendung<\/h2>\n\n<p>Feste Transportrollen 6T werden f\u00fcr den geradlinigen Transport der schwersten Industrieausr\u00fcstung eingesetzt:<\/p>\n\n<ul class=\"nabrajanje\">\n<li>Verschiebung von CNC-Bearbeitungszentren, Pressen und schweren Werkzeugmaschinen (3\u20136 Tonnen)<\/li>\n<li>Transport gro\u00dfer Transformatoren, Generatoren und Energieanlagen<\/li>\n<li>Einziehen schwerer Container und Kisten aus LKWs in Lagerbereiche<\/li>\n<li>Verschiebung von Schiffsmotoren und schwerer Ausr\u00fcstung in Werften<\/li>\n<li>Umstrukturierung von Produktionslinien mit schweren Maschinen in der Metallverarbeitungsindustrie<\/li>\n<li>Positionierung von Betonelementen und Fertigteilen im Bauwesen<\/li>\n<\/ul>\t\t\t\t\t\t\t\t<\/div>\n\t\t\t\t<\/div>\n\t\t\t\t<div class=\"elementor-element elementor-element-5447fd3 elementor-widget elementor-widget-text-editor\" data-id=\"5447fd3\" data-element_type=\"widget\" data-e-type=\"widget\" data-widget_type=\"text-editor.default\">\n\t\t\t\t<div class=\"elementor-widget-container\">\n\t\t\t\t\t\t\t\t\t<h2>Wann sollten Sie 6T statt 3T w\u00e4hlen?<\/h2>\n\n<p>W\u00e4hlen Sie 6-Tonnen-Festrollen, wenn:<\/p>\n\n<ul class=\"nabrajanje\">\n<li>Die einzelne Last 3.000 kg \u00fcbersteigt oder wenn Sie einen h\u00f6heren Sicherheitsfaktor f\u00fcr Lasten nahe 3T w\u00fcnschen<\/li>\n<li>Sie eine geringere Anzahl von Rollen verwenden m\u00f6chten \u2013 z.B. 3 Rollen mit 6T tragen insgesamt 18 Tonnen statt 9 Tonnen bei 3T-Modellen<\/li>\n<li>Die Last auf einem kleinen Bereich konzentriert ist \u2013 eine h\u00f6here Tragf\u00e4higkeit pro Rolle bedeutet eine geringere Belastung jeder einzelnen Rolle<\/li>\n<li>Sie mit schweren Industriemaschinen, Transformatoren oder Schiffsausr\u00fcstung arbeiten<\/li>\n<\/ul>\n\n<p>F\u00fcr leichtere Lasten bis zu 3 Tonnen sind die kosteng\u00fcnstigeren 3-Tonnen-Modelle ausreichend.<\/p>\t\t\t\t\t\t\t\t<\/div>\n\t\t\t\t<\/div>\n\t\t\t\t<div class=\"elementor-element elementor-element-cc03e1b elementor-widget elementor-widget-text-editor\" data-id=\"cc03e1b\" data-element_type=\"widget\" data-e-type=\"widget\" data-widget_type=\"text-editor.default\">\n\t\t\t\t<div class=\"elementor-widget-container\">\n\t\t\t\t\t\t\t\t\t<h2>Optimale Kombination mit Lenkrollen<\/h2>\n\n<p>F\u00fcr den effizientesten Transport schwerer Lasten empfehlen wir die Kombination aus festen und lenkbaren Rollen:<\/p>\n\n<ul class=\"nabrajanje\">\n<li><strong>Feste Rollen 6T hinten (2-3 St\u00fcck)<\/strong> \u2013 f\u00fcr stabile F\u00fchrung und Tragf\u00e4higkeit<\/li>\n<li><strong>Lenkrolle 6T vorne (1 St\u00fcck)<\/strong> \u2013 zur Steuerung der Fahrtrichtung<\/li>\n<\/ul>\n\n<p>Diese Anordnung gew\u00e4hrleistet maximale Stabilit\u00e4t der festen Rollen bei gleichzeitiger Lenkbarkeit durch die Lenkrolle an der Vorderseite der Last.<\/p>\t\t\t\t\t\t\t\t<\/div>\n\t\t\t\t<\/div>\n\t\t\t\t<div class=\"elementor-element elementor-element-c3e0f24 elementor-widget elementor-widget-text-editor\" data-id=\"c3e0f24\" data-element_type=\"widget\" data-e-type=\"widget\" data-widget_type=\"text-editor.default\">\n\t\t\t\t<div class=\"elementor-widget-container\">\n\t\t\t\t\t\t\t\t\t<h2>Alle angebotenen Transportrollen<\/h2>\n<div class=\"table-wrap\">\n<table class=\"styled-table\" role=\"table\" aria-label=\"Alle angebotenen Transportrollen\">\n<thead>\n<tr>\n<th scope=\"col\" style=\"width: 40%; text-align: left;\">Modell<\/th>\n<th scope=\"col\" style=\"width: 20%; text-align: center;\">Tragf\u00e4higkeit<\/th>\n<th scope=\"col\" style=\"width: 20%; text-align: center;\">Typ<\/th>\n<th scope=\"col\" style=\"width: 20%; text-align: center;\">UVP Preis<\/th>\n<\/tr>\n<\/thead>\n<tbody>\n<tr>\n<td style=\"text-align: left;\"><a class=\"link1\" href=\"https:\/\/dizalica.hr\/teretni-valjci-i-rudle\/transportni-valjci\/transportni-valjci-3t-fiksni-kotaci\/\">Transportrollen 3T \u2013 feststehend<\/a><\/td>\n<td style=\"text-align: center;\">3.000 kg<\/td>\n<td style=\"text-align: center;\">Feststehend<\/td>\n<td style=\"text-align: center;\">110,00 \u20ac<\/td>\n<\/tr>\n<tr>\n<td style=\"text-align: left;\"><a class=\"link1\" href=\"https:\/\/dizalica.hr\/teretni-valjci-i-rudle\/transportni-valjci\/okretni-transportni-valjci-3t\/\">Drehbare Transportrollen 3T<\/a><\/td>\n<td style=\"text-align: center;\">3.000 kg<\/td>\n<td style=\"text-align: center;\">Drehbar 360\u00b0<\/td>\n<td style=\"text-align: center;\">132,00 \u20ac<\/td>\n<\/tr>\n<tr>\n<td style=\"text-align: left;\"><strong>Transportrollen 6T \u2013 feststehend (dieses Produkt)<\/strong><\/td>\n<td style=\"text-align: center;\">6.000 kg<\/td>\n<td style=\"text-align: center;\">Feststehend<\/td>\n<td style=\"text-align: center;\">140,00 \u20ac<\/td>\n<\/tr>\n<tr>\n<td style=\"text-align: left;\"><a class=\"link1\" href=\"https:\/\/dizalica.hr\/teretni-valjci-i-rudle\/transportni-valjci\/okretni-transportni-valjci-6t\/\">Drehbare Transportrollen 6T<\/a><\/td>\n<td style=\"text-align: center;\">6.000 kg<\/td>\n<td style=\"text-align: center;\">Drehbar 360\u00b0<\/td>\n<td style=\"text-align: center;\">396,00 \u20ac<\/td>\n<\/tr>\n<\/tbody>\n<\/table>\n<\/div>\t\t\t\t\t\t\t\t<\/div>\n\t\t\t\t<\/div>\n\t\t\t\t<div class=\"elementor-element elementor-element-251fb98 elementor-widget elementor-widget-text-editor\" data-id=\"251fb98\" data-element_type=\"widget\" data-e-type=\"widget\" data-widget_type=\"text-editor.default\">\n\t\t\t\t<div class=\"elementor-widget-container\">\n\t\t\t\t\t\t\t\t\t<h2>Passendes Zubeh\u00f6r<\/h2>\n\n<p>\n<a class=\"link1\" href=\"https:\/\/dizalica.hr\/teretni-valjci-i-rudle\/transportni-valjci\/\">Alle Transportrollen<\/a> \u2013 umfassendes Angebot an festen und drehbaren Modellen mit 3T und 6T Tragf\u00e4higkeit<br>\n<a class=\"link1\" href=\"https:\/\/dizalica.hr\/teretni-valjci-i-rudle\/transportni-valjci\/okretni-transportni-valjci-6t\/\">Drehbare Transportrollen 6T<\/a> \u2013 f\u00fcr das Man\u00f6vrieren von Lasten bis zu 6 Tonnen in alle Richtungen<br>\n<a class=\"link1\" href=\"https:\/\/dizalica.hr\/teretni-valjci-i-rudle\/rucna-transportna-kolica\/\">Handtransportwagen (Rudle)<\/a> \u2013 f\u00fcr den manuellen Transport leichter Lasten bis 250 kg<br>\n<a class=\"link1\" href=\"https:\/\/dizalica.hr\/rucne-elektricne-dizalice\/rucne-lancane-dizalice\/\">Handkettenz\u00fcge (Flaschenz\u00fcge)<\/a> \u2013 zum Heben von Lasten beim Aufsetzen auf Rollen<br>\n<a class=\"link1\" href=\"https:\/\/dizalica.hr\/rucne-elektricne-dizalice\/radionicke-dizalice\/\">Werkstattkr\u00e4ne<\/a> \u2013 zum Heben und Positionieren schwerer Maschinen\n<\/p>\t\t\t\t\t\t\t\t<\/div>\n\t\t\t\t<\/div>\n\t\t\t\t<\/div>\n\t\t<div class=\"elementor-element elementor-element-caa26d2 e-con-full e-flex e-con e-child\" data-id=\"caa26d2\" data-element_type=\"container\" data-e-type=\"container\">\n\t\t\t\t<div class=\"elementor-element elementor-element-8be35cf elementor-widget elementor-widget-text-editor\" data-id=\"8be35cf\" data-element_type=\"widget\" data-e-type=\"widget\" data-widget_type=\"text-editor.default\">\n\t\t\t\t<div class=\"elementor-widget-container\">\n\t\t\t\t\t\t\t\t\t<h2>Technische Spezifikationen &#8211; Transportrolle 6T feststehend<\/h2>\n<div class=\"table-wrap\">\n<table class=\"styled-table\" role=\"table\" aria-label=\"Technische Spezifikationen der Transportrolle 6T feststehend\">\n<thead>\n<tr>\n<th scope=\"col\" style=\"width: 40%; text-align: left;\">Eigenschaft<\/th>\n<th scope=\"col\" style=\"width: 60%; text-align: left;\">Wert<\/th>\n<\/tr>\n<\/thead>\n<tbody>\n<tr>\n<td style=\"text-align: left;\"><strong>Tragf\u00e4higkeit<\/strong><\/td>\n<td style=\"text-align: left;\">6.000 kg (6 Tonnen)<\/td>\n<\/tr>\n<tr>\n<td style=\"text-align: left;\"><strong>Radtyp<\/strong><\/td>\n<td style=\"text-align: left;\">Feststehend \u2013 Vorw\u00e4rts-R\u00fcckw\u00e4rts-Bewegung<\/td>\n<\/tr>\n<tr>\n<td style=\"text-align: left;\"><strong>Material der Konstruktion<\/strong><\/td>\n<td style=\"text-align: left;\">Geschmiedeter Stahl \u2013 verst\u00e4rkte Ausf\u00fchrung<\/td>\n<\/tr>\n<tr>\n<td style=\"text-align: left;\"><strong>Radmaterial<\/strong><\/td>\n<td style=\"text-align: left;\">Polyurethan \u2013 bodenschonend<\/td>\n<\/tr>\n<tr>\n<td style=\"text-align: left;\"><strong>Unterlage<\/strong><\/td>\n<td style=\"text-align: left;\">Rutschfeste Gummiauflage<\/td>\n<\/tr>\n<tr>\n<td style=\"text-align: left;\"><strong>Wartung<\/strong><\/td>\n<td style=\"text-align: left;\">Nicht erforderlich<\/td>\n<\/tr>\n<\/tbody>\n<\/table>\n<\/div>\t\t\t\t\t\t\t\t<\/div>\n\t\t\t\t<\/div>\n\t\t\t\t<\/div>\n\t\t\t\t\t<\/div>\n\t\t\t\t<\/div>\n\t\t\t\t<\/div>\n\t\t","protected":false},"excerpt":{"rendered":"<p>Feste Transportrollen mit einer Tragf\u00e4higkeit von 6 Tonnen zum Bewegen schwerer Maschinen und Industrieanlagen in gerader Linie. Hergestellt aus robustem geschmiedetem Stahl mit rutschfester Gummiauflage und Polyurethanr\u00e4dern, die den Boden nicht besch\u00e4digen. Verst\u00e4rkte Konstruktion f\u00fcr anspruchsvollste industrielle Anwendungen \u2013 Produktionsst\u00e4tten, Lagerhallen, Montagehallen und Werften.<\/p>\n","protected":false},"featured_media":4038,"comment_status":"open","ping_status":"closed","template":"","meta":[],"etheme_brands":[{"term_id":42,"name":"Gutman","slug":"gutman","term_group":0,"term_taxonomy_id":42,"taxonomy":"brand","description":"","parent":0,"count":312,"filter":"raw","term_order":"0"}],"product_brand":[],"product_cat":[877,875],"product_tag":[409,428],"class_list":{"0":"post-36523","1":"product","2":"type-product","3":"status-publish","4":"has-post-thumbnail","6":"brand-gutman","7":"product_cat-transportfahrwerke-und-sackkarren-01","8":"product_cat-transportfahrwerke-01","9":"product_tag-en-iso-12100","10":"product_tag-servis-i-odrzavanje-strojeva","11":"product_shipping_class-dostava","13":"first","14":"instock","15":"taxable","16":"shipping-taxable","17":"purchasable","18":"product-type-simple"},"_links":{"self":[{"href":"https:\/\/dizalica.hr\/de\/wp-json\/wp\/v2\/product\/36523","targetHints":{"allow":["GET"]}}],"collection":[{"href":"https:\/\/dizalica.hr\/de\/wp-json\/wp\/v2\/product"}],"about":[{"href":"https:\/\/dizalica.hr\/de\/wp-json\/wp\/v2\/types\/product"}],"replies":[{"embeddable":true,"href":"https:\/\/dizalica.hr\/de\/wp-json\/wp\/v2\/comments?post=36523"}],"version-history":[{"count":0,"href":"https:\/\/dizalica.hr\/de\/wp-json\/wp\/v2\/product\/36523\/revisions"}],"wp:featuredmedia":[{"embeddable":true,"href":"https:\/\/dizalica.hr\/de\/wp-json\/wp\/v2\/media\/4038"}],"wp:attachment":[{"href":"https:\/\/dizalica.hr\/de\/wp-json\/wp\/v2\/media?parent=36523"}],"wp:term":[{"taxonomy":"brand","embeddable":true,"href":"https:\/\/dizalica.hr\/de\/wp-json\/wp\/v2\/etheme_brands?post=36523"},{"taxonomy":"product_brand","embeddable":true,"href":"https:\/\/dizalica.hr\/de\/wp-json\/wp\/v2\/product_brand?post=36523"},{"taxonomy":"product_cat","embeddable":true,"href":"https:\/\/dizalica.hr\/de\/wp-json\/wp\/v2\/product_cat?post=36523"},{"taxonomy":"product_tag","embeddable":true,"href":"https:\/\/dizalica.hr\/de\/wp-json\/wp\/v2\/product_tag?post=36523"}],"curies":[{"name":"wp","href":"https:\/\/api.w.org\/{rel}","templated":true}]}}