{"id":36497,"date":"2026-05-03T14:19:00","date_gmt":"2026-05-03T12:19:00","guid":{"rendered":"https:\/\/dizalica.hr\/nekategorizirano\/rudle-200-kg-manuelles-transportwagen\/"},"modified":"2026-05-05T23:55:54","modified_gmt":"2026-05-05T21:55:54","slug":"rudle-200-kg-manuelles-transportwagen","status":"publish","type":"product","link":"https:\/\/dizalica.hr\/de\/transportfahrwerke-und-sackkarren\/rudle-200-kg-manuelles-transportwagen\/","title":{"rendered":"Rudle 200 kg \u2013 manuelles Transportwagen"},"content":{"rendered":"\t\t<div data-elementor-type=\"product-post\" data-elementor-id=\"36497\" class=\"elementor elementor-36497 elementor-15735\" data-elementor-post-type=\"product\">\n\t\t\t\t<div class=\"elementor-element elementor-element-3709b000 e-flex e-con-boxed e-con e-parent\" data-id=\"3709b000\" data-element_type=\"container\" data-e-type=\"container\">\n\t\t\t\t\t<div class=\"e-con-inner\">\n\t\t\t\t<div class=\"elementor-element elementor-element-33d68de2 elementor-widget elementor-widget-text-editor\" data-id=\"33d68de2\" data-element_type=\"widget\" data-e-type=\"widget\" data-widget_type=\"text-editor.default\">\n\t\t\t\t<div class=\"elementor-widget-container\">\n\t\t\t\t\t\t\t\t\t<h2>Produktbeschreibung &#8211; Rudle 200kg<\/h2>\n<p>Wir pr\u00e4sentieren Ihnen die <strong>Rudle mit einer Tragf\u00e4higkeit von 200 kg<\/strong> \u2013 die perfekte L\u00f6sung f\u00fcr den m\u00fchelosen t\u00e4glichen Transport von Lasten. Diese <strong>Handtransportwagen<\/strong> sind f\u00fcr maximale Funktionalit\u00e4t, Sicherheit und Langlebigkeit konzipiert.<\/p>\n<p>Hergestellt aus hochwertigen Materialien, h\u00e4lt unsere <strong>Rudle<\/strong> jahrelanger intensiver Nutzung stand. Die Stahlrohrkonstruktion mit einem Durchmesser von \u00d8 25 mm gew\u00e4hrleistet Stabilit\u00e4t und Zuverl\u00e4ssigkeit, w\u00e4hrend die rutschfesten Gummigriffe einen sicheren Halt beim Transport von Lasten bis zu 200 Kilogramm bieten.<\/p>\n<p><strong>Luftbereifte R\u00e4der<\/strong> sorgen f\u00fcr ausgezeichnete D\u00e4mpfung und erm\u00f6glichen ein sanftes Fahren auf allen Untergr\u00fcnden \u2013 von glattem Beton bis hin zu unebenem Gel\u00e4nde. Hochwertige Kugellager garantieren eine leise und pr\u00e4zise Fahrt ohne Ruckeln.<\/p>\t\t\t\t\t\t\t\t<\/div>\n\t\t\t\t<\/div>\n\t\t<div class=\"elementor-element elementor-element-1bc000c e-con-full e-flex e-con e-child\" data-id=\"1bc000c\" data-element_type=\"container\" data-e-type=\"container\">\n\t\t<div class=\"elementor-element elementor-element-d513c3d e-con-full e-flex e-con e-child\" data-id=\"d513c3d\" data-element_type=\"container\" data-e-type=\"container\">\n\t\t\t\t<div class=\"elementor-element elementor-element-97022a7 elementor-widget elementor-widget-text-editor\" data-id=\"97022a7\" data-element_type=\"widget\" data-e-type=\"widget\" data-widget_type=\"text-editor.default\">\n\t\t\t\t<div class=\"elementor-widget-container\">\n\t\t\t\t\t\t\t\t\t<p><strong>Warum sollten Sie unsere Rudle 200kg kaufen?<\/strong><\/p><ul><li>Optimales Preis-Leistungs-Verh\u00e4ltnis<\/li><li>Kompakte Abmessungen f\u00fcr einfache Lagerung<\/li><li>Einfache Handhabung auch bei schwereren Lasten<\/li><li>Minimaler Wartungsaufwand<\/li><li>Vielseitige Einsatzm\u00f6glichkeiten<\/li><\/ul>\t\t\t\t\t\t\t\t<\/div>\n\t\t\t\t<\/div>\n\t\t\t\t<\/div>\n\t\t<div class=\"elementor-element elementor-element-aa32741 e-con-full e-flex e-con e-child\" data-id=\"aa32741\" data-element_type=\"container\" data-e-type=\"container\">\n\t\t\t\t<div class=\"elementor-element elementor-element-136fd72 elementor-widget elementor-widget-text-editor\" data-id=\"136fd72\" data-element_type=\"widget\" data-e-type=\"widget\" data-widget_type=\"text-editor.default\">\n\t\t\t\t<div class=\"elementor-widget-container\">\n\t\t\t\t\t\t\t\t\t<h3 class=\"font-claude-response-subheading text-text-100 mt-1 -mb-1.5\">Vorteile und Merkmale der 200kg Hebeklemme<\/h3><p class=\"font-claude-response-body whitespace-normal break-words\"><strong>Stahlkonstruktion \u00d8 25mm<\/strong> Dickere Stahlrohre als bei der Konkurrenz gew\u00e4hrleisten h\u00f6chste Stabilit\u00e4t. Die Konstruktion ist an den Schl\u00fcsselstellen verschwei\u00dft, um maximale Festigkeit und Verschlei\u00dffestigkeit zu gew\u00e4hrleisten.<br \/><strong>Rutschfeste Sicherheitsgriffe<\/strong> Ergonomisch geformte Griffe sind mit rutschfestem Material \u00fcberzogen, das auch beim Transport unter feuchten Bedingungen oder mit Handschuhen einen sicheren Griff garantiert. Die optimale Griffh\u00f6he reduziert die Belastung des R\u00fcckens.<br \/><strong>Hochwertige Kugellager<\/strong> Pr\u00e4zise gefertigte Lager erm\u00f6glichen leichtes Rollen mit minimaler Reibung. Die geschlossene Lagerkonstruktion sch\u00fctzt vor Staub- und Feuchtigkeitseintritt und verl\u00e4ngert die Lebensdauer des Produkts.<br \/><strong>Aufblasbare R\u00e4der<\/strong> Pneumatische R\u00e4der (2 bar) bieten exzellente D\u00e4mpfung beim Transport empfindlicher Lasten. Der gr\u00f6\u00dfere Raddurchmesser erleichtert das \u00dcberwinden von Schwellen und Unebenheiten. Die Gummireifen hinterlassen keine Spuren auf dem Untergrund.<br \/><strong>Leichte, aber robuste Konstruktion<\/strong> Mit einem Gewicht von nur 8 kg sind diese <strong>Transportwagen<\/strong> einfach zu tragen und zu lagern, k\u00f6nnen jedoch problemlos Lasten bis zu 200 kg tragen.<\/p>\t\t\t\t\t\t\t\t<\/div>\n\t\t\t\t<\/div>\n\t\t\t\t<\/div>\n\t\t\t\t<\/div>\n\t\t<div class=\"elementor-element elementor-element-ed0a68f e-con-full e-flex e-con e-child\" data-id=\"ed0a68f\" data-element_type=\"container\" data-e-type=\"container\">\n\t\t<div class=\"elementor-element elementor-element-23bd042 e-con-full e-flex e-con e-child\" data-id=\"23bd042\" data-element_type=\"container\" data-e-type=\"container\">\n\t\t\t\t<div class=\"elementor-element elementor-element-8686077 elementor-widget elementor-widget-text-editor\" data-id=\"8686077\" data-element_type=\"widget\" data-e-type=\"widget\" data-widget_type=\"text-editor.default\">\n\t\t\t\t<div class=\"elementor-widget-container\">\n\t\t\t\t\t\t\t\t\t<p class=\"font-claude-response-body whitespace-normal break-words\">\ud83d\udca1 <strong>Ben\u00f6tigen Sie eine h\u00f6here Tragf\u00e4higkeit?<\/strong><br \/>Sehen Sie sich unser Modell an: <em><a href=\"https:\/\/dizalica.hr\/teretni-valjci-i-rudle\/rucna-transportna-kolica\/transportna-kolica-rudle\/\"><span style=\"text-decoration: underline;\">Transportwagen Rudle 250 kg<\/span><\/a><\/em><\/p><p class=\"font-claude-response-body whitespace-normal break-words\">\ud83d\udce6 <strong>Kaufen Sie mehrere St\u00fcck?<\/strong><br \/><span style=\"text-decoration: underline;\"><a href=\"https:\/\/dizalica.hr\/kontakt\/\">Kontaktieren Sie uns<\/a><\/span> f\u00fcr ein spezielles Angebot bei gr\u00f6\u00dferen Bestellungen!<\/p><p class=\"font-claude-response-body whitespace-normal break-words\">\ud83d\ude9a <strong>Schnelle Lieferung in ganz Kroatien<\/strong><br \/>Bestellen Sie bis 14 Uhr f\u00fcr den Versand am selben Werktag!<\/p>\t\t\t\t\t\t\t\t<\/div>\n\t\t\t\t<\/div>\n\t\t\t\t<\/div>\n\t\t<div class=\"elementor-element elementor-element-91b8c7c e-con-full e-flex e-con e-child\" data-id=\"91b8c7c\" data-element_type=\"container\" data-e-type=\"container\">\n\t\t\t\t<div class=\"elementor-element elementor-element-fcc86ac elementor-widget elementor-widget-text-editor\" data-id=\"fcc86ac\" data-element_type=\"widget\" data-e-type=\"widget\" data-widget_type=\"text-editor.default\">\n\t\t\t\t<div class=\"elementor-widget-container\">\n\t\t\t\t\t\t\t\t\t<h2>Wof\u00fcr K\u00f6nnen Sie die Rudle 200kg Verwenden?<\/h2><p>Dieser Handtransportwagen ist ideal f\u00fcr zahlreiche Anwendungen:<\/p><ul><li><strong>Wohnungs- und Hausumz\u00fcge<\/strong><br \/>Transportieren Sie Haushaltsger\u00e4te, Fernseher, B\u00fccherkisten, M\u00f6bel und andere schwere Gegenst\u00e4nde ohne Risiko von R\u00fcckenverletzungen.<\/li><li><strong>Liefer- und Kurierdienste<\/strong><br \/>Perfekt f\u00fcr Zusteller, die t\u00e4glich zahlreiche Pakete transportieren. Reduzieren Sie Lieferzeiten und Mitarbeitererm\u00fcdung.<\/li><li><strong>Lagerhaltung und Logistik<\/strong><br \/>Erleichtern Sie das Bewegen von Waren im Lager. Ideal f\u00fcr Distributionszentren und Gro\u00dfhandelsgesch\u00e4fte.<\/li><li><strong>Bauarbeiten<\/strong><br \/>Transportieren Sie Zements\u00e4cke, Sand, Werkzeuge, Fliesen und weiteres Baumaterial auf der Baustelle.<\/li><li><strong>Gartenbau<\/strong><br \/>Bewegen Sie Erds\u00e4cke, D\u00fcnger, gro\u00dfe Blument\u00f6pfe, Werkzeuge und weitere Gartenausr\u00fcstung.<\/li><li><strong>Veranstaltungen und Catering<\/strong><br \/>Transportieren Sie Ausr\u00fcstung, Lebensmittel, K\u00fcchenger\u00e4te und weiteres Material, das f\u00fcr Veranstaltungen ben\u00f6tigt wird.<\/li><\/ul><p><script type=\"application\/ld+json\">\n{\n  \"@context\": \"https:\/\/schema.org\",\n  \"@type\": \"FAQPage\",\n  \"mainEntity\": {\n    \"@type\": \"Question\",\n    \"name\": \"Wof\u00fcr K\u00f6nnen Sie die Rudle 200kg Verwenden?\",\n    \"acceptedAnswer\": {\n      \"@type\": \"Answer\",\n      \"text\": \"Dieser Handtransportwagen ist ideal f\u00fcr zahlreiche Anwendungen: Wohnungs- und Hausumz\u00fcge - Transport von Haushaltsger\u00e4ten, Fernsehern, B\u00fccherkisten, M\u00f6beln und anderen schweren Gegenst\u00e4nden ohne Risiko von R\u00fcckenverletzungen. Liefer- und Kurierdienste - perfekt f\u00fcr Zusteller, die t\u00e4glich zahlreiche Pakete transportieren. Lagerhaltung und Logistik - erleichtert das Bewegen von Waren im Lager. Bauarbeiten - Transport von Zements\u00e4cken, Sand, Werkzeugen, Fliesen und anderem Baumaterial. Gartenbau - Bewegen von Erds\u00e4cken, D\u00fcnger, gro\u00dfen Blument\u00f6pfen, Werkzeugen und weiterer Gartenausr\u00fcstung. Veranstaltungen und Catering - Transport von Ausr\u00fcstung, Lebensmitteln, K\u00fcchenger\u00e4ten und weiterem Material, das f\u00fcr Veranstaltungen ben\u00f6tigt wird.\"\n    }\n  }\n}\n<\/script><\/p>\t\t\t\t\t\t\t\t<\/div>\n\t\t\t\t<\/div>\n\t\t\t\t<\/div>\n\t\t\t\t<\/div>\n\t\t\t\t\t<\/div>\n\t\t\t\t<\/div>\n\t\t\t\t<\/div>\n\t\t","protected":false},"excerpt":{"rendered":"<p><strong>Professionelle Transportwagen mit einer Tragf\u00e4higkeit von 200 kg<\/strong> zum Aktionspreis! Robuste Stahlkonstruktion, rutschfeste Griffe und luftgef\u00fcllte R\u00e4der f\u00fcr einfachen Transport der Last. Ideal f\u00fcr Umz\u00fcge, Lieferungen und den t\u00e4glichen Einsatz.<\/p>\n","protected":false},"featured_media":15847,"comment_status":"open","ping_status":"closed","template":"","meta":[],"etheme_brands":[{"term_id":42,"name":"Gutman","slug":"gutman","term_group":0,"term_taxonomy_id":42,"taxonomy":"brand","description":"","parent":0,"count":345,"filter":"raw","term_order":"0"}],"product_brand":[],"product_cat":[877,876],"product_tag":[409,430],"class_list":{"0":"post-36497","1":"product","2":"type-product","3":"status-publish","4":"has-post-thumbnail","6":"brand-gutman","7":"product_cat-transportfahrwerke-und-sackkarren-01","8":"product_cat-sackkarren-01","9":"product_tag-en-iso-12100","10":"product_tag-oprema-za-dostavna-vozila","11":"product_shipping_class-dostava","13":"first","14":"instock","15":"taxable","16":"shipping-taxable","17":"purchasable","18":"product-type-simple"},"_links":{"self":[{"href":"https:\/\/dizalica.hr\/de\/wp-json\/wp\/v2\/product\/36497","targetHints":{"allow":["GET"]}}],"collection":[{"href":"https:\/\/dizalica.hr\/de\/wp-json\/wp\/v2\/product"}],"about":[{"href":"https:\/\/dizalica.hr\/de\/wp-json\/wp\/v2\/types\/product"}],"replies":[{"embeddable":true,"href":"https:\/\/dizalica.hr\/de\/wp-json\/wp\/v2\/comments?post=36497"}],"version-history":[{"count":0,"href":"https:\/\/dizalica.hr\/de\/wp-json\/wp\/v2\/product\/36497\/revisions"}],"wp:featuredmedia":[{"embeddable":true,"href":"https:\/\/dizalica.hr\/de\/wp-json\/wp\/v2\/media\/15847"}],"wp:attachment":[{"href":"https:\/\/dizalica.hr\/de\/wp-json\/wp\/v2\/media?parent=36497"}],"wp:term":[{"taxonomy":"brand","embeddable":true,"href":"https:\/\/dizalica.hr\/de\/wp-json\/wp\/v2\/etheme_brands?post=36497"},{"taxonomy":"product_brand","embeddable":true,"href":"https:\/\/dizalica.hr\/de\/wp-json\/wp\/v2\/product_brand?post=36497"},{"taxonomy":"product_cat","embeddable":true,"href":"https:\/\/dizalica.hr\/de\/wp-json\/wp\/v2\/product_cat?post=36497"},{"taxonomy":"product_tag","embeddable":true,"href":"https:\/\/dizalica.hr\/de\/wp-json\/wp\/v2\/product_tag?post=36497"}],"curies":[{"name":"wp","href":"https:\/\/api.w.org\/{rel}","templated":true}]}}