{"id":36449,"date":"2026-05-03T13:20:57","date_gmt":"2026-05-03T11:20:57","guid":{"rendered":"https:\/\/dizalica.hr\/nekategorizirano\/vertikale-hebeklemme-fur-empfindliche-lasten-pewag-vnmw-sicheres-heben-ohne-oberflachenschaden\/"},"modified":"2026-05-05T23:55:54","modified_gmt":"2026-05-05T21:55:54","slug":"vertikale-hebeklemme-fur-empfindliche-lasten-pewag-vnmw-sicheres-heben-ohne-oberflachenschaden","status":"publish","type":"product","link":"https:\/\/dizalica.hr\/de\/lastaufnahmemittel\/vertikalklemmen\/vertikale-hebeklemme-fur-empfindliche-lasten-pewag-vnmw-sicheres-heben-ohne-oberflachenschaden\/","title":{"rendered":"Vertikale Hebeklemme f\u00fcr empfindliche Lasten Pewag VNMW \u2013 sicheres Heben ohne Oberfl\u00e4chensch\u00e4den"},"content":{"rendered":"\t\t<div data-elementor-type=\"product-post\" data-elementor-id=\"36449\" class=\"elementor elementor-36449 elementor-31155\" data-elementor-post-type=\"product\">\n\t\t\t\t<div class=\"elementor-element elementor-element-1b01f532 e-flex e-con-boxed e-con e-parent\" data-id=\"1b01f532\" data-element_type=\"container\" data-e-type=\"container\">\n\t\t\t\t\t<div class=\"e-con-inner\">\n\t\t<div class=\"elementor-element elementor-element-39f8e54 e-con-full e-flex e-con e-child\" data-id=\"39f8e54\" data-element_type=\"container\" data-e-type=\"container\">\n\t\t\t\t<div class=\"elementor-element elementor-element-eb9b109 elementor-widget elementor-widget-text-editor\" data-id=\"eb9b109\" data-element_type=\"widget\" data-e-type=\"widget\" data-widget_type=\"text-editor.default\">\n\t\t\t\t<div class=\"elementor-widget-container\">\n\t\t\t\t\t\t\t\t\t<h2>Hauptmerkmale und Anwendung der vertikalen Hebeklemmen f\u00fcr empfindliche Lasten<\/h2><p>Pewag VNMW ist eine vertikale Sicherheits-Hebeklemme, ausgestattet mit zwei synthetischen Polstern, die die Last fest halten, ohne in die Materialoberfl\u00e4che einzudringen.<\/p><p>Im Gegensatz zu herk\u00f6mmlichen Hebeklemmen mit gezahnten Backen besch\u00e4digt die VNMW die Materialstruktur nicht, was sie ideal macht f\u00fcr:<\/p><ul class=\"nabrajanje\"><li>Edelstahlplatten (Inox)<\/li><li>Aluminiumplatten und lackierte Bleche<\/li><li>Polierte Stahlplatten<\/li><li>Holz- und Kunststoffkomponenten<\/li><\/ul>\t\t\t\t\t\t\t\t<\/div>\n\t\t\t\t<\/div>\n\t\t\t\t<div class=\"elementor-element elementor-element-a311a06 elementor-widget elementor-widget-text-editor\" data-id=\"a311a06\" data-element_type=\"widget\" data-e-type=\"widget\" data-widget_type=\"text-editor.default\">\n\t\t\t\t<div class=\"elementor-widget-container\">\n\t\t\t\t\t\t\t\t\t<div class=\"nabrajanje\"><h2>Technische Vorteile:<\/h2><p>\u2713 <strong>Keine Mindestlast erforderlich:<\/strong> Die Hebeklemme hat keine Begrenzung der minimalen Tragf\u00e4higkeit (WLL), was bedeutet, dass sie auch die leichtesten Lasten sicher hebt.<br \/>\u2713 <strong>Einfache Handhabung:<\/strong> Leichtes Design und ein intuitiver Verriegelungsmechanismus erm\u00f6glichen eine schnelle Einsatzbereitschaft.<br \/>\u2713 <strong>H\u00f6chste Sicherheit:<\/strong> Jedes Ger\u00e4t wird mit dem doppelten der maximalen Last getestet und verf\u00fcgt \u00fcber ein individuelles Pr\u00fcfzeugnis.<br \/>\u2713 <strong>Langlebigkeit:<\/strong> Die Polster sind verschlei\u00dffest und das Geh\u00e4use besteht aus hochwertigem Stahl.<\/p><\/div>\t\t\t\t\t\t\t\t<\/div>\n\t\t\t\t<\/div>\n\t\t\t\t<\/div>\n\t\t<div class=\"elementor-element elementor-element-4603d18 e-con-full e-flex e-con e-child\" data-id=\"4603d18\" data-element_type=\"container\" data-e-type=\"container\">\n\t\t\t\t<div class=\"elementor-element elementor-element-d11f901 elementor-widget elementor-widget-text-editor\" data-id=\"d11f901\" data-element_type=\"widget\" data-e-type=\"widget\" data-widget_type=\"text-editor.default\">\n\t\t\t\t<div class=\"elementor-widget-container\">\n\t\t\t\t\t\t\t\t\t<div class=\"nabrajanje\"><h2 class=\"nabrajanje\">Technische Spezifikationen<\/h2><\/div>\t\t\t\t\t\t\t\t<\/div>\n\t\t\t\t<\/div>\n\t\t\t\t<div class=\"elementor-element elementor-element-7cfde29 elementor-widget elementor-widget-text-editor\" data-id=\"7cfde29\" data-element_type=\"widget\" data-e-type=\"widget\" data-widget_type=\"text-editor.default\">\n\t\t\t\t<div class=\"elementor-widget-container\">\n\t\t\t\t\t\t\t\t\t<div class=\"table-wrap\">\n<table class=\"styled-table\" role=\"table\" aria-label=\"Eigenschaften der vertikalen Hebeklemmen f\u00fcr Stahlplatten\">\n<thead>\n<tr>\n<th scope=\"col\">Spezifikationen<\/th>\n<th scope=\"col\">Vertikale Hebeklemmen f\u00fcr Stahlplatten<\/th>\n<\/tr>\n<\/thead>\n<tbody>\n<tr>\n<td>Einsatzgebiet<\/td>\n<td>Vertikales Heben von Stahlplatten<\/td>\n<\/tr>\n<tr>\n<td>Hebemechanismus<\/td>\n<td>Gelenkaufh\u00e4ngung mit Sicherheitsverriegelung<\/td>\n<\/tr>\n<tr>\n<td>Lastmaterial (Anforderung)<\/td>\n<td>H\u00e4rte mind. HRC37<\/td>\n<\/tr>\n<tr>\n<td>Minimales Lastgewicht<\/td>\n<td>mind. 10 % der Tragf\u00e4higkeit der Hebeklemme<\/td>\n<\/tr>\n<tr>\n<td>Norm und Sicherheit<\/td>\n<td>Norm EN 13155<\/td>\n<\/tr>\n<tr>\n<td>Service und Support<\/td>\n<td>Verf\u00fcgbare Ersatzteile<\/td>\n<\/tr>\n<tr>\n<td>Material der Hebeklemme<\/td>\n<td>Hochwertiger legierter Stahl<\/td>\n<\/tr>\n<tr>\n<td>Oberfl\u00e4chenh\u00e4rte des Materials<\/td>\n<td>Bis HRC 30<\/td>\n<\/tr>\n<tr>\n<td>Zertifikat<\/td>\n<td>EN 13155, CE-Kennzeichnung<\/td>\n<\/tr>\n<\/tbody>\n<\/table>\n<\/div>\t\t\t\t\t\t\t\t<\/div>\n\t\t\t\t<\/div>\n\t\t\t\t<\/div>\n\t\t\t\t\t<\/div>\n\t\t\t\t<\/div>\n\t\t\t\t<\/div>\n\t\t","protected":false},"excerpt":{"rendered":"<p>Speziell entwickelt f\u00fcr Materialien mit empfindlicher Oberfl\u00e4che erm\u00f6glicht die pewag VNMW Hebeklemme das vertikale Heben und Drehen von Stahl, Aluminium, Edelstahl und Holz, ohne Spuren oder Kratzer zu hinterlassen. Sie ist ideal f\u00fcr Eins\u00e4tze, bei denen die optische Qualit\u00e4t des Materials entscheidend ist.<\/p>\n","protected":false},"featured_media":31178,"comment_status":"open","ping_status":"closed","template":"","meta":[],"etheme_brands":[{"term_id":40,"name":"Pewag","slug":"pewag","term_group":0,"term_taxonomy_id":40,"taxonomy":"brand","description":"","parent":0,"count":16,"filter":"raw","term_order":"0"}],"product_brand":[],"product_cat":[908,917],"product_tag":[390],"class_list":{"0":"post-36449","1":"product","2":"type-product","3":"status-publish","4":"has-post-thumbnail","6":"brand-pewag","7":"product_cat-lastaufnahmemittel-01","8":"product_cat-vertikalklemmen-01","9":"product_tag-en-13155","10":"product_shipping_class-dostava","12":"first","13":"outofstock","14":"taxable","15":"shipping-taxable","16":"purchasable","17":"product-type-variable"},"_links":{"self":[{"href":"https:\/\/dizalica.hr\/de\/wp-json\/wp\/v2\/product\/36449","targetHints":{"allow":["GET"]}}],"collection":[{"href":"https:\/\/dizalica.hr\/de\/wp-json\/wp\/v2\/product"}],"about":[{"href":"https:\/\/dizalica.hr\/de\/wp-json\/wp\/v2\/types\/product"}],"replies":[{"embeddable":true,"href":"https:\/\/dizalica.hr\/de\/wp-json\/wp\/v2\/comments?post=36449"}],"version-history":[{"count":0,"href":"https:\/\/dizalica.hr\/de\/wp-json\/wp\/v2\/product\/36449\/revisions"}],"wp:featuredmedia":[{"embeddable":true,"href":"https:\/\/dizalica.hr\/de\/wp-json\/wp\/v2\/media\/31178"}],"wp:attachment":[{"href":"https:\/\/dizalica.hr\/de\/wp-json\/wp\/v2\/media?parent=36449"}],"wp:term":[{"taxonomy":"brand","embeddable":true,"href":"https:\/\/dizalica.hr\/de\/wp-json\/wp\/v2\/etheme_brands?post=36449"},{"taxonomy":"product_brand","embeddable":true,"href":"https:\/\/dizalica.hr\/de\/wp-json\/wp\/v2\/product_brand?post=36449"},{"taxonomy":"product_cat","embeddable":true,"href":"https:\/\/dizalica.hr\/de\/wp-json\/wp\/v2\/product_cat?post=36449"},{"taxonomy":"product_tag","embeddable":true,"href":"https:\/\/dizalica.hr\/de\/wp-json\/wp\/v2\/product_tag?post=36449"}],"curies":[{"name":"wp","href":"https:\/\/api.w.org\/{rel}","templated":true}]}}